{"id":2762,"date":"2019-03-14T20:07:36","date_gmt":"2019-03-14T19:07:36","guid":{"rendered":"https:\/\/www.exploring-umbria.com\/artigianato-di-gubbio\/"},"modified":"2020-03-13T12:56:56","modified_gmt":"2020-03-13T11:56:56","slug":"artesania-en-gubbio","status":"publish","type":"page","link":"https:\/\/www.exploring-umbria.com\/es\/descubre-gubbio\/artesania-en-gubbio\/","title":{"rendered":"Artesan\u00eda en Gubbio"},"content":{"rendered":"<p><strong>Descubre la gran artesan\u00eda en Gubbio.<\/strong><\/p>\n<p><!--more--><\/p>\n<p>Dentro de las antiguas murallas de esta ciudad medieval se conservan las artes del pasado, gracias a la frescura y artesan\u00eda de los artesanos desde tiempos remotos. Numerosas actividades contribuyen a formar ese gran patrimonio art\u00edstico y artesanal que representa una verdadera riqueza para Gubbio, desde la creaci\u00f3n de <strong>finos bordados<\/strong> hasta la elaboraci\u00f3n del <strong>cuero<\/strong>; pero las actividades artesanales que ocupan un lugar entre la excelencia de la tradici\u00f3n no s\u00f3lo de Gubbio, sino tambi\u00e9n umbra e italiana, son la <strong><a href=\"https:\/\/www.exploring-umbria.com\/es\/subcategories\/ceramica\/#heading31939\" target=\"_blank\" rel=\"noopener noreferrer\">elaboraci\u00f3n de la cer\u00e1mica<\/a>, la madera y <\/strong>el hierro forjado. Transmitido de generaci\u00f3n en generaci\u00f3n, convirti\u00e9ndose en los tiempos modernos en el orgullo de la ciudad, estas artes se desarrollaron especialmente desde el siglo XV hasta el XVI bajo el floreciente se\u00f1or\u00edo de los condes de Urbino. Las bellas cer\u00e1micas de Gubbio est\u00e1n vinculadas principalmente a la obra del famoso lustrabotas <a href=\"https:\/\/es.wikipedia.org\/wiki\/Giorgio_Andreoli\" target=\"_blank\" rel=\"noopener noreferrer\"><em>Mastro Giorgio Andreoli<\/em><\/a>, cuyas obras maestras se conservan en el interior del Museo de Cer\u00e1mica de Porta Romana. En \u00e9pocas m\u00e1s recientes, a partir de 1920, la actividad experiment\u00f3 una nuevafase de expansi\u00f3n con la apertura de numerosas tiendas en la ciudad. La tradici\u00f3n de la carpinter\u00eda de madera es preservada por la hist\u00f3rica Universidad de Carpinteros, todav\u00eda en funcionamiento, l\u00edder de los muchos talleres de artesanos de <strong>muebles de estilo<\/strong>, especialmente del Renacimiento, y las escuelas de j\u00f3venes dedicados a la producci\u00f3n de <strong>la\u00fades<\/strong> y la restauraci\u00f3n de muebles de madera.<\/p>\n<p>Te sugerimos que te detengas en una de las muchas <strong>herrer\u00edas<\/strong> diseminadas por todo el centro hist\u00f3rico, en las que a\u00fan se puede admirar la asombrosa habilidad de estos artesanos comprometidos en una moderna reinterpretaci\u00f3n con toques de Art Nouveau y Art Deco de las tradicionales formas g\u00f3tico-renacentistas. Pasado y presente en Gubbio han encontrado una manera de mezclarse armoniosamente.<\/p>\n","protected":false},"excerpt":{"rendered":"<p>Descubre la gran artesan\u00eda en Gubbio.<\/p>\n","protected":false},"author":4,"featured_media":6174,"parent":2805,"menu_order":0,"comment_status":"closed","ping_status":"closed","template":"","meta":{"om_disable_all_campaigns":false,"_monsterinsights_skip_tracking":false,"_monsterinsights_sitenote_active":false,"_monsterinsights_sitenote_note":"","_monsterinsights_sitenote_category":0},"acf":[],"yoast_head":"<!-- This site is optimized with the Yoast SEO plugin v18.4.1 - https:\/\/yoast.com\/wordpress\/plugins\/seo\/ -->\n<title>Artesan\u00eda en Gubbio - Exploring Umbria<\/title>\n<meta name=\"description\" content=\"Descubre la gran artesan\u00eda en Gubbio. Dentro de las antiguas murallas de esta ciudad medieval se conservan las artes del pasado, gracias a la frescura y\" \/>\n<meta name=\"robots\" content=\"index, follow, max-snippet:-1, max-image-preview:large, max-video-preview:-1\" \/>\n<link rel=\"canonical\" href=\"https:\/\/www.exploring-umbria.com\/es\/descubre-gubbio\/artesania-en-gubbio\/\" \/>\n<meta property=\"og:locale\" content=\"es_ES\" \/>\n<meta property=\"og:type\" content=\"article\" \/>\n<meta property=\"og:title\" content=\"Artesan\u00eda en Gubbio - Exploring Umbria\" \/>\n<meta property=\"og:description\" content=\"Descubre la gran artesan\u00eda en Gubbio. Dentro de las antiguas murallas de esta ciudad medieval se conservan las artes del pasado, gracias a la frescura y\" \/>\n<meta property=\"og:url\" content=\"https:\/\/www.exploring-umbria.com\/es\/descubre-gubbio\/artesania-en-gubbio\/\" \/>\n<meta property=\"og:site_name\" content=\"Exploring Umbria\" \/>\n<meta property=\"article:publisher\" content=\"https:\/\/www.facebook.com\/exploringumbria\/\" \/>\n<meta property=\"article:modified_time\" content=\"2020-03-13T11:56:56+00:00\" \/>\n<meta property=\"og:image\" content=\"https:\/\/www.exploring-umbria.com\/wp-content\/uploads\/2019\/05\/DERUTA-COCCI-DI-CERAMICA.jpeg\" \/>\n\t<meta property=\"og:image:width\" content=\"1800\" \/>\n\t<meta property=\"og:image:height\" content=\"1200\" \/>\n\t<meta property=\"og:image:type\" content=\"image\/jpeg\" \/>\n<meta name=\"twitter:card\" content=\"summary_large_image\" \/>\n<meta name=\"twitter:label1\" content=\"Tiempo de lectura\" \/>\n\t<meta name=\"twitter:data1\" content=\"2 minutos\" \/>\n<script type=\"application\/ld+json\" class=\"yoast-schema-graph\">{\"@context\":\"https:\/\/schema.org\",\"@graph\":[{\"@type\":\"Organization\",\"@id\":\"https:\/\/www.exploring-umbria.com\/es\/#organization\",\"name\":\"Exploring Umbria\",\"url\":\"https:\/\/www.exploring-umbria.com\/es\/\",\"sameAs\":[\"https:\/\/www.facebook.com\/exploringumbria\/\",\"https:\/\/www.instagram.com\/exploringumbria\/\"],\"logo\":{\"@type\":\"ImageObject\",\"@id\":\"https:\/\/www.exploring-umbria.com\/es\/#logo\",\"inLanguage\":\"es\",\"url\":\"https:\/\/www.exploring-umbria.com\/wp-content\/uploads\/2019\/08\/solo-logo-verde.jpg\",\"contentUrl\":\"https:\/\/www.exploring-umbria.com\/wp-content\/uploads\/2019\/08\/solo-logo-verde.jpg\",\"width\":952,\"height\":532,\"caption\":\"Exploring Umbria\"},\"image\":{\"@id\":\"https:\/\/www.exploring-umbria.com\/es\/#logo\"}},{\"@type\":\"WebSite\",\"@id\":\"https:\/\/www.exploring-umbria.com\/es\/#website\",\"url\":\"https:\/\/www.exploring-umbria.com\/es\/\",\"name\":\"Exploring Umbria\",\"description\":\"your dates, your mood, your trip\",\"publisher\":{\"@id\":\"https:\/\/www.exploring-umbria.com\/es\/#organization\"},\"potentialAction\":[{\"@type\":\"SearchAction\",\"target\":{\"@type\":\"EntryPoint\",\"urlTemplate\":\"https:\/\/www.exploring-umbria.com\/es\/?s={search_term_string}\"},\"query-input\":\"required name=search_term_string\"}],\"inLanguage\":\"es\"},{\"@type\":\"ImageObject\",\"@id\":\"https:\/\/www.exploring-umbria.com\/es\/descubre-gubbio\/artesania-en-gubbio\/#primaryimage\",\"inLanguage\":\"es\",\"url\":\"https:\/\/www.exploring-umbria.com\/wp-content\/uploads\/2019\/05\/DERUTA-COCCI-DI-CERAMICA.jpeg\",\"contentUrl\":\"https:\/\/www.exploring-umbria.com\/wp-content\/uploads\/2019\/05\/DERUTA-COCCI-DI-CERAMICA.jpeg\",\"width\":1800,\"height\":1200,\"caption\":\"Tour in bici del vino\"},{\"@type\":\"WebPage\",\"@id\":\"https:\/\/www.exploring-umbria.com\/es\/descubre-gubbio\/artesania-en-gubbio\/#webpage\",\"url\":\"https:\/\/www.exploring-umbria.com\/es\/descubre-gubbio\/artesania-en-gubbio\/\",\"name\":\"Artesan\u00eda en Gubbio - Exploring Umbria\",\"isPartOf\":{\"@id\":\"https:\/\/www.exploring-umbria.com\/es\/#website\"},\"primaryImageOfPage\":{\"@id\":\"https:\/\/www.exploring-umbria.com\/es\/descubre-gubbio\/artesania-en-gubbio\/#primaryimage\"},\"datePublished\":\"2019-03-14T19:07:36+00:00\",\"dateModified\":\"2020-03-13T11:56:56+00:00\",\"description\":\"Descubre la gran artesan\u00eda en Gubbio. Dentro de las antiguas murallas de esta ciudad medieval se conservan las artes del pasado, gracias a la frescura y\",\"breadcrumb\":{\"@id\":\"https:\/\/www.exploring-umbria.com\/es\/descubre-gubbio\/artesania-en-gubbio\/#breadcrumb\"},\"inLanguage\":\"es\",\"potentialAction\":[{\"@type\":\"ReadAction\",\"target\":[\"https:\/\/www.exploring-umbria.com\/es\/descubre-gubbio\/artesania-en-gubbio\/\"]}]},{\"@type\":\"BreadcrumbList\",\"@id\":\"https:\/\/www.exploring-umbria.com\/es\/descubre-gubbio\/artesania-en-gubbio\/#breadcrumb\",\"itemListElement\":[{\"@type\":\"ListItem\",\"position\":1,\"name\":\"Home\",\"item\":\"https:\/\/www.exploring-umbria.com\/es\/\"},{\"@type\":\"ListItem\",\"position\":2,\"name\":\"Descubre Gubbio: tradici\u00f3n, historia y cultura\",\"item\":\"https:\/\/www.exploring-umbria.com\/es\/descubre-gubbio\/\"},{\"@type\":\"ListItem\",\"position\":3,\"name\":\"Artesan\u00eda en Gubbio\"}]}]}<\/script>\n<!-- \/ Yoast SEO plugin. -->","yoast_head_json":{"title":"Artesan\u00eda en Gubbio - Exploring Umbria","description":"Descubre la gran artesan\u00eda en Gubbio. Dentro de las antiguas murallas de esta ciudad medieval se conservan las artes del pasado, gracias a la frescura y","robots":{"index":"index","follow":"follow","max-snippet":"max-snippet:-1","max-image-preview":"max-image-preview:large","max-video-preview":"max-video-preview:-1"},"canonical":"https:\/\/www.exploring-umbria.com\/es\/descubre-gubbio\/artesania-en-gubbio\/","og_locale":"es_ES","og_type":"article","og_title":"Artesan\u00eda en Gubbio - Exploring Umbria","og_description":"Descubre la gran artesan\u00eda en Gubbio. Dentro de las antiguas murallas de esta ciudad medieval se conservan las artes del pasado, gracias a la frescura y","og_url":"https:\/\/www.exploring-umbria.com\/es\/descubre-gubbio\/artesania-en-gubbio\/","og_site_name":"Exploring Umbria","article_publisher":"https:\/\/www.facebook.com\/exploringumbria\/","article_modified_time":"2020-03-13T11:56:56+00:00","og_image":[{"width":1800,"height":1200,"url":"https:\/\/www.exploring-umbria.com\/wp-content\/uploads\/2019\/05\/DERUTA-COCCI-DI-CERAMICA.jpeg","type":"image\/jpeg"}],"twitter_card":"summary_large_image","twitter_misc":{"Tiempo de lectura":"2 minutos"},"schema":{"@context":"https:\/\/schema.org","@graph":[{"@type":"Organization","@id":"https:\/\/www.exploring-umbria.com\/es\/#organization","name":"Exploring Umbria","url":"https:\/\/www.exploring-umbria.com\/es\/","sameAs":["https:\/\/www.facebook.com\/exploringumbria\/","https:\/\/www.instagram.com\/exploringumbria\/"],"logo":{"@type":"ImageObject","@id":"https:\/\/www.exploring-umbria.com\/es\/#logo","inLanguage":"es","url":"https:\/\/www.exploring-umbria.com\/wp-content\/uploads\/2019\/08\/solo-logo-verde.jpg","contentUrl":"https:\/\/www.exploring-umbria.com\/wp-content\/uploads\/2019\/08\/solo-logo-verde.jpg","width":952,"height":532,"caption":"Exploring Umbria"},"image":{"@id":"https:\/\/www.exploring-umbria.com\/es\/#logo"}},{"@type":"WebSite","@id":"https:\/\/www.exploring-umbria.com\/es\/#website","url":"https:\/\/www.exploring-umbria.com\/es\/","name":"Exploring Umbria","description":"your dates, your mood, your trip","publisher":{"@id":"https:\/\/www.exploring-umbria.com\/es\/#organization"},"potentialAction":[{"@type":"SearchAction","target":{"@type":"EntryPoint","urlTemplate":"https:\/\/www.exploring-umbria.com\/es\/?s={search_term_string}"},"query-input":"required name=search_term_string"}],"inLanguage":"es"},{"@type":"ImageObject","@id":"https:\/\/www.exploring-umbria.com\/es\/descubre-gubbio\/artesania-en-gubbio\/#primaryimage","inLanguage":"es","url":"https:\/\/www.exploring-umbria.com\/wp-content\/uploads\/2019\/05\/DERUTA-COCCI-DI-CERAMICA.jpeg","contentUrl":"https:\/\/www.exploring-umbria.com\/wp-content\/uploads\/2019\/05\/DERUTA-COCCI-DI-CERAMICA.jpeg","width":1800,"height":1200,"caption":"Tour in bici del vino"},{"@type":"WebPage","@id":"https:\/\/www.exploring-umbria.com\/es\/descubre-gubbio\/artesania-en-gubbio\/#webpage","url":"https:\/\/www.exploring-umbria.com\/es\/descubre-gubbio\/artesania-en-gubbio\/","name":"Artesan\u00eda en Gubbio - Exploring Umbria","isPartOf":{"@id":"https:\/\/www.exploring-umbria.com\/es\/#website"},"primaryImageOfPage":{"@id":"https:\/\/www.exploring-umbria.com\/es\/descubre-gubbio\/artesania-en-gubbio\/#primaryimage"},"datePublished":"2019-03-14T19:07:36+00:00","dateModified":"2020-03-13T11:56:56+00:00","description":"Descubre la gran artesan\u00eda en Gubbio. Dentro de las antiguas murallas de esta ciudad medieval se conservan las artes del pasado, gracias a la frescura y","breadcrumb":{"@id":"https:\/\/www.exploring-umbria.com\/es\/descubre-gubbio\/artesania-en-gubbio\/#breadcrumb"},"inLanguage":"es","potentialAction":[{"@type":"ReadAction","target":["https:\/\/www.exploring-umbria.com\/es\/descubre-gubbio\/artesania-en-gubbio\/"]}]},{"@type":"BreadcrumbList","@id":"https:\/\/www.exploring-umbria.com\/es\/descubre-gubbio\/artesania-en-gubbio\/#breadcrumb","itemListElement":[{"@type":"ListItem","position":1,"name":"Home","item":"https:\/\/www.exploring-umbria.com\/es\/"},{"@type":"ListItem","position":2,"name":"Descubre Gubbio: tradici\u00f3n, historia y cultura","item":"https:\/\/www.exploring-umbria.com\/es\/descubre-gubbio\/"},{"@type":"ListItem","position":3,"name":"Artesan\u00eda en Gubbio"}]}]}},"_links":{"self":[{"href":"https:\/\/www.exploring-umbria.com\/es\/wp-json\/wp\/v2\/pages\/2762"}],"collection":[{"href":"https:\/\/www.exploring-umbria.com\/es\/wp-json\/wp\/v2\/pages"}],"about":[{"href":"https:\/\/www.exploring-umbria.com\/es\/wp-json\/wp\/v2\/types\/page"}],"author":[{"embeddable":true,"href":"https:\/\/www.exploring-umbria.com\/es\/wp-json\/wp\/v2\/users\/4"}],"replies":[{"embeddable":true,"href":"https:\/\/www.exploring-umbria.com\/es\/wp-json\/wp\/v2\/comments?post=2762"}],"version-history":[{"count":3,"href":"https:\/\/www.exploring-umbria.com\/es\/wp-json\/wp\/v2\/pages\/2762\/revisions"}],"predecessor-version":[{"id":32483,"href":"https:\/\/www.exploring-umbria.com\/es\/wp-json\/wp\/v2\/pages\/2762\/revisions\/32483"}],"up":[{"embeddable":true,"href":"https:\/\/www.exploring-umbria.com\/es\/wp-json\/wp\/v2\/pages\/2805"}],"wp:featuredmedia":[{"embeddable":true,"href":"https:\/\/www.exploring-umbria.com\/es\/wp-json\/wp\/v2\/media\/6174"}],"wp:attachment":[{"href":"https:\/\/www.exploring-umbria.com\/es\/wp-json\/wp\/v2\/media?parent=2762"}],"curies":[{"name":"wp","href":"https:\/\/api.w.org\/{rel}","templated":true}]}}