{"id":2753,"date":"2019-03-20T13:08:15","date_gmt":"2019-03-20T12:08:15","guid":{"rendered":"https:\/\/www.exploring-umbria.com\/terni\/"},"modified":"2020-03-19T16:00:14","modified_gmt":"2020-03-19T15:00:14","slug":"descubre-terni","status":"publish","type":"page","link":"https:\/\/www.exploring-umbria.com\/es\/descubre-terni\/","title":{"rendered":"Descubre Terni"},"content":{"rendered":"<p><strong>Descubre Terni, ciudad de mitos y leyendas.<\/strong><\/p>\n<p><!--more--><\/p>\n<p>Donde hoy se encuentra la agradable Conca Terniana, vivi\u00f3 en los densos bosques un monstruo terrible. Este era un drag\u00f3n alado -llamado <strong>Thyrus<\/strong>&#8211; dotado de patas delanteras y con una larga cola que desprend\u00eda de sus mand\u00edbulas unaliento mortal. Nadie pod\u00eda acercarse en un radio de kil\u00f3metros a su guarida y a veces, por hambre, el monstruo se dirig\u00eda a las puertas de la ciudad, sembrando el terror entre los habitantes. Nadie tuvo el valor de enfrentarlo \u00a0y losque lo intentaron fueron desgarrados por las garras de la bestia. Pero un d\u00eda, un joven ternani con unabrillantearmadura, cansado de vivir con miedo, decidi\u00f3 probar su suerte. Se adentr\u00f3 en el bosque hacia la guarida del monstruo y cuanto m\u00e1s se acercaba, m\u00e1s oscurose volv\u00eda el cielo, amenazandocon una tormenta. El joven despreocupado lleg\u00f3 a la guarida y mir\u00f3 al Thyrus con la cara descubierta, notando sin embargo que su lanza podr\u00eda ser como mucho un cosquilleo para esa podrida piel de cuero. Justo cuandoel joven parec\u00eda sucumbir, las negras nubes dejaron un repentino destello en el cielo y un rayo de sol reflejado por la brillante armadura ceg\u00f3 al ser impuro por un momento . El joven aprovech\u00f3 para plantary clavar la lanza directamente en el coraz\u00f3n delanimal, que se derrumb\u00f3 hacia el suelo con un escalofriante rugido. El legendario Thyrus, con su aliento pestilente, representa los pantanos podridos de la zona del r\u00edo Velino, portadores de enfermedades y muertes, que infestaron el territorio de Terni antes de las reivindicaciones hechas por los romanos en el siglo III a.C. Su asesinato simboliza el nacimiento y desarrollo de la ciudad y por eso la bestia se ha convertidoen el s\u00edmbolo de Terni, representado en los escudos de armas y estandartes, tallado en los dinteles y pintado en estandartes.<\/p>\n<p>El otro representante de la tradici\u00f3n de Terni tiene una actitud opuesta, que contrasta con la maldad del Thyrus de manera radical: es el santo patr\u00f3n de la ciudad y uno de los m\u00e1s conocidos en el mundo, lo que hace que elamor sea su emblema, <strong><a href=\"https:\/\/es.wikipedia.org\/wiki\/Valent%C3%ADn_de_Roma\" target=\"_blank\" rel=\"noopener noreferrer\">San Valent\u00edn<\/a><\/strong>. El obispo vivi\u00f3 en la \u00e9poca del Imperio Romano que dio su vida por amor a dos j\u00f3venes, demostrando que los sentimientos nobles nos unen y nos hacen universalmente humanos y m\u00e1s cercanos a Dios, incluso m\u00e1s all\u00e1 de las estrictas diferencias impuestaspor los dictados religiosos.<\/p>\n<p>El contraste entre la leyenda de Thyrus y la de San Valent\u00edn nos presenta a Terni como la ciudad de los dualismos, que se puede ver bien en el trazado urbano, tan particular y \u00fanico en el paisaje regional. Terni es una ciudad antigua y moderna al mismo tiempo. La historicidad de su centro se alterna con el dinamismo y la contemporaneidad de sus suburbios, la fascinante artificialidad de sus industrias y la inesperada belleza de sus paisajes naturales.<\/p>\n<p>Uno puede hacerse una idea de los procesos industriales y el impacto que tienen en la ciudad, de hecho esto sigue siendo un problema incluso hoy en d\u00eda. Pero <a href=\"https:\/\/www.exploring-umbria.com\/es\/actividades\/guided-tour-of-terni\/\" target=\"_blank\" rel=\"noopener noreferrer\">al visitar Terni<\/a> te das cuenta de c\u00f3mo se ha superado este problema y c\u00f3mo la ciudad ha podido aprovecharlo, dando valor y profundidad cultural a lo que en ojtros contextos todav\u00eda nos cuesta considerar como parte de nuestra historia.<\/p>\n","protected":false},"excerpt":{"rendered":"<p>Descubre Terni, ciudad de mitos y leyendas.<\/p>\n","protected":false},"author":4,"featured_media":1109,"parent":0,"menu_order":0,"comment_status":"closed","ping_status":"closed","template":"","meta":{"om_disable_all_campaigns":false,"_monsterinsights_skip_tracking":false,"_monsterinsights_sitenote_active":false,"_monsterinsights_sitenote_note":"","_monsterinsights_sitenote_category":0},"acf":[],"yoast_head":"<!-- This site is optimized with the Yoast SEO plugin v18.4.1 - https:\/\/yoast.com\/wordpress\/plugins\/seo\/ -->\n<title>Descubre Terni - Exploring Umbria<\/title>\n<meta name=\"description\" content=\"Descubre Terni, ciudad de mitos y leyendas. Donde hoy se encuentra la agradable Conca Terniana, vivi\u00f3 en los densos bosques un monstruo terrible. Este era\" \/>\n<meta name=\"robots\" content=\"index, follow, max-snippet:-1, max-image-preview:large, max-video-preview:-1\" \/>\n<link rel=\"canonical\" href=\"https:\/\/www.exploring-umbria.com\/es\/descubre-terni\/\" \/>\n<meta property=\"og:locale\" content=\"es_ES\" \/>\n<meta property=\"og:type\" content=\"article\" \/>\n<meta property=\"og:title\" content=\"Descubre Terni - Exploring Umbria\" \/>\n<meta property=\"og:description\" content=\"Descubre Terni, ciudad de mitos y leyendas. Donde hoy se encuentra la agradable Conca Terniana, vivi\u00f3 en los densos bosques un monstruo terrible. Este era\" \/>\n<meta property=\"og:url\" content=\"https:\/\/www.exploring-umbria.com\/es\/descubre-terni\/\" \/>\n<meta property=\"og:site_name\" content=\"Exploring Umbria\" \/>\n<meta property=\"article:publisher\" content=\"https:\/\/www.facebook.com\/exploringumbria\/\" \/>\n<meta property=\"article:modified_time\" content=\"2020-03-19T15:00:14+00:00\" \/>\n<meta property=\"og:image\" content=\"https:\/\/www.exploring-umbria.com\/wp-content\/uploads\/2019\/02\/vista-TERNI-1.jpg\" \/>\n\t<meta property=\"og:image:width\" content=\"768\" \/>\n\t<meta property=\"og:image:height\" content=\"960\" \/>\n\t<meta property=\"og:image:type\" content=\"image\/jpeg\" \/>\n<meta name=\"twitter:card\" content=\"summary_large_image\" \/>\n<meta name=\"twitter:label1\" content=\"Tiempo de lectura\" \/>\n\t<meta name=\"twitter:data1\" content=\"3 minutos\" \/>\n<script type=\"application\/ld+json\" class=\"yoast-schema-graph\">{\"@context\":\"https:\/\/schema.org\",\"@graph\":[{\"@type\":\"Organization\",\"@id\":\"https:\/\/www.exploring-umbria.com\/es\/#organization\",\"name\":\"Exploring Umbria\",\"url\":\"https:\/\/www.exploring-umbria.com\/es\/\",\"sameAs\":[\"https:\/\/www.facebook.com\/exploringumbria\/\",\"https:\/\/www.instagram.com\/exploringumbria\/\"],\"logo\":{\"@type\":\"ImageObject\",\"@id\":\"https:\/\/www.exploring-umbria.com\/es\/#logo\",\"inLanguage\":\"es\",\"url\":\"https:\/\/www.exploring-umbria.com\/wp-content\/uploads\/2019\/08\/solo-logo-verde.jpg\",\"contentUrl\":\"https:\/\/www.exploring-umbria.com\/wp-content\/uploads\/2019\/08\/solo-logo-verde.jpg\",\"width\":952,\"height\":532,\"caption\":\"Exploring Umbria\"},\"image\":{\"@id\":\"https:\/\/www.exploring-umbria.com\/es\/#logo\"}},{\"@type\":\"WebSite\",\"@id\":\"https:\/\/www.exploring-umbria.com\/es\/#website\",\"url\":\"https:\/\/www.exploring-umbria.com\/es\/\",\"name\":\"Exploring Umbria\",\"description\":\"your dates, your mood, your trip\",\"publisher\":{\"@id\":\"https:\/\/www.exploring-umbria.com\/es\/#organization\"},\"potentialAction\":[{\"@type\":\"SearchAction\",\"target\":{\"@type\":\"EntryPoint\",\"urlTemplate\":\"https:\/\/www.exploring-umbria.com\/es\/?s={search_term_string}\"},\"query-input\":\"required name=search_term_string\"}],\"inLanguage\":\"es\"},{\"@type\":\"ImageObject\",\"@id\":\"https:\/\/www.exploring-umbria.com\/es\/descubre-terni\/#primaryimage\",\"inLanguage\":\"es\",\"url\":\"https:\/\/www.exploring-umbria.com\/wp-content\/uploads\/2019\/02\/vista-TERNI-1.jpg\",\"contentUrl\":\"https:\/\/www.exploring-umbria.com\/wp-content\/uploads\/2019\/02\/vista-TERNI-1.jpg\",\"width\":768,\"height\":960,\"caption\":\"scopri terni\"},{\"@type\":\"WebPage\",\"@id\":\"https:\/\/www.exploring-umbria.com\/es\/descubre-terni\/#webpage\",\"url\":\"https:\/\/www.exploring-umbria.com\/es\/descubre-terni\/\",\"name\":\"Descubre Terni - Exploring Umbria\",\"isPartOf\":{\"@id\":\"https:\/\/www.exploring-umbria.com\/es\/#website\"},\"primaryImageOfPage\":{\"@id\":\"https:\/\/www.exploring-umbria.com\/es\/descubre-terni\/#primaryimage\"},\"datePublished\":\"2019-03-20T12:08:15+00:00\",\"dateModified\":\"2020-03-19T15:00:14+00:00\",\"description\":\"Descubre Terni, ciudad de mitos y leyendas. Donde hoy se encuentra la agradable Conca Terniana, vivi\u00f3 en los densos bosques un monstruo terrible. Este era\",\"breadcrumb\":{\"@id\":\"https:\/\/www.exploring-umbria.com\/es\/descubre-terni\/#breadcrumb\"},\"inLanguage\":\"es\",\"potentialAction\":[{\"@type\":\"ReadAction\",\"target\":[\"https:\/\/www.exploring-umbria.com\/es\/descubre-terni\/\"]}]},{\"@type\":\"BreadcrumbList\",\"@id\":\"https:\/\/www.exploring-umbria.com\/es\/descubre-terni\/#breadcrumb\",\"itemListElement\":[{\"@type\":\"ListItem\",\"position\":1,\"name\":\"Home\",\"item\":\"https:\/\/www.exploring-umbria.com\/es\/\"},{\"@type\":\"ListItem\",\"position\":2,\"name\":\"Descubre Terni\"}]}]}<\/script>\n<!-- \/ Yoast SEO plugin. -->","yoast_head_json":{"title":"Descubre Terni - Exploring Umbria","description":"Descubre Terni, ciudad de mitos y leyendas. Donde hoy se encuentra la agradable Conca Terniana, vivi\u00f3 en los densos bosques un monstruo terrible. Este era","robots":{"index":"index","follow":"follow","max-snippet":"max-snippet:-1","max-image-preview":"max-image-preview:large","max-video-preview":"max-video-preview:-1"},"canonical":"https:\/\/www.exploring-umbria.com\/es\/descubre-terni\/","og_locale":"es_ES","og_type":"article","og_title":"Descubre Terni - Exploring Umbria","og_description":"Descubre Terni, ciudad de mitos y leyendas. Donde hoy se encuentra la agradable Conca Terniana, vivi\u00f3 en los densos bosques un monstruo terrible. Este era","og_url":"https:\/\/www.exploring-umbria.com\/es\/descubre-terni\/","og_site_name":"Exploring Umbria","article_publisher":"https:\/\/www.facebook.com\/exploringumbria\/","article_modified_time":"2020-03-19T15:00:14+00:00","og_image":[{"width":768,"height":960,"url":"https:\/\/www.exploring-umbria.com\/wp-content\/uploads\/2019\/02\/vista-TERNI-1.jpg","type":"image\/jpeg"}],"twitter_card":"summary_large_image","twitter_misc":{"Tiempo de lectura":"3 minutos"},"schema":{"@context":"https:\/\/schema.org","@graph":[{"@type":"Organization","@id":"https:\/\/www.exploring-umbria.com\/es\/#organization","name":"Exploring Umbria","url":"https:\/\/www.exploring-umbria.com\/es\/","sameAs":["https:\/\/www.facebook.com\/exploringumbria\/","https:\/\/www.instagram.com\/exploringumbria\/"],"logo":{"@type":"ImageObject","@id":"https:\/\/www.exploring-umbria.com\/es\/#logo","inLanguage":"es","url":"https:\/\/www.exploring-umbria.com\/wp-content\/uploads\/2019\/08\/solo-logo-verde.jpg","contentUrl":"https:\/\/www.exploring-umbria.com\/wp-content\/uploads\/2019\/08\/solo-logo-verde.jpg","width":952,"height":532,"caption":"Exploring Umbria"},"image":{"@id":"https:\/\/www.exploring-umbria.com\/es\/#logo"}},{"@type":"WebSite","@id":"https:\/\/www.exploring-umbria.com\/es\/#website","url":"https:\/\/www.exploring-umbria.com\/es\/","name":"Exploring Umbria","description":"your dates, your mood, your trip","publisher":{"@id":"https:\/\/www.exploring-umbria.com\/es\/#organization"},"potentialAction":[{"@type":"SearchAction","target":{"@type":"EntryPoint","urlTemplate":"https:\/\/www.exploring-umbria.com\/es\/?s={search_term_string}"},"query-input":"required name=search_term_string"}],"inLanguage":"es"},{"@type":"ImageObject","@id":"https:\/\/www.exploring-umbria.com\/es\/descubre-terni\/#primaryimage","inLanguage":"es","url":"https:\/\/www.exploring-umbria.com\/wp-content\/uploads\/2019\/02\/vista-TERNI-1.jpg","contentUrl":"https:\/\/www.exploring-umbria.com\/wp-content\/uploads\/2019\/02\/vista-TERNI-1.jpg","width":768,"height":960,"caption":"scopri terni"},{"@type":"WebPage","@id":"https:\/\/www.exploring-umbria.com\/es\/descubre-terni\/#webpage","url":"https:\/\/www.exploring-umbria.com\/es\/descubre-terni\/","name":"Descubre Terni - Exploring Umbria","isPartOf":{"@id":"https:\/\/www.exploring-umbria.com\/es\/#website"},"primaryImageOfPage":{"@id":"https:\/\/www.exploring-umbria.com\/es\/descubre-terni\/#primaryimage"},"datePublished":"2019-03-20T12:08:15+00:00","dateModified":"2020-03-19T15:00:14+00:00","description":"Descubre Terni, ciudad de mitos y leyendas. Donde hoy se encuentra la agradable Conca Terniana, vivi\u00f3 en los densos bosques un monstruo terrible. Este era","breadcrumb":{"@id":"https:\/\/www.exploring-umbria.com\/es\/descubre-terni\/#breadcrumb"},"inLanguage":"es","potentialAction":[{"@type":"ReadAction","target":["https:\/\/www.exploring-umbria.com\/es\/descubre-terni\/"]}]},{"@type":"BreadcrumbList","@id":"https:\/\/www.exploring-umbria.com\/es\/descubre-terni\/#breadcrumb","itemListElement":[{"@type":"ListItem","position":1,"name":"Home","item":"https:\/\/www.exploring-umbria.com\/es\/"},{"@type":"ListItem","position":2,"name":"Descubre Terni"}]}]}},"_links":{"self":[{"href":"https:\/\/www.exploring-umbria.com\/es\/wp-json\/wp\/v2\/pages\/2753"}],"collection":[{"href":"https:\/\/www.exploring-umbria.com\/es\/wp-json\/wp\/v2\/pages"}],"about":[{"href":"https:\/\/www.exploring-umbria.com\/es\/wp-json\/wp\/v2\/types\/page"}],"author":[{"embeddable":true,"href":"https:\/\/www.exploring-umbria.com\/es\/wp-json\/wp\/v2\/users\/4"}],"replies":[{"embeddable":true,"href":"https:\/\/www.exploring-umbria.com\/es\/wp-json\/wp\/v2\/comments?post=2753"}],"version-history":[{"count":15,"href":"https:\/\/www.exploring-umbria.com\/es\/wp-json\/wp\/v2\/pages\/2753\/revisions"}],"predecessor-version":[{"id":32787,"href":"https:\/\/www.exploring-umbria.com\/es\/wp-json\/wp\/v2\/pages\/2753\/revisions\/32787"}],"wp:featuredmedia":[{"embeddable":true,"href":"https:\/\/www.exploring-umbria.com\/es\/wp-json\/wp\/v2\/media\/1109"}],"wp:attachment":[{"href":"https:\/\/www.exploring-umbria.com\/es\/wp-json\/wp\/v2\/media?parent=2753"}],"curies":[{"name":"wp","href":"https:\/\/api.w.org\/{rel}","templated":true}]}}