{"id":2748,"date":"2019-03-20T14:44:51","date_gmt":"2019-03-20T13:44:51","guid":{"rendered":"https:\/\/www.exploring-umbria.com\/cosa-vedere-a-terni\/"},"modified":"2020-03-19T16:07:22","modified_gmt":"2020-03-19T15:07:22","slug":"que-ver-en-terni","status":"publish","type":"page","link":"https:\/\/www.exploring-umbria.com\/es\/descubre-terni\/que-ver-en-terni\/","title":{"rendered":"Qu\u00e9 ver en Terni"},"content":{"rendered":"<p><strong>Descubre qu\u00e9 ver en Terni, una ciudad perfectamente en armon\u00eda entre el pasado y el presente.<\/strong><\/p>\n<p><!--more--><\/p>\n<p>Los lugares m\u00e1s encantadores de la historia antigua de la ciudad se encuentran principalmente en el centro hist\u00f3rico. Pero Terni tambi\u00e9n ofrece una gran variedad de sitios de arqueolog\u00eda industrialy un hermoso paisaje formado por campos ysitios naturales.<\/p>\n<p>El paseo por el centro hist\u00f3rico s\u00f3lo puede comenzar en el Corso del Popolo, partiendo del paisaje futuristacreado por la instalaci\u00f3n Lancia di Luce, una escultura dise\u00f1ada por el artista <a href=\"https:\/\/es.wikipedia.org\/wiki\/Arnaldo_Pomodoro\" target=\"_blank\" rel=\"noopener noreferrer\"><em>Arnaldo<\/em> <em>Pomodoro<\/em><\/a> con motivo de los 100 a\u00f1os de la acer\u00eda de Terni, para sumergirse paso a paso en el pasado. Al final del recorrido se encuentra el Palazzo Spadadel siglo XV, un edificio imponente y refinado al mismo tiempo, que ahora es lasede del ayuntamiento y de lasoficinas municipales. Unos metros m\u00e1s adelante, el tiempo se remonta a la iglesia de S. Salvador, un edificio religioso del sigloXI,que descansa en una <em>domus <\/em>del siglo I.<\/p>\n<p>Justo detr\u00e1s del Palazzo Spada los callejonesse ramifican, en un laberinto para la vista, entre iglesias y palacios del sigloXVIII, y luego se abren de repente detr\u00e1s de las antiguas murallas que rodean los hermososjardines p\u00fablicos, donde los ternani pasean, van en bicicleta, se encuentran y a veces se enamoran. Dentro del parque se encuentra el antiguo Anfiteatro Fausto,tambi\u00e9n <em>conocido como el Coliseo de Terni<\/em>, construido en el siglo I y muy bien conservado. Cuando los tejados de los edificios dejan espacio para un poco de vista los campanarios m\u00e1s visibles son los de la Iglesia de San Francisco, complejo rom\u00e1nico\u00a0 dedicado al santo franciscano, y la elegante Catedral de S. Mar\u00eda Asunta, catedral de la ciudad. Volviendo a la Plaza de la Rep\u00fablica, se puede visitar el antiguo Ayuntamiento, construido en el sigloXIII, que consu campanario de acero de 40 metros de altura es el emblema del encuentro entre lo antiguo y lo moderno, del que la ciudad se convierte en embajadora emprendedora. Saliendo de las murallas se puede llegar a la zona entre la Piazza Valnerina, la estaci\u00f3n de ferrocarril y el Colle di Pentina, donde a partir de la segunda mitad del siglo XIX surgieron las industrias m\u00e1s importantes del centro de Italia: la F\u00e1brica de Armas (1880), donde se puedesentar la vasta colecci\u00f3n de armas t\u00e9cnicas, la siderurgia (1884), el Jutificio Centurini (1886), de laque hoy en d\u00eda s\u00f3lo queda Villa Centurini, rodeada de pinos verdes que lleva el mismo nombre. No muy lejos se encuentran sitios a\u00fan m\u00e1s antiguos, como la hilander\u00eda de Gruber (1846) y el canal de Nerino, que proporcion\u00f3 energ\u00edamotriz a lasprimeras f\u00e1bricas. A su alrededor se encuentran los barrios obreros de Borgo Bovio y Sant&#8217;Agnese.<\/p>\n<p>En la parte m\u00e1s occidental de la ciudad, sobre los restos de un antiguo cementerio cristiano de la \u00e9poca romana, se encuentra la Bas\u00edlica de San Valent\u00edn, un destino para todos los amantes del mundo que quieran rendir homenaje a las reliquias del santo para bendecir su historia de amor.<\/p>\n<p>La maravillosa cuenca donde se encuentra la ciudad est\u00e1 naturalmente preparada para recibir y sorprender a los amantes de la naturaleza, la tranquilidad y la monta\u00f1a. La ciudad se encuentra al pie de la Sierra de Martani, con sus asentamientos prehist\u00f3ricos, y est\u00e1 bordeada por el Parque Fluvial del Nera, que se puede recorrer a pie, en bicicleta o a caballo en toda su extensi\u00f3n. Para terminar, te olvidesde visitarla majestuosa <a href=\"https:\/\/www.exploring-umbria.com\/es\/subcategories\/cosa-fare-e-cosa-vedere-a-terni\/#heading2743\" target=\"_blank\" rel=\"noopener noreferrer\">Cascada de Marmore<\/a>, la m\u00e1s alta y antigua construida por el hombre, que no puede resumir mejor la singularidad de estos territorios, donde la historia, la naturaleza y la tecnolog\u00eda se encuentran sin chocar, se tocan sin chirriar, en un delicado equilibrio ganado laboriosamente a lo largo de los siglos.<\/p>\n","protected":false},"excerpt":{"rendered":"<p>Descubre qu\u00e9 ver en Terni, una ciudad perfectamente en armon\u00eda entre el pasado y el presente.<\/p>\n","protected":false},"author":4,"featured_media":6730,"parent":2753,"menu_order":0,"comment_status":"closed","ping_status":"closed","template":"","meta":{"om_disable_all_campaigns":false,"_monsterinsights_skip_tracking":false,"_monsterinsights_sitenote_active":false,"_monsterinsights_sitenote_note":"","_monsterinsights_sitenote_category":0},"acf":[],"yoast_head":"<!-- This site is optimized with the Yoast SEO plugin v18.4.1 - https:\/\/yoast.com\/wordpress\/plugins\/seo\/ -->\n<title>Qu\u00e9 ver en Terni - Exploring Umbria<\/title>\n<meta name=\"description\" content=\"Descubre qu\u00e9 ver en Terni, una ciudad perfectamente en armon\u00eda entre el pasado y el presente. Los lugares m\u00e1s encantadores de la historia antigua de la\" \/>\n<meta name=\"robots\" content=\"index, follow, max-snippet:-1, max-image-preview:large, max-video-preview:-1\" \/>\n<link rel=\"canonical\" href=\"https:\/\/www.exploring-umbria.com\/es\/descubre-terni\/que-ver-en-terni\/\" \/>\n<meta property=\"og:locale\" content=\"es_ES\" \/>\n<meta property=\"og:type\" content=\"article\" \/>\n<meta property=\"og:title\" content=\"Qu\u00e9 ver en Terni - Exploring Umbria\" \/>\n<meta property=\"og:description\" content=\"Descubre qu\u00e9 ver en Terni, una ciudad perfectamente en armon\u00eda entre el pasado y el presente. Los lugares m\u00e1s encantadores de la historia antigua de la\" \/>\n<meta property=\"og:url\" content=\"https:\/\/www.exploring-umbria.com\/es\/descubre-terni\/que-ver-en-terni\/\" \/>\n<meta property=\"og:site_name\" content=\"Exploring Umbria\" \/>\n<meta property=\"article:publisher\" content=\"https:\/\/www.facebook.com\/exploringumbria\/\" \/>\n<meta property=\"article:modified_time\" content=\"2020-03-19T15:07:22+00:00\" \/>\n<meta property=\"og:image\" content=\"https:\/\/www.exploring-umbria.com\/wp-content\/uploads\/2019\/05\/TERNI-PIAZZA.jpg\" \/>\n\t<meta property=\"og:image:width\" content=\"1800\" \/>\n\t<meta property=\"og:image:height\" content=\"1350\" \/>\n\t<meta property=\"og:image:type\" content=\"image\/jpeg\" \/>\n<meta name=\"twitter:card\" content=\"summary_large_image\" \/>\n<meta name=\"twitter:label1\" content=\"Tiempo de lectura\" \/>\n\t<meta name=\"twitter:data1\" content=\"3 minutos\" \/>\n<script type=\"application\/ld+json\" class=\"yoast-schema-graph\">{\"@context\":\"https:\/\/schema.org\",\"@graph\":[{\"@type\":\"Organization\",\"@id\":\"https:\/\/www.exploring-umbria.com\/es\/#organization\",\"name\":\"Exploring Umbria\",\"url\":\"https:\/\/www.exploring-umbria.com\/es\/\",\"sameAs\":[\"https:\/\/www.facebook.com\/exploringumbria\/\",\"https:\/\/www.instagram.com\/exploringumbria\/\"],\"logo\":{\"@type\":\"ImageObject\",\"@id\":\"https:\/\/www.exploring-umbria.com\/es\/#logo\",\"inLanguage\":\"es\",\"url\":\"https:\/\/www.exploring-umbria.com\/wp-content\/uploads\/2019\/08\/solo-logo-verde.jpg\",\"contentUrl\":\"https:\/\/www.exploring-umbria.com\/wp-content\/uploads\/2019\/08\/solo-logo-verde.jpg\",\"width\":952,\"height\":532,\"caption\":\"Exploring Umbria\"},\"image\":{\"@id\":\"https:\/\/www.exploring-umbria.com\/es\/#logo\"}},{\"@type\":\"WebSite\",\"@id\":\"https:\/\/www.exploring-umbria.com\/es\/#website\",\"url\":\"https:\/\/www.exploring-umbria.com\/es\/\",\"name\":\"Exploring Umbria\",\"description\":\"your dates, your mood, your trip\",\"publisher\":{\"@id\":\"https:\/\/www.exploring-umbria.com\/es\/#organization\"},\"potentialAction\":[{\"@type\":\"SearchAction\",\"target\":{\"@type\":\"EntryPoint\",\"urlTemplate\":\"https:\/\/www.exploring-umbria.com\/es\/?s={search_term_string}\"},\"query-input\":\"required name=search_term_string\"}],\"inLanguage\":\"es\"},{\"@type\":\"ImageObject\",\"@id\":\"https:\/\/www.exploring-umbria.com\/es\/descubre-terni\/que-ver-en-terni\/#primaryimage\",\"inLanguage\":\"es\",\"url\":\"https:\/\/www.exploring-umbria.com\/wp-content\/uploads\/2019\/05\/TERNI-PIAZZA.jpg\",\"contentUrl\":\"https:\/\/www.exploring-umbria.com\/wp-content\/uploads\/2019\/05\/TERNI-PIAZZA.jpg\",\"width\":1800,\"height\":1350,\"caption\":\"cosa vedere a terni\"},{\"@type\":\"WebPage\",\"@id\":\"https:\/\/www.exploring-umbria.com\/es\/descubre-terni\/que-ver-en-terni\/#webpage\",\"url\":\"https:\/\/www.exploring-umbria.com\/es\/descubre-terni\/que-ver-en-terni\/\",\"name\":\"Qu\u00e9 ver en Terni - Exploring Umbria\",\"isPartOf\":{\"@id\":\"https:\/\/www.exploring-umbria.com\/es\/#website\"},\"primaryImageOfPage\":{\"@id\":\"https:\/\/www.exploring-umbria.com\/es\/descubre-terni\/que-ver-en-terni\/#primaryimage\"},\"datePublished\":\"2019-03-20T13:44:51+00:00\",\"dateModified\":\"2020-03-19T15:07:22+00:00\",\"description\":\"Descubre qu\u00e9 ver en Terni, una ciudad perfectamente en armon\u00eda entre el pasado y el presente. Los lugares m\u00e1s encantadores de la historia antigua de la\",\"breadcrumb\":{\"@id\":\"https:\/\/www.exploring-umbria.com\/es\/descubre-terni\/que-ver-en-terni\/#breadcrumb\"},\"inLanguage\":\"es\",\"potentialAction\":[{\"@type\":\"ReadAction\",\"target\":[\"https:\/\/www.exploring-umbria.com\/es\/descubre-terni\/que-ver-en-terni\/\"]}]},{\"@type\":\"BreadcrumbList\",\"@id\":\"https:\/\/www.exploring-umbria.com\/es\/descubre-terni\/que-ver-en-terni\/#breadcrumb\",\"itemListElement\":[{\"@type\":\"ListItem\",\"position\":1,\"name\":\"Home\",\"item\":\"https:\/\/www.exploring-umbria.com\/es\/\"},{\"@type\":\"ListItem\",\"position\":2,\"name\":\"Descubre Terni\",\"item\":\"https:\/\/www.exploring-umbria.com\/es\/descubre-terni\/\"},{\"@type\":\"ListItem\",\"position\":3,\"name\":\"Qu\u00e9 ver en Terni\"}]}]}<\/script>\n<!-- \/ Yoast SEO plugin. -->","yoast_head_json":{"title":"Qu\u00e9 ver en Terni - Exploring Umbria","description":"Descubre qu\u00e9 ver en Terni, una ciudad perfectamente en armon\u00eda entre el pasado y el presente. Los lugares m\u00e1s encantadores de la historia antigua de la","robots":{"index":"index","follow":"follow","max-snippet":"max-snippet:-1","max-image-preview":"max-image-preview:large","max-video-preview":"max-video-preview:-1"},"canonical":"https:\/\/www.exploring-umbria.com\/es\/descubre-terni\/que-ver-en-terni\/","og_locale":"es_ES","og_type":"article","og_title":"Qu\u00e9 ver en Terni - Exploring Umbria","og_description":"Descubre qu\u00e9 ver en Terni, una ciudad perfectamente en armon\u00eda entre el pasado y el presente. Los lugares m\u00e1s encantadores de la historia antigua de la","og_url":"https:\/\/www.exploring-umbria.com\/es\/descubre-terni\/que-ver-en-terni\/","og_site_name":"Exploring Umbria","article_publisher":"https:\/\/www.facebook.com\/exploringumbria\/","article_modified_time":"2020-03-19T15:07:22+00:00","og_image":[{"width":1800,"height":1350,"url":"https:\/\/www.exploring-umbria.com\/wp-content\/uploads\/2019\/05\/TERNI-PIAZZA.jpg","type":"image\/jpeg"}],"twitter_card":"summary_large_image","twitter_misc":{"Tiempo de lectura":"3 minutos"},"schema":{"@context":"https:\/\/schema.org","@graph":[{"@type":"Organization","@id":"https:\/\/www.exploring-umbria.com\/es\/#organization","name":"Exploring Umbria","url":"https:\/\/www.exploring-umbria.com\/es\/","sameAs":["https:\/\/www.facebook.com\/exploringumbria\/","https:\/\/www.instagram.com\/exploringumbria\/"],"logo":{"@type":"ImageObject","@id":"https:\/\/www.exploring-umbria.com\/es\/#logo","inLanguage":"es","url":"https:\/\/www.exploring-umbria.com\/wp-content\/uploads\/2019\/08\/solo-logo-verde.jpg","contentUrl":"https:\/\/www.exploring-umbria.com\/wp-content\/uploads\/2019\/08\/solo-logo-verde.jpg","width":952,"height":532,"caption":"Exploring Umbria"},"image":{"@id":"https:\/\/www.exploring-umbria.com\/es\/#logo"}},{"@type":"WebSite","@id":"https:\/\/www.exploring-umbria.com\/es\/#website","url":"https:\/\/www.exploring-umbria.com\/es\/","name":"Exploring Umbria","description":"your dates, your mood, your trip","publisher":{"@id":"https:\/\/www.exploring-umbria.com\/es\/#organization"},"potentialAction":[{"@type":"SearchAction","target":{"@type":"EntryPoint","urlTemplate":"https:\/\/www.exploring-umbria.com\/es\/?s={search_term_string}"},"query-input":"required name=search_term_string"}],"inLanguage":"es"},{"@type":"ImageObject","@id":"https:\/\/www.exploring-umbria.com\/es\/descubre-terni\/que-ver-en-terni\/#primaryimage","inLanguage":"es","url":"https:\/\/www.exploring-umbria.com\/wp-content\/uploads\/2019\/05\/TERNI-PIAZZA.jpg","contentUrl":"https:\/\/www.exploring-umbria.com\/wp-content\/uploads\/2019\/05\/TERNI-PIAZZA.jpg","width":1800,"height":1350,"caption":"cosa vedere a terni"},{"@type":"WebPage","@id":"https:\/\/www.exploring-umbria.com\/es\/descubre-terni\/que-ver-en-terni\/#webpage","url":"https:\/\/www.exploring-umbria.com\/es\/descubre-terni\/que-ver-en-terni\/","name":"Qu\u00e9 ver en Terni - Exploring Umbria","isPartOf":{"@id":"https:\/\/www.exploring-umbria.com\/es\/#website"},"primaryImageOfPage":{"@id":"https:\/\/www.exploring-umbria.com\/es\/descubre-terni\/que-ver-en-terni\/#primaryimage"},"datePublished":"2019-03-20T13:44:51+00:00","dateModified":"2020-03-19T15:07:22+00:00","description":"Descubre qu\u00e9 ver en Terni, una ciudad perfectamente en armon\u00eda entre el pasado y el presente. Los lugares m\u00e1s encantadores de la historia antigua de la","breadcrumb":{"@id":"https:\/\/www.exploring-umbria.com\/es\/descubre-terni\/que-ver-en-terni\/#breadcrumb"},"inLanguage":"es","potentialAction":[{"@type":"ReadAction","target":["https:\/\/www.exploring-umbria.com\/es\/descubre-terni\/que-ver-en-terni\/"]}]},{"@type":"BreadcrumbList","@id":"https:\/\/www.exploring-umbria.com\/es\/descubre-terni\/que-ver-en-terni\/#breadcrumb","itemListElement":[{"@type":"ListItem","position":1,"name":"Home","item":"https:\/\/www.exploring-umbria.com\/es\/"},{"@type":"ListItem","position":2,"name":"Descubre Terni","item":"https:\/\/www.exploring-umbria.com\/es\/descubre-terni\/"},{"@type":"ListItem","position":3,"name":"Qu\u00e9 ver en Terni"}]}]}},"_links":{"self":[{"href":"https:\/\/www.exploring-umbria.com\/es\/wp-json\/wp\/v2\/pages\/2748"}],"collection":[{"href":"https:\/\/www.exploring-umbria.com\/es\/wp-json\/wp\/v2\/pages"}],"about":[{"href":"https:\/\/www.exploring-umbria.com\/es\/wp-json\/wp\/v2\/types\/page"}],"author":[{"embeddable":true,"href":"https:\/\/www.exploring-umbria.com\/es\/wp-json\/wp\/v2\/users\/4"}],"replies":[{"embeddable":true,"href":"https:\/\/www.exploring-umbria.com\/es\/wp-json\/wp\/v2\/comments?post=2748"}],"version-history":[{"count":6,"href":"https:\/\/www.exploring-umbria.com\/es\/wp-json\/wp\/v2\/pages\/2748\/revisions"}],"predecessor-version":[{"id":32790,"href":"https:\/\/www.exploring-umbria.com\/es\/wp-json\/wp\/v2\/pages\/2748\/revisions\/32790"}],"up":[{"embeddable":true,"href":"https:\/\/www.exploring-umbria.com\/es\/wp-json\/wp\/v2\/pages\/2753"}],"wp:featuredmedia":[{"embeddable":true,"href":"https:\/\/www.exploring-umbria.com\/es\/wp-json\/wp\/v2\/media\/6730"}],"wp:attachment":[{"href":"https:\/\/www.exploring-umbria.com\/es\/wp-json\/wp\/v2\/media?parent=2748"}],"curies":[{"name":"wp","href":"https:\/\/api.w.org\/{rel}","templated":true}]}}