{"id":2729,"date":"2019-03-20T15:00:38","date_gmt":"2019-03-20T14:00:38","guid":{"rendered":"https:\/\/www.exploring-umbria.com\/la-valserra\/"},"modified":"2020-03-20T18:38:35","modified_gmt":"2020-03-20T17:38:35","slug":"la-valserra","status":"publish","type":"page","link":"https:\/\/www.exploring-umbria.com\/es\/descubre-terni\/que-ver-en-terni\/la-valserra\/","title":{"rendered":"La Valserra"},"content":{"rendered":"<p>No muy lejos de la ciudad de Terni se encuentra la <strong>Valserra<\/strong>, tierra que toma su nombre del r\u00edo que fluye en su interior, el r\u00edo Serra. El valle ha sido una zona de tr\u00e1nsito durante siglos y fue durante muchos siglos, adem\u00e1s del Valle del Tessino atravesado por la V\u00eda Flaminia, el \u00fanico v\u00ednculo natural entre el valle de Terni y la ciudad de <a href=\"https:\/\/www.exploring-umbria.com\/es\/actividades\/guided-tour-of-spoleto\/\" target=\"_blank\" rel=\"noopener noreferrer\">Spoleto<\/a>. La importancia de esta v\u00eda de comunicaci\u00f3n en el pasado todav\u00eda se puede ver hoy en d\u00eda observando los pueblos a lo largo del valle. Estos no se desarrollaron como verdaderas fortalezas, al contrario que la mayor\u00eda de los otros pueblos construidos en los territorios vecinos. Los principales asentamientos no estaban situados a lo largo de la carretera de comunicaci\u00f3n, sino a un lado, en las alturas, en posici\u00f3n de mirador. Junto a los pueblos construidos en el interior de las fortificaciones y los construidos en torno a estructuras productivas o religiosas como los monasterios, muchas de las aglomeraciones que a\u00fan hoy encontramos a lo largo de la Valserra tienen un aspecto diferente. Se han desarrollado visiblemente alrededor de altas torres, con el destino de observatorio para el control del \u00abtr\u00e1fico\u00bb que se generaba aguas abajo. <strong>Acquapalombo, Battiferro, Poggio Lavarino, <\/strong>estos pueblos, construidos alrededor de torres de vigilancia, formaban parte de un sistema de fortificaci\u00f3n m\u00e1s amplio que permit\u00eda controlar y defender toda la zona.<\/p>\n<p>El valle adquiri\u00f3 gran importancia alrededor del a\u00f1o mil, en un momento de tensi\u00f3n pol\u00edtica entre el Estado de la Iglesia y el Gran Ducado de Spoleto. <a href=\"https:\/\/es.wikipedia.org\/wiki\/Enrique_II_del_Sacro_Imperio_Romano_Germ%C3%A1nico\" target=\"_blank\" rel=\"noopener noreferrer\">Enrique II el Santo<\/a>, rey de Italia y emperador del Sacro Imperio Romano, para reafirmar su lealtad a Benedicto VIII, cedi\u00f3 al Papa los territorios conocidos como las tierras de Arnolfo, entre los que se inclu\u00eda el Valserra con sus asentamientos, constituyendo as\u00ed un territorio \u00abamortiguador\u00bb entre las tensiones de los dos estados. Para los habitantes, esto no supuso un gran cambio, ya que los Condes <em>Arnolfi<\/em>, terratenientes seculares, continuaron como siempre administrando la zona, aunque como vasallos del Papa y no del Emperador. Y lo habr\u00edan hecho durante los siguientes 600 a\u00f1os.<\/p>\n<p>Hoy en d\u00eda la Valserra es un territorio muy poco afectado por el desarrollo urbano. Sus bosques representan un testimonio de la gran biodiversidad presente en Umbr\u00eda, hasta el punto de ser reconocidos a nivel europeo como Lugar de Importancia Comunitaria (LIC) y Zona Especial de Conservaci\u00f3n (ZEC), dentro de la red Natura 2000 creada por la Uni\u00f3n Europea para la protecci\u00f3n y conservaci\u00f3n de h\u00e1bitats y especies, animales y plantas. Caminando por los numerosos senderos que se extienden a lo largo del r\u00edo o en las colinas entre los peque\u00f1os pueblos, a pie o en bicicleta, no tendr\u00e1s dificultad para ver zorros, corzos, peque\u00f1os must\u00e9lidos que corren entre los arbustos del bosque.<\/p>\n<p>Fuera de los principales circuitos tur\u00edsticos, la Valserra no defraudar\u00e1 a quienes buscan la paz en Umbr\u00eda sin sacrificar el encanto de la historia y de aquellos contextos que, por pereza o complacencia, parecen querer ceder el paso a nuestro presente.<\/p>\n","protected":false},"excerpt":{"rendered":"<p>No muy lejos de la ciudad de Terni se encuentra la Valserra, tierra que toma su nombre del r\u00edo que fluye en su interior, el r\u00edo Serra. El valle ha sido una zona de tr\u00e1nsito durante siglos y fue durante muchos siglos, adem\u00e1s del Valle del Tessino atravesado por la V\u00eda Flaminia, el \u00fanico v\u00ednculo [&hellip;]<\/p>\n","protected":false},"author":4,"featured_media":0,"parent":2748,"menu_order":8,"comment_status":"closed","ping_status":"closed","template":"","meta":{"om_disable_all_campaigns":false,"_monsterinsights_skip_tracking":false,"_monsterinsights_sitenote_active":false,"_monsterinsights_sitenote_note":"","_monsterinsights_sitenote_category":0},"acf":[],"yoast_head":"<!-- This site is optimized with the Yoast SEO plugin v18.4.1 - https:\/\/yoast.com\/wordpress\/plugins\/seo\/ -->\n<title>La Valserra - Exploring Umbria<\/title>\n<meta name=\"description\" content=\"No muy lejos de la ciudad de Terni se encuentra la Valserra, tierra que toma su nombre del r\u00edo que fluye en su interior, el r\u00edo Serra. El valle ha sido\" \/>\n<meta name=\"robots\" content=\"index, follow, max-snippet:-1, max-image-preview:large, max-video-preview:-1\" \/>\n<link rel=\"canonical\" href=\"https:\/\/www.exploring-umbria.com\/es\/descubre-terni\/que-ver-en-terni\/la-valserra\/\" \/>\n<meta property=\"og:locale\" content=\"es_ES\" \/>\n<meta property=\"og:type\" content=\"article\" \/>\n<meta property=\"og:title\" content=\"La Valserra - Exploring Umbria\" \/>\n<meta property=\"og:description\" content=\"No muy lejos de la ciudad de Terni se encuentra la Valserra, tierra que toma su nombre del r\u00edo que fluye en su interior, el r\u00edo Serra. El valle ha sido\" \/>\n<meta property=\"og:url\" content=\"https:\/\/www.exploring-umbria.com\/es\/descubre-terni\/que-ver-en-terni\/la-valserra\/\" \/>\n<meta property=\"og:site_name\" content=\"Exploring Umbria\" \/>\n<meta property=\"article:publisher\" content=\"https:\/\/www.facebook.com\/exploringumbria\/\" \/>\n<meta property=\"article:modified_time\" content=\"2020-03-20T17:38:35+00:00\" \/>\n<meta name=\"twitter:card\" content=\"summary_large_image\" \/>\n<meta name=\"twitter:label1\" content=\"Tiempo de lectura\" \/>\n\t<meta name=\"twitter:data1\" content=\"3 minutos\" \/>\n<script type=\"application\/ld+json\" class=\"yoast-schema-graph\">{\"@context\":\"https:\/\/schema.org\",\"@graph\":[{\"@type\":\"Organization\",\"@id\":\"https:\/\/www.exploring-umbria.com\/es\/#organization\",\"name\":\"Exploring Umbria\",\"url\":\"https:\/\/www.exploring-umbria.com\/es\/\",\"sameAs\":[\"https:\/\/www.facebook.com\/exploringumbria\/\",\"https:\/\/www.instagram.com\/exploringumbria\/\"],\"logo\":{\"@type\":\"ImageObject\",\"@id\":\"https:\/\/www.exploring-umbria.com\/es\/#logo\",\"inLanguage\":\"es\",\"url\":\"https:\/\/www.exploring-umbria.com\/wp-content\/uploads\/2019\/08\/solo-logo-verde.jpg\",\"contentUrl\":\"https:\/\/www.exploring-umbria.com\/wp-content\/uploads\/2019\/08\/solo-logo-verde.jpg\",\"width\":952,\"height\":532,\"caption\":\"Exploring Umbria\"},\"image\":{\"@id\":\"https:\/\/www.exploring-umbria.com\/es\/#logo\"}},{\"@type\":\"WebSite\",\"@id\":\"https:\/\/www.exploring-umbria.com\/es\/#website\",\"url\":\"https:\/\/www.exploring-umbria.com\/es\/\",\"name\":\"Exploring Umbria\",\"description\":\"your dates, your mood, your trip\",\"publisher\":{\"@id\":\"https:\/\/www.exploring-umbria.com\/es\/#organization\"},\"potentialAction\":[{\"@type\":\"SearchAction\",\"target\":{\"@type\":\"EntryPoint\",\"urlTemplate\":\"https:\/\/www.exploring-umbria.com\/es\/?s={search_term_string}\"},\"query-input\":\"required name=search_term_string\"}],\"inLanguage\":\"es\"},{\"@type\":\"WebPage\",\"@id\":\"https:\/\/www.exploring-umbria.com\/es\/descubre-terni\/que-ver-en-terni\/la-valserra\/#webpage\",\"url\":\"https:\/\/www.exploring-umbria.com\/es\/descubre-terni\/que-ver-en-terni\/la-valserra\/\",\"name\":\"La Valserra - Exploring Umbria\",\"isPartOf\":{\"@id\":\"https:\/\/www.exploring-umbria.com\/es\/#website\"},\"datePublished\":\"2019-03-20T14:00:38+00:00\",\"dateModified\":\"2020-03-20T17:38:35+00:00\",\"description\":\"No muy lejos de la ciudad de Terni se encuentra la Valserra, tierra que toma su nombre del r\u00edo que fluye en su interior, el r\u00edo Serra. El valle ha sido\",\"breadcrumb\":{\"@id\":\"https:\/\/www.exploring-umbria.com\/es\/descubre-terni\/que-ver-en-terni\/la-valserra\/#breadcrumb\"},\"inLanguage\":\"es\",\"potentialAction\":[{\"@type\":\"ReadAction\",\"target\":[\"https:\/\/www.exploring-umbria.com\/es\/descubre-terni\/que-ver-en-terni\/la-valserra\/\"]}]},{\"@type\":\"BreadcrumbList\",\"@id\":\"https:\/\/www.exploring-umbria.com\/es\/descubre-terni\/que-ver-en-terni\/la-valserra\/#breadcrumb\",\"itemListElement\":[{\"@type\":\"ListItem\",\"position\":1,\"name\":\"Home\",\"item\":\"https:\/\/www.exploring-umbria.com\/es\/\"},{\"@type\":\"ListItem\",\"position\":2,\"name\":\"Descubre Terni\",\"item\":\"https:\/\/www.exploring-umbria.com\/es\/descubre-terni\/\"},{\"@type\":\"ListItem\",\"position\":3,\"name\":\"Qu\u00e9 ver en Terni\",\"item\":\"https:\/\/www.exploring-umbria.com\/es\/descubre-terni\/que-ver-en-terni\/\"},{\"@type\":\"ListItem\",\"position\":4,\"name\":\"La Valserra\"}]}]}<\/script>\n<!-- \/ Yoast SEO plugin. -->","yoast_head_json":{"title":"La Valserra - Exploring Umbria","description":"No muy lejos de la ciudad de Terni se encuentra la Valserra, tierra que toma su nombre del r\u00edo que fluye en su interior, el r\u00edo Serra. El valle ha sido","robots":{"index":"index","follow":"follow","max-snippet":"max-snippet:-1","max-image-preview":"max-image-preview:large","max-video-preview":"max-video-preview:-1"},"canonical":"https:\/\/www.exploring-umbria.com\/es\/descubre-terni\/que-ver-en-terni\/la-valserra\/","og_locale":"es_ES","og_type":"article","og_title":"La Valserra - Exploring Umbria","og_description":"No muy lejos de la ciudad de Terni se encuentra la Valserra, tierra que toma su nombre del r\u00edo que fluye en su interior, el r\u00edo Serra. El valle ha sido","og_url":"https:\/\/www.exploring-umbria.com\/es\/descubre-terni\/que-ver-en-terni\/la-valserra\/","og_site_name":"Exploring Umbria","article_publisher":"https:\/\/www.facebook.com\/exploringumbria\/","article_modified_time":"2020-03-20T17:38:35+00:00","twitter_card":"summary_large_image","twitter_misc":{"Tiempo de lectura":"3 minutos"},"schema":{"@context":"https:\/\/schema.org","@graph":[{"@type":"Organization","@id":"https:\/\/www.exploring-umbria.com\/es\/#organization","name":"Exploring Umbria","url":"https:\/\/www.exploring-umbria.com\/es\/","sameAs":["https:\/\/www.facebook.com\/exploringumbria\/","https:\/\/www.instagram.com\/exploringumbria\/"],"logo":{"@type":"ImageObject","@id":"https:\/\/www.exploring-umbria.com\/es\/#logo","inLanguage":"es","url":"https:\/\/www.exploring-umbria.com\/wp-content\/uploads\/2019\/08\/solo-logo-verde.jpg","contentUrl":"https:\/\/www.exploring-umbria.com\/wp-content\/uploads\/2019\/08\/solo-logo-verde.jpg","width":952,"height":532,"caption":"Exploring Umbria"},"image":{"@id":"https:\/\/www.exploring-umbria.com\/es\/#logo"}},{"@type":"WebSite","@id":"https:\/\/www.exploring-umbria.com\/es\/#website","url":"https:\/\/www.exploring-umbria.com\/es\/","name":"Exploring Umbria","description":"your dates, your mood, your trip","publisher":{"@id":"https:\/\/www.exploring-umbria.com\/es\/#organization"},"potentialAction":[{"@type":"SearchAction","target":{"@type":"EntryPoint","urlTemplate":"https:\/\/www.exploring-umbria.com\/es\/?s={search_term_string}"},"query-input":"required name=search_term_string"}],"inLanguage":"es"},{"@type":"WebPage","@id":"https:\/\/www.exploring-umbria.com\/es\/descubre-terni\/que-ver-en-terni\/la-valserra\/#webpage","url":"https:\/\/www.exploring-umbria.com\/es\/descubre-terni\/que-ver-en-terni\/la-valserra\/","name":"La Valserra - Exploring Umbria","isPartOf":{"@id":"https:\/\/www.exploring-umbria.com\/es\/#website"},"datePublished":"2019-03-20T14:00:38+00:00","dateModified":"2020-03-20T17:38:35+00:00","description":"No muy lejos de la ciudad de Terni se encuentra la Valserra, tierra que toma su nombre del r\u00edo que fluye en su interior, el r\u00edo Serra. El valle ha sido","breadcrumb":{"@id":"https:\/\/www.exploring-umbria.com\/es\/descubre-terni\/que-ver-en-terni\/la-valserra\/#breadcrumb"},"inLanguage":"es","potentialAction":[{"@type":"ReadAction","target":["https:\/\/www.exploring-umbria.com\/es\/descubre-terni\/que-ver-en-terni\/la-valserra\/"]}]},{"@type":"BreadcrumbList","@id":"https:\/\/www.exploring-umbria.com\/es\/descubre-terni\/que-ver-en-terni\/la-valserra\/#breadcrumb","itemListElement":[{"@type":"ListItem","position":1,"name":"Home","item":"https:\/\/www.exploring-umbria.com\/es\/"},{"@type":"ListItem","position":2,"name":"Descubre Terni","item":"https:\/\/www.exploring-umbria.com\/es\/descubre-terni\/"},{"@type":"ListItem","position":3,"name":"Qu\u00e9 ver en Terni","item":"https:\/\/www.exploring-umbria.com\/es\/descubre-terni\/que-ver-en-terni\/"},{"@type":"ListItem","position":4,"name":"La Valserra"}]}]}},"_links":{"self":[{"href":"https:\/\/www.exploring-umbria.com\/es\/wp-json\/wp\/v2\/pages\/2729"}],"collection":[{"href":"https:\/\/www.exploring-umbria.com\/es\/wp-json\/wp\/v2\/pages"}],"about":[{"href":"https:\/\/www.exploring-umbria.com\/es\/wp-json\/wp\/v2\/types\/page"}],"author":[{"embeddable":true,"href":"https:\/\/www.exploring-umbria.com\/es\/wp-json\/wp\/v2\/users\/4"}],"replies":[{"embeddable":true,"href":"https:\/\/www.exploring-umbria.com\/es\/wp-json\/wp\/v2\/comments?post=2729"}],"version-history":[{"count":4,"href":"https:\/\/www.exploring-umbria.com\/es\/wp-json\/wp\/v2\/pages\/2729\/revisions"}],"predecessor-version":[{"id":32890,"href":"https:\/\/www.exploring-umbria.com\/es\/wp-json\/wp\/v2\/pages\/2729\/revisions\/32890"}],"up":[{"embeddable":true,"href":"https:\/\/www.exploring-umbria.com\/es\/wp-json\/wp\/v2\/pages\/2748"}],"wp:attachment":[{"href":"https:\/\/www.exploring-umbria.com\/es\/wp-json\/wp\/v2\/media?parent=2729"}],"curies":[{"name":"wp","href":"https:\/\/api.w.org\/{rel}","templated":true}]}}