{"id":40952,"date":"2020-05-07T21:49:40","date_gmt":"2020-05-07T19:49:40","guid":{"rendered":"https:\/\/www.exploring-umbria.com\/borghi-in-umbria-tanti-piccoli-gioielli-nascosti\/was-es-in-castiglione-del-lago-zu-sehen-gibt\/fortezza-medievale-di-castiglione-del-lago\/"},"modified":"2020-09-18T19:13:16","modified_gmt":"2020-09-18T17:13:16","slug":"mittelalterliche-festung-von-castiglione-del-lago","status":"publish","type":"page","link":"https:\/\/www.exploring-umbria.com\/de\/borghi-in-umbria-tanti-piccoli-gioielli-nascosti\/was-es-in-castiglione-del-lago-zu-sehen-gibt\/mittelalterliche-festung-von-castiglione-del-lago\/","title":{"rendered":"Mittelalterliche Festung von Castiglione del Lago"},"content":{"rendered":"<p>Die mittelalterliche Festung, auch<em> <strong>Rocca del Leone<\/strong> oder <\/em><strong>Rocca Medievale <\/strong>genannt, ist zusammen mit dem Palazzo Ducale della Corgna eine der wichtigsten Sehensw\u00fcrdigkeiten in Castiglione del Lago. Dabei handelt es sich um eine Stadtmauer, die \u00fcber Jahrhunderte der wichtigste <strong>strategische Punkt<\/strong> der Region war. Von dort aus konnte die umliegende Gegend des <a href=\"https:\/\/www.exploring-umbria.com\/de\/subcategories\/parks-und-seen\/#heading27246\" target=\"_blank\" rel=\"noopener noreferrer\">Trasimenischen Sees<\/a> und der Poste del Chiugi beobachtet werden, um sich bestm\u00f6glich auf eventuelle Angriffe von Feinden vorzubereiten.<\/p>\n<p>Die Errichtung der Rocca del Leone fand auf Wunsch von <a href=\"https:\/\/de.wikipedia.org\/wiki\/Friedrich_II._(HRR)\" target=\"_blank\" rel=\"noopener noreferrer\">Kaiser <\/a><a href=\"https:\/\/de.wikipedia.org\/wiki\/Friedrich_II._(HRR)\">Friedrich II<\/a><em>.<\/em> im Jahr 1247 statt. Infolge der Erforschung der alten Mauerreste wird angenommen, dass sich fr\u00fcher an diesem Ort eine etruskische Akropolis befand, die dem Erdboden gleichgemacht und im Auftrag von <em>Bruder<\/em> <em>Elias von Cortona<\/em>, ein bedeutender Architekt und eine wichtige Pers\u00f6nlichkeit der damaligen Zeit, wieder aufgebaut wurde.<\/p>\n<p>Die Festung hat die Form eines <strong>unregelm\u00e4\u00dfigen F\u00fcnfecks<\/strong> und verf\u00fcgt \u00fcber f\u00fcnf T\u00fcrme, von denen einer dreieckig ist. Das ist der Hauptturm mit 39 Metern H\u00f6he. Au\u00dferdem sind auch zwei runde T\u00fcrme vorhanden, die im 15. und 16. Jahrhundert anstelle der urspr\u00fcnglich vorhandenen T\u00fcrme vorhanden waren, um besser gegen feindliche Angriffe gewappnet zu sein, die mit Kanonen abgewehrt wurden. Die Mauern zeichnen sich durch Guelfenzinnen aus. Anschlie\u00dfend wurde ein anderer Mauerbereich errichtet, der sich vom Palazzo bis Mastio erstreckte; letzterer war \u00fcber eine Treppe aus Holz erreichbar, die unter g\u00fcnstigen Umst\u00e4nden auf einem Podest aufsetze, das jedoch bei feindlichen Angriffen entfernt wurde.<\/p>\n<p>Dieser zweite Mauerabschnitt wurde errichtet, um die Verteidigung des Bauwerks und des Ortes zus\u00e4tzlich zu unterst\u00fctzen, aber heute sind nur noch wenige \u00dcberreste vorhanden.<\/p>\n<p>Dank der Bauweise und der zahlreichen Arbeiten galt die Festung im 16. Jahrhundert als eine der europaweit am schwersten zu erobernden Festungen. Sie wurde errichtet, um in das <strong>zentrale Verteidigungssystem<\/strong> eingef\u00fcgt zu werden, das beginnend in Apulien die gesamte italienische Halbinsel durchquert.<\/p>\n<p>Im Inneren der Festung wurden die Tr\u00fcmmer einer kleinen <em>Kirche<\/em> mit drei Apsiden gefunden, wahrscheinlich ist sie <em>fr\u00fchchristlich<\/em>. Sie wurde w\u00e4hrend der byzantinischen Herrschaft zu Ehren des Hl. Philipp und des Hl. Jakob errichtet. Sp\u00e4ter wurde die Kirche als Kapelle der Festung genutzt.<\/p>\n<p>Die mittelalterliche Festung ist nur \u00fcber den Palazzo der Familie <em>della Corgna<\/em> zu erreichen, genauer \u00fcber einen Laufgraben, den die Markgrafen errichten lie\u00dfen, um die Verlagerungen im Fall eines Angriffs zu vereinfachen; der Laufgraben wurde zu Beginn des 17. Jahrhunderts abgedeckt und mit Schie\u00dfscharten zur Verteidigung versehen.<\/p>\n<p>Man wei\u00df nicht ganz genau warum die Festung den Namen <em>Rocca del Leone<\/em> tr\u00e4gt; m\u00f6glichwerseise wurde die Bezeichnung des urspr\u00fcnglichen Bauwerks, <em>Castello del Leone<\/em>, das \u00fcber die Jahrhunderte mehrmals zerst\u00f6rt wurde, darunter auch durch <em>Heinrich IV<\/em>., sp\u00e4ter zur Bezeichnung des Ortes, <em>Castillonem<\/em>, und schlie\u00dflich <em>Castiglione<\/em> (del Lago).<\/p>\n<p>Anfang 1500 befand sich die Festung im Besitz der Familie <em>Baglioni<\/em>, dank derer sie erweitert wurde, und sp\u00e4ter der Familie <em>Della Corgna<\/em>, als die Stadt zu einer Markgrafschaft wurde. 1554 beauftragte <em>Ascanio I.<\/em> die Errichtung wunderbarer italienischer G\u00e4rten innerhalb der Stadtmauer, die auch vom Dichter <em>Cesare Caporali<\/em> in seinem Werk <em>Gli orti di Mecenate<\/em> gepriesen wurden. In der Festung lie\u00df <em>Ascanio I.<\/em> auch den <em>Palazzo<\/em> <em>Ducale<\/em> errichten.<\/p>\n<p>Nach dem Tod des letzten Mitglieds der Familie <em>della Corgna<\/em>, <em>Fulvio II<\/em>., der 1647 starb, wurde das Gut von der Apostolischen Kammer verwaltet und 1860 in Gemeindeeigentum \u00fcberf\u00fchrt.<\/p>\n<p>Die Mittelalterliche Festung von Castiglione del Lago wird heute als Amphitheater genutzt und ist fast vollst\u00e4ndig f\u00fcr Besucher zug\u00e4nglich.<\/p>\n","protected":false},"excerpt":{"rendered":"<p>Die mittelalterliche Festung, auch Rocca del Leone oder Rocca Medievale genannt, ist zusammen mit dem Palazzo Ducale della Corgna eine der wichtigsten Sehensw\u00fcrdigkeiten in Castiglione del Lago. Dabei handelt es sich um eine Stadtmauer, die \u00fcber Jahrhunderte der wichtigste strategische Punkt der Region war. Von dort aus konnte die umliegende Gegend des Trasimenischen Sees und [&hellip;]<\/p>\n","protected":false},"author":4,"featured_media":34591,"parent":40914,"menu_order":0,"comment_status":"closed","ping_status":"closed","template":"","meta":{"om_disable_all_campaigns":false,"_monsterinsights_skip_tracking":false,"_monsterinsights_sitenote_active":false,"_monsterinsights_sitenote_note":"","_monsterinsights_sitenote_category":0},"acf":[],"yoast_head":"<!-- This site is optimized with the Yoast SEO plugin v18.4.1 - https:\/\/yoast.com\/wordpress\/plugins\/seo\/ -->\n<title>Mittelalterliche Festung von Castiglione del Lago - Exploring Umbria<\/title>\n<meta name=\"description\" content=\"Die mittelalterliche Festung, auch Rocca del Leone oder Rocca Medievale genannt, ist zusammen mit dem Palazzo Ducale della Corgna eine der wichtigsten\" \/>\n<meta name=\"robots\" content=\"index, follow, max-snippet:-1, max-image-preview:large, max-video-preview:-1\" \/>\n<link rel=\"canonical\" href=\"https:\/\/www.exploring-umbria.com\/de\/borghi-in-umbria-tanti-piccoli-gioielli-nascosti\/was-es-in-castiglione-del-lago-zu-sehen-gibt\/mittelalterliche-festung-von-castiglione-del-lago\/\" \/>\n<meta property=\"og:locale\" content=\"de_DE\" \/>\n<meta property=\"og:type\" content=\"article\" \/>\n<meta property=\"og:title\" content=\"Mittelalterliche Festung von Castiglione del Lago - Exploring Umbria\" \/>\n<meta property=\"og:description\" content=\"Die mittelalterliche Festung, auch Rocca del Leone oder Rocca Medievale genannt, ist zusammen mit dem Palazzo Ducale della Corgna eine der wichtigsten\" \/>\n<meta property=\"og:url\" content=\"https:\/\/www.exploring-umbria.com\/de\/borghi-in-umbria-tanti-piccoli-gioielli-nascosti\/was-es-in-castiglione-del-lago-zu-sehen-gibt\/mittelalterliche-festung-von-castiglione-del-lago\/\" \/>\n<meta property=\"og:site_name\" content=\"Exploring Umbria\" \/>\n<meta property=\"article:publisher\" content=\"https:\/\/www.facebook.com\/exploringumbria\/\" \/>\n<meta property=\"article:modified_time\" content=\"2020-09-18T17:13:16+00:00\" \/>\n<meta property=\"og:image\" content=\"https:\/\/www.exploring-umbria.com\/wp-content\/uploads\/2020\/04\/WhatsApp-Image-2020-04-27-at-21.31.23.jpeg\" \/>\n\t<meta property=\"og:image:width\" content=\"720\" \/>\n\t<meta property=\"og:image:height\" content=\"540\" \/>\n\t<meta property=\"og:image:type\" content=\"image\/jpeg\" \/>\n<meta name=\"twitter:card\" content=\"summary_large_image\" \/>\n<meta name=\"twitter:label1\" content=\"Gesch\u00e4tzte Lesezeit\" \/>\n\t<meta name=\"twitter:data1\" content=\"3\u00a0Minuten\" \/>\n<script type=\"application\/ld+json\" class=\"yoast-schema-graph\">{\"@context\":\"https:\/\/schema.org\",\"@graph\":[{\"@type\":\"Organization\",\"@id\":\"https:\/\/www.exploring-umbria.com\/de\/#organization\",\"name\":\"Exploring Umbria\",\"url\":\"https:\/\/www.exploring-umbria.com\/de\/\",\"sameAs\":[\"https:\/\/www.facebook.com\/exploringumbria\/\",\"https:\/\/www.instagram.com\/exploringumbria\/\"],\"logo\":{\"@type\":\"ImageObject\",\"@id\":\"https:\/\/www.exploring-umbria.com\/de\/#logo\",\"inLanguage\":\"de\",\"url\":\"https:\/\/www.exploring-umbria.com\/wp-content\/uploads\/2019\/08\/solo-logo-verde.jpg\",\"contentUrl\":\"https:\/\/www.exploring-umbria.com\/wp-content\/uploads\/2019\/08\/solo-logo-verde.jpg\",\"width\":952,\"height\":532,\"caption\":\"Exploring Umbria\"},\"image\":{\"@id\":\"https:\/\/www.exploring-umbria.com\/de\/#logo\"}},{\"@type\":\"WebSite\",\"@id\":\"https:\/\/www.exploring-umbria.com\/de\/#website\",\"url\":\"https:\/\/www.exploring-umbria.com\/de\/\",\"name\":\"Exploring Umbria\",\"description\":\"your dates, your mood, your trip\",\"publisher\":{\"@id\":\"https:\/\/www.exploring-umbria.com\/de\/#organization\"},\"potentialAction\":[{\"@type\":\"SearchAction\",\"target\":{\"@type\":\"EntryPoint\",\"urlTemplate\":\"https:\/\/www.exploring-umbria.com\/de\/?s={search_term_string}\"},\"query-input\":\"required name=search_term_string\"}],\"inLanguage\":\"de\"},{\"@type\":\"ImageObject\",\"@id\":\"https:\/\/www.exploring-umbria.com\/de\/borghi-in-umbria-tanti-piccoli-gioielli-nascosti\/was-es-in-castiglione-del-lago-zu-sehen-gibt\/mittelalterliche-festung-von-castiglione-del-lago\/#primaryimage\",\"inLanguage\":\"de\",\"url\":\"https:\/\/www.exploring-umbria.com\/wp-content\/uploads\/2020\/04\/WhatsApp-Image-2020-04-27-at-21.31.23.jpeg\",\"contentUrl\":\"https:\/\/www.exploring-umbria.com\/wp-content\/uploads\/2020\/04\/WhatsApp-Image-2020-04-27-at-21.31.23.jpeg\",\"width\":720,\"height\":540,\"caption\":\"\u00a9 La Lori ph.\"},{\"@type\":\"WebPage\",\"@id\":\"https:\/\/www.exploring-umbria.com\/de\/borghi-in-umbria-tanti-piccoli-gioielli-nascosti\/was-es-in-castiglione-del-lago-zu-sehen-gibt\/mittelalterliche-festung-von-castiglione-del-lago\/#webpage\",\"url\":\"https:\/\/www.exploring-umbria.com\/de\/borghi-in-umbria-tanti-piccoli-gioielli-nascosti\/was-es-in-castiglione-del-lago-zu-sehen-gibt\/mittelalterliche-festung-von-castiglione-del-lago\/\",\"name\":\"Mittelalterliche Festung von Castiglione del Lago - Exploring Umbria\",\"isPartOf\":{\"@id\":\"https:\/\/www.exploring-umbria.com\/de\/#website\"},\"primaryImageOfPage\":{\"@id\":\"https:\/\/www.exploring-umbria.com\/de\/borghi-in-umbria-tanti-piccoli-gioielli-nascosti\/was-es-in-castiglione-del-lago-zu-sehen-gibt\/mittelalterliche-festung-von-castiglione-del-lago\/#primaryimage\"},\"datePublished\":\"2020-05-07T19:49:40+00:00\",\"dateModified\":\"2020-09-18T17:13:16+00:00\",\"description\":\"Die mittelalterliche Festung, auch Rocca del Leone oder Rocca Medievale genannt, ist zusammen mit dem Palazzo Ducale della Corgna eine der wichtigsten\",\"breadcrumb\":{\"@id\":\"https:\/\/www.exploring-umbria.com\/de\/borghi-in-umbria-tanti-piccoli-gioielli-nascosti\/was-es-in-castiglione-del-lago-zu-sehen-gibt\/mittelalterliche-festung-von-castiglione-del-lago\/#breadcrumb\"},\"inLanguage\":\"de\",\"potentialAction\":[{\"@type\":\"ReadAction\",\"target\":[\"https:\/\/www.exploring-umbria.com\/de\/borghi-in-umbria-tanti-piccoli-gioielli-nascosti\/was-es-in-castiglione-del-lago-zu-sehen-gibt\/mittelalterliche-festung-von-castiglione-del-lago\/\"]}]},{\"@type\":\"BreadcrumbList\",\"@id\":\"https:\/\/www.exploring-umbria.com\/de\/borghi-in-umbria-tanti-piccoli-gioielli-nascosti\/was-es-in-castiglione-del-lago-zu-sehen-gibt\/mittelalterliche-festung-von-castiglione-del-lago\/#breadcrumb\",\"itemListElement\":[{\"@type\":\"ListItem\",\"position\":1,\"name\":\"Home\",\"item\":\"https:\/\/www.exploring-umbria.com\/de\/\"},{\"@type\":\"ListItem\",\"position\":2,\"name\":\"Borghi in Umbria: tanti piccoli gioielli nascosti\",\"item\":\"https:\/\/www.exploring-umbria.com\/de\/borghi-in-umbria-tanti-piccoli-gioielli-nascosti\/\"},{\"@type\":\"ListItem\",\"position\":3,\"name\":\"Was es in Castiglione del Lago zu sehen gibt\",\"item\":\"https:\/\/www.exploring-umbria.com\/de\/borghi-in-umbria-tanti-piccoli-gioielli-nascosti\/was-es-in-castiglione-del-lago-zu-sehen-gibt\/\"},{\"@type\":\"ListItem\",\"position\":4,\"name\":\"Mittelalterliche Festung von Castiglione del Lago\"}]}]}<\/script>\n<!-- \/ Yoast SEO plugin. -->","yoast_head_json":{"title":"Mittelalterliche Festung von Castiglione del Lago - Exploring Umbria","description":"Die mittelalterliche Festung, auch Rocca del Leone oder Rocca Medievale genannt, ist zusammen mit dem Palazzo Ducale della Corgna eine der wichtigsten","robots":{"index":"index","follow":"follow","max-snippet":"max-snippet:-1","max-image-preview":"max-image-preview:large","max-video-preview":"max-video-preview:-1"},"canonical":"https:\/\/www.exploring-umbria.com\/de\/borghi-in-umbria-tanti-piccoli-gioielli-nascosti\/was-es-in-castiglione-del-lago-zu-sehen-gibt\/mittelalterliche-festung-von-castiglione-del-lago\/","og_locale":"de_DE","og_type":"article","og_title":"Mittelalterliche Festung von Castiglione del Lago - Exploring Umbria","og_description":"Die mittelalterliche Festung, auch Rocca del Leone oder Rocca Medievale genannt, ist zusammen mit dem Palazzo Ducale della Corgna eine der wichtigsten","og_url":"https:\/\/www.exploring-umbria.com\/de\/borghi-in-umbria-tanti-piccoli-gioielli-nascosti\/was-es-in-castiglione-del-lago-zu-sehen-gibt\/mittelalterliche-festung-von-castiglione-del-lago\/","og_site_name":"Exploring Umbria","article_publisher":"https:\/\/www.facebook.com\/exploringumbria\/","article_modified_time":"2020-09-18T17:13:16+00:00","og_image":[{"width":720,"height":540,"url":"https:\/\/www.exploring-umbria.com\/wp-content\/uploads\/2020\/04\/WhatsApp-Image-2020-04-27-at-21.31.23.jpeg","type":"image\/jpeg"}],"twitter_card":"summary_large_image","twitter_misc":{"Gesch\u00e4tzte Lesezeit":"3\u00a0Minuten"},"schema":{"@context":"https:\/\/schema.org","@graph":[{"@type":"Organization","@id":"https:\/\/www.exploring-umbria.com\/de\/#organization","name":"Exploring Umbria","url":"https:\/\/www.exploring-umbria.com\/de\/","sameAs":["https:\/\/www.facebook.com\/exploringumbria\/","https:\/\/www.instagram.com\/exploringumbria\/"],"logo":{"@type":"ImageObject","@id":"https:\/\/www.exploring-umbria.com\/de\/#logo","inLanguage":"de","url":"https:\/\/www.exploring-umbria.com\/wp-content\/uploads\/2019\/08\/solo-logo-verde.jpg","contentUrl":"https:\/\/www.exploring-umbria.com\/wp-content\/uploads\/2019\/08\/solo-logo-verde.jpg","width":952,"height":532,"caption":"Exploring Umbria"},"image":{"@id":"https:\/\/www.exploring-umbria.com\/de\/#logo"}},{"@type":"WebSite","@id":"https:\/\/www.exploring-umbria.com\/de\/#website","url":"https:\/\/www.exploring-umbria.com\/de\/","name":"Exploring Umbria","description":"your dates, your mood, your trip","publisher":{"@id":"https:\/\/www.exploring-umbria.com\/de\/#organization"},"potentialAction":[{"@type":"SearchAction","target":{"@type":"EntryPoint","urlTemplate":"https:\/\/www.exploring-umbria.com\/de\/?s={search_term_string}"},"query-input":"required name=search_term_string"}],"inLanguage":"de"},{"@type":"ImageObject","@id":"https:\/\/www.exploring-umbria.com\/de\/borghi-in-umbria-tanti-piccoli-gioielli-nascosti\/was-es-in-castiglione-del-lago-zu-sehen-gibt\/mittelalterliche-festung-von-castiglione-del-lago\/#primaryimage","inLanguage":"de","url":"https:\/\/www.exploring-umbria.com\/wp-content\/uploads\/2020\/04\/WhatsApp-Image-2020-04-27-at-21.31.23.jpeg","contentUrl":"https:\/\/www.exploring-umbria.com\/wp-content\/uploads\/2020\/04\/WhatsApp-Image-2020-04-27-at-21.31.23.jpeg","width":720,"height":540,"caption":"\u00a9 La Lori ph."},{"@type":"WebPage","@id":"https:\/\/www.exploring-umbria.com\/de\/borghi-in-umbria-tanti-piccoli-gioielli-nascosti\/was-es-in-castiglione-del-lago-zu-sehen-gibt\/mittelalterliche-festung-von-castiglione-del-lago\/#webpage","url":"https:\/\/www.exploring-umbria.com\/de\/borghi-in-umbria-tanti-piccoli-gioielli-nascosti\/was-es-in-castiglione-del-lago-zu-sehen-gibt\/mittelalterliche-festung-von-castiglione-del-lago\/","name":"Mittelalterliche Festung von Castiglione del Lago - Exploring Umbria","isPartOf":{"@id":"https:\/\/www.exploring-umbria.com\/de\/#website"},"primaryImageOfPage":{"@id":"https:\/\/www.exploring-umbria.com\/de\/borghi-in-umbria-tanti-piccoli-gioielli-nascosti\/was-es-in-castiglione-del-lago-zu-sehen-gibt\/mittelalterliche-festung-von-castiglione-del-lago\/#primaryimage"},"datePublished":"2020-05-07T19:49:40+00:00","dateModified":"2020-09-18T17:13:16+00:00","description":"Die mittelalterliche Festung, auch Rocca del Leone oder Rocca Medievale genannt, ist zusammen mit dem Palazzo Ducale della Corgna eine der wichtigsten","breadcrumb":{"@id":"https:\/\/www.exploring-umbria.com\/de\/borghi-in-umbria-tanti-piccoli-gioielli-nascosti\/was-es-in-castiglione-del-lago-zu-sehen-gibt\/mittelalterliche-festung-von-castiglione-del-lago\/#breadcrumb"},"inLanguage":"de","potentialAction":[{"@type":"ReadAction","target":["https:\/\/www.exploring-umbria.com\/de\/borghi-in-umbria-tanti-piccoli-gioielli-nascosti\/was-es-in-castiglione-del-lago-zu-sehen-gibt\/mittelalterliche-festung-von-castiglione-del-lago\/"]}]},{"@type":"BreadcrumbList","@id":"https:\/\/www.exploring-umbria.com\/de\/borghi-in-umbria-tanti-piccoli-gioielli-nascosti\/was-es-in-castiglione-del-lago-zu-sehen-gibt\/mittelalterliche-festung-von-castiglione-del-lago\/#breadcrumb","itemListElement":[{"@type":"ListItem","position":1,"name":"Home","item":"https:\/\/www.exploring-umbria.com\/de\/"},{"@type":"ListItem","position":2,"name":"Borghi in Umbria: tanti piccoli gioielli nascosti","item":"https:\/\/www.exploring-umbria.com\/de\/borghi-in-umbria-tanti-piccoli-gioielli-nascosti\/"},{"@type":"ListItem","position":3,"name":"Was es in Castiglione del Lago zu sehen gibt","item":"https:\/\/www.exploring-umbria.com\/de\/borghi-in-umbria-tanti-piccoli-gioielli-nascosti\/was-es-in-castiglione-del-lago-zu-sehen-gibt\/"},{"@type":"ListItem","position":4,"name":"Mittelalterliche Festung von Castiglione del Lago"}]}]}},"_links":{"self":[{"href":"https:\/\/www.exploring-umbria.com\/de\/wp-json\/wp\/v2\/pages\/40952"}],"collection":[{"href":"https:\/\/www.exploring-umbria.com\/de\/wp-json\/wp\/v2\/pages"}],"about":[{"href":"https:\/\/www.exploring-umbria.com\/de\/wp-json\/wp\/v2\/types\/page"}],"author":[{"embeddable":true,"href":"https:\/\/www.exploring-umbria.com\/de\/wp-json\/wp\/v2\/users\/4"}],"replies":[{"embeddable":true,"href":"https:\/\/www.exploring-umbria.com\/de\/wp-json\/wp\/v2\/comments?post=40952"}],"version-history":[{"count":3,"href":"https:\/\/www.exploring-umbria.com\/de\/wp-json\/wp\/v2\/pages\/40952\/revisions"}],"predecessor-version":[{"id":40961,"href":"https:\/\/www.exploring-umbria.com\/de\/wp-json\/wp\/v2\/pages\/40952\/revisions\/40961"}],"up":[{"embeddable":true,"href":"https:\/\/www.exploring-umbria.com\/de\/wp-json\/wp\/v2\/pages\/40914"}],"wp:featuredmedia":[{"embeddable":true,"href":"https:\/\/www.exploring-umbria.com\/de\/wp-json\/wp\/v2\/media\/34591"}],"wp:attachment":[{"href":"https:\/\/www.exploring-umbria.com\/de\/wp-json\/wp\/v2\/media?parent=40952"}],"curies":[{"name":"wp","href":"https:\/\/api.w.org\/{rel}","templated":true}]}}