{"id":40927,"date":"2020-05-07T19:53:21","date_gmt":"2020-05-07T17:53:21","guid":{"rendered":"https:\/\/www.exploring-umbria.com\/borghi-in-umbria-tanti-piccoli-gioielli-nascosti\/cosa-fare-a-castiglione-del-lago\/"},"modified":"2020-09-18T17:39:32","modified_gmt":"2020-09-18T15:39:32","slug":"was-es-in-castiglione-del-lago-zu-tun-gibt","status":"publish","type":"page","link":"https:\/\/www.exploring-umbria.com\/de\/borghi-in-umbria-tanti-piccoli-gioielli-nascosti\/was-es-in-castiglione-del-lago-zu-tun-gibt\/","title":{"rendered":"Was es in Castiglione del Lago zu tun gibt"},"content":{"rendered":"<p><strong>Entdecken Sie mit uns, was es in Castiglione del Lago zu tun gibt.\u00a0<\/strong><\/p>\n<p>Castiglione del Lago ist mit Sicherheit kein Ort, an dem Sie sich langweilen. Dies ist der vielseitigen Landschaft zu verdanken. Hier k\u00f6nnen Sie tats\u00e4chlich die unber\u00fchrte Natur erkunden und sich im Freien entspannen, umgeben von wunderbarem Gr\u00fcn. Machen Sie <strong>Ausritte auf dem Pferd<\/strong>, <strong>Wanderungen<\/strong>, Radtouren mit <a href=\"https:\/\/www.exploring-umbria.com\/de\/aktivitaten\/olive-oil-and-wine-on-the-shores-of-lake-trasimeno\/\" target=\"_blank\" rel=\"noopener noreferrer\">Fahrrad <\/a>oder <strong>Mountainbike<\/strong> und w\u00e4hlen Sie Strecken mit unterschiedlichen Schwierigkeitsgraden aus. Sie k\u00f6nnen <strong>Beachvolleyball <\/strong>oder <strong>Tennis <\/strong>spielen, und wenn Sie m\u00f6chten <strong>reiten<\/strong>. Auch <strong>Motocross <\/strong>oder <strong>Wurftaubenschie\u00dfen <\/strong>sind m\u00f6glich.<\/p>\n<p>Wer hingegen Wassersportarten bevorzugt und die Sch\u00f6nheit des Trasimenischen Sees aus der N\u00e4he bestaunen m\u00f6chte, kann an <strong>Ausfl\u00fcgen im Segelboot<\/strong>, auf einem <strong>Kahn <\/strong>oder im <strong>Gummiboot <\/strong>teilnehmen. Genie\u00dfen Sie dabei die Zeit alleine oder in Begleitung Ihrer Familie und Freunde. Au\u00dferdem k\u00f6nnen Sie auch Aufregendes erleben, beim <a href=\"https:\/\/www.exploring-umbria.com\/de\/aktivitaten\/kitesurf-mini-corso-sul-lago-trasimeno\/\" target=\"_blank\" rel=\"noopener noreferrer\">Kitesurfen<\/a>, an Bord eines <strong>Kajaks<\/strong> oder beim <strong>Windsurfen<\/strong>, <strong>Schwimmen<\/strong> und <strong>Kanufahren<\/strong>.<\/p>\n","protected":false},"excerpt":{"rendered":"<p>Entdecken Sie mit uns, was es in Castiglione del Lago zu tun gibt.\u00a0 Castiglione del Lago ist mit Sicherheit kein Ort, an dem Sie sich langweilen. Dies ist der vielseitigen Landschaft zu verdanken. Hier k\u00f6nnen Sie tats\u00e4chlich die unber\u00fchrte Natur erkunden und sich im Freien entspannen, umgeben von wunderbarem Gr\u00fcn. Machen Sie Ausritte auf dem [&hellip;]<\/p>\n","protected":false},"author":4,"featured_media":34615,"parent":3271,"menu_order":0,"comment_status":"closed","ping_status":"closed","template":"","meta":{"om_disable_all_campaigns":false,"_monsterinsights_skip_tracking":false,"_monsterinsights_sitenote_active":false,"_monsterinsights_sitenote_note":"","_monsterinsights_sitenote_category":0},"acf":[],"yoast_head":"<!-- This site is optimized with the Yoast SEO plugin v18.4.1 - https:\/\/yoast.com\/wordpress\/plugins\/seo\/ -->\n<title>Was es in Castiglione del Lago zu tun gibt - Exploring Umbria<\/title>\n<meta name=\"description\" content=\"Entdecken Sie mit uns, was es in Castiglione del Lago zu tun gibt.\u00a0 Castiglione del Lago ist mit Sicherheit kein Ort, an dem Sie sich langweilen. Dies ist\" \/>\n<meta name=\"robots\" content=\"index, follow, max-snippet:-1, max-image-preview:large, max-video-preview:-1\" \/>\n<link rel=\"canonical\" href=\"https:\/\/www.exploring-umbria.com\/de\/borghi-in-umbria-tanti-piccoli-gioielli-nascosti\/was-es-in-castiglione-del-lago-zu-tun-gibt\/\" \/>\n<meta property=\"og:locale\" content=\"de_DE\" \/>\n<meta property=\"og:type\" content=\"article\" \/>\n<meta property=\"og:title\" content=\"Was es in Castiglione del Lago zu tun gibt - Exploring Umbria\" \/>\n<meta property=\"og:description\" content=\"Entdecken Sie mit uns, was es in Castiglione del Lago zu tun gibt.\u00a0 Castiglione del Lago ist mit Sicherheit kein Ort, an dem Sie sich langweilen. Dies ist\" \/>\n<meta property=\"og:url\" content=\"https:\/\/www.exploring-umbria.com\/de\/borghi-in-umbria-tanti-piccoli-gioielli-nascosti\/was-es-in-castiglione-del-lago-zu-tun-gibt\/\" \/>\n<meta property=\"og:site_name\" content=\"Exploring Umbria\" \/>\n<meta property=\"article:publisher\" content=\"https:\/\/www.facebook.com\/exploringumbria\/\" \/>\n<meta property=\"article:modified_time\" content=\"2020-09-18T15:39:32+00:00\" \/>\n<meta property=\"og:image\" content=\"https:\/\/www.exploring-umbria.com\/wp-content\/uploads\/2020\/04\/WhatsApp-Image-2020-04-27-at-21.31.26-2.jpeg\" \/>\n\t<meta property=\"og:image:width\" content=\"720\" \/>\n\t<meta property=\"og:image:height\" content=\"960\" \/>\n\t<meta property=\"og:image:type\" content=\"image\/jpeg\" \/>\n<meta name=\"twitter:card\" content=\"summary_large_image\" \/>\n<meta name=\"twitter:label1\" content=\"Gesch\u00e4tzte Lesezeit\" \/>\n\t<meta name=\"twitter:data1\" content=\"1\u00a0Minute\" \/>\n<script type=\"application\/ld+json\" class=\"yoast-schema-graph\">{\"@context\":\"https:\/\/schema.org\",\"@graph\":[{\"@type\":\"Organization\",\"@id\":\"https:\/\/www.exploring-umbria.com\/de\/#organization\",\"name\":\"Exploring Umbria\",\"url\":\"https:\/\/www.exploring-umbria.com\/de\/\",\"sameAs\":[\"https:\/\/www.facebook.com\/exploringumbria\/\",\"https:\/\/www.instagram.com\/exploringumbria\/\"],\"logo\":{\"@type\":\"ImageObject\",\"@id\":\"https:\/\/www.exploring-umbria.com\/de\/#logo\",\"inLanguage\":\"de\",\"url\":\"https:\/\/www.exploring-umbria.com\/wp-content\/uploads\/2019\/08\/solo-logo-verde.jpg\",\"contentUrl\":\"https:\/\/www.exploring-umbria.com\/wp-content\/uploads\/2019\/08\/solo-logo-verde.jpg\",\"width\":952,\"height\":532,\"caption\":\"Exploring Umbria\"},\"image\":{\"@id\":\"https:\/\/www.exploring-umbria.com\/de\/#logo\"}},{\"@type\":\"WebSite\",\"@id\":\"https:\/\/www.exploring-umbria.com\/de\/#website\",\"url\":\"https:\/\/www.exploring-umbria.com\/de\/\",\"name\":\"Exploring Umbria\",\"description\":\"your dates, your mood, your trip\",\"publisher\":{\"@id\":\"https:\/\/www.exploring-umbria.com\/de\/#organization\"},\"potentialAction\":[{\"@type\":\"SearchAction\",\"target\":{\"@type\":\"EntryPoint\",\"urlTemplate\":\"https:\/\/www.exploring-umbria.com\/de\/?s={search_term_string}\"},\"query-input\":\"required name=search_term_string\"}],\"inLanguage\":\"de\"},{\"@type\":\"ImageObject\",\"@id\":\"https:\/\/www.exploring-umbria.com\/de\/borghi-in-umbria-tanti-piccoli-gioielli-nascosti\/was-es-in-castiglione-del-lago-zu-tun-gibt\/#primaryimage\",\"inLanguage\":\"de\",\"url\":\"https:\/\/www.exploring-umbria.com\/wp-content\/uploads\/2020\/04\/WhatsApp-Image-2020-04-27-at-21.31.26-2.jpeg\",\"contentUrl\":\"https:\/\/www.exploring-umbria.com\/wp-content\/uploads\/2020\/04\/WhatsApp-Image-2020-04-27-at-21.31.26-2.jpeg\",\"width\":720,\"height\":960,\"caption\":\"\u00a9 La Lori ph.\"},{\"@type\":\"WebPage\",\"@id\":\"https:\/\/www.exploring-umbria.com\/de\/borghi-in-umbria-tanti-piccoli-gioielli-nascosti\/was-es-in-castiglione-del-lago-zu-tun-gibt\/#webpage\",\"url\":\"https:\/\/www.exploring-umbria.com\/de\/borghi-in-umbria-tanti-piccoli-gioielli-nascosti\/was-es-in-castiglione-del-lago-zu-tun-gibt\/\",\"name\":\"Was es in Castiglione del Lago zu tun gibt - Exploring Umbria\",\"isPartOf\":{\"@id\":\"https:\/\/www.exploring-umbria.com\/de\/#website\"},\"primaryImageOfPage\":{\"@id\":\"https:\/\/www.exploring-umbria.com\/de\/borghi-in-umbria-tanti-piccoli-gioielli-nascosti\/was-es-in-castiglione-del-lago-zu-tun-gibt\/#primaryimage\"},\"datePublished\":\"2020-05-07T17:53:21+00:00\",\"dateModified\":\"2020-09-18T15:39:32+00:00\",\"description\":\"Entdecken Sie mit uns, was es in Castiglione del Lago zu tun gibt.\u00a0 Castiglione del Lago ist mit Sicherheit kein Ort, an dem Sie sich langweilen. Dies ist\",\"breadcrumb\":{\"@id\":\"https:\/\/www.exploring-umbria.com\/de\/borghi-in-umbria-tanti-piccoli-gioielli-nascosti\/was-es-in-castiglione-del-lago-zu-tun-gibt\/#breadcrumb\"},\"inLanguage\":\"de\",\"potentialAction\":[{\"@type\":\"ReadAction\",\"target\":[\"https:\/\/www.exploring-umbria.com\/de\/borghi-in-umbria-tanti-piccoli-gioielli-nascosti\/was-es-in-castiglione-del-lago-zu-tun-gibt\/\"]}]},{\"@type\":\"BreadcrumbList\",\"@id\":\"https:\/\/www.exploring-umbria.com\/de\/borghi-in-umbria-tanti-piccoli-gioielli-nascosti\/was-es-in-castiglione-del-lago-zu-tun-gibt\/#breadcrumb\",\"itemListElement\":[{\"@type\":\"ListItem\",\"position\":1,\"name\":\"Home\",\"item\":\"https:\/\/www.exploring-umbria.com\/de\/\"},{\"@type\":\"ListItem\",\"position\":2,\"name\":\"Borghi in Umbria: tanti piccoli gioielli nascosti\",\"item\":\"https:\/\/www.exploring-umbria.com\/de\/borghi-in-umbria-tanti-piccoli-gioielli-nascosti\/\"},{\"@type\":\"ListItem\",\"position\":3,\"name\":\"Was es in Castiglione del Lago zu tun gibt\"}]}]}<\/script>\n<!-- \/ Yoast SEO plugin. -->","yoast_head_json":{"title":"Was es in Castiglione del Lago zu tun gibt - Exploring Umbria","description":"Entdecken Sie mit uns, was es in Castiglione del Lago zu tun gibt.\u00a0 Castiglione del Lago ist mit Sicherheit kein Ort, an dem Sie sich langweilen. Dies ist","robots":{"index":"index","follow":"follow","max-snippet":"max-snippet:-1","max-image-preview":"max-image-preview:large","max-video-preview":"max-video-preview:-1"},"canonical":"https:\/\/www.exploring-umbria.com\/de\/borghi-in-umbria-tanti-piccoli-gioielli-nascosti\/was-es-in-castiglione-del-lago-zu-tun-gibt\/","og_locale":"de_DE","og_type":"article","og_title":"Was es in Castiglione del Lago zu tun gibt - Exploring Umbria","og_description":"Entdecken Sie mit uns, was es in Castiglione del Lago zu tun gibt.\u00a0 Castiglione del Lago ist mit Sicherheit kein Ort, an dem Sie sich langweilen. Dies ist","og_url":"https:\/\/www.exploring-umbria.com\/de\/borghi-in-umbria-tanti-piccoli-gioielli-nascosti\/was-es-in-castiglione-del-lago-zu-tun-gibt\/","og_site_name":"Exploring Umbria","article_publisher":"https:\/\/www.facebook.com\/exploringumbria\/","article_modified_time":"2020-09-18T15:39:32+00:00","og_image":[{"width":720,"height":960,"url":"https:\/\/www.exploring-umbria.com\/wp-content\/uploads\/2020\/04\/WhatsApp-Image-2020-04-27-at-21.31.26-2.jpeg","type":"image\/jpeg"}],"twitter_card":"summary_large_image","twitter_misc":{"Gesch\u00e4tzte Lesezeit":"1\u00a0Minute"},"schema":{"@context":"https:\/\/schema.org","@graph":[{"@type":"Organization","@id":"https:\/\/www.exploring-umbria.com\/de\/#organization","name":"Exploring Umbria","url":"https:\/\/www.exploring-umbria.com\/de\/","sameAs":["https:\/\/www.facebook.com\/exploringumbria\/","https:\/\/www.instagram.com\/exploringumbria\/"],"logo":{"@type":"ImageObject","@id":"https:\/\/www.exploring-umbria.com\/de\/#logo","inLanguage":"de","url":"https:\/\/www.exploring-umbria.com\/wp-content\/uploads\/2019\/08\/solo-logo-verde.jpg","contentUrl":"https:\/\/www.exploring-umbria.com\/wp-content\/uploads\/2019\/08\/solo-logo-verde.jpg","width":952,"height":532,"caption":"Exploring Umbria"},"image":{"@id":"https:\/\/www.exploring-umbria.com\/de\/#logo"}},{"@type":"WebSite","@id":"https:\/\/www.exploring-umbria.com\/de\/#website","url":"https:\/\/www.exploring-umbria.com\/de\/","name":"Exploring Umbria","description":"your dates, your mood, your trip","publisher":{"@id":"https:\/\/www.exploring-umbria.com\/de\/#organization"},"potentialAction":[{"@type":"SearchAction","target":{"@type":"EntryPoint","urlTemplate":"https:\/\/www.exploring-umbria.com\/de\/?s={search_term_string}"},"query-input":"required name=search_term_string"}],"inLanguage":"de"},{"@type":"ImageObject","@id":"https:\/\/www.exploring-umbria.com\/de\/borghi-in-umbria-tanti-piccoli-gioielli-nascosti\/was-es-in-castiglione-del-lago-zu-tun-gibt\/#primaryimage","inLanguage":"de","url":"https:\/\/www.exploring-umbria.com\/wp-content\/uploads\/2020\/04\/WhatsApp-Image-2020-04-27-at-21.31.26-2.jpeg","contentUrl":"https:\/\/www.exploring-umbria.com\/wp-content\/uploads\/2020\/04\/WhatsApp-Image-2020-04-27-at-21.31.26-2.jpeg","width":720,"height":960,"caption":"\u00a9 La Lori ph."},{"@type":"WebPage","@id":"https:\/\/www.exploring-umbria.com\/de\/borghi-in-umbria-tanti-piccoli-gioielli-nascosti\/was-es-in-castiglione-del-lago-zu-tun-gibt\/#webpage","url":"https:\/\/www.exploring-umbria.com\/de\/borghi-in-umbria-tanti-piccoli-gioielli-nascosti\/was-es-in-castiglione-del-lago-zu-tun-gibt\/","name":"Was es in Castiglione del Lago zu tun gibt - Exploring Umbria","isPartOf":{"@id":"https:\/\/www.exploring-umbria.com\/de\/#website"},"primaryImageOfPage":{"@id":"https:\/\/www.exploring-umbria.com\/de\/borghi-in-umbria-tanti-piccoli-gioielli-nascosti\/was-es-in-castiglione-del-lago-zu-tun-gibt\/#primaryimage"},"datePublished":"2020-05-07T17:53:21+00:00","dateModified":"2020-09-18T15:39:32+00:00","description":"Entdecken Sie mit uns, was es in Castiglione del Lago zu tun gibt.\u00a0 Castiglione del Lago ist mit Sicherheit kein Ort, an dem Sie sich langweilen. Dies ist","breadcrumb":{"@id":"https:\/\/www.exploring-umbria.com\/de\/borghi-in-umbria-tanti-piccoli-gioielli-nascosti\/was-es-in-castiglione-del-lago-zu-tun-gibt\/#breadcrumb"},"inLanguage":"de","potentialAction":[{"@type":"ReadAction","target":["https:\/\/www.exploring-umbria.com\/de\/borghi-in-umbria-tanti-piccoli-gioielli-nascosti\/was-es-in-castiglione-del-lago-zu-tun-gibt\/"]}]},{"@type":"BreadcrumbList","@id":"https:\/\/www.exploring-umbria.com\/de\/borghi-in-umbria-tanti-piccoli-gioielli-nascosti\/was-es-in-castiglione-del-lago-zu-tun-gibt\/#breadcrumb","itemListElement":[{"@type":"ListItem","position":1,"name":"Home","item":"https:\/\/www.exploring-umbria.com\/de\/"},{"@type":"ListItem","position":2,"name":"Borghi in Umbria: tanti piccoli gioielli nascosti","item":"https:\/\/www.exploring-umbria.com\/de\/borghi-in-umbria-tanti-piccoli-gioielli-nascosti\/"},{"@type":"ListItem","position":3,"name":"Was es in Castiglione del Lago zu tun gibt"}]}]}},"_links":{"self":[{"href":"https:\/\/www.exploring-umbria.com\/de\/wp-json\/wp\/v2\/pages\/40927"}],"collection":[{"href":"https:\/\/www.exploring-umbria.com\/de\/wp-json\/wp\/v2\/pages"}],"about":[{"href":"https:\/\/www.exploring-umbria.com\/de\/wp-json\/wp\/v2\/types\/page"}],"author":[{"embeddable":true,"href":"https:\/\/www.exploring-umbria.com\/de\/wp-json\/wp\/v2\/users\/4"}],"replies":[{"embeddable":true,"href":"https:\/\/www.exploring-umbria.com\/de\/wp-json\/wp\/v2\/comments?post=40927"}],"version-history":[{"count":3,"href":"https:\/\/www.exploring-umbria.com\/de\/wp-json\/wp\/v2\/pages\/40927\/revisions"}],"predecessor-version":[{"id":40937,"href":"https:\/\/www.exploring-umbria.com\/de\/wp-json\/wp\/v2\/pages\/40927\/revisions\/40937"}],"up":[{"embeddable":true,"href":"https:\/\/www.exploring-umbria.com\/de\/wp-json\/wp\/v2\/pages\/3271"}],"wp:featuredmedia":[{"embeddable":true,"href":"https:\/\/www.exploring-umbria.com\/de\/wp-json\/wp\/v2\/media\/34615"}],"wp:attachment":[{"href":"https:\/\/www.exploring-umbria.com\/de\/wp-json\/wp\/v2\/media?parent=40927"}],"curies":[{"name":"wp","href":"https:\/\/api.w.org\/{rel}","templated":true}]}}