{"id":40914,"date":"2020-05-07T18:21:28","date_gmt":"2020-05-07T16:21:28","guid":{"rendered":"https:\/\/www.exploring-umbria.com\/borghi-in-umbria-tanti-piccoli-gioielli-nascosti\/cosa-vedere-a-castiglione-del-lago\/"},"modified":"2020-09-18T17:29:58","modified_gmt":"2020-09-18T15:29:58","slug":"was-es-in-castiglione-del-lago-zu-sehen-gibt","status":"publish","type":"page","link":"https:\/\/www.exploring-umbria.com\/de\/borghi-in-umbria-tanti-piccoli-gioielli-nascosti\/was-es-in-castiglione-del-lago-zu-sehen-gibt\/","title":{"rendered":"Was es in Castiglione del Lago zu sehen gibt"},"content":{"rendered":"<p><strong>Entdecken Sie mit uns, was es in Castiglione del Lago zu sehen gibt.<\/strong><\/p>\n<p>Wenn Sie das Zentrum von Castiglione del Lago besuchen und zu Orten spazieren m\u00f6chten, die fr\u00fcher bedeutenden Personen wie etwa <em>Niccol\u00f2 Machiavelli <\/em>Herberge waren, d\u00fcrfen Sie sich keinesfalls den <strong>Palazzo Ducale della Corgna <\/strong>entgehen lassen. Das ist nur eine der Residenzen der gleichnamigen Familie. Im raffinierten Geb\u00e4ude aus dem 16. Jahrhundert k\u00f6nnen Sie die wunderbaren,von <strong>Niccol\u00f2 Circignani<\/strong>, bekannt als <a href=\"https:\/\/de.wikipedia.org\/wiki\/Niccol%C3%B2_Circignani\" target=\"_blank\" rel=\"noopener noreferrer\">Pomarancio<\/a>, oder von<em> Salvio Savini<\/em>, seinem Sch\u00fcler, mit Fresken verzierten S\u00e4le besichtigen. Die Fresken stellen die Heldentaten des Markgrafen <em>Ascanio della Corgna <\/em>und seiner Familie dar und bestehen aus Ereignissen, die sich in der Geschichte tats\u00e4chlich zugetragen haben, sowie aus Mythen. Von einem der S\u00e4le im Palazzo, der <em>Sala di Cesare<\/em>, k\u00f6nnen Sie einen \u00fcberdachten Gang entlanggehen, der Sie direkt zu einem anderen bedeutenden Bauwerk von Castiglione del Lago f\u00fchrt, zur <strong>mittelalterlichen Festung<\/strong>, besser bekannt als <em>Rocca del Leone<\/em>.<\/p>\n<p>Aufgrund ihrer strategisch g\u00fcnstigen Position, ihrer runden T\u00fcrme und der Robustheit, von der sie gekennzeichnet ist, galt sie als eine der am schwersten zu bezwingenden Festungen im Europa des 16. Jahrhunderts. Ihre wunderbare Sch\u00f6nheit ist bis heute bewundernswert. Einen Besuch verdient auch die <strong>Abtei San Cristoforo<\/strong>, auch als <em>Badia San Cristoforo <\/em>bekannt. Dabei handelt es sich um eine <strong>Benediktinerkirche<\/strong>, die rund um das Jahr 1000 errichtet wurde und sp\u00e4ter in die H\u00e4nde des <strong>Malteserordens <\/strong>\u00fcberging. Ein Teil der Kirche wurde auf den Resten eines alten <strong>Tempels <\/strong>errichtet. Das H\u00fcgelgebiet, auf dem sich die Kirche erhebt, bietet au\u00dferdem noch einen atemberaubenden Ausblick auf den Trasimenischen See. Im historischen Zentrum k\u00f6nnen Sie dar\u00fcber hinaus noch die barocke <strong>Kirche San Domenico di Guzman<\/strong>, die <strong>Kirche Santa Maria Maddalena <\/strong>und den<a href=\"https:\/\/www.exploring-umbria.com\/de\/subcategories\/parks-und-seen\/#heading27246\" target=\"_blank\" rel=\"noopener noreferrer\"> Parco Regionale del Lago Trasimeno<\/a> besichtigen.<\/p>\n<p>Auf der Insel Polvese finden Sie die wunderbare <strong>Rocca dell\u2019Isola Polvese<\/strong>, die \u00dcberreste der Abtei <strong>Abbazia di San Secondo<\/strong>, die <strong>Chiesa di San Giuliano<\/strong> und die <strong>Chiesa di Santa Maria della Cerqua<\/strong>.<\/p>\n","protected":false},"excerpt":{"rendered":"<p>Entdecken Sie mit uns, was es in Castiglione del Lago zu sehen gibt. Wenn Sie das Zentrum von Castiglione del Lago besuchen und zu Orten spazieren m\u00f6chten, die fr\u00fcher bedeutenden Personen wie etwa Niccol\u00f2 Machiavelli Herberge waren, d\u00fcrfen Sie sich keinesfalls den Palazzo Ducale della Corgna entgehen lassen. Das ist nur eine der Residenzen der [&hellip;]<\/p>\n","protected":false},"author":4,"featured_media":34627,"parent":3271,"menu_order":0,"comment_status":"closed","ping_status":"closed","template":"","meta":{"om_disable_all_campaigns":false,"_monsterinsights_skip_tracking":false,"_monsterinsights_sitenote_active":false,"_monsterinsights_sitenote_note":"","_monsterinsights_sitenote_category":0},"acf":[],"yoast_head":"<!-- This site is optimized with the Yoast SEO plugin v18.4.1 - https:\/\/yoast.com\/wordpress\/plugins\/seo\/ -->\n<title>Was es in Castiglione del Lago zu sehen gibt - Exploring Umbria<\/title>\n<meta name=\"description\" content=\"Entdecken Sie mit uns, was es in Castiglione del Lago zu sehen gibt. Wenn Sie das Zentrum von Castiglione del Lago besuchen und zu Orten spazieren\" \/>\n<meta name=\"robots\" content=\"index, follow, max-snippet:-1, max-image-preview:large, max-video-preview:-1\" \/>\n<link rel=\"canonical\" href=\"https:\/\/www.exploring-umbria.com\/de\/borghi-in-umbria-tanti-piccoli-gioielli-nascosti\/was-es-in-castiglione-del-lago-zu-sehen-gibt\/\" \/>\n<meta property=\"og:locale\" content=\"de_DE\" \/>\n<meta property=\"og:type\" content=\"article\" \/>\n<meta property=\"og:title\" content=\"Was es in Castiglione del Lago zu sehen gibt - Exploring Umbria\" \/>\n<meta property=\"og:description\" content=\"Entdecken Sie mit uns, was es in Castiglione del Lago zu sehen gibt. Wenn Sie das Zentrum von Castiglione del Lago besuchen und zu Orten spazieren\" \/>\n<meta property=\"og:url\" content=\"https:\/\/www.exploring-umbria.com\/de\/borghi-in-umbria-tanti-piccoli-gioielli-nascosti\/was-es-in-castiglione-del-lago-zu-sehen-gibt\/\" \/>\n<meta property=\"og:site_name\" content=\"Exploring Umbria\" \/>\n<meta property=\"article:publisher\" content=\"https:\/\/www.facebook.com\/exploringumbria\/\" \/>\n<meta property=\"article:modified_time\" content=\"2020-09-18T15:29:58+00:00\" \/>\n<meta property=\"og:image\" content=\"https:\/\/www.exploring-umbria.com\/wp-content\/uploads\/2020\/04\/WhatsApp-Image-2020-04-27-at-21.31.22.jpeg\" \/>\n\t<meta property=\"og:image:width\" content=\"720\" \/>\n\t<meta property=\"og:image:height\" content=\"960\" \/>\n\t<meta property=\"og:image:type\" content=\"image\/jpeg\" \/>\n<meta name=\"twitter:card\" content=\"summary_large_image\" \/>\n<meta name=\"twitter:label1\" content=\"Gesch\u00e4tzte Lesezeit\" \/>\n\t<meta name=\"twitter:data1\" content=\"2\u00a0Minuten\" \/>\n<script type=\"application\/ld+json\" class=\"yoast-schema-graph\">{\"@context\":\"https:\/\/schema.org\",\"@graph\":[{\"@type\":\"Organization\",\"@id\":\"https:\/\/www.exploring-umbria.com\/de\/#organization\",\"name\":\"Exploring Umbria\",\"url\":\"https:\/\/www.exploring-umbria.com\/de\/\",\"sameAs\":[\"https:\/\/www.facebook.com\/exploringumbria\/\",\"https:\/\/www.instagram.com\/exploringumbria\/\"],\"logo\":{\"@type\":\"ImageObject\",\"@id\":\"https:\/\/www.exploring-umbria.com\/de\/#logo\",\"inLanguage\":\"de\",\"url\":\"https:\/\/www.exploring-umbria.com\/wp-content\/uploads\/2019\/08\/solo-logo-verde.jpg\",\"contentUrl\":\"https:\/\/www.exploring-umbria.com\/wp-content\/uploads\/2019\/08\/solo-logo-verde.jpg\",\"width\":952,\"height\":532,\"caption\":\"Exploring Umbria\"},\"image\":{\"@id\":\"https:\/\/www.exploring-umbria.com\/de\/#logo\"}},{\"@type\":\"WebSite\",\"@id\":\"https:\/\/www.exploring-umbria.com\/de\/#website\",\"url\":\"https:\/\/www.exploring-umbria.com\/de\/\",\"name\":\"Exploring Umbria\",\"description\":\"your dates, your mood, your trip\",\"publisher\":{\"@id\":\"https:\/\/www.exploring-umbria.com\/de\/#organization\"},\"potentialAction\":[{\"@type\":\"SearchAction\",\"target\":{\"@type\":\"EntryPoint\",\"urlTemplate\":\"https:\/\/www.exploring-umbria.com\/de\/?s={search_term_string}\"},\"query-input\":\"required name=search_term_string\"}],\"inLanguage\":\"de\"},{\"@type\":\"ImageObject\",\"@id\":\"https:\/\/www.exploring-umbria.com\/de\/borghi-in-umbria-tanti-piccoli-gioielli-nascosti\/was-es-in-castiglione-del-lago-zu-sehen-gibt\/#primaryimage\",\"inLanguage\":\"de\",\"url\":\"https:\/\/www.exploring-umbria.com\/wp-content\/uploads\/2020\/04\/WhatsApp-Image-2020-04-27-at-21.31.22.jpeg\",\"contentUrl\":\"https:\/\/www.exploring-umbria.com\/wp-content\/uploads\/2020\/04\/WhatsApp-Image-2020-04-27-at-21.31.22.jpeg\",\"width\":720,\"height\":960,\"caption\":\"\u00a9 La Lori ph.\"},{\"@type\":\"WebPage\",\"@id\":\"https:\/\/www.exploring-umbria.com\/de\/borghi-in-umbria-tanti-piccoli-gioielli-nascosti\/was-es-in-castiglione-del-lago-zu-sehen-gibt\/#webpage\",\"url\":\"https:\/\/www.exploring-umbria.com\/de\/borghi-in-umbria-tanti-piccoli-gioielli-nascosti\/was-es-in-castiglione-del-lago-zu-sehen-gibt\/\",\"name\":\"Was es in Castiglione del Lago zu sehen gibt - Exploring Umbria\",\"isPartOf\":{\"@id\":\"https:\/\/www.exploring-umbria.com\/de\/#website\"},\"primaryImageOfPage\":{\"@id\":\"https:\/\/www.exploring-umbria.com\/de\/borghi-in-umbria-tanti-piccoli-gioielli-nascosti\/was-es-in-castiglione-del-lago-zu-sehen-gibt\/#primaryimage\"},\"datePublished\":\"2020-05-07T16:21:28+00:00\",\"dateModified\":\"2020-09-18T15:29:58+00:00\",\"description\":\"Entdecken Sie mit uns, was es in Castiglione del Lago zu sehen gibt. Wenn Sie das Zentrum von Castiglione del Lago besuchen und zu Orten spazieren\",\"breadcrumb\":{\"@id\":\"https:\/\/www.exploring-umbria.com\/de\/borghi-in-umbria-tanti-piccoli-gioielli-nascosti\/was-es-in-castiglione-del-lago-zu-sehen-gibt\/#breadcrumb\"},\"inLanguage\":\"de\",\"potentialAction\":[{\"@type\":\"ReadAction\",\"target\":[\"https:\/\/www.exploring-umbria.com\/de\/borghi-in-umbria-tanti-piccoli-gioielli-nascosti\/was-es-in-castiglione-del-lago-zu-sehen-gibt\/\"]}]},{\"@type\":\"BreadcrumbList\",\"@id\":\"https:\/\/www.exploring-umbria.com\/de\/borghi-in-umbria-tanti-piccoli-gioielli-nascosti\/was-es-in-castiglione-del-lago-zu-sehen-gibt\/#breadcrumb\",\"itemListElement\":[{\"@type\":\"ListItem\",\"position\":1,\"name\":\"Home\",\"item\":\"https:\/\/www.exploring-umbria.com\/de\/\"},{\"@type\":\"ListItem\",\"position\":2,\"name\":\"Borghi in Umbria: tanti piccoli gioielli nascosti\",\"item\":\"https:\/\/www.exploring-umbria.com\/de\/borghi-in-umbria-tanti-piccoli-gioielli-nascosti\/\"},{\"@type\":\"ListItem\",\"position\":3,\"name\":\"Was es in Castiglione del Lago zu sehen gibt\"}]}]}<\/script>\n<!-- \/ Yoast SEO plugin. -->","yoast_head_json":{"title":"Was es in Castiglione del Lago zu sehen gibt - Exploring Umbria","description":"Entdecken Sie mit uns, was es in Castiglione del Lago zu sehen gibt. Wenn Sie das Zentrum von Castiglione del Lago besuchen und zu Orten spazieren","robots":{"index":"index","follow":"follow","max-snippet":"max-snippet:-1","max-image-preview":"max-image-preview:large","max-video-preview":"max-video-preview:-1"},"canonical":"https:\/\/www.exploring-umbria.com\/de\/borghi-in-umbria-tanti-piccoli-gioielli-nascosti\/was-es-in-castiglione-del-lago-zu-sehen-gibt\/","og_locale":"de_DE","og_type":"article","og_title":"Was es in Castiglione del Lago zu sehen gibt - Exploring Umbria","og_description":"Entdecken Sie mit uns, was es in Castiglione del Lago zu sehen gibt. Wenn Sie das Zentrum von Castiglione del Lago besuchen und zu Orten spazieren","og_url":"https:\/\/www.exploring-umbria.com\/de\/borghi-in-umbria-tanti-piccoli-gioielli-nascosti\/was-es-in-castiglione-del-lago-zu-sehen-gibt\/","og_site_name":"Exploring Umbria","article_publisher":"https:\/\/www.facebook.com\/exploringumbria\/","article_modified_time":"2020-09-18T15:29:58+00:00","og_image":[{"width":720,"height":960,"url":"https:\/\/www.exploring-umbria.com\/wp-content\/uploads\/2020\/04\/WhatsApp-Image-2020-04-27-at-21.31.22.jpeg","type":"image\/jpeg"}],"twitter_card":"summary_large_image","twitter_misc":{"Gesch\u00e4tzte Lesezeit":"2\u00a0Minuten"},"schema":{"@context":"https:\/\/schema.org","@graph":[{"@type":"Organization","@id":"https:\/\/www.exploring-umbria.com\/de\/#organization","name":"Exploring Umbria","url":"https:\/\/www.exploring-umbria.com\/de\/","sameAs":["https:\/\/www.facebook.com\/exploringumbria\/","https:\/\/www.instagram.com\/exploringumbria\/"],"logo":{"@type":"ImageObject","@id":"https:\/\/www.exploring-umbria.com\/de\/#logo","inLanguage":"de","url":"https:\/\/www.exploring-umbria.com\/wp-content\/uploads\/2019\/08\/solo-logo-verde.jpg","contentUrl":"https:\/\/www.exploring-umbria.com\/wp-content\/uploads\/2019\/08\/solo-logo-verde.jpg","width":952,"height":532,"caption":"Exploring Umbria"},"image":{"@id":"https:\/\/www.exploring-umbria.com\/de\/#logo"}},{"@type":"WebSite","@id":"https:\/\/www.exploring-umbria.com\/de\/#website","url":"https:\/\/www.exploring-umbria.com\/de\/","name":"Exploring Umbria","description":"your dates, your mood, your trip","publisher":{"@id":"https:\/\/www.exploring-umbria.com\/de\/#organization"},"potentialAction":[{"@type":"SearchAction","target":{"@type":"EntryPoint","urlTemplate":"https:\/\/www.exploring-umbria.com\/de\/?s={search_term_string}"},"query-input":"required name=search_term_string"}],"inLanguage":"de"},{"@type":"ImageObject","@id":"https:\/\/www.exploring-umbria.com\/de\/borghi-in-umbria-tanti-piccoli-gioielli-nascosti\/was-es-in-castiglione-del-lago-zu-sehen-gibt\/#primaryimage","inLanguage":"de","url":"https:\/\/www.exploring-umbria.com\/wp-content\/uploads\/2020\/04\/WhatsApp-Image-2020-04-27-at-21.31.22.jpeg","contentUrl":"https:\/\/www.exploring-umbria.com\/wp-content\/uploads\/2020\/04\/WhatsApp-Image-2020-04-27-at-21.31.22.jpeg","width":720,"height":960,"caption":"\u00a9 La Lori ph."},{"@type":"WebPage","@id":"https:\/\/www.exploring-umbria.com\/de\/borghi-in-umbria-tanti-piccoli-gioielli-nascosti\/was-es-in-castiglione-del-lago-zu-sehen-gibt\/#webpage","url":"https:\/\/www.exploring-umbria.com\/de\/borghi-in-umbria-tanti-piccoli-gioielli-nascosti\/was-es-in-castiglione-del-lago-zu-sehen-gibt\/","name":"Was es in Castiglione del Lago zu sehen gibt - Exploring Umbria","isPartOf":{"@id":"https:\/\/www.exploring-umbria.com\/de\/#website"},"primaryImageOfPage":{"@id":"https:\/\/www.exploring-umbria.com\/de\/borghi-in-umbria-tanti-piccoli-gioielli-nascosti\/was-es-in-castiglione-del-lago-zu-sehen-gibt\/#primaryimage"},"datePublished":"2020-05-07T16:21:28+00:00","dateModified":"2020-09-18T15:29:58+00:00","description":"Entdecken Sie mit uns, was es in Castiglione del Lago zu sehen gibt. Wenn Sie das Zentrum von Castiglione del Lago besuchen und zu Orten spazieren","breadcrumb":{"@id":"https:\/\/www.exploring-umbria.com\/de\/borghi-in-umbria-tanti-piccoli-gioielli-nascosti\/was-es-in-castiglione-del-lago-zu-sehen-gibt\/#breadcrumb"},"inLanguage":"de","potentialAction":[{"@type":"ReadAction","target":["https:\/\/www.exploring-umbria.com\/de\/borghi-in-umbria-tanti-piccoli-gioielli-nascosti\/was-es-in-castiglione-del-lago-zu-sehen-gibt\/"]}]},{"@type":"BreadcrumbList","@id":"https:\/\/www.exploring-umbria.com\/de\/borghi-in-umbria-tanti-piccoli-gioielli-nascosti\/was-es-in-castiglione-del-lago-zu-sehen-gibt\/#breadcrumb","itemListElement":[{"@type":"ListItem","position":1,"name":"Home","item":"https:\/\/www.exploring-umbria.com\/de\/"},{"@type":"ListItem","position":2,"name":"Borghi in Umbria: tanti piccoli gioielli nascosti","item":"https:\/\/www.exploring-umbria.com\/de\/borghi-in-umbria-tanti-piccoli-gioielli-nascosti\/"},{"@type":"ListItem","position":3,"name":"Was es in Castiglione del Lago zu sehen gibt"}]}]}},"_links":{"self":[{"href":"https:\/\/www.exploring-umbria.com\/de\/wp-json\/wp\/v2\/pages\/40914"}],"collection":[{"href":"https:\/\/www.exploring-umbria.com\/de\/wp-json\/wp\/v2\/pages"}],"about":[{"href":"https:\/\/www.exploring-umbria.com\/de\/wp-json\/wp\/v2\/types\/page"}],"author":[{"embeddable":true,"href":"https:\/\/www.exploring-umbria.com\/de\/wp-json\/wp\/v2\/users\/4"}],"replies":[{"embeddable":true,"href":"https:\/\/www.exploring-umbria.com\/de\/wp-json\/wp\/v2\/comments?post=40914"}],"version-history":[{"count":3,"href":"https:\/\/www.exploring-umbria.com\/de\/wp-json\/wp\/v2\/pages\/40914\/revisions"}],"predecessor-version":[{"id":40923,"href":"https:\/\/www.exploring-umbria.com\/de\/wp-json\/wp\/v2\/pages\/40914\/revisions\/40923"}],"up":[{"embeddable":true,"href":"https:\/\/www.exploring-umbria.com\/de\/wp-json\/wp\/v2\/pages\/3271"}],"wp:featuredmedia":[{"embeddable":true,"href":"https:\/\/www.exploring-umbria.com\/de\/wp-json\/wp\/v2\/media\/34627"}],"wp:attachment":[{"href":"https:\/\/www.exploring-umbria.com\/de\/wp-json\/wp\/v2\/media?parent=40914"}],"curies":[{"name":"wp","href":"https:\/\/api.w.org\/{rel}","templated":true}]}}