{"id":40880,"date":"2020-05-06T19:39:46","date_gmt":"2020-05-06T17:39:46","guid":{"rendered":"https:\/\/www.exploring-umbria.com\/borghi-in-umbria-tanti-piccoli-gioielli-nascosti\/cosa-fare-a-magione\/"},"modified":"2020-09-18T11:55:31","modified_gmt":"2020-09-18T09:55:31","slug":"was-es-in-magione-zu-tun-gibt","status":"publish","type":"page","link":"https:\/\/www.exploring-umbria.com\/de\/borghi-in-umbria-tanti-piccoli-gioielli-nascosti\/was-es-in-magione-zu-tun-gibt\/","title":{"rendered":"Was es in Magione zu tun gibt"},"content":{"rendered":"<p><strong>Entdecken Sie mit uns, was es in Magione zu tun gibt.<\/strong><\/p>\n<p>Wenn Sie noch nicht genau wissen, was Sie in Magione tun m\u00f6chten, k\u00f6nnen Sie die <strong>Gemeindebibliothek <\/strong>aufsuchen, die der Schriftstellerin Vittoria <a href=\"https:\/\/de.wikipedia.org\/wiki\/Vittoria_Aganoor\" target=\"_blank\" rel=\"noopener noreferrer\">Aganoor Pompilj<\/a> gewidmet ist, und in die Literatur eintauchen. Dort werden sie die vielen bedeutenden Ausgaben entdecken, aus denen der <em>Fonds Aganoor-Pompilj<\/em> besteht, oder Sie nehmen an kulturellen Veranstaltungen teil, die h\u00e4ufig in der Bibliothek organisiert werden.<\/p>\n<p>Wenn Sie hingegen sportbegeister sind, k\u00f6nnen Sie eine Einrichtung besuchen, die speziell f\u00fcr Sportwettk\u00e4mpfe errichtet wurde \u2013 die <strong>Rennstrecke Magione<\/strong>. Im Ortsteil Bacanella. Dieser im Jahr 1937 er\u00f6ffnete Bau ist eine sowohl bei Fahrern wie auch bei Zusehern gesch\u00e4tzte Anlage und ausgerechnet hier entstand die erste italienische Schule f\u00fcr Rennfahrer. Dank einer Gruppe aus jungen Leuten mit besonderer Leidenschaft f\u00fcr den Motorsport, die sich zur <strong>Scuderia Carpine<\/strong> zusammenschlossen. Auf der Rennbahn in Magione werden Sie sich wie die eigentlichen Hauptdarsteller f\u00fchlen, wie die jungen Rennfahrer, die in der Vergangenheit hier waren und eine erw\u00e4hnenswerte Karriere auf den bekanntesten Rennstrecken der Formel 1 gemacht haben. Dazu geh\u00f6ren etwa Enzo Coloni und andere Meister des Motorsports, die in aller Welt beliebt sind, wie Valentino Rossi, Max Biaggi, Jacques Villeneuve, Riccardo Patrese, Alessandro Nannini, Elio De Angelis, Felipe Massa und andere.<\/p>\n<p>Sportbegeisterte erfreuen sich auch am Sportangebot in Magione: Dank der N\u00e4he zum Trasimenischen See erleben Sie adrenalingeladene Tage beim <strong>Windsurfen<\/strong>, <a href=\"https:\/\/www.exploring-umbria.com\/de\/aktivitaten\/kitesurf-mini-corso-sul-lago-trasimeno\/\" target=\"_blank\" rel=\"noopener noreferrer\">Kitesurfen<\/a> <strong>oder<\/strong> beim <strong>Kanu- <\/strong>oder <strong>Kajakfahren<\/strong>. Dar\u00fcber hinaus werden Ihnen wunderbare Ausfl\u00fcge im <strong>Segelboot <\/strong>angeboten. Auch <a href=\"https:\/\/www.exploring-umbria.com\/de\/aktivitaten\/birdwatching-in-umbria-on-the-shores-of-lake-trasimeno\/\" target=\"_blank\" rel=\"noopener noreferrer\">Birdwatching<\/a> in einer interessanten<strong> Naturoase<\/strong> und eine Erkundungszour zu den verschiedenen Spezies, die dieses lebhafte Gebiet am Trasimenischen See bev\u00f6lkern, stehen Ihnen zur Auswahl.<\/p>\n<p>Wenn Sie noch immer unentschlossen sind, dann denken Sie \u00fcber entspannte <strong>Ausritte mit Pferden <\/strong>oder wunderbare Abenteuer mit <strong>Quads<\/strong> nach, um Orte von einzigartiger Sch\u00f6nheit zu entdecken. Die unber\u00fchrte Natur erkunden Sie beim <strong>Wandern<\/strong> durch die W\u00e4lder oder bei Ausfl\u00fcgen mit dem <strong>Mountainbike<\/strong>. Der zauberhafte Ort Magione erwartet Sie!<\/p>\n","protected":false},"excerpt":{"rendered":"<p>Entdecken Sie mit uns, was es in Magione zu tun gibt. Wenn Sie noch nicht genau wissen, was Sie in Magione tun m\u00f6chten, k\u00f6nnen Sie die Gemeindebibliothek aufsuchen, die der Schriftstellerin Vittoria Aganoor Pompilj gewidmet ist, und in die Literatur eintauchen. Dort werden sie die vielen bedeutenden Ausgaben entdecken, aus denen der Fonds Aganoor-Pompilj besteht, [&hellip;]<\/p>\n","protected":false},"author":4,"featured_media":0,"parent":3271,"menu_order":0,"comment_status":"closed","ping_status":"closed","template":"","meta":{"om_disable_all_campaigns":false,"_monsterinsights_skip_tracking":false,"_monsterinsights_sitenote_active":false,"_monsterinsights_sitenote_note":"","_monsterinsights_sitenote_category":0},"acf":[],"yoast_head":"<!-- This site is optimized with the Yoast SEO plugin v18.4.1 - https:\/\/yoast.com\/wordpress\/plugins\/seo\/ -->\n<title>Was es in Magione zu tun gibt - Exploring Umbria<\/title>\n<meta name=\"description\" content=\"Entdecken Sie mit uns, was es in Magione zu tun gibt. Wenn Sie noch nicht genau wissen, was Sie in Magione tun m\u00f6chten, k\u00f6nnen Sie die Gemeindebibliothek\" \/>\n<meta name=\"robots\" content=\"index, follow, max-snippet:-1, max-image-preview:large, max-video-preview:-1\" \/>\n<link rel=\"canonical\" href=\"https:\/\/www.exploring-umbria.com\/de\/borghi-in-umbria-tanti-piccoli-gioielli-nascosti\/was-es-in-magione-zu-tun-gibt\/\" \/>\n<meta property=\"og:locale\" content=\"de_DE\" \/>\n<meta property=\"og:type\" content=\"article\" \/>\n<meta property=\"og:title\" content=\"Was es in Magione zu tun gibt - Exploring Umbria\" \/>\n<meta property=\"og:description\" content=\"Entdecken Sie mit uns, was es in Magione zu tun gibt. Wenn Sie noch nicht genau wissen, was Sie in Magione tun m\u00f6chten, k\u00f6nnen Sie die Gemeindebibliothek\" \/>\n<meta property=\"og:url\" content=\"https:\/\/www.exploring-umbria.com\/de\/borghi-in-umbria-tanti-piccoli-gioielli-nascosti\/was-es-in-magione-zu-tun-gibt\/\" \/>\n<meta property=\"og:site_name\" content=\"Exploring Umbria\" \/>\n<meta property=\"article:publisher\" content=\"https:\/\/www.facebook.com\/exploringumbria\/\" \/>\n<meta property=\"article:modified_time\" content=\"2020-09-18T09:55:31+00:00\" \/>\n<meta name=\"twitter:card\" content=\"summary_large_image\" \/>\n<meta name=\"twitter:label1\" content=\"Gesch\u00e4tzte Lesezeit\" \/>\n\t<meta name=\"twitter:data1\" content=\"2\u00a0Minuten\" \/>\n<script type=\"application\/ld+json\" class=\"yoast-schema-graph\">{\"@context\":\"https:\/\/schema.org\",\"@graph\":[{\"@type\":\"Organization\",\"@id\":\"https:\/\/www.exploring-umbria.com\/de\/#organization\",\"name\":\"Exploring Umbria\",\"url\":\"https:\/\/www.exploring-umbria.com\/de\/\",\"sameAs\":[\"https:\/\/www.facebook.com\/exploringumbria\/\",\"https:\/\/www.instagram.com\/exploringumbria\/\"],\"logo\":{\"@type\":\"ImageObject\",\"@id\":\"https:\/\/www.exploring-umbria.com\/de\/#logo\",\"inLanguage\":\"de\",\"url\":\"https:\/\/www.exploring-umbria.com\/wp-content\/uploads\/2019\/08\/solo-logo-verde.jpg\",\"contentUrl\":\"https:\/\/www.exploring-umbria.com\/wp-content\/uploads\/2019\/08\/solo-logo-verde.jpg\",\"width\":952,\"height\":532,\"caption\":\"Exploring Umbria\"},\"image\":{\"@id\":\"https:\/\/www.exploring-umbria.com\/de\/#logo\"}},{\"@type\":\"WebSite\",\"@id\":\"https:\/\/www.exploring-umbria.com\/de\/#website\",\"url\":\"https:\/\/www.exploring-umbria.com\/de\/\",\"name\":\"Exploring Umbria\",\"description\":\"your dates, your mood, your trip\",\"publisher\":{\"@id\":\"https:\/\/www.exploring-umbria.com\/de\/#organization\"},\"potentialAction\":[{\"@type\":\"SearchAction\",\"target\":{\"@type\":\"EntryPoint\",\"urlTemplate\":\"https:\/\/www.exploring-umbria.com\/de\/?s={search_term_string}\"},\"query-input\":\"required name=search_term_string\"}],\"inLanguage\":\"de\"},{\"@type\":\"WebPage\",\"@id\":\"https:\/\/www.exploring-umbria.com\/de\/borghi-in-umbria-tanti-piccoli-gioielli-nascosti\/was-es-in-magione-zu-tun-gibt\/#webpage\",\"url\":\"https:\/\/www.exploring-umbria.com\/de\/borghi-in-umbria-tanti-piccoli-gioielli-nascosti\/was-es-in-magione-zu-tun-gibt\/\",\"name\":\"Was es in Magione zu tun gibt - Exploring Umbria\",\"isPartOf\":{\"@id\":\"https:\/\/www.exploring-umbria.com\/de\/#website\"},\"datePublished\":\"2020-05-06T17:39:46+00:00\",\"dateModified\":\"2020-09-18T09:55:31+00:00\",\"description\":\"Entdecken Sie mit uns, was es in Magione zu tun gibt. Wenn Sie noch nicht genau wissen, was Sie in Magione tun m\u00f6chten, k\u00f6nnen Sie die Gemeindebibliothek\",\"breadcrumb\":{\"@id\":\"https:\/\/www.exploring-umbria.com\/de\/borghi-in-umbria-tanti-piccoli-gioielli-nascosti\/was-es-in-magione-zu-tun-gibt\/#breadcrumb\"},\"inLanguage\":\"de\",\"potentialAction\":[{\"@type\":\"ReadAction\",\"target\":[\"https:\/\/www.exploring-umbria.com\/de\/borghi-in-umbria-tanti-piccoli-gioielli-nascosti\/was-es-in-magione-zu-tun-gibt\/\"]}]},{\"@type\":\"BreadcrumbList\",\"@id\":\"https:\/\/www.exploring-umbria.com\/de\/borghi-in-umbria-tanti-piccoli-gioielli-nascosti\/was-es-in-magione-zu-tun-gibt\/#breadcrumb\",\"itemListElement\":[{\"@type\":\"ListItem\",\"position\":1,\"name\":\"Home\",\"item\":\"https:\/\/www.exploring-umbria.com\/de\/\"},{\"@type\":\"ListItem\",\"position\":2,\"name\":\"Borghi in Umbria: tanti piccoli gioielli nascosti\",\"item\":\"https:\/\/www.exploring-umbria.com\/de\/borghi-in-umbria-tanti-piccoli-gioielli-nascosti\/\"},{\"@type\":\"ListItem\",\"position\":3,\"name\":\"Was es in Magione zu tun gibt\"}]}]}<\/script>\n<!-- \/ Yoast SEO plugin. -->","yoast_head_json":{"title":"Was es in Magione zu tun gibt - Exploring Umbria","description":"Entdecken Sie mit uns, was es in Magione zu tun gibt. Wenn Sie noch nicht genau wissen, was Sie in Magione tun m\u00f6chten, k\u00f6nnen Sie die Gemeindebibliothek","robots":{"index":"index","follow":"follow","max-snippet":"max-snippet:-1","max-image-preview":"max-image-preview:large","max-video-preview":"max-video-preview:-1"},"canonical":"https:\/\/www.exploring-umbria.com\/de\/borghi-in-umbria-tanti-piccoli-gioielli-nascosti\/was-es-in-magione-zu-tun-gibt\/","og_locale":"de_DE","og_type":"article","og_title":"Was es in Magione zu tun gibt - Exploring Umbria","og_description":"Entdecken Sie mit uns, was es in Magione zu tun gibt. Wenn Sie noch nicht genau wissen, was Sie in Magione tun m\u00f6chten, k\u00f6nnen Sie die Gemeindebibliothek","og_url":"https:\/\/www.exploring-umbria.com\/de\/borghi-in-umbria-tanti-piccoli-gioielli-nascosti\/was-es-in-magione-zu-tun-gibt\/","og_site_name":"Exploring Umbria","article_publisher":"https:\/\/www.facebook.com\/exploringumbria\/","article_modified_time":"2020-09-18T09:55:31+00:00","twitter_card":"summary_large_image","twitter_misc":{"Gesch\u00e4tzte Lesezeit":"2\u00a0Minuten"},"schema":{"@context":"https:\/\/schema.org","@graph":[{"@type":"Organization","@id":"https:\/\/www.exploring-umbria.com\/de\/#organization","name":"Exploring Umbria","url":"https:\/\/www.exploring-umbria.com\/de\/","sameAs":["https:\/\/www.facebook.com\/exploringumbria\/","https:\/\/www.instagram.com\/exploringumbria\/"],"logo":{"@type":"ImageObject","@id":"https:\/\/www.exploring-umbria.com\/de\/#logo","inLanguage":"de","url":"https:\/\/www.exploring-umbria.com\/wp-content\/uploads\/2019\/08\/solo-logo-verde.jpg","contentUrl":"https:\/\/www.exploring-umbria.com\/wp-content\/uploads\/2019\/08\/solo-logo-verde.jpg","width":952,"height":532,"caption":"Exploring Umbria"},"image":{"@id":"https:\/\/www.exploring-umbria.com\/de\/#logo"}},{"@type":"WebSite","@id":"https:\/\/www.exploring-umbria.com\/de\/#website","url":"https:\/\/www.exploring-umbria.com\/de\/","name":"Exploring Umbria","description":"your dates, your mood, your trip","publisher":{"@id":"https:\/\/www.exploring-umbria.com\/de\/#organization"},"potentialAction":[{"@type":"SearchAction","target":{"@type":"EntryPoint","urlTemplate":"https:\/\/www.exploring-umbria.com\/de\/?s={search_term_string}"},"query-input":"required name=search_term_string"}],"inLanguage":"de"},{"@type":"WebPage","@id":"https:\/\/www.exploring-umbria.com\/de\/borghi-in-umbria-tanti-piccoli-gioielli-nascosti\/was-es-in-magione-zu-tun-gibt\/#webpage","url":"https:\/\/www.exploring-umbria.com\/de\/borghi-in-umbria-tanti-piccoli-gioielli-nascosti\/was-es-in-magione-zu-tun-gibt\/","name":"Was es in Magione zu tun gibt - Exploring Umbria","isPartOf":{"@id":"https:\/\/www.exploring-umbria.com\/de\/#website"},"datePublished":"2020-05-06T17:39:46+00:00","dateModified":"2020-09-18T09:55:31+00:00","description":"Entdecken Sie mit uns, was es in Magione zu tun gibt. Wenn Sie noch nicht genau wissen, was Sie in Magione tun m\u00f6chten, k\u00f6nnen Sie die Gemeindebibliothek","breadcrumb":{"@id":"https:\/\/www.exploring-umbria.com\/de\/borghi-in-umbria-tanti-piccoli-gioielli-nascosti\/was-es-in-magione-zu-tun-gibt\/#breadcrumb"},"inLanguage":"de","potentialAction":[{"@type":"ReadAction","target":["https:\/\/www.exploring-umbria.com\/de\/borghi-in-umbria-tanti-piccoli-gioielli-nascosti\/was-es-in-magione-zu-tun-gibt\/"]}]},{"@type":"BreadcrumbList","@id":"https:\/\/www.exploring-umbria.com\/de\/borghi-in-umbria-tanti-piccoli-gioielli-nascosti\/was-es-in-magione-zu-tun-gibt\/#breadcrumb","itemListElement":[{"@type":"ListItem","position":1,"name":"Home","item":"https:\/\/www.exploring-umbria.com\/de\/"},{"@type":"ListItem","position":2,"name":"Borghi in Umbria: tanti piccoli gioielli nascosti","item":"https:\/\/www.exploring-umbria.com\/de\/borghi-in-umbria-tanti-piccoli-gioielli-nascosti\/"},{"@type":"ListItem","position":3,"name":"Was es in Magione zu tun gibt"}]}]}},"_links":{"self":[{"href":"https:\/\/www.exploring-umbria.com\/de\/wp-json\/wp\/v2\/pages\/40880"}],"collection":[{"href":"https:\/\/www.exploring-umbria.com\/de\/wp-json\/wp\/v2\/pages"}],"about":[{"href":"https:\/\/www.exploring-umbria.com\/de\/wp-json\/wp\/v2\/types\/page"}],"author":[{"embeddable":true,"href":"https:\/\/www.exploring-umbria.com\/de\/wp-json\/wp\/v2\/users\/4"}],"replies":[{"embeddable":true,"href":"https:\/\/www.exploring-umbria.com\/de\/wp-json\/wp\/v2\/comments?post=40880"}],"version-history":[{"count":2,"href":"https:\/\/www.exploring-umbria.com\/de\/wp-json\/wp\/v2\/pages\/40880\/revisions"}],"predecessor-version":[{"id":40885,"href":"https:\/\/www.exploring-umbria.com\/de\/wp-json\/wp\/v2\/pages\/40880\/revisions\/40885"}],"up":[{"embeddable":true,"href":"https:\/\/www.exploring-umbria.com\/de\/wp-json\/wp\/v2\/pages\/3271"}],"wp:attachment":[{"href":"https:\/\/www.exploring-umbria.com\/de\/wp-json\/wp\/v2\/media?parent=40880"}],"curies":[{"name":"wp","href":"https:\/\/api.w.org\/{rel}","templated":true}]}}