{"id":40855,"date":"2020-05-06T19:39:38","date_gmt":"2020-05-06T17:39:38","guid":{"rendered":"https:\/\/www.exploring-umbria.com\/borghi-in-umbria-tanti-piccoli-gioielli-nascosti\/scopri-magione-gusto-e-tradizioni-antiche\/"},"modified":"2020-09-18T11:18:12","modified_gmt":"2020-09-18T09:18:12","slug":"entdecken-sie-magione","status":"publish","type":"page","link":"https:\/\/www.exploring-umbria.com\/de\/borghi-in-umbria-tanti-piccoli-gioielli-nascosti\/entdecken-sie-magione\/","title":{"rendered":"Entdecken Sie Magione, urspr\u00fcnglicher Geschmack und alte Traditionen"},"content":{"rendered":"<p><strong>Entdecken Sie den alten Ort Magione, in dem die Zeit stehengeblieben zu sein scheint.\u00a0<\/strong><\/p>\n<p>Der charmante Ort Magione, ein Kleinstadt in der Provinz Perugia, in der knapp f\u00fcnfzehntausend Einwohner leben, liegt auf den H\u00fcgeln \u00fcber dem Trasimenischen See.<\/p>\n<p>Fr\u00fcher <em>Pian di Carpine<\/em> genannt, hat das Dorf seinen heutigen Namen von dem <strong>Herrenhaus<\/strong>. Es war das Geb\u00e4ude, das zur Aufnahme und Unterst\u00fctzung der Pilger errichtet wurde, die in der Stadt Halt machten, und wurde sp\u00e4ter in die Burg der Malteserritter umgewandelt.<\/p>\n<p>Die Urspr\u00fcnge des Dorfes sind etruskisch-r\u00f6misch. Magione war auch Teil des <strong>Byzantinischen Korridors<\/strong>, ein Gebiet von grundlegender Bedeutung w\u00e4hrend der langobardischen Herrschaft, die bis nach Rom reichte und die Herrschaft der Feinde einschr\u00e4nkte. Magione ist auch ber\u00fchmt f\u00fcr die <strong>Verschw\u00f6rung<\/strong> gegen <a href=\"https:\/\/de.wikipedia.org\/wiki\/Cesare_Borgia\" target=\"_blank\" rel=\"noopener noreferrer\">Cesare Borgia<\/a>. Die Ereignisse trugen sich im Schloss des Hierosolimitenordens zu und werden von Machiavelli in seinem ber\u00fchmtesten Werk &#8222;Il Principe&#8220; ausf\u00fchrlich geschildert.<\/p>\n<p>Jedes Jahr k\u00f6nnen Sie auf den Stra\u00dfen von Magione an einer der bedeutendsten Veranstaltungen des Dorfes, der <strong>Settimana Magionese<\/strong>, teilnehmen. Sie findet Anfang August statt und wird bereits zum 40. Mal organisiert. An diesen Tagen kann man die Atmosph\u00e4re der Vergangenheit wiedererleben, dank der Umz\u00fcge, der wunderbaren mittelalterlichen Kost\u00fcme und der wahren Haptdarsteller, die vier Stadtviertel von Magione: Casenuove, Caserino, Comune und Stazione.<\/p>\n<p>Der bedeutendste Moment der Veranstaltung, der zugleich auch der letzte ist, tr\u00e4gt den Mamen <strong>Palio del Giogo<\/strong>. Er wird in Erinnerung an die Rebellion der Einwohner Magiones gegen die Malteserritter im 13. Jahrhundert ausgetragen. W\u00e4hrend des Palio treten die <em>Giogaioli-<\/em>Paare, die die vier Bezirke vertreten, mit dem <strong>Joch auf den Schultern<\/strong> in einem Rennen gegeneinander an, wobei sie versuchen, ihre Gegner zu schlagen. Von den zahlreichen Besuchern wird ihnen dabei zugejubelt. Die Abende werden mit musikalischer Unterhaltung und Spielen gef\u00fcllt. Au\u00dferdem k\u00f6nnen Sie k\u00f6stliche Gerichte aus der Tradition von Magione probieren, die Ihren Gaumen erfreuen werden. Diese Gerichte werden ausschlie\u00dflich aus den besten lokalen Rohstoffen zubereitet, f\u00fcr die auf einen Transport verzichtet wird. Sie k\u00f6nnen an F\u00fchrungen teilnehmen, um das Gebiet, seine Geschichte, seine Denkm\u00e4ler, seine wichtigsten Kunstwerke und auch die zeitgen\u00f6ssischen K\u00fcnstler aus dem Ort zu entdecken.<\/p>\n<p>Im Rahmen der Settimana Magionese findet auch der <strong>Giogo Run Avis Magione<\/strong> statt. Dabei handelt es sich um einen Wettlauf auf einer etwa 10 km langen Strecke mit einem herrlichen Panoramablick auf den wunderbaren Trasimenischen See.<\/p>\n<p>Ein weiteres wichtiges Ereignis, das in Magione stattfindet, ist <strong>Olivagando, D\u00fcfte und Aromen des Herbstes<\/strong>. Diese Veranstaltung wird jedes Jahr im November organisiert und an ihr nimmt der Gro\u00dfteil der Bev\u00f6lkerung teil. <strong>Das Thema sind Lebensmittel und Wein<\/strong>, jedoch haupts\u00e4chlich \u2013 wie aus dem Namen abzuleiten \u2013 \u00d6l. Im Mittelpunkt stehen lokale Produzenten und Verb\u00e4nde. In den Stra\u00dfen des historischen Zentrums von Magione werden St\u00e4nde aufgestellt, an denen Speisen und Wein angeboten werden. Hier k\u00f6nnen Sie auch das feine <a href=\"https:\/\/www.exploring-umbria.com\/de\/subcategories\/natives-olivenoel-extra\/\" target=\"_blank\" rel=\"noopener noreferrer\">\u00d6l <\/a>und die ausgezeichneten traditionellen umbrischen Gerichte probieren.<\/p>\n<p>Vor der au\u00dfergew\u00f6hnlichen Kulisse des Castello dei Cavalieri di Malta mit seinem wunderbaren Hof aus dem 15. Jahrhundert findet hingegen bereits zum 15. Mal das <strong>Trasimeno Music Festival <\/strong>statt, das stets zwischen Ende Juni und Anfang Juli organisiert wird. Die Veranstaltung ist klein und gleichzeitig gro\u00dfartig. Die raffinierten Konzerte werden von Profi- und Laienmusikern f\u00fcr klassische Musik aufgef\u00fchrt, die jedes Jahr aus der ganzen Welt anreisen.<\/p>\n<p>An den Abenden wird angenehme musikalische Unterhaltung geboten. Auch p\u00e4dagogische Workshops f\u00fcr Kinder, Wander- und Reitevents werden organisiert, bei denen Sie die Orte erkunden, an denen Oliven angebaut werden. Aber auch Informationsveranstaltungen zu den Problemen im Zusammenhang mit dem Anbau, Malwettbewerbe und Ausstellungen \u00fcber das am Trasimenischen See produzierten \u00d6l finden statt. Und um die hohe Qualit\u00e4t des \u00d6ls hervorzuheben. W\u00e4hrend der Veranstaltung findet auch die Preisverleihung des Wettbewerbs <strong>La dolce goccia<\/strong> statt. Dabei werden die besten nativen Oliven\u00f6le der Olivenbauern aus dem Gebiet des Trasimenischen Sees und aus angrenzenden Regionen ausgezeichnet.<\/p>\n<p>Zu den Ereignissen, die in Magione besonders gesch\u00e4tzt werden, geh\u00f6rt auch der <strong>Carnevale Magionese<\/strong> mit seinen bunten Masken, Wagen und seinem unbestrittenen Protagonisten, <em>Toni<\/em>. Eine mehr als zwei Meter gro\u00dfe Marionette zieht zusammen mit anderen Riesenmasken in einem Umzug durch die Stadt. Am Ende dieser Parade, die am letzten Sonntag des Karnevals stattfindet, folgt auf der Piazza Matteotti der <em>Prozess f\u00fcr Toni<\/em>. Er wird von den anderen Riesenpuppen f\u00fcr die in Magione begangenen Verbrechen angeklagt und verurteilt. Mit der Verbrennung von Toni endet der Karneval traditionell jedes Jahr.<\/p>\n<p>Die au\u00dfergew\u00f6hnliche Lage der Burg der Malteserritter mit ihrem sch\u00f6nen Innenhof aus dem 15. Jahrhundert war von Ende Juni bis Anfang Juli Schauplatz des Trasimenischen Musikfestivals, das in f\u00fcnfzehn Ausgaben stattfand. Die Veranstaltung ist intim und grandios zugleich. An den raffinierten Konzerten nehmen Musiker und Liebhaber klassischer Musik teil, die sich hier jedes Jahr aus der ganzen Welt versammeln.<\/p>\n<p>Nach den ersten zehn Tagen im Juli findet auch das <strong>Festival<\/strong> <strong>delle bande &amp; Majorettes<\/strong> in Magione statt. Die 14. Auflage dieser Veranstaltung ist der Musik, der Unterhaltung und der guten Laune gewidmet. An ihr nehmen Erwachsene und Jugendliche sowie Gruppen aus der ganzen Region teil.<\/p>\n<p>In den Weilern von Magione, z.B. in <strong>Monte del Lago<\/strong>, findet bereits seit 8 Jahren das <strong>Festival delle Corrispondenze<\/strong> statt. Jedes Jahr am zweiten Septemberwochenende versammeln sich hier zahlreiche schreibbegeisterte Menschen aus ganz Italien. Im Rahmen dieses Festivals findet auch die Verleihung des <em>Premio Nazionale Vittoria Aganoor Pompilj<\/em> statt, mit dem seit zwanzig Jahren der Schriftstellerin mit wieder zum Leben erweckten Briefen und Korrespondenzen die Ehre zu erweisen, da ihr diese Briefe und Korrespondenzen zeitlebens sehr am Herzen lagen.<\/p>\n<p>In <strong>San Savino<\/strong>, einem Ortschteil von Magione, findet jedes Jahr Mitte August die <strong>Sagra delGambero e del Pesce del Lago Trasimeno<\/strong> statt. W\u00e4hrend des Festivals werden an zahlreichen weingastronomoischen St\u00e4nden verschiedene K\u00f6stlichkeiten mit Garnelen und viele andere ausgezeichnete Gerichte angeboten, die von der Geschichte des Gebiets und von seinen Urspr\u00fcngen berichten. Hochwertige Gerichte, die jeden Tag unterschiedlich sind. Die Besucher werden von den zahlreichen Musikern unterhalten, die an allen Tagen auftreten und Livemusik verschiedener Genres auf der <em>Piazzetta, <\/em>im <em>Schloss <\/em>und im <em>Green Night Pub<\/em> zum Besten geben.<\/p>\n<p>Zwischen Ende Juli und den ersten Augusttagen wird in <strong>San Feliciano<\/strong> die <strong>Festa del Giacchio<\/strong> bereits zum 39. Mal organisiert. Die Veranstaltung dauert etwa zehn Tage, und es werden zahlreiche Aktivit\u00e4ten f\u00fcr Besucher angeboten: ein Lauf von \u00fcber 8 km w\u00e4hrend des Rennens von San Feliciano zum Monte del Lago mit der <strong>Giacchio-Troph\u00e4e<\/strong>, ein <strong>Fackelzug<\/strong> <strong>der Boote<\/strong> <strong>mit dem Giacchio-Staffellauf <\/strong>und schlie\u00dflich der j\u00e4hrliche Schachwettbewerb <strong>Trofeo di Scacchi del Trasimeno<\/strong>.<\/p>\n<p>Auch Tanzabende, Sportvorf\u00fchrungen, Theaterauff\u00fchrungen, Ausstellungen und gef\u00fchrte Ausfl\u00fcge mit den Fischern werden angeboten. Neben Ruderwettk\u00e4mpfen, f\u00fcr alle, die sich mit den typischen Booten des Trasimenischen Sees selbst auf die Probe stellen m\u00f6chten, k\u00f6nnen Sie auch an der Veranstaltung <strong>Rematore per un giorno <\/strong>teilnehmen. Zudem sollten Sie bei dieser Gelegenheit die wunderbaren Fischgerichte mit Fisch aus dem Trasimenischen See genie\u00dfen und das Feuerwerk, mit dem die Veranstaltung geschlossen wird, bestaunen.<\/p>\n<p>Zu den kulinarischen Spezialit\u00e4ten von Magione z\u00e4hlen zahlreiche Gerichte mit Fisch aus dem Trasimenischen See \u2013 von Antipasti wie <strong>Crostini mit Karpfenlaichen<\/strong> bis hin zu ersten G\u00e4ngen wie <strong>Taglierini mit Garnelen und Flussbarsch<\/strong> oder <strong>Gnocchetti mit ger\u00e4ucherter Schleie<\/strong>. Anschlie\u00dfend fahren Sie mit <strong>Spie\u00dfchen <\/strong>und <strong>frittiertem Flussbarsch <\/strong>sowie dem k\u00f6stlichen <strong>Tegamaccio <\/strong>fort, mit Aal, Flussbarsch und Schleie. Au\u00dferdem sind unter den typischen Gerichten von Magione auch die <strong>Tagliatelle mit G\u00e4nseragu<\/strong>, die <strong>Torta al Testo <\/strong>und die <strong>Arvoltoli<\/strong> zu erw\u00e4hnen. Letztere sind s\u00fc\u00df oder salzig erh\u00e4ltlich und werden in Magione bereits seit dem 17. Jahrhundert gegessen.<\/p>\n","protected":false},"excerpt":{"rendered":"<p>Entdecken Sie den alten Ort Magione, in dem die Zeit stehengeblieben zu sein scheint.\u00a0 Der charmante Ort Magione, ein Kleinstadt in der Provinz Perugia, in der knapp f\u00fcnfzehntausend Einwohner leben, liegt auf den H\u00fcgeln \u00fcber dem Trasimenischen See. Fr\u00fcher Pian di Carpine genannt, hat das Dorf seinen heutigen Namen von dem Herrenhaus. Es war das [&hellip;]<\/p>\n","protected":false},"author":4,"featured_media":13433,"parent":3271,"menu_order":0,"comment_status":"closed","ping_status":"closed","template":"","meta":{"om_disable_all_campaigns":false,"_monsterinsights_skip_tracking":false,"_monsterinsights_sitenote_active":false,"_monsterinsights_sitenote_note":"","_monsterinsights_sitenote_category":0},"acf":[],"yoast_head":"<!-- This site is optimized with the Yoast SEO plugin v18.4.1 - https:\/\/yoast.com\/wordpress\/plugins\/seo\/ -->\n<title>Entdecken Sie Magione, urspr\u00fcnglicher Geschmack und alte Traditionen - Exploring Umbria<\/title>\n<meta name=\"description\" content=\"Entdecken Sie den alten Ort Magione, in dem die Zeit stehengeblieben zu sein scheint.\u00a0 Der charmante Ort Magione, ein Kleinstadt in der Provinz Perugia,\" \/>\n<meta name=\"robots\" content=\"index, follow, max-snippet:-1, max-image-preview:large, max-video-preview:-1\" \/>\n<link rel=\"canonical\" href=\"https:\/\/www.exploring-umbria.com\/de\/borghi-in-umbria-tanti-piccoli-gioielli-nascosti\/entdecken-sie-magione\/\" \/>\n<meta property=\"og:locale\" content=\"de_DE\" \/>\n<meta property=\"og:type\" content=\"article\" \/>\n<meta property=\"og:title\" content=\"Entdecken Sie Magione, urspr\u00fcnglicher Geschmack und alte Traditionen - Exploring Umbria\" \/>\n<meta property=\"og:description\" content=\"Entdecken Sie den alten Ort Magione, in dem die Zeit stehengeblieben zu sein scheint.\u00a0 Der charmante Ort Magione, ein Kleinstadt in der Provinz Perugia,\" \/>\n<meta property=\"og:url\" content=\"https:\/\/www.exploring-umbria.com\/de\/borghi-in-umbria-tanti-piccoli-gioielli-nascosti\/entdecken-sie-magione\/\" \/>\n<meta property=\"og:site_name\" content=\"Exploring Umbria\" \/>\n<meta property=\"article:publisher\" content=\"https:\/\/www.facebook.com\/exploringumbria\/\" \/>\n<meta property=\"article:modified_time\" content=\"2020-09-18T09:18:12+00:00\" \/>\n<meta property=\"og:image\" content=\"https:\/\/www.exploring-umbria.com\/wp-content\/uploads\/2019\/06\/MAGIONE.jpg\" \/>\n\t<meta property=\"og:image:width\" content=\"500\" \/>\n\t<meta property=\"og:image:height\" content=\"375\" \/>\n\t<meta property=\"og:image:type\" content=\"image\/jpeg\" \/>\n<meta name=\"twitter:card\" content=\"summary_large_image\" \/>\n<meta name=\"twitter:label1\" content=\"Gesch\u00e4tzte Lesezeit\" \/>\n\t<meta name=\"twitter:data1\" content=\"6\u00a0Minuten\" \/>\n<script type=\"application\/ld+json\" class=\"yoast-schema-graph\">{\"@context\":\"https:\/\/schema.org\",\"@graph\":[{\"@type\":\"Organization\",\"@id\":\"https:\/\/www.exploring-umbria.com\/de\/#organization\",\"name\":\"Exploring Umbria\",\"url\":\"https:\/\/www.exploring-umbria.com\/de\/\",\"sameAs\":[\"https:\/\/www.facebook.com\/exploringumbria\/\",\"https:\/\/www.instagram.com\/exploringumbria\/\"],\"logo\":{\"@type\":\"ImageObject\",\"@id\":\"https:\/\/www.exploring-umbria.com\/de\/#logo\",\"inLanguage\":\"de\",\"url\":\"https:\/\/www.exploring-umbria.com\/wp-content\/uploads\/2019\/08\/solo-logo-verde.jpg\",\"contentUrl\":\"https:\/\/www.exploring-umbria.com\/wp-content\/uploads\/2019\/08\/solo-logo-verde.jpg\",\"width\":952,\"height\":532,\"caption\":\"Exploring Umbria\"},\"image\":{\"@id\":\"https:\/\/www.exploring-umbria.com\/de\/#logo\"}},{\"@type\":\"WebSite\",\"@id\":\"https:\/\/www.exploring-umbria.com\/de\/#website\",\"url\":\"https:\/\/www.exploring-umbria.com\/de\/\",\"name\":\"Exploring Umbria\",\"description\":\"your dates, your mood, your trip\",\"publisher\":{\"@id\":\"https:\/\/www.exploring-umbria.com\/de\/#organization\"},\"potentialAction\":[{\"@type\":\"SearchAction\",\"target\":{\"@type\":\"EntryPoint\",\"urlTemplate\":\"https:\/\/www.exploring-umbria.com\/de\/?s={search_term_string}\"},\"query-input\":\"required name=search_term_string\"}],\"inLanguage\":\"de\"},{\"@type\":\"ImageObject\",\"@id\":\"https:\/\/www.exploring-umbria.com\/de\/borghi-in-umbria-tanti-piccoli-gioielli-nascosti\/entdecken-sie-magione\/#primaryimage\",\"inLanguage\":\"de\",\"url\":\"https:\/\/www.exploring-umbria.com\/wp-content\/uploads\/2019\/06\/MAGIONE.jpg\",\"contentUrl\":\"https:\/\/www.exploring-umbria.com\/wp-content\/uploads\/2019\/06\/MAGIONE.jpg\",\"width\":500,\"height\":375,\"caption\":\"Scopri Magione\"},{\"@type\":\"WebPage\",\"@id\":\"https:\/\/www.exploring-umbria.com\/de\/borghi-in-umbria-tanti-piccoli-gioielli-nascosti\/entdecken-sie-magione\/#webpage\",\"url\":\"https:\/\/www.exploring-umbria.com\/de\/borghi-in-umbria-tanti-piccoli-gioielli-nascosti\/entdecken-sie-magione\/\",\"name\":\"Entdecken Sie Magione, urspr\u00fcnglicher Geschmack und alte Traditionen - Exploring Umbria\",\"isPartOf\":{\"@id\":\"https:\/\/www.exploring-umbria.com\/de\/#website\"},\"primaryImageOfPage\":{\"@id\":\"https:\/\/www.exploring-umbria.com\/de\/borghi-in-umbria-tanti-piccoli-gioielli-nascosti\/entdecken-sie-magione\/#primaryimage\"},\"datePublished\":\"2020-05-06T17:39:38+00:00\",\"dateModified\":\"2020-09-18T09:18:12+00:00\",\"description\":\"Entdecken Sie den alten Ort Magione, in dem die Zeit stehengeblieben zu sein scheint.\u00a0 Der charmante Ort Magione, ein Kleinstadt in der Provinz Perugia,\",\"breadcrumb\":{\"@id\":\"https:\/\/www.exploring-umbria.com\/de\/borghi-in-umbria-tanti-piccoli-gioielli-nascosti\/entdecken-sie-magione\/#breadcrumb\"},\"inLanguage\":\"de\",\"potentialAction\":[{\"@type\":\"ReadAction\",\"target\":[\"https:\/\/www.exploring-umbria.com\/de\/borghi-in-umbria-tanti-piccoli-gioielli-nascosti\/entdecken-sie-magione\/\"]}]},{\"@type\":\"BreadcrumbList\",\"@id\":\"https:\/\/www.exploring-umbria.com\/de\/borghi-in-umbria-tanti-piccoli-gioielli-nascosti\/entdecken-sie-magione\/#breadcrumb\",\"itemListElement\":[{\"@type\":\"ListItem\",\"position\":1,\"name\":\"Home\",\"item\":\"https:\/\/www.exploring-umbria.com\/de\/\"},{\"@type\":\"ListItem\",\"position\":2,\"name\":\"Borghi in Umbria: tanti piccoli gioielli nascosti\",\"item\":\"https:\/\/www.exploring-umbria.com\/de\/borghi-in-umbria-tanti-piccoli-gioielli-nascosti\/\"},{\"@type\":\"ListItem\",\"position\":3,\"name\":\"Entdecken Sie Magione, urspr\u00fcnglicher Geschmack und alte Traditionen\"}]}]}<\/script>\n<!-- \/ Yoast SEO plugin. -->","yoast_head_json":{"title":"Entdecken Sie Magione, urspr\u00fcnglicher Geschmack und alte Traditionen - Exploring Umbria","description":"Entdecken Sie den alten Ort Magione, in dem die Zeit stehengeblieben zu sein scheint.\u00a0 Der charmante Ort Magione, ein Kleinstadt in der Provinz Perugia,","robots":{"index":"index","follow":"follow","max-snippet":"max-snippet:-1","max-image-preview":"max-image-preview:large","max-video-preview":"max-video-preview:-1"},"canonical":"https:\/\/www.exploring-umbria.com\/de\/borghi-in-umbria-tanti-piccoli-gioielli-nascosti\/entdecken-sie-magione\/","og_locale":"de_DE","og_type":"article","og_title":"Entdecken Sie Magione, urspr\u00fcnglicher Geschmack und alte Traditionen - Exploring Umbria","og_description":"Entdecken Sie den alten Ort Magione, in dem die Zeit stehengeblieben zu sein scheint.\u00a0 Der charmante Ort Magione, ein Kleinstadt in der Provinz Perugia,","og_url":"https:\/\/www.exploring-umbria.com\/de\/borghi-in-umbria-tanti-piccoli-gioielli-nascosti\/entdecken-sie-magione\/","og_site_name":"Exploring Umbria","article_publisher":"https:\/\/www.facebook.com\/exploringumbria\/","article_modified_time":"2020-09-18T09:18:12+00:00","og_image":[{"width":500,"height":375,"url":"https:\/\/www.exploring-umbria.com\/wp-content\/uploads\/2019\/06\/MAGIONE.jpg","type":"image\/jpeg"}],"twitter_card":"summary_large_image","twitter_misc":{"Gesch\u00e4tzte Lesezeit":"6\u00a0Minuten"},"schema":{"@context":"https:\/\/schema.org","@graph":[{"@type":"Organization","@id":"https:\/\/www.exploring-umbria.com\/de\/#organization","name":"Exploring Umbria","url":"https:\/\/www.exploring-umbria.com\/de\/","sameAs":["https:\/\/www.facebook.com\/exploringumbria\/","https:\/\/www.instagram.com\/exploringumbria\/"],"logo":{"@type":"ImageObject","@id":"https:\/\/www.exploring-umbria.com\/de\/#logo","inLanguage":"de","url":"https:\/\/www.exploring-umbria.com\/wp-content\/uploads\/2019\/08\/solo-logo-verde.jpg","contentUrl":"https:\/\/www.exploring-umbria.com\/wp-content\/uploads\/2019\/08\/solo-logo-verde.jpg","width":952,"height":532,"caption":"Exploring Umbria"},"image":{"@id":"https:\/\/www.exploring-umbria.com\/de\/#logo"}},{"@type":"WebSite","@id":"https:\/\/www.exploring-umbria.com\/de\/#website","url":"https:\/\/www.exploring-umbria.com\/de\/","name":"Exploring Umbria","description":"your dates, your mood, your trip","publisher":{"@id":"https:\/\/www.exploring-umbria.com\/de\/#organization"},"potentialAction":[{"@type":"SearchAction","target":{"@type":"EntryPoint","urlTemplate":"https:\/\/www.exploring-umbria.com\/de\/?s={search_term_string}"},"query-input":"required name=search_term_string"}],"inLanguage":"de"},{"@type":"ImageObject","@id":"https:\/\/www.exploring-umbria.com\/de\/borghi-in-umbria-tanti-piccoli-gioielli-nascosti\/entdecken-sie-magione\/#primaryimage","inLanguage":"de","url":"https:\/\/www.exploring-umbria.com\/wp-content\/uploads\/2019\/06\/MAGIONE.jpg","contentUrl":"https:\/\/www.exploring-umbria.com\/wp-content\/uploads\/2019\/06\/MAGIONE.jpg","width":500,"height":375,"caption":"Scopri Magione"},{"@type":"WebPage","@id":"https:\/\/www.exploring-umbria.com\/de\/borghi-in-umbria-tanti-piccoli-gioielli-nascosti\/entdecken-sie-magione\/#webpage","url":"https:\/\/www.exploring-umbria.com\/de\/borghi-in-umbria-tanti-piccoli-gioielli-nascosti\/entdecken-sie-magione\/","name":"Entdecken Sie Magione, urspr\u00fcnglicher Geschmack und alte Traditionen - Exploring Umbria","isPartOf":{"@id":"https:\/\/www.exploring-umbria.com\/de\/#website"},"primaryImageOfPage":{"@id":"https:\/\/www.exploring-umbria.com\/de\/borghi-in-umbria-tanti-piccoli-gioielli-nascosti\/entdecken-sie-magione\/#primaryimage"},"datePublished":"2020-05-06T17:39:38+00:00","dateModified":"2020-09-18T09:18:12+00:00","description":"Entdecken Sie den alten Ort Magione, in dem die Zeit stehengeblieben zu sein scheint.\u00a0 Der charmante Ort Magione, ein Kleinstadt in der Provinz Perugia,","breadcrumb":{"@id":"https:\/\/www.exploring-umbria.com\/de\/borghi-in-umbria-tanti-piccoli-gioielli-nascosti\/entdecken-sie-magione\/#breadcrumb"},"inLanguage":"de","potentialAction":[{"@type":"ReadAction","target":["https:\/\/www.exploring-umbria.com\/de\/borghi-in-umbria-tanti-piccoli-gioielli-nascosti\/entdecken-sie-magione\/"]}]},{"@type":"BreadcrumbList","@id":"https:\/\/www.exploring-umbria.com\/de\/borghi-in-umbria-tanti-piccoli-gioielli-nascosti\/entdecken-sie-magione\/#breadcrumb","itemListElement":[{"@type":"ListItem","position":1,"name":"Home","item":"https:\/\/www.exploring-umbria.com\/de\/"},{"@type":"ListItem","position":2,"name":"Borghi in Umbria: tanti piccoli gioielli nascosti","item":"https:\/\/www.exploring-umbria.com\/de\/borghi-in-umbria-tanti-piccoli-gioielli-nascosti\/"},{"@type":"ListItem","position":3,"name":"Entdecken Sie Magione, urspr\u00fcnglicher Geschmack und alte Traditionen"}]}]}},"_links":{"self":[{"href":"https:\/\/www.exploring-umbria.com\/de\/wp-json\/wp\/v2\/pages\/40855"}],"collection":[{"href":"https:\/\/www.exploring-umbria.com\/de\/wp-json\/wp\/v2\/pages"}],"about":[{"href":"https:\/\/www.exploring-umbria.com\/de\/wp-json\/wp\/v2\/types\/page"}],"author":[{"embeddable":true,"href":"https:\/\/www.exploring-umbria.com\/de\/wp-json\/wp\/v2\/users\/4"}],"replies":[{"embeddable":true,"href":"https:\/\/www.exploring-umbria.com\/de\/wp-json\/wp\/v2\/comments?post=40855"}],"version-history":[{"count":3,"href":"https:\/\/www.exploring-umbria.com\/de\/wp-json\/wp\/v2\/pages\/40855\/revisions"}],"predecessor-version":[{"id":40865,"href":"https:\/\/www.exploring-umbria.com\/de\/wp-json\/wp\/v2\/pages\/40855\/revisions\/40865"}],"up":[{"embeddable":true,"href":"https:\/\/www.exploring-umbria.com\/de\/wp-json\/wp\/v2\/pages\/3271"}],"wp:featuredmedia":[{"embeddable":true,"href":"https:\/\/www.exploring-umbria.com\/de\/wp-json\/wp\/v2\/media\/13433"}],"wp:attachment":[{"href":"https:\/\/www.exploring-umbria.com\/de\/wp-json\/wp\/v2\/media?parent=40855"}],"curies":[{"name":"wp","href":"https:\/\/api.w.org\/{rel}","templated":true}]}}