{"id":40816,"date":"2019-05-21T14:57:17","date_gmt":"2019-05-21T12:57:17","guid":{"rendered":"https:\/\/www.exploring-umbria.com\/borghi-in-umbria-tanti-piccoli-gioielli-nascosti\/was-es-in-bettona-zu-sehen-gibt\/abbazia-di-san-crispolto\/"},"modified":"2020-09-17T18:25:31","modified_gmt":"2020-09-17T16:25:31","slug":"abtei-san-crispolto","status":"publish","type":"page","link":"https:\/\/www.exploring-umbria.com\/de\/borghi-in-umbria-tanti-piccoli-gioielli-nascosti\/was-es-in-bettona-zu-sehen-gibt\/abtei-san-crispolto\/","title":{"rendered":"Abtei San Crispolto"},"content":{"rendered":"<p>Der \u00e4lteste urkundliche Nachweis f\u00fcr das Bestehen eines Benediktinerklosters im Gebiet von <a href=\"https:\/\/www.exploring-umbria.com\/de\/subcategories\/bettona\/#heading40142\" target=\"_blank\" rel=\"noopener noreferrer\">Bettona<\/a> ist f\u00fcr die <strong>Abtei San Crispolto<\/strong> della Piana zu finden, deren Existenz seit 1014 nachgewiesen ist; das Datum ihrer tats\u00e4chlichen Gr\u00fcndung ist nicht bekannt. Die Abtei, die unter dem Namen Badia bekannt ist, liegt in Passaggio, in der N\u00e4he des Zusammenflusses von Topino und Chiascio, in einem Gebiet, das bereits in r\u00f6mischer Zeit bewohnt war, aber sp\u00e4ter allm\u00e4hlich \u00fcberschwemmt wurde. Die Abtei wurde aus Abfallmaterialien r\u00f6mischer Bauten errichtet und enthielt den Leichnam des Schutzpatrons von Bettona,<a href=\"https:\/\/en.wikipedia.org\/wiki\/Crispoldus\" target=\"_blank\" rel=\"noopener noreferrer\"> San Crispolto<\/a>: Der Legende nach wurde der Heilige tats\u00e4chlich genau an dem Ort gemartert, an dem die Abtei errichtet wurde.<\/p>\n<p>Im Jahr 1238 ging sie an Santa Maria Farneta \u00fcber, ohne Zustimmung der M\u00f6nche, die den Schwund ihrer politischen Macht beobachten konnten. Im Jahr 1265 wurde der Leichnam von San Crispolto innerhalb der Stadtmauern in die neue Kirche San Crispolto der Konventualen Minderbr\u00fcder \u00fcberf\u00fchrt: Mit diesem Ereignis begann eine un\u00fcberwindbare Krise der Benediktiner, deren Bedeutung durch die Ausbreitung der Bettelorden im Laufe des vierzehnten Jahrhunderts allm\u00e4hlich immer weniger wurde. Die Abtei blieb danach im Eigentum der \u00f6rtlichen Pr\u00e4laten, die bis zur Mitte des neunzehnten Jahrhunderts dort lebten. Dann wurde das Geb\u00e4ude zu einem Bauernhof umgebaut. Heute ist das Geb\u00e4ude eine Privatresidenz, und der Eigent\u00fcmer hat das gesamte Geb\u00e4ude restauriert: die Krypta, die dar\u00fcber liegende Apsis, eine der \u00e4ltesten Umbriens, und die Reste des Innenhofs mit Kreuzgang sind als Reste des einstigen Bauwerks erhalten geblieben.<\/p>\n","protected":false},"excerpt":{"rendered":"<p>Der \u00e4lteste urkundliche Nachweis f\u00fcr das Bestehen eines Benediktinerklosters im Gebiet von Bettona ist f\u00fcr die Abtei San Crispolto della Piana zu finden, deren Existenz seit 1014 nachgewiesen ist; das Datum ihrer tats\u00e4chlichen Gr\u00fcndung ist nicht bekannt. Die Abtei, die unter dem Namen Badia bekannt ist, liegt in Passaggio, in der N\u00e4he des Zusammenflusses von [&hellip;]<\/p>\n","protected":false},"author":4,"featured_media":0,"parent":40151,"menu_order":4,"comment_status":"closed","ping_status":"closed","template":"","meta":{"om_disable_all_campaigns":false,"_monsterinsights_skip_tracking":false,"_monsterinsights_sitenote_active":false,"_monsterinsights_sitenote_note":"","_monsterinsights_sitenote_category":0},"acf":[],"yoast_head":"<!-- This site is optimized with the Yoast SEO plugin v18.4.1 - https:\/\/yoast.com\/wordpress\/plugins\/seo\/ -->\n<title>Abtei San Crispolto - Exploring Umbria<\/title>\n<meta name=\"description\" content=\"Der \u00e4lteste urkundliche Nachweis f\u00fcr das Bestehen eines Benediktinerklosters im Gebiet von Bettona ist f\u00fcr die Abtei San Crispolto della Piana zu finden,\" \/>\n<meta name=\"robots\" content=\"index, follow, max-snippet:-1, max-image-preview:large, max-video-preview:-1\" \/>\n<link rel=\"canonical\" href=\"https:\/\/www.exploring-umbria.com\/de\/borghi-in-umbria-tanti-piccoli-gioielli-nascosti\/was-es-in-bettona-zu-sehen-gibt\/abtei-san-crispolto\/\" \/>\n<meta property=\"og:locale\" content=\"de_DE\" \/>\n<meta property=\"og:type\" content=\"article\" \/>\n<meta property=\"og:title\" content=\"Abtei San Crispolto - Exploring Umbria\" \/>\n<meta property=\"og:description\" content=\"Der \u00e4lteste urkundliche Nachweis f\u00fcr das Bestehen eines Benediktinerklosters im Gebiet von Bettona ist f\u00fcr die Abtei San Crispolto della Piana zu finden,\" \/>\n<meta property=\"og:url\" content=\"https:\/\/www.exploring-umbria.com\/de\/borghi-in-umbria-tanti-piccoli-gioielli-nascosti\/was-es-in-bettona-zu-sehen-gibt\/abtei-san-crispolto\/\" \/>\n<meta property=\"og:site_name\" content=\"Exploring Umbria\" \/>\n<meta property=\"article:publisher\" content=\"https:\/\/www.facebook.com\/exploringumbria\/\" \/>\n<meta property=\"article:modified_time\" content=\"2020-09-17T16:25:31+00:00\" \/>\n<meta name=\"twitter:card\" content=\"summary_large_image\" \/>\n<meta name=\"twitter:label1\" content=\"Gesch\u00e4tzte Lesezeit\" \/>\n\t<meta name=\"twitter:data1\" content=\"1\u00a0Minute\" \/>\n<script type=\"application\/ld+json\" class=\"yoast-schema-graph\">{\"@context\":\"https:\/\/schema.org\",\"@graph\":[{\"@type\":\"Organization\",\"@id\":\"https:\/\/www.exploring-umbria.com\/de\/#organization\",\"name\":\"Exploring Umbria\",\"url\":\"https:\/\/www.exploring-umbria.com\/de\/\",\"sameAs\":[\"https:\/\/www.facebook.com\/exploringumbria\/\",\"https:\/\/www.instagram.com\/exploringumbria\/\"],\"logo\":{\"@type\":\"ImageObject\",\"@id\":\"https:\/\/www.exploring-umbria.com\/de\/#logo\",\"inLanguage\":\"de\",\"url\":\"https:\/\/www.exploring-umbria.com\/wp-content\/uploads\/2019\/08\/solo-logo-verde.jpg\",\"contentUrl\":\"https:\/\/www.exploring-umbria.com\/wp-content\/uploads\/2019\/08\/solo-logo-verde.jpg\",\"width\":952,\"height\":532,\"caption\":\"Exploring Umbria\"},\"image\":{\"@id\":\"https:\/\/www.exploring-umbria.com\/de\/#logo\"}},{\"@type\":\"WebSite\",\"@id\":\"https:\/\/www.exploring-umbria.com\/de\/#website\",\"url\":\"https:\/\/www.exploring-umbria.com\/de\/\",\"name\":\"Exploring Umbria\",\"description\":\"your dates, your mood, your trip\",\"publisher\":{\"@id\":\"https:\/\/www.exploring-umbria.com\/de\/#organization\"},\"potentialAction\":[{\"@type\":\"SearchAction\",\"target\":{\"@type\":\"EntryPoint\",\"urlTemplate\":\"https:\/\/www.exploring-umbria.com\/de\/?s={search_term_string}\"},\"query-input\":\"required name=search_term_string\"}],\"inLanguage\":\"de\"},{\"@type\":\"WebPage\",\"@id\":\"https:\/\/www.exploring-umbria.com\/de\/borghi-in-umbria-tanti-piccoli-gioielli-nascosti\/was-es-in-bettona-zu-sehen-gibt\/abtei-san-crispolto\/#webpage\",\"url\":\"https:\/\/www.exploring-umbria.com\/de\/borghi-in-umbria-tanti-piccoli-gioielli-nascosti\/was-es-in-bettona-zu-sehen-gibt\/abtei-san-crispolto\/\",\"name\":\"Abtei San Crispolto - Exploring Umbria\",\"isPartOf\":{\"@id\":\"https:\/\/www.exploring-umbria.com\/de\/#website\"},\"datePublished\":\"2019-05-21T12:57:17+00:00\",\"dateModified\":\"2020-09-17T16:25:31+00:00\",\"description\":\"Der \u00e4lteste urkundliche Nachweis f\u00fcr das Bestehen eines Benediktinerklosters im Gebiet von Bettona ist f\u00fcr die Abtei San Crispolto della Piana zu finden,\",\"breadcrumb\":{\"@id\":\"https:\/\/www.exploring-umbria.com\/de\/borghi-in-umbria-tanti-piccoli-gioielli-nascosti\/was-es-in-bettona-zu-sehen-gibt\/abtei-san-crispolto\/#breadcrumb\"},\"inLanguage\":\"de\",\"potentialAction\":[{\"@type\":\"ReadAction\",\"target\":[\"https:\/\/www.exploring-umbria.com\/de\/borghi-in-umbria-tanti-piccoli-gioielli-nascosti\/was-es-in-bettona-zu-sehen-gibt\/abtei-san-crispolto\/\"]}]},{\"@type\":\"BreadcrumbList\",\"@id\":\"https:\/\/www.exploring-umbria.com\/de\/borghi-in-umbria-tanti-piccoli-gioielli-nascosti\/was-es-in-bettona-zu-sehen-gibt\/abtei-san-crispolto\/#breadcrumb\",\"itemListElement\":[{\"@type\":\"ListItem\",\"position\":1,\"name\":\"Home\",\"item\":\"https:\/\/www.exploring-umbria.com\/de\/\"},{\"@type\":\"ListItem\",\"position\":2,\"name\":\"Borghi in Umbria: tanti piccoli gioielli nascosti\",\"item\":\"https:\/\/www.exploring-umbria.com\/de\/borghi-in-umbria-tanti-piccoli-gioielli-nascosti\/\"},{\"@type\":\"ListItem\",\"position\":3,\"name\":\"Was es in Bettona zu sehen gibt\",\"item\":\"https:\/\/www.exploring-umbria.com\/de\/borghi-in-umbria-tanti-piccoli-gioielli-nascosti\/was-es-in-bettona-zu-sehen-gibt\/\"},{\"@type\":\"ListItem\",\"position\":4,\"name\":\"Abtei San Crispolto\"}]}]}<\/script>\n<!-- \/ Yoast SEO plugin. -->","yoast_head_json":{"title":"Abtei San Crispolto - Exploring Umbria","description":"Der \u00e4lteste urkundliche Nachweis f\u00fcr das Bestehen eines Benediktinerklosters im Gebiet von Bettona ist f\u00fcr die Abtei San Crispolto della Piana zu finden,","robots":{"index":"index","follow":"follow","max-snippet":"max-snippet:-1","max-image-preview":"max-image-preview:large","max-video-preview":"max-video-preview:-1"},"canonical":"https:\/\/www.exploring-umbria.com\/de\/borghi-in-umbria-tanti-piccoli-gioielli-nascosti\/was-es-in-bettona-zu-sehen-gibt\/abtei-san-crispolto\/","og_locale":"de_DE","og_type":"article","og_title":"Abtei San Crispolto - Exploring Umbria","og_description":"Der \u00e4lteste urkundliche Nachweis f\u00fcr das Bestehen eines Benediktinerklosters im Gebiet von Bettona ist f\u00fcr die Abtei San Crispolto della Piana zu finden,","og_url":"https:\/\/www.exploring-umbria.com\/de\/borghi-in-umbria-tanti-piccoli-gioielli-nascosti\/was-es-in-bettona-zu-sehen-gibt\/abtei-san-crispolto\/","og_site_name":"Exploring Umbria","article_publisher":"https:\/\/www.facebook.com\/exploringumbria\/","article_modified_time":"2020-09-17T16:25:31+00:00","twitter_card":"summary_large_image","twitter_misc":{"Gesch\u00e4tzte Lesezeit":"1\u00a0Minute"},"schema":{"@context":"https:\/\/schema.org","@graph":[{"@type":"Organization","@id":"https:\/\/www.exploring-umbria.com\/de\/#organization","name":"Exploring Umbria","url":"https:\/\/www.exploring-umbria.com\/de\/","sameAs":["https:\/\/www.facebook.com\/exploringumbria\/","https:\/\/www.instagram.com\/exploringumbria\/"],"logo":{"@type":"ImageObject","@id":"https:\/\/www.exploring-umbria.com\/de\/#logo","inLanguage":"de","url":"https:\/\/www.exploring-umbria.com\/wp-content\/uploads\/2019\/08\/solo-logo-verde.jpg","contentUrl":"https:\/\/www.exploring-umbria.com\/wp-content\/uploads\/2019\/08\/solo-logo-verde.jpg","width":952,"height":532,"caption":"Exploring Umbria"},"image":{"@id":"https:\/\/www.exploring-umbria.com\/de\/#logo"}},{"@type":"WebSite","@id":"https:\/\/www.exploring-umbria.com\/de\/#website","url":"https:\/\/www.exploring-umbria.com\/de\/","name":"Exploring Umbria","description":"your dates, your mood, your trip","publisher":{"@id":"https:\/\/www.exploring-umbria.com\/de\/#organization"},"potentialAction":[{"@type":"SearchAction","target":{"@type":"EntryPoint","urlTemplate":"https:\/\/www.exploring-umbria.com\/de\/?s={search_term_string}"},"query-input":"required name=search_term_string"}],"inLanguage":"de"},{"@type":"WebPage","@id":"https:\/\/www.exploring-umbria.com\/de\/borghi-in-umbria-tanti-piccoli-gioielli-nascosti\/was-es-in-bettona-zu-sehen-gibt\/abtei-san-crispolto\/#webpage","url":"https:\/\/www.exploring-umbria.com\/de\/borghi-in-umbria-tanti-piccoli-gioielli-nascosti\/was-es-in-bettona-zu-sehen-gibt\/abtei-san-crispolto\/","name":"Abtei San Crispolto - Exploring Umbria","isPartOf":{"@id":"https:\/\/www.exploring-umbria.com\/de\/#website"},"datePublished":"2019-05-21T12:57:17+00:00","dateModified":"2020-09-17T16:25:31+00:00","description":"Der \u00e4lteste urkundliche Nachweis f\u00fcr das Bestehen eines Benediktinerklosters im Gebiet von Bettona ist f\u00fcr die Abtei San Crispolto della Piana zu finden,","breadcrumb":{"@id":"https:\/\/www.exploring-umbria.com\/de\/borghi-in-umbria-tanti-piccoli-gioielli-nascosti\/was-es-in-bettona-zu-sehen-gibt\/abtei-san-crispolto\/#breadcrumb"},"inLanguage":"de","potentialAction":[{"@type":"ReadAction","target":["https:\/\/www.exploring-umbria.com\/de\/borghi-in-umbria-tanti-piccoli-gioielli-nascosti\/was-es-in-bettona-zu-sehen-gibt\/abtei-san-crispolto\/"]}]},{"@type":"BreadcrumbList","@id":"https:\/\/www.exploring-umbria.com\/de\/borghi-in-umbria-tanti-piccoli-gioielli-nascosti\/was-es-in-bettona-zu-sehen-gibt\/abtei-san-crispolto\/#breadcrumb","itemListElement":[{"@type":"ListItem","position":1,"name":"Home","item":"https:\/\/www.exploring-umbria.com\/de\/"},{"@type":"ListItem","position":2,"name":"Borghi in Umbria: tanti piccoli gioielli nascosti","item":"https:\/\/www.exploring-umbria.com\/de\/borghi-in-umbria-tanti-piccoli-gioielli-nascosti\/"},{"@type":"ListItem","position":3,"name":"Was es in Bettona zu sehen gibt","item":"https:\/\/www.exploring-umbria.com\/de\/borghi-in-umbria-tanti-piccoli-gioielli-nascosti\/was-es-in-bettona-zu-sehen-gibt\/"},{"@type":"ListItem","position":4,"name":"Abtei San Crispolto"}]}]}},"_links":{"self":[{"href":"https:\/\/www.exploring-umbria.com\/de\/wp-json\/wp\/v2\/pages\/40816"}],"collection":[{"href":"https:\/\/www.exploring-umbria.com\/de\/wp-json\/wp\/v2\/pages"}],"about":[{"href":"https:\/\/www.exploring-umbria.com\/de\/wp-json\/wp\/v2\/types\/page"}],"author":[{"embeddable":true,"href":"https:\/\/www.exploring-umbria.com\/de\/wp-json\/wp\/v2\/users\/4"}],"replies":[{"embeddable":true,"href":"https:\/\/www.exploring-umbria.com\/de\/wp-json\/wp\/v2\/comments?post=40816"}],"version-history":[{"count":2,"href":"https:\/\/www.exploring-umbria.com\/de\/wp-json\/wp\/v2\/pages\/40816\/revisions"}],"predecessor-version":[{"id":40819,"href":"https:\/\/www.exploring-umbria.com\/de\/wp-json\/wp\/v2\/pages\/40816\/revisions\/40819"}],"up":[{"embeddable":true,"href":"https:\/\/www.exploring-umbria.com\/de\/wp-json\/wp\/v2\/pages\/40151"}],"wp:attachment":[{"href":"https:\/\/www.exploring-umbria.com\/de\/wp-json\/wp\/v2\/media?parent=40816"}],"curies":[{"name":"wp","href":"https:\/\/api.w.org\/{rel}","templated":true}]}}