{"id":40151,"date":"2019-05-21T14:49:53","date_gmt":"2019-05-21T12:49:53","guid":{"rendered":"https:\/\/www.exploring-umbria.com\/borghi-in-umbria-tanti-piccoli-gioielli-nascosti\/cosa-vedere-a-bettona\/"},"modified":"2020-09-09T13:43:21","modified_gmt":"2020-09-09T11:43:21","slug":"was-es-in-bettona-zu-sehen-gibt","status":"publish","type":"page","link":"https:\/\/www.exploring-umbria.com\/de\/borghi-in-umbria-tanti-piccoli-gioielli-nascosti\/was-es-in-bettona-zu-sehen-gibt\/","title":{"rendered":"Was es in Bettona zu sehen gibt"},"content":{"rendered":"<p><strong>Entdecken Sie mit uns, was es in Bettona zu sehen gibt.\u00a0\u00a0<\/strong><\/p>\n<p>Bettona lag an der Via Amerina, einem der wichtigsten Kommunikationswege in den Norden; diese Stra\u00dfe sorgte daf\u00fcr, dass San Crispolto nach Bettona kam. Er evangelisierte die gesamte Gegend. Das Zentrum von Bettona weist einen ellipsenf\u00f6rmigen Grundriss auf und wird seiner gesamten L\u00e4nge nach von der alten Via di Mezzo durchquert, die das Tor Porta Vittorio Emanuele mit dem Tor Porta Romana verbindet, zwei Stadteing\u00e4nge, die heute Porta Santa Caterina und Porta Sant\u2019Antonio genannt werden. Zwei weitere Stadteing\u00e4nge, die jedoch nur f\u00fcr Fu\u00dfg\u00e4nger ge\u00f6ffnet sind, hei\u00dfen Porta San Crispolto und Porta Primo Maggio.<\/p>\n<p>Wenn Sie die Stadt durch einen dieser beiden Zug\u00e4nge betreten, erreichen Sie die Piazza Cavour, ein altes Forum. Rundherum befinden sich die bedeutendsten Geb\u00e4ude der Stadt, etwa das Rathaus und der Palazzo Baglioni, in dem Malatesta Baglioni starb. Au\u00dferdem befindet sich dort der Palazzo della Podest\u00e0, 1731 fertiggestellt, und der Palazzo Biancalana, Landsitz einer Adelsfamilie aus Bettona: Beide Geb\u00e4ude beherbergen heute das Stadtmuseum von Bettona. Das Museum beinhaltet eine arch\u00e4ologische Sammlung sowie eine Gem\u00e4ldegalerie, in der Werke von <em>Fiorenzo di Lorenzo<\/em>, <em>Niccol\u00f2 di Liberatore<\/em> detto <a href=\"https:\/\/it.wikipedia.org\/wiki\/Nicol%C3%B2_Alunno\" target=\"_blank\" rel=\"noopener noreferrer\"><em>l\u2019Alunno<\/em><\/a>, <em>Jacopo Siculo<\/em>, <em>El Greco<\/em> und <em>Pietro Vannucci<\/em>, genannt <a href=\"https:\/\/de.wikipedia.org\/wiki\/Perugino\" target=\"_blank\" rel=\"noopener noreferrer\"><em>Perugino<\/em><\/a>, verwahrt werden. Meisterwerke der Sammlung, die 1904 entstand, sind l\u2019<em>Adorazione<\/em> von <em>Dono Doni<\/em> und eine Terrakottafigur vom Hl. <em>Antonius aus Padua<\/em>.<\/p>\n<p>Nachdem Sie die Gem\u00e4ldegalerie besucht haben, k\u00f6nnen Sie die Kirche Santa Maria Maggiore mit der angrenzenden Kapelle Compagnia della Morte, die zur G\u00e4nze mit Fresken verziert ist, aufsuchen. Darauf folgt das Oratorium Sant\u2018Andrea, Geb\u00e4ude im barocken Stil mit einem wunderbaren Freskenzyklus aus der Sp\u00e4tgotik. Wenn Sie am Brunnen aus dem 19. Jahrhundert, der auf der Piazza steht und auf einem alten Brunnen aus dem Mittelalter errichtet wurde, vorbeigehen, erreichen Sie die Piazza Garibaldi, auf der sich die Kirche San Crispolto befindet. Sie wurde von den Benediktinerm\u00f6nchen im 13. Jahrhundert errichtet. Von dort aus k\u00f6nnen Sie durch die Gassen des Ortes spazieren, in denen sich Ihre Augen mit den Farben und Blumen in den G\u00e4rten der Einwohner Bettonas f\u00fcllen werden. Beim Verlassen der Stadt durch die Stadttore sollten Sie unterhalb der etruskischen und mittelalterlichen Stadtmauern entlangspazieren und den wunderbaren Ausblick genie\u00dfen.<\/p>\n<p>Unweit vom Zentrum befindet sich das <a href=\"https:\/\/www.exploring-umbria.com\/de\/subcategories\/bettona\/#heading40165\" target=\"_blank\" rel=\"noopener noreferrer\">Kloster Sant\u2019Antonio<\/a>, k\u00fcnstlerisches und historisches Erbe mit besonderem Wert. Heute ist es leider nur mehr eine verlassene Ruine. Abseits vom bewohnten Zentrum, bei einem Spaziergang durch die Natur Bettonas, gelangen Sie zu kleinen, h\u00fcbschen und alten Kirchen, etwa San Gregorio, Sant\u2019Onofrio und San Quirico, eine Benediktinerabtei im Ortsteil Cerreto. Hinunter in Richtung Passaggio sollten Sie unbedingt an der Villa Boccaglione Halt machen, und an der ehemaligen Abtei San Crispolto. Wenn Sie hingegen nach Colle hinunter fahren, dann sollten Sie sich das etruskische Grabmal keinesfalls entgehen lassen, das sich an der Stelle der alten etruskischen Nekropole Bettonas befindet.<\/p>\n","protected":false},"excerpt":{"rendered":"<p>Entdecken Sie mit uns, was es in Bettona zu sehen gibt.\u00a0\u00a0 Bettona lag an der Via Amerina, einem der wichtigsten Kommunikationswege in den Norden; diese Stra\u00dfe sorgte daf\u00fcr, dass San Crispolto nach Bettona kam. Er evangelisierte die gesamte Gegend. Das Zentrum von Bettona weist einen ellipsenf\u00f6rmigen Grundriss auf und wird seiner gesamten L\u00e4nge nach von [&hellip;]<\/p>\n","protected":false},"author":4,"featured_media":34336,"parent":3271,"menu_order":0,"comment_status":"closed","ping_status":"closed","template":"","meta":{"om_disable_all_campaigns":false,"_monsterinsights_skip_tracking":false,"_monsterinsights_sitenote_active":false,"_monsterinsights_sitenote_note":"","_monsterinsights_sitenote_category":0},"acf":[],"yoast_head":"<!-- This site is optimized with the Yoast SEO plugin v18.4.1 - https:\/\/yoast.com\/wordpress\/plugins\/seo\/ -->\n<title>Was es in Bettona zu sehen gibt - Exploring Umbria<\/title>\n<meta name=\"description\" content=\"Entdecken Sie mit uns, was es in Bettona zu sehen gibt.\u00a0\u00a0 Bettona lag an der Via Amerina, einem der wichtigsten Kommunikationswege in den Norden; diese\" \/>\n<meta name=\"robots\" content=\"index, follow, max-snippet:-1, max-image-preview:large, max-video-preview:-1\" \/>\n<link rel=\"canonical\" href=\"https:\/\/www.exploring-umbria.com\/de\/borghi-in-umbria-tanti-piccoli-gioielli-nascosti\/was-es-in-bettona-zu-sehen-gibt\/\" \/>\n<meta property=\"og:locale\" content=\"de_DE\" \/>\n<meta property=\"og:type\" content=\"article\" \/>\n<meta property=\"og:title\" content=\"Was es in Bettona zu sehen gibt - Exploring Umbria\" \/>\n<meta property=\"og:description\" content=\"Entdecken Sie mit uns, was es in Bettona zu sehen gibt.\u00a0\u00a0 Bettona lag an der Via Amerina, einem der wichtigsten Kommunikationswege in den Norden; diese\" \/>\n<meta property=\"og:url\" content=\"https:\/\/www.exploring-umbria.com\/de\/borghi-in-umbria-tanti-piccoli-gioielli-nascosti\/was-es-in-bettona-zu-sehen-gibt\/\" \/>\n<meta property=\"og:site_name\" content=\"Exploring Umbria\" \/>\n<meta property=\"article:publisher\" content=\"https:\/\/www.facebook.com\/exploringumbria\/\" \/>\n<meta property=\"article:modified_time\" content=\"2020-09-09T11:43:21+00:00\" \/>\n<meta property=\"og:image\" content=\"https:\/\/www.exploring-umbria.com\/wp-content\/uploads\/2020\/04\/bettona-armando-la-noce.jpg\" \/>\n\t<meta property=\"og:image:width\" content=\"720\" \/>\n\t<meta property=\"og:image:height\" content=\"960\" \/>\n\t<meta property=\"og:image:type\" content=\"image\/jpeg\" \/>\n<meta name=\"twitter:card\" content=\"summary_large_image\" \/>\n<meta name=\"twitter:label1\" content=\"Gesch\u00e4tzte Lesezeit\" \/>\n\t<meta name=\"twitter:data1\" content=\"2\u00a0Minuten\" \/>\n<script type=\"application\/ld+json\" class=\"yoast-schema-graph\">{\"@context\":\"https:\/\/schema.org\",\"@graph\":[{\"@type\":\"Organization\",\"@id\":\"https:\/\/www.exploring-umbria.com\/de\/#organization\",\"name\":\"Exploring Umbria\",\"url\":\"https:\/\/www.exploring-umbria.com\/de\/\",\"sameAs\":[\"https:\/\/www.facebook.com\/exploringumbria\/\",\"https:\/\/www.instagram.com\/exploringumbria\/\"],\"logo\":{\"@type\":\"ImageObject\",\"@id\":\"https:\/\/www.exploring-umbria.com\/de\/#logo\",\"inLanguage\":\"de\",\"url\":\"https:\/\/www.exploring-umbria.com\/wp-content\/uploads\/2019\/08\/solo-logo-verde.jpg\",\"contentUrl\":\"https:\/\/www.exploring-umbria.com\/wp-content\/uploads\/2019\/08\/solo-logo-verde.jpg\",\"width\":952,\"height\":532,\"caption\":\"Exploring Umbria\"},\"image\":{\"@id\":\"https:\/\/www.exploring-umbria.com\/de\/#logo\"}},{\"@type\":\"WebSite\",\"@id\":\"https:\/\/www.exploring-umbria.com\/de\/#website\",\"url\":\"https:\/\/www.exploring-umbria.com\/de\/\",\"name\":\"Exploring Umbria\",\"description\":\"your dates, your mood, your trip\",\"publisher\":{\"@id\":\"https:\/\/www.exploring-umbria.com\/de\/#organization\"},\"potentialAction\":[{\"@type\":\"SearchAction\",\"target\":{\"@type\":\"EntryPoint\",\"urlTemplate\":\"https:\/\/www.exploring-umbria.com\/de\/?s={search_term_string}\"},\"query-input\":\"required name=search_term_string\"}],\"inLanguage\":\"de\"},{\"@type\":\"ImageObject\",\"@id\":\"https:\/\/www.exploring-umbria.com\/de\/borghi-in-umbria-tanti-piccoli-gioielli-nascosti\/was-es-in-bettona-zu-sehen-gibt\/#primaryimage\",\"inLanguage\":\"de\",\"url\":\"https:\/\/www.exploring-umbria.com\/wp-content\/uploads\/2020\/04\/bettona-armando-la-noce.jpg\",\"contentUrl\":\"https:\/\/www.exploring-umbria.com\/wp-content\/uploads\/2020\/04\/bettona-armando-la-noce.jpg\",\"width\":720,\"height\":960,\"caption\":\"\u00a9 Armando La Noce ph.\"},{\"@type\":\"WebPage\",\"@id\":\"https:\/\/www.exploring-umbria.com\/de\/borghi-in-umbria-tanti-piccoli-gioielli-nascosti\/was-es-in-bettona-zu-sehen-gibt\/#webpage\",\"url\":\"https:\/\/www.exploring-umbria.com\/de\/borghi-in-umbria-tanti-piccoli-gioielli-nascosti\/was-es-in-bettona-zu-sehen-gibt\/\",\"name\":\"Was es in Bettona zu sehen gibt - Exploring Umbria\",\"isPartOf\":{\"@id\":\"https:\/\/www.exploring-umbria.com\/de\/#website\"},\"primaryImageOfPage\":{\"@id\":\"https:\/\/www.exploring-umbria.com\/de\/borghi-in-umbria-tanti-piccoli-gioielli-nascosti\/was-es-in-bettona-zu-sehen-gibt\/#primaryimage\"},\"datePublished\":\"2019-05-21T12:49:53+00:00\",\"dateModified\":\"2020-09-09T11:43:21+00:00\",\"description\":\"Entdecken Sie mit uns, was es in Bettona zu sehen gibt.\u00a0\u00a0 Bettona lag an der Via Amerina, einem der wichtigsten Kommunikationswege in den Norden; diese\",\"breadcrumb\":{\"@id\":\"https:\/\/www.exploring-umbria.com\/de\/borghi-in-umbria-tanti-piccoli-gioielli-nascosti\/was-es-in-bettona-zu-sehen-gibt\/#breadcrumb\"},\"inLanguage\":\"de\",\"potentialAction\":[{\"@type\":\"ReadAction\",\"target\":[\"https:\/\/www.exploring-umbria.com\/de\/borghi-in-umbria-tanti-piccoli-gioielli-nascosti\/was-es-in-bettona-zu-sehen-gibt\/\"]}]},{\"@type\":\"BreadcrumbList\",\"@id\":\"https:\/\/www.exploring-umbria.com\/de\/borghi-in-umbria-tanti-piccoli-gioielli-nascosti\/was-es-in-bettona-zu-sehen-gibt\/#breadcrumb\",\"itemListElement\":[{\"@type\":\"ListItem\",\"position\":1,\"name\":\"Home\",\"item\":\"https:\/\/www.exploring-umbria.com\/de\/\"},{\"@type\":\"ListItem\",\"position\":2,\"name\":\"Borghi in Umbria: tanti piccoli gioielli nascosti\",\"item\":\"https:\/\/www.exploring-umbria.com\/de\/borghi-in-umbria-tanti-piccoli-gioielli-nascosti\/\"},{\"@type\":\"ListItem\",\"position\":3,\"name\":\"Was es in Bettona zu sehen gibt\"}]}]}<\/script>\n<!-- \/ Yoast SEO plugin. -->","yoast_head_json":{"title":"Was es in Bettona zu sehen gibt - Exploring Umbria","description":"Entdecken Sie mit uns, was es in Bettona zu sehen gibt.\u00a0\u00a0 Bettona lag an der Via Amerina, einem der wichtigsten Kommunikationswege in den Norden; diese","robots":{"index":"index","follow":"follow","max-snippet":"max-snippet:-1","max-image-preview":"max-image-preview:large","max-video-preview":"max-video-preview:-1"},"canonical":"https:\/\/www.exploring-umbria.com\/de\/borghi-in-umbria-tanti-piccoli-gioielli-nascosti\/was-es-in-bettona-zu-sehen-gibt\/","og_locale":"de_DE","og_type":"article","og_title":"Was es in Bettona zu sehen gibt - Exploring Umbria","og_description":"Entdecken Sie mit uns, was es in Bettona zu sehen gibt.\u00a0\u00a0 Bettona lag an der Via Amerina, einem der wichtigsten Kommunikationswege in den Norden; diese","og_url":"https:\/\/www.exploring-umbria.com\/de\/borghi-in-umbria-tanti-piccoli-gioielli-nascosti\/was-es-in-bettona-zu-sehen-gibt\/","og_site_name":"Exploring Umbria","article_publisher":"https:\/\/www.facebook.com\/exploringumbria\/","article_modified_time":"2020-09-09T11:43:21+00:00","og_image":[{"width":720,"height":960,"url":"https:\/\/www.exploring-umbria.com\/wp-content\/uploads\/2020\/04\/bettona-armando-la-noce.jpg","type":"image\/jpeg"}],"twitter_card":"summary_large_image","twitter_misc":{"Gesch\u00e4tzte Lesezeit":"2\u00a0Minuten"},"schema":{"@context":"https:\/\/schema.org","@graph":[{"@type":"Organization","@id":"https:\/\/www.exploring-umbria.com\/de\/#organization","name":"Exploring Umbria","url":"https:\/\/www.exploring-umbria.com\/de\/","sameAs":["https:\/\/www.facebook.com\/exploringumbria\/","https:\/\/www.instagram.com\/exploringumbria\/"],"logo":{"@type":"ImageObject","@id":"https:\/\/www.exploring-umbria.com\/de\/#logo","inLanguage":"de","url":"https:\/\/www.exploring-umbria.com\/wp-content\/uploads\/2019\/08\/solo-logo-verde.jpg","contentUrl":"https:\/\/www.exploring-umbria.com\/wp-content\/uploads\/2019\/08\/solo-logo-verde.jpg","width":952,"height":532,"caption":"Exploring Umbria"},"image":{"@id":"https:\/\/www.exploring-umbria.com\/de\/#logo"}},{"@type":"WebSite","@id":"https:\/\/www.exploring-umbria.com\/de\/#website","url":"https:\/\/www.exploring-umbria.com\/de\/","name":"Exploring Umbria","description":"your dates, your mood, your trip","publisher":{"@id":"https:\/\/www.exploring-umbria.com\/de\/#organization"},"potentialAction":[{"@type":"SearchAction","target":{"@type":"EntryPoint","urlTemplate":"https:\/\/www.exploring-umbria.com\/de\/?s={search_term_string}"},"query-input":"required name=search_term_string"}],"inLanguage":"de"},{"@type":"ImageObject","@id":"https:\/\/www.exploring-umbria.com\/de\/borghi-in-umbria-tanti-piccoli-gioielli-nascosti\/was-es-in-bettona-zu-sehen-gibt\/#primaryimage","inLanguage":"de","url":"https:\/\/www.exploring-umbria.com\/wp-content\/uploads\/2020\/04\/bettona-armando-la-noce.jpg","contentUrl":"https:\/\/www.exploring-umbria.com\/wp-content\/uploads\/2020\/04\/bettona-armando-la-noce.jpg","width":720,"height":960,"caption":"\u00a9 Armando La Noce ph."},{"@type":"WebPage","@id":"https:\/\/www.exploring-umbria.com\/de\/borghi-in-umbria-tanti-piccoli-gioielli-nascosti\/was-es-in-bettona-zu-sehen-gibt\/#webpage","url":"https:\/\/www.exploring-umbria.com\/de\/borghi-in-umbria-tanti-piccoli-gioielli-nascosti\/was-es-in-bettona-zu-sehen-gibt\/","name":"Was es in Bettona zu sehen gibt - Exploring Umbria","isPartOf":{"@id":"https:\/\/www.exploring-umbria.com\/de\/#website"},"primaryImageOfPage":{"@id":"https:\/\/www.exploring-umbria.com\/de\/borghi-in-umbria-tanti-piccoli-gioielli-nascosti\/was-es-in-bettona-zu-sehen-gibt\/#primaryimage"},"datePublished":"2019-05-21T12:49:53+00:00","dateModified":"2020-09-09T11:43:21+00:00","description":"Entdecken Sie mit uns, was es in Bettona zu sehen gibt.\u00a0\u00a0 Bettona lag an der Via Amerina, einem der wichtigsten Kommunikationswege in den Norden; diese","breadcrumb":{"@id":"https:\/\/www.exploring-umbria.com\/de\/borghi-in-umbria-tanti-piccoli-gioielli-nascosti\/was-es-in-bettona-zu-sehen-gibt\/#breadcrumb"},"inLanguage":"de","potentialAction":[{"@type":"ReadAction","target":["https:\/\/www.exploring-umbria.com\/de\/borghi-in-umbria-tanti-piccoli-gioielli-nascosti\/was-es-in-bettona-zu-sehen-gibt\/"]}]},{"@type":"BreadcrumbList","@id":"https:\/\/www.exploring-umbria.com\/de\/borghi-in-umbria-tanti-piccoli-gioielli-nascosti\/was-es-in-bettona-zu-sehen-gibt\/#breadcrumb","itemListElement":[{"@type":"ListItem","position":1,"name":"Home","item":"https:\/\/www.exploring-umbria.com\/de\/"},{"@type":"ListItem","position":2,"name":"Borghi in Umbria: tanti piccoli gioielli nascosti","item":"https:\/\/www.exploring-umbria.com\/de\/borghi-in-umbria-tanti-piccoli-gioielli-nascosti\/"},{"@type":"ListItem","position":3,"name":"Was es in Bettona zu sehen gibt"}]}]}},"_links":{"self":[{"href":"https:\/\/www.exploring-umbria.com\/de\/wp-json\/wp\/v2\/pages\/40151"}],"collection":[{"href":"https:\/\/www.exploring-umbria.com\/de\/wp-json\/wp\/v2\/pages"}],"about":[{"href":"https:\/\/www.exploring-umbria.com\/de\/wp-json\/wp\/v2\/types\/page"}],"author":[{"embeddable":true,"href":"https:\/\/www.exploring-umbria.com\/de\/wp-json\/wp\/v2\/users\/4"}],"replies":[{"embeddable":true,"href":"https:\/\/www.exploring-umbria.com\/de\/wp-json\/wp\/v2\/comments?post=40151"}],"version-history":[{"count":3,"href":"https:\/\/www.exploring-umbria.com\/de\/wp-json\/wp\/v2\/pages\/40151\/revisions"}],"predecessor-version":[{"id":40173,"href":"https:\/\/www.exploring-umbria.com\/de\/wp-json\/wp\/v2\/pages\/40151\/revisions\/40173"}],"up":[{"embeddable":true,"href":"https:\/\/www.exploring-umbria.com\/de\/wp-json\/wp\/v2\/pages\/3271"}],"wp:featuredmedia":[{"embeddable":true,"href":"https:\/\/www.exploring-umbria.com\/de\/wp-json\/wp\/v2\/media\/34336"}],"wp:attachment":[{"href":"https:\/\/www.exploring-umbria.com\/de\/wp-json\/wp\/v2\/media?parent=40151"}],"curies":[{"name":"wp","href":"https:\/\/api.w.org\/{rel}","templated":true}]}}