{"id":40116,"date":"2019-08-09T14:04:08","date_gmt":"2019-08-09T12:04:08","guid":{"rendered":"https:\/\/www.exploring-umbria.com\/borghi-in-umbria-tanti-piccoli-gioielli-nascosti\/was-es-in-tuoro-sul-trasimeno-zu-sehen-gibt\/pieve-confini\/"},"modified":"2020-09-07T13:14:29","modified_gmt":"2020-09-07T11:14:29","slug":"pfarrkirche-confini","status":"publish","type":"page","link":"https:\/\/www.exploring-umbria.com\/de\/borghi-in-umbria-tanti-piccoli-gioielli-nascosti\/was-es-in-tuoro-sul-trasimeno-zu-sehen-gibt\/pfarrkirche-confini\/","title":{"rendered":"Pfarrkirche Confini"},"content":{"rendered":"<p>Die <strong>Pfarrkirche Santa Maria dei Confini<\/strong>, besser bekannt als <strong>Pieve Confini, <\/strong>ist ein Gebiet, dessen Name auf die Grenzposition zwischen Perugia und Cortona zur\u00fcckzuf\u00fchren ist. Im Mittelalter war es genau die Grenze zwischen den Di\u00f6zesen Perugia und Arezzo.<\/p>\n<p>Die Kirche Santa Maria dei Confini, die sich auf 274 m Seeh\u00f6he befindet, ist das wichtigste Geb\u00e4ude des <strong>romanischen Architekturstils<\/strong> im Gebiet um den <a href=\"https:\/\/www.exploring-umbria.com\/de\/subcategories\/parks-und-seen\/#heading27246\" target=\"_blank\" rel=\"noopener noreferrer\">Trasimenischen See<\/a>.<\/p>\n<p>Die erste schriftliche Erw\u00e4hnung geht auf das Jahr 1037 zur\u00fcck, die zweite Erw\u00e4hnung erfolgte in einem Dokument von <a href=\"https:\/\/de.wikipedia.org\/wiki\/Friedrich_I._(HRR)\" target=\"_blank\" rel=\"noopener noreferrer\">Federico Barbarossa<\/a> vom 13. November 1163. Daher wird angenommen, dass die Errichtung der Kirche im Zeitraum zwischen dem 11. und dem 12. Jahrhundert erfolgte.<\/p>\n<p>Urspr\u00fcnglich erschien die Pfarrkirche Confini sehr elegant und bestand aus drei Schiffen mit zahlreichen Spitzb\u00f6gen, die die Schiffe verzierten und voneinander trennten, und halbrunden Apsiden. Das Presbyterium befand sich in erh\u00f6hter Position, um einen einfacheren Zugang zur Krypta zu erm\u00f6glichen. In den darauffolgenden Jahrhunderten wurde die Pfarrkirche jedoch vollst\u00e4ndig abge\u00e4ndert, da die Fassade neu errichtet wurde. Die Kirche erhielt ein Hauptschiff, eine der Apsiden wurde dem Erdboden gleichgemacht und neben der Kirche entstanden einige Wohnh\u00e4user.<\/p>\n<p>Von au\u00dfen ist die Apsis zu erkennen \u2013 dabei handelt es sich um den einzigen gut erhaltenen Teil der Kirche \u2013 sowie einige Verzierungen \u00fcber dem Portal.<\/p>\n<p>Heute liegt das Gebiet in einem Privatbesitz, ist nicht sehr gut erhalten und gef\u00e4hrlich, da es eine Ruine ist; aufgrund der Einsturzgefahr wurde das Gebiet abgegrenzt, um Sicherheit zu garantieren.<\/p>\n","protected":false},"excerpt":{"rendered":"<p>Die Pfarrkirche Santa Maria dei Confini, besser bekannt als Pieve Confini, ist ein Gebiet, dessen Name auf die Grenzposition zwischen Perugia und Cortona zur\u00fcckzuf\u00fchren ist. Im Mittelalter war es genau die Grenze zwischen den Di\u00f6zesen Perugia und Arezzo. Die Kirche Santa Maria dei Confini, die sich auf 274 m Seeh\u00f6he befindet, ist das wichtigste Geb\u00e4ude [&hellip;]<\/p>\n","protected":false},"author":4,"featured_media":0,"parent":40033,"menu_order":4,"comment_status":"closed","ping_status":"closed","template":"","meta":{"om_disable_all_campaigns":false,"_monsterinsights_skip_tracking":false,"_monsterinsights_sitenote_active":false,"_monsterinsights_sitenote_note":"","_monsterinsights_sitenote_category":0},"acf":[],"yoast_head":"<!-- This site is optimized with the Yoast SEO plugin v18.4.1 - https:\/\/yoast.com\/wordpress\/plugins\/seo\/ -->\n<title>Pfarrkirche Confini - Exploring Umbria<\/title>\n<meta name=\"description\" content=\"Die Pfarrkirche Santa Maria dei Confini, besser bekannt als Pieve Confini, ist ein Gebiet, dessen Name auf die Grenzposition zwischen Perugia und Cortona\" \/>\n<meta name=\"robots\" content=\"index, follow, max-snippet:-1, max-image-preview:large, max-video-preview:-1\" \/>\n<link rel=\"canonical\" href=\"https:\/\/www.exploring-umbria.com\/de\/borghi-in-umbria-tanti-piccoli-gioielli-nascosti\/was-es-in-tuoro-sul-trasimeno-zu-sehen-gibt\/pfarrkirche-confini\/\" \/>\n<meta property=\"og:locale\" content=\"de_DE\" \/>\n<meta property=\"og:type\" content=\"article\" \/>\n<meta property=\"og:title\" content=\"Pfarrkirche Confini - Exploring Umbria\" \/>\n<meta property=\"og:description\" content=\"Die Pfarrkirche Santa Maria dei Confini, besser bekannt als Pieve Confini, ist ein Gebiet, dessen Name auf die Grenzposition zwischen Perugia und Cortona\" \/>\n<meta property=\"og:url\" content=\"https:\/\/www.exploring-umbria.com\/de\/borghi-in-umbria-tanti-piccoli-gioielli-nascosti\/was-es-in-tuoro-sul-trasimeno-zu-sehen-gibt\/pfarrkirche-confini\/\" \/>\n<meta property=\"og:site_name\" content=\"Exploring Umbria\" \/>\n<meta property=\"article:publisher\" content=\"https:\/\/www.facebook.com\/exploringumbria\/\" \/>\n<meta property=\"article:modified_time\" content=\"2020-09-07T11:14:29+00:00\" \/>\n<meta name=\"twitter:card\" content=\"summary_large_image\" \/>\n<meta name=\"twitter:label1\" content=\"Gesch\u00e4tzte Lesezeit\" \/>\n\t<meta name=\"twitter:data1\" content=\"1\u00a0Minute\" \/>\n<script type=\"application\/ld+json\" class=\"yoast-schema-graph\">{\"@context\":\"https:\/\/schema.org\",\"@graph\":[{\"@type\":\"Organization\",\"@id\":\"https:\/\/www.exploring-umbria.com\/de\/#organization\",\"name\":\"Exploring Umbria\",\"url\":\"https:\/\/www.exploring-umbria.com\/de\/\",\"sameAs\":[\"https:\/\/www.facebook.com\/exploringumbria\/\",\"https:\/\/www.instagram.com\/exploringumbria\/\"],\"logo\":{\"@type\":\"ImageObject\",\"@id\":\"https:\/\/www.exploring-umbria.com\/de\/#logo\",\"inLanguage\":\"de\",\"url\":\"https:\/\/www.exploring-umbria.com\/wp-content\/uploads\/2019\/08\/solo-logo-verde.jpg\",\"contentUrl\":\"https:\/\/www.exploring-umbria.com\/wp-content\/uploads\/2019\/08\/solo-logo-verde.jpg\",\"width\":952,\"height\":532,\"caption\":\"Exploring Umbria\"},\"image\":{\"@id\":\"https:\/\/www.exploring-umbria.com\/de\/#logo\"}},{\"@type\":\"WebSite\",\"@id\":\"https:\/\/www.exploring-umbria.com\/de\/#website\",\"url\":\"https:\/\/www.exploring-umbria.com\/de\/\",\"name\":\"Exploring Umbria\",\"description\":\"your dates, your mood, your trip\",\"publisher\":{\"@id\":\"https:\/\/www.exploring-umbria.com\/de\/#organization\"},\"potentialAction\":[{\"@type\":\"SearchAction\",\"target\":{\"@type\":\"EntryPoint\",\"urlTemplate\":\"https:\/\/www.exploring-umbria.com\/de\/?s={search_term_string}\"},\"query-input\":\"required name=search_term_string\"}],\"inLanguage\":\"de\"},{\"@type\":\"WebPage\",\"@id\":\"https:\/\/www.exploring-umbria.com\/de\/borghi-in-umbria-tanti-piccoli-gioielli-nascosti\/was-es-in-tuoro-sul-trasimeno-zu-sehen-gibt\/pfarrkirche-confini\/#webpage\",\"url\":\"https:\/\/www.exploring-umbria.com\/de\/borghi-in-umbria-tanti-piccoli-gioielli-nascosti\/was-es-in-tuoro-sul-trasimeno-zu-sehen-gibt\/pfarrkirche-confini\/\",\"name\":\"Pfarrkirche Confini - Exploring Umbria\",\"isPartOf\":{\"@id\":\"https:\/\/www.exploring-umbria.com\/de\/#website\"},\"datePublished\":\"2019-08-09T12:04:08+00:00\",\"dateModified\":\"2020-09-07T11:14:29+00:00\",\"description\":\"Die Pfarrkirche Santa Maria dei Confini, besser bekannt als Pieve Confini, ist ein Gebiet, dessen Name auf die Grenzposition zwischen Perugia und Cortona\",\"breadcrumb\":{\"@id\":\"https:\/\/www.exploring-umbria.com\/de\/borghi-in-umbria-tanti-piccoli-gioielli-nascosti\/was-es-in-tuoro-sul-trasimeno-zu-sehen-gibt\/pfarrkirche-confini\/#breadcrumb\"},\"inLanguage\":\"de\",\"potentialAction\":[{\"@type\":\"ReadAction\",\"target\":[\"https:\/\/www.exploring-umbria.com\/de\/borghi-in-umbria-tanti-piccoli-gioielli-nascosti\/was-es-in-tuoro-sul-trasimeno-zu-sehen-gibt\/pfarrkirche-confini\/\"]}]},{\"@type\":\"BreadcrumbList\",\"@id\":\"https:\/\/www.exploring-umbria.com\/de\/borghi-in-umbria-tanti-piccoli-gioielli-nascosti\/was-es-in-tuoro-sul-trasimeno-zu-sehen-gibt\/pfarrkirche-confini\/#breadcrumb\",\"itemListElement\":[{\"@type\":\"ListItem\",\"position\":1,\"name\":\"Home\",\"item\":\"https:\/\/www.exploring-umbria.com\/de\/\"},{\"@type\":\"ListItem\",\"position\":2,\"name\":\"Borghi in Umbria: tanti piccoli gioielli nascosti\",\"item\":\"https:\/\/www.exploring-umbria.com\/de\/borghi-in-umbria-tanti-piccoli-gioielli-nascosti\/\"},{\"@type\":\"ListItem\",\"position\":3,\"name\":\"Was es in Tuoro sul Trasimeno zu sehen gibt\",\"item\":\"https:\/\/www.exploring-umbria.com\/de\/borghi-in-umbria-tanti-piccoli-gioielli-nascosti\/was-es-in-tuoro-sul-trasimeno-zu-sehen-gibt\/\"},{\"@type\":\"ListItem\",\"position\":4,\"name\":\"Pfarrkirche Confini\"}]}]}<\/script>\n<!-- \/ Yoast SEO plugin. -->","yoast_head_json":{"title":"Pfarrkirche Confini - Exploring Umbria","description":"Die Pfarrkirche Santa Maria dei Confini, besser bekannt als Pieve Confini, ist ein Gebiet, dessen Name auf die Grenzposition zwischen Perugia und Cortona","robots":{"index":"index","follow":"follow","max-snippet":"max-snippet:-1","max-image-preview":"max-image-preview:large","max-video-preview":"max-video-preview:-1"},"canonical":"https:\/\/www.exploring-umbria.com\/de\/borghi-in-umbria-tanti-piccoli-gioielli-nascosti\/was-es-in-tuoro-sul-trasimeno-zu-sehen-gibt\/pfarrkirche-confini\/","og_locale":"de_DE","og_type":"article","og_title":"Pfarrkirche Confini - Exploring Umbria","og_description":"Die Pfarrkirche Santa Maria dei Confini, besser bekannt als Pieve Confini, ist ein Gebiet, dessen Name auf die Grenzposition zwischen Perugia und Cortona","og_url":"https:\/\/www.exploring-umbria.com\/de\/borghi-in-umbria-tanti-piccoli-gioielli-nascosti\/was-es-in-tuoro-sul-trasimeno-zu-sehen-gibt\/pfarrkirche-confini\/","og_site_name":"Exploring Umbria","article_publisher":"https:\/\/www.facebook.com\/exploringumbria\/","article_modified_time":"2020-09-07T11:14:29+00:00","twitter_card":"summary_large_image","twitter_misc":{"Gesch\u00e4tzte Lesezeit":"1\u00a0Minute"},"schema":{"@context":"https:\/\/schema.org","@graph":[{"@type":"Organization","@id":"https:\/\/www.exploring-umbria.com\/de\/#organization","name":"Exploring Umbria","url":"https:\/\/www.exploring-umbria.com\/de\/","sameAs":["https:\/\/www.facebook.com\/exploringumbria\/","https:\/\/www.instagram.com\/exploringumbria\/"],"logo":{"@type":"ImageObject","@id":"https:\/\/www.exploring-umbria.com\/de\/#logo","inLanguage":"de","url":"https:\/\/www.exploring-umbria.com\/wp-content\/uploads\/2019\/08\/solo-logo-verde.jpg","contentUrl":"https:\/\/www.exploring-umbria.com\/wp-content\/uploads\/2019\/08\/solo-logo-verde.jpg","width":952,"height":532,"caption":"Exploring Umbria"},"image":{"@id":"https:\/\/www.exploring-umbria.com\/de\/#logo"}},{"@type":"WebSite","@id":"https:\/\/www.exploring-umbria.com\/de\/#website","url":"https:\/\/www.exploring-umbria.com\/de\/","name":"Exploring Umbria","description":"your dates, your mood, your trip","publisher":{"@id":"https:\/\/www.exploring-umbria.com\/de\/#organization"},"potentialAction":[{"@type":"SearchAction","target":{"@type":"EntryPoint","urlTemplate":"https:\/\/www.exploring-umbria.com\/de\/?s={search_term_string}"},"query-input":"required name=search_term_string"}],"inLanguage":"de"},{"@type":"WebPage","@id":"https:\/\/www.exploring-umbria.com\/de\/borghi-in-umbria-tanti-piccoli-gioielli-nascosti\/was-es-in-tuoro-sul-trasimeno-zu-sehen-gibt\/pfarrkirche-confini\/#webpage","url":"https:\/\/www.exploring-umbria.com\/de\/borghi-in-umbria-tanti-piccoli-gioielli-nascosti\/was-es-in-tuoro-sul-trasimeno-zu-sehen-gibt\/pfarrkirche-confini\/","name":"Pfarrkirche Confini - Exploring Umbria","isPartOf":{"@id":"https:\/\/www.exploring-umbria.com\/de\/#website"},"datePublished":"2019-08-09T12:04:08+00:00","dateModified":"2020-09-07T11:14:29+00:00","description":"Die Pfarrkirche Santa Maria dei Confini, besser bekannt als Pieve Confini, ist ein Gebiet, dessen Name auf die Grenzposition zwischen Perugia und Cortona","breadcrumb":{"@id":"https:\/\/www.exploring-umbria.com\/de\/borghi-in-umbria-tanti-piccoli-gioielli-nascosti\/was-es-in-tuoro-sul-trasimeno-zu-sehen-gibt\/pfarrkirche-confini\/#breadcrumb"},"inLanguage":"de","potentialAction":[{"@type":"ReadAction","target":["https:\/\/www.exploring-umbria.com\/de\/borghi-in-umbria-tanti-piccoli-gioielli-nascosti\/was-es-in-tuoro-sul-trasimeno-zu-sehen-gibt\/pfarrkirche-confini\/"]}]},{"@type":"BreadcrumbList","@id":"https:\/\/www.exploring-umbria.com\/de\/borghi-in-umbria-tanti-piccoli-gioielli-nascosti\/was-es-in-tuoro-sul-trasimeno-zu-sehen-gibt\/pfarrkirche-confini\/#breadcrumb","itemListElement":[{"@type":"ListItem","position":1,"name":"Home","item":"https:\/\/www.exploring-umbria.com\/de\/"},{"@type":"ListItem","position":2,"name":"Borghi in Umbria: tanti piccoli gioielli nascosti","item":"https:\/\/www.exploring-umbria.com\/de\/borghi-in-umbria-tanti-piccoli-gioielli-nascosti\/"},{"@type":"ListItem","position":3,"name":"Was es in Tuoro sul Trasimeno zu sehen gibt","item":"https:\/\/www.exploring-umbria.com\/de\/borghi-in-umbria-tanti-piccoli-gioielli-nascosti\/was-es-in-tuoro-sul-trasimeno-zu-sehen-gibt\/"},{"@type":"ListItem","position":4,"name":"Pfarrkirche Confini"}]}]}},"_links":{"self":[{"href":"https:\/\/www.exploring-umbria.com\/de\/wp-json\/wp\/v2\/pages\/40116"}],"collection":[{"href":"https:\/\/www.exploring-umbria.com\/de\/wp-json\/wp\/v2\/pages"}],"about":[{"href":"https:\/\/www.exploring-umbria.com\/de\/wp-json\/wp\/v2\/types\/page"}],"author":[{"embeddable":true,"href":"https:\/\/www.exploring-umbria.com\/de\/wp-json\/wp\/v2\/users\/4"}],"replies":[{"embeddable":true,"href":"https:\/\/www.exploring-umbria.com\/de\/wp-json\/wp\/v2\/comments?post=40116"}],"version-history":[{"count":3,"href":"https:\/\/www.exploring-umbria.com\/de\/wp-json\/wp\/v2\/pages\/40116\/revisions"}],"predecessor-version":[{"id":40120,"href":"https:\/\/www.exploring-umbria.com\/de\/wp-json\/wp\/v2\/pages\/40116\/revisions\/40120"}],"up":[{"embeddable":true,"href":"https:\/\/www.exploring-umbria.com\/de\/wp-json\/wp\/v2\/pages\/40033"}],"wp:attachment":[{"href":"https:\/\/www.exploring-umbria.com\/de\/wp-json\/wp\/v2\/media?parent=40116"}],"curies":[{"name":"wp","href":"https:\/\/api.w.org\/{rel}","templated":true}]}}