{"id":40047,"date":"2019-08-09T13:50:42","date_gmt":"2019-08-09T11:50:42","guid":{"rendered":"https:\/\/www.exploring-umbria.com\/borghi-in-umbria-tanti-piccoli-gioielli-nascosti\/was-es-in-tuoro-sul-trasimeno-zu-sehen-gibt\/castello-di-vernazzano\/"},"modified":"2020-09-03T17:23:25","modified_gmt":"2020-09-03T15:23:25","slug":"burg-vernazzano","status":"publish","type":"page","link":"https:\/\/www.exploring-umbria.com\/de\/borghi-in-umbria-tanti-piccoli-gioielli-nascosti\/was-es-in-tuoro-sul-trasimeno-zu-sehen-gibt\/burg-vernazzano\/","title":{"rendered":"Burg Vernazzano"},"content":{"rendered":"<p>Sich in die W\u00e4lder von <a href=\"https:\/\/www.exploring-umbria.com\/de\/subcategories\/tuoro-sul-trasimeno\/#heading40027\" target=\"_blank\" rel=\"noopener noreferrer\">Tuoro sul Trasimeno<\/a> zu begeben ist ein interessantes Erlebnis f\u00fcr alle, bei dem nicht nur die Sch\u00f6nheit der Natur bestaunt werden kann, sondern auch das Besichtigen der \u00dcberreste der <strong>Burg Vernazzano<\/strong> f\u00fcr Erstaunen sorgt.<\/p>\n<p>Auf den H\u00e4ngen des Berges <em>Monte Cas<\/em>tiglione, auf einer felsigen Oberfl\u00e4che, die ca. 25-30 Meter hoch ist, befand sich fr\u00fcher der alte Stadtkern von <a href=\"https:\/\/it.wikipedia.org\/wiki\/Vernazzano\" target=\"_blank\" rel=\"noopener noreferrer\">Vernazzano<\/a>. Die Mauern der Festung begrenzten eine dreieckige Oberfl\u00e4che und waren lediglich von einer Seite aus zug\u00e4nglich, w\u00e4hrend die anderen beiden Seiten durch Abh\u00e4nge gekennzeichnet waren. Die erh\u00f6hte Position verlieh der Burg eine besondere Autorit\u00e4t und Herrschaftlichkeit, au\u00dferdem konnte dem alten Ort Sicherheit garantiert werden.<\/p>\n<p>Die ersten Dokumente, die das Bestehen des Schlosses Vernazzano bezeugen, gehen auf das Jahr 960 zur\u00fcck und beweisen seine Zugeh\u00f6rigkeit zur <strong>Abtei S. Maria di Petroia<\/strong>.<\/p>\n<p>Zwischen dem 13. und 18. Jahrhundert schwankte die Zahl der Einwohner, die auf der Burg Vernazzano lebten, betr\u00e4chtlich; 1282 wurden 52 Familien gez\u00e4hlt, eine Zahl, die sich im f\u00fcnfzehnten Jahrhundert drastisch auf 26 Familien reduzierte. Am Ende des 18. Jahrhunderts wurde stattdessen ein demographisches Wachstum festgestellt und die Zahl der Einwohner erreichte 365.<\/p>\n<p>Von der alten Festung sind heute nur noch wenige Bruchteile erhalten, wie Teile der <strong>Kirche Santa Maria delle Trosce<\/strong> und der <strong>Turm<\/strong>, der im dreizehnten Jahrhundert zur Verteidigung der alten Burg errichtet wurde. Letztere ist von einer bl\u00fchenden Vegetation umgeben und wird von mehreren Zugstangen gest\u00fctzt, da derzeit ein <strong>erhebliches Gef\u00e4lle<\/strong> von bis zu 13 Grad besteht, das durch Erdbeben in der Gegend und durch Absinken des Bodens unter der Erde entsteht.<\/p>\n<p>Heute wohnt die Bev\u00f6lkerung, die einst in dem von den Burgmauern begrenzten Gebiet lebte, in einer neuen Siedlung, weiter flussabw\u00e4rts.<\/p>\n","protected":false},"excerpt":{"rendered":"<p>Sich in die W\u00e4lder von Tuoro sul Trasimeno zu begeben ist ein interessantes Erlebnis f\u00fcr alle, bei dem nicht nur die Sch\u00f6nheit der Natur bestaunt werden kann, sondern auch das Besichtigen der \u00dcberreste der Burg Vernazzano f\u00fcr Erstaunen sorgt. Auf den H\u00e4ngen des Berges Monte Castiglione, auf einer felsigen Oberfl\u00e4che, die ca. 25-30 Meter hoch [&hellip;]<\/p>\n","protected":false},"author":4,"featured_media":40055,"parent":40033,"menu_order":1,"comment_status":"closed","ping_status":"closed","template":"","meta":{"om_disable_all_campaigns":false,"_monsterinsights_skip_tracking":false,"_monsterinsights_sitenote_active":false,"_monsterinsights_sitenote_note":"","_monsterinsights_sitenote_category":0},"acf":[],"yoast_head":"<!-- This site is optimized with the Yoast SEO plugin v18.4.1 - https:\/\/yoast.com\/wordpress\/plugins\/seo\/ -->\n<title>Burg Vernazzano - Exploring Umbria<\/title>\n<meta name=\"description\" content=\"Zwischen dem 13. und 18. Jahrhundert schwankte die Zahl der Einwohner, die auf der Burg Vernazzano lebten, betr\u00e4chtlich; 1282 wurden 52 Familien gez\u00e4hlt\" \/>\n<meta name=\"robots\" content=\"index, follow, max-snippet:-1, max-image-preview:large, max-video-preview:-1\" \/>\n<link rel=\"canonical\" href=\"https:\/\/www.exploring-umbria.com\/de\/borghi-in-umbria-tanti-piccoli-gioielli-nascosti\/was-es-in-tuoro-sul-trasimeno-zu-sehen-gibt\/burg-vernazzano\/\" \/>\n<meta property=\"og:locale\" content=\"de_DE\" \/>\n<meta property=\"og:type\" content=\"article\" \/>\n<meta property=\"og:title\" content=\"Burg Vernazzano - Exploring Umbria\" \/>\n<meta property=\"og:description\" content=\"Zwischen dem 13. und 18. Jahrhundert schwankte die Zahl der Einwohner, die auf der Burg Vernazzano lebten, betr\u00e4chtlich; 1282 wurden 52 Familien gez\u00e4hlt\" \/>\n<meta property=\"og:url\" content=\"https:\/\/www.exploring-umbria.com\/de\/borghi-in-umbria-tanti-piccoli-gioielli-nascosti\/was-es-in-tuoro-sul-trasimeno-zu-sehen-gibt\/burg-vernazzano\/\" \/>\n<meta property=\"og:site_name\" content=\"Exploring Umbria\" \/>\n<meta property=\"article:publisher\" content=\"https:\/\/www.facebook.com\/exploringumbria\/\" \/>\n<meta property=\"article:modified_time\" content=\"2020-09-03T15:23:25+00:00\" \/>\n<meta property=\"og:image\" content=\"https:\/\/www.exploring-umbria.com\/wp-content\/uploads\/2020\/09\/Tower_of_Vernazzano_2007.jpg\" \/>\n\t<meta property=\"og:image:width\" content=\"2304\" \/>\n\t<meta property=\"og:image:height\" content=\"1728\" \/>\n\t<meta property=\"og:image:type\" content=\"image\/jpeg\" \/>\n<meta name=\"twitter:card\" content=\"summary_large_image\" \/>\n<meta name=\"twitter:label1\" content=\"Gesch\u00e4tzte Lesezeit\" \/>\n\t<meta name=\"twitter:data1\" content=\"1\u00a0Minute\" \/>\n<script type=\"application\/ld+json\" class=\"yoast-schema-graph\">{\"@context\":\"https:\/\/schema.org\",\"@graph\":[{\"@type\":\"Organization\",\"@id\":\"https:\/\/www.exploring-umbria.com\/de\/#organization\",\"name\":\"Exploring Umbria\",\"url\":\"https:\/\/www.exploring-umbria.com\/de\/\",\"sameAs\":[\"https:\/\/www.facebook.com\/exploringumbria\/\",\"https:\/\/www.instagram.com\/exploringumbria\/\"],\"logo\":{\"@type\":\"ImageObject\",\"@id\":\"https:\/\/www.exploring-umbria.com\/de\/#logo\",\"inLanguage\":\"de\",\"url\":\"https:\/\/www.exploring-umbria.com\/wp-content\/uploads\/2019\/08\/solo-logo-verde.jpg\",\"contentUrl\":\"https:\/\/www.exploring-umbria.com\/wp-content\/uploads\/2019\/08\/solo-logo-verde.jpg\",\"width\":952,\"height\":532,\"caption\":\"Exploring Umbria\"},\"image\":{\"@id\":\"https:\/\/www.exploring-umbria.com\/de\/#logo\"}},{\"@type\":\"WebSite\",\"@id\":\"https:\/\/www.exploring-umbria.com\/de\/#website\",\"url\":\"https:\/\/www.exploring-umbria.com\/de\/\",\"name\":\"Exploring Umbria\",\"description\":\"your dates, your mood, your trip\",\"publisher\":{\"@id\":\"https:\/\/www.exploring-umbria.com\/de\/#organization\"},\"potentialAction\":[{\"@type\":\"SearchAction\",\"target\":{\"@type\":\"EntryPoint\",\"urlTemplate\":\"https:\/\/www.exploring-umbria.com\/de\/?s={search_term_string}\"},\"query-input\":\"required name=search_term_string\"}],\"inLanguage\":\"de\"},{\"@type\":\"ImageObject\",\"@id\":\"https:\/\/www.exploring-umbria.com\/de\/borghi-in-umbria-tanti-piccoli-gioielli-nascosti\/was-es-in-tuoro-sul-trasimeno-zu-sehen-gibt\/burg-vernazzano\/#primaryimage\",\"inLanguage\":\"de\",\"url\":\"https:\/\/www.exploring-umbria.com\/wp-content\/uploads\/2020\/09\/Tower_of_Vernazzano_2007.jpg\",\"contentUrl\":\"https:\/\/www.exploring-umbria.com\/wp-content\/uploads\/2020\/09\/Tower_of_Vernazzano_2007.jpg\",\"width\":2304,\"height\":1728,\"caption\":\"La torre del Castello di Vernazzano\"},{\"@type\":\"WebPage\",\"@id\":\"https:\/\/www.exploring-umbria.com\/de\/borghi-in-umbria-tanti-piccoli-gioielli-nascosti\/was-es-in-tuoro-sul-trasimeno-zu-sehen-gibt\/burg-vernazzano\/#webpage\",\"url\":\"https:\/\/www.exploring-umbria.com\/de\/borghi-in-umbria-tanti-piccoli-gioielli-nascosti\/was-es-in-tuoro-sul-trasimeno-zu-sehen-gibt\/burg-vernazzano\/\",\"name\":\"Burg Vernazzano - Exploring Umbria\",\"isPartOf\":{\"@id\":\"https:\/\/www.exploring-umbria.com\/de\/#website\"},\"primaryImageOfPage\":{\"@id\":\"https:\/\/www.exploring-umbria.com\/de\/borghi-in-umbria-tanti-piccoli-gioielli-nascosti\/was-es-in-tuoro-sul-trasimeno-zu-sehen-gibt\/burg-vernazzano\/#primaryimage\"},\"datePublished\":\"2019-08-09T11:50:42+00:00\",\"dateModified\":\"2020-09-03T15:23:25+00:00\",\"description\":\"Zwischen dem 13. und 18. Jahrhundert schwankte die Zahl der Einwohner, die auf der Burg Vernazzano lebten, betr\u00e4chtlich; 1282 wurden 52 Familien gez\u00e4hlt\",\"breadcrumb\":{\"@id\":\"https:\/\/www.exploring-umbria.com\/de\/borghi-in-umbria-tanti-piccoli-gioielli-nascosti\/was-es-in-tuoro-sul-trasimeno-zu-sehen-gibt\/burg-vernazzano\/#breadcrumb\"},\"inLanguage\":\"de\",\"potentialAction\":[{\"@type\":\"ReadAction\",\"target\":[\"https:\/\/www.exploring-umbria.com\/de\/borghi-in-umbria-tanti-piccoli-gioielli-nascosti\/was-es-in-tuoro-sul-trasimeno-zu-sehen-gibt\/burg-vernazzano\/\"]}]},{\"@type\":\"BreadcrumbList\",\"@id\":\"https:\/\/www.exploring-umbria.com\/de\/borghi-in-umbria-tanti-piccoli-gioielli-nascosti\/was-es-in-tuoro-sul-trasimeno-zu-sehen-gibt\/burg-vernazzano\/#breadcrumb\",\"itemListElement\":[{\"@type\":\"ListItem\",\"position\":1,\"name\":\"Home\",\"item\":\"https:\/\/www.exploring-umbria.com\/de\/\"},{\"@type\":\"ListItem\",\"position\":2,\"name\":\"Borghi in Umbria: tanti piccoli gioielli nascosti\",\"item\":\"https:\/\/www.exploring-umbria.com\/de\/borghi-in-umbria-tanti-piccoli-gioielli-nascosti\/\"},{\"@type\":\"ListItem\",\"position\":3,\"name\":\"Was es in Tuoro sul Trasimeno zu sehen gibt\",\"item\":\"https:\/\/www.exploring-umbria.com\/de\/borghi-in-umbria-tanti-piccoli-gioielli-nascosti\/was-es-in-tuoro-sul-trasimeno-zu-sehen-gibt\/\"},{\"@type\":\"ListItem\",\"position\":4,\"name\":\"Burg Vernazzano\"}]}]}<\/script>\n<!-- \/ Yoast SEO plugin. -->","yoast_head_json":{"title":"Burg Vernazzano - Exploring Umbria","description":"Zwischen dem 13. und 18. Jahrhundert schwankte die Zahl der Einwohner, die auf der Burg Vernazzano lebten, betr\u00e4chtlich; 1282 wurden 52 Familien gez\u00e4hlt","robots":{"index":"index","follow":"follow","max-snippet":"max-snippet:-1","max-image-preview":"max-image-preview:large","max-video-preview":"max-video-preview:-1"},"canonical":"https:\/\/www.exploring-umbria.com\/de\/borghi-in-umbria-tanti-piccoli-gioielli-nascosti\/was-es-in-tuoro-sul-trasimeno-zu-sehen-gibt\/burg-vernazzano\/","og_locale":"de_DE","og_type":"article","og_title":"Burg Vernazzano - Exploring Umbria","og_description":"Zwischen dem 13. und 18. Jahrhundert schwankte die Zahl der Einwohner, die auf der Burg Vernazzano lebten, betr\u00e4chtlich; 1282 wurden 52 Familien gez\u00e4hlt","og_url":"https:\/\/www.exploring-umbria.com\/de\/borghi-in-umbria-tanti-piccoli-gioielli-nascosti\/was-es-in-tuoro-sul-trasimeno-zu-sehen-gibt\/burg-vernazzano\/","og_site_name":"Exploring Umbria","article_publisher":"https:\/\/www.facebook.com\/exploringumbria\/","article_modified_time":"2020-09-03T15:23:25+00:00","og_image":[{"width":2304,"height":1728,"url":"https:\/\/www.exploring-umbria.com\/wp-content\/uploads\/2020\/09\/Tower_of_Vernazzano_2007.jpg","type":"image\/jpeg"}],"twitter_card":"summary_large_image","twitter_misc":{"Gesch\u00e4tzte Lesezeit":"1\u00a0Minute"},"schema":{"@context":"https:\/\/schema.org","@graph":[{"@type":"Organization","@id":"https:\/\/www.exploring-umbria.com\/de\/#organization","name":"Exploring Umbria","url":"https:\/\/www.exploring-umbria.com\/de\/","sameAs":["https:\/\/www.facebook.com\/exploringumbria\/","https:\/\/www.instagram.com\/exploringumbria\/"],"logo":{"@type":"ImageObject","@id":"https:\/\/www.exploring-umbria.com\/de\/#logo","inLanguage":"de","url":"https:\/\/www.exploring-umbria.com\/wp-content\/uploads\/2019\/08\/solo-logo-verde.jpg","contentUrl":"https:\/\/www.exploring-umbria.com\/wp-content\/uploads\/2019\/08\/solo-logo-verde.jpg","width":952,"height":532,"caption":"Exploring Umbria"},"image":{"@id":"https:\/\/www.exploring-umbria.com\/de\/#logo"}},{"@type":"WebSite","@id":"https:\/\/www.exploring-umbria.com\/de\/#website","url":"https:\/\/www.exploring-umbria.com\/de\/","name":"Exploring Umbria","description":"your dates, your mood, your trip","publisher":{"@id":"https:\/\/www.exploring-umbria.com\/de\/#organization"},"potentialAction":[{"@type":"SearchAction","target":{"@type":"EntryPoint","urlTemplate":"https:\/\/www.exploring-umbria.com\/de\/?s={search_term_string}"},"query-input":"required name=search_term_string"}],"inLanguage":"de"},{"@type":"ImageObject","@id":"https:\/\/www.exploring-umbria.com\/de\/borghi-in-umbria-tanti-piccoli-gioielli-nascosti\/was-es-in-tuoro-sul-trasimeno-zu-sehen-gibt\/burg-vernazzano\/#primaryimage","inLanguage":"de","url":"https:\/\/www.exploring-umbria.com\/wp-content\/uploads\/2020\/09\/Tower_of_Vernazzano_2007.jpg","contentUrl":"https:\/\/www.exploring-umbria.com\/wp-content\/uploads\/2020\/09\/Tower_of_Vernazzano_2007.jpg","width":2304,"height":1728,"caption":"La torre del Castello di Vernazzano"},{"@type":"WebPage","@id":"https:\/\/www.exploring-umbria.com\/de\/borghi-in-umbria-tanti-piccoli-gioielli-nascosti\/was-es-in-tuoro-sul-trasimeno-zu-sehen-gibt\/burg-vernazzano\/#webpage","url":"https:\/\/www.exploring-umbria.com\/de\/borghi-in-umbria-tanti-piccoli-gioielli-nascosti\/was-es-in-tuoro-sul-trasimeno-zu-sehen-gibt\/burg-vernazzano\/","name":"Burg Vernazzano - Exploring Umbria","isPartOf":{"@id":"https:\/\/www.exploring-umbria.com\/de\/#website"},"primaryImageOfPage":{"@id":"https:\/\/www.exploring-umbria.com\/de\/borghi-in-umbria-tanti-piccoli-gioielli-nascosti\/was-es-in-tuoro-sul-trasimeno-zu-sehen-gibt\/burg-vernazzano\/#primaryimage"},"datePublished":"2019-08-09T11:50:42+00:00","dateModified":"2020-09-03T15:23:25+00:00","description":"Zwischen dem 13. und 18. Jahrhundert schwankte die Zahl der Einwohner, die auf der Burg Vernazzano lebten, betr\u00e4chtlich; 1282 wurden 52 Familien gez\u00e4hlt","breadcrumb":{"@id":"https:\/\/www.exploring-umbria.com\/de\/borghi-in-umbria-tanti-piccoli-gioielli-nascosti\/was-es-in-tuoro-sul-trasimeno-zu-sehen-gibt\/burg-vernazzano\/#breadcrumb"},"inLanguage":"de","potentialAction":[{"@type":"ReadAction","target":["https:\/\/www.exploring-umbria.com\/de\/borghi-in-umbria-tanti-piccoli-gioielli-nascosti\/was-es-in-tuoro-sul-trasimeno-zu-sehen-gibt\/burg-vernazzano\/"]}]},{"@type":"BreadcrumbList","@id":"https:\/\/www.exploring-umbria.com\/de\/borghi-in-umbria-tanti-piccoli-gioielli-nascosti\/was-es-in-tuoro-sul-trasimeno-zu-sehen-gibt\/burg-vernazzano\/#breadcrumb","itemListElement":[{"@type":"ListItem","position":1,"name":"Home","item":"https:\/\/www.exploring-umbria.com\/de\/"},{"@type":"ListItem","position":2,"name":"Borghi in Umbria: tanti piccoli gioielli nascosti","item":"https:\/\/www.exploring-umbria.com\/de\/borghi-in-umbria-tanti-piccoli-gioielli-nascosti\/"},{"@type":"ListItem","position":3,"name":"Was es in Tuoro sul Trasimeno zu sehen gibt","item":"https:\/\/www.exploring-umbria.com\/de\/borghi-in-umbria-tanti-piccoli-gioielli-nascosti\/was-es-in-tuoro-sul-trasimeno-zu-sehen-gibt\/"},{"@type":"ListItem","position":4,"name":"Burg Vernazzano"}]}]}},"_links":{"self":[{"href":"https:\/\/www.exploring-umbria.com\/de\/wp-json\/wp\/v2\/pages\/40047"}],"collection":[{"href":"https:\/\/www.exploring-umbria.com\/de\/wp-json\/wp\/v2\/pages"}],"about":[{"href":"https:\/\/www.exploring-umbria.com\/de\/wp-json\/wp\/v2\/types\/page"}],"author":[{"embeddable":true,"href":"https:\/\/www.exploring-umbria.com\/de\/wp-json\/wp\/v2\/users\/4"}],"replies":[{"embeddable":true,"href":"https:\/\/www.exploring-umbria.com\/de\/wp-json\/wp\/v2\/comments?post=40047"}],"version-history":[{"count":2,"href":"https:\/\/www.exploring-umbria.com\/de\/wp-json\/wp\/v2\/pages\/40047\/revisions"}],"predecessor-version":[{"id":40052,"href":"https:\/\/www.exploring-umbria.com\/de\/wp-json\/wp\/v2\/pages\/40047\/revisions\/40052"}],"up":[{"embeddable":true,"href":"https:\/\/www.exploring-umbria.com\/de\/wp-json\/wp\/v2\/pages\/40033"}],"wp:featuredmedia":[{"embeddable":true,"href":"https:\/\/www.exploring-umbria.com\/de\/wp-json\/wp\/v2\/media\/40055"}],"wp:attachment":[{"href":"https:\/\/www.exploring-umbria.com\/de\/wp-json\/wp\/v2\/media?parent=40047"}],"curies":[{"name":"wp","href":"https:\/\/api.w.org\/{rel}","templated":true}]}}