{"id":40033,"date":"2019-08-09T13:38:03","date_gmt":"2019-08-09T11:38:03","guid":{"rendered":"https:\/\/www.exploring-umbria.com\/borghi-in-umbria-tanti-piccoli-gioielli-nascosti\/cosa-vedere-a-tuoro-sul-trasimeno\/"},"modified":"2020-09-03T16:34:39","modified_gmt":"2020-09-03T14:34:39","slug":"was-es-in-tuoro-sul-trasimeno-zu-sehen-gibt","status":"publish","type":"page","link":"https:\/\/www.exploring-umbria.com\/de\/borghi-in-umbria-tanti-piccoli-gioielli-nascosti\/was-es-in-tuoro-sul-trasimeno-zu-sehen-gibt\/","title":{"rendered":"Was es in Tuoro sul Trasimeno zu sehen gibt"},"content":{"rendered":"<p><strong>Entdecken Sie mit uns, was es in Tuoro sul Trasimeno zu sehen gibt\u00a0<\/strong><\/p>\n<p>Bei einem Spaziergang durch die W\u00e4lder, die den oberen Bereich der Stadt beleben, im Bereich des Berges <em>Monte Castiglione<\/em>, erblicken Sie die \u00dcberreste der Burg <strong>Castello di Vernazzano<\/strong>, ein wunderbarer Bau, der den Feinden fr\u00fcher Angst einjagte und die Sicherheit des Ortes garantierte. Sie werden beeindruckt sein vom <strong>Turm <\/strong>aus dem 13. Jahrhundert, der heute eine bemerkenswerte Neigung von gut 13 Grad aufweist.<\/p>\n<p>Ein weiteres wichtiges Geb\u00e4ude im Gebiet um den <a href=\"https:\/\/www.exploring-umbria.com\/de\/subcategories\/parks-und-seen\/#heading27246\" target=\"_blank\" rel=\"noopener noreferrer\">Trasimenischen See<\/a>, das Sie besichtigen k\u00f6nnen, ist die Festung <strong>Forte di Montegualandro<\/strong>, die auf das Zeitalter der Etrusker zur\u00fcckgeht und ebenfalls in einer dominanten Position liegt.<\/p>\n<p>In Tuoro finden Sie au\u00dferdem die \u00dcberreste der alten <strong>Kirche Sant\u2019Agata<\/strong>, die sich auf der Spitze eines H\u00fcgels befindet, w\u00e4hrend Sie im Tal die <strong>Kirche Santa Maria Maddalena <\/strong>erwartet, die sp\u00e4ter errichtet wurde. Der Ort bietet auch einen Einblick in das bedeutendste Beispiel f\u00fcr <strong>romanische Architektur <\/strong>im Gebiet um den Trasimenischen See, die <strong>Pfarrkirche Santa Maria dei Confini<\/strong>, besser bekannt als <strong>Pieve Confini<\/strong>.<\/p>\n<p>Zudem empfiehlt sich ein Spaziergang durch das kleine historische Zentrum des Ortes, in dem Sie eine mittelalterliche Atmosph\u00e4re wahrnehmen und den <strong>Palazzo della Capra <\/strong>bestaunen k\u00f6nnen, in dem sich heute das <strong>Zentrum f\u00fcr die Dokumentation der Schlacht am Trasimenischen See und Hannibal <\/strong>befindet und der als Erinnerung an die <a href=\"https:\/\/de.wikipedia.org\/wiki\/Schlacht_am_Trasimenischen_See\" target=\"_blank\" rel=\"noopener noreferrer\">Schlacht<\/a> errichtet wurde.<\/p>\n<p>Wenn Sie hingegen nach einem beeindruckenden und besonderen Ort suchen, sollten Sie den <strong>Campo del Sole <\/strong>besuchen, eine Gr\u00fcnzone an den Ufern des Trasimenischen Sees, gekennzeichnet durch <strong>27 S\u00e4ulen<\/strong> mit einer H\u00f6he von bis zu 4,5 Metern und einem Durchmesser von ca .70-80 cm. Sie wurden spiralf\u00f6rmig aufgestellt, wobei die Spirale einen Durchmesser von 44 Metern hat und in der Mitte einen Tisch mit dem Symbol der Sonne beherbergt. Die Skulpturen, die zwischen 1985 und 1989 aus Sandstein angefertigt wurden, unterscheiden sich alle voneinander und wurden von <strong>national sowie international bekannten K\u00fcnstlern <\/strong>entworfen und erstellt; jede S\u00e4ule ist durch eine eigene Symbolik gekennzeichnet. Sie k\u00f6nnen zwischen den S\u00e4ulen durch \u00fcber die Wiese spazieren und sie aus der N\u00e4he betrachten oder sich entspannen, meditieren und sich von diesem interessanten Freiluftmuseum beeindrucken lassen. Au\u00dferdem k\u00f6nnen Sie von hier aus auch ein traumhaftes Panorama genie\u00dfen.<\/p>\n<p>Unweit vom Campo del Sole, am Landungssteg Punta Navaccia k\u00f6nnen Sie danach die F\u00e4hre nehmen und nach kurzer Zeit erreichen Sie einen weiteren wunderbaren Teil von Tuoro sul Trasimeno, die <strong>Isola Maggiore<\/strong>. Bei einem Spaziergang \u00fcber die Insel entdecken Sie die <strong>Kirche San Salvadore<\/strong>, die <strong>Pfarrkirche San Michele Arcangelo <\/strong>aus dem 14. Jahrhundert auf den Resten des alten Franziskanerklosters, das wunderbare Schloss <strong>Castello Guglielmi <\/strong>oder <strong>Castello Isabella<\/strong>, das am Ende des 19. Jahrhunderts zu Ehren der gleichnamigen Frau des Senators Giacinto Guglielmi errichtet wurde. Auch Ihr Wissen zur Vergangenheit der Insel, zu ihrer Geschichte, zur Religiosit\u00e4t, zur Kunst und zur Wirtschaft k\u00f6nnen Sie vertiefen, indem Sie den <strong>Palazzo del Capitano del Popolo <\/strong>besuchen, ein Geb\u00e4ude, in dem sich das <strong>Dokumentationszentrum Isola Maggiore <\/strong>befindet.<\/p>\n","protected":false},"excerpt":{"rendered":"<p>Entdecken Sie mit uns, was es in Tuoro sul Trasimeno zu sehen gibt\u00a0 Bei einem Spaziergang durch die W\u00e4lder, die den oberen Bereich der Stadt beleben, im Bereich des Berges Monte Castiglione, erblicken Sie die \u00dcberreste der Burg Castello di Vernazzano, ein wunderbarer Bau, der den Feinden fr\u00fcher Angst einjagte und die Sicherheit des Ortes [&hellip;]<\/p>\n","protected":false},"author":4,"featured_media":0,"parent":3271,"menu_order":0,"comment_status":"closed","ping_status":"closed","template":"","meta":{"om_disable_all_campaigns":false,"_monsterinsights_skip_tracking":false,"_monsterinsights_sitenote_active":false,"_monsterinsights_sitenote_note":"","_monsterinsights_sitenote_category":0},"acf":[],"yoast_head":"<!-- This site is optimized with the Yoast SEO plugin v18.4.1 - https:\/\/yoast.com\/wordpress\/plugins\/seo\/ -->\n<title>Was es in Tuoro sul Trasimeno zu sehen gibt - Exploring Umbria<\/title>\n<meta name=\"description\" content=\"Entdecken Sie mit uns, was es in Tuoro sul Trasimeno zu sehen gibt\u00a0 Bei einem Spaziergang durch die W\u00e4lder, die den oberen Bereich der Stadt beleben, im\" \/>\n<meta name=\"robots\" content=\"index, follow, max-snippet:-1, max-image-preview:large, max-video-preview:-1\" \/>\n<link rel=\"canonical\" href=\"https:\/\/www.exploring-umbria.com\/de\/borghi-in-umbria-tanti-piccoli-gioielli-nascosti\/was-es-in-tuoro-sul-trasimeno-zu-sehen-gibt\/\" \/>\n<meta property=\"og:locale\" content=\"de_DE\" \/>\n<meta property=\"og:type\" content=\"article\" \/>\n<meta property=\"og:title\" content=\"Was es in Tuoro sul Trasimeno zu sehen gibt - Exploring Umbria\" \/>\n<meta property=\"og:description\" content=\"Entdecken Sie mit uns, was es in Tuoro sul Trasimeno zu sehen gibt\u00a0 Bei einem Spaziergang durch die W\u00e4lder, die den oberen Bereich der Stadt beleben, im\" \/>\n<meta property=\"og:url\" content=\"https:\/\/www.exploring-umbria.com\/de\/borghi-in-umbria-tanti-piccoli-gioielli-nascosti\/was-es-in-tuoro-sul-trasimeno-zu-sehen-gibt\/\" \/>\n<meta property=\"og:site_name\" content=\"Exploring Umbria\" \/>\n<meta property=\"article:publisher\" content=\"https:\/\/www.facebook.com\/exploringumbria\/\" \/>\n<meta property=\"article:modified_time\" content=\"2020-09-03T14:34:39+00:00\" \/>\n<meta name=\"twitter:card\" content=\"summary_large_image\" \/>\n<meta name=\"twitter:label1\" content=\"Gesch\u00e4tzte Lesezeit\" \/>\n\t<meta name=\"twitter:data1\" content=\"3\u00a0Minuten\" \/>\n<script type=\"application\/ld+json\" class=\"yoast-schema-graph\">{\"@context\":\"https:\/\/schema.org\",\"@graph\":[{\"@type\":\"Organization\",\"@id\":\"https:\/\/www.exploring-umbria.com\/de\/#organization\",\"name\":\"Exploring Umbria\",\"url\":\"https:\/\/www.exploring-umbria.com\/de\/\",\"sameAs\":[\"https:\/\/www.facebook.com\/exploringumbria\/\",\"https:\/\/www.instagram.com\/exploringumbria\/\"],\"logo\":{\"@type\":\"ImageObject\",\"@id\":\"https:\/\/www.exploring-umbria.com\/de\/#logo\",\"inLanguage\":\"de\",\"url\":\"https:\/\/www.exploring-umbria.com\/wp-content\/uploads\/2019\/08\/solo-logo-verde.jpg\",\"contentUrl\":\"https:\/\/www.exploring-umbria.com\/wp-content\/uploads\/2019\/08\/solo-logo-verde.jpg\",\"width\":952,\"height\":532,\"caption\":\"Exploring Umbria\"},\"image\":{\"@id\":\"https:\/\/www.exploring-umbria.com\/de\/#logo\"}},{\"@type\":\"WebSite\",\"@id\":\"https:\/\/www.exploring-umbria.com\/de\/#website\",\"url\":\"https:\/\/www.exploring-umbria.com\/de\/\",\"name\":\"Exploring Umbria\",\"description\":\"your dates, your mood, your trip\",\"publisher\":{\"@id\":\"https:\/\/www.exploring-umbria.com\/de\/#organization\"},\"potentialAction\":[{\"@type\":\"SearchAction\",\"target\":{\"@type\":\"EntryPoint\",\"urlTemplate\":\"https:\/\/www.exploring-umbria.com\/de\/?s={search_term_string}\"},\"query-input\":\"required name=search_term_string\"}],\"inLanguage\":\"de\"},{\"@type\":\"WebPage\",\"@id\":\"https:\/\/www.exploring-umbria.com\/de\/borghi-in-umbria-tanti-piccoli-gioielli-nascosti\/was-es-in-tuoro-sul-trasimeno-zu-sehen-gibt\/#webpage\",\"url\":\"https:\/\/www.exploring-umbria.com\/de\/borghi-in-umbria-tanti-piccoli-gioielli-nascosti\/was-es-in-tuoro-sul-trasimeno-zu-sehen-gibt\/\",\"name\":\"Was es in Tuoro sul Trasimeno zu sehen gibt - Exploring Umbria\",\"isPartOf\":{\"@id\":\"https:\/\/www.exploring-umbria.com\/de\/#website\"},\"datePublished\":\"2019-08-09T11:38:03+00:00\",\"dateModified\":\"2020-09-03T14:34:39+00:00\",\"description\":\"Entdecken Sie mit uns, was es in Tuoro sul Trasimeno zu sehen gibt\u00a0 Bei einem Spaziergang durch die W\u00e4lder, die den oberen Bereich der Stadt beleben, im\",\"breadcrumb\":{\"@id\":\"https:\/\/www.exploring-umbria.com\/de\/borghi-in-umbria-tanti-piccoli-gioielli-nascosti\/was-es-in-tuoro-sul-trasimeno-zu-sehen-gibt\/#breadcrumb\"},\"inLanguage\":\"de\",\"potentialAction\":[{\"@type\":\"ReadAction\",\"target\":[\"https:\/\/www.exploring-umbria.com\/de\/borghi-in-umbria-tanti-piccoli-gioielli-nascosti\/was-es-in-tuoro-sul-trasimeno-zu-sehen-gibt\/\"]}]},{\"@type\":\"BreadcrumbList\",\"@id\":\"https:\/\/www.exploring-umbria.com\/de\/borghi-in-umbria-tanti-piccoli-gioielli-nascosti\/was-es-in-tuoro-sul-trasimeno-zu-sehen-gibt\/#breadcrumb\",\"itemListElement\":[{\"@type\":\"ListItem\",\"position\":1,\"name\":\"Home\",\"item\":\"https:\/\/www.exploring-umbria.com\/de\/\"},{\"@type\":\"ListItem\",\"position\":2,\"name\":\"Borghi in Umbria: tanti piccoli gioielli nascosti\",\"item\":\"https:\/\/www.exploring-umbria.com\/de\/borghi-in-umbria-tanti-piccoli-gioielli-nascosti\/\"},{\"@type\":\"ListItem\",\"position\":3,\"name\":\"Was es in Tuoro sul Trasimeno zu sehen gibt\"}]}]}<\/script>\n<!-- \/ Yoast SEO plugin. -->","yoast_head_json":{"title":"Was es in Tuoro sul Trasimeno zu sehen gibt - Exploring Umbria","description":"Entdecken Sie mit uns, was es in Tuoro sul Trasimeno zu sehen gibt\u00a0 Bei einem Spaziergang durch die W\u00e4lder, die den oberen Bereich der Stadt beleben, im","robots":{"index":"index","follow":"follow","max-snippet":"max-snippet:-1","max-image-preview":"max-image-preview:large","max-video-preview":"max-video-preview:-1"},"canonical":"https:\/\/www.exploring-umbria.com\/de\/borghi-in-umbria-tanti-piccoli-gioielli-nascosti\/was-es-in-tuoro-sul-trasimeno-zu-sehen-gibt\/","og_locale":"de_DE","og_type":"article","og_title":"Was es in Tuoro sul Trasimeno zu sehen gibt - Exploring Umbria","og_description":"Entdecken Sie mit uns, was es in Tuoro sul Trasimeno zu sehen gibt\u00a0 Bei einem Spaziergang durch die W\u00e4lder, die den oberen Bereich der Stadt beleben, im","og_url":"https:\/\/www.exploring-umbria.com\/de\/borghi-in-umbria-tanti-piccoli-gioielli-nascosti\/was-es-in-tuoro-sul-trasimeno-zu-sehen-gibt\/","og_site_name":"Exploring Umbria","article_publisher":"https:\/\/www.facebook.com\/exploringumbria\/","article_modified_time":"2020-09-03T14:34:39+00:00","twitter_card":"summary_large_image","twitter_misc":{"Gesch\u00e4tzte Lesezeit":"3\u00a0Minuten"},"schema":{"@context":"https:\/\/schema.org","@graph":[{"@type":"Organization","@id":"https:\/\/www.exploring-umbria.com\/de\/#organization","name":"Exploring Umbria","url":"https:\/\/www.exploring-umbria.com\/de\/","sameAs":["https:\/\/www.facebook.com\/exploringumbria\/","https:\/\/www.instagram.com\/exploringumbria\/"],"logo":{"@type":"ImageObject","@id":"https:\/\/www.exploring-umbria.com\/de\/#logo","inLanguage":"de","url":"https:\/\/www.exploring-umbria.com\/wp-content\/uploads\/2019\/08\/solo-logo-verde.jpg","contentUrl":"https:\/\/www.exploring-umbria.com\/wp-content\/uploads\/2019\/08\/solo-logo-verde.jpg","width":952,"height":532,"caption":"Exploring Umbria"},"image":{"@id":"https:\/\/www.exploring-umbria.com\/de\/#logo"}},{"@type":"WebSite","@id":"https:\/\/www.exploring-umbria.com\/de\/#website","url":"https:\/\/www.exploring-umbria.com\/de\/","name":"Exploring Umbria","description":"your dates, your mood, your trip","publisher":{"@id":"https:\/\/www.exploring-umbria.com\/de\/#organization"},"potentialAction":[{"@type":"SearchAction","target":{"@type":"EntryPoint","urlTemplate":"https:\/\/www.exploring-umbria.com\/de\/?s={search_term_string}"},"query-input":"required name=search_term_string"}],"inLanguage":"de"},{"@type":"WebPage","@id":"https:\/\/www.exploring-umbria.com\/de\/borghi-in-umbria-tanti-piccoli-gioielli-nascosti\/was-es-in-tuoro-sul-trasimeno-zu-sehen-gibt\/#webpage","url":"https:\/\/www.exploring-umbria.com\/de\/borghi-in-umbria-tanti-piccoli-gioielli-nascosti\/was-es-in-tuoro-sul-trasimeno-zu-sehen-gibt\/","name":"Was es in Tuoro sul Trasimeno zu sehen gibt - Exploring Umbria","isPartOf":{"@id":"https:\/\/www.exploring-umbria.com\/de\/#website"},"datePublished":"2019-08-09T11:38:03+00:00","dateModified":"2020-09-03T14:34:39+00:00","description":"Entdecken Sie mit uns, was es in Tuoro sul Trasimeno zu sehen gibt\u00a0 Bei einem Spaziergang durch die W\u00e4lder, die den oberen Bereich der Stadt beleben, im","breadcrumb":{"@id":"https:\/\/www.exploring-umbria.com\/de\/borghi-in-umbria-tanti-piccoli-gioielli-nascosti\/was-es-in-tuoro-sul-trasimeno-zu-sehen-gibt\/#breadcrumb"},"inLanguage":"de","potentialAction":[{"@type":"ReadAction","target":["https:\/\/www.exploring-umbria.com\/de\/borghi-in-umbria-tanti-piccoli-gioielli-nascosti\/was-es-in-tuoro-sul-trasimeno-zu-sehen-gibt\/"]}]},{"@type":"BreadcrumbList","@id":"https:\/\/www.exploring-umbria.com\/de\/borghi-in-umbria-tanti-piccoli-gioielli-nascosti\/was-es-in-tuoro-sul-trasimeno-zu-sehen-gibt\/#breadcrumb","itemListElement":[{"@type":"ListItem","position":1,"name":"Home","item":"https:\/\/www.exploring-umbria.com\/de\/"},{"@type":"ListItem","position":2,"name":"Borghi in Umbria: tanti piccoli gioielli nascosti","item":"https:\/\/www.exploring-umbria.com\/de\/borghi-in-umbria-tanti-piccoli-gioielli-nascosti\/"},{"@type":"ListItem","position":3,"name":"Was es in Tuoro sul Trasimeno zu sehen gibt"}]}]}},"_links":{"self":[{"href":"https:\/\/www.exploring-umbria.com\/de\/wp-json\/wp\/v2\/pages\/40033"}],"collection":[{"href":"https:\/\/www.exploring-umbria.com\/de\/wp-json\/wp\/v2\/pages"}],"about":[{"href":"https:\/\/www.exploring-umbria.com\/de\/wp-json\/wp\/v2\/types\/page"}],"author":[{"embeddable":true,"href":"https:\/\/www.exploring-umbria.com\/de\/wp-json\/wp\/v2\/users\/4"}],"replies":[{"embeddable":true,"href":"https:\/\/www.exploring-umbria.com\/de\/wp-json\/wp\/v2\/comments?post=40033"}],"version-history":[{"count":2,"href":"https:\/\/www.exploring-umbria.com\/de\/wp-json\/wp\/v2\/pages\/40033\/revisions"}],"predecessor-version":[{"id":40036,"href":"https:\/\/www.exploring-umbria.com\/de\/wp-json\/wp\/v2\/pages\/40033\/revisions\/40036"}],"up":[{"embeddable":true,"href":"https:\/\/www.exploring-umbria.com\/de\/wp-json\/wp\/v2\/pages\/3271"}],"wp:attachment":[{"href":"https:\/\/www.exploring-umbria.com\/de\/wp-json\/wp\/v2\/media?parent=40033"}],"curies":[{"name":"wp","href":"https:\/\/api.w.org\/{rel}","templated":true}]}}