{"id":40027,"date":"2019-08-09T13:34:43","date_gmt":"2019-08-09T11:34:43","guid":{"rendered":"https:\/\/www.exploring-umbria.com\/borghi-in-umbria-tanti-piccoli-gioielli-nascosti\/scopri-tuoro-sul-trasimeno\/"},"modified":"2020-09-03T12:58:14","modified_gmt":"2020-09-03T10:58:14","slug":"entdecken-sie-den-ort-tuoro-sul-trasimeno","status":"publish","type":"page","link":"https:\/\/www.exploring-umbria.com\/de\/borghi-in-umbria-tanti-piccoli-gioielli-nascosti\/entdecken-sie-den-ort-tuoro-sul-trasimeno\/","title":{"rendered":"Entdecken Sie den Ort Tuoro sul Trasimeno"},"content":{"rendered":"<p><strong>Entdecken Sie Tuoro sul Trasimeno\u00a0<\/strong><\/p>\n<p>Das Zentrum Mittelitaliens liegt im wunderbaren Gebiet Umbriens und beherbergt den zauberhaften Ort <strong>Tuoro sul Trasimeno<\/strong>.<\/p>\n<p>Wie aus dem Namen abzuleiten ist, steht Tuoro in enger Verbindung zum wundersch\u00f6nen <a href=\"https:\/\/www.exploring-umbria.com\/de\/subcategories\/parks-und-seen\/#heading27246\" target=\"_blank\" rel=\"noopener noreferrer\">Trasimenischen See<\/a>, dem gr\u00f6\u00dften Wasserspiegel Mittelitaliens, und ist zum Nordufer hin ausgerichtet. Hier verschmilzt das Blau des Wassers perfekt mit den umh\u00fcllenden und gr\u00fcnen Gebieten und sorgt f\u00fcr Weichheit und Fluss. Das kleine St\u00e4dtchen, das sich im <strong>Regionalpark Parco Regionale del Lago Trasimeno <\/strong>befindet, wird von weniger als 4.000 Personen bewohnt, die gemeinsam mit den Besuchern eine wunderbare Seelandschaft genie\u00dfen k\u00f6nnen. Auch eine der drei Inseln im Trasimenischen See, die <strong>Isola Maggiore<\/strong>, geh\u00f6rt zur Stadt. Sie ist ein einmaliges Beispiel f\u00fcr Authentizit\u00e4t und erm\u00f6glicht bis heute die Besichtigung eines alten <strong>Fischerdorfes<\/strong>. Voller Wanderwege, Kunst und Kultur ist beim Spazieren die Atmosph\u00e4re eines ruhigen, entspannten Klimas wahrzunehmen. Die Isola Maggiore ist die einzige st\u00e4ndig bewohnte Insel im Trasimenischen See und kann mit einer F\u00e4hre vom Strand in Tuoro sowie von den nahegelegenen Gemeinden Castiglione del Lago und Passignano sul Trasimeno erreicht werden.<\/p>\n<p>Zeugnisse \u00fcber den Ursprung des bewohnten Zentrums von Tuoro gehen auf den Zeitraum zwischen 1200 und 1300 zur\u00fcck, aber der Ort ist eigentlich weit l\u00e4nger bekannt, n\u00e4mlich als Schauplatz der blutigen und unerwarteten <a href=\"https:\/\/de.wikipedia.org\/wiki\/Schlacht_am_Trasimenischen_See\" target=\"_blank\" rel=\"noopener noreferrer\"><strong>Schlacht am Trasimenischen See<\/strong><\/a>, einer der grausamsten und bekanntesten Schlachten im <strong>Zweiten Punischen Krieg<\/strong>. Der Kampf erfolgte 217 v.Chr. zwischen den Truppen aus Karthago, angeleitet von skrupellosen Feldherrn <strong>Hannibal Barkas<\/strong>, und r\u00f6mischen Truppen, angef\u00fchrt vom Konsul <strong>Gaius Flaminius<\/strong>, der sein Leben w\u00e4hrend des Hinterhaltes verlor, \u00e4hnlich wie der Gro\u00dfteil seiner Soldaten. Hannibal agierte mit List und Talent und seine Schl\u00e4ue sorgte daf\u00fcr, dass er das gegnerische Heer unvorbereitet erwischte; die r\u00f6mischen Legionen erlebten eine harte Niederlage, w\u00e4hrend der Schlacht kamen etwa 10.000 r\u00f6mische Soldaten ums Leben.<\/p>\n<p>Daher wird jedes Jahr in der ersten Junih\u00e4lfte in Tuoro die Zeit zur\u00fcckgedreht bis ins weit entfernte Jahr 217 v.Chr. und die Einwohner des Ortes freuen sich \u00fcber das <strong>Wiederaufleben der Schlacht am Trasiemnischen See <\/strong>zwischen <em>Hannibal <\/em>und <em>Flaminius<\/em> mit ihren Truppen. Heute wie damals marschieren die Soldaten mit Waffen und Kleidern von fr\u00fcher durch die Stadt, sie versammeln sich und spielen die Ausbildung sowie Momente des religi\u00f6sen und des Arbeitslebens im Ort nach. Das Castrum Romano in Tuoro beherbergt au\u00dferdem didaktische Ausstellungen f\u00fcr jedermann.<\/p>\n<p>Die Stadt Tuoro besteht aus <strong>vier Stadtteilen<\/strong>: <strong>Trasimena, Colonna, Malpasso <\/strong>und <strong>Valromana<\/strong>. Die Symbole der Viertel setzen sich aus verschiedenen Farben zusammen, Gelb-Blau, Wei\u00df-Hellblau, Wei\u00df-Rot und Gelb-Rot. Um diese r\u00e4umliche Unterteilung deutlicher hervorzuheben und um die alten Traditionen und wichtigen historischen Momente, die den Alltag der Einwohner fr\u00fcher pr\u00e4gten auf die Spitze zu treiben, organisieren die Einwohner jedes Jahr eine wichtige Veranstaltung, den <strong>Ferragosto Torreggiano<\/strong>. Dieses Event findet zwischen Ende Juli und Ferragosto (15. 8.) statt; der gesamte Ort nimmt aktiv am <em>Lancio della sfida<\/em> teil, eine theatralische Auseinandersetzung, zum Auftakt. Beim Umzug <em>Sfilata Storica <\/em>wir der Stolz dargestellt und weiter geht es mit Theaterauff\u00fchrungen, Spiele als Herausforderung zwischen den verschiedenen Stadtteilen und Verkostungen typischer Gerichte, mit denen im Rahmen der <em>Cena Storica <\/em>die weit zur\u00fcckliegende Vergangenheit wieder aufleben kann.<\/p>\n<p>Die Veranstaltung, die ebenfalls an die Schlacht am Trasimenischen See im Jahr 217 v.Chr. erinnert, ist an verschiedenen Tagen den einzelnen Stadtvierteln gewidmet, und am \u201cGran Giorno\u201d werden die Erinnerungen, Umz\u00fcge, Spiele und Feierlichkeiten fortgesetzt. Abschlie\u00dfend findet der <em>Palio <\/em>statt, ein mitrei\u00dfender und bedeutender Wettkampf im Ferragosto Toreggiano: <strong>Tiro della Biga <\/strong>genannt. Abwechselnd ziehen einige Vertreter jedes Stadtviertels einen Wagen und durchqueren damit die Gassen des Ortes, werden von ihren Unterst\u00fctzern durch lautes Rufen motiviert und die Siegergruppe ist jene, die alle Stra\u00dfen der Stadt in der k\u00fcrzesten Zeit durchquert. Dieser Wettkampf verleiht einem der vier Stadtteile Stolz, den anderen drei Prestige. Der Gewinner erh\u00e4lt die <em>Amphore des Sieges<\/em>.<\/p>\n<p>Als eine weitere wichtige Veranstaltung, die f\u00fcr die Einwohner Tuoros und alle Besicher Anlass zum Feiern und um sich zu treffen ist, gilt die <strong>Infiorata<\/strong>, die jedes Jahr im Juni anl\u00e4sslich der <strong>Prozession an Fronleichnam<\/strong> stattfindet. Wunderbare Blumen werden auf den sch\u00f6nen H\u00fcgeln um Tuoro gepfl\u00fcckt, aber auch von Blumenh\u00e4ndlern aus der Region gespendet. Die mittelalterlichen Gasen f\u00e4rben sich in bunten Farben und die D\u00fcfte der Vielfalt an Blumen erf\u00fcllen den ganzen Ort. Die Einwohner schlie\u00dfen sich zusammen und machen aus den Blumen wundersch\u00f6ne Bilder sowie Teppiche, die gemeinsam f\u00fcr Tradition, Glauben und Geschichte stehen.<\/p>\n<p>W\u00e4hend der Weihnachtsfeiertage und bis zum Dreik\u00f6nigsfest sollten Sie sich hingegen <strong>Tuoro in Favola<\/strong> nicht entgehen lassen. Bei dieser Veranstaltung gibt es auf den Piazze und in den Stra\u00dfen von Tuoro sul Trasimeno viele Darbietungen aus Musik und Theater sowie Ausstellungen und Events f\u00fcr Gro\u00df und Klein.<\/p>\n<p>Ein weiterer H\u00f6hepunkt betreffend Musik, Theater und Kultur in Tuoro ist das <strong>Piccolo Festival del Rond\u00f2<\/strong>, eine Veranstaltung mit klassischer Musik und Theater inmitten des historischen Zentrums auf der zauberhaften <em>Piazzetta del Rond\u00f2<\/em>. Auf der wunderbaren Terrasse mti Ausrichtung auf den Trasimenischen See treten virtuose Meister und K\u00fcnstler live mit herrlichen Sonaten und Konzerten auf.<\/p>\n<p>Doch auch f\u00fcr die Gastronomie und die Verkostung lokaler Produkte gibt es zahlreiche Veranstaltungen.<\/p>\n<p>Dazu geh\u00f6ren <strong>Campo del Sole <\/strong>und <strong>Campo di Vino<\/strong> im Sommer, genauer im Juli, umgeben von Campo del Sole, dem magischen Freiluftmuseum am Ufer des Trasimenischen Sees. Die Teilnehmer k\u00f6nnen k\u00f6stliche Gerichte aus lokalen Rohstoffen von bester Qualit\u00e4t verkosten, begletiet von herausragenden Weinen, ebenfalls aus der Region, und Spitzenprodukten der Weinbaubetriebe rund um den Trasimenischen See.<\/p>\n<p>Der Herbst wird hingegen von einer weiteren weingastronomischen Veranstaltung eingeleitet, organisiert von Tuoro sul Trasimeno: die <strong>Festa dell\u2019olio e dei sapori d\u2019autuno<\/strong>. Die Hauptdarsteller sind dabei umbrische \u00d6lsorten sowie andere lokale Produkte der neuen Jahreszeit, die im Rahmen von Verkostungen serviert werden. Die Gerichte werden als Vorz\u00fcglichkeiten der Gastronomie pr\u00e4sentiert. Au\u00dferdem wird \u00d6l verkostet und Workshops f\u00fcr die Allerkleinsten werden angeboten. Zudem ist auch das lokale Handwerk vertreten, begleitet von Musik und kultureller Unterhaltung.<\/p>\n<p>Die Produktion von <strong>nativem Oliven\u00f6l extra <\/strong>hat f\u00fcr Tuoro sul Trasimeno eine besondere gastronomische, aber auch kulturelle und soziale Bedeutung. \u00d6l ist eines der Produkte aus der umbrischen Tradition, genau gleich wie <strong>Wein<\/strong>, der aus den Trauben der wertvollen Weing\u00e4rten auf den H\u00fcgeln rund um den Trasimenischen See hergestellt wird.<\/p>\n<p>Mit dem Zweck das lokale Produkt aufzuwerten und bekannter zu machen, wird in Tuoro sul Trasimeno jedes Jahr auch ein <em>Fotowettbewerb <\/em>mit dem Namen <em>L\u2019Oro di Oliva<\/em> organisiert, dessen Hauptdarsteller das native Oliven\u00f6l extra in all seinen Formen ist \u2013 von den Pflanzen, aus denen es gewonnen wird, \u00fcber die Produktionszyklen bis hin zum herausragenden Endprodukt, das bei Feinschmeckern f\u00fcr einen k\u00f6stlichen Geschmack und einen Akzent der Unverf\u00e4lschtheit sorgt.<\/p>\n<p>Zu den Handwerken, die die Wirtschaft des Ortes Tuoro sul Trasimeno haupts\u00e4chlich kennzeichnen, geh\u00f6rt die Herstellung von <strong>Zinnen <\/strong>und die Produktion herausragender, hochwertiger Manufakte.<\/p>\n","protected":false},"excerpt":{"rendered":"<p>Entdecken Sie Tuoro sul Trasimeno\u00a0 Das Zentrum Mittelitaliens liegt im wunderbaren Gebiet Umbriens und beherbergt den zauberhaften Ort Tuoro sul Trasimeno. Wie aus dem Namen abzuleiten ist, steht Tuoro in enger Verbindung zum wundersch\u00f6nen Trasimenischen See, dem gr\u00f6\u00dften Wasserspiegel Mittelitaliens, und ist zum Nordufer hin ausgerichtet. Hier verschmilzt das Blau des Wassers perfekt mit den [&hellip;]<\/p>\n","protected":false},"author":4,"featured_media":0,"parent":3271,"menu_order":10,"comment_status":"closed","ping_status":"closed","template":"","meta":{"om_disable_all_campaigns":false,"_monsterinsights_skip_tracking":false,"_monsterinsights_sitenote_active":false,"_monsterinsights_sitenote_note":"","_monsterinsights_sitenote_category":0},"acf":[],"yoast_head":"<!-- This site is optimized with the Yoast SEO plugin v18.4.1 - https:\/\/yoast.com\/wordpress\/plugins\/seo\/ -->\n<title>Entdecken Sie den Ort Tuoro sul Trasimeno - Exploring Umbria<\/title>\n<meta name=\"description\" content=\"Entdecken Sie Tuoro sul Trasimeno\u00a0 Das Zentrum Mittelitaliens liegt im wunderbaren Gebiet Umbriens und beherbergt den zauberhaften Ort Tuoro sul\" \/>\n<meta name=\"robots\" content=\"index, follow, max-snippet:-1, max-image-preview:large, max-video-preview:-1\" \/>\n<link rel=\"canonical\" href=\"https:\/\/www.exploring-umbria.com\/de\/borghi-in-umbria-tanti-piccoli-gioielli-nascosti\/entdecken-sie-den-ort-tuoro-sul-trasimeno\/\" \/>\n<meta property=\"og:locale\" content=\"de_DE\" \/>\n<meta property=\"og:type\" content=\"article\" \/>\n<meta property=\"og:title\" content=\"Entdecken Sie den Ort Tuoro sul Trasimeno - Exploring Umbria\" \/>\n<meta property=\"og:description\" content=\"Entdecken Sie Tuoro sul Trasimeno\u00a0 Das Zentrum Mittelitaliens liegt im wunderbaren Gebiet Umbriens und beherbergt den zauberhaften Ort Tuoro sul\" \/>\n<meta property=\"og:url\" content=\"https:\/\/www.exploring-umbria.com\/de\/borghi-in-umbria-tanti-piccoli-gioielli-nascosti\/entdecken-sie-den-ort-tuoro-sul-trasimeno\/\" \/>\n<meta property=\"og:site_name\" content=\"Exploring Umbria\" \/>\n<meta property=\"article:publisher\" content=\"https:\/\/www.facebook.com\/exploringumbria\/\" \/>\n<meta property=\"article:modified_time\" content=\"2020-09-03T10:58:14+00:00\" \/>\n<meta name=\"twitter:card\" content=\"summary_large_image\" \/>\n<meta name=\"twitter:label1\" content=\"Gesch\u00e4tzte Lesezeit\" \/>\n\t<meta name=\"twitter:data1\" content=\"6\u00a0Minuten\" \/>\n<script type=\"application\/ld+json\" class=\"yoast-schema-graph\">{\"@context\":\"https:\/\/schema.org\",\"@graph\":[{\"@type\":\"Organization\",\"@id\":\"https:\/\/www.exploring-umbria.com\/de\/#organization\",\"name\":\"Exploring Umbria\",\"url\":\"https:\/\/www.exploring-umbria.com\/de\/\",\"sameAs\":[\"https:\/\/www.facebook.com\/exploringumbria\/\",\"https:\/\/www.instagram.com\/exploringumbria\/\"],\"logo\":{\"@type\":\"ImageObject\",\"@id\":\"https:\/\/www.exploring-umbria.com\/de\/#logo\",\"inLanguage\":\"de\",\"url\":\"https:\/\/www.exploring-umbria.com\/wp-content\/uploads\/2019\/08\/solo-logo-verde.jpg\",\"contentUrl\":\"https:\/\/www.exploring-umbria.com\/wp-content\/uploads\/2019\/08\/solo-logo-verde.jpg\",\"width\":952,\"height\":532,\"caption\":\"Exploring Umbria\"},\"image\":{\"@id\":\"https:\/\/www.exploring-umbria.com\/de\/#logo\"}},{\"@type\":\"WebSite\",\"@id\":\"https:\/\/www.exploring-umbria.com\/de\/#website\",\"url\":\"https:\/\/www.exploring-umbria.com\/de\/\",\"name\":\"Exploring Umbria\",\"description\":\"your dates, your mood, your trip\",\"publisher\":{\"@id\":\"https:\/\/www.exploring-umbria.com\/de\/#organization\"},\"potentialAction\":[{\"@type\":\"SearchAction\",\"target\":{\"@type\":\"EntryPoint\",\"urlTemplate\":\"https:\/\/www.exploring-umbria.com\/de\/?s={search_term_string}\"},\"query-input\":\"required name=search_term_string\"}],\"inLanguage\":\"de\"},{\"@type\":\"WebPage\",\"@id\":\"https:\/\/www.exploring-umbria.com\/de\/borghi-in-umbria-tanti-piccoli-gioielli-nascosti\/entdecken-sie-den-ort-tuoro-sul-trasimeno\/#webpage\",\"url\":\"https:\/\/www.exploring-umbria.com\/de\/borghi-in-umbria-tanti-piccoli-gioielli-nascosti\/entdecken-sie-den-ort-tuoro-sul-trasimeno\/\",\"name\":\"Entdecken Sie den Ort Tuoro sul Trasimeno - Exploring Umbria\",\"isPartOf\":{\"@id\":\"https:\/\/www.exploring-umbria.com\/de\/#website\"},\"datePublished\":\"2019-08-09T11:34:43+00:00\",\"dateModified\":\"2020-09-03T10:58:14+00:00\",\"description\":\"Entdecken Sie Tuoro sul Trasimeno\u00a0 Das Zentrum Mittelitaliens liegt im wunderbaren Gebiet Umbriens und beherbergt den zauberhaften Ort Tuoro sul\",\"breadcrumb\":{\"@id\":\"https:\/\/www.exploring-umbria.com\/de\/borghi-in-umbria-tanti-piccoli-gioielli-nascosti\/entdecken-sie-den-ort-tuoro-sul-trasimeno\/#breadcrumb\"},\"inLanguage\":\"de\",\"potentialAction\":[{\"@type\":\"ReadAction\",\"target\":[\"https:\/\/www.exploring-umbria.com\/de\/borghi-in-umbria-tanti-piccoli-gioielli-nascosti\/entdecken-sie-den-ort-tuoro-sul-trasimeno\/\"]}]},{\"@type\":\"BreadcrumbList\",\"@id\":\"https:\/\/www.exploring-umbria.com\/de\/borghi-in-umbria-tanti-piccoli-gioielli-nascosti\/entdecken-sie-den-ort-tuoro-sul-trasimeno\/#breadcrumb\",\"itemListElement\":[{\"@type\":\"ListItem\",\"position\":1,\"name\":\"Home\",\"item\":\"https:\/\/www.exploring-umbria.com\/de\/\"},{\"@type\":\"ListItem\",\"position\":2,\"name\":\"Borghi in Umbria: tanti piccoli gioielli nascosti\",\"item\":\"https:\/\/www.exploring-umbria.com\/de\/borghi-in-umbria-tanti-piccoli-gioielli-nascosti\/\"},{\"@type\":\"ListItem\",\"position\":3,\"name\":\"Entdecken Sie den Ort Tuoro sul Trasimeno\"}]}]}<\/script>\n<!-- \/ Yoast SEO plugin. -->","yoast_head_json":{"title":"Entdecken Sie den Ort Tuoro sul Trasimeno - Exploring Umbria","description":"Entdecken Sie Tuoro sul Trasimeno\u00a0 Das Zentrum Mittelitaliens liegt im wunderbaren Gebiet Umbriens und beherbergt den zauberhaften Ort Tuoro sul","robots":{"index":"index","follow":"follow","max-snippet":"max-snippet:-1","max-image-preview":"max-image-preview:large","max-video-preview":"max-video-preview:-1"},"canonical":"https:\/\/www.exploring-umbria.com\/de\/borghi-in-umbria-tanti-piccoli-gioielli-nascosti\/entdecken-sie-den-ort-tuoro-sul-trasimeno\/","og_locale":"de_DE","og_type":"article","og_title":"Entdecken Sie den Ort Tuoro sul Trasimeno - Exploring Umbria","og_description":"Entdecken Sie Tuoro sul Trasimeno\u00a0 Das Zentrum Mittelitaliens liegt im wunderbaren Gebiet Umbriens und beherbergt den zauberhaften Ort Tuoro sul","og_url":"https:\/\/www.exploring-umbria.com\/de\/borghi-in-umbria-tanti-piccoli-gioielli-nascosti\/entdecken-sie-den-ort-tuoro-sul-trasimeno\/","og_site_name":"Exploring Umbria","article_publisher":"https:\/\/www.facebook.com\/exploringumbria\/","article_modified_time":"2020-09-03T10:58:14+00:00","twitter_card":"summary_large_image","twitter_misc":{"Gesch\u00e4tzte Lesezeit":"6\u00a0Minuten"},"schema":{"@context":"https:\/\/schema.org","@graph":[{"@type":"Organization","@id":"https:\/\/www.exploring-umbria.com\/de\/#organization","name":"Exploring Umbria","url":"https:\/\/www.exploring-umbria.com\/de\/","sameAs":["https:\/\/www.facebook.com\/exploringumbria\/","https:\/\/www.instagram.com\/exploringumbria\/"],"logo":{"@type":"ImageObject","@id":"https:\/\/www.exploring-umbria.com\/de\/#logo","inLanguage":"de","url":"https:\/\/www.exploring-umbria.com\/wp-content\/uploads\/2019\/08\/solo-logo-verde.jpg","contentUrl":"https:\/\/www.exploring-umbria.com\/wp-content\/uploads\/2019\/08\/solo-logo-verde.jpg","width":952,"height":532,"caption":"Exploring Umbria"},"image":{"@id":"https:\/\/www.exploring-umbria.com\/de\/#logo"}},{"@type":"WebSite","@id":"https:\/\/www.exploring-umbria.com\/de\/#website","url":"https:\/\/www.exploring-umbria.com\/de\/","name":"Exploring Umbria","description":"your dates, your mood, your trip","publisher":{"@id":"https:\/\/www.exploring-umbria.com\/de\/#organization"},"potentialAction":[{"@type":"SearchAction","target":{"@type":"EntryPoint","urlTemplate":"https:\/\/www.exploring-umbria.com\/de\/?s={search_term_string}"},"query-input":"required name=search_term_string"}],"inLanguage":"de"},{"@type":"WebPage","@id":"https:\/\/www.exploring-umbria.com\/de\/borghi-in-umbria-tanti-piccoli-gioielli-nascosti\/entdecken-sie-den-ort-tuoro-sul-trasimeno\/#webpage","url":"https:\/\/www.exploring-umbria.com\/de\/borghi-in-umbria-tanti-piccoli-gioielli-nascosti\/entdecken-sie-den-ort-tuoro-sul-trasimeno\/","name":"Entdecken Sie den Ort Tuoro sul Trasimeno - Exploring Umbria","isPartOf":{"@id":"https:\/\/www.exploring-umbria.com\/de\/#website"},"datePublished":"2019-08-09T11:34:43+00:00","dateModified":"2020-09-03T10:58:14+00:00","description":"Entdecken Sie Tuoro sul Trasimeno\u00a0 Das Zentrum Mittelitaliens liegt im wunderbaren Gebiet Umbriens und beherbergt den zauberhaften Ort Tuoro sul","breadcrumb":{"@id":"https:\/\/www.exploring-umbria.com\/de\/borghi-in-umbria-tanti-piccoli-gioielli-nascosti\/entdecken-sie-den-ort-tuoro-sul-trasimeno\/#breadcrumb"},"inLanguage":"de","potentialAction":[{"@type":"ReadAction","target":["https:\/\/www.exploring-umbria.com\/de\/borghi-in-umbria-tanti-piccoli-gioielli-nascosti\/entdecken-sie-den-ort-tuoro-sul-trasimeno\/"]}]},{"@type":"BreadcrumbList","@id":"https:\/\/www.exploring-umbria.com\/de\/borghi-in-umbria-tanti-piccoli-gioielli-nascosti\/entdecken-sie-den-ort-tuoro-sul-trasimeno\/#breadcrumb","itemListElement":[{"@type":"ListItem","position":1,"name":"Home","item":"https:\/\/www.exploring-umbria.com\/de\/"},{"@type":"ListItem","position":2,"name":"Borghi in Umbria: tanti piccoli gioielli nascosti","item":"https:\/\/www.exploring-umbria.com\/de\/borghi-in-umbria-tanti-piccoli-gioielli-nascosti\/"},{"@type":"ListItem","position":3,"name":"Entdecken Sie den Ort Tuoro sul Trasimeno"}]}]}},"_links":{"self":[{"href":"https:\/\/www.exploring-umbria.com\/de\/wp-json\/wp\/v2\/pages\/40027"}],"collection":[{"href":"https:\/\/www.exploring-umbria.com\/de\/wp-json\/wp\/v2\/pages"}],"about":[{"href":"https:\/\/www.exploring-umbria.com\/de\/wp-json\/wp\/v2\/types\/page"}],"author":[{"embeddable":true,"href":"https:\/\/www.exploring-umbria.com\/de\/wp-json\/wp\/v2\/users\/4"}],"replies":[{"embeddable":true,"href":"https:\/\/www.exploring-umbria.com\/de\/wp-json\/wp\/v2\/comments?post=40027"}],"version-history":[{"count":2,"href":"https:\/\/www.exploring-umbria.com\/de\/wp-json\/wp\/v2\/pages\/40027\/revisions"}],"predecessor-version":[{"id":40030,"href":"https:\/\/www.exploring-umbria.com\/de\/wp-json\/wp\/v2\/pages\/40027\/revisions\/40030"}],"up":[{"embeddable":true,"href":"https:\/\/www.exploring-umbria.com\/de\/wp-json\/wp\/v2\/pages\/3271"}],"wp:attachment":[{"href":"https:\/\/www.exploring-umbria.com\/de\/wp-json\/wp\/v2\/media?parent=40027"}],"curies":[{"name":"wp","href":"https:\/\/api.w.org\/{rel}","templated":true}]}}