{"id":39926,"date":"2020-05-11T13:04:02","date_gmt":"2020-05-11T11:04:02","guid":{"rendered":"https:\/\/www.exploring-umbria.com\/borghi-in-umbria-tanti-piccoli-gioielli-nascosti\/cosa-fare-a-torgiano\/"},"modified":"2020-09-02T17:52:53","modified_gmt":"2020-09-02T15:52:53","slug":"was-es-in-torgiano-zu-tun-gibt","status":"publish","type":"page","link":"https:\/\/www.exploring-umbria.com\/de\/borghi-in-umbria-tanti-piccoli-gioielli-nascosti\/was-es-in-torgiano-zu-tun-gibt\/","title":{"rendered":"Was es in Torgiano zu tun gibt"},"content":{"rendered":"<p><strong>Entdecken Sie mit uns, was es in Torgiano zu tun gibt.\u00a0<\/strong><\/p>\n<p>Torgiano ist ein Ort, der von der Liebe zur Erde und ihren Produkten lebt: Der Mensch verarbeitet sie und macht daraus richtige Kunstwerke. Exploring Umbria begleitet Sie auf Entdeckungsreise durch die Gegend \u2013 auf Naturlehrpfaden, auf dem <a href=\"https:\/\/www.exploring-umbria.com\/de\/aktivitaten\/torgiano-and-deruta-heartlands-of-wine-and-maiolica-ceramics\/\" target=\"_blank\" rel=\"noopener noreferrer\">Fahrrad<\/a> oder zu Fu\u00df. Zahlreiche Wanderungen k\u00f6nnen unternommen werden, insbesondere zur Erkundung von Wein und \u00d6l, um gleichzeitig auch unber\u00fchrte Landschaften zu bestaunen. Damit k\u00f6nnen Sie au\u00dferdem auch die <a href=\"https:\/\/www.exploring-umbria.com\/de\/aktivitaten\/discover-the-wines-of-torgiano\/\" target=\"_blank\" rel=\"noopener noreferrer\">Verkostung<\/a> regionaler Produkte kombinieren.<br \/>\nAu\u00dferdem empfiehlt Ihnen Exploring Umbria den Ortsteil Brufa von Torgiano aus aufzusuchen; entlang der Stra\u00dfe und zwischen den Gassen des Ortes entdecken Sie bedeutende und wundersch\u00f6ne Skulpturen von international bekannten, modernen K\u00fcnstlern, die sich perfekt in die Umgebung einf\u00fcgen. Und wenn Sie diese Wunder der Natur und Kunst auf ganz besondere Weise erkunden m\u00f6chten, k\u00f6nnen Sie dies auf dem R\u00fccken eines Pferdes tun.<\/p>\n","protected":false},"excerpt":{"rendered":"<p>Entdecken Sie mit uns, was es in Torgiano zu tun gibt.\u00a0 Torgiano ist ein Ort, der von der Liebe zur Erde und ihren Produkten lebt: Der Mensch verarbeitet sie und macht daraus richtige Kunstwerke. Exploring Umbria begleitet Sie auf Entdeckungsreise durch die Gegend \u2013 auf Naturlehrpfaden, auf dem Fahrrad oder zu Fu\u00df. Zahlreiche Wanderungen k\u00f6nnen [&hellip;]<\/p>\n","protected":false},"author":4,"featured_media":37849,"parent":3271,"menu_order":0,"comment_status":"closed","ping_status":"closed","template":"","meta":{"om_disable_all_campaigns":false,"_monsterinsights_skip_tracking":false,"_monsterinsights_sitenote_active":false,"_monsterinsights_sitenote_note":"","_monsterinsights_sitenote_category":0},"acf":[],"yoast_head":"<!-- This site is optimized with the Yoast SEO plugin v18.4.1 - https:\/\/yoast.com\/wordpress\/plugins\/seo\/ -->\n<title>Was es in Torgiano zu tun gibt - Exploring Umbria<\/title>\n<meta name=\"description\" content=\"Entdecken Sie mit uns, was es in Torgiano zu tun gibt.\u00a0 Torgiano ist ein Ort, der von der Liebe zur Erde und ihren Produkten lebt: Der Mensch verarbeitet\" \/>\n<meta name=\"robots\" content=\"index, follow, max-snippet:-1, max-image-preview:large, max-video-preview:-1\" \/>\n<link rel=\"canonical\" href=\"https:\/\/www.exploring-umbria.com\/de\/borghi-in-umbria-tanti-piccoli-gioielli-nascosti\/was-es-in-torgiano-zu-tun-gibt\/\" \/>\n<meta property=\"og:locale\" content=\"de_DE\" \/>\n<meta property=\"og:type\" content=\"article\" \/>\n<meta property=\"og:title\" content=\"Was es in Torgiano zu tun gibt - Exploring Umbria\" \/>\n<meta property=\"og:description\" content=\"Entdecken Sie mit uns, was es in Torgiano zu tun gibt.\u00a0 Torgiano ist ein Ort, der von der Liebe zur Erde und ihren Produkten lebt: Der Mensch verarbeitet\" \/>\n<meta property=\"og:url\" content=\"https:\/\/www.exploring-umbria.com\/de\/borghi-in-umbria-tanti-piccoli-gioielli-nascosti\/was-es-in-torgiano-zu-tun-gibt\/\" \/>\n<meta property=\"og:site_name\" content=\"Exploring Umbria\" \/>\n<meta property=\"article:publisher\" content=\"https:\/\/www.facebook.com\/exploringumbria\/\" \/>\n<meta property=\"article:modified_time\" content=\"2020-09-02T15:52:53+00:00\" \/>\n<meta property=\"og:image\" content=\"https:\/\/www.exploring-umbria.com\/wp-content\/uploads\/2020\/07\/Torgiano-DSC_0619-1200x800.jpg\" \/>\n\t<meta property=\"og:image:width\" content=\"1200\" \/>\n\t<meta property=\"og:image:height\" content=\"800\" \/>\n\t<meta property=\"og:image:type\" content=\"image\/jpeg\" \/>\n<meta name=\"twitter:card\" content=\"summary_large_image\" \/>\n<meta name=\"twitter:label1\" content=\"Gesch\u00e4tzte Lesezeit\" \/>\n\t<meta name=\"twitter:data1\" content=\"1\u00a0Minute\" \/>\n<script type=\"application\/ld+json\" class=\"yoast-schema-graph\">{\"@context\":\"https:\/\/schema.org\",\"@graph\":[{\"@type\":\"Organization\",\"@id\":\"https:\/\/www.exploring-umbria.com\/de\/#organization\",\"name\":\"Exploring Umbria\",\"url\":\"https:\/\/www.exploring-umbria.com\/de\/\",\"sameAs\":[\"https:\/\/www.facebook.com\/exploringumbria\/\",\"https:\/\/www.instagram.com\/exploringumbria\/\"],\"logo\":{\"@type\":\"ImageObject\",\"@id\":\"https:\/\/www.exploring-umbria.com\/de\/#logo\",\"inLanguage\":\"de\",\"url\":\"https:\/\/www.exploring-umbria.com\/wp-content\/uploads\/2019\/08\/solo-logo-verde.jpg\",\"contentUrl\":\"https:\/\/www.exploring-umbria.com\/wp-content\/uploads\/2019\/08\/solo-logo-verde.jpg\",\"width\":952,\"height\":532,\"caption\":\"Exploring Umbria\"},\"image\":{\"@id\":\"https:\/\/www.exploring-umbria.com\/de\/#logo\"}},{\"@type\":\"WebSite\",\"@id\":\"https:\/\/www.exploring-umbria.com\/de\/#website\",\"url\":\"https:\/\/www.exploring-umbria.com\/de\/\",\"name\":\"Exploring Umbria\",\"description\":\"your dates, your mood, your trip\",\"publisher\":{\"@id\":\"https:\/\/www.exploring-umbria.com\/de\/#organization\"},\"potentialAction\":[{\"@type\":\"SearchAction\",\"target\":{\"@type\":\"EntryPoint\",\"urlTemplate\":\"https:\/\/www.exploring-umbria.com\/de\/?s={search_term_string}\"},\"query-input\":\"required name=search_term_string\"}],\"inLanguage\":\"de\"},{\"@type\":\"ImageObject\",\"@id\":\"https:\/\/www.exploring-umbria.com\/de\/borghi-in-umbria-tanti-piccoli-gioielli-nascosti\/was-es-in-torgiano-zu-tun-gibt\/#primaryimage\",\"inLanguage\":\"de\",\"url\":\"https:\/\/www.exploring-umbria.com\/wp-content\/uploads\/2020\/07\/Torgiano-DSC_0619.jpg\",\"contentUrl\":\"https:\/\/www.exploring-umbria.com\/wp-content\/uploads\/2020\/07\/Torgiano-DSC_0619.jpg\",\"width\":4608,\"height\":3072,\"caption\":\"Cosa fare a Torgiano\"},{\"@type\":\"WebPage\",\"@id\":\"https:\/\/www.exploring-umbria.com\/de\/borghi-in-umbria-tanti-piccoli-gioielli-nascosti\/was-es-in-torgiano-zu-tun-gibt\/#webpage\",\"url\":\"https:\/\/www.exploring-umbria.com\/de\/borghi-in-umbria-tanti-piccoli-gioielli-nascosti\/was-es-in-torgiano-zu-tun-gibt\/\",\"name\":\"Was es in Torgiano zu tun gibt - Exploring Umbria\",\"isPartOf\":{\"@id\":\"https:\/\/www.exploring-umbria.com\/de\/#website\"},\"primaryImageOfPage\":{\"@id\":\"https:\/\/www.exploring-umbria.com\/de\/borghi-in-umbria-tanti-piccoli-gioielli-nascosti\/was-es-in-torgiano-zu-tun-gibt\/#primaryimage\"},\"datePublished\":\"2020-05-11T11:04:02+00:00\",\"dateModified\":\"2020-09-02T15:52:53+00:00\",\"description\":\"Entdecken Sie mit uns, was es in Torgiano zu tun gibt.\u00a0 Torgiano ist ein Ort, der von der Liebe zur Erde und ihren Produkten lebt: Der Mensch verarbeitet\",\"breadcrumb\":{\"@id\":\"https:\/\/www.exploring-umbria.com\/de\/borghi-in-umbria-tanti-piccoli-gioielli-nascosti\/was-es-in-torgiano-zu-tun-gibt\/#breadcrumb\"},\"inLanguage\":\"de\",\"potentialAction\":[{\"@type\":\"ReadAction\",\"target\":[\"https:\/\/www.exploring-umbria.com\/de\/borghi-in-umbria-tanti-piccoli-gioielli-nascosti\/was-es-in-torgiano-zu-tun-gibt\/\"]}]},{\"@type\":\"BreadcrumbList\",\"@id\":\"https:\/\/www.exploring-umbria.com\/de\/borghi-in-umbria-tanti-piccoli-gioielli-nascosti\/was-es-in-torgiano-zu-tun-gibt\/#breadcrumb\",\"itemListElement\":[{\"@type\":\"ListItem\",\"position\":1,\"name\":\"Home\",\"item\":\"https:\/\/www.exploring-umbria.com\/de\/\"},{\"@type\":\"ListItem\",\"position\":2,\"name\":\"Borghi in Umbria: tanti piccoli gioielli nascosti\",\"item\":\"https:\/\/www.exploring-umbria.com\/de\/borghi-in-umbria-tanti-piccoli-gioielli-nascosti\/\"},{\"@type\":\"ListItem\",\"position\":3,\"name\":\"Was es in Torgiano zu tun gibt\"}]}]}<\/script>\n<!-- \/ Yoast SEO plugin. -->","yoast_head_json":{"title":"Was es in Torgiano zu tun gibt - Exploring Umbria","description":"Entdecken Sie mit uns, was es in Torgiano zu tun gibt.\u00a0 Torgiano ist ein Ort, der von der Liebe zur Erde und ihren Produkten lebt: Der Mensch verarbeitet","robots":{"index":"index","follow":"follow","max-snippet":"max-snippet:-1","max-image-preview":"max-image-preview:large","max-video-preview":"max-video-preview:-1"},"canonical":"https:\/\/www.exploring-umbria.com\/de\/borghi-in-umbria-tanti-piccoli-gioielli-nascosti\/was-es-in-torgiano-zu-tun-gibt\/","og_locale":"de_DE","og_type":"article","og_title":"Was es in Torgiano zu tun gibt - Exploring Umbria","og_description":"Entdecken Sie mit uns, was es in Torgiano zu tun gibt.\u00a0 Torgiano ist ein Ort, der von der Liebe zur Erde und ihren Produkten lebt: Der Mensch verarbeitet","og_url":"https:\/\/www.exploring-umbria.com\/de\/borghi-in-umbria-tanti-piccoli-gioielli-nascosti\/was-es-in-torgiano-zu-tun-gibt\/","og_site_name":"Exploring Umbria","article_publisher":"https:\/\/www.facebook.com\/exploringumbria\/","article_modified_time":"2020-09-02T15:52:53+00:00","og_image":[{"width":1200,"height":800,"url":"https:\/\/www.exploring-umbria.com\/wp-content\/uploads\/2020\/07\/Torgiano-DSC_0619-1200x800.jpg","type":"image\/jpeg"}],"twitter_card":"summary_large_image","twitter_misc":{"Gesch\u00e4tzte Lesezeit":"1\u00a0Minute"},"schema":{"@context":"https:\/\/schema.org","@graph":[{"@type":"Organization","@id":"https:\/\/www.exploring-umbria.com\/de\/#organization","name":"Exploring Umbria","url":"https:\/\/www.exploring-umbria.com\/de\/","sameAs":["https:\/\/www.facebook.com\/exploringumbria\/","https:\/\/www.instagram.com\/exploringumbria\/"],"logo":{"@type":"ImageObject","@id":"https:\/\/www.exploring-umbria.com\/de\/#logo","inLanguage":"de","url":"https:\/\/www.exploring-umbria.com\/wp-content\/uploads\/2019\/08\/solo-logo-verde.jpg","contentUrl":"https:\/\/www.exploring-umbria.com\/wp-content\/uploads\/2019\/08\/solo-logo-verde.jpg","width":952,"height":532,"caption":"Exploring Umbria"},"image":{"@id":"https:\/\/www.exploring-umbria.com\/de\/#logo"}},{"@type":"WebSite","@id":"https:\/\/www.exploring-umbria.com\/de\/#website","url":"https:\/\/www.exploring-umbria.com\/de\/","name":"Exploring Umbria","description":"your dates, your mood, your trip","publisher":{"@id":"https:\/\/www.exploring-umbria.com\/de\/#organization"},"potentialAction":[{"@type":"SearchAction","target":{"@type":"EntryPoint","urlTemplate":"https:\/\/www.exploring-umbria.com\/de\/?s={search_term_string}"},"query-input":"required name=search_term_string"}],"inLanguage":"de"},{"@type":"ImageObject","@id":"https:\/\/www.exploring-umbria.com\/de\/borghi-in-umbria-tanti-piccoli-gioielli-nascosti\/was-es-in-torgiano-zu-tun-gibt\/#primaryimage","inLanguage":"de","url":"https:\/\/www.exploring-umbria.com\/wp-content\/uploads\/2020\/07\/Torgiano-DSC_0619.jpg","contentUrl":"https:\/\/www.exploring-umbria.com\/wp-content\/uploads\/2020\/07\/Torgiano-DSC_0619.jpg","width":4608,"height":3072,"caption":"Cosa fare a Torgiano"},{"@type":"WebPage","@id":"https:\/\/www.exploring-umbria.com\/de\/borghi-in-umbria-tanti-piccoli-gioielli-nascosti\/was-es-in-torgiano-zu-tun-gibt\/#webpage","url":"https:\/\/www.exploring-umbria.com\/de\/borghi-in-umbria-tanti-piccoli-gioielli-nascosti\/was-es-in-torgiano-zu-tun-gibt\/","name":"Was es in Torgiano zu tun gibt - Exploring Umbria","isPartOf":{"@id":"https:\/\/www.exploring-umbria.com\/de\/#website"},"primaryImageOfPage":{"@id":"https:\/\/www.exploring-umbria.com\/de\/borghi-in-umbria-tanti-piccoli-gioielli-nascosti\/was-es-in-torgiano-zu-tun-gibt\/#primaryimage"},"datePublished":"2020-05-11T11:04:02+00:00","dateModified":"2020-09-02T15:52:53+00:00","description":"Entdecken Sie mit uns, was es in Torgiano zu tun gibt.\u00a0 Torgiano ist ein Ort, der von der Liebe zur Erde und ihren Produkten lebt: Der Mensch verarbeitet","breadcrumb":{"@id":"https:\/\/www.exploring-umbria.com\/de\/borghi-in-umbria-tanti-piccoli-gioielli-nascosti\/was-es-in-torgiano-zu-tun-gibt\/#breadcrumb"},"inLanguage":"de","potentialAction":[{"@type":"ReadAction","target":["https:\/\/www.exploring-umbria.com\/de\/borghi-in-umbria-tanti-piccoli-gioielli-nascosti\/was-es-in-torgiano-zu-tun-gibt\/"]}]},{"@type":"BreadcrumbList","@id":"https:\/\/www.exploring-umbria.com\/de\/borghi-in-umbria-tanti-piccoli-gioielli-nascosti\/was-es-in-torgiano-zu-tun-gibt\/#breadcrumb","itemListElement":[{"@type":"ListItem","position":1,"name":"Home","item":"https:\/\/www.exploring-umbria.com\/de\/"},{"@type":"ListItem","position":2,"name":"Borghi in Umbria: tanti piccoli gioielli nascosti","item":"https:\/\/www.exploring-umbria.com\/de\/borghi-in-umbria-tanti-piccoli-gioielli-nascosti\/"},{"@type":"ListItem","position":3,"name":"Was es in Torgiano zu tun gibt"}]}]}},"_links":{"self":[{"href":"https:\/\/www.exploring-umbria.com\/de\/wp-json\/wp\/v2\/pages\/39926"}],"collection":[{"href":"https:\/\/www.exploring-umbria.com\/de\/wp-json\/wp\/v2\/pages"}],"about":[{"href":"https:\/\/www.exploring-umbria.com\/de\/wp-json\/wp\/v2\/types\/page"}],"author":[{"embeddable":true,"href":"https:\/\/www.exploring-umbria.com\/de\/wp-json\/wp\/v2\/users\/4"}],"replies":[{"embeddable":true,"href":"https:\/\/www.exploring-umbria.com\/de\/wp-json\/wp\/v2\/comments?post=39926"}],"version-history":[{"count":2,"href":"https:\/\/www.exploring-umbria.com\/de\/wp-json\/wp\/v2\/pages\/39926\/revisions"}],"predecessor-version":[{"id":39931,"href":"https:\/\/www.exploring-umbria.com\/de\/wp-json\/wp\/v2\/pages\/39926\/revisions\/39931"}],"up":[{"embeddable":true,"href":"https:\/\/www.exploring-umbria.com\/de\/wp-json\/wp\/v2\/pages\/3271"}],"wp:featuredmedia":[{"embeddable":true,"href":"https:\/\/www.exploring-umbria.com\/de\/wp-json\/wp\/v2\/media\/37849"}],"wp:attachment":[{"href":"https:\/\/www.exploring-umbria.com\/de\/wp-json\/wp\/v2\/media?parent=39926"}],"curies":[{"name":"wp","href":"https:\/\/api.w.org\/{rel}","templated":true}]}}