{"id":39587,"date":"2020-05-13T19:38:59","date_gmt":"2020-05-13T17:38:59","guid":{"rendered":"https:\/\/www.exploring-umbria.com\/borghi-in-umbria-tanti-piccoli-gioielli-nascosti\/cosa-fare-a-montefalco\/"},"modified":"2020-08-28T17:57:37","modified_gmt":"2020-08-28T15:57:37","slug":"was-es-in-montefalco-zu-tun-gibt","status":"publish","type":"page","link":"https:\/\/www.exploring-umbria.com\/de\/borghi-in-umbria-tanti-piccoli-gioielli-nascosti\/was-es-in-montefalco-zu-tun-gibt\/","title":{"rendered":"Was es in Montefalco zu tun gibt"},"content":{"rendered":"<p>In Montefalco k\u00f6nnen Sie sich entspannen und die wunderbaren Panoramen genie\u00dfen, die der Ort bietet, vielleicht mit einem Glas Sagrantino in der Hand und einem herrlichen St\u00fcck Chianina-Rind mit Tr\u00fcffel auf dem Teller. Wunderbar sind auch die ruhigen <a href=\"https:\/\/www.exploring-umbria.com\/de\/aktivitaten\/gefuehrte-tour-durch-montefalco\/\" target=\"_blank\" rel=\"noopener noreferrer\">Spazierg\u00e4nge<\/a> durch die Gassen des Ortes, bei denen Sie die Zeit vergessen und ein St\u00fcck weit in das Mittelalter eintauchen. Vergessen Sie nicht, die L\u00e4den der Handwerker und das \u00f6rtliche Museum San Francesco mit der alten Kirche, die mit Fresken von<a href=\"https:\/\/de.wikipedia.org\/wiki\/Benozzo_Gozzoli\" target=\"_blank\" rel=\"noopener noreferrer\"> <em>Benozzo Gozzoli <\/em><\/a>verziert ist, zu besuchen.<br \/>\nNeben entspannten Momenten bietet Ihnen Exploring Umbria auch zahlreiche Unterhaltungsm\u00f6glichkeiten, etwa Ausfl\u00fcge zu wahren Naturparadiesen; oder Sie tauchen beim Reiten in die Landschaft um Montefalco ein. Mit Exploring Umbria k\u00f6nnen Sie sich aber auch im Bogenschie\u00dfen \u00fcben.<\/p>\n","protected":false},"excerpt":{"rendered":"<p>In Montefalco k\u00f6nnen Sie sich entspannen und die wunderbaren Panoramen genie\u00dfen, die der Ort bietet, vielleicht mit einem Glas Sagrantino in der Hand und einem herrlichen St\u00fcck Chianina-Rind mit Tr\u00fcffel auf dem Teller. Wunderbar sind auch die ruhigen Spazierg\u00e4nge durch die Gassen des Ortes, bei denen Sie die Zeit vergessen und ein St\u00fcck weit in [&hellip;]<\/p>\n","protected":false},"author":4,"featured_media":34703,"parent":3271,"menu_order":0,"comment_status":"closed","ping_status":"closed","template":"","meta":{"om_disable_all_campaigns":false,"_monsterinsights_skip_tracking":false,"_monsterinsights_sitenote_active":false,"_monsterinsights_sitenote_note":"","_monsterinsights_sitenote_category":0},"acf":[],"yoast_head":"<!-- This site is optimized with the Yoast SEO plugin v18.4.1 - https:\/\/yoast.com\/wordpress\/plugins\/seo\/ -->\n<title>Was es in Montefalco zu tun gibt - Exploring Umbria<\/title>\n<meta name=\"description\" content=\"In Montefalco k\u00f6nnen Sie sich entspannen und die wunderbaren Panoramen genie\u00dfen, die der Ort bietet, vielleicht mit einem Glas Sagrantino in der Hand und\" \/>\n<meta name=\"robots\" content=\"index, follow, max-snippet:-1, max-image-preview:large, max-video-preview:-1\" \/>\n<link rel=\"canonical\" href=\"https:\/\/www.exploring-umbria.com\/de\/borghi-in-umbria-tanti-piccoli-gioielli-nascosti\/was-es-in-montefalco-zu-tun-gibt\/\" \/>\n<meta property=\"og:locale\" content=\"de_DE\" \/>\n<meta property=\"og:type\" content=\"article\" \/>\n<meta property=\"og:title\" content=\"Was es in Montefalco zu tun gibt - Exploring Umbria\" \/>\n<meta property=\"og:description\" content=\"In Montefalco k\u00f6nnen Sie sich entspannen und die wunderbaren Panoramen genie\u00dfen, die der Ort bietet, vielleicht mit einem Glas Sagrantino in der Hand und\" \/>\n<meta property=\"og:url\" content=\"https:\/\/www.exploring-umbria.com\/de\/borghi-in-umbria-tanti-piccoli-gioielli-nascosti\/was-es-in-montefalco-zu-tun-gibt\/\" \/>\n<meta property=\"og:site_name\" content=\"Exploring Umbria\" \/>\n<meta property=\"article:publisher\" content=\"https:\/\/www.facebook.com\/exploringumbria\/\" \/>\n<meta property=\"article:modified_time\" content=\"2020-08-28T15:57:37+00:00\" \/>\n<meta property=\"og:image\" content=\"https:\/\/www.exploring-umbria.com\/wp-content\/uploads\/2020\/04\/WhatsApp-Image-2020-04-27-at-23.01.08.jpeg\" \/>\n\t<meta property=\"og:image:width\" content=\"720\" \/>\n\t<meta property=\"og:image:height\" content=\"540\" \/>\n\t<meta property=\"og:image:type\" content=\"image\/jpeg\" \/>\n<meta name=\"twitter:card\" content=\"summary_large_image\" \/>\n<meta name=\"twitter:label1\" content=\"Gesch\u00e4tzte Lesezeit\" \/>\n\t<meta name=\"twitter:data1\" content=\"1\u00a0Minute\" \/>\n<script type=\"application\/ld+json\" class=\"yoast-schema-graph\">{\"@context\":\"https:\/\/schema.org\",\"@graph\":[{\"@type\":\"Organization\",\"@id\":\"https:\/\/www.exploring-umbria.com\/de\/#organization\",\"name\":\"Exploring Umbria\",\"url\":\"https:\/\/www.exploring-umbria.com\/de\/\",\"sameAs\":[\"https:\/\/www.facebook.com\/exploringumbria\/\",\"https:\/\/www.instagram.com\/exploringumbria\/\"],\"logo\":{\"@type\":\"ImageObject\",\"@id\":\"https:\/\/www.exploring-umbria.com\/de\/#logo\",\"inLanguage\":\"de\",\"url\":\"https:\/\/www.exploring-umbria.com\/wp-content\/uploads\/2019\/08\/solo-logo-verde.jpg\",\"contentUrl\":\"https:\/\/www.exploring-umbria.com\/wp-content\/uploads\/2019\/08\/solo-logo-verde.jpg\",\"width\":952,\"height\":532,\"caption\":\"Exploring Umbria\"},\"image\":{\"@id\":\"https:\/\/www.exploring-umbria.com\/de\/#logo\"}},{\"@type\":\"WebSite\",\"@id\":\"https:\/\/www.exploring-umbria.com\/de\/#website\",\"url\":\"https:\/\/www.exploring-umbria.com\/de\/\",\"name\":\"Exploring Umbria\",\"description\":\"your dates, your mood, your trip\",\"publisher\":{\"@id\":\"https:\/\/www.exploring-umbria.com\/de\/#organization\"},\"potentialAction\":[{\"@type\":\"SearchAction\",\"target\":{\"@type\":\"EntryPoint\",\"urlTemplate\":\"https:\/\/www.exploring-umbria.com\/de\/?s={search_term_string}\"},\"query-input\":\"required name=search_term_string\"}],\"inLanguage\":\"de\"},{\"@type\":\"ImageObject\",\"@id\":\"https:\/\/www.exploring-umbria.com\/de\/borghi-in-umbria-tanti-piccoli-gioielli-nascosti\/was-es-in-montefalco-zu-tun-gibt\/#primaryimage\",\"inLanguage\":\"de\",\"url\":\"https:\/\/www.exploring-umbria.com\/wp-content\/uploads\/2020\/04\/WhatsApp-Image-2020-04-27-at-23.01.08.jpeg\",\"contentUrl\":\"https:\/\/www.exploring-umbria.com\/wp-content\/uploads\/2020\/04\/WhatsApp-Image-2020-04-27-at-23.01.08.jpeg\",\"width\":720,\"height\":540,\"caption\":\"\u00a9 La Lori ph.\"},{\"@type\":\"WebPage\",\"@id\":\"https:\/\/www.exploring-umbria.com\/de\/borghi-in-umbria-tanti-piccoli-gioielli-nascosti\/was-es-in-montefalco-zu-tun-gibt\/#webpage\",\"url\":\"https:\/\/www.exploring-umbria.com\/de\/borghi-in-umbria-tanti-piccoli-gioielli-nascosti\/was-es-in-montefalco-zu-tun-gibt\/\",\"name\":\"Was es in Montefalco zu tun gibt - Exploring Umbria\",\"isPartOf\":{\"@id\":\"https:\/\/www.exploring-umbria.com\/de\/#website\"},\"primaryImageOfPage\":{\"@id\":\"https:\/\/www.exploring-umbria.com\/de\/borghi-in-umbria-tanti-piccoli-gioielli-nascosti\/was-es-in-montefalco-zu-tun-gibt\/#primaryimage\"},\"datePublished\":\"2020-05-13T17:38:59+00:00\",\"dateModified\":\"2020-08-28T15:57:37+00:00\",\"description\":\"In Montefalco k\u00f6nnen Sie sich entspannen und die wunderbaren Panoramen genie\u00dfen, die der Ort bietet, vielleicht mit einem Glas Sagrantino in der Hand und\",\"breadcrumb\":{\"@id\":\"https:\/\/www.exploring-umbria.com\/de\/borghi-in-umbria-tanti-piccoli-gioielli-nascosti\/was-es-in-montefalco-zu-tun-gibt\/#breadcrumb\"},\"inLanguage\":\"de\",\"potentialAction\":[{\"@type\":\"ReadAction\",\"target\":[\"https:\/\/www.exploring-umbria.com\/de\/borghi-in-umbria-tanti-piccoli-gioielli-nascosti\/was-es-in-montefalco-zu-tun-gibt\/\"]}]},{\"@type\":\"BreadcrumbList\",\"@id\":\"https:\/\/www.exploring-umbria.com\/de\/borghi-in-umbria-tanti-piccoli-gioielli-nascosti\/was-es-in-montefalco-zu-tun-gibt\/#breadcrumb\",\"itemListElement\":[{\"@type\":\"ListItem\",\"position\":1,\"name\":\"Home\",\"item\":\"https:\/\/www.exploring-umbria.com\/de\/\"},{\"@type\":\"ListItem\",\"position\":2,\"name\":\"Borghi in Umbria: tanti piccoli gioielli nascosti\",\"item\":\"https:\/\/www.exploring-umbria.com\/de\/borghi-in-umbria-tanti-piccoli-gioielli-nascosti\/\"},{\"@type\":\"ListItem\",\"position\":3,\"name\":\"Was es in Montefalco zu tun gibt\"}]}]}<\/script>\n<!-- \/ Yoast SEO plugin. -->","yoast_head_json":{"title":"Was es in Montefalco zu tun gibt - Exploring Umbria","description":"In Montefalco k\u00f6nnen Sie sich entspannen und die wunderbaren Panoramen genie\u00dfen, die der Ort bietet, vielleicht mit einem Glas Sagrantino in der Hand und","robots":{"index":"index","follow":"follow","max-snippet":"max-snippet:-1","max-image-preview":"max-image-preview:large","max-video-preview":"max-video-preview:-1"},"canonical":"https:\/\/www.exploring-umbria.com\/de\/borghi-in-umbria-tanti-piccoli-gioielli-nascosti\/was-es-in-montefalco-zu-tun-gibt\/","og_locale":"de_DE","og_type":"article","og_title":"Was es in Montefalco zu tun gibt - Exploring Umbria","og_description":"In Montefalco k\u00f6nnen Sie sich entspannen und die wunderbaren Panoramen genie\u00dfen, die der Ort bietet, vielleicht mit einem Glas Sagrantino in der Hand und","og_url":"https:\/\/www.exploring-umbria.com\/de\/borghi-in-umbria-tanti-piccoli-gioielli-nascosti\/was-es-in-montefalco-zu-tun-gibt\/","og_site_name":"Exploring Umbria","article_publisher":"https:\/\/www.facebook.com\/exploringumbria\/","article_modified_time":"2020-08-28T15:57:37+00:00","og_image":[{"width":720,"height":540,"url":"https:\/\/www.exploring-umbria.com\/wp-content\/uploads\/2020\/04\/WhatsApp-Image-2020-04-27-at-23.01.08.jpeg","type":"image\/jpeg"}],"twitter_card":"summary_large_image","twitter_misc":{"Gesch\u00e4tzte Lesezeit":"1\u00a0Minute"},"schema":{"@context":"https:\/\/schema.org","@graph":[{"@type":"Organization","@id":"https:\/\/www.exploring-umbria.com\/de\/#organization","name":"Exploring Umbria","url":"https:\/\/www.exploring-umbria.com\/de\/","sameAs":["https:\/\/www.facebook.com\/exploringumbria\/","https:\/\/www.instagram.com\/exploringumbria\/"],"logo":{"@type":"ImageObject","@id":"https:\/\/www.exploring-umbria.com\/de\/#logo","inLanguage":"de","url":"https:\/\/www.exploring-umbria.com\/wp-content\/uploads\/2019\/08\/solo-logo-verde.jpg","contentUrl":"https:\/\/www.exploring-umbria.com\/wp-content\/uploads\/2019\/08\/solo-logo-verde.jpg","width":952,"height":532,"caption":"Exploring Umbria"},"image":{"@id":"https:\/\/www.exploring-umbria.com\/de\/#logo"}},{"@type":"WebSite","@id":"https:\/\/www.exploring-umbria.com\/de\/#website","url":"https:\/\/www.exploring-umbria.com\/de\/","name":"Exploring Umbria","description":"your dates, your mood, your trip","publisher":{"@id":"https:\/\/www.exploring-umbria.com\/de\/#organization"},"potentialAction":[{"@type":"SearchAction","target":{"@type":"EntryPoint","urlTemplate":"https:\/\/www.exploring-umbria.com\/de\/?s={search_term_string}"},"query-input":"required name=search_term_string"}],"inLanguage":"de"},{"@type":"ImageObject","@id":"https:\/\/www.exploring-umbria.com\/de\/borghi-in-umbria-tanti-piccoli-gioielli-nascosti\/was-es-in-montefalco-zu-tun-gibt\/#primaryimage","inLanguage":"de","url":"https:\/\/www.exploring-umbria.com\/wp-content\/uploads\/2020\/04\/WhatsApp-Image-2020-04-27-at-23.01.08.jpeg","contentUrl":"https:\/\/www.exploring-umbria.com\/wp-content\/uploads\/2020\/04\/WhatsApp-Image-2020-04-27-at-23.01.08.jpeg","width":720,"height":540,"caption":"\u00a9 La Lori ph."},{"@type":"WebPage","@id":"https:\/\/www.exploring-umbria.com\/de\/borghi-in-umbria-tanti-piccoli-gioielli-nascosti\/was-es-in-montefalco-zu-tun-gibt\/#webpage","url":"https:\/\/www.exploring-umbria.com\/de\/borghi-in-umbria-tanti-piccoli-gioielli-nascosti\/was-es-in-montefalco-zu-tun-gibt\/","name":"Was es in Montefalco zu tun gibt - Exploring Umbria","isPartOf":{"@id":"https:\/\/www.exploring-umbria.com\/de\/#website"},"primaryImageOfPage":{"@id":"https:\/\/www.exploring-umbria.com\/de\/borghi-in-umbria-tanti-piccoli-gioielli-nascosti\/was-es-in-montefalco-zu-tun-gibt\/#primaryimage"},"datePublished":"2020-05-13T17:38:59+00:00","dateModified":"2020-08-28T15:57:37+00:00","description":"In Montefalco k\u00f6nnen Sie sich entspannen und die wunderbaren Panoramen genie\u00dfen, die der Ort bietet, vielleicht mit einem Glas Sagrantino in der Hand und","breadcrumb":{"@id":"https:\/\/www.exploring-umbria.com\/de\/borghi-in-umbria-tanti-piccoli-gioielli-nascosti\/was-es-in-montefalco-zu-tun-gibt\/#breadcrumb"},"inLanguage":"de","potentialAction":[{"@type":"ReadAction","target":["https:\/\/www.exploring-umbria.com\/de\/borghi-in-umbria-tanti-piccoli-gioielli-nascosti\/was-es-in-montefalco-zu-tun-gibt\/"]}]},{"@type":"BreadcrumbList","@id":"https:\/\/www.exploring-umbria.com\/de\/borghi-in-umbria-tanti-piccoli-gioielli-nascosti\/was-es-in-montefalco-zu-tun-gibt\/#breadcrumb","itemListElement":[{"@type":"ListItem","position":1,"name":"Home","item":"https:\/\/www.exploring-umbria.com\/de\/"},{"@type":"ListItem","position":2,"name":"Borghi in Umbria: tanti piccoli gioielli nascosti","item":"https:\/\/www.exploring-umbria.com\/de\/borghi-in-umbria-tanti-piccoli-gioielli-nascosti\/"},{"@type":"ListItem","position":3,"name":"Was es in Montefalco zu tun gibt"}]}]}},"_links":{"self":[{"href":"https:\/\/www.exploring-umbria.com\/de\/wp-json\/wp\/v2\/pages\/39587"}],"collection":[{"href":"https:\/\/www.exploring-umbria.com\/de\/wp-json\/wp\/v2\/pages"}],"about":[{"href":"https:\/\/www.exploring-umbria.com\/de\/wp-json\/wp\/v2\/types\/page"}],"author":[{"embeddable":true,"href":"https:\/\/www.exploring-umbria.com\/de\/wp-json\/wp\/v2\/users\/4"}],"replies":[{"embeddable":true,"href":"https:\/\/www.exploring-umbria.com\/de\/wp-json\/wp\/v2\/comments?post=39587"}],"version-history":[{"count":2,"href":"https:\/\/www.exploring-umbria.com\/de\/wp-json\/wp\/v2\/pages\/39587\/revisions"}],"predecessor-version":[{"id":39595,"href":"https:\/\/www.exploring-umbria.com\/de\/wp-json\/wp\/v2\/pages\/39587\/revisions\/39595"}],"up":[{"embeddable":true,"href":"https:\/\/www.exploring-umbria.com\/de\/wp-json\/wp\/v2\/pages\/3271"}],"wp:featuredmedia":[{"embeddable":true,"href":"https:\/\/www.exploring-umbria.com\/de\/wp-json\/wp\/v2\/media\/34703"}],"wp:attachment":[{"href":"https:\/\/www.exploring-umbria.com\/de\/wp-json\/wp\/v2\/media?parent=39587"}],"curies":[{"name":"wp","href":"https:\/\/api.w.org\/{rel}","templated":true}]}}