{"id":39530,"date":"2020-05-13T18:49:13","date_gmt":"2020-05-13T16:49:13","guid":{"rendered":"https:\/\/www.exploring-umbria.com\/borghi-in-umbria-tanti-piccoli-gioielli-nascosti\/scopri-montefalco-la-ringhiera-dellumbria\/"},"modified":"2020-08-27T19:22:55","modified_gmt":"2020-08-27T17:22:55","slug":"entdecken-sie-montefalco-das-gelaender-umbriens","status":"publish","type":"page","link":"https:\/\/www.exploring-umbria.com\/de\/borghi-in-umbria-tanti-piccoli-gioielli-nascosti\/entdecken-sie-montefalco-das-gelaender-umbriens\/","title":{"rendered":"Entdecken Sie Montefalco, das Gel\u00e4nder Umbriens"},"content":{"rendered":"<p><strong>Entdecken Sie Montefalco, Ort des Sagrantino und der Kunst.\u00a0<\/strong><\/p>\n<p>Auf einem H\u00fcgel inmitten eines Meeres aus Weing\u00e4rten und Olivenhainen gelegen, thront der zauberhafte Ort Montefalco \u00fcber dem gesamten umbrischen Tal. Dank seiner besonderen Lage erhielt Montefalco 1568 die Bezeichnung \u201cGel\u00e4nder Umbriens\u201d. Atemberaubend sind die Ausblicke, die der Ort bietet. Sie reichen bis zu den T\u00e4ler der Fl\u00fcsse Clitunno, Topino und Tiber; Foligno, Spello Assis und Perugia, die etwa 50 km entfernt liegen, sind nur einige der Orte, die Sie erblicken werden, gemeinsam mit dem Relief des Apennin, des Berges Subasio und der Gebirgskette Monti Martani.<\/p>\n<p>Die Geschichte von Montefalco begann schon vor sehr langer Zeit. Viele Zeugnisse weisen darauf hin, dass diese Gegend bereits zur Zeit der alten Umbrer bewohnt war. In der R\u00f6merzeit erhoben sich auf den H\u00fcgeln und im Umland, das zum Municipium Mevania (Bevagna) geh\u00f6rte, zahlreiche Patriziervillen. Sie waren der Ausgangspunkt f\u00fcr das sp\u00e4ter entstehende Ortszentrum.<br \/>\nNach dem Fall des R\u00f6mischen Reiches befestigten die Invasoren der Langobarden die zahlreichen Siedlungen auf den H\u00fcgeln und machten sie zum Sitz ihrer \u201cH\u00f6fe\u201d. Einer dieser H\u00f6fe, der sich rund um die Pfarrkirche befindet, die auf dem Grabmal des Hl. Fortunato \u2013 Prediger in der Gegend \u2013 errichtet wurde, war ausgerechnet Montefalco mit dem alten Namen Coccorone. Die Urspr\u00fcnge dieses Namens sind nicht sicher. M\u00f6glicherweise wurde er vom Namen des r\u00f6mischen Senators Marco Curione abgeleitet, der in der Gegend \u00fcber Besitzt\u00fcmer verf\u00fcgte, oder aber vom griechischen Wort <em>oros <\/em>(Berg).<\/p>\n<p>W\u00e4hrend des Hochmittelalters wurde der Ort dem nahegelegenen <a href=\"https:\/\/de.wikipedia.org\/wiki\/Herzogtum_Spoleto\" target=\"_blank\" rel=\"noopener noreferrer\">Herzogtum Spoleto<\/a> unterworfen, blieb jedoch eine freie Gemeinde. Tats\u00e4chlich verf\u00fcgte diese Gemeinde \u00fcber eigene Statuten und wurde im 12. und 13. Jahrhundert von Konsuln und anschlie\u00dfend von Machthabern gef\u00fchrt. Eine gewisse Autonomie konnte stets beibehalten und somit eine eigene Identit\u00e4t geschaffen werden. Sp\u00e4ter wurde der Ort zu einem einflussreichen Zentrum der k\u00fcnstlerischen Kultur sowie ein wichtiger Knotenpunkt f\u00fcr die Wein- und \u00d6lproduktion.<\/p>\n<p>Damals wurde das bewohnte Zentrum von f\u00fcnf Toren (Santa Maria, San Lorenzo, San Clemente, Camiano und San Bartolomeo) begrenzt. Diese Tore waren von m\u00e4chtigen Verteidigungsmauern umgeben, um den Ort zu sch\u00fctzen, der sich auf dem H\u00fcgel, auf dem sich der Palazzo Comunale befand, rund um die runde Piazza erstreckte. Innerhalb der ersten Stadtmauer wurden zahlreiche Kirchen errichtet. Darunter auch die Kirche Sant\u2019Agostino mit ihrem Kloster, die auf den Resten eines bereits bestehenden Geb\u00e4udes steht, das wahrscheinlich dem Heiligen Johannes dem T\u00e4ufer geweiht war.<\/p>\n<p>W\u00e4hrend der ersten Jahrzehnte des 13. Jahrhunderts wurde eine zweite Stadtmauer errichtet, um die vielbev\u00f6lkerten Ortsteile Colla Mora und Castellare in den Ort zu integrieren. Sie haben sich \u00fcber die Zeit au\u00dferhalb der Tore San Clemente und Santa Maria entwickelt. Nach dieser Befestigung wurden zwei weitere Stadttore errichtet: Porta della Rocca und Porta Sant\u2019Agostino, die bis heute erhalten sind.<\/p>\n<p>Im Jahr 1249 wurde der Name von Coccorone in Montefalco ge\u00e4ndert. Dies geschah auf Wunsch von Friedrich II, der eine besondere Leidenschaft f\u00fcr Falken hatte und mit dieser Geste das Vorkommen von Falken in der Region best\u00e4tigte. Montefalco wurde danach Sitz der Herzogskurie von Spoleto, w\u00e4hrend der Papst in Avignon im Exil war (1320-1355). Zudem beherbergte die Stadt den ber\u00fchmten Architekten und Bildhauer Lorenzo Maitani (von dem die wunderbare Fassade des Doms in Orvieto stammt), um die alten Stadtmauern zu restaurieren. Danach war Montefalco w\u00e4hrend des gesamten darauffolgenden Jahrhunderts ein wichtiges Zentrum f\u00fcr die Kunst.<\/p>\n<p>Im Auftrag der Franziskanerm\u00f6nche wurden die ber\u00fchmtesten K\u00fcnstler der Epoche zusammengerufen. Die Stadt wurde zu einem Zentrum von Malerstr\u00f6mungen, die von besonderer Bedeutung f\u00fcr die Kunst im Umbrien waren. Auf diese Zeit gehen auch die herrlichen Fresken von Benozzo Gozzoli in der Kirche San Francesco, die heute als Museum genutzt wird, die Fresken der Schule aus Umbrien und Siena in der Kapelle Santa Croce in der Kirche Santa Chiara und die Fresken von Melanzio in der Kirche Santa Maria di Piazza zur\u00fcck.<\/p>\n<p>Nach einem relativ kurzen Zeitabschnitt (1383-1489), in dem Montefalco mehrmals dem Adelsgeschlecht Trinci aus Foligno unterstand, gelangte der Ort endg\u00fcltig unter die Herrschaft des Kirchenstaates. Und er erlebte seine Bl\u00fctezeit unter dem Herrscher Nicol\u00f2 Maurizi aus Tolentino.<br \/>\nDiese Zeit endete jedoch pl\u00f6tzlich und gewaltsam. Im Jahr 1527 fielen die verrufenen Bande Nere unter der Leitung von Orazio Baglioni mit der Beschuldigung des Verrats in die Stadt ein und pl\u00fcnderten sie. Dabei wurde Montefalco \u00fcber einen Monat lang besetzt und die Pest wurde verbreitet, wodurch einerseits die Bev\u00f6lkerung deutlich zur\u00fcckging und sich andererseits auch die k\u00fcnstlerischen und wirtschaftlichen T\u00e4tigkeiten reduzierten. Erst 1848 erhielt Montefalco vom Kirchenstaat, der damals von Papst Pius IX gef\u00fchrt wurde, nach dem Zusammenschluss mit Fratta und San Luca den Titel einer Stadt.<\/p>\n<p>Montefalco ist Heimatort von acht Heiligen, darunter auch Santa Chiara della Croce, deren Leben untrennbar mit der Stadt verbunden ist; hier wurden auch der Maler Francesco Melanzio, Sch\u00fcler des Perugino, und Kardinal Giovanni Domenico de Cuppis geboren. Au\u00dferdem war die Stadt Herberge f\u00fcr die schw\u00e4bischen Kaiser Friedrich Barbarossa und Friedrich II; nach dem Eintreffen des letzteren in der Stadt nahm sogar das Stadttor Porta di San Bartolomeo den Namen des Herrschers an. Dieses Stadttor ist \u00fcbrigens gemeinsam mit den Stadttoren Camiano, della Rocca und del Verziere bis heute erhalten.<\/p>\n<p>Montefalco w\u00e4re nicht Montefalco ohne seinen Wein: den Sagrantino. Dabei handelt es sich um einen trockenen und harmonischen Rotwein mit kontrollierter und garantierter Urpsrungsbezeichnung. Am besten <a href=\"https:\/\/www.exploring-umbria.com\/de\/aktivitaten\/auf-entdeckungsreise-durch-das-gebiet-des-sagrantino\/\" target=\"_blank\" rel=\"noopener noreferrer\">verkosten <\/a>Sie ihn mit anderen typischen Produkten aus der Region, etwa Wild, oder mit ersten G\u00e4ngen, f\u00fcr deren Zubereitung er verwendet wird, etwa Gnocchi und Pappardelle. Montefalco ist zusammen mit den Orten Giano dell\u2019Umbria, Gualdo Cattaneo, Bevagna und Castel Ritaldi Teil der Strada del Sagrantino, eine weingastronomische Strecke, auf der der rote Nektar im Mittelpunkt steht. Ein weiterer Schatz der Gegend ist das native Oliven\u00f6l, das die gesch\u00fctzte Ursprungsbezeichnung Colli Martani tr\u00e4gt.<\/p>\n<p>Die typischen Produkte aus der Gegend des Sagrantino k\u00f6nnen das ganze Jahr hindurch probiert werden: im Rahmen der Mostra Mercato in der Karwoche oder bei Cantine Aperte im Mai; im September findet hingegen die Settimana Enologica statt, bei der w\u00e4hrend Ausfl\u00fcgen in die Umgebung die Liebe zum guten Essen mit der Leidenschaft f\u00fcr die Natur verbunden wird. Im selben findet auch die Festa della Vendemmia statt, w\u00e4hrend im November das \u00d6l bei der Veranstaltung Frantoi Aperti gefeiert wird. Doch auch der Sommer steckt in Montefalco voller Events: Am 17. August wird das Fest Santa Chiara gefeiert, w\u00e4hrend der \u201cAgosto Montefalchese\u201d ein reichhaltiges dreiw\u00f6chiges Programm darstellt. Den H\u00f6hepunkt bildet der Wettkampf zwischen den vier Stadtteilen, um den Falken aus Gold zu ergattern: Trommler, Fahnenschwinger und Musiker, Armbrustsch\u00fctzen treten gegeneinander an und gleichzeitig werden Theaterst\u00fccke aufgef\u00fchrt. Das Ende bildet die \u201cFuga del Bove\u201d, ein Rennen mit Stieren auf dem \u201cCampo dei Giochi\u201d.<\/p>\n","protected":false},"excerpt":{"rendered":"<p>Entdecken Sie Montefalco, Ort des Sagrantino und der Kunst.\u00a0 Auf einem H\u00fcgel inmitten eines Meeres aus Weing\u00e4rten und Olivenhainen gelegen, thront der zauberhafte Ort Montefalco \u00fcber dem gesamten umbrischen Tal. Dank seiner besonderen Lage erhielt Montefalco 1568 die Bezeichnung \u201cGel\u00e4nder Umbriens\u201d. Atemberaubend sind die Ausblicke, die der Ort bietet. Sie reichen bis zu den T\u00e4ler [&hellip;]<\/p>\n","protected":false},"author":4,"featured_media":34691,"parent":3271,"menu_order":0,"comment_status":"closed","ping_status":"closed","template":"","meta":{"om_disable_all_campaigns":false,"_monsterinsights_skip_tracking":false,"_monsterinsights_sitenote_active":false,"_monsterinsights_sitenote_note":"","_monsterinsights_sitenote_category":0},"acf":[],"yoast_head":"<!-- This site is optimized with the Yoast SEO plugin v18.4.1 - https:\/\/yoast.com\/wordpress\/plugins\/seo\/ -->\n<title>Entdecken Sie Montefalco, das Gel\u00e4nder Umbriens - Exploring Umbria<\/title>\n<meta name=\"description\" content=\"Entdecken Sie Montefalco, Ort des Sagrantino und der Kunst.\u00a0 Auf einem H\u00fcgel inmitten eines Meeres aus Weing\u00e4rten und Olivenhainen gelegen, thront der\" \/>\n<meta name=\"robots\" content=\"index, follow, max-snippet:-1, max-image-preview:large, max-video-preview:-1\" \/>\n<link rel=\"canonical\" href=\"https:\/\/www.exploring-umbria.com\/de\/borghi-in-umbria-tanti-piccoli-gioielli-nascosti\/entdecken-sie-montefalco-das-gelaender-umbriens\/\" \/>\n<meta property=\"og:locale\" content=\"de_DE\" \/>\n<meta property=\"og:type\" content=\"article\" \/>\n<meta property=\"og:title\" content=\"Entdecken Sie Montefalco, das Gel\u00e4nder Umbriens - Exploring Umbria\" \/>\n<meta property=\"og:description\" content=\"Entdecken Sie Montefalco, Ort des Sagrantino und der Kunst.\u00a0 Auf einem H\u00fcgel inmitten eines Meeres aus Weing\u00e4rten und Olivenhainen gelegen, thront der\" \/>\n<meta property=\"og:url\" content=\"https:\/\/www.exploring-umbria.com\/de\/borghi-in-umbria-tanti-piccoli-gioielli-nascosti\/entdecken-sie-montefalco-das-gelaender-umbriens\/\" \/>\n<meta property=\"og:site_name\" content=\"Exploring Umbria\" \/>\n<meta property=\"article:publisher\" content=\"https:\/\/www.facebook.com\/exploringumbria\/\" \/>\n<meta property=\"article:modified_time\" content=\"2020-08-27T17:22:55+00:00\" \/>\n<meta property=\"og:image\" content=\"https:\/\/www.exploring-umbria.com\/wp-content\/uploads\/2020\/04\/WhatsApp-Image-2020-04-27-at-23.01.07.jpeg\" \/>\n\t<meta property=\"og:image:width\" content=\"720\" \/>\n\t<meta property=\"og:image:height\" content=\"540\" \/>\n\t<meta property=\"og:image:type\" content=\"image\/jpeg\" \/>\n<meta name=\"twitter:card\" content=\"summary_large_image\" \/>\n<meta name=\"twitter:label1\" content=\"Gesch\u00e4tzte Lesezeit\" \/>\n\t<meta name=\"twitter:data1\" content=\"6\u00a0Minuten\" \/>\n<script type=\"application\/ld+json\" class=\"yoast-schema-graph\">{\"@context\":\"https:\/\/schema.org\",\"@graph\":[{\"@type\":\"Organization\",\"@id\":\"https:\/\/www.exploring-umbria.com\/de\/#organization\",\"name\":\"Exploring Umbria\",\"url\":\"https:\/\/www.exploring-umbria.com\/de\/\",\"sameAs\":[\"https:\/\/www.facebook.com\/exploringumbria\/\",\"https:\/\/www.instagram.com\/exploringumbria\/\"],\"logo\":{\"@type\":\"ImageObject\",\"@id\":\"https:\/\/www.exploring-umbria.com\/de\/#logo\",\"inLanguage\":\"de\",\"url\":\"https:\/\/www.exploring-umbria.com\/wp-content\/uploads\/2019\/08\/solo-logo-verde.jpg\",\"contentUrl\":\"https:\/\/www.exploring-umbria.com\/wp-content\/uploads\/2019\/08\/solo-logo-verde.jpg\",\"width\":952,\"height\":532,\"caption\":\"Exploring Umbria\"},\"image\":{\"@id\":\"https:\/\/www.exploring-umbria.com\/de\/#logo\"}},{\"@type\":\"WebSite\",\"@id\":\"https:\/\/www.exploring-umbria.com\/de\/#website\",\"url\":\"https:\/\/www.exploring-umbria.com\/de\/\",\"name\":\"Exploring Umbria\",\"description\":\"your dates, your mood, your trip\",\"publisher\":{\"@id\":\"https:\/\/www.exploring-umbria.com\/de\/#organization\"},\"potentialAction\":[{\"@type\":\"SearchAction\",\"target\":{\"@type\":\"EntryPoint\",\"urlTemplate\":\"https:\/\/www.exploring-umbria.com\/de\/?s={search_term_string}\"},\"query-input\":\"required name=search_term_string\"}],\"inLanguage\":\"de\"},{\"@type\":\"ImageObject\",\"@id\":\"https:\/\/www.exploring-umbria.com\/de\/borghi-in-umbria-tanti-piccoli-gioielli-nascosti\/entdecken-sie-montefalco-das-gelaender-umbriens\/#primaryimage\",\"inLanguage\":\"de\",\"url\":\"https:\/\/www.exploring-umbria.com\/wp-content\/uploads\/2020\/04\/WhatsApp-Image-2020-04-27-at-23.01.07.jpeg\",\"contentUrl\":\"https:\/\/www.exploring-umbria.com\/wp-content\/uploads\/2020\/04\/WhatsApp-Image-2020-04-27-at-23.01.07.jpeg\",\"width\":720,\"height\":540,\"caption\":\"\u00a9 La Lori ph.\"},{\"@type\":\"WebPage\",\"@id\":\"https:\/\/www.exploring-umbria.com\/de\/borghi-in-umbria-tanti-piccoli-gioielli-nascosti\/entdecken-sie-montefalco-das-gelaender-umbriens\/#webpage\",\"url\":\"https:\/\/www.exploring-umbria.com\/de\/borghi-in-umbria-tanti-piccoli-gioielli-nascosti\/entdecken-sie-montefalco-das-gelaender-umbriens\/\",\"name\":\"Entdecken Sie Montefalco, das Gel\u00e4nder Umbriens - Exploring Umbria\",\"isPartOf\":{\"@id\":\"https:\/\/www.exploring-umbria.com\/de\/#website\"},\"primaryImageOfPage\":{\"@id\":\"https:\/\/www.exploring-umbria.com\/de\/borghi-in-umbria-tanti-piccoli-gioielli-nascosti\/entdecken-sie-montefalco-das-gelaender-umbriens\/#primaryimage\"},\"datePublished\":\"2020-05-13T16:49:13+00:00\",\"dateModified\":\"2020-08-27T17:22:55+00:00\",\"description\":\"Entdecken Sie Montefalco, Ort des Sagrantino und der Kunst.\u00a0 Auf einem H\u00fcgel inmitten eines Meeres aus Weing\u00e4rten und Olivenhainen gelegen, thront der\",\"breadcrumb\":{\"@id\":\"https:\/\/www.exploring-umbria.com\/de\/borghi-in-umbria-tanti-piccoli-gioielli-nascosti\/entdecken-sie-montefalco-das-gelaender-umbriens\/#breadcrumb\"},\"inLanguage\":\"de\",\"potentialAction\":[{\"@type\":\"ReadAction\",\"target\":[\"https:\/\/www.exploring-umbria.com\/de\/borghi-in-umbria-tanti-piccoli-gioielli-nascosti\/entdecken-sie-montefalco-das-gelaender-umbriens\/\"]}]},{\"@type\":\"BreadcrumbList\",\"@id\":\"https:\/\/www.exploring-umbria.com\/de\/borghi-in-umbria-tanti-piccoli-gioielli-nascosti\/entdecken-sie-montefalco-das-gelaender-umbriens\/#breadcrumb\",\"itemListElement\":[{\"@type\":\"ListItem\",\"position\":1,\"name\":\"Home\",\"item\":\"https:\/\/www.exploring-umbria.com\/de\/\"},{\"@type\":\"ListItem\",\"position\":2,\"name\":\"Borghi in Umbria: tanti piccoli gioielli nascosti\",\"item\":\"https:\/\/www.exploring-umbria.com\/de\/borghi-in-umbria-tanti-piccoli-gioielli-nascosti\/\"},{\"@type\":\"ListItem\",\"position\":3,\"name\":\"Entdecken Sie Montefalco, das Gel\u00e4nder Umbriens\"}]}]}<\/script>\n<!-- \/ Yoast SEO plugin. -->","yoast_head_json":{"title":"Entdecken Sie Montefalco, das Gel\u00e4nder Umbriens - Exploring Umbria","description":"Entdecken Sie Montefalco, Ort des Sagrantino und der Kunst.\u00a0 Auf einem H\u00fcgel inmitten eines Meeres aus Weing\u00e4rten und Olivenhainen gelegen, thront der","robots":{"index":"index","follow":"follow","max-snippet":"max-snippet:-1","max-image-preview":"max-image-preview:large","max-video-preview":"max-video-preview:-1"},"canonical":"https:\/\/www.exploring-umbria.com\/de\/borghi-in-umbria-tanti-piccoli-gioielli-nascosti\/entdecken-sie-montefalco-das-gelaender-umbriens\/","og_locale":"de_DE","og_type":"article","og_title":"Entdecken Sie Montefalco, das Gel\u00e4nder Umbriens - Exploring Umbria","og_description":"Entdecken Sie Montefalco, Ort des Sagrantino und der Kunst.\u00a0 Auf einem H\u00fcgel inmitten eines Meeres aus Weing\u00e4rten und Olivenhainen gelegen, thront der","og_url":"https:\/\/www.exploring-umbria.com\/de\/borghi-in-umbria-tanti-piccoli-gioielli-nascosti\/entdecken-sie-montefalco-das-gelaender-umbriens\/","og_site_name":"Exploring Umbria","article_publisher":"https:\/\/www.facebook.com\/exploringumbria\/","article_modified_time":"2020-08-27T17:22:55+00:00","og_image":[{"width":720,"height":540,"url":"https:\/\/www.exploring-umbria.com\/wp-content\/uploads\/2020\/04\/WhatsApp-Image-2020-04-27-at-23.01.07.jpeg","type":"image\/jpeg"}],"twitter_card":"summary_large_image","twitter_misc":{"Gesch\u00e4tzte Lesezeit":"6\u00a0Minuten"},"schema":{"@context":"https:\/\/schema.org","@graph":[{"@type":"Organization","@id":"https:\/\/www.exploring-umbria.com\/de\/#organization","name":"Exploring Umbria","url":"https:\/\/www.exploring-umbria.com\/de\/","sameAs":["https:\/\/www.facebook.com\/exploringumbria\/","https:\/\/www.instagram.com\/exploringumbria\/"],"logo":{"@type":"ImageObject","@id":"https:\/\/www.exploring-umbria.com\/de\/#logo","inLanguage":"de","url":"https:\/\/www.exploring-umbria.com\/wp-content\/uploads\/2019\/08\/solo-logo-verde.jpg","contentUrl":"https:\/\/www.exploring-umbria.com\/wp-content\/uploads\/2019\/08\/solo-logo-verde.jpg","width":952,"height":532,"caption":"Exploring Umbria"},"image":{"@id":"https:\/\/www.exploring-umbria.com\/de\/#logo"}},{"@type":"WebSite","@id":"https:\/\/www.exploring-umbria.com\/de\/#website","url":"https:\/\/www.exploring-umbria.com\/de\/","name":"Exploring Umbria","description":"your dates, your mood, your trip","publisher":{"@id":"https:\/\/www.exploring-umbria.com\/de\/#organization"},"potentialAction":[{"@type":"SearchAction","target":{"@type":"EntryPoint","urlTemplate":"https:\/\/www.exploring-umbria.com\/de\/?s={search_term_string}"},"query-input":"required name=search_term_string"}],"inLanguage":"de"},{"@type":"ImageObject","@id":"https:\/\/www.exploring-umbria.com\/de\/borghi-in-umbria-tanti-piccoli-gioielli-nascosti\/entdecken-sie-montefalco-das-gelaender-umbriens\/#primaryimage","inLanguage":"de","url":"https:\/\/www.exploring-umbria.com\/wp-content\/uploads\/2020\/04\/WhatsApp-Image-2020-04-27-at-23.01.07.jpeg","contentUrl":"https:\/\/www.exploring-umbria.com\/wp-content\/uploads\/2020\/04\/WhatsApp-Image-2020-04-27-at-23.01.07.jpeg","width":720,"height":540,"caption":"\u00a9 La Lori ph."},{"@type":"WebPage","@id":"https:\/\/www.exploring-umbria.com\/de\/borghi-in-umbria-tanti-piccoli-gioielli-nascosti\/entdecken-sie-montefalco-das-gelaender-umbriens\/#webpage","url":"https:\/\/www.exploring-umbria.com\/de\/borghi-in-umbria-tanti-piccoli-gioielli-nascosti\/entdecken-sie-montefalco-das-gelaender-umbriens\/","name":"Entdecken Sie Montefalco, das Gel\u00e4nder Umbriens - Exploring Umbria","isPartOf":{"@id":"https:\/\/www.exploring-umbria.com\/de\/#website"},"primaryImageOfPage":{"@id":"https:\/\/www.exploring-umbria.com\/de\/borghi-in-umbria-tanti-piccoli-gioielli-nascosti\/entdecken-sie-montefalco-das-gelaender-umbriens\/#primaryimage"},"datePublished":"2020-05-13T16:49:13+00:00","dateModified":"2020-08-27T17:22:55+00:00","description":"Entdecken Sie Montefalco, Ort des Sagrantino und der Kunst.\u00a0 Auf einem H\u00fcgel inmitten eines Meeres aus Weing\u00e4rten und Olivenhainen gelegen, thront der","breadcrumb":{"@id":"https:\/\/www.exploring-umbria.com\/de\/borghi-in-umbria-tanti-piccoli-gioielli-nascosti\/entdecken-sie-montefalco-das-gelaender-umbriens\/#breadcrumb"},"inLanguage":"de","potentialAction":[{"@type":"ReadAction","target":["https:\/\/www.exploring-umbria.com\/de\/borghi-in-umbria-tanti-piccoli-gioielli-nascosti\/entdecken-sie-montefalco-das-gelaender-umbriens\/"]}]},{"@type":"BreadcrumbList","@id":"https:\/\/www.exploring-umbria.com\/de\/borghi-in-umbria-tanti-piccoli-gioielli-nascosti\/entdecken-sie-montefalco-das-gelaender-umbriens\/#breadcrumb","itemListElement":[{"@type":"ListItem","position":1,"name":"Home","item":"https:\/\/www.exploring-umbria.com\/de\/"},{"@type":"ListItem","position":2,"name":"Borghi in Umbria: tanti piccoli gioielli nascosti","item":"https:\/\/www.exploring-umbria.com\/de\/borghi-in-umbria-tanti-piccoli-gioielli-nascosti\/"},{"@type":"ListItem","position":3,"name":"Entdecken Sie Montefalco, das Gel\u00e4nder Umbriens"}]}]}},"_links":{"self":[{"href":"https:\/\/www.exploring-umbria.com\/de\/wp-json\/wp\/v2\/pages\/39530"}],"collection":[{"href":"https:\/\/www.exploring-umbria.com\/de\/wp-json\/wp\/v2\/pages"}],"about":[{"href":"https:\/\/www.exploring-umbria.com\/de\/wp-json\/wp\/v2\/types\/page"}],"author":[{"embeddable":true,"href":"https:\/\/www.exploring-umbria.com\/de\/wp-json\/wp\/v2\/users\/4"}],"replies":[{"embeddable":true,"href":"https:\/\/www.exploring-umbria.com\/de\/wp-json\/wp\/v2\/comments?post=39530"}],"version-history":[{"count":2,"href":"https:\/\/www.exploring-umbria.com\/de\/wp-json\/wp\/v2\/pages\/39530\/revisions"}],"predecessor-version":[{"id":39535,"href":"https:\/\/www.exploring-umbria.com\/de\/wp-json\/wp\/v2\/pages\/39530\/revisions\/39535"}],"up":[{"embeddable":true,"href":"https:\/\/www.exploring-umbria.com\/de\/wp-json\/wp\/v2\/pages\/3271"}],"wp:featuredmedia":[{"embeddable":true,"href":"https:\/\/www.exploring-umbria.com\/de\/wp-json\/wp\/v2\/media\/34691"}],"wp:attachment":[{"href":"https:\/\/www.exploring-umbria.com\/de\/wp-json\/wp\/v2\/media?parent=39530"}],"curies":[{"name":"wp","href":"https:\/\/api.w.org\/{rel}","templated":true}]}}