{"id":39406,"date":"2019-08-09T17:43:56","date_gmt":"2019-08-09T15:43:56","guid":{"rendered":"https:\/\/www.exploring-umbria.com\/borghi-in-umbria-tanti-piccoli-gioielli-nascosti\/was-sie-sehen-sollen-in-piegaro\/rovine-dellantico-convento-francescano-di-san-bartolomeo\/"},"modified":"2020-08-07T18:43:11","modified_gmt":"2020-08-07T16:43:11","slug":"franziskanerklosters-san-bartolomeo","status":"publish","type":"page","link":"https:\/\/www.exploring-umbria.com\/de\/borghi-in-umbria-tanti-piccoli-gioielli-nascosti\/was-sie-sehen-sollen-in-piegaro\/franziskanerklosters-san-bartolomeo\/","title":{"rendered":"Franziskanerklosters San Bartolomeo"},"content":{"rendered":"<p>Zwischen den \u00fcppigen, gr\u00fcnen W\u00e4ldern Piegaros, \u00fcber den zarten H\u00fcgeln und inmitten der angenehmen D\u00fcfte der Natur erheben sich die Reste des alten <strong>Franziskanerklosters San Bartolomeo<\/strong>, in der N\u00e4he des Schlosses <strong>Cibottola<\/strong>.<\/p>\n<p>Der Geschichte nach wurde das Kloster zwischen 1216 und 1226 auf einem Gebiet errichtet, das <em>die Abtei Sette Frattelli<\/em> aus Pietrafitta sowie die <em>Benediktinerm\u00f6nche <\/em>dem <strong>heiligen Franziskus <\/strong>schenkten.<\/p>\n<p>Das Geb\u00e4ude, das im Namen der Stadt Perugia errichtet wurde, ist im typischen Stil der Franziskaner gestaltet; einfach und klar jedoch gleichzeitig voller <strong>Zauber<\/strong>. An den W\u00e4nden ist die Unverf\u00e4lschtheit und religi\u00f6se Hingabe der Franziskaner zu erkennen, die fr\u00fcher das Herzst\u00fcck des Klosters war. Von au\u00dfen betrachtet kann man sich die vielen Stunden vorstellen, die die Br\u00fcder beim Beten zubrachte, und die Spiritualit\u00e4t und den Wohlwollen, die ihr Lebensprinzip waren.<\/p>\n<p>Einige alte Zeugnisse versichern, dass sich im inneren des Klosters bedeutende Pers\u00f6nlichkeiten wie der <em>heilige Franziskus, <\/em>der <em>selige Leopold<\/em>, der <em>heilige Antonius aus Padua<\/em>, <em>Bruder Masseo aus Marignano <\/em>und andere aufhielten.<\/p>\n<p>Im Laufe der Jahrhunderte wurde das Kloster vergr\u00f6\u00dfert und gelangte in Besitz der <em>Conventuali<\/em>, der <em>Osservanti<\/em>, der <em>Riformati <\/em>und schlie\u00dflich wurde es f\u00fcr einen langen Zeitraum zu einem <strong>Noviziat<\/strong>.<\/p>\n<p>Das Kloster wurde 1892 endg\u00fcltig geschlossen und leider kann es heute aus Sicherheitsgr\u00fcnden nicht mehr besucht werden; es ist verfallen und einige Teile sind eingest\u00fcrzt. Im Inneren sind jedoch \u2013 wenn auch sehr schlecht \u2013 noch einige Reste von Fresken bekannter religi\u00f6ser Pers\u00f6nlichkeiten erhalten.<\/p>\n","protected":false},"excerpt":{"rendered":"<p>Zwischen den \u00fcppigen, gr\u00fcnen W\u00e4ldern Piegaros, \u00fcber den zarten H\u00fcgeln und inmitten der angenehmen D\u00fcfte der Natur erheben sich die Reste des alten Franziskanerklosters San Bartolomeo, in der N\u00e4he des Schlosses Cibottola. Der Geschichte nach wurde das Kloster zwischen 1216 und 1226 auf einem Gebiet errichtet, das die Abtei Sette Frattelli aus Pietrafitta sowie die [&hellip;]<\/p>\n","protected":false},"author":4,"featured_media":0,"parent":39310,"menu_order":5,"comment_status":"closed","ping_status":"closed","template":"","meta":{"om_disable_all_campaigns":false,"_monsterinsights_skip_tracking":false,"_monsterinsights_sitenote_active":false,"_monsterinsights_sitenote_note":"","_monsterinsights_sitenote_category":0},"acf":[],"yoast_head":"<!-- This site is optimized with the Yoast SEO plugin v18.4.1 - https:\/\/yoast.com\/wordpress\/plugins\/seo\/ -->\n<title>Franziskanerklosters San Bartolomeo - Exploring Umbria<\/title>\n<meta name=\"description\" content=\"Zwischen den \u00fcppigen, gr\u00fcnen W\u00e4ldern Piegaros, \u00fcber den zarten H\u00fcgeln und inmitten der angenehmen D\u00fcfte der Natur erheben sich die Reste des alten\" \/>\n<meta name=\"robots\" content=\"index, follow, max-snippet:-1, max-image-preview:large, max-video-preview:-1\" \/>\n<link rel=\"canonical\" href=\"https:\/\/www.exploring-umbria.com\/de\/borghi-in-umbria-tanti-piccoli-gioielli-nascosti\/was-sie-sehen-sollen-in-piegaro\/franziskanerklosters-san-bartolomeo\/\" \/>\n<meta property=\"og:locale\" content=\"de_DE\" \/>\n<meta property=\"og:type\" content=\"article\" \/>\n<meta property=\"og:title\" content=\"Franziskanerklosters San Bartolomeo - Exploring Umbria\" \/>\n<meta property=\"og:description\" content=\"Zwischen den \u00fcppigen, gr\u00fcnen W\u00e4ldern Piegaros, \u00fcber den zarten H\u00fcgeln und inmitten der angenehmen D\u00fcfte der Natur erheben sich die Reste des alten\" \/>\n<meta property=\"og:url\" content=\"https:\/\/www.exploring-umbria.com\/de\/borghi-in-umbria-tanti-piccoli-gioielli-nascosti\/was-sie-sehen-sollen-in-piegaro\/franziskanerklosters-san-bartolomeo\/\" \/>\n<meta property=\"og:site_name\" content=\"Exploring Umbria\" \/>\n<meta property=\"article:publisher\" content=\"https:\/\/www.facebook.com\/exploringumbria\/\" \/>\n<meta property=\"article:modified_time\" content=\"2020-08-07T16:43:11+00:00\" \/>\n<meta name=\"twitter:card\" content=\"summary_large_image\" \/>\n<meta name=\"twitter:label1\" content=\"Gesch\u00e4tzte Lesezeit\" \/>\n\t<meta name=\"twitter:data1\" content=\"1\u00a0Minute\" \/>\n<script type=\"application\/ld+json\" class=\"yoast-schema-graph\">{\"@context\":\"https:\/\/schema.org\",\"@graph\":[{\"@type\":\"Organization\",\"@id\":\"https:\/\/www.exploring-umbria.com\/de\/#organization\",\"name\":\"Exploring Umbria\",\"url\":\"https:\/\/www.exploring-umbria.com\/de\/\",\"sameAs\":[\"https:\/\/www.facebook.com\/exploringumbria\/\",\"https:\/\/www.instagram.com\/exploringumbria\/\"],\"logo\":{\"@type\":\"ImageObject\",\"@id\":\"https:\/\/www.exploring-umbria.com\/de\/#logo\",\"inLanguage\":\"de\",\"url\":\"https:\/\/www.exploring-umbria.com\/wp-content\/uploads\/2019\/08\/solo-logo-verde.jpg\",\"contentUrl\":\"https:\/\/www.exploring-umbria.com\/wp-content\/uploads\/2019\/08\/solo-logo-verde.jpg\",\"width\":952,\"height\":532,\"caption\":\"Exploring Umbria\"},\"image\":{\"@id\":\"https:\/\/www.exploring-umbria.com\/de\/#logo\"}},{\"@type\":\"WebSite\",\"@id\":\"https:\/\/www.exploring-umbria.com\/de\/#website\",\"url\":\"https:\/\/www.exploring-umbria.com\/de\/\",\"name\":\"Exploring Umbria\",\"description\":\"your dates, your mood, your trip\",\"publisher\":{\"@id\":\"https:\/\/www.exploring-umbria.com\/de\/#organization\"},\"potentialAction\":[{\"@type\":\"SearchAction\",\"target\":{\"@type\":\"EntryPoint\",\"urlTemplate\":\"https:\/\/www.exploring-umbria.com\/de\/?s={search_term_string}\"},\"query-input\":\"required name=search_term_string\"}],\"inLanguage\":\"de\"},{\"@type\":\"WebPage\",\"@id\":\"https:\/\/www.exploring-umbria.com\/de\/borghi-in-umbria-tanti-piccoli-gioielli-nascosti\/was-sie-sehen-sollen-in-piegaro\/franziskanerklosters-san-bartolomeo\/#webpage\",\"url\":\"https:\/\/www.exploring-umbria.com\/de\/borghi-in-umbria-tanti-piccoli-gioielli-nascosti\/was-sie-sehen-sollen-in-piegaro\/franziskanerklosters-san-bartolomeo\/\",\"name\":\"Franziskanerklosters San Bartolomeo - Exploring Umbria\",\"isPartOf\":{\"@id\":\"https:\/\/www.exploring-umbria.com\/de\/#website\"},\"datePublished\":\"2019-08-09T15:43:56+00:00\",\"dateModified\":\"2020-08-07T16:43:11+00:00\",\"description\":\"Zwischen den \u00fcppigen, gr\u00fcnen W\u00e4ldern Piegaros, \u00fcber den zarten H\u00fcgeln und inmitten der angenehmen D\u00fcfte der Natur erheben sich die Reste des alten\",\"breadcrumb\":{\"@id\":\"https:\/\/www.exploring-umbria.com\/de\/borghi-in-umbria-tanti-piccoli-gioielli-nascosti\/was-sie-sehen-sollen-in-piegaro\/franziskanerklosters-san-bartolomeo\/#breadcrumb\"},\"inLanguage\":\"de\",\"potentialAction\":[{\"@type\":\"ReadAction\",\"target\":[\"https:\/\/www.exploring-umbria.com\/de\/borghi-in-umbria-tanti-piccoli-gioielli-nascosti\/was-sie-sehen-sollen-in-piegaro\/franziskanerklosters-san-bartolomeo\/\"]}]},{\"@type\":\"BreadcrumbList\",\"@id\":\"https:\/\/www.exploring-umbria.com\/de\/borghi-in-umbria-tanti-piccoli-gioielli-nascosti\/was-sie-sehen-sollen-in-piegaro\/franziskanerklosters-san-bartolomeo\/#breadcrumb\",\"itemListElement\":[{\"@type\":\"ListItem\",\"position\":1,\"name\":\"Home\",\"item\":\"https:\/\/www.exploring-umbria.com\/de\/\"},{\"@type\":\"ListItem\",\"position\":2,\"name\":\"Borghi in Umbria: tanti piccoli gioielli nascosti\",\"item\":\"https:\/\/www.exploring-umbria.com\/de\/borghi-in-umbria-tanti-piccoli-gioielli-nascosti\/\"},{\"@type\":\"ListItem\",\"position\":3,\"name\":\"Was Sie sehen sollen in piegaro\",\"item\":\"https:\/\/www.exploring-umbria.com\/de\/borghi-in-umbria-tanti-piccoli-gioielli-nascosti\/was-sie-sehen-sollen-in-piegaro\/\"},{\"@type\":\"ListItem\",\"position\":4,\"name\":\"Franziskanerklosters San Bartolomeo\"}]}]}<\/script>\n<!-- \/ Yoast SEO plugin. -->","yoast_head_json":{"title":"Franziskanerklosters San Bartolomeo - Exploring Umbria","description":"Zwischen den \u00fcppigen, gr\u00fcnen W\u00e4ldern Piegaros, \u00fcber den zarten H\u00fcgeln und inmitten der angenehmen D\u00fcfte der Natur erheben sich die Reste des alten","robots":{"index":"index","follow":"follow","max-snippet":"max-snippet:-1","max-image-preview":"max-image-preview:large","max-video-preview":"max-video-preview:-1"},"canonical":"https:\/\/www.exploring-umbria.com\/de\/borghi-in-umbria-tanti-piccoli-gioielli-nascosti\/was-sie-sehen-sollen-in-piegaro\/franziskanerklosters-san-bartolomeo\/","og_locale":"de_DE","og_type":"article","og_title":"Franziskanerklosters San Bartolomeo - Exploring Umbria","og_description":"Zwischen den \u00fcppigen, gr\u00fcnen W\u00e4ldern Piegaros, \u00fcber den zarten H\u00fcgeln und inmitten der angenehmen D\u00fcfte der Natur erheben sich die Reste des alten","og_url":"https:\/\/www.exploring-umbria.com\/de\/borghi-in-umbria-tanti-piccoli-gioielli-nascosti\/was-sie-sehen-sollen-in-piegaro\/franziskanerklosters-san-bartolomeo\/","og_site_name":"Exploring Umbria","article_publisher":"https:\/\/www.facebook.com\/exploringumbria\/","article_modified_time":"2020-08-07T16:43:11+00:00","twitter_card":"summary_large_image","twitter_misc":{"Gesch\u00e4tzte Lesezeit":"1\u00a0Minute"},"schema":{"@context":"https:\/\/schema.org","@graph":[{"@type":"Organization","@id":"https:\/\/www.exploring-umbria.com\/de\/#organization","name":"Exploring Umbria","url":"https:\/\/www.exploring-umbria.com\/de\/","sameAs":["https:\/\/www.facebook.com\/exploringumbria\/","https:\/\/www.instagram.com\/exploringumbria\/"],"logo":{"@type":"ImageObject","@id":"https:\/\/www.exploring-umbria.com\/de\/#logo","inLanguage":"de","url":"https:\/\/www.exploring-umbria.com\/wp-content\/uploads\/2019\/08\/solo-logo-verde.jpg","contentUrl":"https:\/\/www.exploring-umbria.com\/wp-content\/uploads\/2019\/08\/solo-logo-verde.jpg","width":952,"height":532,"caption":"Exploring Umbria"},"image":{"@id":"https:\/\/www.exploring-umbria.com\/de\/#logo"}},{"@type":"WebSite","@id":"https:\/\/www.exploring-umbria.com\/de\/#website","url":"https:\/\/www.exploring-umbria.com\/de\/","name":"Exploring Umbria","description":"your dates, your mood, your trip","publisher":{"@id":"https:\/\/www.exploring-umbria.com\/de\/#organization"},"potentialAction":[{"@type":"SearchAction","target":{"@type":"EntryPoint","urlTemplate":"https:\/\/www.exploring-umbria.com\/de\/?s={search_term_string}"},"query-input":"required name=search_term_string"}],"inLanguage":"de"},{"@type":"WebPage","@id":"https:\/\/www.exploring-umbria.com\/de\/borghi-in-umbria-tanti-piccoli-gioielli-nascosti\/was-sie-sehen-sollen-in-piegaro\/franziskanerklosters-san-bartolomeo\/#webpage","url":"https:\/\/www.exploring-umbria.com\/de\/borghi-in-umbria-tanti-piccoli-gioielli-nascosti\/was-sie-sehen-sollen-in-piegaro\/franziskanerklosters-san-bartolomeo\/","name":"Franziskanerklosters San Bartolomeo - Exploring Umbria","isPartOf":{"@id":"https:\/\/www.exploring-umbria.com\/de\/#website"},"datePublished":"2019-08-09T15:43:56+00:00","dateModified":"2020-08-07T16:43:11+00:00","description":"Zwischen den \u00fcppigen, gr\u00fcnen W\u00e4ldern Piegaros, \u00fcber den zarten H\u00fcgeln und inmitten der angenehmen D\u00fcfte der Natur erheben sich die Reste des alten","breadcrumb":{"@id":"https:\/\/www.exploring-umbria.com\/de\/borghi-in-umbria-tanti-piccoli-gioielli-nascosti\/was-sie-sehen-sollen-in-piegaro\/franziskanerklosters-san-bartolomeo\/#breadcrumb"},"inLanguage":"de","potentialAction":[{"@type":"ReadAction","target":["https:\/\/www.exploring-umbria.com\/de\/borghi-in-umbria-tanti-piccoli-gioielli-nascosti\/was-sie-sehen-sollen-in-piegaro\/franziskanerklosters-san-bartolomeo\/"]}]},{"@type":"BreadcrumbList","@id":"https:\/\/www.exploring-umbria.com\/de\/borghi-in-umbria-tanti-piccoli-gioielli-nascosti\/was-sie-sehen-sollen-in-piegaro\/franziskanerklosters-san-bartolomeo\/#breadcrumb","itemListElement":[{"@type":"ListItem","position":1,"name":"Home","item":"https:\/\/www.exploring-umbria.com\/de\/"},{"@type":"ListItem","position":2,"name":"Borghi in Umbria: tanti piccoli gioielli nascosti","item":"https:\/\/www.exploring-umbria.com\/de\/borghi-in-umbria-tanti-piccoli-gioielli-nascosti\/"},{"@type":"ListItem","position":3,"name":"Was Sie sehen sollen in piegaro","item":"https:\/\/www.exploring-umbria.com\/de\/borghi-in-umbria-tanti-piccoli-gioielli-nascosti\/was-sie-sehen-sollen-in-piegaro\/"},{"@type":"ListItem","position":4,"name":"Franziskanerklosters San Bartolomeo"}]}]}},"_links":{"self":[{"href":"https:\/\/www.exploring-umbria.com\/de\/wp-json\/wp\/v2\/pages\/39406"}],"collection":[{"href":"https:\/\/www.exploring-umbria.com\/de\/wp-json\/wp\/v2\/pages"}],"about":[{"href":"https:\/\/www.exploring-umbria.com\/de\/wp-json\/wp\/v2\/types\/page"}],"author":[{"embeddable":true,"href":"https:\/\/www.exploring-umbria.com\/de\/wp-json\/wp\/v2\/users\/4"}],"replies":[{"embeddable":true,"href":"https:\/\/www.exploring-umbria.com\/de\/wp-json\/wp\/v2\/comments?post=39406"}],"version-history":[{"count":1,"href":"https:\/\/www.exploring-umbria.com\/de\/wp-json\/wp\/v2\/pages\/39406\/revisions"}],"predecessor-version":[{"id":39408,"href":"https:\/\/www.exploring-umbria.com\/de\/wp-json\/wp\/v2\/pages\/39406\/revisions\/39408"}],"up":[{"embeddable":true,"href":"https:\/\/www.exploring-umbria.com\/de\/wp-json\/wp\/v2\/pages\/39310"}],"wp:attachment":[{"href":"https:\/\/www.exploring-umbria.com\/de\/wp-json\/wp\/v2\/media?parent=39406"}],"curies":[{"name":"wp","href":"https:\/\/api.w.org\/{rel}","templated":true}]}}