{"id":39388,"date":"2019-08-09T17:37:04","date_gmt":"2019-08-09T15:37:04","guid":{"rendered":"https:\/\/www.exploring-umbria.com\/borghi-in-umbria-tanti-piccoli-gioielli-nascosti\/was-sie-sehen-sollen-in-piegaro\/chiesa-di-san-fortunato\/"},"modified":"2020-08-07T18:30:17","modified_gmt":"2020-08-07T16:30:17","slug":"chiesa-di-san-fortunato","status":"publish","type":"page","link":"https:\/\/www.exploring-umbria.com\/de\/borghi-in-umbria-tanti-piccoli-gioielli-nascosti\/was-sie-sehen-sollen-in-piegaro\/chiesa-di-san-fortunato\/","title":{"rendered":"Kirche San Fortunato in Piegaro"},"content":{"rendered":"<p>Im Inneren des Schlosses <strong>Castello di Cibottola<\/strong> befindet sich die Pfarrkirche, die zu Ehren des San Fortunato errichtet wurde.<\/p>\n<p>Neben der Kirche wurde rund um das Jahr 1300 das Ospedale di Cibottola erbaut, das aufgrund seiner N\u00e4he zur Kirche auch Ospedale San Fortunato genannt wird.<\/p>\n<p>Die Kirche wirkt au\u00dfen sehr <strong>einfach<\/strong>, aber dennoch sch\u00f6n, mit einem Tor, einem zweibogigen Fenster und einer Rosette. Die ersten schriftlichen Zeugnisse, die ihr Bestehen bezeugen gehen auf das Jahr 1434 zur\u00fcck, als sie im Kataster aufgenommen wurde. Aber die Errichtung erfolgte wahrscheinlich um das Jahr 1000.<\/p>\n<p>Innen zeichnet sich die Kirche durch <strong>ein einziges Schiff<\/strong> aus, ein Tonnengew\u00f6lbe und seitliche Segel, die das Presbyterium \u00fcberragen, w\u00e4hrend drei Spitzb\u00f6gen das Dach halten; letzteres wurde mit sichtbaren Balken gestaltet. Am Hochaltar, der der <em>Beata Vergine delle Grazie<\/em> gewidmet ist, kann die Tafel der <strong>Madonna mit Kind<\/strong> aus dem Jahr 1944 vom ligurischen Maler <em>Giovanni Tronfi <\/em>bestaunt werden; als Hintergrund f\u00fcr die Madonna dient eine typisch umbrische Landschaft mit dem Schloss <em>Castello di Cibottola <\/em>weit entfernt auf der linken Seite und dem <em>Franziskanerkloster San Bartolomeo <\/em>an der rechten Seite.<\/p>\n<p>Diese Leinwand ist mit <strong>15 <\/strong>quadratischen <strong>Kassetten <\/strong>versehen, die als Rahmen dienen und Fresken der <em>15 Geheimnisse des Rosenkranzes<\/em> darstellen. Die B\u00f6gen sind mit Bildern einiger Heiliger verziert und die Kirche enthielt verschiedene Leinw\u00e4nde, deren Hauptdarsteller ebenfalls einige Heilige sowie die Madonna waren. Auch ein altes Weihwasserbecken aus Travertin ist vorhanden, genau gleich wie das Taufbecken aus Sandstein.<\/p>\n<p>Die Kirche wurde im Lauf der Jahrhunderte mehrmals renoviert, zuletzt im Jahr 1946. Die urspr\u00fcngliche Form wurde jedoch nicht wesentlich ver\u00e4ndert.<\/p>\n<p>Heute befinden sich die Leinw\u00e4nde nicht mehr im Inneren der Kirche und die Kirche wird nur an <strong>Christi Himmelfahrt <\/strong>sowie f\u00fcr besondere Anl\u00e4sse in Zusammenhang mit dem Heiligen aus Pietrafitta ge\u00f6ffnet.<\/p>\n","protected":false},"excerpt":{"rendered":"<p>Im Inneren des Schlosses Castello di Cibottola befindet sich die Pfarrkirche, die zu Ehren des San Fortunato errichtet wurde. Neben der Kirche wurde rund um das Jahr 1300 das Ospedale di Cibottola erbaut, das aufgrund seiner N\u00e4he zur Kirche auch Ospedale San Fortunato genannt wird. Die Kirche wirkt au\u00dfen sehr einfach, aber dennoch sch\u00f6n, mit [&hellip;]<\/p>\n","protected":false},"author":4,"featured_media":0,"parent":39310,"menu_order":1,"comment_status":"closed","ping_status":"closed","template":"","meta":{"om_disable_all_campaigns":false,"_monsterinsights_skip_tracking":false,"_monsterinsights_sitenote_active":false,"_monsterinsights_sitenote_note":"","_monsterinsights_sitenote_category":0},"acf":[],"yoast_head":"<!-- This site is optimized with the Yoast SEO plugin v18.4.1 - https:\/\/yoast.com\/wordpress\/plugins\/seo\/ -->\n<title>Kirche San Fortunato in Piegaro - Exploring Umbria<\/title>\n<meta name=\"description\" content=\"Im Inneren des Schlosses Castello di Cibottola befindet sich die Pfarrkirche, die zu Ehren des San Fortunato errichtet wurde. Neben der Kirche wurde rund\" \/>\n<meta name=\"robots\" content=\"index, follow, max-snippet:-1, max-image-preview:large, max-video-preview:-1\" \/>\n<link rel=\"canonical\" href=\"https:\/\/www.exploring-umbria.com\/de\/borghi-in-umbria-tanti-piccoli-gioielli-nascosti\/was-sie-sehen-sollen-in-piegaro\/chiesa-di-san-fortunato\/\" \/>\n<meta property=\"og:locale\" content=\"de_DE\" \/>\n<meta property=\"og:type\" content=\"article\" \/>\n<meta property=\"og:title\" content=\"Kirche San Fortunato in Piegaro - Exploring Umbria\" \/>\n<meta property=\"og:description\" content=\"Im Inneren des Schlosses Castello di Cibottola befindet sich die Pfarrkirche, die zu Ehren des San Fortunato errichtet wurde. Neben der Kirche wurde rund\" \/>\n<meta property=\"og:url\" content=\"https:\/\/www.exploring-umbria.com\/de\/borghi-in-umbria-tanti-piccoli-gioielli-nascosti\/was-sie-sehen-sollen-in-piegaro\/chiesa-di-san-fortunato\/\" \/>\n<meta property=\"og:site_name\" content=\"Exploring Umbria\" \/>\n<meta property=\"article:publisher\" content=\"https:\/\/www.facebook.com\/exploringumbria\/\" \/>\n<meta property=\"article:modified_time\" content=\"2020-08-07T16:30:17+00:00\" \/>\n<meta name=\"twitter:card\" content=\"summary_large_image\" \/>\n<meta name=\"twitter:label1\" content=\"Gesch\u00e4tzte Lesezeit\" \/>\n\t<meta name=\"twitter:data1\" content=\"2\u00a0Minuten\" \/>\n<script type=\"application\/ld+json\" class=\"yoast-schema-graph\">{\"@context\":\"https:\/\/schema.org\",\"@graph\":[{\"@type\":\"Organization\",\"@id\":\"https:\/\/www.exploring-umbria.com\/de\/#organization\",\"name\":\"Exploring Umbria\",\"url\":\"https:\/\/www.exploring-umbria.com\/de\/\",\"sameAs\":[\"https:\/\/www.facebook.com\/exploringumbria\/\",\"https:\/\/www.instagram.com\/exploringumbria\/\"],\"logo\":{\"@type\":\"ImageObject\",\"@id\":\"https:\/\/www.exploring-umbria.com\/de\/#logo\",\"inLanguage\":\"de\",\"url\":\"https:\/\/www.exploring-umbria.com\/wp-content\/uploads\/2019\/08\/solo-logo-verde.jpg\",\"contentUrl\":\"https:\/\/www.exploring-umbria.com\/wp-content\/uploads\/2019\/08\/solo-logo-verde.jpg\",\"width\":952,\"height\":532,\"caption\":\"Exploring Umbria\"},\"image\":{\"@id\":\"https:\/\/www.exploring-umbria.com\/de\/#logo\"}},{\"@type\":\"WebSite\",\"@id\":\"https:\/\/www.exploring-umbria.com\/de\/#website\",\"url\":\"https:\/\/www.exploring-umbria.com\/de\/\",\"name\":\"Exploring Umbria\",\"description\":\"your dates, your mood, your trip\",\"publisher\":{\"@id\":\"https:\/\/www.exploring-umbria.com\/de\/#organization\"},\"potentialAction\":[{\"@type\":\"SearchAction\",\"target\":{\"@type\":\"EntryPoint\",\"urlTemplate\":\"https:\/\/www.exploring-umbria.com\/de\/?s={search_term_string}\"},\"query-input\":\"required name=search_term_string\"}],\"inLanguage\":\"de\"},{\"@type\":\"WebPage\",\"@id\":\"https:\/\/www.exploring-umbria.com\/de\/borghi-in-umbria-tanti-piccoli-gioielli-nascosti\/was-sie-sehen-sollen-in-piegaro\/chiesa-di-san-fortunato\/#webpage\",\"url\":\"https:\/\/www.exploring-umbria.com\/de\/borghi-in-umbria-tanti-piccoli-gioielli-nascosti\/was-sie-sehen-sollen-in-piegaro\/chiesa-di-san-fortunato\/\",\"name\":\"Kirche San Fortunato in Piegaro - Exploring Umbria\",\"isPartOf\":{\"@id\":\"https:\/\/www.exploring-umbria.com\/de\/#website\"},\"datePublished\":\"2019-08-09T15:37:04+00:00\",\"dateModified\":\"2020-08-07T16:30:17+00:00\",\"description\":\"Im Inneren des Schlosses Castello di Cibottola befindet sich die Pfarrkirche, die zu Ehren des San Fortunato errichtet wurde. Neben der Kirche wurde rund\",\"breadcrumb\":{\"@id\":\"https:\/\/www.exploring-umbria.com\/de\/borghi-in-umbria-tanti-piccoli-gioielli-nascosti\/was-sie-sehen-sollen-in-piegaro\/chiesa-di-san-fortunato\/#breadcrumb\"},\"inLanguage\":\"de\",\"potentialAction\":[{\"@type\":\"ReadAction\",\"target\":[\"https:\/\/www.exploring-umbria.com\/de\/borghi-in-umbria-tanti-piccoli-gioielli-nascosti\/was-sie-sehen-sollen-in-piegaro\/chiesa-di-san-fortunato\/\"]}]},{\"@type\":\"BreadcrumbList\",\"@id\":\"https:\/\/www.exploring-umbria.com\/de\/borghi-in-umbria-tanti-piccoli-gioielli-nascosti\/was-sie-sehen-sollen-in-piegaro\/chiesa-di-san-fortunato\/#breadcrumb\",\"itemListElement\":[{\"@type\":\"ListItem\",\"position\":1,\"name\":\"Home\",\"item\":\"https:\/\/www.exploring-umbria.com\/de\/\"},{\"@type\":\"ListItem\",\"position\":2,\"name\":\"Borghi in Umbria: tanti piccoli gioielli nascosti\",\"item\":\"https:\/\/www.exploring-umbria.com\/de\/borghi-in-umbria-tanti-piccoli-gioielli-nascosti\/\"},{\"@type\":\"ListItem\",\"position\":3,\"name\":\"Was Sie sehen sollen in piegaro\",\"item\":\"https:\/\/www.exploring-umbria.com\/de\/borghi-in-umbria-tanti-piccoli-gioielli-nascosti\/was-sie-sehen-sollen-in-piegaro\/\"},{\"@type\":\"ListItem\",\"position\":4,\"name\":\"Kirche San Fortunato in Piegaro\"}]}]}<\/script>\n<!-- \/ Yoast SEO plugin. -->","yoast_head_json":{"title":"Kirche San Fortunato in Piegaro - Exploring Umbria","description":"Im Inneren des Schlosses Castello di Cibottola befindet sich die Pfarrkirche, die zu Ehren des San Fortunato errichtet wurde. Neben der Kirche wurde rund","robots":{"index":"index","follow":"follow","max-snippet":"max-snippet:-1","max-image-preview":"max-image-preview:large","max-video-preview":"max-video-preview:-1"},"canonical":"https:\/\/www.exploring-umbria.com\/de\/borghi-in-umbria-tanti-piccoli-gioielli-nascosti\/was-sie-sehen-sollen-in-piegaro\/chiesa-di-san-fortunato\/","og_locale":"de_DE","og_type":"article","og_title":"Kirche San Fortunato in Piegaro - Exploring Umbria","og_description":"Im Inneren des Schlosses Castello di Cibottola befindet sich die Pfarrkirche, die zu Ehren des San Fortunato errichtet wurde. Neben der Kirche wurde rund","og_url":"https:\/\/www.exploring-umbria.com\/de\/borghi-in-umbria-tanti-piccoli-gioielli-nascosti\/was-sie-sehen-sollen-in-piegaro\/chiesa-di-san-fortunato\/","og_site_name":"Exploring Umbria","article_publisher":"https:\/\/www.facebook.com\/exploringumbria\/","article_modified_time":"2020-08-07T16:30:17+00:00","twitter_card":"summary_large_image","twitter_misc":{"Gesch\u00e4tzte Lesezeit":"2\u00a0Minuten"},"schema":{"@context":"https:\/\/schema.org","@graph":[{"@type":"Organization","@id":"https:\/\/www.exploring-umbria.com\/de\/#organization","name":"Exploring Umbria","url":"https:\/\/www.exploring-umbria.com\/de\/","sameAs":["https:\/\/www.facebook.com\/exploringumbria\/","https:\/\/www.instagram.com\/exploringumbria\/"],"logo":{"@type":"ImageObject","@id":"https:\/\/www.exploring-umbria.com\/de\/#logo","inLanguage":"de","url":"https:\/\/www.exploring-umbria.com\/wp-content\/uploads\/2019\/08\/solo-logo-verde.jpg","contentUrl":"https:\/\/www.exploring-umbria.com\/wp-content\/uploads\/2019\/08\/solo-logo-verde.jpg","width":952,"height":532,"caption":"Exploring Umbria"},"image":{"@id":"https:\/\/www.exploring-umbria.com\/de\/#logo"}},{"@type":"WebSite","@id":"https:\/\/www.exploring-umbria.com\/de\/#website","url":"https:\/\/www.exploring-umbria.com\/de\/","name":"Exploring Umbria","description":"your dates, your mood, your trip","publisher":{"@id":"https:\/\/www.exploring-umbria.com\/de\/#organization"},"potentialAction":[{"@type":"SearchAction","target":{"@type":"EntryPoint","urlTemplate":"https:\/\/www.exploring-umbria.com\/de\/?s={search_term_string}"},"query-input":"required name=search_term_string"}],"inLanguage":"de"},{"@type":"WebPage","@id":"https:\/\/www.exploring-umbria.com\/de\/borghi-in-umbria-tanti-piccoli-gioielli-nascosti\/was-sie-sehen-sollen-in-piegaro\/chiesa-di-san-fortunato\/#webpage","url":"https:\/\/www.exploring-umbria.com\/de\/borghi-in-umbria-tanti-piccoli-gioielli-nascosti\/was-sie-sehen-sollen-in-piegaro\/chiesa-di-san-fortunato\/","name":"Kirche San Fortunato in Piegaro - Exploring Umbria","isPartOf":{"@id":"https:\/\/www.exploring-umbria.com\/de\/#website"},"datePublished":"2019-08-09T15:37:04+00:00","dateModified":"2020-08-07T16:30:17+00:00","description":"Im Inneren des Schlosses Castello di Cibottola befindet sich die Pfarrkirche, die zu Ehren des San Fortunato errichtet wurde. Neben der Kirche wurde rund","breadcrumb":{"@id":"https:\/\/www.exploring-umbria.com\/de\/borghi-in-umbria-tanti-piccoli-gioielli-nascosti\/was-sie-sehen-sollen-in-piegaro\/chiesa-di-san-fortunato\/#breadcrumb"},"inLanguage":"de","potentialAction":[{"@type":"ReadAction","target":["https:\/\/www.exploring-umbria.com\/de\/borghi-in-umbria-tanti-piccoli-gioielli-nascosti\/was-sie-sehen-sollen-in-piegaro\/chiesa-di-san-fortunato\/"]}]},{"@type":"BreadcrumbList","@id":"https:\/\/www.exploring-umbria.com\/de\/borghi-in-umbria-tanti-piccoli-gioielli-nascosti\/was-sie-sehen-sollen-in-piegaro\/chiesa-di-san-fortunato\/#breadcrumb","itemListElement":[{"@type":"ListItem","position":1,"name":"Home","item":"https:\/\/www.exploring-umbria.com\/de\/"},{"@type":"ListItem","position":2,"name":"Borghi in Umbria: tanti piccoli gioielli nascosti","item":"https:\/\/www.exploring-umbria.com\/de\/borghi-in-umbria-tanti-piccoli-gioielli-nascosti\/"},{"@type":"ListItem","position":3,"name":"Was Sie sehen sollen in piegaro","item":"https:\/\/www.exploring-umbria.com\/de\/borghi-in-umbria-tanti-piccoli-gioielli-nascosti\/was-sie-sehen-sollen-in-piegaro\/"},{"@type":"ListItem","position":4,"name":"Kirche San Fortunato in Piegaro"}]}]}},"_links":{"self":[{"href":"https:\/\/www.exploring-umbria.com\/de\/wp-json\/wp\/v2\/pages\/39388"}],"collection":[{"href":"https:\/\/www.exploring-umbria.com\/de\/wp-json\/wp\/v2\/pages"}],"about":[{"href":"https:\/\/www.exploring-umbria.com\/de\/wp-json\/wp\/v2\/types\/page"}],"author":[{"embeddable":true,"href":"https:\/\/www.exploring-umbria.com\/de\/wp-json\/wp\/v2\/users\/4"}],"replies":[{"embeddable":true,"href":"https:\/\/www.exploring-umbria.com\/de\/wp-json\/wp\/v2\/comments?post=39388"}],"version-history":[{"count":2,"href":"https:\/\/www.exploring-umbria.com\/de\/wp-json\/wp\/v2\/pages\/39388\/revisions"}],"predecessor-version":[{"id":39395,"href":"https:\/\/www.exploring-umbria.com\/de\/wp-json\/wp\/v2\/pages\/39388\/revisions\/39395"}],"up":[{"embeddable":true,"href":"https:\/\/www.exploring-umbria.com\/de\/wp-json\/wp\/v2\/pages\/39310"}],"wp:attachment":[{"href":"https:\/\/www.exploring-umbria.com\/de\/wp-json\/wp\/v2\/media?parent=39388"}],"curies":[{"name":"wp","href":"https:\/\/api.w.org\/{rel}","templated":true}]}}