{"id":39357,"date":"2019-08-09T17:47:43","date_gmt":"2019-08-09T15:47:43","guid":{"rendered":"https:\/\/www.exploring-umbria.com\/borghi-in-umbria-tanti-piccoli-gioielli-nascosti\/was-sie-sehen-sollen-in-piegaro\/museo-paleontologico\/"},"modified":"2020-08-07T17:23:59","modified_gmt":"2020-08-07T15:23:59","slug":"palaeantologischen-museum-von-piegaro","status":"publish","type":"page","link":"https:\/\/www.exploring-umbria.com\/de\/borghi-in-umbria-tanti-piccoli-gioielli-nascosti\/was-sie-sehen-sollen-in-piegaro\/palaeantologischen-museum-von-piegaro\/","title":{"rendered":"Pal\u00e4antologischen Museum von Piegaro"},"content":{"rendered":"<p>Piegaro, genauer der Ortsteil Pietrafitta, beherbergt im <strong>Pal\u00e4antologischen Museum \u201cLuigi Boldirini\u201d <\/strong>ein besonders bedeutendes pal\u00e4antologisches Erbe in Europa.<\/p>\n<p>Dem Museum wurde der Name <em>Luigi<\/em> <em>Boldrini<\/em> verliehen, der pers\u00f6nlich die Fundst\u00fccke in den <strong>Lignit<\/strong>-Beh\u00e4ltern fand und sich daf\u00fcr einsetzte, dass sie vor der Errichtung des Museums in seinen privaten Geb\u00e4uden verwahrt wurden. Er katalogisierte sie und verlieh ihnen \u201cneues Leben\u201d, indem er sie der Wissenschaft und der Bev\u00f6lkerung in aller Welt zur Verf\u00fcgung stellte. Er fand tausende Fossilien verschiedenster Tierarten wie Fische, Amphibien, V\u00f6gel, B\u00e4ren, Nash\u00f6rner und Elefanten, Affen, Schildkr\u00f6ten und verschiedene Hirscharten, darunter eine unbekannte, und weitere Tierarten; dem kommen noch gefundene Samen, Bl\u00e4tter und Muscheln hinzu. Sie werden im Museum aufbewahrt, das aus <strong>drei<\/strong> gro\u00dfen <strong>Bereichen<\/strong> besteht: Der erste enth\u00e4lt Erkl\u00e4rungen zur Fossilisierung und zur Bildung der wichtigsten fossilen Kohle in Pietrafitta, das Lignit; im zweiten Bereich werden dank Themenschildern die <strong>Wirbelreste von Nicht-S\u00e4ugetieren und S\u00e4ugetieren<\/strong> beschrieben, die geschickt pr\u00e4sentiert werden. Im dritten Bereich erwartet Sie hingegen eine wertvolle <strong>Mammut<\/strong>-Sammlung, Mammuthus<em> Meridionalis<\/em>, die im geologischen Zeitalters des fr\u00fchen Pleistoz\u00e4n gelebt haben. Damit endet die Besichtigung des Museums.<\/p>\n<p>Die letzte Ausstellung besteht aus 8 nahezu vollst\u00e4ndigen Skeletten, die sich genau in der Position befinden, in der sie gefunden wurden. Dies war dank besonderer und innovativer Techniken m\u00f6glich.<\/p>\n<p>Experten aus aller Welt haben den unsch\u00e4tzbaren Wert der Fundst\u00fccke, die in Piegaro verwahrt werden, betont. Leider ist das Museum derzeit nicht \u00f6ffentlich zug\u00e4nglich, aber an einer Wiederer\u00f6ffnung wird gearbeitet.<\/p>\n","protected":false},"excerpt":{"rendered":"<p>Piegaro, genauer der Ortsteil Pietrafitta, beherbergt im Pal\u00e4antologischen Museum \u201cLuigi Boldirini\u201d ein besonders bedeutendes pal\u00e4antologisches Erbe in Europa. Dem Museum wurde der Name Luigi Boldrini verliehen, der pers\u00f6nlich die Fundst\u00fccke in den Lignit-Beh\u00e4ltern fand und sich daf\u00fcr einsetzte, dass sie vor der Errichtung des Museums in seinen privaten Geb\u00e4uden verwahrt wurden. Er katalogisierte sie und [&hellip;]<\/p>\n","protected":false},"author":4,"featured_media":0,"parent":39310,"menu_order":7,"comment_status":"closed","ping_status":"closed","template":"","meta":{"om_disable_all_campaigns":false,"_monsterinsights_skip_tracking":false,"_monsterinsights_sitenote_active":false,"_monsterinsights_sitenote_note":"","_monsterinsights_sitenote_category":0},"acf":[],"yoast_head":"<!-- This site is optimized with the Yoast SEO plugin v18.4.1 - https:\/\/yoast.com\/wordpress\/plugins\/seo\/ -->\n<title>Pal\u00e4antologischen Museum von Piegaro - Exploring Umbria<\/title>\n<meta name=\"description\" content=\"Piegaro, genauer der Ortsteil Pietrafitta, beherbergt im Pal\u00e4antologischen Museum \u201cLuigi Boldirini\u201d ein besonders bedeutendes pal\u00e4antologisches Erbe in\" \/>\n<meta name=\"robots\" content=\"index, follow, max-snippet:-1, max-image-preview:large, max-video-preview:-1\" \/>\n<link rel=\"canonical\" href=\"https:\/\/www.exploring-umbria.com\/de\/borghi-in-umbria-tanti-piccoli-gioielli-nascosti\/was-sie-sehen-sollen-in-piegaro\/palaeantologischen-museum-von-piegaro\/\" \/>\n<meta property=\"og:locale\" content=\"de_DE\" \/>\n<meta property=\"og:type\" content=\"article\" \/>\n<meta property=\"og:title\" content=\"Pal\u00e4antologischen Museum von Piegaro - Exploring Umbria\" \/>\n<meta property=\"og:description\" content=\"Piegaro, genauer der Ortsteil Pietrafitta, beherbergt im Pal\u00e4antologischen Museum \u201cLuigi Boldirini\u201d ein besonders bedeutendes pal\u00e4antologisches Erbe in\" \/>\n<meta property=\"og:url\" content=\"https:\/\/www.exploring-umbria.com\/de\/borghi-in-umbria-tanti-piccoli-gioielli-nascosti\/was-sie-sehen-sollen-in-piegaro\/palaeantologischen-museum-von-piegaro\/\" \/>\n<meta property=\"og:site_name\" content=\"Exploring Umbria\" \/>\n<meta property=\"article:publisher\" content=\"https:\/\/www.facebook.com\/exploringumbria\/\" \/>\n<meta property=\"article:modified_time\" content=\"2020-08-07T15:23:59+00:00\" \/>\n<meta name=\"twitter:card\" content=\"summary_large_image\" \/>\n<meta name=\"twitter:label1\" content=\"Gesch\u00e4tzte Lesezeit\" \/>\n\t<meta name=\"twitter:data1\" content=\"1\u00a0Minute\" \/>\n<script type=\"application\/ld+json\" class=\"yoast-schema-graph\">{\"@context\":\"https:\/\/schema.org\",\"@graph\":[{\"@type\":\"Organization\",\"@id\":\"https:\/\/www.exploring-umbria.com\/de\/#organization\",\"name\":\"Exploring Umbria\",\"url\":\"https:\/\/www.exploring-umbria.com\/de\/\",\"sameAs\":[\"https:\/\/www.facebook.com\/exploringumbria\/\",\"https:\/\/www.instagram.com\/exploringumbria\/\"],\"logo\":{\"@type\":\"ImageObject\",\"@id\":\"https:\/\/www.exploring-umbria.com\/de\/#logo\",\"inLanguage\":\"de\",\"url\":\"https:\/\/www.exploring-umbria.com\/wp-content\/uploads\/2019\/08\/solo-logo-verde.jpg\",\"contentUrl\":\"https:\/\/www.exploring-umbria.com\/wp-content\/uploads\/2019\/08\/solo-logo-verde.jpg\",\"width\":952,\"height\":532,\"caption\":\"Exploring Umbria\"},\"image\":{\"@id\":\"https:\/\/www.exploring-umbria.com\/de\/#logo\"}},{\"@type\":\"WebSite\",\"@id\":\"https:\/\/www.exploring-umbria.com\/de\/#website\",\"url\":\"https:\/\/www.exploring-umbria.com\/de\/\",\"name\":\"Exploring Umbria\",\"description\":\"your dates, your mood, your trip\",\"publisher\":{\"@id\":\"https:\/\/www.exploring-umbria.com\/de\/#organization\"},\"potentialAction\":[{\"@type\":\"SearchAction\",\"target\":{\"@type\":\"EntryPoint\",\"urlTemplate\":\"https:\/\/www.exploring-umbria.com\/de\/?s={search_term_string}\"},\"query-input\":\"required name=search_term_string\"}],\"inLanguage\":\"de\"},{\"@type\":\"WebPage\",\"@id\":\"https:\/\/www.exploring-umbria.com\/de\/borghi-in-umbria-tanti-piccoli-gioielli-nascosti\/was-sie-sehen-sollen-in-piegaro\/palaeantologischen-museum-von-piegaro\/#webpage\",\"url\":\"https:\/\/www.exploring-umbria.com\/de\/borghi-in-umbria-tanti-piccoli-gioielli-nascosti\/was-sie-sehen-sollen-in-piegaro\/palaeantologischen-museum-von-piegaro\/\",\"name\":\"Pal\u00e4antologischen Museum von Piegaro - Exploring Umbria\",\"isPartOf\":{\"@id\":\"https:\/\/www.exploring-umbria.com\/de\/#website\"},\"datePublished\":\"2019-08-09T15:47:43+00:00\",\"dateModified\":\"2020-08-07T15:23:59+00:00\",\"description\":\"Piegaro, genauer der Ortsteil Pietrafitta, beherbergt im Pal\u00e4antologischen Museum \u201cLuigi Boldirini\u201d ein besonders bedeutendes pal\u00e4antologisches Erbe in\",\"breadcrumb\":{\"@id\":\"https:\/\/www.exploring-umbria.com\/de\/borghi-in-umbria-tanti-piccoli-gioielli-nascosti\/was-sie-sehen-sollen-in-piegaro\/palaeantologischen-museum-von-piegaro\/#breadcrumb\"},\"inLanguage\":\"de\",\"potentialAction\":[{\"@type\":\"ReadAction\",\"target\":[\"https:\/\/www.exploring-umbria.com\/de\/borghi-in-umbria-tanti-piccoli-gioielli-nascosti\/was-sie-sehen-sollen-in-piegaro\/palaeantologischen-museum-von-piegaro\/\"]}]},{\"@type\":\"BreadcrumbList\",\"@id\":\"https:\/\/www.exploring-umbria.com\/de\/borghi-in-umbria-tanti-piccoli-gioielli-nascosti\/was-sie-sehen-sollen-in-piegaro\/palaeantologischen-museum-von-piegaro\/#breadcrumb\",\"itemListElement\":[{\"@type\":\"ListItem\",\"position\":1,\"name\":\"Home\",\"item\":\"https:\/\/www.exploring-umbria.com\/de\/\"},{\"@type\":\"ListItem\",\"position\":2,\"name\":\"Borghi in Umbria: tanti piccoli gioielli nascosti\",\"item\":\"https:\/\/www.exploring-umbria.com\/de\/borghi-in-umbria-tanti-piccoli-gioielli-nascosti\/\"},{\"@type\":\"ListItem\",\"position\":3,\"name\":\"Was Sie sehen sollen in piegaro\",\"item\":\"https:\/\/www.exploring-umbria.com\/de\/borghi-in-umbria-tanti-piccoli-gioielli-nascosti\/was-sie-sehen-sollen-in-piegaro\/\"},{\"@type\":\"ListItem\",\"position\":4,\"name\":\"Pal\u00e4antologischen Museum von Piegaro\"}]}]}<\/script>\n<!-- \/ Yoast SEO plugin. -->","yoast_head_json":{"title":"Pal\u00e4antologischen Museum von Piegaro - Exploring Umbria","description":"Piegaro, genauer der Ortsteil Pietrafitta, beherbergt im Pal\u00e4antologischen Museum \u201cLuigi Boldirini\u201d ein besonders bedeutendes pal\u00e4antologisches Erbe in","robots":{"index":"index","follow":"follow","max-snippet":"max-snippet:-1","max-image-preview":"max-image-preview:large","max-video-preview":"max-video-preview:-1"},"canonical":"https:\/\/www.exploring-umbria.com\/de\/borghi-in-umbria-tanti-piccoli-gioielli-nascosti\/was-sie-sehen-sollen-in-piegaro\/palaeantologischen-museum-von-piegaro\/","og_locale":"de_DE","og_type":"article","og_title":"Pal\u00e4antologischen Museum von Piegaro - Exploring Umbria","og_description":"Piegaro, genauer der Ortsteil Pietrafitta, beherbergt im Pal\u00e4antologischen Museum \u201cLuigi Boldirini\u201d ein besonders bedeutendes pal\u00e4antologisches Erbe in","og_url":"https:\/\/www.exploring-umbria.com\/de\/borghi-in-umbria-tanti-piccoli-gioielli-nascosti\/was-sie-sehen-sollen-in-piegaro\/palaeantologischen-museum-von-piegaro\/","og_site_name":"Exploring Umbria","article_publisher":"https:\/\/www.facebook.com\/exploringumbria\/","article_modified_time":"2020-08-07T15:23:59+00:00","twitter_card":"summary_large_image","twitter_misc":{"Gesch\u00e4tzte Lesezeit":"1\u00a0Minute"},"schema":{"@context":"https:\/\/schema.org","@graph":[{"@type":"Organization","@id":"https:\/\/www.exploring-umbria.com\/de\/#organization","name":"Exploring Umbria","url":"https:\/\/www.exploring-umbria.com\/de\/","sameAs":["https:\/\/www.facebook.com\/exploringumbria\/","https:\/\/www.instagram.com\/exploringumbria\/"],"logo":{"@type":"ImageObject","@id":"https:\/\/www.exploring-umbria.com\/de\/#logo","inLanguage":"de","url":"https:\/\/www.exploring-umbria.com\/wp-content\/uploads\/2019\/08\/solo-logo-verde.jpg","contentUrl":"https:\/\/www.exploring-umbria.com\/wp-content\/uploads\/2019\/08\/solo-logo-verde.jpg","width":952,"height":532,"caption":"Exploring Umbria"},"image":{"@id":"https:\/\/www.exploring-umbria.com\/de\/#logo"}},{"@type":"WebSite","@id":"https:\/\/www.exploring-umbria.com\/de\/#website","url":"https:\/\/www.exploring-umbria.com\/de\/","name":"Exploring Umbria","description":"your dates, your mood, your trip","publisher":{"@id":"https:\/\/www.exploring-umbria.com\/de\/#organization"},"potentialAction":[{"@type":"SearchAction","target":{"@type":"EntryPoint","urlTemplate":"https:\/\/www.exploring-umbria.com\/de\/?s={search_term_string}"},"query-input":"required name=search_term_string"}],"inLanguage":"de"},{"@type":"WebPage","@id":"https:\/\/www.exploring-umbria.com\/de\/borghi-in-umbria-tanti-piccoli-gioielli-nascosti\/was-sie-sehen-sollen-in-piegaro\/palaeantologischen-museum-von-piegaro\/#webpage","url":"https:\/\/www.exploring-umbria.com\/de\/borghi-in-umbria-tanti-piccoli-gioielli-nascosti\/was-sie-sehen-sollen-in-piegaro\/palaeantologischen-museum-von-piegaro\/","name":"Pal\u00e4antologischen Museum von Piegaro - Exploring Umbria","isPartOf":{"@id":"https:\/\/www.exploring-umbria.com\/de\/#website"},"datePublished":"2019-08-09T15:47:43+00:00","dateModified":"2020-08-07T15:23:59+00:00","description":"Piegaro, genauer der Ortsteil Pietrafitta, beherbergt im Pal\u00e4antologischen Museum \u201cLuigi Boldirini\u201d ein besonders bedeutendes pal\u00e4antologisches Erbe in","breadcrumb":{"@id":"https:\/\/www.exploring-umbria.com\/de\/borghi-in-umbria-tanti-piccoli-gioielli-nascosti\/was-sie-sehen-sollen-in-piegaro\/palaeantologischen-museum-von-piegaro\/#breadcrumb"},"inLanguage":"de","potentialAction":[{"@type":"ReadAction","target":["https:\/\/www.exploring-umbria.com\/de\/borghi-in-umbria-tanti-piccoli-gioielli-nascosti\/was-sie-sehen-sollen-in-piegaro\/palaeantologischen-museum-von-piegaro\/"]}]},{"@type":"BreadcrumbList","@id":"https:\/\/www.exploring-umbria.com\/de\/borghi-in-umbria-tanti-piccoli-gioielli-nascosti\/was-sie-sehen-sollen-in-piegaro\/palaeantologischen-museum-von-piegaro\/#breadcrumb","itemListElement":[{"@type":"ListItem","position":1,"name":"Home","item":"https:\/\/www.exploring-umbria.com\/de\/"},{"@type":"ListItem","position":2,"name":"Borghi in Umbria: tanti piccoli gioielli nascosti","item":"https:\/\/www.exploring-umbria.com\/de\/borghi-in-umbria-tanti-piccoli-gioielli-nascosti\/"},{"@type":"ListItem","position":3,"name":"Was Sie sehen sollen in piegaro","item":"https:\/\/www.exploring-umbria.com\/de\/borghi-in-umbria-tanti-piccoli-gioielli-nascosti\/was-sie-sehen-sollen-in-piegaro\/"},{"@type":"ListItem","position":4,"name":"Pal\u00e4antologischen Museum von Piegaro"}]}]}},"_links":{"self":[{"href":"https:\/\/www.exploring-umbria.com\/de\/wp-json\/wp\/v2\/pages\/39357"}],"collection":[{"href":"https:\/\/www.exploring-umbria.com\/de\/wp-json\/wp\/v2\/pages"}],"about":[{"href":"https:\/\/www.exploring-umbria.com\/de\/wp-json\/wp\/v2\/types\/page"}],"author":[{"embeddable":true,"href":"https:\/\/www.exploring-umbria.com\/de\/wp-json\/wp\/v2\/users\/4"}],"replies":[{"embeddable":true,"href":"https:\/\/www.exploring-umbria.com\/de\/wp-json\/wp\/v2\/comments?post=39357"}],"version-history":[{"count":2,"href":"https:\/\/www.exploring-umbria.com\/de\/wp-json\/wp\/v2\/pages\/39357\/revisions"}],"predecessor-version":[{"id":39360,"href":"https:\/\/www.exploring-umbria.com\/de\/wp-json\/wp\/v2\/pages\/39357\/revisions\/39360"}],"up":[{"embeddable":true,"href":"https:\/\/www.exploring-umbria.com\/de\/wp-json\/wp\/v2\/pages\/39310"}],"wp:attachment":[{"href":"https:\/\/www.exploring-umbria.com\/de\/wp-json\/wp\/v2\/media?parent=39357"}],"curies":[{"name":"wp","href":"https:\/\/api.w.org\/{rel}","templated":true}]}}