{"id":39310,"date":"2019-08-09T17:29:34","date_gmt":"2019-08-09T15:29:34","guid":{"rendered":"https:\/\/www.exploring-umbria.com\/borghi-in-umbria-tanti-piccoli-gioielli-nascosti\/cosa-vedere-a-piegaro\/"},"modified":"2020-08-07T16:54:47","modified_gmt":"2020-08-07T14:54:47","slug":"was-sie-sehen-sollen-in-piegaro","status":"publish","type":"page","link":"https:\/\/www.exploring-umbria.com\/de\/borghi-in-umbria-tanti-piccoli-gioielli-nascosti\/was-sie-sehen-sollen-in-piegaro\/","title":{"rendered":"Was Sie sehen sollen in piegaro"},"content":{"rendered":"<p><strong>Entdecken Sie, was Sie in Piegaro sehen koennen\u00a0<\/strong><\/p>\n<p>Der Ort Piegaro hat auch viele wunderbare Sch\u00e4tze zu bieten, die aufgrund ihrer Sch\u00f6nheit gerne bestaunt werden. Orte, die Sie bis zu den Urspr\u00fcngen des Ortes zur\u00fcckversetzen.<\/p>\n<p>Das imposante Schloss <a href=\"https:\/\/www.exploring-umbria.com\/de\/subcategories\/piegaro\/#heading39339\" target=\"_blank\" rel=\"noopener noreferrer\"><strong>Castello di Cibottola <\/strong><\/a>wird Sie beeindrucken. Es ragt auf einer Anh\u00f6he empor und steht \u00fcber dem Tal des Flusses Nestore; sein <strong>siebeneckiger Turm<\/strong>, der heute als B\u00fcrgerturm dient, ist eine der symbolischsten und repr\u00e4sentativsten Sehensw\u00fcrdigkeiten von Piegaro, zusammen mit der gewaltigen Glocke, die sich im Turm befindet. Der Gedanke, dass sich zwischen den Mauern des Schlosses fr\u00fcher Pers\u00f6nlichkeiten wie <em>der hl. Franziskus aus Assisi <\/em>und der <em>hl. Antonius von Padua <\/em>wie auch wichtige Milit\u00e4rs wie <em>Braccio Fortebracci da Montone<\/em> aufgehalten haben, ist wunderbar. Beeindruckt werden Sie auch vom Anblick der <strong>Stadtmauer <\/strong>und vom langen <strong>unterirdischen Stollen <\/strong>sein, der die Stadt durchquert und wahrscheinlich in der Vergangenheit als Fluchtweg genutzt wurde.<\/p>\n<p>Aber die besondere Lage des Schlosses bietet Ihnen auch eine bezaubernde und traumhafte Kulisse; in der Tat k\u00f6nnen Sie von oben das ganze Tal mit seinen herrlichen Farben bewundern und sich von ihnen verzaubern lassen.<\/p>\n<p>Ebenfalls im Inneren des Geb\u00e4udes k\u00f6nnen Sie die <strong>Kirche San Fortunato<\/strong> besichtigen, die im Hochaltar ein wunderbares Gem\u00e4lde der <em>Madonna mit Kind<\/em> beherbergt, das von <em>15 Freskentafeln<\/em> mit den 15 Mysterien des Rosenkranzes umrahmt wird, und den mittelalterlichen Brunnen aus dem dreizehnten Jahrhundert, der vollst\u00e4ndig von Hand gegraben wurde und jahrhundertelang f\u00fcr die Bev\u00f6lkerung als einzige Wasserquelle des Dorfes sehr wertvoll war. Eine weitere alte Kultst\u00e4tte, die sich im oberen Teil des Dorfes erhebt, ist die <strong>Kirche San Silvestro Papa<\/strong>. Im Inneren k\u00f6nnen Sie zahlreiche Werke aus dem sechzehnten Jahrhundert bestaunen, darunter eine in der Apsis befindliche Hommage an <a href=\"https:\/\/de.wikipedia.org\/wiki\/Silvester_I.\" target=\"_blank\" rel=\"noopener noreferrer\">Papst Silvester<\/a>, &#8222;Kaiser Konstantin kniend vor Papst Silvester&#8220; und einen &#8222;h\u00f6lzernen Christus&#8220;, der seit jeher ein Gegenstand der Verehrung ist. Unter den heiligen St\u00e4tten ist auch die <strong>Kirche der Madonna della Crocetta<\/strong> zu erw\u00e4hnen. Diese Kirche war der Sitz der <em>Bruderschaft der Crocetta<\/em> und wurde im Laufe der Jahrhunderte von Glasmachermeistern wegen der Gnaden, die die Madonna w\u00e4hrend der schwierigen Glasmacherarbeiten verlieh, weithin verehrt und versch\u00f6nert.<\/p>\n<p>\u00dcber die Treppe neben der Kirche der Madonna della Crocetta erreichen Sie den <strong>mittelalterlichen Brunnen<\/strong>, der zwischen dem 12. und 13. Jahrhundert erbaut wurde; dort k\u00f6nnen Sie sich Gruppen an Frauen vorstellen, die hierher kamen, um die W\u00e4sche der ganzen Familie zu reinigen, oder Tiere, die hier stehenblieben und nach langen Tagen auf den Feldern in den gr\u00fcnen H\u00fcgel Piegaros ihren Durst stillten. Das Herz des historischen Zentrums von Piegaro wird Sie nicht zuletzt durch eines der elegantesten und bedeutendsten Bauwerke des Ortes in Erstaunen versetzen \u2013 der <strong>Palazzo Misciattelli-Pallavicini<\/strong>, der fr\u00fcher als <strong>Rathaus <\/strong>diente und heute zu einer wertvollen historischen Residenz wurde. Seine Errichtung erfolgte im 18. Jahrhundert und der Palazzo war im Besitz der Familie <em>Pallavicini<\/em>, die auch den renommierten Glasbetrieb <em>Vetrerie piegaresi <\/em>f\u00fchrte.<\/p>\n<p>Au\u00dferhalb des historischen Zentrums, unweit vom Castello di Cibottola, auf den wunderbaren gr\u00fcnen H\u00fcgeln von Piegaro stehen die Ruinen eines alten wunderbaren und faszinierenden Bauwerks, des <strong>Franziskanerkloserts San Bartolomeo.<\/strong> An diesem von der Natur umgebenen Ort mit einem im typisch franziskanischen Stil gehaltenen Bauwerk verbrachten die Heiligen <em>Franziskus <\/em>und <em>Antonius aus Padua <\/em>gemeinsam mit anderen bedeutenden Religi\u00f6sen sowie mit verschiedenen Orden ihre Zeit. Sie werden von der Besichtigung des Klosters begeistert sein und noch heute die einsame Spiritualit\u00e4t der Vergangenheit versp\u00fcren.<\/p>\n","protected":false},"excerpt":{"rendered":"<p>Entdecken Sie, was Sie in Piegaro sehen koennen\u00a0 Der Ort Piegaro hat auch viele wunderbare Sch\u00e4tze zu bieten, die aufgrund ihrer Sch\u00f6nheit gerne bestaunt werden. Orte, die Sie bis zu den Urspr\u00fcngen des Ortes zur\u00fcckversetzen. Das imposante Schloss Castello di Cibottola wird Sie beeindrucken. Es ragt auf einer Anh\u00f6he empor und steht \u00fcber dem Tal [&hellip;]<\/p>\n","protected":false},"author":4,"featured_media":34751,"parent":3271,"menu_order":0,"comment_status":"closed","ping_status":"closed","template":"","meta":{"om_disable_all_campaigns":false,"_monsterinsights_skip_tracking":false,"_monsterinsights_sitenote_active":false,"_monsterinsights_sitenote_note":"","_monsterinsights_sitenote_category":0},"acf":[],"yoast_head":"<!-- This site is optimized with the Yoast SEO plugin v18.4.1 - https:\/\/yoast.com\/wordpress\/plugins\/seo\/ -->\n<title>Was Sie sehen sollen in piegaro - Exploring Umbria<\/title>\n<meta name=\"description\" content=\"Entdecken Sie, was Sie in Piegaro sehen koennen\u00a0 Der Ort Piegaro hat auch viele wunderbare Sch\u00e4tze zu bieten, die aufgrund ihrer Sch\u00f6nheit gerne bestaunt\" \/>\n<meta name=\"robots\" content=\"index, follow, max-snippet:-1, max-image-preview:large, max-video-preview:-1\" \/>\n<link rel=\"canonical\" href=\"https:\/\/www.exploring-umbria.com\/de\/borghi-in-umbria-tanti-piccoli-gioielli-nascosti\/was-sie-sehen-sollen-in-piegaro\/\" \/>\n<meta property=\"og:locale\" content=\"de_DE\" \/>\n<meta property=\"og:type\" content=\"article\" \/>\n<meta property=\"og:title\" content=\"Was Sie sehen sollen in piegaro - Exploring Umbria\" \/>\n<meta property=\"og:description\" content=\"Entdecken Sie, was Sie in Piegaro sehen koennen\u00a0 Der Ort Piegaro hat auch viele wunderbare Sch\u00e4tze zu bieten, die aufgrund ihrer Sch\u00f6nheit gerne bestaunt\" \/>\n<meta property=\"og:url\" content=\"https:\/\/www.exploring-umbria.com\/de\/borghi-in-umbria-tanti-piccoli-gioielli-nascosti\/was-sie-sehen-sollen-in-piegaro\/\" \/>\n<meta property=\"og:site_name\" content=\"Exploring Umbria\" \/>\n<meta property=\"article:publisher\" content=\"https:\/\/www.facebook.com\/exploringumbria\/\" \/>\n<meta property=\"article:modified_time\" content=\"2020-08-07T14:54:47+00:00\" \/>\n<meta property=\"og:image\" content=\"https:\/\/www.exploring-umbria.com\/wp-content\/uploads\/2020\/04\/WhatsApp-Image-2020-04-28-at-09.02.36.jpeg\" \/>\n\t<meta property=\"og:image:width\" content=\"1200\" \/>\n\t<meta property=\"og:image:height\" content=\"1600\" \/>\n\t<meta property=\"og:image:type\" content=\"image\/jpeg\" \/>\n<meta name=\"twitter:card\" content=\"summary_large_image\" \/>\n<meta name=\"twitter:label1\" content=\"Gesch\u00e4tzte Lesezeit\" \/>\n\t<meta name=\"twitter:data1\" content=\"3\u00a0Minuten\" \/>\n<script type=\"application\/ld+json\" class=\"yoast-schema-graph\">{\"@context\":\"https:\/\/schema.org\",\"@graph\":[{\"@type\":\"Organization\",\"@id\":\"https:\/\/www.exploring-umbria.com\/de\/#organization\",\"name\":\"Exploring Umbria\",\"url\":\"https:\/\/www.exploring-umbria.com\/de\/\",\"sameAs\":[\"https:\/\/www.facebook.com\/exploringumbria\/\",\"https:\/\/www.instagram.com\/exploringumbria\/\"],\"logo\":{\"@type\":\"ImageObject\",\"@id\":\"https:\/\/www.exploring-umbria.com\/de\/#logo\",\"inLanguage\":\"de\",\"url\":\"https:\/\/www.exploring-umbria.com\/wp-content\/uploads\/2019\/08\/solo-logo-verde.jpg\",\"contentUrl\":\"https:\/\/www.exploring-umbria.com\/wp-content\/uploads\/2019\/08\/solo-logo-verde.jpg\",\"width\":952,\"height\":532,\"caption\":\"Exploring Umbria\"},\"image\":{\"@id\":\"https:\/\/www.exploring-umbria.com\/de\/#logo\"}},{\"@type\":\"WebSite\",\"@id\":\"https:\/\/www.exploring-umbria.com\/de\/#website\",\"url\":\"https:\/\/www.exploring-umbria.com\/de\/\",\"name\":\"Exploring Umbria\",\"description\":\"your dates, your mood, your trip\",\"publisher\":{\"@id\":\"https:\/\/www.exploring-umbria.com\/de\/#organization\"},\"potentialAction\":[{\"@type\":\"SearchAction\",\"target\":{\"@type\":\"EntryPoint\",\"urlTemplate\":\"https:\/\/www.exploring-umbria.com\/de\/?s={search_term_string}\"},\"query-input\":\"required name=search_term_string\"}],\"inLanguage\":\"de\"},{\"@type\":\"ImageObject\",\"@id\":\"https:\/\/www.exploring-umbria.com\/de\/borghi-in-umbria-tanti-piccoli-gioielli-nascosti\/was-sie-sehen-sollen-in-piegaro\/#primaryimage\",\"inLanguage\":\"de\",\"url\":\"https:\/\/www.exploring-umbria.com\/wp-content\/uploads\/2020\/04\/WhatsApp-Image-2020-04-28-at-09.02.36.jpeg\",\"contentUrl\":\"https:\/\/www.exploring-umbria.com\/wp-content\/uploads\/2020\/04\/WhatsApp-Image-2020-04-28-at-09.02.36.jpeg\",\"width\":1200,\"height\":1600,\"caption\":\"\u00a9 La Lori ph.\"},{\"@type\":\"WebPage\",\"@id\":\"https:\/\/www.exploring-umbria.com\/de\/borghi-in-umbria-tanti-piccoli-gioielli-nascosti\/was-sie-sehen-sollen-in-piegaro\/#webpage\",\"url\":\"https:\/\/www.exploring-umbria.com\/de\/borghi-in-umbria-tanti-piccoli-gioielli-nascosti\/was-sie-sehen-sollen-in-piegaro\/\",\"name\":\"Was Sie sehen sollen in piegaro - Exploring Umbria\",\"isPartOf\":{\"@id\":\"https:\/\/www.exploring-umbria.com\/de\/#website\"},\"primaryImageOfPage\":{\"@id\":\"https:\/\/www.exploring-umbria.com\/de\/borghi-in-umbria-tanti-piccoli-gioielli-nascosti\/was-sie-sehen-sollen-in-piegaro\/#primaryimage\"},\"datePublished\":\"2019-08-09T15:29:34+00:00\",\"dateModified\":\"2020-08-07T14:54:47+00:00\",\"description\":\"Entdecken Sie, was Sie in Piegaro sehen koennen\u00a0 Der Ort Piegaro hat auch viele wunderbare Sch\u00e4tze zu bieten, die aufgrund ihrer Sch\u00f6nheit gerne bestaunt\",\"breadcrumb\":{\"@id\":\"https:\/\/www.exploring-umbria.com\/de\/borghi-in-umbria-tanti-piccoli-gioielli-nascosti\/was-sie-sehen-sollen-in-piegaro\/#breadcrumb\"},\"inLanguage\":\"de\",\"potentialAction\":[{\"@type\":\"ReadAction\",\"target\":[\"https:\/\/www.exploring-umbria.com\/de\/borghi-in-umbria-tanti-piccoli-gioielli-nascosti\/was-sie-sehen-sollen-in-piegaro\/\"]}]},{\"@type\":\"BreadcrumbList\",\"@id\":\"https:\/\/www.exploring-umbria.com\/de\/borghi-in-umbria-tanti-piccoli-gioielli-nascosti\/was-sie-sehen-sollen-in-piegaro\/#breadcrumb\",\"itemListElement\":[{\"@type\":\"ListItem\",\"position\":1,\"name\":\"Home\",\"item\":\"https:\/\/www.exploring-umbria.com\/de\/\"},{\"@type\":\"ListItem\",\"position\":2,\"name\":\"Borghi in Umbria: tanti piccoli gioielli nascosti\",\"item\":\"https:\/\/www.exploring-umbria.com\/de\/borghi-in-umbria-tanti-piccoli-gioielli-nascosti\/\"},{\"@type\":\"ListItem\",\"position\":3,\"name\":\"Was Sie sehen sollen in piegaro\"}]}]}<\/script>\n<!-- \/ Yoast SEO plugin. -->","yoast_head_json":{"title":"Was Sie sehen sollen in piegaro - Exploring Umbria","description":"Entdecken Sie, was Sie in Piegaro sehen koennen\u00a0 Der Ort Piegaro hat auch viele wunderbare Sch\u00e4tze zu bieten, die aufgrund ihrer Sch\u00f6nheit gerne bestaunt","robots":{"index":"index","follow":"follow","max-snippet":"max-snippet:-1","max-image-preview":"max-image-preview:large","max-video-preview":"max-video-preview:-1"},"canonical":"https:\/\/www.exploring-umbria.com\/de\/borghi-in-umbria-tanti-piccoli-gioielli-nascosti\/was-sie-sehen-sollen-in-piegaro\/","og_locale":"de_DE","og_type":"article","og_title":"Was Sie sehen sollen in piegaro - Exploring Umbria","og_description":"Entdecken Sie, was Sie in Piegaro sehen koennen\u00a0 Der Ort Piegaro hat auch viele wunderbare Sch\u00e4tze zu bieten, die aufgrund ihrer Sch\u00f6nheit gerne bestaunt","og_url":"https:\/\/www.exploring-umbria.com\/de\/borghi-in-umbria-tanti-piccoli-gioielli-nascosti\/was-sie-sehen-sollen-in-piegaro\/","og_site_name":"Exploring Umbria","article_publisher":"https:\/\/www.facebook.com\/exploringumbria\/","article_modified_time":"2020-08-07T14:54:47+00:00","og_image":[{"width":1200,"height":1600,"url":"https:\/\/www.exploring-umbria.com\/wp-content\/uploads\/2020\/04\/WhatsApp-Image-2020-04-28-at-09.02.36.jpeg","type":"image\/jpeg"}],"twitter_card":"summary_large_image","twitter_misc":{"Gesch\u00e4tzte Lesezeit":"3\u00a0Minuten"},"schema":{"@context":"https:\/\/schema.org","@graph":[{"@type":"Organization","@id":"https:\/\/www.exploring-umbria.com\/de\/#organization","name":"Exploring Umbria","url":"https:\/\/www.exploring-umbria.com\/de\/","sameAs":["https:\/\/www.facebook.com\/exploringumbria\/","https:\/\/www.instagram.com\/exploringumbria\/"],"logo":{"@type":"ImageObject","@id":"https:\/\/www.exploring-umbria.com\/de\/#logo","inLanguage":"de","url":"https:\/\/www.exploring-umbria.com\/wp-content\/uploads\/2019\/08\/solo-logo-verde.jpg","contentUrl":"https:\/\/www.exploring-umbria.com\/wp-content\/uploads\/2019\/08\/solo-logo-verde.jpg","width":952,"height":532,"caption":"Exploring Umbria"},"image":{"@id":"https:\/\/www.exploring-umbria.com\/de\/#logo"}},{"@type":"WebSite","@id":"https:\/\/www.exploring-umbria.com\/de\/#website","url":"https:\/\/www.exploring-umbria.com\/de\/","name":"Exploring Umbria","description":"your dates, your mood, your trip","publisher":{"@id":"https:\/\/www.exploring-umbria.com\/de\/#organization"},"potentialAction":[{"@type":"SearchAction","target":{"@type":"EntryPoint","urlTemplate":"https:\/\/www.exploring-umbria.com\/de\/?s={search_term_string}"},"query-input":"required name=search_term_string"}],"inLanguage":"de"},{"@type":"ImageObject","@id":"https:\/\/www.exploring-umbria.com\/de\/borghi-in-umbria-tanti-piccoli-gioielli-nascosti\/was-sie-sehen-sollen-in-piegaro\/#primaryimage","inLanguage":"de","url":"https:\/\/www.exploring-umbria.com\/wp-content\/uploads\/2020\/04\/WhatsApp-Image-2020-04-28-at-09.02.36.jpeg","contentUrl":"https:\/\/www.exploring-umbria.com\/wp-content\/uploads\/2020\/04\/WhatsApp-Image-2020-04-28-at-09.02.36.jpeg","width":1200,"height":1600,"caption":"\u00a9 La Lori ph."},{"@type":"WebPage","@id":"https:\/\/www.exploring-umbria.com\/de\/borghi-in-umbria-tanti-piccoli-gioielli-nascosti\/was-sie-sehen-sollen-in-piegaro\/#webpage","url":"https:\/\/www.exploring-umbria.com\/de\/borghi-in-umbria-tanti-piccoli-gioielli-nascosti\/was-sie-sehen-sollen-in-piegaro\/","name":"Was Sie sehen sollen in piegaro - Exploring Umbria","isPartOf":{"@id":"https:\/\/www.exploring-umbria.com\/de\/#website"},"primaryImageOfPage":{"@id":"https:\/\/www.exploring-umbria.com\/de\/borghi-in-umbria-tanti-piccoli-gioielli-nascosti\/was-sie-sehen-sollen-in-piegaro\/#primaryimage"},"datePublished":"2019-08-09T15:29:34+00:00","dateModified":"2020-08-07T14:54:47+00:00","description":"Entdecken Sie, was Sie in Piegaro sehen koennen\u00a0 Der Ort Piegaro hat auch viele wunderbare Sch\u00e4tze zu bieten, die aufgrund ihrer Sch\u00f6nheit gerne bestaunt","breadcrumb":{"@id":"https:\/\/www.exploring-umbria.com\/de\/borghi-in-umbria-tanti-piccoli-gioielli-nascosti\/was-sie-sehen-sollen-in-piegaro\/#breadcrumb"},"inLanguage":"de","potentialAction":[{"@type":"ReadAction","target":["https:\/\/www.exploring-umbria.com\/de\/borghi-in-umbria-tanti-piccoli-gioielli-nascosti\/was-sie-sehen-sollen-in-piegaro\/"]}]},{"@type":"BreadcrumbList","@id":"https:\/\/www.exploring-umbria.com\/de\/borghi-in-umbria-tanti-piccoli-gioielli-nascosti\/was-sie-sehen-sollen-in-piegaro\/#breadcrumb","itemListElement":[{"@type":"ListItem","position":1,"name":"Home","item":"https:\/\/www.exploring-umbria.com\/de\/"},{"@type":"ListItem","position":2,"name":"Borghi in Umbria: tanti piccoli gioielli nascosti","item":"https:\/\/www.exploring-umbria.com\/de\/borghi-in-umbria-tanti-piccoli-gioielli-nascosti\/"},{"@type":"ListItem","position":3,"name":"Was Sie sehen sollen in piegaro"}]}]}},"_links":{"self":[{"href":"https:\/\/www.exploring-umbria.com\/de\/wp-json\/wp\/v2\/pages\/39310"}],"collection":[{"href":"https:\/\/www.exploring-umbria.com\/de\/wp-json\/wp\/v2\/pages"}],"about":[{"href":"https:\/\/www.exploring-umbria.com\/de\/wp-json\/wp\/v2\/types\/page"}],"author":[{"embeddable":true,"href":"https:\/\/www.exploring-umbria.com\/de\/wp-json\/wp\/v2\/users\/4"}],"replies":[{"embeddable":true,"href":"https:\/\/www.exploring-umbria.com\/de\/wp-json\/wp\/v2\/comments?post=39310"}],"version-history":[{"count":3,"href":"https:\/\/www.exploring-umbria.com\/de\/wp-json\/wp\/v2\/pages\/39310\/revisions"}],"predecessor-version":[{"id":39345,"href":"https:\/\/www.exploring-umbria.com\/de\/wp-json\/wp\/v2\/pages\/39310\/revisions\/39345"}],"up":[{"embeddable":true,"href":"https:\/\/www.exploring-umbria.com\/de\/wp-json\/wp\/v2\/pages\/3271"}],"wp:featuredmedia":[{"embeddable":true,"href":"https:\/\/www.exploring-umbria.com\/de\/wp-json\/wp\/v2\/media\/34751"}],"wp:attachment":[{"href":"https:\/\/www.exploring-umbria.com\/de\/wp-json\/wp\/v2\/media?parent=39310"}],"curies":[{"name":"wp","href":"https:\/\/api.w.org\/{rel}","templated":true}]}}