{"id":39166,"date":"2019-04-13T16:09:28","date_gmt":"2019-04-13T14:09:28","guid":{"rendered":"https:\/\/www.exploring-umbria.com\/borghi-in-umbria-tanti-piccoli-gioielli-nascosti\/was-sie-sehen-sollen-in-trevi\/complesso-di-san-francesco-a-trevi\/"},"modified":"2020-08-06T16:47:37","modified_gmt":"2020-08-06T14:47:37","slug":"komplex-san-francesco-in-trevi","status":"publish","type":"page","link":"https:\/\/www.exploring-umbria.com\/de\/borghi-in-umbria-tanti-piccoli-gioielli-nascosti\/was-sie-sehen-sollen-in-trevi\/komplex-san-francesco-in-trevi\/","title":{"rendered":"Komplex San Francesco in Trevi"},"content":{"rendered":"<p><strong>Der Komplex San Francesco <\/strong>in Trevi, bestehend aus der Kirche und aus dem angrenzenden ehemaligen Kloster, befindet sich an einem Ort, an dem der hl. Franziskus der Legende nach Predigte und zu einem kr\u00e4chzenden Esel sprach, wodurch er ihn zum Schweigen brachte. Die Kirche wurde oberhalb eines alten Geb\u00e4udes aus dem Jahr 1268 errichtet und der Madonna gewidmet; im 14. Jahrhundert wurde sie erweitert und ein Jahrhundert sp\u00e4ter renoviert. Die Architektur ist einfach und schlicht, ganz nach dem Vorbild der bettelnden Orden: ein Hauptschiff mit einer \u00dcberdachung aus Holz, eine zentrale, f\u00fcnfeckige Apsis und zwei Kapellen mit rechteckigem Grundriss an den Seiten.<\/p>\n<p>Im Inneren befinden sich Fresken aus dem 15. und 16. Jahrhundert und ein sch\u00f6nes Kreuz aus der ersten H\u00e4lfte des 14. Jahrhunderts. Die <strong>Orgel<\/strong> ist ein wertvolles Objekt, das in der Kirche erhalten geblieben ist: 1504 von <em>Paolo Pietro di Paolo<\/em> aus Montefalco errichtet, ist sie das \u00e4lteste Exemplar Umbriens und eines der \u00e4ltesten in Europa, das von der Bauart erhalten geblieben ist, die in der Renaissance als &#8222;Wandorgel&#8220; bezeichnet wurde.<\/p>\n<p>Das Kloster wurde von den Minoritenbr\u00fcdern gegr\u00fcndet, die zu einem Teil von Trevi wurden. Tats\u00e4chlich wurden ihnen die drei Schl\u00fcssel des wertvollen historischen Archivs der Stadt, das sogenannte &#8222;Archiv der drei Schl\u00fcssel&#8220;, anvertraut. Das Kloster umschlie\u00dft den sch\u00f6nen Kreuzgang, der aus dem Portikus besteht, dessen L\u00fcnetten mit Fresken aus dem Leben des Heiligen Franziskus von Bernardino Gagliardi aus Citt\u00e0 di Castello bemalt sind, der sie um 1645 malte. Im siebzehnten Jahrhundert wurde das Geb\u00e4ude vom Fundamenten ausgehend neu aufgebaut, w\u00e4hrend es 1833 vom ber\u00fchmten Architekten <em>Giuseppe Valadier<\/em> renoviert wurde. So eignete es sich auch f\u00fcr die Unterbringung der Hochschule Lucarini, einer angesehenen Institution, die zwei Jahrhunderte zuvor von <em>Virgilio Lucarini<\/em>, einem Mitglied einer wohlhabenden Familie aus Treviso, gegr\u00fcndet wurde.<\/p>\n<p>Heute wurde im ehemaligen Kloster das Museum San Francesco eingerichtet, das nach Renovierungsarbeiten 1996 er\u00f6ffnet wurde. Urspr\u00fcnglich befanden sich hier das Museum der Stadt, der Region und eine Gem\u00e4ldegalerie, w\u00e4hrend drei Jahre sp\u00e4ter das Museum des Olivenanbaus Einzug hielt. Im Jahr 2006 wurde der Komplex um das Antiquarium erweitert und vervollst\u00e4ndigt. Im Inneren der Gem\u00e4ldegalerie befinden sich herausragende Kunstwerke aus dem Mittelalter und der Renaissance, darunter <strong>die Kr\u00f6nung der Jungfrau<\/strong> von <em>Giovanni di Pietro<\/em>, genannt <em>Spagna<\/em>, eine <strong>Madonna mit Kind<\/strong> von <em>Pinturicchio<\/em> und ein Altarbild mit der <strong>Himmelfahrt der Jungfrau<\/strong> aus dem Jahr 1640 von <em>Alessandro Turchi<\/em>, genannt <em>Orbetto<\/em>. Das arch\u00e4ologische Museum beinhaltet hingegen Ausgrabungsmaterialien, die in der Ortschaft Pietrarossa gefunden wurden. An diesem Ort befand sich die fr\u00fchere Trebiae romana.<\/p>\n","protected":false},"excerpt":{"rendered":"<p>Der Komplex San Francesco in Trevi, bestehend aus der Kirche und aus dem angrenzenden ehemaligen Kloster, befindet sich an einem Ort, an dem der hl. Franziskus der Legende nach Predigte und zu einem kr\u00e4chzenden Esel sprach, wodurch er ihn zum Schweigen brachte. Die Kirche wurde oberhalb eines alten Geb\u00e4udes aus dem Jahr 1268 errichtet und [&hellip;]<\/p>\n","protected":false},"author":4,"featured_media":0,"parent":39141,"menu_order":1,"comment_status":"closed","ping_status":"closed","template":"","meta":{"om_disable_all_campaigns":false,"_monsterinsights_skip_tracking":false,"_monsterinsights_sitenote_active":false,"_monsterinsights_sitenote_note":"","_monsterinsights_sitenote_category":0},"acf":[],"yoast_head":"<!-- This site is optimized with the Yoast SEO plugin v18.4.1 - https:\/\/yoast.com\/wordpress\/plugins\/seo\/ -->\n<title>Komplex San Francesco in Trevi - Exploring Umbria<\/title>\n<meta name=\"description\" content=\"Der Komplex San Francesco in Trevi, bestehend aus der Kirche und aus dem angrenzenden ehemaligen Kloster, befindet sich an einem Ort, an dem der hl.\" \/>\n<meta name=\"robots\" content=\"index, follow, max-snippet:-1, max-image-preview:large, max-video-preview:-1\" \/>\n<link rel=\"canonical\" href=\"https:\/\/www.exploring-umbria.com\/de\/borghi-in-umbria-tanti-piccoli-gioielli-nascosti\/was-sie-sehen-sollen-in-trevi\/komplex-san-francesco-in-trevi\/\" \/>\n<meta property=\"og:locale\" content=\"de_DE\" \/>\n<meta property=\"og:type\" content=\"article\" \/>\n<meta property=\"og:title\" content=\"Komplex San Francesco in Trevi - Exploring Umbria\" \/>\n<meta property=\"og:description\" content=\"Der Komplex San Francesco in Trevi, bestehend aus der Kirche und aus dem angrenzenden ehemaligen Kloster, befindet sich an einem Ort, an dem der hl.\" \/>\n<meta property=\"og:url\" content=\"https:\/\/www.exploring-umbria.com\/de\/borghi-in-umbria-tanti-piccoli-gioielli-nascosti\/was-sie-sehen-sollen-in-trevi\/komplex-san-francesco-in-trevi\/\" \/>\n<meta property=\"og:site_name\" content=\"Exploring Umbria\" \/>\n<meta property=\"article:publisher\" content=\"https:\/\/www.facebook.com\/exploringumbria\/\" \/>\n<meta property=\"article:modified_time\" content=\"2020-08-06T14:47:37+00:00\" \/>\n<meta name=\"twitter:card\" content=\"summary_large_image\" \/>\n<meta name=\"twitter:label1\" content=\"Gesch\u00e4tzte Lesezeit\" \/>\n\t<meta name=\"twitter:data1\" content=\"2\u00a0Minuten\" \/>\n<script type=\"application\/ld+json\" class=\"yoast-schema-graph\">{\"@context\":\"https:\/\/schema.org\",\"@graph\":[{\"@type\":\"Organization\",\"@id\":\"https:\/\/www.exploring-umbria.com\/de\/#organization\",\"name\":\"Exploring Umbria\",\"url\":\"https:\/\/www.exploring-umbria.com\/de\/\",\"sameAs\":[\"https:\/\/www.facebook.com\/exploringumbria\/\",\"https:\/\/www.instagram.com\/exploringumbria\/\"],\"logo\":{\"@type\":\"ImageObject\",\"@id\":\"https:\/\/www.exploring-umbria.com\/de\/#logo\",\"inLanguage\":\"de\",\"url\":\"https:\/\/www.exploring-umbria.com\/wp-content\/uploads\/2019\/08\/solo-logo-verde.jpg\",\"contentUrl\":\"https:\/\/www.exploring-umbria.com\/wp-content\/uploads\/2019\/08\/solo-logo-verde.jpg\",\"width\":952,\"height\":532,\"caption\":\"Exploring Umbria\"},\"image\":{\"@id\":\"https:\/\/www.exploring-umbria.com\/de\/#logo\"}},{\"@type\":\"WebSite\",\"@id\":\"https:\/\/www.exploring-umbria.com\/de\/#website\",\"url\":\"https:\/\/www.exploring-umbria.com\/de\/\",\"name\":\"Exploring Umbria\",\"description\":\"your dates, your mood, your trip\",\"publisher\":{\"@id\":\"https:\/\/www.exploring-umbria.com\/de\/#organization\"},\"potentialAction\":[{\"@type\":\"SearchAction\",\"target\":{\"@type\":\"EntryPoint\",\"urlTemplate\":\"https:\/\/www.exploring-umbria.com\/de\/?s={search_term_string}\"},\"query-input\":\"required name=search_term_string\"}],\"inLanguage\":\"de\"},{\"@type\":\"WebPage\",\"@id\":\"https:\/\/www.exploring-umbria.com\/de\/borghi-in-umbria-tanti-piccoli-gioielli-nascosti\/was-sie-sehen-sollen-in-trevi\/komplex-san-francesco-in-trevi\/#webpage\",\"url\":\"https:\/\/www.exploring-umbria.com\/de\/borghi-in-umbria-tanti-piccoli-gioielli-nascosti\/was-sie-sehen-sollen-in-trevi\/komplex-san-francesco-in-trevi\/\",\"name\":\"Komplex San Francesco in Trevi - Exploring Umbria\",\"isPartOf\":{\"@id\":\"https:\/\/www.exploring-umbria.com\/de\/#website\"},\"datePublished\":\"2019-04-13T14:09:28+00:00\",\"dateModified\":\"2020-08-06T14:47:37+00:00\",\"description\":\"Der Komplex San Francesco in Trevi, bestehend aus der Kirche und aus dem angrenzenden ehemaligen Kloster, befindet sich an einem Ort, an dem der hl.\",\"breadcrumb\":{\"@id\":\"https:\/\/www.exploring-umbria.com\/de\/borghi-in-umbria-tanti-piccoli-gioielli-nascosti\/was-sie-sehen-sollen-in-trevi\/komplex-san-francesco-in-trevi\/#breadcrumb\"},\"inLanguage\":\"de\",\"potentialAction\":[{\"@type\":\"ReadAction\",\"target\":[\"https:\/\/www.exploring-umbria.com\/de\/borghi-in-umbria-tanti-piccoli-gioielli-nascosti\/was-sie-sehen-sollen-in-trevi\/komplex-san-francesco-in-trevi\/\"]}]},{\"@type\":\"BreadcrumbList\",\"@id\":\"https:\/\/www.exploring-umbria.com\/de\/borghi-in-umbria-tanti-piccoli-gioielli-nascosti\/was-sie-sehen-sollen-in-trevi\/komplex-san-francesco-in-trevi\/#breadcrumb\",\"itemListElement\":[{\"@type\":\"ListItem\",\"position\":1,\"name\":\"Home\",\"item\":\"https:\/\/www.exploring-umbria.com\/de\/\"},{\"@type\":\"ListItem\",\"position\":2,\"name\":\"Borghi in Umbria: tanti piccoli gioielli nascosti\",\"item\":\"https:\/\/www.exploring-umbria.com\/de\/borghi-in-umbria-tanti-piccoli-gioielli-nascosti\/\"},{\"@type\":\"ListItem\",\"position\":3,\"name\":\"Was Sie sehen sollen in Trevi\",\"item\":\"https:\/\/www.exploring-umbria.com\/de\/borghi-in-umbria-tanti-piccoli-gioielli-nascosti\/was-sie-sehen-sollen-in-trevi\/\"},{\"@type\":\"ListItem\",\"position\":4,\"name\":\"Komplex San Francesco in Trevi\"}]}]}<\/script>\n<!-- \/ Yoast SEO plugin. -->","yoast_head_json":{"title":"Komplex San Francesco in Trevi - Exploring Umbria","description":"Der Komplex San Francesco in Trevi, bestehend aus der Kirche und aus dem angrenzenden ehemaligen Kloster, befindet sich an einem Ort, an dem der hl.","robots":{"index":"index","follow":"follow","max-snippet":"max-snippet:-1","max-image-preview":"max-image-preview:large","max-video-preview":"max-video-preview:-1"},"canonical":"https:\/\/www.exploring-umbria.com\/de\/borghi-in-umbria-tanti-piccoli-gioielli-nascosti\/was-sie-sehen-sollen-in-trevi\/komplex-san-francesco-in-trevi\/","og_locale":"de_DE","og_type":"article","og_title":"Komplex San Francesco in Trevi - Exploring Umbria","og_description":"Der Komplex San Francesco in Trevi, bestehend aus der Kirche und aus dem angrenzenden ehemaligen Kloster, befindet sich an einem Ort, an dem der hl.","og_url":"https:\/\/www.exploring-umbria.com\/de\/borghi-in-umbria-tanti-piccoli-gioielli-nascosti\/was-sie-sehen-sollen-in-trevi\/komplex-san-francesco-in-trevi\/","og_site_name":"Exploring Umbria","article_publisher":"https:\/\/www.facebook.com\/exploringumbria\/","article_modified_time":"2020-08-06T14:47:37+00:00","twitter_card":"summary_large_image","twitter_misc":{"Gesch\u00e4tzte Lesezeit":"2\u00a0Minuten"},"schema":{"@context":"https:\/\/schema.org","@graph":[{"@type":"Organization","@id":"https:\/\/www.exploring-umbria.com\/de\/#organization","name":"Exploring Umbria","url":"https:\/\/www.exploring-umbria.com\/de\/","sameAs":["https:\/\/www.facebook.com\/exploringumbria\/","https:\/\/www.instagram.com\/exploringumbria\/"],"logo":{"@type":"ImageObject","@id":"https:\/\/www.exploring-umbria.com\/de\/#logo","inLanguage":"de","url":"https:\/\/www.exploring-umbria.com\/wp-content\/uploads\/2019\/08\/solo-logo-verde.jpg","contentUrl":"https:\/\/www.exploring-umbria.com\/wp-content\/uploads\/2019\/08\/solo-logo-verde.jpg","width":952,"height":532,"caption":"Exploring Umbria"},"image":{"@id":"https:\/\/www.exploring-umbria.com\/de\/#logo"}},{"@type":"WebSite","@id":"https:\/\/www.exploring-umbria.com\/de\/#website","url":"https:\/\/www.exploring-umbria.com\/de\/","name":"Exploring Umbria","description":"your dates, your mood, your trip","publisher":{"@id":"https:\/\/www.exploring-umbria.com\/de\/#organization"},"potentialAction":[{"@type":"SearchAction","target":{"@type":"EntryPoint","urlTemplate":"https:\/\/www.exploring-umbria.com\/de\/?s={search_term_string}"},"query-input":"required name=search_term_string"}],"inLanguage":"de"},{"@type":"WebPage","@id":"https:\/\/www.exploring-umbria.com\/de\/borghi-in-umbria-tanti-piccoli-gioielli-nascosti\/was-sie-sehen-sollen-in-trevi\/komplex-san-francesco-in-trevi\/#webpage","url":"https:\/\/www.exploring-umbria.com\/de\/borghi-in-umbria-tanti-piccoli-gioielli-nascosti\/was-sie-sehen-sollen-in-trevi\/komplex-san-francesco-in-trevi\/","name":"Komplex San Francesco in Trevi - Exploring Umbria","isPartOf":{"@id":"https:\/\/www.exploring-umbria.com\/de\/#website"},"datePublished":"2019-04-13T14:09:28+00:00","dateModified":"2020-08-06T14:47:37+00:00","description":"Der Komplex San Francesco in Trevi, bestehend aus der Kirche und aus dem angrenzenden ehemaligen Kloster, befindet sich an einem Ort, an dem der hl.","breadcrumb":{"@id":"https:\/\/www.exploring-umbria.com\/de\/borghi-in-umbria-tanti-piccoli-gioielli-nascosti\/was-sie-sehen-sollen-in-trevi\/komplex-san-francesco-in-trevi\/#breadcrumb"},"inLanguage":"de","potentialAction":[{"@type":"ReadAction","target":["https:\/\/www.exploring-umbria.com\/de\/borghi-in-umbria-tanti-piccoli-gioielli-nascosti\/was-sie-sehen-sollen-in-trevi\/komplex-san-francesco-in-trevi\/"]}]},{"@type":"BreadcrumbList","@id":"https:\/\/www.exploring-umbria.com\/de\/borghi-in-umbria-tanti-piccoli-gioielli-nascosti\/was-sie-sehen-sollen-in-trevi\/komplex-san-francesco-in-trevi\/#breadcrumb","itemListElement":[{"@type":"ListItem","position":1,"name":"Home","item":"https:\/\/www.exploring-umbria.com\/de\/"},{"@type":"ListItem","position":2,"name":"Borghi in Umbria: tanti piccoli gioielli nascosti","item":"https:\/\/www.exploring-umbria.com\/de\/borghi-in-umbria-tanti-piccoli-gioielli-nascosti\/"},{"@type":"ListItem","position":3,"name":"Was Sie sehen sollen in Trevi","item":"https:\/\/www.exploring-umbria.com\/de\/borghi-in-umbria-tanti-piccoli-gioielli-nascosti\/was-sie-sehen-sollen-in-trevi\/"},{"@type":"ListItem","position":4,"name":"Komplex San Francesco in Trevi"}]}]}},"_links":{"self":[{"href":"https:\/\/www.exploring-umbria.com\/de\/wp-json\/wp\/v2\/pages\/39166"}],"collection":[{"href":"https:\/\/www.exploring-umbria.com\/de\/wp-json\/wp\/v2\/pages"}],"about":[{"href":"https:\/\/www.exploring-umbria.com\/de\/wp-json\/wp\/v2\/types\/page"}],"author":[{"embeddable":true,"href":"https:\/\/www.exploring-umbria.com\/de\/wp-json\/wp\/v2\/users\/4"}],"replies":[{"embeddable":true,"href":"https:\/\/www.exploring-umbria.com\/de\/wp-json\/wp\/v2\/comments?post=39166"}],"version-history":[{"count":2,"href":"https:\/\/www.exploring-umbria.com\/de\/wp-json\/wp\/v2\/pages\/39166\/revisions"}],"predecessor-version":[{"id":39169,"href":"https:\/\/www.exploring-umbria.com\/de\/wp-json\/wp\/v2\/pages\/39166\/revisions\/39169"}],"up":[{"embeddable":true,"href":"https:\/\/www.exploring-umbria.com\/de\/wp-json\/wp\/v2\/pages\/39141"}],"wp:attachment":[{"href":"https:\/\/www.exploring-umbria.com\/de\/wp-json\/wp\/v2\/media?parent=39166"}],"curies":[{"name":"wp","href":"https:\/\/api.w.org\/{rel}","templated":true}]}}