{"id":39158,"date":"2019-04-13T16:27:54","date_gmt":"2019-04-13T14:27:54","guid":{"rendered":"https:\/\/www.exploring-umbria.com\/borghi-in-umbria-tanti-piccoli-gioielli-nascosti\/was-sie-sehen-sollen-in-trevi\/palazzo-valenti\/"},"modified":"2020-08-06T15:48:10","modified_gmt":"2020-08-06T13:48:10","slug":"palazzo-valenti-in-trevi","status":"publish","type":"page","link":"https:\/\/www.exploring-umbria.com\/de\/borghi-in-umbria-tanti-piccoli-gioielli-nascosti\/was-sie-sehen-sollen-in-trevi\/palazzo-valenti-in-trevi\/","title":{"rendered":"Palazzo Valenti in Trevi"},"content":{"rendered":"<p>Der <strong>Palazzo Valenti<\/strong> ist wahrscheinlich die sch\u00f6nste Adelsresidenz in ganz Trevi; im Besitz der Grafen <em>Valenti di Riosecco<\/em>, einer der zahlreichen Zweige, aus denen die Familie aus Trevi besteht, stammt der Palazzo aus der Renaissance. Das Geb\u00e4ude kann nicht besichtigt werden. Sie k\u00f6nnen es also nur von au\u00dfen betrachten, mit dem wunderbaren Tor in Form eines Spitzbogens samt Architraven mit Herrenk\u00f6pfen ganz oben, und mit den Fenstern mit den Wappen der Familie.<\/p>\n<p>Im Inneren k\u00f6nnen Sie lediglich den Hausflur betrachten, in dem sich eine gro\u00dfe Zisterne f\u00fcr Regenwasser befindet; vor der Errichtung des Aqu\u00e4dukts im Jahr 1928 war die Wasserversorgung in Trevi ein gro\u00dfes Problem: Die Stadtbewohner konnten sich an \u00f6ffentlichen Zisternen bedienen, die heute unterhalb der Stra\u00dfen der Stadt verborgen sind, w\u00e4hrend wohlhabendere und angesehenere Familien, wie etwa die Familie Valenti, \u00fcber private Zisternen verf\u00fcgten, \u00e4hnlich der am Eingang zum Palazzo.<\/p>\n","protected":false},"excerpt":{"rendered":"<p>Der Palazzo Valenti ist wahrscheinlich die sch\u00f6nste Adelsresidenz in ganz Trevi; im Besitz der Grafen Valenti di Riosecco, einer der zahlreichen Zweige, aus denen die Familie aus Trevi besteht, stammt der Palazzo aus der Renaissance. Das Geb\u00e4ude kann nicht besichtigt werden. Sie k\u00f6nnen es also nur von au\u00dfen betrachten, mit dem wunderbaren Tor in Form [&hellip;]<\/p>\n","protected":false},"author":4,"featured_media":0,"parent":39141,"menu_order":8,"comment_status":"closed","ping_status":"closed","template":"","meta":{"om_disable_all_campaigns":false,"_monsterinsights_skip_tracking":false,"_monsterinsights_sitenote_active":false,"_monsterinsights_sitenote_note":"","_monsterinsights_sitenote_category":0},"acf":[],"yoast_head":"<!-- This site is optimized with the Yoast SEO plugin v18.4.1 - https:\/\/yoast.com\/wordpress\/plugins\/seo\/ -->\n<title>Palazzo Valenti in Trevi - Exploring Umbria<\/title>\n<meta name=\"description\" content=\"Der Palazzo Valenti ist wahrscheinlich die sch\u00f6nste Adelsresidenz in ganz Trevi; im Besitz der Grafen Valenti di Riosecco, einer der zahlreichen Zweige,\" \/>\n<meta name=\"robots\" content=\"index, follow, max-snippet:-1, max-image-preview:large, max-video-preview:-1\" \/>\n<link rel=\"canonical\" href=\"https:\/\/www.exploring-umbria.com\/de\/borghi-in-umbria-tanti-piccoli-gioielli-nascosti\/was-sie-sehen-sollen-in-trevi\/palazzo-valenti-in-trevi\/\" \/>\n<meta property=\"og:locale\" content=\"de_DE\" \/>\n<meta property=\"og:type\" content=\"article\" \/>\n<meta property=\"og:title\" content=\"Palazzo Valenti in Trevi - Exploring Umbria\" \/>\n<meta property=\"og:description\" content=\"Der Palazzo Valenti ist wahrscheinlich die sch\u00f6nste Adelsresidenz in ganz Trevi; im Besitz der Grafen Valenti di Riosecco, einer der zahlreichen Zweige,\" \/>\n<meta property=\"og:url\" content=\"https:\/\/www.exploring-umbria.com\/de\/borghi-in-umbria-tanti-piccoli-gioielli-nascosti\/was-sie-sehen-sollen-in-trevi\/palazzo-valenti-in-trevi\/\" \/>\n<meta property=\"og:site_name\" content=\"Exploring Umbria\" \/>\n<meta property=\"article:publisher\" content=\"https:\/\/www.facebook.com\/exploringumbria\/\" \/>\n<meta property=\"article:modified_time\" content=\"2020-08-06T13:48:10+00:00\" \/>\n<meta name=\"twitter:card\" content=\"summary_large_image\" \/>\n<meta name=\"twitter:label1\" content=\"Gesch\u00e4tzte Lesezeit\" \/>\n\t<meta name=\"twitter:data1\" content=\"1\u00a0Minute\" \/>\n<script type=\"application\/ld+json\" class=\"yoast-schema-graph\">{\"@context\":\"https:\/\/schema.org\",\"@graph\":[{\"@type\":\"Organization\",\"@id\":\"https:\/\/www.exploring-umbria.com\/de\/#organization\",\"name\":\"Exploring Umbria\",\"url\":\"https:\/\/www.exploring-umbria.com\/de\/\",\"sameAs\":[\"https:\/\/www.facebook.com\/exploringumbria\/\",\"https:\/\/www.instagram.com\/exploringumbria\/\"],\"logo\":{\"@type\":\"ImageObject\",\"@id\":\"https:\/\/www.exploring-umbria.com\/de\/#logo\",\"inLanguage\":\"de\",\"url\":\"https:\/\/www.exploring-umbria.com\/wp-content\/uploads\/2019\/08\/solo-logo-verde.jpg\",\"contentUrl\":\"https:\/\/www.exploring-umbria.com\/wp-content\/uploads\/2019\/08\/solo-logo-verde.jpg\",\"width\":952,\"height\":532,\"caption\":\"Exploring Umbria\"},\"image\":{\"@id\":\"https:\/\/www.exploring-umbria.com\/de\/#logo\"}},{\"@type\":\"WebSite\",\"@id\":\"https:\/\/www.exploring-umbria.com\/de\/#website\",\"url\":\"https:\/\/www.exploring-umbria.com\/de\/\",\"name\":\"Exploring Umbria\",\"description\":\"your dates, your mood, your trip\",\"publisher\":{\"@id\":\"https:\/\/www.exploring-umbria.com\/de\/#organization\"},\"potentialAction\":[{\"@type\":\"SearchAction\",\"target\":{\"@type\":\"EntryPoint\",\"urlTemplate\":\"https:\/\/www.exploring-umbria.com\/de\/?s={search_term_string}\"},\"query-input\":\"required name=search_term_string\"}],\"inLanguage\":\"de\"},{\"@type\":\"WebPage\",\"@id\":\"https:\/\/www.exploring-umbria.com\/de\/borghi-in-umbria-tanti-piccoli-gioielli-nascosti\/was-sie-sehen-sollen-in-trevi\/palazzo-valenti-in-trevi\/#webpage\",\"url\":\"https:\/\/www.exploring-umbria.com\/de\/borghi-in-umbria-tanti-piccoli-gioielli-nascosti\/was-sie-sehen-sollen-in-trevi\/palazzo-valenti-in-trevi\/\",\"name\":\"Palazzo Valenti in Trevi - Exploring Umbria\",\"isPartOf\":{\"@id\":\"https:\/\/www.exploring-umbria.com\/de\/#website\"},\"datePublished\":\"2019-04-13T14:27:54+00:00\",\"dateModified\":\"2020-08-06T13:48:10+00:00\",\"description\":\"Der Palazzo Valenti ist wahrscheinlich die sch\u00f6nste Adelsresidenz in ganz Trevi; im Besitz der Grafen Valenti di Riosecco, einer der zahlreichen Zweige,\",\"breadcrumb\":{\"@id\":\"https:\/\/www.exploring-umbria.com\/de\/borghi-in-umbria-tanti-piccoli-gioielli-nascosti\/was-sie-sehen-sollen-in-trevi\/palazzo-valenti-in-trevi\/#breadcrumb\"},\"inLanguage\":\"de\",\"potentialAction\":[{\"@type\":\"ReadAction\",\"target\":[\"https:\/\/www.exploring-umbria.com\/de\/borghi-in-umbria-tanti-piccoli-gioielli-nascosti\/was-sie-sehen-sollen-in-trevi\/palazzo-valenti-in-trevi\/\"]}]},{\"@type\":\"BreadcrumbList\",\"@id\":\"https:\/\/www.exploring-umbria.com\/de\/borghi-in-umbria-tanti-piccoli-gioielli-nascosti\/was-sie-sehen-sollen-in-trevi\/palazzo-valenti-in-trevi\/#breadcrumb\",\"itemListElement\":[{\"@type\":\"ListItem\",\"position\":1,\"name\":\"Home\",\"item\":\"https:\/\/www.exploring-umbria.com\/de\/\"},{\"@type\":\"ListItem\",\"position\":2,\"name\":\"Borghi in Umbria: tanti piccoli gioielli nascosti\",\"item\":\"https:\/\/www.exploring-umbria.com\/de\/borghi-in-umbria-tanti-piccoli-gioielli-nascosti\/\"},{\"@type\":\"ListItem\",\"position\":3,\"name\":\"Was Sie sehen sollen in Trevi\",\"item\":\"https:\/\/www.exploring-umbria.com\/de\/borghi-in-umbria-tanti-piccoli-gioielli-nascosti\/was-sie-sehen-sollen-in-trevi\/\"},{\"@type\":\"ListItem\",\"position\":4,\"name\":\"Palazzo Valenti in Trevi\"}]}]}<\/script>\n<!-- \/ Yoast SEO plugin. -->","yoast_head_json":{"title":"Palazzo Valenti in Trevi - Exploring Umbria","description":"Der Palazzo Valenti ist wahrscheinlich die sch\u00f6nste Adelsresidenz in ganz Trevi; im Besitz der Grafen Valenti di Riosecco, einer der zahlreichen Zweige,","robots":{"index":"index","follow":"follow","max-snippet":"max-snippet:-1","max-image-preview":"max-image-preview:large","max-video-preview":"max-video-preview:-1"},"canonical":"https:\/\/www.exploring-umbria.com\/de\/borghi-in-umbria-tanti-piccoli-gioielli-nascosti\/was-sie-sehen-sollen-in-trevi\/palazzo-valenti-in-trevi\/","og_locale":"de_DE","og_type":"article","og_title":"Palazzo Valenti in Trevi - Exploring Umbria","og_description":"Der Palazzo Valenti ist wahrscheinlich die sch\u00f6nste Adelsresidenz in ganz Trevi; im Besitz der Grafen Valenti di Riosecco, einer der zahlreichen Zweige,","og_url":"https:\/\/www.exploring-umbria.com\/de\/borghi-in-umbria-tanti-piccoli-gioielli-nascosti\/was-sie-sehen-sollen-in-trevi\/palazzo-valenti-in-trevi\/","og_site_name":"Exploring Umbria","article_publisher":"https:\/\/www.facebook.com\/exploringumbria\/","article_modified_time":"2020-08-06T13:48:10+00:00","twitter_card":"summary_large_image","twitter_misc":{"Gesch\u00e4tzte Lesezeit":"1\u00a0Minute"},"schema":{"@context":"https:\/\/schema.org","@graph":[{"@type":"Organization","@id":"https:\/\/www.exploring-umbria.com\/de\/#organization","name":"Exploring Umbria","url":"https:\/\/www.exploring-umbria.com\/de\/","sameAs":["https:\/\/www.facebook.com\/exploringumbria\/","https:\/\/www.instagram.com\/exploringumbria\/"],"logo":{"@type":"ImageObject","@id":"https:\/\/www.exploring-umbria.com\/de\/#logo","inLanguage":"de","url":"https:\/\/www.exploring-umbria.com\/wp-content\/uploads\/2019\/08\/solo-logo-verde.jpg","contentUrl":"https:\/\/www.exploring-umbria.com\/wp-content\/uploads\/2019\/08\/solo-logo-verde.jpg","width":952,"height":532,"caption":"Exploring Umbria"},"image":{"@id":"https:\/\/www.exploring-umbria.com\/de\/#logo"}},{"@type":"WebSite","@id":"https:\/\/www.exploring-umbria.com\/de\/#website","url":"https:\/\/www.exploring-umbria.com\/de\/","name":"Exploring Umbria","description":"your dates, your mood, your trip","publisher":{"@id":"https:\/\/www.exploring-umbria.com\/de\/#organization"},"potentialAction":[{"@type":"SearchAction","target":{"@type":"EntryPoint","urlTemplate":"https:\/\/www.exploring-umbria.com\/de\/?s={search_term_string}"},"query-input":"required name=search_term_string"}],"inLanguage":"de"},{"@type":"WebPage","@id":"https:\/\/www.exploring-umbria.com\/de\/borghi-in-umbria-tanti-piccoli-gioielli-nascosti\/was-sie-sehen-sollen-in-trevi\/palazzo-valenti-in-trevi\/#webpage","url":"https:\/\/www.exploring-umbria.com\/de\/borghi-in-umbria-tanti-piccoli-gioielli-nascosti\/was-sie-sehen-sollen-in-trevi\/palazzo-valenti-in-trevi\/","name":"Palazzo Valenti in Trevi - Exploring Umbria","isPartOf":{"@id":"https:\/\/www.exploring-umbria.com\/de\/#website"},"datePublished":"2019-04-13T14:27:54+00:00","dateModified":"2020-08-06T13:48:10+00:00","description":"Der Palazzo Valenti ist wahrscheinlich die sch\u00f6nste Adelsresidenz in ganz Trevi; im Besitz der Grafen Valenti di Riosecco, einer der zahlreichen Zweige,","breadcrumb":{"@id":"https:\/\/www.exploring-umbria.com\/de\/borghi-in-umbria-tanti-piccoli-gioielli-nascosti\/was-sie-sehen-sollen-in-trevi\/palazzo-valenti-in-trevi\/#breadcrumb"},"inLanguage":"de","potentialAction":[{"@type":"ReadAction","target":["https:\/\/www.exploring-umbria.com\/de\/borghi-in-umbria-tanti-piccoli-gioielli-nascosti\/was-sie-sehen-sollen-in-trevi\/palazzo-valenti-in-trevi\/"]}]},{"@type":"BreadcrumbList","@id":"https:\/\/www.exploring-umbria.com\/de\/borghi-in-umbria-tanti-piccoli-gioielli-nascosti\/was-sie-sehen-sollen-in-trevi\/palazzo-valenti-in-trevi\/#breadcrumb","itemListElement":[{"@type":"ListItem","position":1,"name":"Home","item":"https:\/\/www.exploring-umbria.com\/de\/"},{"@type":"ListItem","position":2,"name":"Borghi in Umbria: tanti piccoli gioielli nascosti","item":"https:\/\/www.exploring-umbria.com\/de\/borghi-in-umbria-tanti-piccoli-gioielli-nascosti\/"},{"@type":"ListItem","position":3,"name":"Was Sie sehen sollen in Trevi","item":"https:\/\/www.exploring-umbria.com\/de\/borghi-in-umbria-tanti-piccoli-gioielli-nascosti\/was-sie-sehen-sollen-in-trevi\/"},{"@type":"ListItem","position":4,"name":"Palazzo Valenti in Trevi"}]}]}},"_links":{"self":[{"href":"https:\/\/www.exploring-umbria.com\/de\/wp-json\/wp\/v2\/pages\/39158"}],"collection":[{"href":"https:\/\/www.exploring-umbria.com\/de\/wp-json\/wp\/v2\/pages"}],"about":[{"href":"https:\/\/www.exploring-umbria.com\/de\/wp-json\/wp\/v2\/types\/page"}],"author":[{"embeddable":true,"href":"https:\/\/www.exploring-umbria.com\/de\/wp-json\/wp\/v2\/users\/4"}],"replies":[{"embeddable":true,"href":"https:\/\/www.exploring-umbria.com\/de\/wp-json\/wp\/v2\/comments?post=39158"}],"version-history":[{"count":2,"href":"https:\/\/www.exploring-umbria.com\/de\/wp-json\/wp\/v2\/pages\/39158\/revisions"}],"predecessor-version":[{"id":39161,"href":"https:\/\/www.exploring-umbria.com\/de\/wp-json\/wp\/v2\/pages\/39158\/revisions\/39161"}],"up":[{"embeddable":true,"href":"https:\/\/www.exploring-umbria.com\/de\/wp-json\/wp\/v2\/pages\/39141"}],"wp:attachment":[{"href":"https:\/\/www.exploring-umbria.com\/de\/wp-json\/wp\/v2\/media?parent=39158"}],"curies":[{"name":"wp","href":"https:\/\/api.w.org\/{rel}","templated":true}]}}