{"id":39095,"date":"2019-05-21T15:23:51","date_gmt":"2019-05-21T13:23:51","guid":{"rendered":"https:\/\/www.exploring-umbria.com\/borghi-in-umbria-tanti-piccoli-gioielli-nascosti\/was-sie-sehen-sollen-in-citta-della-pieve\/palazzo-della-corgna-di-citta-della-pieve\/"},"modified":"2020-08-06T12:49:20","modified_gmt":"2020-08-06T10:49:20","slug":"palazzo-della-corgna-in-citta-della-pieve","status":"publish","type":"page","link":"https:\/\/www.exploring-umbria.com\/de\/borghi-in-umbria-tanti-piccoli-gioielli-nascosti\/was-sie-sehen-sollen-in-citta-della-pieve\/palazzo-della-corgna-in-citta-della-pieve\/","title":{"rendered":"Palazzo della Corgna in Citt\u00e0 della Pieve"},"content":{"rendered":"<p>Der <strong>Palazzo della Corgna<\/strong> ist eines der bedeutendsten Symbole von Citt\u00e0 della Pieve sowie der wichtigste <strong>Landsitz <\/strong>der Stadt. Er wurde in der zweiten H\u00e4lfte des 16. Jahrhunderts vom Markgrafen und immerw\u00e4hrenden Gouverneur von Castel della Pieve <em>Ascanio della Corgna<\/em> bei <em>Galeazzo Alessi<\/em>, einem bekannten Architekten aus Perugia jener Zeit, in Auftrag gegeben.<\/p>\n<p>Das prestigetr\u00e4chtige Geb\u00e4ude befindet sich auf der Piazza Gramsci, im Zentrum der Stadt, genau vor dem Dom, und nimmt eine vorherrschende Stellung ein, als wolle es der ganzen Stadt die \u00dcberlegenheit und den Reichtum der Familie della Corgna zeigen.<\/p>\n<p>Im Inneren des Palastes sind noch heute die Fresken von verschiedenen K\u00fcnstlern der damaligen Zeit erhalten, wie z.B. <strong>Nicol\u00f2 Circignani<\/strong>, bekannt als <em>Il Pomarancio<\/em>, der im Gouverneurssaal das &#8222;<em>Concerto<\/em>&#8220; genannte Fresko malte, in dem er den Triumph der Familie der Corgna-del Monte darstellte. Die Dekorationen anderer wichtiger R\u00e4ume im Inneren der Residenz stammen von <em>Salvio Savini<\/em>: die Loggien, die Treppen und der Gro\u00dfe Saal des Piano Nobile, der 1580 auf Veranlassung von Kardinal Fulvio della Corgna geschaffen wurde. Selbst der Bereich des Erdgeschosses, der oft als geheimer Ort der intellektuellen Unterhaltung genutzt wurde, scheint von <em>Savini<\/em> mit Fresken bemalt worden zu sein. Der Palazzo zeigt bildliche Darstellungen eines religi\u00f6sen Kontextes in den R\u00e4umen, die dem \u00f6ffentlichen Leben dienten, w\u00e4hrend in den privaten R\u00e4umen Werke mit eher mythologischem und erotischem Charakter aufbewahrt werden.<\/p>\n<p>Die Residenz aus dem sechzehnten Jahrhundert umfasste einst auch einen wundersch\u00f6nen Garten, von dem leider nur noch wenige \u00dcberreste erhalten sind.<\/p>\n<p>Im Inneren des Palastes befinden sich heute die <strong>Stadtbibliothek Francesco Melosio<\/strong> und das <strong>Museum f\u00fcr Naturgeschichte und die Region<\/strong> um Citt\u00e0 della Pieve.<\/p>\n","protected":false},"excerpt":{"rendered":"<p>Der Palazzo della Corgna ist eines der bedeutendsten Symbole von Citt\u00e0 della Pieve sowie der wichtigste Landsitz der Stadt. Er wurde in der zweiten H\u00e4lfte des 16. Jahrhunderts vom Markgrafen und immerw\u00e4hrenden Gouverneur von Castel della Pieve Ascanio della Corgna bei Galeazzo Alessi, einem bekannten Architekten aus Perugia jener Zeit, in Auftrag gegeben. Das prestigetr\u00e4chtige [&hellip;]<\/p>\n","protected":false},"author":4,"featured_media":0,"parent":34933,"menu_order":10,"comment_status":"closed","ping_status":"closed","template":"","meta":{"om_disable_all_campaigns":false,"_monsterinsights_skip_tracking":false,"_monsterinsights_sitenote_active":false,"_monsterinsights_sitenote_note":"","_monsterinsights_sitenote_category":0},"acf":[],"yoast_head":"<!-- This site is optimized with the Yoast SEO plugin v18.4.1 - https:\/\/yoast.com\/wordpress\/plugins\/seo\/ -->\n<title>Palazzo della Corgna in Citt\u00e0 della Pieve - Exploring Umbria<\/title>\n<meta name=\"description\" content=\"Der Palazzo della Corgna ist eines der bedeutendsten Symbole von Citt\u00e0 della Pieve sowie der wichtigste Landsitz der Stadt. Er wurde in der zweiten H\u00e4lfte\" \/>\n<meta name=\"robots\" content=\"index, follow, max-snippet:-1, max-image-preview:large, max-video-preview:-1\" \/>\n<link rel=\"canonical\" href=\"https:\/\/www.exploring-umbria.com\/de\/borghi-in-umbria-tanti-piccoli-gioielli-nascosti\/was-sie-sehen-sollen-in-citta-della-pieve\/palazzo-della-corgna-in-citta-della-pieve\/\" \/>\n<meta property=\"og:locale\" content=\"de_DE\" \/>\n<meta property=\"og:type\" content=\"article\" \/>\n<meta property=\"og:title\" content=\"Palazzo della Corgna in Citt\u00e0 della Pieve - Exploring Umbria\" \/>\n<meta property=\"og:description\" content=\"Der Palazzo della Corgna ist eines der bedeutendsten Symbole von Citt\u00e0 della Pieve sowie der wichtigste Landsitz der Stadt. Er wurde in der zweiten H\u00e4lfte\" \/>\n<meta property=\"og:url\" content=\"https:\/\/www.exploring-umbria.com\/de\/borghi-in-umbria-tanti-piccoli-gioielli-nascosti\/was-sie-sehen-sollen-in-citta-della-pieve\/palazzo-della-corgna-in-citta-della-pieve\/\" \/>\n<meta property=\"og:site_name\" content=\"Exploring Umbria\" \/>\n<meta property=\"article:publisher\" content=\"https:\/\/www.facebook.com\/exploringumbria\/\" \/>\n<meta property=\"article:modified_time\" content=\"2020-08-06T10:49:20+00:00\" \/>\n<meta name=\"twitter:card\" content=\"summary_large_image\" \/>\n<meta name=\"twitter:label1\" content=\"Gesch\u00e4tzte Lesezeit\" \/>\n\t<meta name=\"twitter:data1\" content=\"1\u00a0Minute\" \/>\n<script type=\"application\/ld+json\" class=\"yoast-schema-graph\">{\"@context\":\"https:\/\/schema.org\",\"@graph\":[{\"@type\":\"Organization\",\"@id\":\"https:\/\/www.exploring-umbria.com\/de\/#organization\",\"name\":\"Exploring Umbria\",\"url\":\"https:\/\/www.exploring-umbria.com\/de\/\",\"sameAs\":[\"https:\/\/www.facebook.com\/exploringumbria\/\",\"https:\/\/www.instagram.com\/exploringumbria\/\"],\"logo\":{\"@type\":\"ImageObject\",\"@id\":\"https:\/\/www.exploring-umbria.com\/de\/#logo\",\"inLanguage\":\"de\",\"url\":\"https:\/\/www.exploring-umbria.com\/wp-content\/uploads\/2019\/08\/solo-logo-verde.jpg\",\"contentUrl\":\"https:\/\/www.exploring-umbria.com\/wp-content\/uploads\/2019\/08\/solo-logo-verde.jpg\",\"width\":952,\"height\":532,\"caption\":\"Exploring Umbria\"},\"image\":{\"@id\":\"https:\/\/www.exploring-umbria.com\/de\/#logo\"}},{\"@type\":\"WebSite\",\"@id\":\"https:\/\/www.exploring-umbria.com\/de\/#website\",\"url\":\"https:\/\/www.exploring-umbria.com\/de\/\",\"name\":\"Exploring Umbria\",\"description\":\"your dates, your mood, your trip\",\"publisher\":{\"@id\":\"https:\/\/www.exploring-umbria.com\/de\/#organization\"},\"potentialAction\":[{\"@type\":\"SearchAction\",\"target\":{\"@type\":\"EntryPoint\",\"urlTemplate\":\"https:\/\/www.exploring-umbria.com\/de\/?s={search_term_string}\"},\"query-input\":\"required name=search_term_string\"}],\"inLanguage\":\"de\"},{\"@type\":\"WebPage\",\"@id\":\"https:\/\/www.exploring-umbria.com\/de\/borghi-in-umbria-tanti-piccoli-gioielli-nascosti\/was-sie-sehen-sollen-in-citta-della-pieve\/palazzo-della-corgna-in-citta-della-pieve\/#webpage\",\"url\":\"https:\/\/www.exploring-umbria.com\/de\/borghi-in-umbria-tanti-piccoli-gioielli-nascosti\/was-sie-sehen-sollen-in-citta-della-pieve\/palazzo-della-corgna-in-citta-della-pieve\/\",\"name\":\"Palazzo della Corgna in Citt\u00e0 della Pieve - Exploring Umbria\",\"isPartOf\":{\"@id\":\"https:\/\/www.exploring-umbria.com\/de\/#website\"},\"datePublished\":\"2019-05-21T13:23:51+00:00\",\"dateModified\":\"2020-08-06T10:49:20+00:00\",\"description\":\"Der Palazzo della Corgna ist eines der bedeutendsten Symbole von Citt\u00e0 della Pieve sowie der wichtigste Landsitz der Stadt. Er wurde in der zweiten H\u00e4lfte\",\"breadcrumb\":{\"@id\":\"https:\/\/www.exploring-umbria.com\/de\/borghi-in-umbria-tanti-piccoli-gioielli-nascosti\/was-sie-sehen-sollen-in-citta-della-pieve\/palazzo-della-corgna-in-citta-della-pieve\/#breadcrumb\"},\"inLanguage\":\"de\",\"potentialAction\":[{\"@type\":\"ReadAction\",\"target\":[\"https:\/\/www.exploring-umbria.com\/de\/borghi-in-umbria-tanti-piccoli-gioielli-nascosti\/was-sie-sehen-sollen-in-citta-della-pieve\/palazzo-della-corgna-in-citta-della-pieve\/\"]}]},{\"@type\":\"BreadcrumbList\",\"@id\":\"https:\/\/www.exploring-umbria.com\/de\/borghi-in-umbria-tanti-piccoli-gioielli-nascosti\/was-sie-sehen-sollen-in-citta-della-pieve\/palazzo-della-corgna-in-citta-della-pieve\/#breadcrumb\",\"itemListElement\":[{\"@type\":\"ListItem\",\"position\":1,\"name\":\"Home\",\"item\":\"https:\/\/www.exploring-umbria.com\/de\/\"},{\"@type\":\"ListItem\",\"position\":2,\"name\":\"Borghi in Umbria: tanti piccoli gioielli nascosti\",\"item\":\"https:\/\/www.exploring-umbria.com\/de\/borghi-in-umbria-tanti-piccoli-gioielli-nascosti\/\"},{\"@type\":\"ListItem\",\"position\":3,\"name\":\"Was Sie sehen sollen in Citt\u00e0 della Pieve\",\"item\":\"https:\/\/www.exploring-umbria.com\/de\/borghi-in-umbria-tanti-piccoli-gioielli-nascosti\/was-sie-sehen-sollen-in-citta-della-pieve\/\"},{\"@type\":\"ListItem\",\"position\":4,\"name\":\"Palazzo della Corgna in Citt\u00e0 della Pieve\"}]}]}<\/script>\n<!-- \/ Yoast SEO plugin. -->","yoast_head_json":{"title":"Palazzo della Corgna in Citt\u00e0 della Pieve - Exploring Umbria","description":"Der Palazzo della Corgna ist eines der bedeutendsten Symbole von Citt\u00e0 della Pieve sowie der wichtigste Landsitz der Stadt. Er wurde in der zweiten H\u00e4lfte","robots":{"index":"index","follow":"follow","max-snippet":"max-snippet:-1","max-image-preview":"max-image-preview:large","max-video-preview":"max-video-preview:-1"},"canonical":"https:\/\/www.exploring-umbria.com\/de\/borghi-in-umbria-tanti-piccoli-gioielli-nascosti\/was-sie-sehen-sollen-in-citta-della-pieve\/palazzo-della-corgna-in-citta-della-pieve\/","og_locale":"de_DE","og_type":"article","og_title":"Palazzo della Corgna in Citt\u00e0 della Pieve - Exploring Umbria","og_description":"Der Palazzo della Corgna ist eines der bedeutendsten Symbole von Citt\u00e0 della Pieve sowie der wichtigste Landsitz der Stadt. Er wurde in der zweiten H\u00e4lfte","og_url":"https:\/\/www.exploring-umbria.com\/de\/borghi-in-umbria-tanti-piccoli-gioielli-nascosti\/was-sie-sehen-sollen-in-citta-della-pieve\/palazzo-della-corgna-in-citta-della-pieve\/","og_site_name":"Exploring Umbria","article_publisher":"https:\/\/www.facebook.com\/exploringumbria\/","article_modified_time":"2020-08-06T10:49:20+00:00","twitter_card":"summary_large_image","twitter_misc":{"Gesch\u00e4tzte Lesezeit":"1\u00a0Minute"},"schema":{"@context":"https:\/\/schema.org","@graph":[{"@type":"Organization","@id":"https:\/\/www.exploring-umbria.com\/de\/#organization","name":"Exploring Umbria","url":"https:\/\/www.exploring-umbria.com\/de\/","sameAs":["https:\/\/www.facebook.com\/exploringumbria\/","https:\/\/www.instagram.com\/exploringumbria\/"],"logo":{"@type":"ImageObject","@id":"https:\/\/www.exploring-umbria.com\/de\/#logo","inLanguage":"de","url":"https:\/\/www.exploring-umbria.com\/wp-content\/uploads\/2019\/08\/solo-logo-verde.jpg","contentUrl":"https:\/\/www.exploring-umbria.com\/wp-content\/uploads\/2019\/08\/solo-logo-verde.jpg","width":952,"height":532,"caption":"Exploring Umbria"},"image":{"@id":"https:\/\/www.exploring-umbria.com\/de\/#logo"}},{"@type":"WebSite","@id":"https:\/\/www.exploring-umbria.com\/de\/#website","url":"https:\/\/www.exploring-umbria.com\/de\/","name":"Exploring Umbria","description":"your dates, your mood, your trip","publisher":{"@id":"https:\/\/www.exploring-umbria.com\/de\/#organization"},"potentialAction":[{"@type":"SearchAction","target":{"@type":"EntryPoint","urlTemplate":"https:\/\/www.exploring-umbria.com\/de\/?s={search_term_string}"},"query-input":"required name=search_term_string"}],"inLanguage":"de"},{"@type":"WebPage","@id":"https:\/\/www.exploring-umbria.com\/de\/borghi-in-umbria-tanti-piccoli-gioielli-nascosti\/was-sie-sehen-sollen-in-citta-della-pieve\/palazzo-della-corgna-in-citta-della-pieve\/#webpage","url":"https:\/\/www.exploring-umbria.com\/de\/borghi-in-umbria-tanti-piccoli-gioielli-nascosti\/was-sie-sehen-sollen-in-citta-della-pieve\/palazzo-della-corgna-in-citta-della-pieve\/","name":"Palazzo della Corgna in Citt\u00e0 della Pieve - Exploring Umbria","isPartOf":{"@id":"https:\/\/www.exploring-umbria.com\/de\/#website"},"datePublished":"2019-05-21T13:23:51+00:00","dateModified":"2020-08-06T10:49:20+00:00","description":"Der Palazzo della Corgna ist eines der bedeutendsten Symbole von Citt\u00e0 della Pieve sowie der wichtigste Landsitz der Stadt. Er wurde in der zweiten H\u00e4lfte","breadcrumb":{"@id":"https:\/\/www.exploring-umbria.com\/de\/borghi-in-umbria-tanti-piccoli-gioielli-nascosti\/was-sie-sehen-sollen-in-citta-della-pieve\/palazzo-della-corgna-in-citta-della-pieve\/#breadcrumb"},"inLanguage":"de","potentialAction":[{"@type":"ReadAction","target":["https:\/\/www.exploring-umbria.com\/de\/borghi-in-umbria-tanti-piccoli-gioielli-nascosti\/was-sie-sehen-sollen-in-citta-della-pieve\/palazzo-della-corgna-in-citta-della-pieve\/"]}]},{"@type":"BreadcrumbList","@id":"https:\/\/www.exploring-umbria.com\/de\/borghi-in-umbria-tanti-piccoli-gioielli-nascosti\/was-sie-sehen-sollen-in-citta-della-pieve\/palazzo-della-corgna-in-citta-della-pieve\/#breadcrumb","itemListElement":[{"@type":"ListItem","position":1,"name":"Home","item":"https:\/\/www.exploring-umbria.com\/de\/"},{"@type":"ListItem","position":2,"name":"Borghi in Umbria: tanti piccoli gioielli nascosti","item":"https:\/\/www.exploring-umbria.com\/de\/borghi-in-umbria-tanti-piccoli-gioielli-nascosti\/"},{"@type":"ListItem","position":3,"name":"Was Sie sehen sollen in Citt\u00e0 della Pieve","item":"https:\/\/www.exploring-umbria.com\/de\/borghi-in-umbria-tanti-piccoli-gioielli-nascosti\/was-sie-sehen-sollen-in-citta-della-pieve\/"},{"@type":"ListItem","position":4,"name":"Palazzo della Corgna in Citt\u00e0 della Pieve"}]}]}},"_links":{"self":[{"href":"https:\/\/www.exploring-umbria.com\/de\/wp-json\/wp\/v2\/pages\/39095"}],"collection":[{"href":"https:\/\/www.exploring-umbria.com\/de\/wp-json\/wp\/v2\/pages"}],"about":[{"href":"https:\/\/www.exploring-umbria.com\/de\/wp-json\/wp\/v2\/types\/page"}],"author":[{"embeddable":true,"href":"https:\/\/www.exploring-umbria.com\/de\/wp-json\/wp\/v2\/users\/4"}],"replies":[{"embeddable":true,"href":"https:\/\/www.exploring-umbria.com\/de\/wp-json\/wp\/v2\/comments?post=39095"}],"version-history":[{"count":2,"href":"https:\/\/www.exploring-umbria.com\/de\/wp-json\/wp\/v2\/pages\/39095\/revisions"}],"predecessor-version":[{"id":39098,"href":"https:\/\/www.exploring-umbria.com\/de\/wp-json\/wp\/v2\/pages\/39095\/revisions\/39098"}],"up":[{"embeddable":true,"href":"https:\/\/www.exploring-umbria.com\/de\/wp-json\/wp\/v2\/pages\/34933"}],"wp:attachment":[{"href":"https:\/\/www.exploring-umbria.com\/de\/wp-json\/wp\/v2\/media?parent=39095"}],"curies":[{"name":"wp","href":"https:\/\/api.w.org\/{rel}","templated":true}]}}