{"id":39061,"date":"2019-05-21T15:11:58","date_gmt":"2019-05-21T13:11:58","guid":{"rendered":"https:\/\/www.exploring-umbria.com\/borghi-in-umbria-tanti-piccoli-gioielli-nascosti\/was-sie-sehen-sollen-in-citta-della-pieve\/chiesa-di-santagostino-a-citta-della-pieve\/"},"modified":"2020-08-06T12:08:33","modified_gmt":"2020-08-06T10:08:33","slug":"kirche-santagostino","status":"publish","type":"page","link":"https:\/\/www.exploring-umbria.com\/de\/borghi-in-umbria-tanti-piccoli-gioielli-nascosti\/was-sie-sehen-sollen-in-citta-della-pieve\/kirche-santagostino\/","title":{"rendered":"Kirche Sant&#8217;Agostino"},"content":{"rendered":"<p>Die Kirche Sant&#8217;Agostino wurde etwa in der H\u00e4lfte des 13. Jahrhunderts au\u00dferhalb der Stadtmauern von Citt\u00e0 della Pieve errichtet. Mit der Wiedervereinigung Italiens wurde die Kirche <strong>entweiht<\/strong> und so wird sie heute als Veranstaltungsort f\u00fcr Events, Shows und Konferenzen genutzt. Neben der Kirche steht ein altes Kloster, das nach einigen Unterdr\u00fcckungen aus dem kirchlichen Erbe beschlagnahmt wurde und heute eine Schule beherbergt.<\/p>\n<p>Die Au\u00dfenfassade ist im <strong>gotischen<\/strong> Stil gehalten, mit einer einfachen Fassade und einem mehrteiligen Tor.<br \/>\nDer Glockenturm, der sich neben der Kirche befindet, wurde 1741 erbaut.<\/p>\n<p>Zum Zeitpunkt des Baus war das Innere ein einziges Schiff mit quadratischer Apsis, \u00fcberragt von einem Fachwerkdach, entsprechend der Struktur der anderen nahegelegenen Kirchen S. Francesco und des heutigen Wallfahrtortes Madonna di Fatima, der Kirche Santa Maria dei Servi.<\/p>\n<p>1789, nach der Renovierung durch <em>Andrea Vici<\/em>, erfuhr das Innere zahlreiche Ver\u00e4nderungen und erhielt ein Erscheinungsbild im <strong>neoklassizistischen<\/strong> <strong>Stil<\/strong>. Die Kirche beherbergt zahlreiche <strong>wertvolle Werke<\/strong> umbrischer und toskanischer K\u00fcnstler, wie das Gem\u00e4lde &#8222;<em>Assunzione ed Incoronazione della Vergine<\/em>&#8220; von <em>Alessandro Brunelli<\/em>, in dem typische Elemente der Malerei Raffaels zu finden sind, eine Kopie der &#8222;Fuga in Egitto&#8220; von <em>Francesco Vanni<\/em>, &#8222;Gloria di San Tommaso da Villanova&#8220;, ein von <em>Caravaggio<\/em> inspiriertes Gem\u00e4lde eines umbrischen Malers aus dem Jahr 1662 und &#8222;San Nicola da Tolentino e storie della sua vita&#8220; von <em>Salvio Savini<\/em>. Von Savini selbst ist eine Fresko-Nische mit der Darstellung der &#8222;La Madonna della Spiga&#8220;, der &#8222;Madonna in in Gloria circondata da San Nicola di Bari, Sant\u2019Agostino, Santa Chiara e da una Confraternita&#8220;, einem Gem\u00e4lde von 1584 in der Apsis und dem &#8222;San Girolamo in pregira&#8220; auf dem Altar der Sakristei zu sehen. Zu sehen ist auch das Werk &#8222;Ascensione di Cristo&#8220; von <em>Nicol\u00f2 Circignani<\/em>, und es gibt mehrere Seitenalt\u00e4re im Rokokostil.<\/p>\n","protected":false},"excerpt":{"rendered":"<p>Die Kirche Sant&#8217;Agostino wurde etwa in der H\u00e4lfte des 13. Jahrhunderts au\u00dferhalb der Stadtmauern von Citt\u00e0 della Pieve errichtet. Mit der Wiedervereinigung Italiens wurde die Kirche entweiht und so wird sie heute als Veranstaltungsort f\u00fcr Events, Shows und Konferenzen genutzt. Neben der Kirche steht ein altes Kloster, das nach einigen Unterdr\u00fcckungen aus dem kirchlichen Erbe [&hellip;]<\/p>\n","protected":false},"author":4,"featured_media":0,"parent":34933,"menu_order":2,"comment_status":"closed","ping_status":"closed","template":"","meta":{"om_disable_all_campaigns":false,"_monsterinsights_skip_tracking":false,"_monsterinsights_sitenote_active":false,"_monsterinsights_sitenote_note":"","_monsterinsights_sitenote_category":0},"acf":[],"yoast_head":"<!-- This site is optimized with the Yoast SEO plugin v18.4.1 - https:\/\/yoast.com\/wordpress\/plugins\/seo\/ -->\n<title>Kirche Sant&#039;Agostino - Exploring Umbria<\/title>\n<meta name=\"description\" content=\"Die Kirche Sant&#039;Agostino wurde etwa in der H\u00e4lfte des 13. Jahrhunderts au\u00dferhalb der Stadtmauern von Citt\u00e0 della Pieve errichtet. Mit der\" \/>\n<meta name=\"robots\" content=\"index, follow, max-snippet:-1, max-image-preview:large, max-video-preview:-1\" \/>\n<link rel=\"canonical\" href=\"https:\/\/www.exploring-umbria.com\/de\/borghi-in-umbria-tanti-piccoli-gioielli-nascosti\/was-sie-sehen-sollen-in-citta-della-pieve\/kirche-santagostino\/\" \/>\n<meta property=\"og:locale\" content=\"de_DE\" \/>\n<meta property=\"og:type\" content=\"article\" \/>\n<meta property=\"og:title\" content=\"Kirche Sant&#039;Agostino - Exploring Umbria\" \/>\n<meta property=\"og:description\" content=\"Die Kirche Sant&#039;Agostino wurde etwa in der H\u00e4lfte des 13. Jahrhunderts au\u00dferhalb der Stadtmauern von Citt\u00e0 della Pieve errichtet. Mit der\" \/>\n<meta property=\"og:url\" content=\"https:\/\/www.exploring-umbria.com\/de\/borghi-in-umbria-tanti-piccoli-gioielli-nascosti\/was-sie-sehen-sollen-in-citta-della-pieve\/kirche-santagostino\/\" \/>\n<meta property=\"og:site_name\" content=\"Exploring Umbria\" \/>\n<meta property=\"article:publisher\" content=\"https:\/\/www.facebook.com\/exploringumbria\/\" \/>\n<meta property=\"article:modified_time\" content=\"2020-08-06T10:08:33+00:00\" \/>\n<meta name=\"twitter:card\" content=\"summary_large_image\" \/>\n<meta name=\"twitter:label1\" content=\"Gesch\u00e4tzte Lesezeit\" \/>\n\t<meta name=\"twitter:data1\" content=\"1\u00a0Minute\" \/>\n<script type=\"application\/ld+json\" class=\"yoast-schema-graph\">{\"@context\":\"https:\/\/schema.org\",\"@graph\":[{\"@type\":\"Organization\",\"@id\":\"https:\/\/www.exploring-umbria.com\/de\/#organization\",\"name\":\"Exploring Umbria\",\"url\":\"https:\/\/www.exploring-umbria.com\/de\/\",\"sameAs\":[\"https:\/\/www.facebook.com\/exploringumbria\/\",\"https:\/\/www.instagram.com\/exploringumbria\/\"],\"logo\":{\"@type\":\"ImageObject\",\"@id\":\"https:\/\/www.exploring-umbria.com\/de\/#logo\",\"inLanguage\":\"de\",\"url\":\"https:\/\/www.exploring-umbria.com\/wp-content\/uploads\/2019\/08\/solo-logo-verde.jpg\",\"contentUrl\":\"https:\/\/www.exploring-umbria.com\/wp-content\/uploads\/2019\/08\/solo-logo-verde.jpg\",\"width\":952,\"height\":532,\"caption\":\"Exploring Umbria\"},\"image\":{\"@id\":\"https:\/\/www.exploring-umbria.com\/de\/#logo\"}},{\"@type\":\"WebSite\",\"@id\":\"https:\/\/www.exploring-umbria.com\/de\/#website\",\"url\":\"https:\/\/www.exploring-umbria.com\/de\/\",\"name\":\"Exploring Umbria\",\"description\":\"your dates, your mood, your trip\",\"publisher\":{\"@id\":\"https:\/\/www.exploring-umbria.com\/de\/#organization\"},\"potentialAction\":[{\"@type\":\"SearchAction\",\"target\":{\"@type\":\"EntryPoint\",\"urlTemplate\":\"https:\/\/www.exploring-umbria.com\/de\/?s={search_term_string}\"},\"query-input\":\"required name=search_term_string\"}],\"inLanguage\":\"de\"},{\"@type\":\"WebPage\",\"@id\":\"https:\/\/www.exploring-umbria.com\/de\/borghi-in-umbria-tanti-piccoli-gioielli-nascosti\/was-sie-sehen-sollen-in-citta-della-pieve\/kirche-santagostino\/#webpage\",\"url\":\"https:\/\/www.exploring-umbria.com\/de\/borghi-in-umbria-tanti-piccoli-gioielli-nascosti\/was-sie-sehen-sollen-in-citta-della-pieve\/kirche-santagostino\/\",\"name\":\"Kirche Sant'Agostino - Exploring Umbria\",\"isPartOf\":{\"@id\":\"https:\/\/www.exploring-umbria.com\/de\/#website\"},\"datePublished\":\"2019-05-21T13:11:58+00:00\",\"dateModified\":\"2020-08-06T10:08:33+00:00\",\"description\":\"Die Kirche Sant'Agostino wurde etwa in der H\u00e4lfte des 13. Jahrhunderts au\u00dferhalb der Stadtmauern von Citt\u00e0 della Pieve errichtet. Mit der\",\"breadcrumb\":{\"@id\":\"https:\/\/www.exploring-umbria.com\/de\/borghi-in-umbria-tanti-piccoli-gioielli-nascosti\/was-sie-sehen-sollen-in-citta-della-pieve\/kirche-santagostino\/#breadcrumb\"},\"inLanguage\":\"de\",\"potentialAction\":[{\"@type\":\"ReadAction\",\"target\":[\"https:\/\/www.exploring-umbria.com\/de\/borghi-in-umbria-tanti-piccoli-gioielli-nascosti\/was-sie-sehen-sollen-in-citta-della-pieve\/kirche-santagostino\/\"]}]},{\"@type\":\"BreadcrumbList\",\"@id\":\"https:\/\/www.exploring-umbria.com\/de\/borghi-in-umbria-tanti-piccoli-gioielli-nascosti\/was-sie-sehen-sollen-in-citta-della-pieve\/kirche-santagostino\/#breadcrumb\",\"itemListElement\":[{\"@type\":\"ListItem\",\"position\":1,\"name\":\"Home\",\"item\":\"https:\/\/www.exploring-umbria.com\/de\/\"},{\"@type\":\"ListItem\",\"position\":2,\"name\":\"Borghi in Umbria: tanti piccoli gioielli nascosti\",\"item\":\"https:\/\/www.exploring-umbria.com\/de\/borghi-in-umbria-tanti-piccoli-gioielli-nascosti\/\"},{\"@type\":\"ListItem\",\"position\":3,\"name\":\"Was Sie sehen sollen in Citt\u00e0 della Pieve\",\"item\":\"https:\/\/www.exploring-umbria.com\/de\/borghi-in-umbria-tanti-piccoli-gioielli-nascosti\/was-sie-sehen-sollen-in-citta-della-pieve\/\"},{\"@type\":\"ListItem\",\"position\":4,\"name\":\"Kirche Sant&#8217;Agostino\"}]}]}<\/script>\n<!-- \/ Yoast SEO plugin. -->","yoast_head_json":{"title":"Kirche Sant'Agostino - Exploring Umbria","description":"Die Kirche Sant'Agostino wurde etwa in der H\u00e4lfte des 13. Jahrhunderts au\u00dferhalb der Stadtmauern von Citt\u00e0 della Pieve errichtet. Mit der","robots":{"index":"index","follow":"follow","max-snippet":"max-snippet:-1","max-image-preview":"max-image-preview:large","max-video-preview":"max-video-preview:-1"},"canonical":"https:\/\/www.exploring-umbria.com\/de\/borghi-in-umbria-tanti-piccoli-gioielli-nascosti\/was-sie-sehen-sollen-in-citta-della-pieve\/kirche-santagostino\/","og_locale":"de_DE","og_type":"article","og_title":"Kirche Sant'Agostino - Exploring Umbria","og_description":"Die Kirche Sant'Agostino wurde etwa in der H\u00e4lfte des 13. Jahrhunderts au\u00dferhalb der Stadtmauern von Citt\u00e0 della Pieve errichtet. Mit der","og_url":"https:\/\/www.exploring-umbria.com\/de\/borghi-in-umbria-tanti-piccoli-gioielli-nascosti\/was-sie-sehen-sollen-in-citta-della-pieve\/kirche-santagostino\/","og_site_name":"Exploring Umbria","article_publisher":"https:\/\/www.facebook.com\/exploringumbria\/","article_modified_time":"2020-08-06T10:08:33+00:00","twitter_card":"summary_large_image","twitter_misc":{"Gesch\u00e4tzte Lesezeit":"1\u00a0Minute"},"schema":{"@context":"https:\/\/schema.org","@graph":[{"@type":"Organization","@id":"https:\/\/www.exploring-umbria.com\/de\/#organization","name":"Exploring Umbria","url":"https:\/\/www.exploring-umbria.com\/de\/","sameAs":["https:\/\/www.facebook.com\/exploringumbria\/","https:\/\/www.instagram.com\/exploringumbria\/"],"logo":{"@type":"ImageObject","@id":"https:\/\/www.exploring-umbria.com\/de\/#logo","inLanguage":"de","url":"https:\/\/www.exploring-umbria.com\/wp-content\/uploads\/2019\/08\/solo-logo-verde.jpg","contentUrl":"https:\/\/www.exploring-umbria.com\/wp-content\/uploads\/2019\/08\/solo-logo-verde.jpg","width":952,"height":532,"caption":"Exploring Umbria"},"image":{"@id":"https:\/\/www.exploring-umbria.com\/de\/#logo"}},{"@type":"WebSite","@id":"https:\/\/www.exploring-umbria.com\/de\/#website","url":"https:\/\/www.exploring-umbria.com\/de\/","name":"Exploring Umbria","description":"your dates, your mood, your trip","publisher":{"@id":"https:\/\/www.exploring-umbria.com\/de\/#organization"},"potentialAction":[{"@type":"SearchAction","target":{"@type":"EntryPoint","urlTemplate":"https:\/\/www.exploring-umbria.com\/de\/?s={search_term_string}"},"query-input":"required name=search_term_string"}],"inLanguage":"de"},{"@type":"WebPage","@id":"https:\/\/www.exploring-umbria.com\/de\/borghi-in-umbria-tanti-piccoli-gioielli-nascosti\/was-sie-sehen-sollen-in-citta-della-pieve\/kirche-santagostino\/#webpage","url":"https:\/\/www.exploring-umbria.com\/de\/borghi-in-umbria-tanti-piccoli-gioielli-nascosti\/was-sie-sehen-sollen-in-citta-della-pieve\/kirche-santagostino\/","name":"Kirche Sant'Agostino - Exploring Umbria","isPartOf":{"@id":"https:\/\/www.exploring-umbria.com\/de\/#website"},"datePublished":"2019-05-21T13:11:58+00:00","dateModified":"2020-08-06T10:08:33+00:00","description":"Die Kirche Sant'Agostino wurde etwa in der H\u00e4lfte des 13. Jahrhunderts au\u00dferhalb der Stadtmauern von Citt\u00e0 della Pieve errichtet. Mit der","breadcrumb":{"@id":"https:\/\/www.exploring-umbria.com\/de\/borghi-in-umbria-tanti-piccoli-gioielli-nascosti\/was-sie-sehen-sollen-in-citta-della-pieve\/kirche-santagostino\/#breadcrumb"},"inLanguage":"de","potentialAction":[{"@type":"ReadAction","target":["https:\/\/www.exploring-umbria.com\/de\/borghi-in-umbria-tanti-piccoli-gioielli-nascosti\/was-sie-sehen-sollen-in-citta-della-pieve\/kirche-santagostino\/"]}]},{"@type":"BreadcrumbList","@id":"https:\/\/www.exploring-umbria.com\/de\/borghi-in-umbria-tanti-piccoli-gioielli-nascosti\/was-sie-sehen-sollen-in-citta-della-pieve\/kirche-santagostino\/#breadcrumb","itemListElement":[{"@type":"ListItem","position":1,"name":"Home","item":"https:\/\/www.exploring-umbria.com\/de\/"},{"@type":"ListItem","position":2,"name":"Borghi in Umbria: tanti piccoli gioielli nascosti","item":"https:\/\/www.exploring-umbria.com\/de\/borghi-in-umbria-tanti-piccoli-gioielli-nascosti\/"},{"@type":"ListItem","position":3,"name":"Was Sie sehen sollen in Citt\u00e0 della Pieve","item":"https:\/\/www.exploring-umbria.com\/de\/borghi-in-umbria-tanti-piccoli-gioielli-nascosti\/was-sie-sehen-sollen-in-citta-della-pieve\/"},{"@type":"ListItem","position":4,"name":"Kirche Sant&#8217;Agostino"}]}]}},"_links":{"self":[{"href":"https:\/\/www.exploring-umbria.com\/de\/wp-json\/wp\/v2\/pages\/39061"}],"collection":[{"href":"https:\/\/www.exploring-umbria.com\/de\/wp-json\/wp\/v2\/pages"}],"about":[{"href":"https:\/\/www.exploring-umbria.com\/de\/wp-json\/wp\/v2\/types\/page"}],"author":[{"embeddable":true,"href":"https:\/\/www.exploring-umbria.com\/de\/wp-json\/wp\/v2\/users\/4"}],"replies":[{"embeddable":true,"href":"https:\/\/www.exploring-umbria.com\/de\/wp-json\/wp\/v2\/comments?post=39061"}],"version-history":[{"count":2,"href":"https:\/\/www.exploring-umbria.com\/de\/wp-json\/wp\/v2\/pages\/39061\/revisions"}],"predecessor-version":[{"id":39064,"href":"https:\/\/www.exploring-umbria.com\/de\/wp-json\/wp\/v2\/pages\/39061\/revisions\/39064"}],"up":[{"embeddable":true,"href":"https:\/\/www.exploring-umbria.com\/de\/wp-json\/wp\/v2\/pages\/34933"}],"wp:attachment":[{"href":"https:\/\/www.exploring-umbria.com\/de\/wp-json\/wp\/v2\/media?parent=39061"}],"curies":[{"name":"wp","href":"https:\/\/api.w.org\/{rel}","templated":true}]}}