{"id":38462,"date":"2019-03-26T20:44:40","date_gmt":"2019-03-26T19:44:40","guid":{"rendered":"https:\/\/www.exploring-umbria.com\/borghi-in-umbria-tanti-piccoli-gioielli-nascosti\/was-sie-sehen-sollen-in-bevagna\/chiesa-di-san-silvestro-a-bevagna\/"},"modified":"2020-07-24T18:18:35","modified_gmt":"2020-07-24T16:18:35","slug":"kirche-san-silvestro-in-bevagna","status":"publish","type":"page","link":"https:\/\/www.exploring-umbria.com\/de\/borghi-in-umbria-tanti-piccoli-gioielli-nascosti\/was-sie-sehen-sollen-in-bevagna\/kirche-san-silvestro-in-bevagna\/","title":{"rendered":"Kirche San Silvestro in Bevagna"},"content":{"rendered":"<p><strong>Die Kirche San Silvestro<\/strong> ist die \u00e4lteste Kirche auf der Piazza Silvestri in Bevagna. Sie wurde im Jahr 1195 vom Meister <em>Binello<\/em> errichtet, was eine Inschrift neben dem Eingang bezeugt.<\/p>\n<p>Der Grundriss im romanischen Stil wurde nicht fertiggestellt, was durch den fehlenden Kirchturm sofort auff\u00e4llt.<\/p>\n<p>Die Fassade des Geb\u00e4udes besteht im unteren Bereich aus Travertin sowie im oberen Bereich aus wei\u00dfem und rotem Stein. Oben befinden sich in der Mitte au\u00dferdem ein dreibogiges Fenster und zwei zweibogige Fenster. Das <strong>Tor<\/strong> am Eingang ist mit einem <strong>Fries<\/strong> mit klassischen und geometrischen Elementen verziert und verf\u00fcgt \u00fcber eine deutliche allegorische Bedeutung: links steht der Berg f\u00fcr Christus, die vier B\u00e4che weisen auf die vier Evangelisten hin und der Rebstock sowie die Tiere sind jeweils Darstellungen f\u00fcr Kirche und Gl\u00e4ubige; rechts symbolisiert ein Drache den D\u00e4mon.<\/p>\n<p>Im Inneren der Basilika erhebt sich in drei Schiffen das Presbyterium auf eine erh\u00f6hte Position, die \u00fcber einige Stufen erreichbar ist. So wird der darunterliegenden Krypta mehr Weite und Tiefe verliehen. Die imposanten S\u00e4ulen mit Kapitellen im korinthischen Stil begrenzen den Raum jedes Schiffs.<\/p>\n<p>Die Innenbereiche der Kirche S. Silvestro sind nicht reich verziert und in bunten Farben gestaltet sowie mit Firlefanz oder leuchtenden W\u00e4nden versehen. Vielmehr versuchen die wenigen vorhandenen dekorativen Elemente den materiellen Reichtum nicht zum Ausdruck zu bringen. Im Gegenteil scheint die <strong>Einfachheit<\/strong> die besondere Eigenschaft der Kirche zu sein. Das Licht tritt durch die wenigen Fenster ein, scheint sich jedoch zu verbreiten und die Innenbereiche aufzuhellen, insbesondere das Hauptschiff, das \u00e4u\u00dferst sonnig erscheint. Beim Beobachten der B\u00f6den, W\u00e4nde, S\u00e4ulen, B\u00f6gen und Gew\u00f6lbe ist die Spiritualit\u00e4t des Ortes und seine Meisterhaftigkeit wahrzunehmen, und im Innern scheint die Zeit stehengeblieben zu sein.<\/p>\n<p>Die Kirche wurde zwischen 1953 und 1954 sowie im Jahr 1987 restauriert.<\/p>\n","protected":false},"excerpt":{"rendered":"<p>Die Kirche San Silvestro ist die \u00e4lteste Kirche auf der Piazza Silvestri in Bevagna. Sie wurde im Jahr 1195 vom Meister Binello errichtet, was eine Inschrift neben dem Eingang bezeugt. Der Grundriss im romanischen Stil wurde nicht fertiggestellt, was durch den fehlenden Kirchturm sofort auff\u00e4llt. Die Fassade des Geb\u00e4udes besteht im unteren Bereich aus Travertin [&hellip;]<\/p>\n","protected":false},"author":4,"featured_media":0,"parent":38430,"menu_order":4,"comment_status":"closed","ping_status":"closed","template":"","meta":{"om_disable_all_campaigns":false,"_monsterinsights_skip_tracking":false,"_monsterinsights_sitenote_active":false,"_monsterinsights_sitenote_note":"","_monsterinsights_sitenote_category":0},"acf":[],"yoast_head":"<!-- This site is optimized with the Yoast SEO plugin v18.4.1 - https:\/\/yoast.com\/wordpress\/plugins\/seo\/ -->\n<title>Kirche San Silvestro in Bevagna - Exploring Umbria<\/title>\n<meta name=\"description\" content=\"Die Kirche San Silvestro ist die \u00e4lteste Kirche auf der Piazza Silvestri in Bevagna. Sie wurde im Jahr 1195 vom Meister Binello errichtet, was eine\" \/>\n<meta name=\"robots\" content=\"index, follow, max-snippet:-1, max-image-preview:large, max-video-preview:-1\" \/>\n<link rel=\"canonical\" href=\"https:\/\/www.exploring-umbria.com\/de\/borghi-in-umbria-tanti-piccoli-gioielli-nascosti\/was-sie-sehen-sollen-in-bevagna\/kirche-san-silvestro-in-bevagna\/\" \/>\n<meta property=\"og:locale\" content=\"de_DE\" \/>\n<meta property=\"og:type\" content=\"article\" \/>\n<meta property=\"og:title\" content=\"Kirche San Silvestro in Bevagna - Exploring Umbria\" \/>\n<meta property=\"og:description\" content=\"Die Kirche San Silvestro ist die \u00e4lteste Kirche auf der Piazza Silvestri in Bevagna. Sie wurde im Jahr 1195 vom Meister Binello errichtet, was eine\" \/>\n<meta property=\"og:url\" content=\"https:\/\/www.exploring-umbria.com\/de\/borghi-in-umbria-tanti-piccoli-gioielli-nascosti\/was-sie-sehen-sollen-in-bevagna\/kirche-san-silvestro-in-bevagna\/\" \/>\n<meta property=\"og:site_name\" content=\"Exploring Umbria\" \/>\n<meta property=\"article:publisher\" content=\"https:\/\/www.facebook.com\/exploringumbria\/\" \/>\n<meta property=\"article:modified_time\" content=\"2020-07-24T16:18:35+00:00\" \/>\n<meta name=\"twitter:card\" content=\"summary_large_image\" \/>\n<meta name=\"twitter:label1\" content=\"Gesch\u00e4tzte Lesezeit\" \/>\n\t<meta name=\"twitter:data1\" content=\"2\u00a0Minuten\" \/>\n<script type=\"application\/ld+json\" class=\"yoast-schema-graph\">{\"@context\":\"https:\/\/schema.org\",\"@graph\":[{\"@type\":\"Organization\",\"@id\":\"https:\/\/www.exploring-umbria.com\/de\/#organization\",\"name\":\"Exploring Umbria\",\"url\":\"https:\/\/www.exploring-umbria.com\/de\/\",\"sameAs\":[\"https:\/\/www.facebook.com\/exploringumbria\/\",\"https:\/\/www.instagram.com\/exploringumbria\/\"],\"logo\":{\"@type\":\"ImageObject\",\"@id\":\"https:\/\/www.exploring-umbria.com\/de\/#logo\",\"inLanguage\":\"de\",\"url\":\"https:\/\/www.exploring-umbria.com\/wp-content\/uploads\/2019\/08\/solo-logo-verde.jpg\",\"contentUrl\":\"https:\/\/www.exploring-umbria.com\/wp-content\/uploads\/2019\/08\/solo-logo-verde.jpg\",\"width\":952,\"height\":532,\"caption\":\"Exploring Umbria\"},\"image\":{\"@id\":\"https:\/\/www.exploring-umbria.com\/de\/#logo\"}},{\"@type\":\"WebSite\",\"@id\":\"https:\/\/www.exploring-umbria.com\/de\/#website\",\"url\":\"https:\/\/www.exploring-umbria.com\/de\/\",\"name\":\"Exploring Umbria\",\"description\":\"your dates, your mood, your trip\",\"publisher\":{\"@id\":\"https:\/\/www.exploring-umbria.com\/de\/#organization\"},\"potentialAction\":[{\"@type\":\"SearchAction\",\"target\":{\"@type\":\"EntryPoint\",\"urlTemplate\":\"https:\/\/www.exploring-umbria.com\/de\/?s={search_term_string}\"},\"query-input\":\"required name=search_term_string\"}],\"inLanguage\":\"de\"},{\"@type\":\"WebPage\",\"@id\":\"https:\/\/www.exploring-umbria.com\/de\/borghi-in-umbria-tanti-piccoli-gioielli-nascosti\/was-sie-sehen-sollen-in-bevagna\/kirche-san-silvestro-in-bevagna\/#webpage\",\"url\":\"https:\/\/www.exploring-umbria.com\/de\/borghi-in-umbria-tanti-piccoli-gioielli-nascosti\/was-sie-sehen-sollen-in-bevagna\/kirche-san-silvestro-in-bevagna\/\",\"name\":\"Kirche San Silvestro in Bevagna - Exploring Umbria\",\"isPartOf\":{\"@id\":\"https:\/\/www.exploring-umbria.com\/de\/#website\"},\"datePublished\":\"2019-03-26T19:44:40+00:00\",\"dateModified\":\"2020-07-24T16:18:35+00:00\",\"description\":\"Die Kirche San Silvestro ist die \u00e4lteste Kirche auf der Piazza Silvestri in Bevagna. Sie wurde im Jahr 1195 vom Meister Binello errichtet, was eine\",\"breadcrumb\":{\"@id\":\"https:\/\/www.exploring-umbria.com\/de\/borghi-in-umbria-tanti-piccoli-gioielli-nascosti\/was-sie-sehen-sollen-in-bevagna\/kirche-san-silvestro-in-bevagna\/#breadcrumb\"},\"inLanguage\":\"de\",\"potentialAction\":[{\"@type\":\"ReadAction\",\"target\":[\"https:\/\/www.exploring-umbria.com\/de\/borghi-in-umbria-tanti-piccoli-gioielli-nascosti\/was-sie-sehen-sollen-in-bevagna\/kirche-san-silvestro-in-bevagna\/\"]}]},{\"@type\":\"BreadcrumbList\",\"@id\":\"https:\/\/www.exploring-umbria.com\/de\/borghi-in-umbria-tanti-piccoli-gioielli-nascosti\/was-sie-sehen-sollen-in-bevagna\/kirche-san-silvestro-in-bevagna\/#breadcrumb\",\"itemListElement\":[{\"@type\":\"ListItem\",\"position\":1,\"name\":\"Home\",\"item\":\"https:\/\/www.exploring-umbria.com\/de\/\"},{\"@type\":\"ListItem\",\"position\":2,\"name\":\"Borghi in Umbria: tanti piccoli gioielli nascosti\",\"item\":\"https:\/\/www.exploring-umbria.com\/de\/borghi-in-umbria-tanti-piccoli-gioielli-nascosti\/\"},{\"@type\":\"ListItem\",\"position\":3,\"name\":\"Was Sie sehen sollen in Bevagna\",\"item\":\"https:\/\/www.exploring-umbria.com\/de\/borghi-in-umbria-tanti-piccoli-gioielli-nascosti\/was-sie-sehen-sollen-in-bevagna\/\"},{\"@type\":\"ListItem\",\"position\":4,\"name\":\"Kirche San Silvestro in Bevagna\"}]}]}<\/script>\n<!-- \/ Yoast SEO plugin. -->","yoast_head_json":{"title":"Kirche San Silvestro in Bevagna - Exploring Umbria","description":"Die Kirche San Silvestro ist die \u00e4lteste Kirche auf der Piazza Silvestri in Bevagna. Sie wurde im Jahr 1195 vom Meister Binello errichtet, was eine","robots":{"index":"index","follow":"follow","max-snippet":"max-snippet:-1","max-image-preview":"max-image-preview:large","max-video-preview":"max-video-preview:-1"},"canonical":"https:\/\/www.exploring-umbria.com\/de\/borghi-in-umbria-tanti-piccoli-gioielli-nascosti\/was-sie-sehen-sollen-in-bevagna\/kirche-san-silvestro-in-bevagna\/","og_locale":"de_DE","og_type":"article","og_title":"Kirche San Silvestro in Bevagna - Exploring Umbria","og_description":"Die Kirche San Silvestro ist die \u00e4lteste Kirche auf der Piazza Silvestri in Bevagna. Sie wurde im Jahr 1195 vom Meister Binello errichtet, was eine","og_url":"https:\/\/www.exploring-umbria.com\/de\/borghi-in-umbria-tanti-piccoli-gioielli-nascosti\/was-sie-sehen-sollen-in-bevagna\/kirche-san-silvestro-in-bevagna\/","og_site_name":"Exploring Umbria","article_publisher":"https:\/\/www.facebook.com\/exploringumbria\/","article_modified_time":"2020-07-24T16:18:35+00:00","twitter_card":"summary_large_image","twitter_misc":{"Gesch\u00e4tzte Lesezeit":"2\u00a0Minuten"},"schema":{"@context":"https:\/\/schema.org","@graph":[{"@type":"Organization","@id":"https:\/\/www.exploring-umbria.com\/de\/#organization","name":"Exploring Umbria","url":"https:\/\/www.exploring-umbria.com\/de\/","sameAs":["https:\/\/www.facebook.com\/exploringumbria\/","https:\/\/www.instagram.com\/exploringumbria\/"],"logo":{"@type":"ImageObject","@id":"https:\/\/www.exploring-umbria.com\/de\/#logo","inLanguage":"de","url":"https:\/\/www.exploring-umbria.com\/wp-content\/uploads\/2019\/08\/solo-logo-verde.jpg","contentUrl":"https:\/\/www.exploring-umbria.com\/wp-content\/uploads\/2019\/08\/solo-logo-verde.jpg","width":952,"height":532,"caption":"Exploring Umbria"},"image":{"@id":"https:\/\/www.exploring-umbria.com\/de\/#logo"}},{"@type":"WebSite","@id":"https:\/\/www.exploring-umbria.com\/de\/#website","url":"https:\/\/www.exploring-umbria.com\/de\/","name":"Exploring Umbria","description":"your dates, your mood, your trip","publisher":{"@id":"https:\/\/www.exploring-umbria.com\/de\/#organization"},"potentialAction":[{"@type":"SearchAction","target":{"@type":"EntryPoint","urlTemplate":"https:\/\/www.exploring-umbria.com\/de\/?s={search_term_string}"},"query-input":"required name=search_term_string"}],"inLanguage":"de"},{"@type":"WebPage","@id":"https:\/\/www.exploring-umbria.com\/de\/borghi-in-umbria-tanti-piccoli-gioielli-nascosti\/was-sie-sehen-sollen-in-bevagna\/kirche-san-silvestro-in-bevagna\/#webpage","url":"https:\/\/www.exploring-umbria.com\/de\/borghi-in-umbria-tanti-piccoli-gioielli-nascosti\/was-sie-sehen-sollen-in-bevagna\/kirche-san-silvestro-in-bevagna\/","name":"Kirche San Silvestro in Bevagna - Exploring Umbria","isPartOf":{"@id":"https:\/\/www.exploring-umbria.com\/de\/#website"},"datePublished":"2019-03-26T19:44:40+00:00","dateModified":"2020-07-24T16:18:35+00:00","description":"Die Kirche San Silvestro ist die \u00e4lteste Kirche auf der Piazza Silvestri in Bevagna. Sie wurde im Jahr 1195 vom Meister Binello errichtet, was eine","breadcrumb":{"@id":"https:\/\/www.exploring-umbria.com\/de\/borghi-in-umbria-tanti-piccoli-gioielli-nascosti\/was-sie-sehen-sollen-in-bevagna\/kirche-san-silvestro-in-bevagna\/#breadcrumb"},"inLanguage":"de","potentialAction":[{"@type":"ReadAction","target":["https:\/\/www.exploring-umbria.com\/de\/borghi-in-umbria-tanti-piccoli-gioielli-nascosti\/was-sie-sehen-sollen-in-bevagna\/kirche-san-silvestro-in-bevagna\/"]}]},{"@type":"BreadcrumbList","@id":"https:\/\/www.exploring-umbria.com\/de\/borghi-in-umbria-tanti-piccoli-gioielli-nascosti\/was-sie-sehen-sollen-in-bevagna\/kirche-san-silvestro-in-bevagna\/#breadcrumb","itemListElement":[{"@type":"ListItem","position":1,"name":"Home","item":"https:\/\/www.exploring-umbria.com\/de\/"},{"@type":"ListItem","position":2,"name":"Borghi in Umbria: tanti piccoli gioielli nascosti","item":"https:\/\/www.exploring-umbria.com\/de\/borghi-in-umbria-tanti-piccoli-gioielli-nascosti\/"},{"@type":"ListItem","position":3,"name":"Was Sie sehen sollen in Bevagna","item":"https:\/\/www.exploring-umbria.com\/de\/borghi-in-umbria-tanti-piccoli-gioielli-nascosti\/was-sie-sehen-sollen-in-bevagna\/"},{"@type":"ListItem","position":4,"name":"Kirche San Silvestro in Bevagna"}]}]}},"_links":{"self":[{"href":"https:\/\/www.exploring-umbria.com\/de\/wp-json\/wp\/v2\/pages\/38462"}],"collection":[{"href":"https:\/\/www.exploring-umbria.com\/de\/wp-json\/wp\/v2\/pages"}],"about":[{"href":"https:\/\/www.exploring-umbria.com\/de\/wp-json\/wp\/v2\/types\/page"}],"author":[{"embeddable":true,"href":"https:\/\/www.exploring-umbria.com\/de\/wp-json\/wp\/v2\/users\/4"}],"replies":[{"embeddable":true,"href":"https:\/\/www.exploring-umbria.com\/de\/wp-json\/wp\/v2\/comments?post=38462"}],"version-history":[{"count":2,"href":"https:\/\/www.exploring-umbria.com\/de\/wp-json\/wp\/v2\/pages\/38462\/revisions"}],"predecessor-version":[{"id":38465,"href":"https:\/\/www.exploring-umbria.com\/de\/wp-json\/wp\/v2\/pages\/38462\/revisions\/38465"}],"up":[{"embeddable":true,"href":"https:\/\/www.exploring-umbria.com\/de\/wp-json\/wp\/v2\/pages\/38430"}],"wp:attachment":[{"href":"https:\/\/www.exploring-umbria.com\/de\/wp-json\/wp\/v2\/media?parent=38462"}],"curies":[{"name":"wp","href":"https:\/\/api.w.org\/{rel}","templated":true}]}}