{"id":38436,"date":"2019-03-26T20:27:03","date_gmt":"2019-03-26T19:27:03","guid":{"rendered":"https:\/\/www.exploring-umbria.com\/borghi-in-umbria-tanti-piccoli-gioielli-nascosti\/cosa-fare-a-bevagna\/"},"modified":"2020-07-24T17:51:53","modified_gmt":"2020-07-24T15:51:53","slug":"was-sie-machen-sollen-in-bevagna","status":"publish","type":"page","link":"https:\/\/www.exploring-umbria.com\/de\/borghi-in-umbria-tanti-piccoli-gioielli-nascosti\/was-sie-machen-sollen-in-bevagna\/","title":{"rendered":"Was Sie machen sollen in Bevagna"},"content":{"rendered":"<p><strong>Entdecken Sie, was Sie in Bevagna machen koennen\u00a0<\/strong><\/p>\n<p>Wenn Sie ein Kunstliebhaber sind und mehr \u00fcber die Geschichte von Bevagna erfahren m\u00f6chten, k\u00f6nnen Sie das historische Zentrum sowie das <strong>Stadtmuseum<\/strong> besuchen; Sie k\u00f6nnen zahlreiche arch\u00e4ologische Funde aus der vorr\u00f6mischen und r\u00f6mischen Zeit, die wertvollen mittelalterlichen Pergamente und die kostbaren Gem\u00e4lde und Skulpturen bewundern, die seit Jahrtausenden zum Erbe der Stadt geh\u00f6ren.<\/p>\n<p>Wenn Sie hingegen abenteuerlustig sind und sich gerne in der Natur bewegen, empfehlen wir Ihnen das <a href=\"https:\/\/www.exploring-umbria.com\/de\/aktivitaten\/biking-on-the-plains-of-bevagna\/\" target=\"_blank\" rel=\"noopener noreferrer\"><strong>Mountainbiken<\/strong> <\/a>auf den vielen Wegen und Strecken auf den Bergen, H\u00fcgeln und Ebenen, die sowohl f\u00fcr Anf\u00e4nger wie auch f\u00fcr Profis geeignet sind, sowie das <strong>Reiten<\/strong>, um unbekannte Gebiete zu erkunden und Ihre Begeisterung f\u00fcr die Sch\u00f6nheit und Vielfalt der Gegend zu leben.<\/p>\n<p>Denjenigen, die Fahrr\u00e4der nicht m\u00f6gen, aber dennoch etwas Zeit mit atemberaubenden Aussichten verbringen m\u00f6chten, empfehlen wir <a href=\"https:\/\/www.exploring-umbria.com\/de\/aktivitaten\/trekking-around-bevagna\/\" target=\"_blank\" rel=\"noopener noreferrer\">Wandern<\/a> auf zahlreichen Wanderwegen oder einfache und erholsame Spazierg\u00e4nge unter freiem Himmel, wie z.B. einen Besuch des <strong>Wallfahrtsortes Madonna delle Grazie<\/strong> auf dem H\u00fcgel <em>Colpulito<\/em>, der von wunderbaren Olivenhainen und Weinbergen umgeben ist. Durch die erh\u00f6hte Lage k\u00f6nnen Sie das <a href=\"https:\/\/it.wikipedia.org\/wiki\/Valle_Umbra\" target=\"_blank\" rel=\"noopener noreferrer\">umbrische Tal<\/a> in seiner ganzen nat\u00fcrlichen Pracht bewundern und herrliche Momente der Ruhe genie\u00dfen. Auf dem weiteren Weg kann auch der <strong>Wallfahrtsort<\/strong> <strong>Madonna della Valle<\/strong> besuchen und die <strong>Burg Torre del Colle<\/strong> erreichen, eine eindrucksvolle Siedlung mit einem Ursprung, der sehr weit zur\u00fcckliegt.<\/p>\n<p>Besonders interessant ist auch der Spaziergang entlang der <strong>Stadtmauern<\/strong>, die eine Gesamtl\u00e4nge von etwa 1700 Metern haben. In Bevagna sind die \u00fcbereinander angeordneten r\u00f6mischen und mittelalterlichen Mauern und sogar die Stadttore bis heute gut erhalten. Au\u00dferdem werden auch andere Aktivit\u00e4ten wie <strong>Bogenschie\u00dfen<\/strong>, <strong>Kanufahren<\/strong>, <strong>Angeln<\/strong> und <strong>Schwimmen<\/strong> angeboten.<\/p>\n","protected":false},"excerpt":{"rendered":"<p>Entdecken Sie, was Sie in Bevagna machen koennen\u00a0 Wenn Sie ein Kunstliebhaber sind und mehr \u00fcber die Geschichte von Bevagna erfahren m\u00f6chten, k\u00f6nnen Sie das historische Zentrum sowie das Stadtmuseum besuchen; Sie k\u00f6nnen zahlreiche arch\u00e4ologische Funde aus der vorr\u00f6mischen und r\u00f6mischen Zeit, die wertvollen mittelalterlichen Pergamente und die kostbaren Gem\u00e4lde und Skulpturen bewundern, die seit [&hellip;]<\/p>\n","protected":false},"author":4,"featured_media":13085,"parent":3271,"menu_order":0,"comment_status":"closed","ping_status":"closed","template":"","meta":{"om_disable_all_campaigns":false,"_monsterinsights_skip_tracking":false,"_monsterinsights_sitenote_active":false,"_monsterinsights_sitenote_note":"","_monsterinsights_sitenote_category":0},"acf":[],"yoast_head":"<!-- This site is optimized with the Yoast SEO plugin v18.4.1 - https:\/\/yoast.com\/wordpress\/plugins\/seo\/ -->\n<title>Was Sie machen sollen in Bevagna - Exploring Umbria<\/title>\n<meta name=\"description\" content=\"Entdecken Sie, was Sie in Bevagna machen koennen\u00a0 Wenn Sie ein Kunstliebhaber sind und mehr \u00fcber die Geschichte von Bevagna erfahren m\u00f6chten, k\u00f6nnen Sie\" \/>\n<meta name=\"robots\" content=\"index, follow, max-snippet:-1, max-image-preview:large, max-video-preview:-1\" \/>\n<link rel=\"canonical\" href=\"https:\/\/www.exploring-umbria.com\/de\/borghi-in-umbria-tanti-piccoli-gioielli-nascosti\/was-sie-machen-sollen-in-bevagna\/\" \/>\n<meta property=\"og:locale\" content=\"de_DE\" \/>\n<meta property=\"og:type\" content=\"article\" \/>\n<meta property=\"og:title\" content=\"Was Sie machen sollen in Bevagna - Exploring Umbria\" \/>\n<meta property=\"og:description\" content=\"Entdecken Sie, was Sie in Bevagna machen koennen\u00a0 Wenn Sie ein Kunstliebhaber sind und mehr \u00fcber die Geschichte von Bevagna erfahren m\u00f6chten, k\u00f6nnen Sie\" \/>\n<meta property=\"og:url\" content=\"https:\/\/www.exploring-umbria.com\/de\/borghi-in-umbria-tanti-piccoli-gioielli-nascosti\/was-sie-machen-sollen-in-bevagna\/\" \/>\n<meta property=\"og:site_name\" content=\"Exploring Umbria\" \/>\n<meta property=\"article:publisher\" content=\"https:\/\/www.facebook.com\/exploringumbria\/\" \/>\n<meta property=\"article:modified_time\" content=\"2020-07-24T15:51:53+00:00\" \/>\n<meta property=\"og:image\" content=\"https:\/\/www.exploring-umbria.com\/wp-content\/uploads\/2019\/06\/DA-DI-FILIPPO-PAESAGGIO-BEVAGNA-VERDE-COLLI.jpg\" \/>\n\t<meta property=\"og:image:width\" content=\"1800\" \/>\n\t<meta property=\"og:image:height\" content=\"1350\" \/>\n\t<meta property=\"og:image:type\" content=\"image\/jpeg\" \/>\n<meta name=\"twitter:card\" content=\"summary_large_image\" \/>\n<meta name=\"twitter:label1\" content=\"Gesch\u00e4tzte Lesezeit\" \/>\n\t<meta name=\"twitter:data1\" content=\"1\u00a0Minute\" \/>\n<script type=\"application\/ld+json\" class=\"yoast-schema-graph\">{\"@context\":\"https:\/\/schema.org\",\"@graph\":[{\"@type\":\"Organization\",\"@id\":\"https:\/\/www.exploring-umbria.com\/de\/#organization\",\"name\":\"Exploring Umbria\",\"url\":\"https:\/\/www.exploring-umbria.com\/de\/\",\"sameAs\":[\"https:\/\/www.facebook.com\/exploringumbria\/\",\"https:\/\/www.instagram.com\/exploringumbria\/\"],\"logo\":{\"@type\":\"ImageObject\",\"@id\":\"https:\/\/www.exploring-umbria.com\/de\/#logo\",\"inLanguage\":\"de\",\"url\":\"https:\/\/www.exploring-umbria.com\/wp-content\/uploads\/2019\/08\/solo-logo-verde.jpg\",\"contentUrl\":\"https:\/\/www.exploring-umbria.com\/wp-content\/uploads\/2019\/08\/solo-logo-verde.jpg\",\"width\":952,\"height\":532,\"caption\":\"Exploring Umbria\"},\"image\":{\"@id\":\"https:\/\/www.exploring-umbria.com\/de\/#logo\"}},{\"@type\":\"WebSite\",\"@id\":\"https:\/\/www.exploring-umbria.com\/de\/#website\",\"url\":\"https:\/\/www.exploring-umbria.com\/de\/\",\"name\":\"Exploring Umbria\",\"description\":\"your dates, your mood, your trip\",\"publisher\":{\"@id\":\"https:\/\/www.exploring-umbria.com\/de\/#organization\"},\"potentialAction\":[{\"@type\":\"SearchAction\",\"target\":{\"@type\":\"EntryPoint\",\"urlTemplate\":\"https:\/\/www.exploring-umbria.com\/de\/?s={search_term_string}\"},\"query-input\":\"required name=search_term_string\"}],\"inLanguage\":\"de\"},{\"@type\":\"ImageObject\",\"@id\":\"https:\/\/www.exploring-umbria.com\/de\/borghi-in-umbria-tanti-piccoli-gioielli-nascosti\/was-sie-machen-sollen-in-bevagna\/#primaryimage\",\"inLanguage\":\"de\",\"url\":\"https:\/\/www.exploring-umbria.com\/wp-content\/uploads\/2019\/06\/DA-DI-FILIPPO-PAESAGGIO-BEVAGNA-VERDE-COLLI.jpg\",\"contentUrl\":\"https:\/\/www.exploring-umbria.com\/wp-content\/uploads\/2019\/06\/DA-DI-FILIPPO-PAESAGGIO-BEVAGNA-VERDE-COLLI.jpg\",\"width\":1800,\"height\":1350,\"caption\":\"cosa fare a bevagna\"},{\"@type\":\"WebPage\",\"@id\":\"https:\/\/www.exploring-umbria.com\/de\/borghi-in-umbria-tanti-piccoli-gioielli-nascosti\/was-sie-machen-sollen-in-bevagna\/#webpage\",\"url\":\"https:\/\/www.exploring-umbria.com\/de\/borghi-in-umbria-tanti-piccoli-gioielli-nascosti\/was-sie-machen-sollen-in-bevagna\/\",\"name\":\"Was Sie machen sollen in Bevagna - Exploring Umbria\",\"isPartOf\":{\"@id\":\"https:\/\/www.exploring-umbria.com\/de\/#website\"},\"primaryImageOfPage\":{\"@id\":\"https:\/\/www.exploring-umbria.com\/de\/borghi-in-umbria-tanti-piccoli-gioielli-nascosti\/was-sie-machen-sollen-in-bevagna\/#primaryimage\"},\"datePublished\":\"2019-03-26T19:27:03+00:00\",\"dateModified\":\"2020-07-24T15:51:53+00:00\",\"description\":\"Entdecken Sie, was Sie in Bevagna machen koennen\u00a0 Wenn Sie ein Kunstliebhaber sind und mehr \u00fcber die Geschichte von Bevagna erfahren m\u00f6chten, k\u00f6nnen Sie\",\"breadcrumb\":{\"@id\":\"https:\/\/www.exploring-umbria.com\/de\/borghi-in-umbria-tanti-piccoli-gioielli-nascosti\/was-sie-machen-sollen-in-bevagna\/#breadcrumb\"},\"inLanguage\":\"de\",\"potentialAction\":[{\"@type\":\"ReadAction\",\"target\":[\"https:\/\/www.exploring-umbria.com\/de\/borghi-in-umbria-tanti-piccoli-gioielli-nascosti\/was-sie-machen-sollen-in-bevagna\/\"]}]},{\"@type\":\"BreadcrumbList\",\"@id\":\"https:\/\/www.exploring-umbria.com\/de\/borghi-in-umbria-tanti-piccoli-gioielli-nascosti\/was-sie-machen-sollen-in-bevagna\/#breadcrumb\",\"itemListElement\":[{\"@type\":\"ListItem\",\"position\":1,\"name\":\"Home\",\"item\":\"https:\/\/www.exploring-umbria.com\/de\/\"},{\"@type\":\"ListItem\",\"position\":2,\"name\":\"Borghi in Umbria: tanti piccoli gioielli nascosti\",\"item\":\"https:\/\/www.exploring-umbria.com\/de\/borghi-in-umbria-tanti-piccoli-gioielli-nascosti\/\"},{\"@type\":\"ListItem\",\"position\":3,\"name\":\"Was Sie machen sollen in Bevagna\"}]}]}<\/script>\n<!-- \/ Yoast SEO plugin. -->","yoast_head_json":{"title":"Was Sie machen sollen in Bevagna - Exploring Umbria","description":"Entdecken Sie, was Sie in Bevagna machen koennen\u00a0 Wenn Sie ein Kunstliebhaber sind und mehr \u00fcber die Geschichte von Bevagna erfahren m\u00f6chten, k\u00f6nnen Sie","robots":{"index":"index","follow":"follow","max-snippet":"max-snippet:-1","max-image-preview":"max-image-preview:large","max-video-preview":"max-video-preview:-1"},"canonical":"https:\/\/www.exploring-umbria.com\/de\/borghi-in-umbria-tanti-piccoli-gioielli-nascosti\/was-sie-machen-sollen-in-bevagna\/","og_locale":"de_DE","og_type":"article","og_title":"Was Sie machen sollen in Bevagna - Exploring Umbria","og_description":"Entdecken Sie, was Sie in Bevagna machen koennen\u00a0 Wenn Sie ein Kunstliebhaber sind und mehr \u00fcber die Geschichte von Bevagna erfahren m\u00f6chten, k\u00f6nnen Sie","og_url":"https:\/\/www.exploring-umbria.com\/de\/borghi-in-umbria-tanti-piccoli-gioielli-nascosti\/was-sie-machen-sollen-in-bevagna\/","og_site_name":"Exploring Umbria","article_publisher":"https:\/\/www.facebook.com\/exploringumbria\/","article_modified_time":"2020-07-24T15:51:53+00:00","og_image":[{"width":1800,"height":1350,"url":"https:\/\/www.exploring-umbria.com\/wp-content\/uploads\/2019\/06\/DA-DI-FILIPPO-PAESAGGIO-BEVAGNA-VERDE-COLLI.jpg","type":"image\/jpeg"}],"twitter_card":"summary_large_image","twitter_misc":{"Gesch\u00e4tzte Lesezeit":"1\u00a0Minute"},"schema":{"@context":"https:\/\/schema.org","@graph":[{"@type":"Organization","@id":"https:\/\/www.exploring-umbria.com\/de\/#organization","name":"Exploring Umbria","url":"https:\/\/www.exploring-umbria.com\/de\/","sameAs":["https:\/\/www.facebook.com\/exploringumbria\/","https:\/\/www.instagram.com\/exploringumbria\/"],"logo":{"@type":"ImageObject","@id":"https:\/\/www.exploring-umbria.com\/de\/#logo","inLanguage":"de","url":"https:\/\/www.exploring-umbria.com\/wp-content\/uploads\/2019\/08\/solo-logo-verde.jpg","contentUrl":"https:\/\/www.exploring-umbria.com\/wp-content\/uploads\/2019\/08\/solo-logo-verde.jpg","width":952,"height":532,"caption":"Exploring Umbria"},"image":{"@id":"https:\/\/www.exploring-umbria.com\/de\/#logo"}},{"@type":"WebSite","@id":"https:\/\/www.exploring-umbria.com\/de\/#website","url":"https:\/\/www.exploring-umbria.com\/de\/","name":"Exploring Umbria","description":"your dates, your mood, your trip","publisher":{"@id":"https:\/\/www.exploring-umbria.com\/de\/#organization"},"potentialAction":[{"@type":"SearchAction","target":{"@type":"EntryPoint","urlTemplate":"https:\/\/www.exploring-umbria.com\/de\/?s={search_term_string}"},"query-input":"required name=search_term_string"}],"inLanguage":"de"},{"@type":"ImageObject","@id":"https:\/\/www.exploring-umbria.com\/de\/borghi-in-umbria-tanti-piccoli-gioielli-nascosti\/was-sie-machen-sollen-in-bevagna\/#primaryimage","inLanguage":"de","url":"https:\/\/www.exploring-umbria.com\/wp-content\/uploads\/2019\/06\/DA-DI-FILIPPO-PAESAGGIO-BEVAGNA-VERDE-COLLI.jpg","contentUrl":"https:\/\/www.exploring-umbria.com\/wp-content\/uploads\/2019\/06\/DA-DI-FILIPPO-PAESAGGIO-BEVAGNA-VERDE-COLLI.jpg","width":1800,"height":1350,"caption":"cosa fare a bevagna"},{"@type":"WebPage","@id":"https:\/\/www.exploring-umbria.com\/de\/borghi-in-umbria-tanti-piccoli-gioielli-nascosti\/was-sie-machen-sollen-in-bevagna\/#webpage","url":"https:\/\/www.exploring-umbria.com\/de\/borghi-in-umbria-tanti-piccoli-gioielli-nascosti\/was-sie-machen-sollen-in-bevagna\/","name":"Was Sie machen sollen in Bevagna - Exploring Umbria","isPartOf":{"@id":"https:\/\/www.exploring-umbria.com\/de\/#website"},"primaryImageOfPage":{"@id":"https:\/\/www.exploring-umbria.com\/de\/borghi-in-umbria-tanti-piccoli-gioielli-nascosti\/was-sie-machen-sollen-in-bevagna\/#primaryimage"},"datePublished":"2019-03-26T19:27:03+00:00","dateModified":"2020-07-24T15:51:53+00:00","description":"Entdecken Sie, was Sie in Bevagna machen koennen\u00a0 Wenn Sie ein Kunstliebhaber sind und mehr \u00fcber die Geschichte von Bevagna erfahren m\u00f6chten, k\u00f6nnen Sie","breadcrumb":{"@id":"https:\/\/www.exploring-umbria.com\/de\/borghi-in-umbria-tanti-piccoli-gioielli-nascosti\/was-sie-machen-sollen-in-bevagna\/#breadcrumb"},"inLanguage":"de","potentialAction":[{"@type":"ReadAction","target":["https:\/\/www.exploring-umbria.com\/de\/borghi-in-umbria-tanti-piccoli-gioielli-nascosti\/was-sie-machen-sollen-in-bevagna\/"]}]},{"@type":"BreadcrumbList","@id":"https:\/\/www.exploring-umbria.com\/de\/borghi-in-umbria-tanti-piccoli-gioielli-nascosti\/was-sie-machen-sollen-in-bevagna\/#breadcrumb","itemListElement":[{"@type":"ListItem","position":1,"name":"Home","item":"https:\/\/www.exploring-umbria.com\/de\/"},{"@type":"ListItem","position":2,"name":"Borghi in Umbria: tanti piccoli gioielli nascosti","item":"https:\/\/www.exploring-umbria.com\/de\/borghi-in-umbria-tanti-piccoli-gioielli-nascosti\/"},{"@type":"ListItem","position":3,"name":"Was Sie machen sollen in Bevagna"}]}]}},"_links":{"self":[{"href":"https:\/\/www.exploring-umbria.com\/de\/wp-json\/wp\/v2\/pages\/38436"}],"collection":[{"href":"https:\/\/www.exploring-umbria.com\/de\/wp-json\/wp\/v2\/pages"}],"about":[{"href":"https:\/\/www.exploring-umbria.com\/de\/wp-json\/wp\/v2\/types\/page"}],"author":[{"embeddable":true,"href":"https:\/\/www.exploring-umbria.com\/de\/wp-json\/wp\/v2\/users\/4"}],"replies":[{"embeddable":true,"href":"https:\/\/www.exploring-umbria.com\/de\/wp-json\/wp\/v2\/comments?post=38436"}],"version-history":[{"count":2,"href":"https:\/\/www.exploring-umbria.com\/de\/wp-json\/wp\/v2\/pages\/38436\/revisions"}],"predecessor-version":[{"id":38439,"href":"https:\/\/www.exploring-umbria.com\/de\/wp-json\/wp\/v2\/pages\/38436\/revisions\/38439"}],"up":[{"embeddable":true,"href":"https:\/\/www.exploring-umbria.com\/de\/wp-json\/wp\/v2\/pages\/3271"}],"wp:featuredmedia":[{"embeddable":true,"href":"https:\/\/www.exploring-umbria.com\/de\/wp-json\/wp\/v2\/media\/13085"}],"wp:attachment":[{"href":"https:\/\/www.exploring-umbria.com\/de\/wp-json\/wp\/v2\/media?parent=38436"}],"curies":[{"name":"wp","href":"https:\/\/api.w.org\/{rel}","templated":true}]}}