{"id":38430,"date":"2019-03-26T20:28:15","date_gmt":"2019-03-26T19:28:15","guid":{"rendered":"https:\/\/www.exploring-umbria.com\/borghi-in-umbria-tanti-piccoli-gioielli-nascosti\/cosa-vedere-a-bevagna\/"},"modified":"2020-07-24T17:39:13","modified_gmt":"2020-07-24T15:39:13","slug":"was-sie-sehen-sollen-in-bevagna","status":"publish","type":"page","link":"https:\/\/www.exploring-umbria.com\/de\/borghi-in-umbria-tanti-piccoli-gioielli-nascosti\/was-sie-sehen-sollen-in-bevagna\/","title":{"rendered":"Was Sie sehen sollen in Bevagna"},"content":{"rendered":"<p><strong>Entdecken Sie, was Sie in Bevagna sehen koennen\u00a0<\/strong><\/p>\n<p>Wenn Sie das Herz des Ortes Bevagna <a href=\"https:\/\/www.exploring-umbria.com\/de\/aktivitaten\/guided-tour-of-bevagna\/\" target=\"_blank\" rel=\"noopener noreferrer\">besuchen<\/a> m\u00f6chten, um den einzigartigen mittelalterlichen Charakter zu genie\u00dfen, ist es unerl\u00e4sslich, einen Spaziergang zur <strong>Piazza Silvestri<\/strong> zu machen. Diese Piazza ist der bedeutendste Ort in Bevagna und auch eine der sch\u00f6nsten Piazze Umbriens. Hier befinden sich einige der wichtigsten Sehensw\u00fcrdigkeiten wie der <strong>Palazzo dei Consoli<\/strong>, die malerische <strong>Kirche<\/strong> <strong>S. Silvestro<\/strong>, die majest\u00e4tische <strong>Kirche S. Michele Arcangelo<\/strong> mit ihrem imposanten Glockenturm und die <strong>Kirche SS. Domenico e Giacomo. <\/strong>Eine Schl\u00fcsselposition, um die Sch\u00f6nheit dieses Ortes zu bewundern, ist die Vogelperspektive, denn die Geb\u00e4ude sind weder symmetrisch noch frontal aneinandergereiht, sondern die unregelm\u00e4\u00dfige Harmonie ist erst durch die verschiedenen Perspektiven zu genie\u00dfen. Ein weiteres verstecktes Juwel der Stadt, das man unbedingt besuchen sollte, ist das kleine, aber sehr sch\u00f6ne <strong>Theater Francesco Torti<\/strong>, das sich seit 1886 im Palazzo dei Consoli, ebenfalls auf der Piazza Silvestri, befindet. Im Inneren k\u00f6nnen Sie auch die sch\u00f6nen Fresken von <em>Piervittori<\/em> und <a href=\"https:\/\/en.wikipedia.org\/wiki\/Domenico_Bruschi\" target=\"_blank\" rel=\"noopener noreferrer\"><em>Bruschi<\/em> <\/a>bewundern.<\/p>\n<p>In Bevagna k\u00f6nnen Sie auch einen sehr interessanten Ort besichtigen, der eine alte mittelalterliche Kunst ans Licht bringt, die jahrhundertelang in Vergessenheit geraten war: die <strong>Papierfabrik &#8222;Valcheria&#8220;<\/strong>. In dieser Werkst\u00e4tte wird noch Papier nach den alten Verfahren der Mazeration von Lappen oder Fetzen aus verschiedenen Materialien wie Baumwolle, Leinen oder Hanf in Kalk hergestellt.<\/p>\n<p>Gl\u00e4ubigen und auch allen anderen, die den Stein sehen m\u00f6chten, auf den der heilige Franziskus w\u00e4hrend seiner Predigt zu den V\u00f6geln seine F\u00fc\u00dfe legte, empfehlen wir den Besuch der Kirche St. Franziskus im Weiler Pian d&#8217;Arca, im h\u00f6chsten Teil von Bevagna. Interessant ist auch der Besuch der <strong>r\u00f6mischen Therme<\/strong> und des gut erhaltenen <strong>Mosaikbodens<\/strong>.<\/p>\n","protected":false},"excerpt":{"rendered":"<p>Entdecken Sie, was Sie in Bevagna sehen koennen\u00a0 Wenn Sie das Herz des Ortes Bevagna besuchen m\u00f6chten, um den einzigartigen mittelalterlichen Charakter zu genie\u00dfen, ist es unerl\u00e4sslich, einen Spaziergang zur Piazza Silvestri zu machen. Diese Piazza ist der bedeutendste Ort in Bevagna und auch eine der sch\u00f6nsten Piazze Umbriens. Hier befinden sich einige der wichtigsten [&hellip;]<\/p>\n","protected":false},"author":4,"featured_media":5985,"parent":3271,"menu_order":0,"comment_status":"closed","ping_status":"closed","template":"","meta":{"om_disable_all_campaigns":false,"_monsterinsights_skip_tracking":false,"_monsterinsights_sitenote_active":false,"_monsterinsights_sitenote_note":"","_monsterinsights_sitenote_category":0},"acf":[],"yoast_head":"<!-- This site is optimized with the Yoast SEO plugin v18.4.1 - https:\/\/yoast.com\/wordpress\/plugins\/seo\/ -->\n<title>Was Sie sehen sollen in Bevagna - Exploring Umbria<\/title>\n<meta name=\"description\" content=\"Entdecken Sie, was Sie in Bevagna sehen koennen\u00a0 Wenn Sie das Herz des Ortes Bevagna besuchen m\u00f6chten, um den einzigartigen mittelalterlichen Charakter zu\" \/>\n<meta name=\"robots\" content=\"index, follow, max-snippet:-1, max-image-preview:large, max-video-preview:-1\" \/>\n<link rel=\"canonical\" href=\"https:\/\/www.exploring-umbria.com\/de\/borghi-in-umbria-tanti-piccoli-gioielli-nascosti\/was-sie-sehen-sollen-in-bevagna\/\" \/>\n<meta property=\"og:locale\" content=\"de_DE\" \/>\n<meta property=\"og:type\" content=\"article\" \/>\n<meta property=\"og:title\" content=\"Was Sie sehen sollen in Bevagna - Exploring Umbria\" \/>\n<meta property=\"og:description\" content=\"Entdecken Sie, was Sie in Bevagna sehen koennen\u00a0 Wenn Sie das Herz des Ortes Bevagna besuchen m\u00f6chten, um den einzigartigen mittelalterlichen Charakter zu\" \/>\n<meta property=\"og:url\" content=\"https:\/\/www.exploring-umbria.com\/de\/borghi-in-umbria-tanti-piccoli-gioielli-nascosti\/was-sie-sehen-sollen-in-bevagna\/\" \/>\n<meta property=\"og:site_name\" content=\"Exploring Umbria\" \/>\n<meta property=\"article:publisher\" content=\"https:\/\/www.facebook.com\/exploringumbria\/\" \/>\n<meta property=\"article:modified_time\" content=\"2020-07-24T15:39:13+00:00\" \/>\n<meta property=\"og:image\" content=\"https:\/\/www.exploring-umbria.com\/wp-content\/uploads\/2019\/05\/BEVAGNA-LAVATOIO-org.jpg\" \/>\n\t<meta property=\"og:image:width\" content=\"1284\" \/>\n\t<meta property=\"og:image:height\" content=\"1800\" \/>\n\t<meta property=\"og:image:type\" content=\"image\/jpeg\" \/>\n<meta name=\"twitter:card\" content=\"summary_large_image\" \/>\n<meta name=\"twitter:label1\" content=\"Gesch\u00e4tzte Lesezeit\" \/>\n\t<meta name=\"twitter:data1\" content=\"1\u00a0Minute\" \/>\n<script type=\"application\/ld+json\" class=\"yoast-schema-graph\">{\"@context\":\"https:\/\/schema.org\",\"@graph\":[{\"@type\":\"Organization\",\"@id\":\"https:\/\/www.exploring-umbria.com\/de\/#organization\",\"name\":\"Exploring Umbria\",\"url\":\"https:\/\/www.exploring-umbria.com\/de\/\",\"sameAs\":[\"https:\/\/www.facebook.com\/exploringumbria\/\",\"https:\/\/www.instagram.com\/exploringumbria\/\"],\"logo\":{\"@type\":\"ImageObject\",\"@id\":\"https:\/\/www.exploring-umbria.com\/de\/#logo\",\"inLanguage\":\"de\",\"url\":\"https:\/\/www.exploring-umbria.com\/wp-content\/uploads\/2019\/08\/solo-logo-verde.jpg\",\"contentUrl\":\"https:\/\/www.exploring-umbria.com\/wp-content\/uploads\/2019\/08\/solo-logo-verde.jpg\",\"width\":952,\"height\":532,\"caption\":\"Exploring Umbria\"},\"image\":{\"@id\":\"https:\/\/www.exploring-umbria.com\/de\/#logo\"}},{\"@type\":\"WebSite\",\"@id\":\"https:\/\/www.exploring-umbria.com\/de\/#website\",\"url\":\"https:\/\/www.exploring-umbria.com\/de\/\",\"name\":\"Exploring Umbria\",\"description\":\"your dates, your mood, your trip\",\"publisher\":{\"@id\":\"https:\/\/www.exploring-umbria.com\/de\/#organization\"},\"potentialAction\":[{\"@type\":\"SearchAction\",\"target\":{\"@type\":\"EntryPoint\",\"urlTemplate\":\"https:\/\/www.exploring-umbria.com\/de\/?s={search_term_string}\"},\"query-input\":\"required name=search_term_string\"}],\"inLanguage\":\"de\"},{\"@type\":\"ImageObject\",\"@id\":\"https:\/\/www.exploring-umbria.com\/de\/borghi-in-umbria-tanti-piccoli-gioielli-nascosti\/was-sie-sehen-sollen-in-bevagna\/#primaryimage\",\"inLanguage\":\"de\",\"url\":\"https:\/\/www.exploring-umbria.com\/wp-content\/uploads\/2019\/05\/BEVAGNA-LAVATOIO-org.jpg\",\"contentUrl\":\"https:\/\/www.exploring-umbria.com\/wp-content\/uploads\/2019\/05\/BEVAGNA-LAVATOIO-org.jpg\",\"width\":1284,\"height\":1800,\"caption\":\"Scopri cosa vedere tra le meraviglie di Bevagna\"},{\"@type\":\"WebPage\",\"@id\":\"https:\/\/www.exploring-umbria.com\/de\/borghi-in-umbria-tanti-piccoli-gioielli-nascosti\/was-sie-sehen-sollen-in-bevagna\/#webpage\",\"url\":\"https:\/\/www.exploring-umbria.com\/de\/borghi-in-umbria-tanti-piccoli-gioielli-nascosti\/was-sie-sehen-sollen-in-bevagna\/\",\"name\":\"Was Sie sehen sollen in Bevagna - Exploring Umbria\",\"isPartOf\":{\"@id\":\"https:\/\/www.exploring-umbria.com\/de\/#website\"},\"primaryImageOfPage\":{\"@id\":\"https:\/\/www.exploring-umbria.com\/de\/borghi-in-umbria-tanti-piccoli-gioielli-nascosti\/was-sie-sehen-sollen-in-bevagna\/#primaryimage\"},\"datePublished\":\"2019-03-26T19:28:15+00:00\",\"dateModified\":\"2020-07-24T15:39:13+00:00\",\"description\":\"Entdecken Sie, was Sie in Bevagna sehen koennen\u00a0 Wenn Sie das Herz des Ortes Bevagna besuchen m\u00f6chten, um den einzigartigen mittelalterlichen Charakter zu\",\"breadcrumb\":{\"@id\":\"https:\/\/www.exploring-umbria.com\/de\/borghi-in-umbria-tanti-piccoli-gioielli-nascosti\/was-sie-sehen-sollen-in-bevagna\/#breadcrumb\"},\"inLanguage\":\"de\",\"potentialAction\":[{\"@type\":\"ReadAction\",\"target\":[\"https:\/\/www.exploring-umbria.com\/de\/borghi-in-umbria-tanti-piccoli-gioielli-nascosti\/was-sie-sehen-sollen-in-bevagna\/\"]}]},{\"@type\":\"BreadcrumbList\",\"@id\":\"https:\/\/www.exploring-umbria.com\/de\/borghi-in-umbria-tanti-piccoli-gioielli-nascosti\/was-sie-sehen-sollen-in-bevagna\/#breadcrumb\",\"itemListElement\":[{\"@type\":\"ListItem\",\"position\":1,\"name\":\"Home\",\"item\":\"https:\/\/www.exploring-umbria.com\/de\/\"},{\"@type\":\"ListItem\",\"position\":2,\"name\":\"Borghi in Umbria: tanti piccoli gioielli nascosti\",\"item\":\"https:\/\/www.exploring-umbria.com\/de\/borghi-in-umbria-tanti-piccoli-gioielli-nascosti\/\"},{\"@type\":\"ListItem\",\"position\":3,\"name\":\"Was Sie sehen sollen in Bevagna\"}]}]}<\/script>\n<!-- \/ Yoast SEO plugin. -->","yoast_head_json":{"title":"Was Sie sehen sollen in Bevagna - Exploring Umbria","description":"Entdecken Sie, was Sie in Bevagna sehen koennen\u00a0 Wenn Sie das Herz des Ortes Bevagna besuchen m\u00f6chten, um den einzigartigen mittelalterlichen Charakter zu","robots":{"index":"index","follow":"follow","max-snippet":"max-snippet:-1","max-image-preview":"max-image-preview:large","max-video-preview":"max-video-preview:-1"},"canonical":"https:\/\/www.exploring-umbria.com\/de\/borghi-in-umbria-tanti-piccoli-gioielli-nascosti\/was-sie-sehen-sollen-in-bevagna\/","og_locale":"de_DE","og_type":"article","og_title":"Was Sie sehen sollen in Bevagna - Exploring Umbria","og_description":"Entdecken Sie, was Sie in Bevagna sehen koennen\u00a0 Wenn Sie das Herz des Ortes Bevagna besuchen m\u00f6chten, um den einzigartigen mittelalterlichen Charakter zu","og_url":"https:\/\/www.exploring-umbria.com\/de\/borghi-in-umbria-tanti-piccoli-gioielli-nascosti\/was-sie-sehen-sollen-in-bevagna\/","og_site_name":"Exploring Umbria","article_publisher":"https:\/\/www.facebook.com\/exploringumbria\/","article_modified_time":"2020-07-24T15:39:13+00:00","og_image":[{"width":1284,"height":1800,"url":"https:\/\/www.exploring-umbria.com\/wp-content\/uploads\/2019\/05\/BEVAGNA-LAVATOIO-org.jpg","type":"image\/jpeg"}],"twitter_card":"summary_large_image","twitter_misc":{"Gesch\u00e4tzte Lesezeit":"1\u00a0Minute"},"schema":{"@context":"https:\/\/schema.org","@graph":[{"@type":"Organization","@id":"https:\/\/www.exploring-umbria.com\/de\/#organization","name":"Exploring Umbria","url":"https:\/\/www.exploring-umbria.com\/de\/","sameAs":["https:\/\/www.facebook.com\/exploringumbria\/","https:\/\/www.instagram.com\/exploringumbria\/"],"logo":{"@type":"ImageObject","@id":"https:\/\/www.exploring-umbria.com\/de\/#logo","inLanguage":"de","url":"https:\/\/www.exploring-umbria.com\/wp-content\/uploads\/2019\/08\/solo-logo-verde.jpg","contentUrl":"https:\/\/www.exploring-umbria.com\/wp-content\/uploads\/2019\/08\/solo-logo-verde.jpg","width":952,"height":532,"caption":"Exploring Umbria"},"image":{"@id":"https:\/\/www.exploring-umbria.com\/de\/#logo"}},{"@type":"WebSite","@id":"https:\/\/www.exploring-umbria.com\/de\/#website","url":"https:\/\/www.exploring-umbria.com\/de\/","name":"Exploring Umbria","description":"your dates, your mood, your trip","publisher":{"@id":"https:\/\/www.exploring-umbria.com\/de\/#organization"},"potentialAction":[{"@type":"SearchAction","target":{"@type":"EntryPoint","urlTemplate":"https:\/\/www.exploring-umbria.com\/de\/?s={search_term_string}"},"query-input":"required name=search_term_string"}],"inLanguage":"de"},{"@type":"ImageObject","@id":"https:\/\/www.exploring-umbria.com\/de\/borghi-in-umbria-tanti-piccoli-gioielli-nascosti\/was-sie-sehen-sollen-in-bevagna\/#primaryimage","inLanguage":"de","url":"https:\/\/www.exploring-umbria.com\/wp-content\/uploads\/2019\/05\/BEVAGNA-LAVATOIO-org.jpg","contentUrl":"https:\/\/www.exploring-umbria.com\/wp-content\/uploads\/2019\/05\/BEVAGNA-LAVATOIO-org.jpg","width":1284,"height":1800,"caption":"Scopri cosa vedere tra le meraviglie di Bevagna"},{"@type":"WebPage","@id":"https:\/\/www.exploring-umbria.com\/de\/borghi-in-umbria-tanti-piccoli-gioielli-nascosti\/was-sie-sehen-sollen-in-bevagna\/#webpage","url":"https:\/\/www.exploring-umbria.com\/de\/borghi-in-umbria-tanti-piccoli-gioielli-nascosti\/was-sie-sehen-sollen-in-bevagna\/","name":"Was Sie sehen sollen in Bevagna - Exploring Umbria","isPartOf":{"@id":"https:\/\/www.exploring-umbria.com\/de\/#website"},"primaryImageOfPage":{"@id":"https:\/\/www.exploring-umbria.com\/de\/borghi-in-umbria-tanti-piccoli-gioielli-nascosti\/was-sie-sehen-sollen-in-bevagna\/#primaryimage"},"datePublished":"2019-03-26T19:28:15+00:00","dateModified":"2020-07-24T15:39:13+00:00","description":"Entdecken Sie, was Sie in Bevagna sehen koennen\u00a0 Wenn Sie das Herz des Ortes Bevagna besuchen m\u00f6chten, um den einzigartigen mittelalterlichen Charakter zu","breadcrumb":{"@id":"https:\/\/www.exploring-umbria.com\/de\/borghi-in-umbria-tanti-piccoli-gioielli-nascosti\/was-sie-sehen-sollen-in-bevagna\/#breadcrumb"},"inLanguage":"de","potentialAction":[{"@type":"ReadAction","target":["https:\/\/www.exploring-umbria.com\/de\/borghi-in-umbria-tanti-piccoli-gioielli-nascosti\/was-sie-sehen-sollen-in-bevagna\/"]}]},{"@type":"BreadcrumbList","@id":"https:\/\/www.exploring-umbria.com\/de\/borghi-in-umbria-tanti-piccoli-gioielli-nascosti\/was-sie-sehen-sollen-in-bevagna\/#breadcrumb","itemListElement":[{"@type":"ListItem","position":1,"name":"Home","item":"https:\/\/www.exploring-umbria.com\/de\/"},{"@type":"ListItem","position":2,"name":"Borghi in Umbria: tanti piccoli gioielli nascosti","item":"https:\/\/www.exploring-umbria.com\/de\/borghi-in-umbria-tanti-piccoli-gioielli-nascosti\/"},{"@type":"ListItem","position":3,"name":"Was Sie sehen sollen in Bevagna"}]}]}},"_links":{"self":[{"href":"https:\/\/www.exploring-umbria.com\/de\/wp-json\/wp\/v2\/pages\/38430"}],"collection":[{"href":"https:\/\/www.exploring-umbria.com\/de\/wp-json\/wp\/v2\/pages"}],"about":[{"href":"https:\/\/www.exploring-umbria.com\/de\/wp-json\/wp\/v2\/types\/page"}],"author":[{"embeddable":true,"href":"https:\/\/www.exploring-umbria.com\/de\/wp-json\/wp\/v2\/users\/4"}],"replies":[{"embeddable":true,"href":"https:\/\/www.exploring-umbria.com\/de\/wp-json\/wp\/v2\/comments?post=38430"}],"version-history":[{"count":2,"href":"https:\/\/www.exploring-umbria.com\/de\/wp-json\/wp\/v2\/pages\/38430\/revisions"}],"predecessor-version":[{"id":38433,"href":"https:\/\/www.exploring-umbria.com\/de\/wp-json\/wp\/v2\/pages\/38430\/revisions\/38433"}],"up":[{"embeddable":true,"href":"https:\/\/www.exploring-umbria.com\/de\/wp-json\/wp\/v2\/pages\/3271"}],"wp:featuredmedia":[{"embeddable":true,"href":"https:\/\/www.exploring-umbria.com\/de\/wp-json\/wp\/v2\/media\/5985"}],"wp:attachment":[{"href":"https:\/\/www.exploring-umbria.com\/de\/wp-json\/wp\/v2\/media?parent=38430"}],"curies":[{"name":"wp","href":"https:\/\/api.w.org\/{rel}","templated":true}]}}