{"id":38244,"date":"2019-03-26T19:26:33","date_gmt":"2019-03-26T18:26:33","guid":{"rendered":"https:\/\/www.exploring-umbria.com\/borghi-in-umbria-tanti-piccoli-gioielli-nascosti\/was-sie-sehen-sollen-in-preci\/cappella-di-san-macario\/"},"modified":"2020-07-23T17:19:22","modified_gmt":"2020-07-23T15:19:22","slug":"kapelle-cappella-di-san-macario","status":"publish","type":"page","link":"https:\/\/www.exploring-umbria.com\/de\/borghi-in-umbria-tanti-piccoli-gioielli-nascosti\/was-sie-sehen-sollen-in-preci\/kapelle-cappella-di-san-macario\/","title":{"rendered":"Kapelle Cappella di San Macario"},"content":{"rendered":"<p>Unweit von der Abtei Sant\u2019Eutizio und von der Einsiedelei San Fiorenzo erhebt sich zwischen der Landschaft des Valnerina-Tales die kleine Kapelle <strong>Cappella di San Macario<\/strong>. Einer Legende nach widmete der Heilige sein Leben der Askese und traf nur einmal pro Woche, am Sonntag, die anderen beiden Eremiten, die in derselben Gegend lebten.<\/p>\n<p>Die drei feierten zusammen Eucharistie und teilten ein kleines Essen, bevor sie den ganzen Tag damit zubrachten sich gegenseitig zu den entsprechenden Einsiedeleien zu begleiten. Die Kapelle ist ganz einfach gemauert, verf\u00fcgt \u00fcber einen rechteckigen Grundriss und ein schr\u00e4ges Dach und ihr Eingang ist durch ein Gitter aus Metall gesch\u00fctzt. Im Inneren der Kapelle befindet sich ein kleiner, mit einem Gem\u00e4lde verzierter Altar, auf dem die drei eremetierten Heiligen dieser Gegend zu sehen sind.<\/p>\n<p>Das Fest vom Hl. Macario wird in Preci am 2. Mai gefeiert.<\/p>\n","protected":false},"excerpt":{"rendered":"<p>Unweit von der Abtei Sant\u2019Eutizio und von der Einsiedelei San Fiorenzo erhebt sich zwischen der Landschaft des Valnerina-Tales die kleine Kapelle Cappella di San Macario. Einer Legende nach widmete der Heilige sein Leben der Askese und traf nur einmal pro Woche, am Sonntag, die anderen beiden Eremiten, die in derselben Gegend lebten. Die drei feierten [&hellip;]<\/p>\n","protected":false},"author":4,"featured_media":0,"parent":38172,"menu_order":8,"comment_status":"closed","ping_status":"closed","template":"","meta":{"om_disable_all_campaigns":false,"_monsterinsights_skip_tracking":false,"_monsterinsights_sitenote_active":false,"_monsterinsights_sitenote_note":"","_monsterinsights_sitenote_category":0},"acf":[],"yoast_head":"<!-- This site is optimized with the Yoast SEO plugin v18.4.1 - https:\/\/yoast.com\/wordpress\/plugins\/seo\/ -->\n<title>Kapelle Cappella di San Macario - Exploring Umbria<\/title>\n<meta name=\"description\" content=\"Unweit von der Abtei Sant\u2019Eutizio und von der Einsiedelei San Fiorenzo erhebt sich zwischen der Landschaft des Valnerina-Tales die kleine Kapelle Cappella\" \/>\n<meta name=\"robots\" content=\"index, follow, max-snippet:-1, max-image-preview:large, max-video-preview:-1\" \/>\n<link rel=\"canonical\" href=\"https:\/\/www.exploring-umbria.com\/de\/borghi-in-umbria-tanti-piccoli-gioielli-nascosti\/was-sie-sehen-sollen-in-preci\/kapelle-cappella-di-san-macario\/\" \/>\n<meta property=\"og:locale\" content=\"de_DE\" \/>\n<meta property=\"og:type\" content=\"article\" \/>\n<meta property=\"og:title\" content=\"Kapelle Cappella di San Macario - Exploring Umbria\" \/>\n<meta property=\"og:description\" content=\"Unweit von der Abtei Sant\u2019Eutizio und von der Einsiedelei San Fiorenzo erhebt sich zwischen der Landschaft des Valnerina-Tales die kleine Kapelle Cappella\" \/>\n<meta property=\"og:url\" content=\"https:\/\/www.exploring-umbria.com\/de\/borghi-in-umbria-tanti-piccoli-gioielli-nascosti\/was-sie-sehen-sollen-in-preci\/kapelle-cappella-di-san-macario\/\" \/>\n<meta property=\"og:site_name\" content=\"Exploring Umbria\" \/>\n<meta property=\"article:publisher\" content=\"https:\/\/www.facebook.com\/exploringumbria\/\" \/>\n<meta property=\"article:modified_time\" content=\"2020-07-23T15:19:22+00:00\" \/>\n<meta name=\"twitter:card\" content=\"summary_large_image\" \/>\n<meta name=\"twitter:label1\" content=\"Gesch\u00e4tzte Lesezeit\" \/>\n\t<meta name=\"twitter:data1\" content=\"1\u00a0Minute\" \/>\n<script type=\"application\/ld+json\" class=\"yoast-schema-graph\">{\"@context\":\"https:\/\/schema.org\",\"@graph\":[{\"@type\":\"Organization\",\"@id\":\"https:\/\/www.exploring-umbria.com\/de\/#organization\",\"name\":\"Exploring Umbria\",\"url\":\"https:\/\/www.exploring-umbria.com\/de\/\",\"sameAs\":[\"https:\/\/www.facebook.com\/exploringumbria\/\",\"https:\/\/www.instagram.com\/exploringumbria\/\"],\"logo\":{\"@type\":\"ImageObject\",\"@id\":\"https:\/\/www.exploring-umbria.com\/de\/#logo\",\"inLanguage\":\"de\",\"url\":\"https:\/\/www.exploring-umbria.com\/wp-content\/uploads\/2019\/08\/solo-logo-verde.jpg\",\"contentUrl\":\"https:\/\/www.exploring-umbria.com\/wp-content\/uploads\/2019\/08\/solo-logo-verde.jpg\",\"width\":952,\"height\":532,\"caption\":\"Exploring Umbria\"},\"image\":{\"@id\":\"https:\/\/www.exploring-umbria.com\/de\/#logo\"}},{\"@type\":\"WebSite\",\"@id\":\"https:\/\/www.exploring-umbria.com\/de\/#website\",\"url\":\"https:\/\/www.exploring-umbria.com\/de\/\",\"name\":\"Exploring Umbria\",\"description\":\"your dates, your mood, your trip\",\"publisher\":{\"@id\":\"https:\/\/www.exploring-umbria.com\/de\/#organization\"},\"potentialAction\":[{\"@type\":\"SearchAction\",\"target\":{\"@type\":\"EntryPoint\",\"urlTemplate\":\"https:\/\/www.exploring-umbria.com\/de\/?s={search_term_string}\"},\"query-input\":\"required name=search_term_string\"}],\"inLanguage\":\"de\"},{\"@type\":\"WebPage\",\"@id\":\"https:\/\/www.exploring-umbria.com\/de\/borghi-in-umbria-tanti-piccoli-gioielli-nascosti\/was-sie-sehen-sollen-in-preci\/kapelle-cappella-di-san-macario\/#webpage\",\"url\":\"https:\/\/www.exploring-umbria.com\/de\/borghi-in-umbria-tanti-piccoli-gioielli-nascosti\/was-sie-sehen-sollen-in-preci\/kapelle-cappella-di-san-macario\/\",\"name\":\"Kapelle Cappella di San Macario - Exploring Umbria\",\"isPartOf\":{\"@id\":\"https:\/\/www.exploring-umbria.com\/de\/#website\"},\"datePublished\":\"2019-03-26T18:26:33+00:00\",\"dateModified\":\"2020-07-23T15:19:22+00:00\",\"description\":\"Unweit von der Abtei Sant\u2019Eutizio und von der Einsiedelei San Fiorenzo erhebt sich zwischen der Landschaft des Valnerina-Tales die kleine Kapelle Cappella\",\"breadcrumb\":{\"@id\":\"https:\/\/www.exploring-umbria.com\/de\/borghi-in-umbria-tanti-piccoli-gioielli-nascosti\/was-sie-sehen-sollen-in-preci\/kapelle-cappella-di-san-macario\/#breadcrumb\"},\"inLanguage\":\"de\",\"potentialAction\":[{\"@type\":\"ReadAction\",\"target\":[\"https:\/\/www.exploring-umbria.com\/de\/borghi-in-umbria-tanti-piccoli-gioielli-nascosti\/was-sie-sehen-sollen-in-preci\/kapelle-cappella-di-san-macario\/\"]}]},{\"@type\":\"BreadcrumbList\",\"@id\":\"https:\/\/www.exploring-umbria.com\/de\/borghi-in-umbria-tanti-piccoli-gioielli-nascosti\/was-sie-sehen-sollen-in-preci\/kapelle-cappella-di-san-macario\/#breadcrumb\",\"itemListElement\":[{\"@type\":\"ListItem\",\"position\":1,\"name\":\"Home\",\"item\":\"https:\/\/www.exploring-umbria.com\/de\/\"},{\"@type\":\"ListItem\",\"position\":2,\"name\":\"Borghi in Umbria: tanti piccoli gioielli nascosti\",\"item\":\"https:\/\/www.exploring-umbria.com\/de\/borghi-in-umbria-tanti-piccoli-gioielli-nascosti\/\"},{\"@type\":\"ListItem\",\"position\":3,\"name\":\"Was Sie sehen sollen in Preci\",\"item\":\"https:\/\/www.exploring-umbria.com\/de\/borghi-in-umbria-tanti-piccoli-gioielli-nascosti\/was-sie-sehen-sollen-in-preci\/\"},{\"@type\":\"ListItem\",\"position\":4,\"name\":\"Kapelle Cappella di San Macario\"}]}]}<\/script>\n<!-- \/ Yoast SEO plugin. -->","yoast_head_json":{"title":"Kapelle Cappella di San Macario - Exploring Umbria","description":"Unweit von der Abtei Sant\u2019Eutizio und von der Einsiedelei San Fiorenzo erhebt sich zwischen der Landschaft des Valnerina-Tales die kleine Kapelle Cappella","robots":{"index":"index","follow":"follow","max-snippet":"max-snippet:-1","max-image-preview":"max-image-preview:large","max-video-preview":"max-video-preview:-1"},"canonical":"https:\/\/www.exploring-umbria.com\/de\/borghi-in-umbria-tanti-piccoli-gioielli-nascosti\/was-sie-sehen-sollen-in-preci\/kapelle-cappella-di-san-macario\/","og_locale":"de_DE","og_type":"article","og_title":"Kapelle Cappella di San Macario - Exploring Umbria","og_description":"Unweit von der Abtei Sant\u2019Eutizio und von der Einsiedelei San Fiorenzo erhebt sich zwischen der Landschaft des Valnerina-Tales die kleine Kapelle Cappella","og_url":"https:\/\/www.exploring-umbria.com\/de\/borghi-in-umbria-tanti-piccoli-gioielli-nascosti\/was-sie-sehen-sollen-in-preci\/kapelle-cappella-di-san-macario\/","og_site_name":"Exploring Umbria","article_publisher":"https:\/\/www.facebook.com\/exploringumbria\/","article_modified_time":"2020-07-23T15:19:22+00:00","twitter_card":"summary_large_image","twitter_misc":{"Gesch\u00e4tzte Lesezeit":"1\u00a0Minute"},"schema":{"@context":"https:\/\/schema.org","@graph":[{"@type":"Organization","@id":"https:\/\/www.exploring-umbria.com\/de\/#organization","name":"Exploring Umbria","url":"https:\/\/www.exploring-umbria.com\/de\/","sameAs":["https:\/\/www.facebook.com\/exploringumbria\/","https:\/\/www.instagram.com\/exploringumbria\/"],"logo":{"@type":"ImageObject","@id":"https:\/\/www.exploring-umbria.com\/de\/#logo","inLanguage":"de","url":"https:\/\/www.exploring-umbria.com\/wp-content\/uploads\/2019\/08\/solo-logo-verde.jpg","contentUrl":"https:\/\/www.exploring-umbria.com\/wp-content\/uploads\/2019\/08\/solo-logo-verde.jpg","width":952,"height":532,"caption":"Exploring Umbria"},"image":{"@id":"https:\/\/www.exploring-umbria.com\/de\/#logo"}},{"@type":"WebSite","@id":"https:\/\/www.exploring-umbria.com\/de\/#website","url":"https:\/\/www.exploring-umbria.com\/de\/","name":"Exploring Umbria","description":"your dates, your mood, your trip","publisher":{"@id":"https:\/\/www.exploring-umbria.com\/de\/#organization"},"potentialAction":[{"@type":"SearchAction","target":{"@type":"EntryPoint","urlTemplate":"https:\/\/www.exploring-umbria.com\/de\/?s={search_term_string}"},"query-input":"required name=search_term_string"}],"inLanguage":"de"},{"@type":"WebPage","@id":"https:\/\/www.exploring-umbria.com\/de\/borghi-in-umbria-tanti-piccoli-gioielli-nascosti\/was-sie-sehen-sollen-in-preci\/kapelle-cappella-di-san-macario\/#webpage","url":"https:\/\/www.exploring-umbria.com\/de\/borghi-in-umbria-tanti-piccoli-gioielli-nascosti\/was-sie-sehen-sollen-in-preci\/kapelle-cappella-di-san-macario\/","name":"Kapelle Cappella di San Macario - Exploring Umbria","isPartOf":{"@id":"https:\/\/www.exploring-umbria.com\/de\/#website"},"datePublished":"2019-03-26T18:26:33+00:00","dateModified":"2020-07-23T15:19:22+00:00","description":"Unweit von der Abtei Sant\u2019Eutizio und von der Einsiedelei San Fiorenzo erhebt sich zwischen der Landschaft des Valnerina-Tales die kleine Kapelle Cappella","breadcrumb":{"@id":"https:\/\/www.exploring-umbria.com\/de\/borghi-in-umbria-tanti-piccoli-gioielli-nascosti\/was-sie-sehen-sollen-in-preci\/kapelle-cappella-di-san-macario\/#breadcrumb"},"inLanguage":"de","potentialAction":[{"@type":"ReadAction","target":["https:\/\/www.exploring-umbria.com\/de\/borghi-in-umbria-tanti-piccoli-gioielli-nascosti\/was-sie-sehen-sollen-in-preci\/kapelle-cappella-di-san-macario\/"]}]},{"@type":"BreadcrumbList","@id":"https:\/\/www.exploring-umbria.com\/de\/borghi-in-umbria-tanti-piccoli-gioielli-nascosti\/was-sie-sehen-sollen-in-preci\/kapelle-cappella-di-san-macario\/#breadcrumb","itemListElement":[{"@type":"ListItem","position":1,"name":"Home","item":"https:\/\/www.exploring-umbria.com\/de\/"},{"@type":"ListItem","position":2,"name":"Borghi in Umbria: tanti piccoli gioielli nascosti","item":"https:\/\/www.exploring-umbria.com\/de\/borghi-in-umbria-tanti-piccoli-gioielli-nascosti\/"},{"@type":"ListItem","position":3,"name":"Was Sie sehen sollen in Preci","item":"https:\/\/www.exploring-umbria.com\/de\/borghi-in-umbria-tanti-piccoli-gioielli-nascosti\/was-sie-sehen-sollen-in-preci\/"},{"@type":"ListItem","position":4,"name":"Kapelle Cappella di San Macario"}]}]}},"_links":{"self":[{"href":"https:\/\/www.exploring-umbria.com\/de\/wp-json\/wp\/v2\/pages\/38244"}],"collection":[{"href":"https:\/\/www.exploring-umbria.com\/de\/wp-json\/wp\/v2\/pages"}],"about":[{"href":"https:\/\/www.exploring-umbria.com\/de\/wp-json\/wp\/v2\/types\/page"}],"author":[{"embeddable":true,"href":"https:\/\/www.exploring-umbria.com\/de\/wp-json\/wp\/v2\/users\/4"}],"replies":[{"embeddable":true,"href":"https:\/\/www.exploring-umbria.com\/de\/wp-json\/wp\/v2\/comments?post=38244"}],"version-history":[{"count":1,"href":"https:\/\/www.exploring-umbria.com\/de\/wp-json\/wp\/v2\/pages\/38244\/revisions"}],"predecessor-version":[{"id":38246,"href":"https:\/\/www.exploring-umbria.com\/de\/wp-json\/wp\/v2\/pages\/38244\/revisions\/38246"}],"up":[{"embeddable":true,"href":"https:\/\/www.exploring-umbria.com\/de\/wp-json\/wp\/v2\/pages\/38172"}],"wp:attachment":[{"href":"https:\/\/www.exploring-umbria.com\/de\/wp-json\/wp\/v2\/media?parent=38244"}],"curies":[{"name":"wp","href":"https:\/\/api.w.org\/{rel}","templated":true}]}}