{"id":38172,"date":"2019-03-26T18:59:24","date_gmt":"2019-03-26T17:59:24","guid":{"rendered":"https:\/\/www.exploring-umbria.com\/borghi-in-umbria-tanti-piccoli-gioielli-nascosti\/cosa-vedere-a-preci\/"},"modified":"2020-07-20T19:32:09","modified_gmt":"2020-07-20T17:32:09","slug":"was-sie-sehen-sollen-in-preci","status":"publish","type":"page","link":"https:\/\/www.exploring-umbria.com\/de\/borghi-in-umbria-tanti-piccoli-gioielli-nascosti\/was-sie-sehen-sollen-in-preci\/","title":{"rendered":"Was Sie sehen sollen in Preci"},"content":{"rendered":"<p><strong>Entdecken Sie, was Sie in Preci sehen koennen\u00a0<\/strong><\/p>\n<p>Umgeben von der \u00fcppigen Vegetation an Pflanzen und Str\u00e4uchern, reich an Heilpflanzen, die seit jeher von den Einwohnern und M\u00f6nchen genutzt werden, zwischen W\u00e4ldern, Quellen und Kalkgestein, ist der kleine Ort Preci eine der vielen Attraktionen im Park <strong>\u201e<a href=\"https:\/\/www.exploring-umbria.com\/de\/subcategories\/parks-und-seen\/#heading27240\" target=\"_blank\" rel=\"noopener noreferrer\">Parco dei monti Sibillini<\/a>\u201d, <\/strong>in dem er sich befindet. Verwurzelt auf den H\u00fcgeln des <a href=\"https:\/\/de.wikipedia.org\/wiki\/Apennin\" target=\"_blank\" rel=\"noopener noreferrer\">Apennins<\/a>, ist das bewohnte Zentrum in eine Reihe an engen und steilen Str\u00e4\u00dfchen aufgeteilt, die manchmal sogar eine Steigung von 8 % erreichen und alle auf den Hauptplatz, das Herzst\u00fcck des Ortes, f\u00fchren.<\/p>\n<p>Viel Zeit ist nicht erforderlich, um die Sch\u00f6nheiten dieses kleinen architektonischen Juwels zu bestaunen, dessen Formen aus dem 16. Jahrhundert bis heute erhalten geblieben sind. Die Besichtigung wird am Hauptplatz beginnen, auf dem sich das <strong>Rathaus<\/strong>, das Symbol der weltlichen Macht, unweit von der <strong>Kirche Chiesa di Santa Maria della Piet\u00e0<\/strong>, die von den M\u00f6nchen der Abtei Sant\u2019Eutizio im 13. Jahrhundert errichtet wurde und als Symbol der religi\u00f6sen Macht gilt, befindet. Unweit vom Stadtzentrum, im Osten, befindet sich das Stadtviertel Scacchi, dessen Name von den Gebr\u00fcdern <em>Durante<\/em> und <em>Cesari<\/em> <em>Scacchi<\/em> abstammt, die besonders bedeutende Vertreter der Chirurgieschule in Preci waren. Die gleichnamige Stra\u00dfe entlanggehend, gelangt man zur Kirche Chiesa di Santa Caterina, die heute durch Erdbeben stark besch\u00e4digt ist und sich vom originalen Bauwerk deutlich unterscheidet. Hier befindet sich auch das Museum <strong>Museo della Scuola Chirurgica. <\/strong><\/p>\n<p>Das sind schon fast alle Sehensw\u00fcrdigkeiten dieses kleinen Ortes. Um nichts auszulassen empfehlen wir Ihnen auch das s\u00fcdliche Ende des bewohnten Zentrums aufzusuchen, in dem an der alten Stadtmauer das Tor <strong>Arco di Finocchioli<\/strong> noch heute erhalten ist. Sobald Sie dieses Tor hinter sich gelassen haben, sind Sie bereits au\u00dferhalb der Stadt und k\u00f6nnen den wunderbaren Ausblick auf das Tal Valle Castoriana genie\u00dfen.<\/p>\n","protected":false},"excerpt":{"rendered":"<p>Entdecken Sie, was Sie in Preci sehen koennen\u00a0 Umgeben von der \u00fcppigen Vegetation an Pflanzen und Str\u00e4uchern, reich an Heilpflanzen, die seit jeher von den Einwohnern und M\u00f6nchen genutzt werden, zwischen W\u00e4ldern, Quellen und Kalkgestein, ist der kleine Ort Preci eine der vielen Attraktionen im Park \u201eParco dei monti Sibillini\u201d, in dem er sich befindet. [&hellip;]<\/p>\n","protected":false},"author":4,"featured_media":17485,"parent":3271,"menu_order":0,"comment_status":"closed","ping_status":"closed","template":"","meta":{"om_disable_all_campaigns":false,"_monsterinsights_skip_tracking":false,"_monsterinsights_sitenote_active":false,"_monsterinsights_sitenote_note":"","_monsterinsights_sitenote_category":0},"acf":[],"yoast_head":"<!-- This site is optimized with the Yoast SEO plugin v18.4.1 - https:\/\/yoast.com\/wordpress\/plugins\/seo\/ -->\n<title>Was Sie sehen sollen in Preci - Exploring Umbria<\/title>\n<meta name=\"description\" content=\"Entdecken Sie, was Sie in Preci sehen koennen\u00a0 Umgeben von der \u00fcppigen Vegetation an Pflanzen und Str\u00e4uchern, reich an Heilpflanzen, die seit jeher von\" \/>\n<meta name=\"robots\" content=\"index, follow, max-snippet:-1, max-image-preview:large, max-video-preview:-1\" \/>\n<link rel=\"canonical\" href=\"https:\/\/www.exploring-umbria.com\/de\/borghi-in-umbria-tanti-piccoli-gioielli-nascosti\/was-sie-sehen-sollen-in-preci\/\" \/>\n<meta property=\"og:locale\" content=\"de_DE\" \/>\n<meta property=\"og:type\" content=\"article\" \/>\n<meta property=\"og:title\" content=\"Was Sie sehen sollen in Preci - Exploring Umbria\" \/>\n<meta property=\"og:description\" content=\"Entdecken Sie, was Sie in Preci sehen koennen\u00a0 Umgeben von der \u00fcppigen Vegetation an Pflanzen und Str\u00e4uchern, reich an Heilpflanzen, die seit jeher von\" \/>\n<meta property=\"og:url\" content=\"https:\/\/www.exploring-umbria.com\/de\/borghi-in-umbria-tanti-piccoli-gioielli-nascosti\/was-sie-sehen-sollen-in-preci\/\" \/>\n<meta property=\"og:site_name\" content=\"Exploring Umbria\" \/>\n<meta property=\"article:publisher\" content=\"https:\/\/www.facebook.com\/exploringumbria\/\" \/>\n<meta property=\"article:modified_time\" content=\"2020-07-20T17:32:09+00:00\" \/>\n<meta property=\"og:image\" content=\"https:\/\/www.exploring-umbria.com\/wp-content\/uploads\/2019\/07\/PRECI-VISTA.jpg\" \/>\n\t<meta property=\"og:image:width\" content=\"960\" \/>\n\t<meta property=\"og:image:height\" content=\"720\" \/>\n\t<meta property=\"og:image:type\" content=\"image\/jpeg\" \/>\n<meta name=\"twitter:card\" content=\"summary_large_image\" \/>\n<meta name=\"twitter:label1\" content=\"Gesch\u00e4tzte Lesezeit\" \/>\n\t<meta name=\"twitter:data1\" content=\"2\u00a0Minuten\" \/>\n<script type=\"application\/ld+json\" class=\"yoast-schema-graph\">{\"@context\":\"https:\/\/schema.org\",\"@graph\":[{\"@type\":\"Organization\",\"@id\":\"https:\/\/www.exploring-umbria.com\/de\/#organization\",\"name\":\"Exploring Umbria\",\"url\":\"https:\/\/www.exploring-umbria.com\/de\/\",\"sameAs\":[\"https:\/\/www.facebook.com\/exploringumbria\/\",\"https:\/\/www.instagram.com\/exploringumbria\/\"],\"logo\":{\"@type\":\"ImageObject\",\"@id\":\"https:\/\/www.exploring-umbria.com\/de\/#logo\",\"inLanguage\":\"de\",\"url\":\"https:\/\/www.exploring-umbria.com\/wp-content\/uploads\/2019\/08\/solo-logo-verde.jpg\",\"contentUrl\":\"https:\/\/www.exploring-umbria.com\/wp-content\/uploads\/2019\/08\/solo-logo-verde.jpg\",\"width\":952,\"height\":532,\"caption\":\"Exploring Umbria\"},\"image\":{\"@id\":\"https:\/\/www.exploring-umbria.com\/de\/#logo\"}},{\"@type\":\"WebSite\",\"@id\":\"https:\/\/www.exploring-umbria.com\/de\/#website\",\"url\":\"https:\/\/www.exploring-umbria.com\/de\/\",\"name\":\"Exploring Umbria\",\"description\":\"your dates, your mood, your trip\",\"publisher\":{\"@id\":\"https:\/\/www.exploring-umbria.com\/de\/#organization\"},\"potentialAction\":[{\"@type\":\"SearchAction\",\"target\":{\"@type\":\"EntryPoint\",\"urlTemplate\":\"https:\/\/www.exploring-umbria.com\/de\/?s={search_term_string}\"},\"query-input\":\"required name=search_term_string\"}],\"inLanguage\":\"de\"},{\"@type\":\"ImageObject\",\"@id\":\"https:\/\/www.exploring-umbria.com\/de\/borghi-in-umbria-tanti-piccoli-gioielli-nascosti\/was-sie-sehen-sollen-in-preci\/#primaryimage\",\"inLanguage\":\"de\",\"url\":\"https:\/\/www.exploring-umbria.com\/wp-content\/uploads\/2019\/07\/PRECI-VISTA.jpg\",\"contentUrl\":\"https:\/\/www.exploring-umbria.com\/wp-content\/uploads\/2019\/07\/PRECI-VISTA.jpg\",\"width\":960,\"height\":720,\"caption\":\"Preci\"},{\"@type\":\"WebPage\",\"@id\":\"https:\/\/www.exploring-umbria.com\/de\/borghi-in-umbria-tanti-piccoli-gioielli-nascosti\/was-sie-sehen-sollen-in-preci\/#webpage\",\"url\":\"https:\/\/www.exploring-umbria.com\/de\/borghi-in-umbria-tanti-piccoli-gioielli-nascosti\/was-sie-sehen-sollen-in-preci\/\",\"name\":\"Was Sie sehen sollen in Preci - Exploring Umbria\",\"isPartOf\":{\"@id\":\"https:\/\/www.exploring-umbria.com\/de\/#website\"},\"primaryImageOfPage\":{\"@id\":\"https:\/\/www.exploring-umbria.com\/de\/borghi-in-umbria-tanti-piccoli-gioielli-nascosti\/was-sie-sehen-sollen-in-preci\/#primaryimage\"},\"datePublished\":\"2019-03-26T17:59:24+00:00\",\"dateModified\":\"2020-07-20T17:32:09+00:00\",\"description\":\"Entdecken Sie, was Sie in Preci sehen koennen\u00a0 Umgeben von der \u00fcppigen Vegetation an Pflanzen und Str\u00e4uchern, reich an Heilpflanzen, die seit jeher von\",\"breadcrumb\":{\"@id\":\"https:\/\/www.exploring-umbria.com\/de\/borghi-in-umbria-tanti-piccoli-gioielli-nascosti\/was-sie-sehen-sollen-in-preci\/#breadcrumb\"},\"inLanguage\":\"de\",\"potentialAction\":[{\"@type\":\"ReadAction\",\"target\":[\"https:\/\/www.exploring-umbria.com\/de\/borghi-in-umbria-tanti-piccoli-gioielli-nascosti\/was-sie-sehen-sollen-in-preci\/\"]}]},{\"@type\":\"BreadcrumbList\",\"@id\":\"https:\/\/www.exploring-umbria.com\/de\/borghi-in-umbria-tanti-piccoli-gioielli-nascosti\/was-sie-sehen-sollen-in-preci\/#breadcrumb\",\"itemListElement\":[{\"@type\":\"ListItem\",\"position\":1,\"name\":\"Home\",\"item\":\"https:\/\/www.exploring-umbria.com\/de\/\"},{\"@type\":\"ListItem\",\"position\":2,\"name\":\"Borghi in Umbria: tanti piccoli gioielli nascosti\",\"item\":\"https:\/\/www.exploring-umbria.com\/de\/borghi-in-umbria-tanti-piccoli-gioielli-nascosti\/\"},{\"@type\":\"ListItem\",\"position\":3,\"name\":\"Was Sie sehen sollen in Preci\"}]}]}<\/script>\n<!-- \/ Yoast SEO plugin. -->","yoast_head_json":{"title":"Was Sie sehen sollen in Preci - Exploring Umbria","description":"Entdecken Sie, was Sie in Preci sehen koennen\u00a0 Umgeben von der \u00fcppigen Vegetation an Pflanzen und Str\u00e4uchern, reich an Heilpflanzen, die seit jeher von","robots":{"index":"index","follow":"follow","max-snippet":"max-snippet:-1","max-image-preview":"max-image-preview:large","max-video-preview":"max-video-preview:-1"},"canonical":"https:\/\/www.exploring-umbria.com\/de\/borghi-in-umbria-tanti-piccoli-gioielli-nascosti\/was-sie-sehen-sollen-in-preci\/","og_locale":"de_DE","og_type":"article","og_title":"Was Sie sehen sollen in Preci - Exploring Umbria","og_description":"Entdecken Sie, was Sie in Preci sehen koennen\u00a0 Umgeben von der \u00fcppigen Vegetation an Pflanzen und Str\u00e4uchern, reich an Heilpflanzen, die seit jeher von","og_url":"https:\/\/www.exploring-umbria.com\/de\/borghi-in-umbria-tanti-piccoli-gioielli-nascosti\/was-sie-sehen-sollen-in-preci\/","og_site_name":"Exploring Umbria","article_publisher":"https:\/\/www.facebook.com\/exploringumbria\/","article_modified_time":"2020-07-20T17:32:09+00:00","og_image":[{"width":960,"height":720,"url":"https:\/\/www.exploring-umbria.com\/wp-content\/uploads\/2019\/07\/PRECI-VISTA.jpg","type":"image\/jpeg"}],"twitter_card":"summary_large_image","twitter_misc":{"Gesch\u00e4tzte Lesezeit":"2\u00a0Minuten"},"schema":{"@context":"https:\/\/schema.org","@graph":[{"@type":"Organization","@id":"https:\/\/www.exploring-umbria.com\/de\/#organization","name":"Exploring Umbria","url":"https:\/\/www.exploring-umbria.com\/de\/","sameAs":["https:\/\/www.facebook.com\/exploringumbria\/","https:\/\/www.instagram.com\/exploringumbria\/"],"logo":{"@type":"ImageObject","@id":"https:\/\/www.exploring-umbria.com\/de\/#logo","inLanguage":"de","url":"https:\/\/www.exploring-umbria.com\/wp-content\/uploads\/2019\/08\/solo-logo-verde.jpg","contentUrl":"https:\/\/www.exploring-umbria.com\/wp-content\/uploads\/2019\/08\/solo-logo-verde.jpg","width":952,"height":532,"caption":"Exploring Umbria"},"image":{"@id":"https:\/\/www.exploring-umbria.com\/de\/#logo"}},{"@type":"WebSite","@id":"https:\/\/www.exploring-umbria.com\/de\/#website","url":"https:\/\/www.exploring-umbria.com\/de\/","name":"Exploring Umbria","description":"your dates, your mood, your trip","publisher":{"@id":"https:\/\/www.exploring-umbria.com\/de\/#organization"},"potentialAction":[{"@type":"SearchAction","target":{"@type":"EntryPoint","urlTemplate":"https:\/\/www.exploring-umbria.com\/de\/?s={search_term_string}"},"query-input":"required name=search_term_string"}],"inLanguage":"de"},{"@type":"ImageObject","@id":"https:\/\/www.exploring-umbria.com\/de\/borghi-in-umbria-tanti-piccoli-gioielli-nascosti\/was-sie-sehen-sollen-in-preci\/#primaryimage","inLanguage":"de","url":"https:\/\/www.exploring-umbria.com\/wp-content\/uploads\/2019\/07\/PRECI-VISTA.jpg","contentUrl":"https:\/\/www.exploring-umbria.com\/wp-content\/uploads\/2019\/07\/PRECI-VISTA.jpg","width":960,"height":720,"caption":"Preci"},{"@type":"WebPage","@id":"https:\/\/www.exploring-umbria.com\/de\/borghi-in-umbria-tanti-piccoli-gioielli-nascosti\/was-sie-sehen-sollen-in-preci\/#webpage","url":"https:\/\/www.exploring-umbria.com\/de\/borghi-in-umbria-tanti-piccoli-gioielli-nascosti\/was-sie-sehen-sollen-in-preci\/","name":"Was Sie sehen sollen in Preci - Exploring Umbria","isPartOf":{"@id":"https:\/\/www.exploring-umbria.com\/de\/#website"},"primaryImageOfPage":{"@id":"https:\/\/www.exploring-umbria.com\/de\/borghi-in-umbria-tanti-piccoli-gioielli-nascosti\/was-sie-sehen-sollen-in-preci\/#primaryimage"},"datePublished":"2019-03-26T17:59:24+00:00","dateModified":"2020-07-20T17:32:09+00:00","description":"Entdecken Sie, was Sie in Preci sehen koennen\u00a0 Umgeben von der \u00fcppigen Vegetation an Pflanzen und Str\u00e4uchern, reich an Heilpflanzen, die seit jeher von","breadcrumb":{"@id":"https:\/\/www.exploring-umbria.com\/de\/borghi-in-umbria-tanti-piccoli-gioielli-nascosti\/was-sie-sehen-sollen-in-preci\/#breadcrumb"},"inLanguage":"de","potentialAction":[{"@type":"ReadAction","target":["https:\/\/www.exploring-umbria.com\/de\/borghi-in-umbria-tanti-piccoli-gioielli-nascosti\/was-sie-sehen-sollen-in-preci\/"]}]},{"@type":"BreadcrumbList","@id":"https:\/\/www.exploring-umbria.com\/de\/borghi-in-umbria-tanti-piccoli-gioielli-nascosti\/was-sie-sehen-sollen-in-preci\/#breadcrumb","itemListElement":[{"@type":"ListItem","position":1,"name":"Home","item":"https:\/\/www.exploring-umbria.com\/de\/"},{"@type":"ListItem","position":2,"name":"Borghi in Umbria: tanti piccoli gioielli nascosti","item":"https:\/\/www.exploring-umbria.com\/de\/borghi-in-umbria-tanti-piccoli-gioielli-nascosti\/"},{"@type":"ListItem","position":3,"name":"Was Sie sehen sollen in Preci"}]}]}},"_links":{"self":[{"href":"https:\/\/www.exploring-umbria.com\/de\/wp-json\/wp\/v2\/pages\/38172"}],"collection":[{"href":"https:\/\/www.exploring-umbria.com\/de\/wp-json\/wp\/v2\/pages"}],"about":[{"href":"https:\/\/www.exploring-umbria.com\/de\/wp-json\/wp\/v2\/types\/page"}],"author":[{"embeddable":true,"href":"https:\/\/www.exploring-umbria.com\/de\/wp-json\/wp\/v2\/users\/4"}],"replies":[{"embeddable":true,"href":"https:\/\/www.exploring-umbria.com\/de\/wp-json\/wp\/v2\/comments?post=38172"}],"version-history":[{"count":2,"href":"https:\/\/www.exploring-umbria.com\/de\/wp-json\/wp\/v2\/pages\/38172\/revisions"}],"predecessor-version":[{"id":38176,"href":"https:\/\/www.exploring-umbria.com\/de\/wp-json\/wp\/v2\/pages\/38172\/revisions\/38176"}],"up":[{"embeddable":true,"href":"https:\/\/www.exploring-umbria.com\/de\/wp-json\/wp\/v2\/pages\/3271"}],"wp:featuredmedia":[{"embeddable":true,"href":"https:\/\/www.exploring-umbria.com\/de\/wp-json\/wp\/v2\/media\/17485"}],"wp:attachment":[{"href":"https:\/\/www.exploring-umbria.com\/de\/wp-json\/wp\/v2\/media?parent=38172"}],"curies":[{"name":"wp","href":"https:\/\/api.w.org\/{rel}","templated":true}]}}