{"id":38115,"date":"2019-03-25T18:30:06","date_gmt":"2019-03-25T17:30:06","guid":{"rendered":"https:\/\/www.exploring-umbria.com\/borghi-in-umbria-tanti-piccoli-gioielli-nascosti\/cosa-fare-a-corciano\/"},"modified":"2020-07-17T18:30:20","modified_gmt":"2020-07-17T16:30:20","slug":"was-sie-machen-sollen-in-corciano","status":"publish","type":"page","link":"https:\/\/www.exploring-umbria.com\/de\/borghi-in-umbria-tanti-piccoli-gioielli-nascosti\/was-sie-machen-sollen-in-corciano\/","title":{"rendered":"Was Sie machen sollen in Corciano"},"content":{"rendered":"<p><strong>Entdecken Sie, was Sie in Corciano machen koennen\u00a0<\/strong><\/p>\n<p>Wenn Sie gerne Museen besuchen, dann haben Sie die M\u00f6glichkeit die Entwicklung der Stadt beim Betrachten der arch\u00e4ologischen Funda aus verschiedenen Epochen von der Vorgeschichte bis zum etruskisch-r\u00f6mischen Zeitalter kennenzulernen, die im Antiquarium und im <strong>Museo Paleontologico<\/strong> (im Inneren des Rathauses) untergebracht sind. Im Museum <strong>Museo della Civilt\u00e0 Contadina<\/strong> k\u00f6nnen Sie hingegen alle Geheimnisse und Besonderheiten des Lebens in Corciano vor der Industrialisierung erfahren, begleitet von echten Werkzeugen und Ger\u00e4ten aus dem Alltag sowohl f\u00fcr Zuhause als auch f\u00fcr die Arbeit. Abschlie\u00dfend sollten Sie noch das Museum <strong>Museo Diocesano della Pievania<\/strong> besuchen, in dem Sie hingegen die Geschichte der religi\u00f6sen Hingabe in der Stadt Corciano erfahren.<\/p>\n<p>Wenn Sie nun denken, dass Sie bereits alles gesehen haben, dann sollten Sie auch noch etwas Zeit f\u00fcr den Bereich au\u00dferhalb der Stadtmauern einplanen, denn unmittelbar au\u00dferhalb des Stadttors Porta di San Francesco erstreckt sich der ber\u00fchmte \u201cSentiero dei Mandroli\u201d, ein von B\u00e4umen ges\u00e4umter Weg entlang der gesamten Au\u00dfenseite der Stadtmauer, auf dem alle Liebhaber von Sportarten wie Wandern und Radfahren sowie alle Spazierg\u00e4nger das zauberhafte Panorama des darunterliegenden Tales mit Perspektiven, die vom Berg Monte Malve bis zum Berg Monte <a href=\"https:\/\/de.wikipedia.org\/wiki\/Amiata\" target=\"_blank\" rel=\"noopener noreferrer\">Amiata<\/a> und sogar bis zum <a href=\"https:\/\/www.exploring-umbria.com\/de\/subcategories\/parks-und-seen\/#heading27246\" target=\"_blank\" rel=\"noopener noreferrer\">Trasimenischen<\/a> See reichen.<\/p>\n<p>Erst jetzt k\u00f6nnen Sie sicher sein alles gesehen zu haben, zumindest im Ortsinneren. Tats\u00e4chlich erwarten Sie jedoch nur wenige Kilometer entfernt andere interessante Orte. Lassen Sie sich die Gelegenheit die <strong>etruskische Nekropolis in Strozzacapponi<\/strong> (3.-1. Jahrhundert v. Chr.), das <strong>Schloss Castello di Pieve del Vescovo<\/strong> (14. Jahrhundert), das <strong>Kirchlein Chiesetta di S. Salvatore in Sasso<\/strong> (11. Jahrhundert) und <strong>Solomeo<\/strong>, ein interessantes, perfekt seinen mittelalterlichen Formen nachgebautes Dorf, zu besuchen.<\/p>\n","protected":false},"excerpt":{"rendered":"<p>Entdecken Sie, was Sie in Corciano machen koennen\u00a0 Wenn Sie gerne Museen besuchen, dann haben Sie die M\u00f6glichkeit die Entwicklung der Stadt beim Betrachten der arch\u00e4ologischen Funda aus verschiedenen Epochen von der Vorgeschichte bis zum etruskisch-r\u00f6mischen Zeitalter kennenzulernen, die im Antiquarium und im Museo Paleontologico (im Inneren des Rathauses) untergebracht sind. Im Museum Museo della [&hellip;]<\/p>\n","protected":false},"author":4,"featured_media":34683,"parent":3271,"menu_order":0,"comment_status":"closed","ping_status":"closed","template":"","meta":{"om_disable_all_campaigns":false,"_monsterinsights_skip_tracking":false,"_monsterinsights_sitenote_active":false,"_monsterinsights_sitenote_note":"","_monsterinsights_sitenote_category":0},"acf":[],"yoast_head":"<!-- This site is optimized with the Yoast SEO plugin v18.4.1 - https:\/\/yoast.com\/wordpress\/plugins\/seo\/ -->\n<title>Was Sie machen sollen in Corciano - Exploring Umbria<\/title>\n<meta name=\"description\" content=\"Entdecken Sie, was Sie in Corciano machen koennen\u00a0 Wenn Sie gerne Museen besuchen, dann haben Sie die M\u00f6glichkeit die Entwicklung der Stadt beim\" \/>\n<meta name=\"robots\" content=\"index, follow, max-snippet:-1, max-image-preview:large, max-video-preview:-1\" \/>\n<link rel=\"canonical\" href=\"https:\/\/www.exploring-umbria.com\/de\/borghi-in-umbria-tanti-piccoli-gioielli-nascosti\/was-sie-machen-sollen-in-corciano\/\" \/>\n<meta property=\"og:locale\" content=\"de_DE\" \/>\n<meta property=\"og:type\" content=\"article\" \/>\n<meta property=\"og:title\" content=\"Was Sie machen sollen in Corciano - Exploring Umbria\" \/>\n<meta property=\"og:description\" content=\"Entdecken Sie, was Sie in Corciano machen koennen\u00a0 Wenn Sie gerne Museen besuchen, dann haben Sie die M\u00f6glichkeit die Entwicklung der Stadt beim\" \/>\n<meta property=\"og:url\" content=\"https:\/\/www.exploring-umbria.com\/de\/borghi-in-umbria-tanti-piccoli-gioielli-nascosti\/was-sie-machen-sollen-in-corciano\/\" \/>\n<meta property=\"og:site_name\" content=\"Exploring Umbria\" \/>\n<meta property=\"article:publisher\" content=\"https:\/\/www.facebook.com\/exploringumbria\/\" \/>\n<meta property=\"article:modified_time\" content=\"2020-07-17T16:30:20+00:00\" \/>\n<meta property=\"og:image\" content=\"https:\/\/www.exploring-umbria.com\/wp-content\/uploads\/2020\/04\/Corciano-La-Lori.jpeg\" \/>\n\t<meta property=\"og:image:width\" content=\"1200\" \/>\n\t<meta property=\"og:image:height\" content=\"1600\" \/>\n\t<meta property=\"og:image:type\" content=\"image\/jpeg\" \/>\n<meta name=\"twitter:card\" content=\"summary_large_image\" \/>\n<meta name=\"twitter:label1\" content=\"Gesch\u00e4tzte Lesezeit\" \/>\n\t<meta name=\"twitter:data1\" content=\"1\u00a0Minute\" \/>\n<script type=\"application\/ld+json\" class=\"yoast-schema-graph\">{\"@context\":\"https:\/\/schema.org\",\"@graph\":[{\"@type\":\"Organization\",\"@id\":\"https:\/\/www.exploring-umbria.com\/de\/#organization\",\"name\":\"Exploring Umbria\",\"url\":\"https:\/\/www.exploring-umbria.com\/de\/\",\"sameAs\":[\"https:\/\/www.facebook.com\/exploringumbria\/\",\"https:\/\/www.instagram.com\/exploringumbria\/\"],\"logo\":{\"@type\":\"ImageObject\",\"@id\":\"https:\/\/www.exploring-umbria.com\/de\/#logo\",\"inLanguage\":\"de\",\"url\":\"https:\/\/www.exploring-umbria.com\/wp-content\/uploads\/2019\/08\/solo-logo-verde.jpg\",\"contentUrl\":\"https:\/\/www.exploring-umbria.com\/wp-content\/uploads\/2019\/08\/solo-logo-verde.jpg\",\"width\":952,\"height\":532,\"caption\":\"Exploring Umbria\"},\"image\":{\"@id\":\"https:\/\/www.exploring-umbria.com\/de\/#logo\"}},{\"@type\":\"WebSite\",\"@id\":\"https:\/\/www.exploring-umbria.com\/de\/#website\",\"url\":\"https:\/\/www.exploring-umbria.com\/de\/\",\"name\":\"Exploring Umbria\",\"description\":\"your dates, your mood, your trip\",\"publisher\":{\"@id\":\"https:\/\/www.exploring-umbria.com\/de\/#organization\"},\"potentialAction\":[{\"@type\":\"SearchAction\",\"target\":{\"@type\":\"EntryPoint\",\"urlTemplate\":\"https:\/\/www.exploring-umbria.com\/de\/?s={search_term_string}\"},\"query-input\":\"required name=search_term_string\"}],\"inLanguage\":\"de\"},{\"@type\":\"ImageObject\",\"@id\":\"https:\/\/www.exploring-umbria.com\/de\/borghi-in-umbria-tanti-piccoli-gioielli-nascosti\/was-sie-machen-sollen-in-corciano\/#primaryimage\",\"inLanguage\":\"de\",\"url\":\"https:\/\/www.exploring-umbria.com\/wp-content\/uploads\/2020\/04\/Corciano-La-Lori.jpeg\",\"contentUrl\":\"https:\/\/www.exploring-umbria.com\/wp-content\/uploads\/2020\/04\/Corciano-La-Lori.jpeg\",\"width\":1200,\"height\":1600,\"caption\":\"\u00a9 La Lori ph.\"},{\"@type\":\"WebPage\",\"@id\":\"https:\/\/www.exploring-umbria.com\/de\/borghi-in-umbria-tanti-piccoli-gioielli-nascosti\/was-sie-machen-sollen-in-corciano\/#webpage\",\"url\":\"https:\/\/www.exploring-umbria.com\/de\/borghi-in-umbria-tanti-piccoli-gioielli-nascosti\/was-sie-machen-sollen-in-corciano\/\",\"name\":\"Was Sie machen sollen in Corciano - Exploring Umbria\",\"isPartOf\":{\"@id\":\"https:\/\/www.exploring-umbria.com\/de\/#website\"},\"primaryImageOfPage\":{\"@id\":\"https:\/\/www.exploring-umbria.com\/de\/borghi-in-umbria-tanti-piccoli-gioielli-nascosti\/was-sie-machen-sollen-in-corciano\/#primaryimage\"},\"datePublished\":\"2019-03-25T17:30:06+00:00\",\"dateModified\":\"2020-07-17T16:30:20+00:00\",\"description\":\"Entdecken Sie, was Sie in Corciano machen koennen\u00a0 Wenn Sie gerne Museen besuchen, dann haben Sie die M\u00f6glichkeit die Entwicklung der Stadt beim\",\"breadcrumb\":{\"@id\":\"https:\/\/www.exploring-umbria.com\/de\/borghi-in-umbria-tanti-piccoli-gioielli-nascosti\/was-sie-machen-sollen-in-corciano\/#breadcrumb\"},\"inLanguage\":\"de\",\"potentialAction\":[{\"@type\":\"ReadAction\",\"target\":[\"https:\/\/www.exploring-umbria.com\/de\/borghi-in-umbria-tanti-piccoli-gioielli-nascosti\/was-sie-machen-sollen-in-corciano\/\"]}]},{\"@type\":\"BreadcrumbList\",\"@id\":\"https:\/\/www.exploring-umbria.com\/de\/borghi-in-umbria-tanti-piccoli-gioielli-nascosti\/was-sie-machen-sollen-in-corciano\/#breadcrumb\",\"itemListElement\":[{\"@type\":\"ListItem\",\"position\":1,\"name\":\"Home\",\"item\":\"https:\/\/www.exploring-umbria.com\/de\/\"},{\"@type\":\"ListItem\",\"position\":2,\"name\":\"Borghi in Umbria: tanti piccoli gioielli nascosti\",\"item\":\"https:\/\/www.exploring-umbria.com\/de\/borghi-in-umbria-tanti-piccoli-gioielli-nascosti\/\"},{\"@type\":\"ListItem\",\"position\":3,\"name\":\"Was Sie machen sollen in Corciano\"}]}]}<\/script>\n<!-- \/ Yoast SEO plugin. -->","yoast_head_json":{"title":"Was Sie machen sollen in Corciano - Exploring Umbria","description":"Entdecken Sie, was Sie in Corciano machen koennen\u00a0 Wenn Sie gerne Museen besuchen, dann haben Sie die M\u00f6glichkeit die Entwicklung der Stadt beim","robots":{"index":"index","follow":"follow","max-snippet":"max-snippet:-1","max-image-preview":"max-image-preview:large","max-video-preview":"max-video-preview:-1"},"canonical":"https:\/\/www.exploring-umbria.com\/de\/borghi-in-umbria-tanti-piccoli-gioielli-nascosti\/was-sie-machen-sollen-in-corciano\/","og_locale":"de_DE","og_type":"article","og_title":"Was Sie machen sollen in Corciano - Exploring Umbria","og_description":"Entdecken Sie, was Sie in Corciano machen koennen\u00a0 Wenn Sie gerne Museen besuchen, dann haben Sie die M\u00f6glichkeit die Entwicklung der Stadt beim","og_url":"https:\/\/www.exploring-umbria.com\/de\/borghi-in-umbria-tanti-piccoli-gioielli-nascosti\/was-sie-machen-sollen-in-corciano\/","og_site_name":"Exploring Umbria","article_publisher":"https:\/\/www.facebook.com\/exploringumbria\/","article_modified_time":"2020-07-17T16:30:20+00:00","og_image":[{"width":1200,"height":1600,"url":"https:\/\/www.exploring-umbria.com\/wp-content\/uploads\/2020\/04\/Corciano-La-Lori.jpeg","type":"image\/jpeg"}],"twitter_card":"summary_large_image","twitter_misc":{"Gesch\u00e4tzte Lesezeit":"1\u00a0Minute"},"schema":{"@context":"https:\/\/schema.org","@graph":[{"@type":"Organization","@id":"https:\/\/www.exploring-umbria.com\/de\/#organization","name":"Exploring Umbria","url":"https:\/\/www.exploring-umbria.com\/de\/","sameAs":["https:\/\/www.facebook.com\/exploringumbria\/","https:\/\/www.instagram.com\/exploringumbria\/"],"logo":{"@type":"ImageObject","@id":"https:\/\/www.exploring-umbria.com\/de\/#logo","inLanguage":"de","url":"https:\/\/www.exploring-umbria.com\/wp-content\/uploads\/2019\/08\/solo-logo-verde.jpg","contentUrl":"https:\/\/www.exploring-umbria.com\/wp-content\/uploads\/2019\/08\/solo-logo-verde.jpg","width":952,"height":532,"caption":"Exploring Umbria"},"image":{"@id":"https:\/\/www.exploring-umbria.com\/de\/#logo"}},{"@type":"WebSite","@id":"https:\/\/www.exploring-umbria.com\/de\/#website","url":"https:\/\/www.exploring-umbria.com\/de\/","name":"Exploring Umbria","description":"your dates, your mood, your trip","publisher":{"@id":"https:\/\/www.exploring-umbria.com\/de\/#organization"},"potentialAction":[{"@type":"SearchAction","target":{"@type":"EntryPoint","urlTemplate":"https:\/\/www.exploring-umbria.com\/de\/?s={search_term_string}"},"query-input":"required name=search_term_string"}],"inLanguage":"de"},{"@type":"ImageObject","@id":"https:\/\/www.exploring-umbria.com\/de\/borghi-in-umbria-tanti-piccoli-gioielli-nascosti\/was-sie-machen-sollen-in-corciano\/#primaryimage","inLanguage":"de","url":"https:\/\/www.exploring-umbria.com\/wp-content\/uploads\/2020\/04\/Corciano-La-Lori.jpeg","contentUrl":"https:\/\/www.exploring-umbria.com\/wp-content\/uploads\/2020\/04\/Corciano-La-Lori.jpeg","width":1200,"height":1600,"caption":"\u00a9 La Lori ph."},{"@type":"WebPage","@id":"https:\/\/www.exploring-umbria.com\/de\/borghi-in-umbria-tanti-piccoli-gioielli-nascosti\/was-sie-machen-sollen-in-corciano\/#webpage","url":"https:\/\/www.exploring-umbria.com\/de\/borghi-in-umbria-tanti-piccoli-gioielli-nascosti\/was-sie-machen-sollen-in-corciano\/","name":"Was Sie machen sollen in Corciano - Exploring Umbria","isPartOf":{"@id":"https:\/\/www.exploring-umbria.com\/de\/#website"},"primaryImageOfPage":{"@id":"https:\/\/www.exploring-umbria.com\/de\/borghi-in-umbria-tanti-piccoli-gioielli-nascosti\/was-sie-machen-sollen-in-corciano\/#primaryimage"},"datePublished":"2019-03-25T17:30:06+00:00","dateModified":"2020-07-17T16:30:20+00:00","description":"Entdecken Sie, was Sie in Corciano machen koennen\u00a0 Wenn Sie gerne Museen besuchen, dann haben Sie die M\u00f6glichkeit die Entwicklung der Stadt beim","breadcrumb":{"@id":"https:\/\/www.exploring-umbria.com\/de\/borghi-in-umbria-tanti-piccoli-gioielli-nascosti\/was-sie-machen-sollen-in-corciano\/#breadcrumb"},"inLanguage":"de","potentialAction":[{"@type":"ReadAction","target":["https:\/\/www.exploring-umbria.com\/de\/borghi-in-umbria-tanti-piccoli-gioielli-nascosti\/was-sie-machen-sollen-in-corciano\/"]}]},{"@type":"BreadcrumbList","@id":"https:\/\/www.exploring-umbria.com\/de\/borghi-in-umbria-tanti-piccoli-gioielli-nascosti\/was-sie-machen-sollen-in-corciano\/#breadcrumb","itemListElement":[{"@type":"ListItem","position":1,"name":"Home","item":"https:\/\/www.exploring-umbria.com\/de\/"},{"@type":"ListItem","position":2,"name":"Borghi in Umbria: tanti piccoli gioielli nascosti","item":"https:\/\/www.exploring-umbria.com\/de\/borghi-in-umbria-tanti-piccoli-gioielli-nascosti\/"},{"@type":"ListItem","position":3,"name":"Was Sie machen sollen in Corciano"}]}]}},"_links":{"self":[{"href":"https:\/\/www.exploring-umbria.com\/de\/wp-json\/wp\/v2\/pages\/38115"}],"collection":[{"href":"https:\/\/www.exploring-umbria.com\/de\/wp-json\/wp\/v2\/pages"}],"about":[{"href":"https:\/\/www.exploring-umbria.com\/de\/wp-json\/wp\/v2\/types\/page"}],"author":[{"embeddable":true,"href":"https:\/\/www.exploring-umbria.com\/de\/wp-json\/wp\/v2\/users\/4"}],"replies":[{"embeddable":true,"href":"https:\/\/www.exploring-umbria.com\/de\/wp-json\/wp\/v2\/comments?post=38115"}],"version-history":[{"count":2,"href":"https:\/\/www.exploring-umbria.com\/de\/wp-json\/wp\/v2\/pages\/38115\/revisions"}],"predecessor-version":[{"id":38118,"href":"https:\/\/www.exploring-umbria.com\/de\/wp-json\/wp\/v2\/pages\/38115\/revisions\/38118"}],"up":[{"embeddable":true,"href":"https:\/\/www.exploring-umbria.com\/de\/wp-json\/wp\/v2\/pages\/3271"}],"wp:featuredmedia":[{"embeddable":true,"href":"https:\/\/www.exploring-umbria.com\/de\/wp-json\/wp\/v2\/media\/34683"}],"wp:attachment":[{"href":"https:\/\/www.exploring-umbria.com\/de\/wp-json\/wp\/v2\/media?parent=38115"}],"curies":[{"name":"wp","href":"https:\/\/api.w.org\/{rel}","templated":true}]}}