{"id":38075,"date":"2019-03-24T19:07:08","date_gmt":"2019-03-24T18:07:08","guid":{"rendered":"https:\/\/www.exploring-umbria.com\/borghi-in-umbria-tanti-piccoli-gioielli-nascosti\/was-sie-in-montone-sehen-koennen\/osservatorio-astronomico-di-coloti\/"},"modified":"2020-07-17T16:26:23","modified_gmt":"2020-07-17T14:26:23","slug":"astronomisches-observatorium-coloti","status":"publish","type":"page","link":"https:\/\/www.exploring-umbria.com\/de\/borghi-in-umbria-tanti-piccoli-gioielli-nascosti\/was-sie-in-montone-sehen-koennen\/astronomisches-observatorium-coloti\/","title":{"rendered":"Astronomisches Observatorium Coloti"},"content":{"rendered":"<p>Gut 8 Kilometer vom bewohnten Zentrum von Montone entfernt, zwischen der \u00fcppigen Vegetation des Waldes Pietralunga im Tal Valle del Carpina, erhebt sich der kleine Ort Coloti; in den 60er-Jahren verlassen, wurde er im Zuge der Errichtung des <strong>astronomischen Observatoriums<\/strong> heute wieder zum Leben erweckt.<\/p>\n<p>Ab 1995 hat die Region Umbrien auf der Grundlage eines von der EWG finanzierten Projekts den Ort aufgrund der gesunden Luft und der fehlenden Lichtverschmutzung im Tal als idealen Standpunkt zur astronomischen Beobachtung ausgew\u00e4hlt.<\/p>\n<p>Das im Jahr 2000 abgeschlossene Projekt erm\u00f6glichte die Errichtung eines der fortschrittlichsten Komplexe in ganz Italien, der sogar \u00fcber ein automatisches Betriebssystem verf\u00fcgt (erfordert w\u00e4hrend der Nacht nicht die Anwesenheit einer Person).<\/p>\n<p>Das Observatorium Coloti ist heute ein gegliedertes Geb\u00e4ude, das aus gut 12 R\u00e4umen besteht, von denen 8 auch Besuchern zug\u00e4nglich sind. Hinzu kommt die ehemalige Kirche des Ortes, die dem hl. Lorenz gewidmet ist und heute als Versammlungssaal genutzt wird, sowie die moderne Aula mit dem Namen \u201e<em>Sirio<\/em>\u201c, die der Unterhaltung und Verpflegung der Besucher gewidmet ist. All das wird von der monumentalen Kuppel mit einem Durchmesser von sieben Metern \u00fcberragt, die das wertvolle astronomische Teleskop beherbergt.<\/p>\n","protected":false},"excerpt":{"rendered":"<p>Gut 8 Kilometer vom bewohnten Zentrum von Montone entfernt, zwischen der \u00fcppigen Vegetation des Waldes Pietralunga im Tal Valle del Carpina, erhebt sich der kleine Ort Coloti; in den 60er-Jahren verlassen, wurde er im Zuge der Errichtung des astronomischen Observatoriums heute wieder zum Leben erweckt. Ab 1995 hat die Region Umbrien auf der Grundlage eines [&hellip;]<\/p>\n","protected":false},"author":4,"featured_media":0,"parent":38034,"menu_order":6,"comment_status":"closed","ping_status":"closed","template":"","meta":{"om_disable_all_campaigns":false,"_monsterinsights_skip_tracking":false,"_monsterinsights_sitenote_active":false,"_monsterinsights_sitenote_note":"","_monsterinsights_sitenote_category":0},"acf":[],"yoast_head":"<!-- This site is optimized with the Yoast SEO plugin v18.4.1 - https:\/\/yoast.com\/wordpress\/plugins\/seo\/ -->\n<title>Astronomisches Observatorium Coloti - Exploring Umbria<\/title>\n<meta name=\"description\" content=\"Gut 8 Kilometer vom bewohnten Zentrum von Montone entfernt, zwischen der \u00fcppigen Vegetation des Waldes Pietralunga im Tal Valle del Carpina, erhebt sich\" \/>\n<meta name=\"robots\" content=\"index, follow, max-snippet:-1, max-image-preview:large, max-video-preview:-1\" \/>\n<link rel=\"canonical\" href=\"https:\/\/www.exploring-umbria.com\/de\/borghi-in-umbria-tanti-piccoli-gioielli-nascosti\/was-sie-in-montone-sehen-koennen\/astronomisches-observatorium-coloti\/\" \/>\n<meta property=\"og:locale\" content=\"de_DE\" \/>\n<meta property=\"og:type\" content=\"article\" \/>\n<meta property=\"og:title\" content=\"Astronomisches Observatorium Coloti - Exploring Umbria\" \/>\n<meta property=\"og:description\" content=\"Gut 8 Kilometer vom bewohnten Zentrum von Montone entfernt, zwischen der \u00fcppigen Vegetation des Waldes Pietralunga im Tal Valle del Carpina, erhebt sich\" \/>\n<meta property=\"og:url\" content=\"https:\/\/www.exploring-umbria.com\/de\/borghi-in-umbria-tanti-piccoli-gioielli-nascosti\/was-sie-in-montone-sehen-koennen\/astronomisches-observatorium-coloti\/\" \/>\n<meta property=\"og:site_name\" content=\"Exploring Umbria\" \/>\n<meta property=\"article:publisher\" content=\"https:\/\/www.facebook.com\/exploringumbria\/\" \/>\n<meta property=\"article:modified_time\" content=\"2020-07-17T14:26:23+00:00\" \/>\n<meta name=\"twitter:card\" content=\"summary_large_image\" \/>\n<meta name=\"twitter:label1\" content=\"Gesch\u00e4tzte Lesezeit\" \/>\n\t<meta name=\"twitter:data1\" content=\"1\u00a0Minute\" \/>\n<script type=\"application\/ld+json\" class=\"yoast-schema-graph\">{\"@context\":\"https:\/\/schema.org\",\"@graph\":[{\"@type\":\"Organization\",\"@id\":\"https:\/\/www.exploring-umbria.com\/de\/#organization\",\"name\":\"Exploring Umbria\",\"url\":\"https:\/\/www.exploring-umbria.com\/de\/\",\"sameAs\":[\"https:\/\/www.facebook.com\/exploringumbria\/\",\"https:\/\/www.instagram.com\/exploringumbria\/\"],\"logo\":{\"@type\":\"ImageObject\",\"@id\":\"https:\/\/www.exploring-umbria.com\/de\/#logo\",\"inLanguage\":\"de\",\"url\":\"https:\/\/www.exploring-umbria.com\/wp-content\/uploads\/2019\/08\/solo-logo-verde.jpg\",\"contentUrl\":\"https:\/\/www.exploring-umbria.com\/wp-content\/uploads\/2019\/08\/solo-logo-verde.jpg\",\"width\":952,\"height\":532,\"caption\":\"Exploring Umbria\"},\"image\":{\"@id\":\"https:\/\/www.exploring-umbria.com\/de\/#logo\"}},{\"@type\":\"WebSite\",\"@id\":\"https:\/\/www.exploring-umbria.com\/de\/#website\",\"url\":\"https:\/\/www.exploring-umbria.com\/de\/\",\"name\":\"Exploring Umbria\",\"description\":\"your dates, your mood, your trip\",\"publisher\":{\"@id\":\"https:\/\/www.exploring-umbria.com\/de\/#organization\"},\"potentialAction\":[{\"@type\":\"SearchAction\",\"target\":{\"@type\":\"EntryPoint\",\"urlTemplate\":\"https:\/\/www.exploring-umbria.com\/de\/?s={search_term_string}\"},\"query-input\":\"required name=search_term_string\"}],\"inLanguage\":\"de\"},{\"@type\":\"WebPage\",\"@id\":\"https:\/\/www.exploring-umbria.com\/de\/borghi-in-umbria-tanti-piccoli-gioielli-nascosti\/was-sie-in-montone-sehen-koennen\/astronomisches-observatorium-coloti\/#webpage\",\"url\":\"https:\/\/www.exploring-umbria.com\/de\/borghi-in-umbria-tanti-piccoli-gioielli-nascosti\/was-sie-in-montone-sehen-koennen\/astronomisches-observatorium-coloti\/\",\"name\":\"Astronomisches Observatorium Coloti - Exploring Umbria\",\"isPartOf\":{\"@id\":\"https:\/\/www.exploring-umbria.com\/de\/#website\"},\"datePublished\":\"2019-03-24T18:07:08+00:00\",\"dateModified\":\"2020-07-17T14:26:23+00:00\",\"description\":\"Gut 8 Kilometer vom bewohnten Zentrum von Montone entfernt, zwischen der \u00fcppigen Vegetation des Waldes Pietralunga im Tal Valle del Carpina, erhebt sich\",\"breadcrumb\":{\"@id\":\"https:\/\/www.exploring-umbria.com\/de\/borghi-in-umbria-tanti-piccoli-gioielli-nascosti\/was-sie-in-montone-sehen-koennen\/astronomisches-observatorium-coloti\/#breadcrumb\"},\"inLanguage\":\"de\",\"potentialAction\":[{\"@type\":\"ReadAction\",\"target\":[\"https:\/\/www.exploring-umbria.com\/de\/borghi-in-umbria-tanti-piccoli-gioielli-nascosti\/was-sie-in-montone-sehen-koennen\/astronomisches-observatorium-coloti\/\"]}]},{\"@type\":\"BreadcrumbList\",\"@id\":\"https:\/\/www.exploring-umbria.com\/de\/borghi-in-umbria-tanti-piccoli-gioielli-nascosti\/was-sie-in-montone-sehen-koennen\/astronomisches-observatorium-coloti\/#breadcrumb\",\"itemListElement\":[{\"@type\":\"ListItem\",\"position\":1,\"name\":\"Home\",\"item\":\"https:\/\/www.exploring-umbria.com\/de\/\"},{\"@type\":\"ListItem\",\"position\":2,\"name\":\"Borghi in Umbria: tanti piccoli gioielli nascosti\",\"item\":\"https:\/\/www.exploring-umbria.com\/de\/borghi-in-umbria-tanti-piccoli-gioielli-nascosti\/\"},{\"@type\":\"ListItem\",\"position\":3,\"name\":\"Was Sie sehen sollen in Montone\",\"item\":\"https:\/\/www.exploring-umbria.com\/de\/borghi-in-umbria-tanti-piccoli-gioielli-nascosti\/was-sie-in-montone-sehen-koennen\/\"},{\"@type\":\"ListItem\",\"position\":4,\"name\":\"Astronomisches Observatorium Coloti\"}]}]}<\/script>\n<!-- \/ Yoast SEO plugin. -->","yoast_head_json":{"title":"Astronomisches Observatorium Coloti - Exploring Umbria","description":"Gut 8 Kilometer vom bewohnten Zentrum von Montone entfernt, zwischen der \u00fcppigen Vegetation des Waldes Pietralunga im Tal Valle del Carpina, erhebt sich","robots":{"index":"index","follow":"follow","max-snippet":"max-snippet:-1","max-image-preview":"max-image-preview:large","max-video-preview":"max-video-preview:-1"},"canonical":"https:\/\/www.exploring-umbria.com\/de\/borghi-in-umbria-tanti-piccoli-gioielli-nascosti\/was-sie-in-montone-sehen-koennen\/astronomisches-observatorium-coloti\/","og_locale":"de_DE","og_type":"article","og_title":"Astronomisches Observatorium Coloti - Exploring Umbria","og_description":"Gut 8 Kilometer vom bewohnten Zentrum von Montone entfernt, zwischen der \u00fcppigen Vegetation des Waldes Pietralunga im Tal Valle del Carpina, erhebt sich","og_url":"https:\/\/www.exploring-umbria.com\/de\/borghi-in-umbria-tanti-piccoli-gioielli-nascosti\/was-sie-in-montone-sehen-koennen\/astronomisches-observatorium-coloti\/","og_site_name":"Exploring Umbria","article_publisher":"https:\/\/www.facebook.com\/exploringumbria\/","article_modified_time":"2020-07-17T14:26:23+00:00","twitter_card":"summary_large_image","twitter_misc":{"Gesch\u00e4tzte Lesezeit":"1\u00a0Minute"},"schema":{"@context":"https:\/\/schema.org","@graph":[{"@type":"Organization","@id":"https:\/\/www.exploring-umbria.com\/de\/#organization","name":"Exploring Umbria","url":"https:\/\/www.exploring-umbria.com\/de\/","sameAs":["https:\/\/www.facebook.com\/exploringumbria\/","https:\/\/www.instagram.com\/exploringumbria\/"],"logo":{"@type":"ImageObject","@id":"https:\/\/www.exploring-umbria.com\/de\/#logo","inLanguage":"de","url":"https:\/\/www.exploring-umbria.com\/wp-content\/uploads\/2019\/08\/solo-logo-verde.jpg","contentUrl":"https:\/\/www.exploring-umbria.com\/wp-content\/uploads\/2019\/08\/solo-logo-verde.jpg","width":952,"height":532,"caption":"Exploring Umbria"},"image":{"@id":"https:\/\/www.exploring-umbria.com\/de\/#logo"}},{"@type":"WebSite","@id":"https:\/\/www.exploring-umbria.com\/de\/#website","url":"https:\/\/www.exploring-umbria.com\/de\/","name":"Exploring Umbria","description":"your dates, your mood, your trip","publisher":{"@id":"https:\/\/www.exploring-umbria.com\/de\/#organization"},"potentialAction":[{"@type":"SearchAction","target":{"@type":"EntryPoint","urlTemplate":"https:\/\/www.exploring-umbria.com\/de\/?s={search_term_string}"},"query-input":"required name=search_term_string"}],"inLanguage":"de"},{"@type":"WebPage","@id":"https:\/\/www.exploring-umbria.com\/de\/borghi-in-umbria-tanti-piccoli-gioielli-nascosti\/was-sie-in-montone-sehen-koennen\/astronomisches-observatorium-coloti\/#webpage","url":"https:\/\/www.exploring-umbria.com\/de\/borghi-in-umbria-tanti-piccoli-gioielli-nascosti\/was-sie-in-montone-sehen-koennen\/astronomisches-observatorium-coloti\/","name":"Astronomisches Observatorium Coloti - Exploring Umbria","isPartOf":{"@id":"https:\/\/www.exploring-umbria.com\/de\/#website"},"datePublished":"2019-03-24T18:07:08+00:00","dateModified":"2020-07-17T14:26:23+00:00","description":"Gut 8 Kilometer vom bewohnten Zentrum von Montone entfernt, zwischen der \u00fcppigen Vegetation des Waldes Pietralunga im Tal Valle del Carpina, erhebt sich","breadcrumb":{"@id":"https:\/\/www.exploring-umbria.com\/de\/borghi-in-umbria-tanti-piccoli-gioielli-nascosti\/was-sie-in-montone-sehen-koennen\/astronomisches-observatorium-coloti\/#breadcrumb"},"inLanguage":"de","potentialAction":[{"@type":"ReadAction","target":["https:\/\/www.exploring-umbria.com\/de\/borghi-in-umbria-tanti-piccoli-gioielli-nascosti\/was-sie-in-montone-sehen-koennen\/astronomisches-observatorium-coloti\/"]}]},{"@type":"BreadcrumbList","@id":"https:\/\/www.exploring-umbria.com\/de\/borghi-in-umbria-tanti-piccoli-gioielli-nascosti\/was-sie-in-montone-sehen-koennen\/astronomisches-observatorium-coloti\/#breadcrumb","itemListElement":[{"@type":"ListItem","position":1,"name":"Home","item":"https:\/\/www.exploring-umbria.com\/de\/"},{"@type":"ListItem","position":2,"name":"Borghi in Umbria: tanti piccoli gioielli nascosti","item":"https:\/\/www.exploring-umbria.com\/de\/borghi-in-umbria-tanti-piccoli-gioielli-nascosti\/"},{"@type":"ListItem","position":3,"name":"Was Sie sehen sollen in Montone","item":"https:\/\/www.exploring-umbria.com\/de\/borghi-in-umbria-tanti-piccoli-gioielli-nascosti\/was-sie-in-montone-sehen-koennen\/"},{"@type":"ListItem","position":4,"name":"Astronomisches Observatorium Coloti"}]}]}},"_links":{"self":[{"href":"https:\/\/www.exploring-umbria.com\/de\/wp-json\/wp\/v2\/pages\/38075"}],"collection":[{"href":"https:\/\/www.exploring-umbria.com\/de\/wp-json\/wp\/v2\/pages"}],"about":[{"href":"https:\/\/www.exploring-umbria.com\/de\/wp-json\/wp\/v2\/types\/page"}],"author":[{"embeddable":true,"href":"https:\/\/www.exploring-umbria.com\/de\/wp-json\/wp\/v2\/users\/4"}],"replies":[{"embeddable":true,"href":"https:\/\/www.exploring-umbria.com\/de\/wp-json\/wp\/v2\/comments?post=38075"}],"version-history":[{"count":2,"href":"https:\/\/www.exploring-umbria.com\/de\/wp-json\/wp\/v2\/pages\/38075\/revisions"}],"predecessor-version":[{"id":38078,"href":"https:\/\/www.exploring-umbria.com\/de\/wp-json\/wp\/v2\/pages\/38075\/revisions\/38078"}],"up":[{"embeddable":true,"href":"https:\/\/www.exploring-umbria.com\/de\/wp-json\/wp\/v2\/pages\/38034"}],"wp:attachment":[{"href":"https:\/\/www.exploring-umbria.com\/de\/wp-json\/wp\/v2\/media?parent=38075"}],"curies":[{"name":"wp","href":"https:\/\/api.w.org\/{rel}","templated":true}]}}