{"id":38040,"date":"2019-03-26T16:16:11","date_gmt":"2019-03-26T15:16:11","guid":{"rendered":"https:\/\/www.exploring-umbria.com\/borghi-in-umbria-tanti-piccoli-gioielli-nascosti\/cosa-fare-a-montone\/"},"modified":"2020-07-17T15:27:53","modified_gmt":"2020-07-17T13:27:53","slug":"was-sie-machen-sollen-in-montone","status":"publish","type":"page","link":"https:\/\/www.exploring-umbria.com\/de\/borghi-in-umbria-tanti-piccoli-gioielli-nascosti\/was-sie-machen-sollen-in-montone\/","title":{"rendered":"Was Sie machen sollen in Montone"},"content":{"rendered":"<p><strong>Was Sie machen sollen in Montone\u00a0\u00a0<\/strong><\/p>\n<p>Nachdem Sie die Sch\u00f6nheiten der Altstadt erkundet sowie Museen, Kunstgalerien und Archive besucht haben, m\u00fcssen Sie sich nun noch der atemberaubenden Landschaft des darunter liegenden Tals zuwenden. Nur sechs Kilometer vom Stadtzentrum entfernt, auf einem wilden Pfad, der alle begeisterten Wanderer \u00fcberzeugen wird, haben Sie die M\u00f6glichkeit, die <strong>Pfarrkirche S. Gregorio<\/strong> (aus dem 11. Jahrhundert) zu erreichen und die imposanten Mauern der <strong>Rocca di Aries<\/strong> zu bewundern, einem milit\u00e4rischen Au\u00dfenposten, der der Familie Fortebracci einer \u00dcberlieferung zufolge als die erste Siedlung f\u00fcr den Bau des Borgo di Montone diente.<\/p>\n<p><a href=\"https:\/\/www.exploring-umbria.com\/de\/aktivitaten\/trekking-a-montone-tra-medioevo-e-paesaggi-lunari\/\" target=\"_blank\" rel=\"noopener noreferrer\">Ausfl\u00fcge zu Fu\u00df<\/a>, mit dem Fahrrad oder zu Pferd erm\u00f6glichen Ihnen, die unber\u00fchrte Natur der Eichen- und Flaumeichenw\u00e4lder zu genie\u00dfen, zudem k\u00f6nnen Sie sich dem Angeln in den Gew\u00e4ssern der B\u00e4che Carpina und Lana widmen, und wenn all dies noch nicht genug ist, hat dieses Juwel Umbriens noch einiges mehr zu bieten, um Sie zu begeistern. Nur acht Kilometer von Montone entfernt, beheimatet das kleine und fast vergessene Dorf Coloti das <strong>Astronomische Observatorium<\/strong>, eines der modernsten Italiens. Ausgestattet mit zw\u00f6lf R\u00e4umen, von denen acht den Nutzern zur Verf\u00fcgung stehen, werden Sie von der monumentalen Kuppel mit einem Durchmesser von sieben Metern \u00fcberragt, in der sich das wertvolle Teleskop befindet. Es scheint, als w\u00fcrde letzteres uns sagen wollen, dass wir sogar die M\u00f6glichkeit haben, den Himmel zu erkunden, wenn uns die irdischen Sch\u00f6nheiten nicht ausreichen.<\/p>\n<p>Die kleine Gr\u00f6\u00dfe, die versteckte Lage inmitten der Vegetation und das altert\u00fcmliche Aussehen sollten Sie nicht t\u00e4uschen, denn zwischen Mai und Juni wird Montone zum Mittelpunkt wichtiger Veranstaltungen, die Touristen aus ganz Italien anziehen.<\/p>\n<p>Alle zwei Jahre werden im Rahmen der <strong>Rassegna dei Mastri Fabbri Forgiatori<\/strong> (Versammlung der Meisterschmiede) die Besonderheiten der handwerklichen Arbeit vorgef\u00fchrt, die f\u00fcr den Ort besonders wertvoll ist: Arbeiten aus Schmiedeeisen und Schmiedekunst von einzigartiger Kostbarkeit. Die folgenden Ausstellungen widmen sich hingegen der Kunst in all ihren Formen: <strong>Rassegna Bandistica<\/strong>, die den besten umbrischen und italienischen Bands gewidmet ist (Juni-September), <strong>Tra Cielo e Terra<\/strong>, die Musik-, Tanz- und Schauspielershows gewidmet ist (Juni-Juli), bis hin zum <strong>Filmfestival<\/strong> <strong>Montone Umbria<\/strong>, das dem Kino gewidmet ist.<\/p>\n<p>Gl\u00e4ubige sollten sich das Fest der <strong>Schenkung des Dorns<\/strong> (am Ostermontag und in der Woche nach dem 15. August) nicht entgehen lassen, bei dem die Stra\u00dfen der Altstadt mit mittelalterlichen T\u00e4nzen und Musik, einem echten Bankett in der Rocca di <a href=\"https:\/\/de.wikipedia.org\/wiki\/Braccio_da_Montone\" target=\"_blank\" rel=\"noopener noreferrer\">Braccio<\/a> und der unglaublichen mittelalterlichen Prozession mit Damen, Rittern und Soldaten, die das ganze Ereignis abschlie\u00dft, wieder zum Leben erwachen.<\/p>\n<p>Doch neben all der Kunst, dem Handwerk und dem Glauben, darf auch die Gastronomie nicht zu kurz kommen: Bei der <strong>Festa del Bosco<\/strong> im Oktober k\u00f6nnen Sie die Fr\u00fcchte des umbrischen Landes genie\u00dfen \u2013 von Tr\u00fcffeln bis hin zu regionalen Lebensmitteln, die auf den St\u00e4nden der Ausstellungen und M\u00e4rkte der Stadt angeboten werden.<\/p>\n","protected":false},"excerpt":{"rendered":"<p>Was Sie machen sollen in Montone\u00a0\u00a0 Nachdem Sie die Sch\u00f6nheiten der Altstadt erkundet sowie Museen, Kunstgalerien und Archive besucht haben, m\u00fcssen Sie sich nun noch der atemberaubenden Landschaft des darunter liegenden Tals zuwenden. Nur sechs Kilometer vom Stadtzentrum entfernt, auf einem wilden Pfad, der alle begeisterten Wanderer \u00fcberzeugen wird, haben Sie die M\u00f6glichkeit, die Pfarrkirche [&hellip;]<\/p>\n","protected":false},"author":4,"featured_media":8217,"parent":3271,"menu_order":0,"comment_status":"closed","ping_status":"closed","template":"","meta":{"om_disable_all_campaigns":false,"_monsterinsights_skip_tracking":false,"_monsterinsights_sitenote_active":false,"_monsterinsights_sitenote_note":"","_monsterinsights_sitenote_category":0},"acf":[],"yoast_head":"<!-- This site is optimized with the Yoast SEO plugin v18.4.1 - https:\/\/yoast.com\/wordpress\/plugins\/seo\/ -->\n<title>Was Sie machen sollen in Montone - Exploring Umbria<\/title>\n<meta name=\"description\" content=\"Was Sie machen sollen in Montone\u00a0\u00a0 Nachdem Sie die Sch\u00f6nheiten der Altstadt erkundet sowie Museen, Kunstgalerien und Archive besucht haben, m\u00fcssen Sie\" \/>\n<meta name=\"robots\" content=\"index, follow, max-snippet:-1, max-image-preview:large, max-video-preview:-1\" \/>\n<link rel=\"canonical\" href=\"https:\/\/www.exploring-umbria.com\/de\/borghi-in-umbria-tanti-piccoli-gioielli-nascosti\/was-sie-machen-sollen-in-montone\/\" \/>\n<meta property=\"og:locale\" content=\"de_DE\" \/>\n<meta property=\"og:type\" content=\"article\" \/>\n<meta property=\"og:title\" content=\"Was Sie machen sollen in Montone - Exploring Umbria\" \/>\n<meta property=\"og:description\" content=\"Was Sie machen sollen in Montone\u00a0\u00a0 Nachdem Sie die Sch\u00f6nheiten der Altstadt erkundet sowie Museen, Kunstgalerien und Archive besucht haben, m\u00fcssen Sie\" \/>\n<meta property=\"og:url\" content=\"https:\/\/www.exploring-umbria.com\/de\/borghi-in-umbria-tanti-piccoli-gioielli-nascosti\/was-sie-machen-sollen-in-montone\/\" \/>\n<meta property=\"og:site_name\" content=\"Exploring Umbria\" \/>\n<meta property=\"article:publisher\" content=\"https:\/\/www.facebook.com\/exploringumbria\/\" \/>\n<meta property=\"article:modified_time\" content=\"2020-07-17T13:27:53+00:00\" \/>\n<meta property=\"og:image\" content=\"https:\/\/www.exploring-umbria.com\/wp-content\/uploads\/2019\/05\/FESTA-DELLA-SANTA-SPINA-MONTONE-4.jpg\" \/>\n\t<meta property=\"og:image:width\" content=\"800\" \/>\n\t<meta property=\"og:image:height\" content=\"533\" \/>\n\t<meta property=\"og:image:type\" content=\"image\/jpeg\" \/>\n<meta name=\"twitter:card\" content=\"summary_large_image\" \/>\n<meta name=\"twitter:label1\" content=\"Gesch\u00e4tzte Lesezeit\" \/>\n\t<meta name=\"twitter:data1\" content=\"2\u00a0Minuten\" \/>\n<script type=\"application\/ld+json\" class=\"yoast-schema-graph\">{\"@context\":\"https:\/\/schema.org\",\"@graph\":[{\"@type\":\"Organization\",\"@id\":\"https:\/\/www.exploring-umbria.com\/de\/#organization\",\"name\":\"Exploring Umbria\",\"url\":\"https:\/\/www.exploring-umbria.com\/de\/\",\"sameAs\":[\"https:\/\/www.facebook.com\/exploringumbria\/\",\"https:\/\/www.instagram.com\/exploringumbria\/\"],\"logo\":{\"@type\":\"ImageObject\",\"@id\":\"https:\/\/www.exploring-umbria.com\/de\/#logo\",\"inLanguage\":\"de\",\"url\":\"https:\/\/www.exploring-umbria.com\/wp-content\/uploads\/2019\/08\/solo-logo-verde.jpg\",\"contentUrl\":\"https:\/\/www.exploring-umbria.com\/wp-content\/uploads\/2019\/08\/solo-logo-verde.jpg\",\"width\":952,\"height\":532,\"caption\":\"Exploring Umbria\"},\"image\":{\"@id\":\"https:\/\/www.exploring-umbria.com\/de\/#logo\"}},{\"@type\":\"WebSite\",\"@id\":\"https:\/\/www.exploring-umbria.com\/de\/#website\",\"url\":\"https:\/\/www.exploring-umbria.com\/de\/\",\"name\":\"Exploring Umbria\",\"description\":\"your dates, your mood, your trip\",\"publisher\":{\"@id\":\"https:\/\/www.exploring-umbria.com\/de\/#organization\"},\"potentialAction\":[{\"@type\":\"SearchAction\",\"target\":{\"@type\":\"EntryPoint\",\"urlTemplate\":\"https:\/\/www.exploring-umbria.com\/de\/?s={search_term_string}\"},\"query-input\":\"required name=search_term_string\"}],\"inLanguage\":\"de\"},{\"@type\":\"ImageObject\",\"@id\":\"https:\/\/www.exploring-umbria.com\/de\/borghi-in-umbria-tanti-piccoli-gioielli-nascosti\/was-sie-machen-sollen-in-montone\/#primaryimage\",\"inLanguage\":\"de\",\"url\":\"https:\/\/www.exploring-umbria.com\/wp-content\/uploads\/2019\/05\/FESTA-DELLA-SANTA-SPINA-MONTONE-4.jpg\",\"contentUrl\":\"https:\/\/www.exploring-umbria.com\/wp-content\/uploads\/2019\/05\/FESTA-DELLA-SANTA-SPINA-MONTONE-4.jpg\",\"width\":800,\"height\":533,\"caption\":\"Scopri cosa fare a Montone\"},{\"@type\":\"WebPage\",\"@id\":\"https:\/\/www.exploring-umbria.com\/de\/borghi-in-umbria-tanti-piccoli-gioielli-nascosti\/was-sie-machen-sollen-in-montone\/#webpage\",\"url\":\"https:\/\/www.exploring-umbria.com\/de\/borghi-in-umbria-tanti-piccoli-gioielli-nascosti\/was-sie-machen-sollen-in-montone\/\",\"name\":\"Was Sie machen sollen in Montone - Exploring Umbria\",\"isPartOf\":{\"@id\":\"https:\/\/www.exploring-umbria.com\/de\/#website\"},\"primaryImageOfPage\":{\"@id\":\"https:\/\/www.exploring-umbria.com\/de\/borghi-in-umbria-tanti-piccoli-gioielli-nascosti\/was-sie-machen-sollen-in-montone\/#primaryimage\"},\"datePublished\":\"2019-03-26T15:16:11+00:00\",\"dateModified\":\"2020-07-17T13:27:53+00:00\",\"description\":\"Was Sie machen sollen in Montone\u00a0\u00a0 Nachdem Sie die Sch\u00f6nheiten der Altstadt erkundet sowie Museen, Kunstgalerien und Archive besucht haben, m\u00fcssen Sie\",\"breadcrumb\":{\"@id\":\"https:\/\/www.exploring-umbria.com\/de\/borghi-in-umbria-tanti-piccoli-gioielli-nascosti\/was-sie-machen-sollen-in-montone\/#breadcrumb\"},\"inLanguage\":\"de\",\"potentialAction\":[{\"@type\":\"ReadAction\",\"target\":[\"https:\/\/www.exploring-umbria.com\/de\/borghi-in-umbria-tanti-piccoli-gioielli-nascosti\/was-sie-machen-sollen-in-montone\/\"]}]},{\"@type\":\"BreadcrumbList\",\"@id\":\"https:\/\/www.exploring-umbria.com\/de\/borghi-in-umbria-tanti-piccoli-gioielli-nascosti\/was-sie-machen-sollen-in-montone\/#breadcrumb\",\"itemListElement\":[{\"@type\":\"ListItem\",\"position\":1,\"name\":\"Home\",\"item\":\"https:\/\/www.exploring-umbria.com\/de\/\"},{\"@type\":\"ListItem\",\"position\":2,\"name\":\"Borghi in Umbria: tanti piccoli gioielli nascosti\",\"item\":\"https:\/\/www.exploring-umbria.com\/de\/borghi-in-umbria-tanti-piccoli-gioielli-nascosti\/\"},{\"@type\":\"ListItem\",\"position\":3,\"name\":\"Was Sie machen sollen in Montone\"}]}]}<\/script>\n<!-- \/ Yoast SEO plugin. -->","yoast_head_json":{"title":"Was Sie machen sollen in Montone - Exploring Umbria","description":"Was Sie machen sollen in Montone\u00a0\u00a0 Nachdem Sie die Sch\u00f6nheiten der Altstadt erkundet sowie Museen, Kunstgalerien und Archive besucht haben, m\u00fcssen Sie","robots":{"index":"index","follow":"follow","max-snippet":"max-snippet:-1","max-image-preview":"max-image-preview:large","max-video-preview":"max-video-preview:-1"},"canonical":"https:\/\/www.exploring-umbria.com\/de\/borghi-in-umbria-tanti-piccoli-gioielli-nascosti\/was-sie-machen-sollen-in-montone\/","og_locale":"de_DE","og_type":"article","og_title":"Was Sie machen sollen in Montone - Exploring Umbria","og_description":"Was Sie machen sollen in Montone\u00a0\u00a0 Nachdem Sie die Sch\u00f6nheiten der Altstadt erkundet sowie Museen, Kunstgalerien und Archive besucht haben, m\u00fcssen Sie","og_url":"https:\/\/www.exploring-umbria.com\/de\/borghi-in-umbria-tanti-piccoli-gioielli-nascosti\/was-sie-machen-sollen-in-montone\/","og_site_name":"Exploring Umbria","article_publisher":"https:\/\/www.facebook.com\/exploringumbria\/","article_modified_time":"2020-07-17T13:27:53+00:00","og_image":[{"width":800,"height":533,"url":"https:\/\/www.exploring-umbria.com\/wp-content\/uploads\/2019\/05\/FESTA-DELLA-SANTA-SPINA-MONTONE-4.jpg","type":"image\/jpeg"}],"twitter_card":"summary_large_image","twitter_misc":{"Gesch\u00e4tzte Lesezeit":"2\u00a0Minuten"},"schema":{"@context":"https:\/\/schema.org","@graph":[{"@type":"Organization","@id":"https:\/\/www.exploring-umbria.com\/de\/#organization","name":"Exploring Umbria","url":"https:\/\/www.exploring-umbria.com\/de\/","sameAs":["https:\/\/www.facebook.com\/exploringumbria\/","https:\/\/www.instagram.com\/exploringumbria\/"],"logo":{"@type":"ImageObject","@id":"https:\/\/www.exploring-umbria.com\/de\/#logo","inLanguage":"de","url":"https:\/\/www.exploring-umbria.com\/wp-content\/uploads\/2019\/08\/solo-logo-verde.jpg","contentUrl":"https:\/\/www.exploring-umbria.com\/wp-content\/uploads\/2019\/08\/solo-logo-verde.jpg","width":952,"height":532,"caption":"Exploring Umbria"},"image":{"@id":"https:\/\/www.exploring-umbria.com\/de\/#logo"}},{"@type":"WebSite","@id":"https:\/\/www.exploring-umbria.com\/de\/#website","url":"https:\/\/www.exploring-umbria.com\/de\/","name":"Exploring Umbria","description":"your dates, your mood, your trip","publisher":{"@id":"https:\/\/www.exploring-umbria.com\/de\/#organization"},"potentialAction":[{"@type":"SearchAction","target":{"@type":"EntryPoint","urlTemplate":"https:\/\/www.exploring-umbria.com\/de\/?s={search_term_string}"},"query-input":"required name=search_term_string"}],"inLanguage":"de"},{"@type":"ImageObject","@id":"https:\/\/www.exploring-umbria.com\/de\/borghi-in-umbria-tanti-piccoli-gioielli-nascosti\/was-sie-machen-sollen-in-montone\/#primaryimage","inLanguage":"de","url":"https:\/\/www.exploring-umbria.com\/wp-content\/uploads\/2019\/05\/FESTA-DELLA-SANTA-SPINA-MONTONE-4.jpg","contentUrl":"https:\/\/www.exploring-umbria.com\/wp-content\/uploads\/2019\/05\/FESTA-DELLA-SANTA-SPINA-MONTONE-4.jpg","width":800,"height":533,"caption":"Scopri cosa fare a Montone"},{"@type":"WebPage","@id":"https:\/\/www.exploring-umbria.com\/de\/borghi-in-umbria-tanti-piccoli-gioielli-nascosti\/was-sie-machen-sollen-in-montone\/#webpage","url":"https:\/\/www.exploring-umbria.com\/de\/borghi-in-umbria-tanti-piccoli-gioielli-nascosti\/was-sie-machen-sollen-in-montone\/","name":"Was Sie machen sollen in Montone - Exploring Umbria","isPartOf":{"@id":"https:\/\/www.exploring-umbria.com\/de\/#website"},"primaryImageOfPage":{"@id":"https:\/\/www.exploring-umbria.com\/de\/borghi-in-umbria-tanti-piccoli-gioielli-nascosti\/was-sie-machen-sollen-in-montone\/#primaryimage"},"datePublished":"2019-03-26T15:16:11+00:00","dateModified":"2020-07-17T13:27:53+00:00","description":"Was Sie machen sollen in Montone\u00a0\u00a0 Nachdem Sie die Sch\u00f6nheiten der Altstadt erkundet sowie Museen, Kunstgalerien und Archive besucht haben, m\u00fcssen Sie","breadcrumb":{"@id":"https:\/\/www.exploring-umbria.com\/de\/borghi-in-umbria-tanti-piccoli-gioielli-nascosti\/was-sie-machen-sollen-in-montone\/#breadcrumb"},"inLanguage":"de","potentialAction":[{"@type":"ReadAction","target":["https:\/\/www.exploring-umbria.com\/de\/borghi-in-umbria-tanti-piccoli-gioielli-nascosti\/was-sie-machen-sollen-in-montone\/"]}]},{"@type":"BreadcrumbList","@id":"https:\/\/www.exploring-umbria.com\/de\/borghi-in-umbria-tanti-piccoli-gioielli-nascosti\/was-sie-machen-sollen-in-montone\/#breadcrumb","itemListElement":[{"@type":"ListItem","position":1,"name":"Home","item":"https:\/\/www.exploring-umbria.com\/de\/"},{"@type":"ListItem","position":2,"name":"Borghi in Umbria: tanti piccoli gioielli nascosti","item":"https:\/\/www.exploring-umbria.com\/de\/borghi-in-umbria-tanti-piccoli-gioielli-nascosti\/"},{"@type":"ListItem","position":3,"name":"Was Sie machen sollen in Montone"}]}]}},"_links":{"self":[{"href":"https:\/\/www.exploring-umbria.com\/de\/wp-json\/wp\/v2\/pages\/38040"}],"collection":[{"href":"https:\/\/www.exploring-umbria.com\/de\/wp-json\/wp\/v2\/pages"}],"about":[{"href":"https:\/\/www.exploring-umbria.com\/de\/wp-json\/wp\/v2\/types\/page"}],"author":[{"embeddable":true,"href":"https:\/\/www.exploring-umbria.com\/de\/wp-json\/wp\/v2\/users\/4"}],"replies":[{"embeddable":true,"href":"https:\/\/www.exploring-umbria.com\/de\/wp-json\/wp\/v2\/comments?post=38040"}],"version-history":[{"count":3,"href":"https:\/\/www.exploring-umbria.com\/de\/wp-json\/wp\/v2\/pages\/38040\/revisions"}],"predecessor-version":[{"id":38044,"href":"https:\/\/www.exploring-umbria.com\/de\/wp-json\/wp\/v2\/pages\/38040\/revisions\/38044"}],"up":[{"embeddable":true,"href":"https:\/\/www.exploring-umbria.com\/de\/wp-json\/wp\/v2\/pages\/3271"}],"wp:featuredmedia":[{"embeddable":true,"href":"https:\/\/www.exploring-umbria.com\/de\/wp-json\/wp\/v2\/media\/8217"}],"wp:attachment":[{"href":"https:\/\/www.exploring-umbria.com\/de\/wp-json\/wp\/v2\/media?parent=38040"}],"curies":[{"name":"wp","href":"https:\/\/api.w.org\/{rel}","templated":true}]}}