{"id":38028,"date":"2019-03-24T18:49:20","date_gmt":"2019-03-24T17:49:20","guid":{"rendered":"https:\/\/www.exploring-umbria.com\/borghi-in-umbria-tanti-piccoli-gioielli-nascosti\/scopri-montone\/"},"modified":"2020-07-16T13:47:39","modified_gmt":"2020-07-16T11:47:39","slug":"entdecken-montone","status":"publish","type":"page","link":"https:\/\/www.exploring-umbria.com\/de\/borghi-in-umbria-tanti-piccoli-gioielli-nascosti\/entdecken-montone\/","title":{"rendered":"Entdecken Montone"},"content":{"rendered":"<p><strong>Entdecken Sie Montone mit uns\u00a0<\/strong><\/p>\n<p>Von der Spitze des H\u00fcgels, auf dem er sich befindet, verst\u00e4rkt durch die D\u00fcfte der B\u00e4ume des Staatswaldes, der ihn umgibt, und eingeh\u00fcllt vom Klang des Wassers des Baches Carpina, der das Tal durchquert, hisste der Ort zu Recht die orangefarbene Flagge als Symbol f\u00fcr qualit\u00e4tvollen Tourismus, die ihm vom italienischen Touring Club verliehen wurde. Zudem geh\u00f6rt er seit 2003 zu den ber\u00fchmten sch\u00f6nsten D\u00f6rfer Italiens. Der Ursprung des Ortsnamens geht auf die <strong>Rocca d&#8217;Aries <\/strong>zur\u00fcck die wenige Kilometer vom Zentrum entfernt liegt und die die erste bauliche Etappe des Baus des Ortes durch die Familie <strong>Fortebracci<\/strong> darstellte: das Tier Widder, das Sternzeichen Widder und schlie\u00dflich das Schaf sind auch das Symbol, das auf dem Wappen der Stadt abgebildet ist. Gleich wie der Name ist auch die Herkunft belegt: Das erste sichere Dokument stammt aus dem Jahr 1121. Dort wird die Anwesenheit eines Castrums, eines befestigten Dorfes mit Burg und angeschlossener Pfarrkirche, bezeugt. Im Jahre 1150 erhielt Montone den Titel einer Gemeinde, aber erst im 15. Jahrhundert erlebte es dank der Familie Fortebracci seine gr\u00f6\u00dfte Erweiterung und seinen besonderen Wohlstand.<\/p>\n<p><em>Andrea Braccio Fortebracci<\/em>, bekannt als <a href=\"https:\/\/de.wikipedia.org\/wiki\/Braccio_da_Montone\" target=\"_blank\" rel=\"noopener noreferrer\"><strong>Braccio da Montone<\/strong><\/a>, war einer der gr\u00f6\u00dften S\u00f6ldner Italiens. Gemeinsam mit ihm beteiligten sich die Bewohner der Stadt an dem ehrgeizigen Projekt zur Schaffung des einheitlichen Staates Mittelitaliens, dessen Hauptstadt Perugia sein sollte. Leider wurde dieser Traum nie wahr, denn die Bem\u00fchungen endeten tats\u00e4chlich mit dem Tod von Braccio im Jahr 1424 und mit dem \u00dcbergang des Dorfes in die Herrschaft des Kirchenstaates. Bis 1640 wurde Montone von den Vitelli aus Citt\u00e0 di Castello beherrscht, die den Ort im Namen des Papstes verwalteten. Erst mit der Gr\u00fcndung des italienischen Staates im Jahre 1860 erhielt Montone seine Eigenst\u00e4ndigkeit zur\u00fcck.<\/p>\n<p>Trotz der negativen politischen Ereignisse und Kriege, die das Tal aufgrund strategischen Lage erlebte, ist der Ort heute eine in ihren urspr\u00fcnglichen Formen und einzigartigen Eigenschaften renovierte Stadt. Trotz ihrer geringen Gr\u00f6\u00dfe, blieben der Ruhm des hier geborenen Anf\u00fchrers (Braccio da Montone) sowie die Verehrung des Heiligen Dorns aufrecht, der seit jeher innerhalb der Stadtmauern aufbewahrt wird. Au\u00dferdem machen die Unverf\u00e4lschtheit der Produkte der Umgebung, die unsterbliche Kunst der einheimischen Handwerker, die heutigen Bem\u00fchungen zur Wiederherstellung der alten Kultur und die Lebendigkeit der zahlreichen Feste, die das Stadtzentrum w\u00e4hrend des Jahres beleben, Montone zu einem <a href=\"https:\/\/www.exploring-umbria.com\/de\/aktivitaten\/guided-tour-of-montone\/\" target=\"_blank\" rel=\"noopener noreferrer\">unverzichtbaren Urlaubsziel<\/a> in Umbrien.<\/p>\n<p>Sie k\u00f6nnen sich sicher sein, dass Sie dieses St\u00fcck Erde am Ende Ihres Urlaubs nur ungern verlassen werden!<\/p>\n","protected":false},"excerpt":{"rendered":"<p>Entdecken Sie Montone mit uns\u00a0 Von der Spitze des H\u00fcgels, auf dem er sich befindet, verst\u00e4rkt durch die D\u00fcfte der B\u00e4ume des Staatswaldes, der ihn umgibt, und eingeh\u00fcllt vom Klang des Wassers des Baches Carpina, der das Tal durchquert, hisste der Ort zu Recht die orangefarbene Flagge als Symbol f\u00fcr qualit\u00e4tvollen Tourismus, die ihm vom [&hellip;]<\/p>\n","protected":false},"author":4,"featured_media":8249,"parent":3271,"menu_order":0,"comment_status":"closed","ping_status":"closed","template":"","meta":{"om_disable_all_campaigns":false,"_monsterinsights_skip_tracking":false,"_monsterinsights_sitenote_active":false,"_monsterinsights_sitenote_note":"","_monsterinsights_sitenote_category":0},"acf":[],"yoast_head":"<!-- This site is optimized with the Yoast SEO plugin v18.4.1 - https:\/\/yoast.com\/wordpress\/plugins\/seo\/ -->\n<title>Entdecken Montone - Exploring Umbria<\/title>\n<meta name=\"description\" content=\"Entdecken Sie Montone mit uns\u00a0 Von der Spitze des H\u00fcgels, auf dem er sich befindet, verst\u00e4rkt durch die D\u00fcfte der B\u00e4ume des Staatswaldes, der ihn umgibt,\" \/>\n<meta name=\"robots\" content=\"index, follow, max-snippet:-1, max-image-preview:large, max-video-preview:-1\" \/>\n<link rel=\"canonical\" href=\"https:\/\/www.exploring-umbria.com\/de\/borghi-in-umbria-tanti-piccoli-gioielli-nascosti\/entdecken-montone\/\" \/>\n<meta property=\"og:locale\" content=\"de_DE\" \/>\n<meta property=\"og:type\" content=\"article\" \/>\n<meta property=\"og:title\" content=\"Entdecken Montone - Exploring Umbria\" \/>\n<meta property=\"og:description\" content=\"Entdecken Sie Montone mit uns\u00a0 Von der Spitze des H\u00fcgels, auf dem er sich befindet, verst\u00e4rkt durch die D\u00fcfte der B\u00e4ume des Staatswaldes, der ihn umgibt,\" \/>\n<meta property=\"og:url\" content=\"https:\/\/www.exploring-umbria.com\/de\/borghi-in-umbria-tanti-piccoli-gioielli-nascosti\/entdecken-montone\/\" \/>\n<meta property=\"og:site_name\" content=\"Exploring Umbria\" \/>\n<meta property=\"article:publisher\" content=\"https:\/\/www.facebook.com\/exploringumbria\/\" \/>\n<meta property=\"article:modified_time\" content=\"2020-07-16T11:47:39+00:00\" \/>\n<meta property=\"og:image\" content=\"https:\/\/www.exploring-umbria.com\/wp-content\/uploads\/2019\/05\/MONTONE-VISUALE.jpg\" \/>\n\t<meta property=\"og:image:width\" content=\"1800\" \/>\n\t<meta property=\"og:image:height\" content=\"1200\" \/>\n\t<meta property=\"og:image:type\" content=\"image\/jpeg\" \/>\n<meta name=\"twitter:card\" content=\"summary_large_image\" \/>\n<meta name=\"twitter:label1\" content=\"Gesch\u00e4tzte Lesezeit\" \/>\n\t<meta name=\"twitter:data1\" content=\"2\u00a0Minuten\" \/>\n<script type=\"application\/ld+json\" class=\"yoast-schema-graph\">{\"@context\":\"https:\/\/schema.org\",\"@graph\":[{\"@type\":\"Organization\",\"@id\":\"https:\/\/www.exploring-umbria.com\/de\/#organization\",\"name\":\"Exploring Umbria\",\"url\":\"https:\/\/www.exploring-umbria.com\/de\/\",\"sameAs\":[\"https:\/\/www.facebook.com\/exploringumbria\/\",\"https:\/\/www.instagram.com\/exploringumbria\/\"],\"logo\":{\"@type\":\"ImageObject\",\"@id\":\"https:\/\/www.exploring-umbria.com\/de\/#logo\",\"inLanguage\":\"de\",\"url\":\"https:\/\/www.exploring-umbria.com\/wp-content\/uploads\/2019\/08\/solo-logo-verde.jpg\",\"contentUrl\":\"https:\/\/www.exploring-umbria.com\/wp-content\/uploads\/2019\/08\/solo-logo-verde.jpg\",\"width\":952,\"height\":532,\"caption\":\"Exploring Umbria\"},\"image\":{\"@id\":\"https:\/\/www.exploring-umbria.com\/de\/#logo\"}},{\"@type\":\"WebSite\",\"@id\":\"https:\/\/www.exploring-umbria.com\/de\/#website\",\"url\":\"https:\/\/www.exploring-umbria.com\/de\/\",\"name\":\"Exploring Umbria\",\"description\":\"your dates, your mood, your trip\",\"publisher\":{\"@id\":\"https:\/\/www.exploring-umbria.com\/de\/#organization\"},\"potentialAction\":[{\"@type\":\"SearchAction\",\"target\":{\"@type\":\"EntryPoint\",\"urlTemplate\":\"https:\/\/www.exploring-umbria.com\/de\/?s={search_term_string}\"},\"query-input\":\"required name=search_term_string\"}],\"inLanguage\":\"de\"},{\"@type\":\"ImageObject\",\"@id\":\"https:\/\/www.exploring-umbria.com\/de\/borghi-in-umbria-tanti-piccoli-gioielli-nascosti\/entdecken-montone\/#primaryimage\",\"inLanguage\":\"de\",\"url\":\"https:\/\/www.exploring-umbria.com\/wp-content\/uploads\/2019\/05\/MONTONE-VISUALE.jpg\",\"contentUrl\":\"https:\/\/www.exploring-umbria.com\/wp-content\/uploads\/2019\/05\/MONTONE-VISUALE.jpg\",\"width\":1800,\"height\":1200,\"caption\":\"Scopri Montone\"},{\"@type\":\"WebPage\",\"@id\":\"https:\/\/www.exploring-umbria.com\/de\/borghi-in-umbria-tanti-piccoli-gioielli-nascosti\/entdecken-montone\/#webpage\",\"url\":\"https:\/\/www.exploring-umbria.com\/de\/borghi-in-umbria-tanti-piccoli-gioielli-nascosti\/entdecken-montone\/\",\"name\":\"Entdecken Montone - Exploring Umbria\",\"isPartOf\":{\"@id\":\"https:\/\/www.exploring-umbria.com\/de\/#website\"},\"primaryImageOfPage\":{\"@id\":\"https:\/\/www.exploring-umbria.com\/de\/borghi-in-umbria-tanti-piccoli-gioielli-nascosti\/entdecken-montone\/#primaryimage\"},\"datePublished\":\"2019-03-24T17:49:20+00:00\",\"dateModified\":\"2020-07-16T11:47:39+00:00\",\"description\":\"Entdecken Sie Montone mit uns\u00a0 Von der Spitze des H\u00fcgels, auf dem er sich befindet, verst\u00e4rkt durch die D\u00fcfte der B\u00e4ume des Staatswaldes, der ihn umgibt,\",\"breadcrumb\":{\"@id\":\"https:\/\/www.exploring-umbria.com\/de\/borghi-in-umbria-tanti-piccoli-gioielli-nascosti\/entdecken-montone\/#breadcrumb\"},\"inLanguage\":\"de\",\"potentialAction\":[{\"@type\":\"ReadAction\",\"target\":[\"https:\/\/www.exploring-umbria.com\/de\/borghi-in-umbria-tanti-piccoli-gioielli-nascosti\/entdecken-montone\/\"]}]},{\"@type\":\"BreadcrumbList\",\"@id\":\"https:\/\/www.exploring-umbria.com\/de\/borghi-in-umbria-tanti-piccoli-gioielli-nascosti\/entdecken-montone\/#breadcrumb\",\"itemListElement\":[{\"@type\":\"ListItem\",\"position\":1,\"name\":\"Home\",\"item\":\"https:\/\/www.exploring-umbria.com\/de\/\"},{\"@type\":\"ListItem\",\"position\":2,\"name\":\"Borghi in Umbria: tanti piccoli gioielli nascosti\",\"item\":\"https:\/\/www.exploring-umbria.com\/de\/borghi-in-umbria-tanti-piccoli-gioielli-nascosti\/\"},{\"@type\":\"ListItem\",\"position\":3,\"name\":\"Entdecken Montone\"}]}]}<\/script>\n<!-- \/ Yoast SEO plugin. -->","yoast_head_json":{"title":"Entdecken Montone - Exploring Umbria","description":"Entdecken Sie Montone mit uns\u00a0 Von der Spitze des H\u00fcgels, auf dem er sich befindet, verst\u00e4rkt durch die D\u00fcfte der B\u00e4ume des Staatswaldes, der ihn umgibt,","robots":{"index":"index","follow":"follow","max-snippet":"max-snippet:-1","max-image-preview":"max-image-preview:large","max-video-preview":"max-video-preview:-1"},"canonical":"https:\/\/www.exploring-umbria.com\/de\/borghi-in-umbria-tanti-piccoli-gioielli-nascosti\/entdecken-montone\/","og_locale":"de_DE","og_type":"article","og_title":"Entdecken Montone - Exploring Umbria","og_description":"Entdecken Sie Montone mit uns\u00a0 Von der Spitze des H\u00fcgels, auf dem er sich befindet, verst\u00e4rkt durch die D\u00fcfte der B\u00e4ume des Staatswaldes, der ihn umgibt,","og_url":"https:\/\/www.exploring-umbria.com\/de\/borghi-in-umbria-tanti-piccoli-gioielli-nascosti\/entdecken-montone\/","og_site_name":"Exploring Umbria","article_publisher":"https:\/\/www.facebook.com\/exploringumbria\/","article_modified_time":"2020-07-16T11:47:39+00:00","og_image":[{"width":1800,"height":1200,"url":"https:\/\/www.exploring-umbria.com\/wp-content\/uploads\/2019\/05\/MONTONE-VISUALE.jpg","type":"image\/jpeg"}],"twitter_card":"summary_large_image","twitter_misc":{"Gesch\u00e4tzte Lesezeit":"2\u00a0Minuten"},"schema":{"@context":"https:\/\/schema.org","@graph":[{"@type":"Organization","@id":"https:\/\/www.exploring-umbria.com\/de\/#organization","name":"Exploring Umbria","url":"https:\/\/www.exploring-umbria.com\/de\/","sameAs":["https:\/\/www.facebook.com\/exploringumbria\/","https:\/\/www.instagram.com\/exploringumbria\/"],"logo":{"@type":"ImageObject","@id":"https:\/\/www.exploring-umbria.com\/de\/#logo","inLanguage":"de","url":"https:\/\/www.exploring-umbria.com\/wp-content\/uploads\/2019\/08\/solo-logo-verde.jpg","contentUrl":"https:\/\/www.exploring-umbria.com\/wp-content\/uploads\/2019\/08\/solo-logo-verde.jpg","width":952,"height":532,"caption":"Exploring Umbria"},"image":{"@id":"https:\/\/www.exploring-umbria.com\/de\/#logo"}},{"@type":"WebSite","@id":"https:\/\/www.exploring-umbria.com\/de\/#website","url":"https:\/\/www.exploring-umbria.com\/de\/","name":"Exploring Umbria","description":"your dates, your mood, your trip","publisher":{"@id":"https:\/\/www.exploring-umbria.com\/de\/#organization"},"potentialAction":[{"@type":"SearchAction","target":{"@type":"EntryPoint","urlTemplate":"https:\/\/www.exploring-umbria.com\/de\/?s={search_term_string}"},"query-input":"required name=search_term_string"}],"inLanguage":"de"},{"@type":"ImageObject","@id":"https:\/\/www.exploring-umbria.com\/de\/borghi-in-umbria-tanti-piccoli-gioielli-nascosti\/entdecken-montone\/#primaryimage","inLanguage":"de","url":"https:\/\/www.exploring-umbria.com\/wp-content\/uploads\/2019\/05\/MONTONE-VISUALE.jpg","contentUrl":"https:\/\/www.exploring-umbria.com\/wp-content\/uploads\/2019\/05\/MONTONE-VISUALE.jpg","width":1800,"height":1200,"caption":"Scopri Montone"},{"@type":"WebPage","@id":"https:\/\/www.exploring-umbria.com\/de\/borghi-in-umbria-tanti-piccoli-gioielli-nascosti\/entdecken-montone\/#webpage","url":"https:\/\/www.exploring-umbria.com\/de\/borghi-in-umbria-tanti-piccoli-gioielli-nascosti\/entdecken-montone\/","name":"Entdecken Montone - Exploring Umbria","isPartOf":{"@id":"https:\/\/www.exploring-umbria.com\/de\/#website"},"primaryImageOfPage":{"@id":"https:\/\/www.exploring-umbria.com\/de\/borghi-in-umbria-tanti-piccoli-gioielli-nascosti\/entdecken-montone\/#primaryimage"},"datePublished":"2019-03-24T17:49:20+00:00","dateModified":"2020-07-16T11:47:39+00:00","description":"Entdecken Sie Montone mit uns\u00a0 Von der Spitze des H\u00fcgels, auf dem er sich befindet, verst\u00e4rkt durch die D\u00fcfte der B\u00e4ume des Staatswaldes, der ihn umgibt,","breadcrumb":{"@id":"https:\/\/www.exploring-umbria.com\/de\/borghi-in-umbria-tanti-piccoli-gioielli-nascosti\/entdecken-montone\/#breadcrumb"},"inLanguage":"de","potentialAction":[{"@type":"ReadAction","target":["https:\/\/www.exploring-umbria.com\/de\/borghi-in-umbria-tanti-piccoli-gioielli-nascosti\/entdecken-montone\/"]}]},{"@type":"BreadcrumbList","@id":"https:\/\/www.exploring-umbria.com\/de\/borghi-in-umbria-tanti-piccoli-gioielli-nascosti\/entdecken-montone\/#breadcrumb","itemListElement":[{"@type":"ListItem","position":1,"name":"Home","item":"https:\/\/www.exploring-umbria.com\/de\/"},{"@type":"ListItem","position":2,"name":"Borghi in Umbria: tanti piccoli gioielli nascosti","item":"https:\/\/www.exploring-umbria.com\/de\/borghi-in-umbria-tanti-piccoli-gioielli-nascosti\/"},{"@type":"ListItem","position":3,"name":"Entdecken Montone"}]}]}},"_links":{"self":[{"href":"https:\/\/www.exploring-umbria.com\/de\/wp-json\/wp\/v2\/pages\/38028"}],"collection":[{"href":"https:\/\/www.exploring-umbria.com\/de\/wp-json\/wp\/v2\/pages"}],"about":[{"href":"https:\/\/www.exploring-umbria.com\/de\/wp-json\/wp\/v2\/types\/page"}],"author":[{"embeddable":true,"href":"https:\/\/www.exploring-umbria.com\/de\/wp-json\/wp\/v2\/users\/4"}],"replies":[{"embeddable":true,"href":"https:\/\/www.exploring-umbria.com\/de\/wp-json\/wp\/v2\/comments?post=38028"}],"version-history":[{"count":2,"href":"https:\/\/www.exploring-umbria.com\/de\/wp-json\/wp\/v2\/pages\/38028\/revisions"}],"predecessor-version":[{"id":38031,"href":"https:\/\/www.exploring-umbria.com\/de\/wp-json\/wp\/v2\/pages\/38028\/revisions\/38031"}],"up":[{"embeddable":true,"href":"https:\/\/www.exploring-umbria.com\/de\/wp-json\/wp\/v2\/pages\/3271"}],"wp:featuredmedia":[{"embeddable":true,"href":"https:\/\/www.exploring-umbria.com\/de\/wp-json\/wp\/v2\/media\/8249"}],"wp:attachment":[{"href":"https:\/\/www.exploring-umbria.com\/de\/wp-json\/wp\/v2\/media?parent=38028"}],"curies":[{"name":"wp","href":"https:\/\/api.w.org\/{rel}","templated":true}]}}