{"id":38002,"date":"2019-05-21T14:38:51","date_gmt":"2019-05-21T12:38:51","guid":{"rendered":"https:\/\/www.exploring-umbria.com\/borghi-in-umbria-tanti-piccoli-gioielli-nascosti\/was-sie-sehen-sollen-in-spello\/chiesa-di-santanna-di-spello\/"},"modified":"2020-07-16T11:17:43","modified_gmt":"2020-07-16T09:17:43","slug":"kirche-santanna","status":"publish","type":"page","link":"https:\/\/www.exploring-umbria.com\/de\/borghi-in-umbria-tanti-piccoli-gioielli-nascosti\/was-sie-sehen-sollen-in-spello\/kirche-santanna\/","title":{"rendered":"Kirche Sant\u2019Anna"},"content":{"rendered":"<p><strong>Die Kirche<\/strong> <strong>Sant&#8217;Anna<\/strong> ist ein kleines, immer geschlossenes Geb\u00e4ude, das sich im Vorstadtbereich von Spello, unweit von der Villa di Mosaici befindet. Mit gro\u00dfer Wahrscheinlichkeit war sie fr\u00fcher ein Oratorium der Br\u00fcderschaft der Disciplinati di Sant\u2019Anna, die das Krankenhaus innerhalb der Stadtmauern seit 1362 leiteten. Es gibt keine Dokumentation zur Gr\u00fcndung des Krankenhausses, aber k\u00fcrzlich wurden Fresken entdeckt, die die Errichtung des Geb\u00e4udes auf den Beginn des 13. Jahrhunderts datieren. Wie viele Geb\u00e4ude in Spello wurde auch diese Kirche mehrmals renoviert und so in ihrem urspr\u00fcnglichen Erscheinungsbild ver\u00e4ndert. Eine dieser Renovierungen erfolgte unmittelbar nach dem Erdbeben im Jahr 1997.<\/p>\n<p>Die Kirche ist mit einem Satteldach und einem Auge in der Mitte ohne Rosette versehen, au\u00dferdem ist das Tor mit einem Eisengitter ausgestattet, das zwischen dem Au\u00dfenbereich und dem Inneren der Kirche liegt. Der Innenraum ist viereckig und mit drei Alt\u00e4ren sowie einer geraden Seitenwand ausgestattet. Die Mauern sind mit Fresken verziert, die zwischen dem 15. Und dem 16. Jahrhundert entstanden. Dazu geh\u00f6rt auch eine <em>Madonna mit Kind<\/em> und der <em>Hl. Giobbe mit der Hl. Anna<\/em> von der umbrischen Schule, ein Fresko der Schule aus Foligno in einer Nische, ein Banner einer Prozession aus dem 16. Jahrhundert und weitere Fresken aus dem 15. Jahrhundert der umbrischen Schule. Au\u00dferdem befindet sich neben dem Altar eine Lourdes-Madonna aus Gips und in einer Nische eine Statue der Hl. Anna mit der Muttergottes als Kind.<\/p>\n","protected":false},"excerpt":{"rendered":"<p>Die Kirche Sant&#8217;Anna ist ein kleines, immer geschlossenes Geb\u00e4ude, das sich im Vorstadtbereich von Spello, unweit von der Villa di Mosaici befindet. Mit gro\u00dfer Wahrscheinlichkeit war sie fr\u00fcher ein Oratorium der Br\u00fcderschaft der Disciplinati di Sant\u2019Anna, die das Krankenhaus innerhalb der Stadtmauern seit 1362 leiteten. Es gibt keine Dokumentation zur Gr\u00fcndung des Krankenhausses, aber k\u00fcrzlich [&hellip;]<\/p>\n","protected":false},"author":4,"featured_media":0,"parent":37791,"menu_order":0,"comment_status":"closed","ping_status":"closed","template":"","meta":{"om_disable_all_campaigns":false,"_monsterinsights_skip_tracking":false,"_monsterinsights_sitenote_active":false,"_monsterinsights_sitenote_note":"","_monsterinsights_sitenote_category":0},"acf":[],"yoast_head":"<!-- This site is optimized with the Yoast SEO plugin v18.4.1 - https:\/\/yoast.com\/wordpress\/plugins\/seo\/ -->\n<title>Kirche Sant\u2019Anna - Exploring Umbria<\/title>\n<meta name=\"description\" content=\"Die Kirche Sant&#039;Anna ist ein kleines, immer geschlossenes Geb\u00e4ude, das sich im Vorstadtbereich von Spello, unweit von der Villa di Mosaici befindet. Mit\" \/>\n<meta name=\"robots\" content=\"index, follow, max-snippet:-1, max-image-preview:large, max-video-preview:-1\" \/>\n<link rel=\"canonical\" href=\"https:\/\/www.exploring-umbria.com\/de\/borghi-in-umbria-tanti-piccoli-gioielli-nascosti\/was-sie-sehen-sollen-in-spello\/kirche-santanna\/\" \/>\n<meta property=\"og:locale\" content=\"de_DE\" \/>\n<meta property=\"og:type\" content=\"article\" \/>\n<meta property=\"og:title\" content=\"Kirche Sant\u2019Anna - Exploring Umbria\" \/>\n<meta property=\"og:description\" content=\"Die Kirche Sant&#039;Anna ist ein kleines, immer geschlossenes Geb\u00e4ude, das sich im Vorstadtbereich von Spello, unweit von der Villa di Mosaici befindet. Mit\" \/>\n<meta property=\"og:url\" content=\"https:\/\/www.exploring-umbria.com\/de\/borghi-in-umbria-tanti-piccoli-gioielli-nascosti\/was-sie-sehen-sollen-in-spello\/kirche-santanna\/\" \/>\n<meta property=\"og:site_name\" content=\"Exploring Umbria\" \/>\n<meta property=\"article:publisher\" content=\"https:\/\/www.facebook.com\/exploringumbria\/\" \/>\n<meta property=\"article:modified_time\" content=\"2020-07-16T09:17:43+00:00\" \/>\n<meta name=\"twitter:card\" content=\"summary_large_image\" \/>\n<meta name=\"twitter:label1\" content=\"Gesch\u00e4tzte Lesezeit\" \/>\n\t<meta name=\"twitter:data1\" content=\"1\u00a0Minute\" \/>\n<script type=\"application\/ld+json\" class=\"yoast-schema-graph\">{\"@context\":\"https:\/\/schema.org\",\"@graph\":[{\"@type\":\"Organization\",\"@id\":\"https:\/\/www.exploring-umbria.com\/de\/#organization\",\"name\":\"Exploring Umbria\",\"url\":\"https:\/\/www.exploring-umbria.com\/de\/\",\"sameAs\":[\"https:\/\/www.facebook.com\/exploringumbria\/\",\"https:\/\/www.instagram.com\/exploringumbria\/\"],\"logo\":{\"@type\":\"ImageObject\",\"@id\":\"https:\/\/www.exploring-umbria.com\/de\/#logo\",\"inLanguage\":\"de\",\"url\":\"https:\/\/www.exploring-umbria.com\/wp-content\/uploads\/2019\/08\/solo-logo-verde.jpg\",\"contentUrl\":\"https:\/\/www.exploring-umbria.com\/wp-content\/uploads\/2019\/08\/solo-logo-verde.jpg\",\"width\":952,\"height\":532,\"caption\":\"Exploring Umbria\"},\"image\":{\"@id\":\"https:\/\/www.exploring-umbria.com\/de\/#logo\"}},{\"@type\":\"WebSite\",\"@id\":\"https:\/\/www.exploring-umbria.com\/de\/#website\",\"url\":\"https:\/\/www.exploring-umbria.com\/de\/\",\"name\":\"Exploring Umbria\",\"description\":\"your dates, your mood, your trip\",\"publisher\":{\"@id\":\"https:\/\/www.exploring-umbria.com\/de\/#organization\"},\"potentialAction\":[{\"@type\":\"SearchAction\",\"target\":{\"@type\":\"EntryPoint\",\"urlTemplate\":\"https:\/\/www.exploring-umbria.com\/de\/?s={search_term_string}\"},\"query-input\":\"required name=search_term_string\"}],\"inLanguage\":\"de\"},{\"@type\":\"WebPage\",\"@id\":\"https:\/\/www.exploring-umbria.com\/de\/borghi-in-umbria-tanti-piccoli-gioielli-nascosti\/was-sie-sehen-sollen-in-spello\/kirche-santanna\/#webpage\",\"url\":\"https:\/\/www.exploring-umbria.com\/de\/borghi-in-umbria-tanti-piccoli-gioielli-nascosti\/was-sie-sehen-sollen-in-spello\/kirche-santanna\/\",\"name\":\"Kirche Sant\u2019Anna - Exploring Umbria\",\"isPartOf\":{\"@id\":\"https:\/\/www.exploring-umbria.com\/de\/#website\"},\"datePublished\":\"2019-05-21T12:38:51+00:00\",\"dateModified\":\"2020-07-16T09:17:43+00:00\",\"description\":\"Die Kirche Sant'Anna ist ein kleines, immer geschlossenes Geb\u00e4ude, das sich im Vorstadtbereich von Spello, unweit von der Villa di Mosaici befindet. Mit\",\"breadcrumb\":{\"@id\":\"https:\/\/www.exploring-umbria.com\/de\/borghi-in-umbria-tanti-piccoli-gioielli-nascosti\/was-sie-sehen-sollen-in-spello\/kirche-santanna\/#breadcrumb\"},\"inLanguage\":\"de\",\"potentialAction\":[{\"@type\":\"ReadAction\",\"target\":[\"https:\/\/www.exploring-umbria.com\/de\/borghi-in-umbria-tanti-piccoli-gioielli-nascosti\/was-sie-sehen-sollen-in-spello\/kirche-santanna\/\"]}]},{\"@type\":\"BreadcrumbList\",\"@id\":\"https:\/\/www.exploring-umbria.com\/de\/borghi-in-umbria-tanti-piccoli-gioielli-nascosti\/was-sie-sehen-sollen-in-spello\/kirche-santanna\/#breadcrumb\",\"itemListElement\":[{\"@type\":\"ListItem\",\"position\":1,\"name\":\"Home\",\"item\":\"https:\/\/www.exploring-umbria.com\/de\/\"},{\"@type\":\"ListItem\",\"position\":2,\"name\":\"Borghi in Umbria: tanti piccoli gioielli nascosti\",\"item\":\"https:\/\/www.exploring-umbria.com\/de\/borghi-in-umbria-tanti-piccoli-gioielli-nascosti\/\"},{\"@type\":\"ListItem\",\"position\":3,\"name\":\"Was Sie sehen sollen in Spello\",\"item\":\"https:\/\/www.exploring-umbria.com\/de\/borghi-in-umbria-tanti-piccoli-gioielli-nascosti\/was-sie-sehen-sollen-in-spello\/\"},{\"@type\":\"ListItem\",\"position\":4,\"name\":\"Kirche Sant\u2019Anna\"}]}]}<\/script>\n<!-- \/ Yoast SEO plugin. -->","yoast_head_json":{"title":"Kirche Sant\u2019Anna - Exploring Umbria","description":"Die Kirche Sant'Anna ist ein kleines, immer geschlossenes Geb\u00e4ude, das sich im Vorstadtbereich von Spello, unweit von der Villa di Mosaici befindet. Mit","robots":{"index":"index","follow":"follow","max-snippet":"max-snippet:-1","max-image-preview":"max-image-preview:large","max-video-preview":"max-video-preview:-1"},"canonical":"https:\/\/www.exploring-umbria.com\/de\/borghi-in-umbria-tanti-piccoli-gioielli-nascosti\/was-sie-sehen-sollen-in-spello\/kirche-santanna\/","og_locale":"de_DE","og_type":"article","og_title":"Kirche Sant\u2019Anna - Exploring Umbria","og_description":"Die Kirche Sant'Anna ist ein kleines, immer geschlossenes Geb\u00e4ude, das sich im Vorstadtbereich von Spello, unweit von der Villa di Mosaici befindet. Mit","og_url":"https:\/\/www.exploring-umbria.com\/de\/borghi-in-umbria-tanti-piccoli-gioielli-nascosti\/was-sie-sehen-sollen-in-spello\/kirche-santanna\/","og_site_name":"Exploring Umbria","article_publisher":"https:\/\/www.facebook.com\/exploringumbria\/","article_modified_time":"2020-07-16T09:17:43+00:00","twitter_card":"summary_large_image","twitter_misc":{"Gesch\u00e4tzte Lesezeit":"1\u00a0Minute"},"schema":{"@context":"https:\/\/schema.org","@graph":[{"@type":"Organization","@id":"https:\/\/www.exploring-umbria.com\/de\/#organization","name":"Exploring Umbria","url":"https:\/\/www.exploring-umbria.com\/de\/","sameAs":["https:\/\/www.facebook.com\/exploringumbria\/","https:\/\/www.instagram.com\/exploringumbria\/"],"logo":{"@type":"ImageObject","@id":"https:\/\/www.exploring-umbria.com\/de\/#logo","inLanguage":"de","url":"https:\/\/www.exploring-umbria.com\/wp-content\/uploads\/2019\/08\/solo-logo-verde.jpg","contentUrl":"https:\/\/www.exploring-umbria.com\/wp-content\/uploads\/2019\/08\/solo-logo-verde.jpg","width":952,"height":532,"caption":"Exploring Umbria"},"image":{"@id":"https:\/\/www.exploring-umbria.com\/de\/#logo"}},{"@type":"WebSite","@id":"https:\/\/www.exploring-umbria.com\/de\/#website","url":"https:\/\/www.exploring-umbria.com\/de\/","name":"Exploring Umbria","description":"your dates, your mood, your trip","publisher":{"@id":"https:\/\/www.exploring-umbria.com\/de\/#organization"},"potentialAction":[{"@type":"SearchAction","target":{"@type":"EntryPoint","urlTemplate":"https:\/\/www.exploring-umbria.com\/de\/?s={search_term_string}"},"query-input":"required name=search_term_string"}],"inLanguage":"de"},{"@type":"WebPage","@id":"https:\/\/www.exploring-umbria.com\/de\/borghi-in-umbria-tanti-piccoli-gioielli-nascosti\/was-sie-sehen-sollen-in-spello\/kirche-santanna\/#webpage","url":"https:\/\/www.exploring-umbria.com\/de\/borghi-in-umbria-tanti-piccoli-gioielli-nascosti\/was-sie-sehen-sollen-in-spello\/kirche-santanna\/","name":"Kirche Sant\u2019Anna - Exploring Umbria","isPartOf":{"@id":"https:\/\/www.exploring-umbria.com\/de\/#website"},"datePublished":"2019-05-21T12:38:51+00:00","dateModified":"2020-07-16T09:17:43+00:00","description":"Die Kirche Sant'Anna ist ein kleines, immer geschlossenes Geb\u00e4ude, das sich im Vorstadtbereich von Spello, unweit von der Villa di Mosaici befindet. Mit","breadcrumb":{"@id":"https:\/\/www.exploring-umbria.com\/de\/borghi-in-umbria-tanti-piccoli-gioielli-nascosti\/was-sie-sehen-sollen-in-spello\/kirche-santanna\/#breadcrumb"},"inLanguage":"de","potentialAction":[{"@type":"ReadAction","target":["https:\/\/www.exploring-umbria.com\/de\/borghi-in-umbria-tanti-piccoli-gioielli-nascosti\/was-sie-sehen-sollen-in-spello\/kirche-santanna\/"]}]},{"@type":"BreadcrumbList","@id":"https:\/\/www.exploring-umbria.com\/de\/borghi-in-umbria-tanti-piccoli-gioielli-nascosti\/was-sie-sehen-sollen-in-spello\/kirche-santanna\/#breadcrumb","itemListElement":[{"@type":"ListItem","position":1,"name":"Home","item":"https:\/\/www.exploring-umbria.com\/de\/"},{"@type":"ListItem","position":2,"name":"Borghi in Umbria: tanti piccoli gioielli nascosti","item":"https:\/\/www.exploring-umbria.com\/de\/borghi-in-umbria-tanti-piccoli-gioielli-nascosti\/"},{"@type":"ListItem","position":3,"name":"Was Sie sehen sollen in Spello","item":"https:\/\/www.exploring-umbria.com\/de\/borghi-in-umbria-tanti-piccoli-gioielli-nascosti\/was-sie-sehen-sollen-in-spello\/"},{"@type":"ListItem","position":4,"name":"Kirche Sant\u2019Anna"}]}]}},"_links":{"self":[{"href":"https:\/\/www.exploring-umbria.com\/de\/wp-json\/wp\/v2\/pages\/38002"}],"collection":[{"href":"https:\/\/www.exploring-umbria.com\/de\/wp-json\/wp\/v2\/pages"}],"about":[{"href":"https:\/\/www.exploring-umbria.com\/de\/wp-json\/wp\/v2\/types\/page"}],"author":[{"embeddable":true,"href":"https:\/\/www.exploring-umbria.com\/de\/wp-json\/wp\/v2\/users\/4"}],"replies":[{"embeddable":true,"href":"https:\/\/www.exploring-umbria.com\/de\/wp-json\/wp\/v2\/comments?post=38002"}],"version-history":[{"count":2,"href":"https:\/\/www.exploring-umbria.com\/de\/wp-json\/wp\/v2\/pages\/38002\/revisions"}],"predecessor-version":[{"id":38005,"href":"https:\/\/www.exploring-umbria.com\/de\/wp-json\/wp\/v2\/pages\/38002\/revisions\/38005"}],"up":[{"embeddable":true,"href":"https:\/\/www.exploring-umbria.com\/de\/wp-json\/wp\/v2\/pages\/37791"}],"wp:attachment":[{"href":"https:\/\/www.exploring-umbria.com\/de\/wp-json\/wp\/v2\/media?parent=38002"}],"curies":[{"name":"wp","href":"https:\/\/api.w.org\/{rel}","templated":true}]}}