{"id":37938,"date":"2019-08-09T18:23:53","date_gmt":"2019-08-09T16:23:53","guid":{"rendered":"https:\/\/www.exploring-umbria.com\/borghi-in-umbria-tanti-piccoli-gioielli-nascosti\/was-sie-sehen-sollen-in-spello\/porta-dellarce\/"},"modified":"2020-07-15T13:41:03","modified_gmt":"2020-07-15T11:41:03","slug":"stadttor-porta-dellarce","status":"publish","type":"page","link":"https:\/\/www.exploring-umbria.com\/de\/borghi-in-umbria-tanti-piccoli-gioielli-nascosti\/was-sie-sehen-sollen-in-spello\/stadttor-porta-dellarce\/","title":{"rendered":"Stadttor Porta dell\u2019Arce"},"content":{"rendered":"<p><strong>Das Stadttor Porta dell\u2019Arce<\/strong>\u00a0befindet sich an der h\u00f6chsten und n\u00f6rdlichsten Stelle der Stadtmauer, sodass sogar angenommen wurde, dass es Teil der fr\u00fcheren republikanischen Stadtmauer war. Darauf lassen jedoch keine Spuren schlie\u00dfen. Aufgrund der N\u00e4he zum Kapuzinerkloster wird es auch <strong>Porta dei Cappuccini<\/strong> genannt und durch dieses Tor hindurch f\u00fchrt der Weg auf den Berg.<\/p>\n<p>Das Tor besteht aus einem einzelnen, 3 Meter langen Bogen und au\u00dferdem ist nur ein Doppelbogen aus Quadersteinen erhalten, in dem noch der Schlitz zu sehen ist, durch den die Schlie\u00dfschleuse lief, sowie die Pfeiler, die gr\u00f6\u00dftenteils unter der Erde liegen. Die Au\u00dfenseite des Bogens zeichnet sich durch eine <strong>in die Quadersteine gemei\u00dfelten Rahmen<\/strong> aus, der sich wahrscheinlich an der gegen\u00fcberliegenden Seite befand und von dem keine \u00dcberreste erhalten sind. Der Bogen wurde aus viereckigen, wei\u00dfen Steinbl\u00f6cken aus der Region ohne Verwendung von Kleber errichtet.<\/p>\n","protected":false},"excerpt":{"rendered":"<p>Das Stadttor Porta dell\u2019Arce\u00a0befindet sich an der h\u00f6chsten und n\u00f6rdlichsten Stelle der Stadtmauer, sodass sogar angenommen wurde, dass es Teil der fr\u00fcheren republikanischen Stadtmauer war. Darauf lassen jedoch keine Spuren schlie\u00dfen. Aufgrund der N\u00e4he zum Kapuzinerkloster wird es auch Porta dei Cappuccini genannt und durch dieses Tor hindurch f\u00fchrt der Weg auf den Berg. Das [&hellip;]<\/p>\n","protected":false},"author":4,"featured_media":0,"parent":37791,"menu_order":0,"comment_status":"closed","ping_status":"closed","template":"","meta":{"om_disable_all_campaigns":false,"_monsterinsights_skip_tracking":false,"_monsterinsights_sitenote_active":false,"_monsterinsights_sitenote_note":"","_monsterinsights_sitenote_category":0},"acf":[],"yoast_head":"<!-- This site is optimized with the Yoast SEO plugin v18.4.1 - https:\/\/yoast.com\/wordpress\/plugins\/seo\/ -->\n<title>Stadttor Porta dell\u2019Arce - Exploring Umbria<\/title>\n<meta name=\"description\" content=\"Das Stadttor Porta dell\u2019Arce\u00a0befindet sich an der h\u00f6chsten und n\u00f6rdlichsten Stelle der Stadtmauer, sodass sogar angenommen wurde, dass es Teil der\" \/>\n<meta name=\"robots\" content=\"index, follow, max-snippet:-1, max-image-preview:large, max-video-preview:-1\" \/>\n<link rel=\"canonical\" href=\"https:\/\/www.exploring-umbria.com\/de\/borghi-in-umbria-tanti-piccoli-gioielli-nascosti\/was-sie-sehen-sollen-in-spello\/stadttor-porta-dellarce\/\" \/>\n<meta property=\"og:locale\" content=\"de_DE\" \/>\n<meta property=\"og:type\" content=\"article\" \/>\n<meta property=\"og:title\" content=\"Stadttor Porta dell\u2019Arce - Exploring Umbria\" \/>\n<meta property=\"og:description\" content=\"Das Stadttor Porta dell\u2019Arce\u00a0befindet sich an der h\u00f6chsten und n\u00f6rdlichsten Stelle der Stadtmauer, sodass sogar angenommen wurde, dass es Teil der\" \/>\n<meta property=\"og:url\" content=\"https:\/\/www.exploring-umbria.com\/de\/borghi-in-umbria-tanti-piccoli-gioielli-nascosti\/was-sie-sehen-sollen-in-spello\/stadttor-porta-dellarce\/\" \/>\n<meta property=\"og:site_name\" content=\"Exploring Umbria\" \/>\n<meta property=\"article:publisher\" content=\"https:\/\/www.facebook.com\/exploringumbria\/\" \/>\n<meta property=\"article:modified_time\" content=\"2020-07-15T11:41:03+00:00\" \/>\n<meta name=\"twitter:card\" content=\"summary_large_image\" \/>\n<meta name=\"twitter:label1\" content=\"Gesch\u00e4tzte Lesezeit\" \/>\n\t<meta name=\"twitter:data1\" content=\"1\u00a0Minute\" \/>\n<script type=\"application\/ld+json\" class=\"yoast-schema-graph\">{\"@context\":\"https:\/\/schema.org\",\"@graph\":[{\"@type\":\"Organization\",\"@id\":\"https:\/\/www.exploring-umbria.com\/de\/#organization\",\"name\":\"Exploring Umbria\",\"url\":\"https:\/\/www.exploring-umbria.com\/de\/\",\"sameAs\":[\"https:\/\/www.facebook.com\/exploringumbria\/\",\"https:\/\/www.instagram.com\/exploringumbria\/\"],\"logo\":{\"@type\":\"ImageObject\",\"@id\":\"https:\/\/www.exploring-umbria.com\/de\/#logo\",\"inLanguage\":\"de\",\"url\":\"https:\/\/www.exploring-umbria.com\/wp-content\/uploads\/2019\/08\/solo-logo-verde.jpg\",\"contentUrl\":\"https:\/\/www.exploring-umbria.com\/wp-content\/uploads\/2019\/08\/solo-logo-verde.jpg\",\"width\":952,\"height\":532,\"caption\":\"Exploring Umbria\"},\"image\":{\"@id\":\"https:\/\/www.exploring-umbria.com\/de\/#logo\"}},{\"@type\":\"WebSite\",\"@id\":\"https:\/\/www.exploring-umbria.com\/de\/#website\",\"url\":\"https:\/\/www.exploring-umbria.com\/de\/\",\"name\":\"Exploring Umbria\",\"description\":\"your dates, your mood, your trip\",\"publisher\":{\"@id\":\"https:\/\/www.exploring-umbria.com\/de\/#organization\"},\"potentialAction\":[{\"@type\":\"SearchAction\",\"target\":{\"@type\":\"EntryPoint\",\"urlTemplate\":\"https:\/\/www.exploring-umbria.com\/de\/?s={search_term_string}\"},\"query-input\":\"required name=search_term_string\"}],\"inLanguage\":\"de\"},{\"@type\":\"WebPage\",\"@id\":\"https:\/\/www.exploring-umbria.com\/de\/borghi-in-umbria-tanti-piccoli-gioielli-nascosti\/was-sie-sehen-sollen-in-spello\/stadttor-porta-dellarce\/#webpage\",\"url\":\"https:\/\/www.exploring-umbria.com\/de\/borghi-in-umbria-tanti-piccoli-gioielli-nascosti\/was-sie-sehen-sollen-in-spello\/stadttor-porta-dellarce\/\",\"name\":\"Stadttor Porta dell\u2019Arce - Exploring Umbria\",\"isPartOf\":{\"@id\":\"https:\/\/www.exploring-umbria.com\/de\/#website\"},\"datePublished\":\"2019-08-09T16:23:53+00:00\",\"dateModified\":\"2020-07-15T11:41:03+00:00\",\"description\":\"Das Stadttor Porta dell\u2019Arce\u00a0befindet sich an der h\u00f6chsten und n\u00f6rdlichsten Stelle der Stadtmauer, sodass sogar angenommen wurde, dass es Teil der\",\"breadcrumb\":{\"@id\":\"https:\/\/www.exploring-umbria.com\/de\/borghi-in-umbria-tanti-piccoli-gioielli-nascosti\/was-sie-sehen-sollen-in-spello\/stadttor-porta-dellarce\/#breadcrumb\"},\"inLanguage\":\"de\",\"potentialAction\":[{\"@type\":\"ReadAction\",\"target\":[\"https:\/\/www.exploring-umbria.com\/de\/borghi-in-umbria-tanti-piccoli-gioielli-nascosti\/was-sie-sehen-sollen-in-spello\/stadttor-porta-dellarce\/\"]}]},{\"@type\":\"BreadcrumbList\",\"@id\":\"https:\/\/www.exploring-umbria.com\/de\/borghi-in-umbria-tanti-piccoli-gioielli-nascosti\/was-sie-sehen-sollen-in-spello\/stadttor-porta-dellarce\/#breadcrumb\",\"itemListElement\":[{\"@type\":\"ListItem\",\"position\":1,\"name\":\"Home\",\"item\":\"https:\/\/www.exploring-umbria.com\/de\/\"},{\"@type\":\"ListItem\",\"position\":2,\"name\":\"Borghi in Umbria: tanti piccoli gioielli nascosti\",\"item\":\"https:\/\/www.exploring-umbria.com\/de\/borghi-in-umbria-tanti-piccoli-gioielli-nascosti\/\"},{\"@type\":\"ListItem\",\"position\":3,\"name\":\"Was Sie sehen sollen in Spello\",\"item\":\"https:\/\/www.exploring-umbria.com\/de\/borghi-in-umbria-tanti-piccoli-gioielli-nascosti\/was-sie-sehen-sollen-in-spello\/\"},{\"@type\":\"ListItem\",\"position\":4,\"name\":\"Stadttor Porta dell\u2019Arce\"}]}]}<\/script>\n<!-- \/ Yoast SEO plugin. -->","yoast_head_json":{"title":"Stadttor Porta dell\u2019Arce - Exploring Umbria","description":"Das Stadttor Porta dell\u2019Arce\u00a0befindet sich an der h\u00f6chsten und n\u00f6rdlichsten Stelle der Stadtmauer, sodass sogar angenommen wurde, dass es Teil der","robots":{"index":"index","follow":"follow","max-snippet":"max-snippet:-1","max-image-preview":"max-image-preview:large","max-video-preview":"max-video-preview:-1"},"canonical":"https:\/\/www.exploring-umbria.com\/de\/borghi-in-umbria-tanti-piccoli-gioielli-nascosti\/was-sie-sehen-sollen-in-spello\/stadttor-porta-dellarce\/","og_locale":"de_DE","og_type":"article","og_title":"Stadttor Porta dell\u2019Arce - Exploring Umbria","og_description":"Das Stadttor Porta dell\u2019Arce\u00a0befindet sich an der h\u00f6chsten und n\u00f6rdlichsten Stelle der Stadtmauer, sodass sogar angenommen wurde, dass es Teil der","og_url":"https:\/\/www.exploring-umbria.com\/de\/borghi-in-umbria-tanti-piccoli-gioielli-nascosti\/was-sie-sehen-sollen-in-spello\/stadttor-porta-dellarce\/","og_site_name":"Exploring Umbria","article_publisher":"https:\/\/www.facebook.com\/exploringumbria\/","article_modified_time":"2020-07-15T11:41:03+00:00","twitter_card":"summary_large_image","twitter_misc":{"Gesch\u00e4tzte Lesezeit":"1\u00a0Minute"},"schema":{"@context":"https:\/\/schema.org","@graph":[{"@type":"Organization","@id":"https:\/\/www.exploring-umbria.com\/de\/#organization","name":"Exploring Umbria","url":"https:\/\/www.exploring-umbria.com\/de\/","sameAs":["https:\/\/www.facebook.com\/exploringumbria\/","https:\/\/www.instagram.com\/exploringumbria\/"],"logo":{"@type":"ImageObject","@id":"https:\/\/www.exploring-umbria.com\/de\/#logo","inLanguage":"de","url":"https:\/\/www.exploring-umbria.com\/wp-content\/uploads\/2019\/08\/solo-logo-verde.jpg","contentUrl":"https:\/\/www.exploring-umbria.com\/wp-content\/uploads\/2019\/08\/solo-logo-verde.jpg","width":952,"height":532,"caption":"Exploring Umbria"},"image":{"@id":"https:\/\/www.exploring-umbria.com\/de\/#logo"}},{"@type":"WebSite","@id":"https:\/\/www.exploring-umbria.com\/de\/#website","url":"https:\/\/www.exploring-umbria.com\/de\/","name":"Exploring Umbria","description":"your dates, your mood, your trip","publisher":{"@id":"https:\/\/www.exploring-umbria.com\/de\/#organization"},"potentialAction":[{"@type":"SearchAction","target":{"@type":"EntryPoint","urlTemplate":"https:\/\/www.exploring-umbria.com\/de\/?s={search_term_string}"},"query-input":"required name=search_term_string"}],"inLanguage":"de"},{"@type":"WebPage","@id":"https:\/\/www.exploring-umbria.com\/de\/borghi-in-umbria-tanti-piccoli-gioielli-nascosti\/was-sie-sehen-sollen-in-spello\/stadttor-porta-dellarce\/#webpage","url":"https:\/\/www.exploring-umbria.com\/de\/borghi-in-umbria-tanti-piccoli-gioielli-nascosti\/was-sie-sehen-sollen-in-spello\/stadttor-porta-dellarce\/","name":"Stadttor Porta dell\u2019Arce - Exploring Umbria","isPartOf":{"@id":"https:\/\/www.exploring-umbria.com\/de\/#website"},"datePublished":"2019-08-09T16:23:53+00:00","dateModified":"2020-07-15T11:41:03+00:00","description":"Das Stadttor Porta dell\u2019Arce\u00a0befindet sich an der h\u00f6chsten und n\u00f6rdlichsten Stelle der Stadtmauer, sodass sogar angenommen wurde, dass es Teil der","breadcrumb":{"@id":"https:\/\/www.exploring-umbria.com\/de\/borghi-in-umbria-tanti-piccoli-gioielli-nascosti\/was-sie-sehen-sollen-in-spello\/stadttor-porta-dellarce\/#breadcrumb"},"inLanguage":"de","potentialAction":[{"@type":"ReadAction","target":["https:\/\/www.exploring-umbria.com\/de\/borghi-in-umbria-tanti-piccoli-gioielli-nascosti\/was-sie-sehen-sollen-in-spello\/stadttor-porta-dellarce\/"]}]},{"@type":"BreadcrumbList","@id":"https:\/\/www.exploring-umbria.com\/de\/borghi-in-umbria-tanti-piccoli-gioielli-nascosti\/was-sie-sehen-sollen-in-spello\/stadttor-porta-dellarce\/#breadcrumb","itemListElement":[{"@type":"ListItem","position":1,"name":"Home","item":"https:\/\/www.exploring-umbria.com\/de\/"},{"@type":"ListItem","position":2,"name":"Borghi in Umbria: tanti piccoli gioielli nascosti","item":"https:\/\/www.exploring-umbria.com\/de\/borghi-in-umbria-tanti-piccoli-gioielli-nascosti\/"},{"@type":"ListItem","position":3,"name":"Was Sie sehen sollen in Spello","item":"https:\/\/www.exploring-umbria.com\/de\/borghi-in-umbria-tanti-piccoli-gioielli-nascosti\/was-sie-sehen-sollen-in-spello\/"},{"@type":"ListItem","position":4,"name":"Stadttor Porta dell\u2019Arce"}]}]}},"_links":{"self":[{"href":"https:\/\/www.exploring-umbria.com\/de\/wp-json\/wp\/v2\/pages\/37938"}],"collection":[{"href":"https:\/\/www.exploring-umbria.com\/de\/wp-json\/wp\/v2\/pages"}],"about":[{"href":"https:\/\/www.exploring-umbria.com\/de\/wp-json\/wp\/v2\/types\/page"}],"author":[{"embeddable":true,"href":"https:\/\/www.exploring-umbria.com\/de\/wp-json\/wp\/v2\/users\/4"}],"replies":[{"embeddable":true,"href":"https:\/\/www.exploring-umbria.com\/de\/wp-json\/wp\/v2\/comments?post=37938"}],"version-history":[{"count":3,"href":"https:\/\/www.exploring-umbria.com\/de\/wp-json\/wp\/v2\/pages\/37938\/revisions"}],"predecessor-version":[{"id":37942,"href":"https:\/\/www.exploring-umbria.com\/de\/wp-json\/wp\/v2\/pages\/37938\/revisions\/37942"}],"up":[{"embeddable":true,"href":"https:\/\/www.exploring-umbria.com\/de\/wp-json\/wp\/v2\/pages\/37791"}],"wp:attachment":[{"href":"https:\/\/www.exploring-umbria.com\/de\/wp-json\/wp\/v2\/media?parent=37938"}],"curies":[{"name":"wp","href":"https:\/\/api.w.org\/{rel}","templated":true}]}}