{"id":37929,"date":"2019-08-09T18:21:44","date_gmt":"2019-08-09T16:21:44","guid":{"rendered":"https:\/\/www.exploring-umbria.com\/borghi-in-umbria-tanti-piccoli-gioielli-nascosti\/was-sie-sehen-sollen-in-spello\/pinacoteca-civica-di-spello\/"},"modified":"2020-07-15T13:31:36","modified_gmt":"2020-07-15T11:31:36","slug":"oeffentliche-gemaeldegalerie","status":"publish","type":"page","link":"https:\/\/www.exploring-umbria.com\/de\/borghi-in-umbria-tanti-piccoli-gioielli-nascosti\/was-sie-sehen-sollen-in-spello\/oeffentliche-gemaeldegalerie\/","title":{"rendered":"\u00d6ffentliche Gem\u00e4ldegalerie"},"content":{"rendered":"<p>Die Gem\u00e4ldegalerie Pinacoteca di Spello wurde offiziell am 6. August 1994 er\u00f6ffnet, aber die ersten Werke wurden bereits von Prior <em>Luigi Pomponi<\/em> zusammengestellt, der 1916 damit begann, die wichtigsten Werke der Kirche Santa Maria Maggiore, deren Eigent\u00fcmer er ernannt worden war, und anderer Kirchen in der Kapelle des Erl\u00f6sers im Inneren der Stiftskirche zu sammeln; zu dieser Sammlung kamen auch die Werke der Gemeinde Spello und der Kongregation congregazione di Carit\u00e0 hinzu. Pomponi k\u00fcmmerte sich bis in die sechziger Jahre pers\u00f6nlich um die Gem\u00e4ldegalerie, w\u00e4hrend in den achtziger Jahren die Associazione Pinacoteca Civica di Spello gegr\u00fcndet wurde, wodurch das Museum entstand, das sich noch heute im 1542 errichteten Palazzo dei Canonici befindet, ein an Santa Maria Maggiore angrenzendes Geb\u00e4ude.<\/p>\n<p>Eine weitere wichtige Pers\u00f6nlichkeit f\u00fcr die Weiterentwicklung des Museums war <em>Benvenuto Crispoldi<\/em>, ein Maler aus Spello, der zwischen 1886 und 1923 t\u00e4tig und der erste sozialistische B\u00fcrgermeister der Stadt war, der seine Werke der Verwaltung vermachte.<\/p>\n<p>In der Gem\u00e4ldegalerie Pinacoteca di Spello werden wertvolle <strong>Werke der Goldschmiedekunst der Gotik und des Barock, sakrale Gew\u00e4nder, polychrome Holzskulpturen, Holzmalereien, Leinw\u00e4nde und freistehende Fresken<\/strong> vom Ende des dreizehnten bis zum achtzehnten Jahrhundert aufbewahrt. Sie alle sind wertvolle Zeugnisse der lokalen k\u00fcnstlerischen T\u00e4tigkeit und der Beziehungen zwischen Spello und den anderen umbrischen Kunstzentren wie Spoleto, Perugia und Foligno.<\/p>\n<p>Das Museum ist in sieben S\u00e4le unterteilt, in denen eine <strong>h\u00f6lzerne Madonna<\/strong> aus dem fr\u00fchen 14. Jahrhundert, das <strong>Astilkreuz<\/strong> aus vergoldetem Silber von <em>Paolo Vanni<\/em> aus dem Jahr 1398 und der Gonfalone der Werkstatt von <em>Mazzaforte<\/em> in Foligno sowie die <strong>Madonna mit dem Rosenkranz<\/strong> von <em>Ascensidonio Spacca<\/em> ausgestellt sind. Im Saal 5 k\u00f6nnen Sie auch einige Tafeln des Chors von Santa Maria Maggiore bewundern, die Ende des 16. Jahrhunderts von <em>Zaccaria di Filippo Mazzola<\/em> gemalt wurden; aus derselben Kirche stammt auch das <strong>Triptychon vom Maestro dell\u2019Assunta aus Amelia<\/strong>, eine Tempera auf Holz vom Ende des 15. Jahrhunderts, die im gleichen Raum wie die Madonna mit Kind aufgestellt ist und zuerst <em>Pintoricchio<\/em> und dann <em>Andrea d&#8217;Assisi<\/em>, genannt <em>Ingegno<\/em>, zugeordnet wurde. Das Werk wurde 1970 gestohlen und 34 Jahre sp\u00e4ter, 2004, nach Spello zur\u00fcckgebracht; es handelt sich um eine Tempera auf Holz, die die zentrale Tafel des Triptychons des <em>Maestro dell\u2019Assunta<\/em> war.<\/p>\n","protected":false},"excerpt":{"rendered":"<p>Die Gem\u00e4ldegalerie Pinacoteca di Spello wurde offiziell am 6. August 1994 er\u00f6ffnet, aber die ersten Werke wurden bereits von Prior Luigi Pomponi zusammengestellt, der 1916 damit begann, die wichtigsten Werke der Kirche Santa Maria Maggiore, deren Eigent\u00fcmer er ernannt worden war, und anderer Kirchen in der Kapelle des Erl\u00f6sers im Inneren der Stiftskirche zu sammeln; [&hellip;]<\/p>\n","protected":false},"author":4,"featured_media":0,"parent":37791,"menu_order":0,"comment_status":"closed","ping_status":"closed","template":"","meta":{"om_disable_all_campaigns":false,"_monsterinsights_skip_tracking":false,"_monsterinsights_sitenote_active":false,"_monsterinsights_sitenote_note":"","_monsterinsights_sitenote_category":0},"acf":[],"yoast_head":"<!-- This site is optimized with the Yoast SEO plugin v18.4.1 - https:\/\/yoast.com\/wordpress\/plugins\/seo\/ -->\n<title>\u00d6ffentliche Gem\u00e4ldegalerie - Exploring Umbria<\/title>\n<meta name=\"description\" content=\"Die Gem\u00e4ldegalerie Pinacoteca di Spello wurde offiziell am 6. August 1994 er\u00f6ffnet, aber die ersten Werke wurden bereits von Prior Luigi Pomponi\" \/>\n<meta name=\"robots\" content=\"index, follow, max-snippet:-1, max-image-preview:large, max-video-preview:-1\" \/>\n<link rel=\"canonical\" href=\"https:\/\/www.exploring-umbria.com\/de\/borghi-in-umbria-tanti-piccoli-gioielli-nascosti\/was-sie-sehen-sollen-in-spello\/oeffentliche-gemaeldegalerie\/\" \/>\n<meta property=\"og:locale\" content=\"de_DE\" \/>\n<meta property=\"og:type\" content=\"article\" \/>\n<meta property=\"og:title\" content=\"\u00d6ffentliche Gem\u00e4ldegalerie - Exploring Umbria\" \/>\n<meta property=\"og:description\" content=\"Die Gem\u00e4ldegalerie Pinacoteca di Spello wurde offiziell am 6. August 1994 er\u00f6ffnet, aber die ersten Werke wurden bereits von Prior Luigi Pomponi\" \/>\n<meta property=\"og:url\" content=\"https:\/\/www.exploring-umbria.com\/de\/borghi-in-umbria-tanti-piccoli-gioielli-nascosti\/was-sie-sehen-sollen-in-spello\/oeffentliche-gemaeldegalerie\/\" \/>\n<meta property=\"og:site_name\" content=\"Exploring Umbria\" \/>\n<meta property=\"article:publisher\" content=\"https:\/\/www.facebook.com\/exploringumbria\/\" \/>\n<meta property=\"article:modified_time\" content=\"2020-07-15T11:31:36+00:00\" \/>\n<meta name=\"twitter:card\" content=\"summary_large_image\" \/>\n<meta name=\"twitter:label1\" content=\"Gesch\u00e4tzte Lesezeit\" \/>\n\t<meta name=\"twitter:data1\" content=\"2\u00a0Minuten\" \/>\n<script type=\"application\/ld+json\" class=\"yoast-schema-graph\">{\"@context\":\"https:\/\/schema.org\",\"@graph\":[{\"@type\":\"Organization\",\"@id\":\"https:\/\/www.exploring-umbria.com\/de\/#organization\",\"name\":\"Exploring Umbria\",\"url\":\"https:\/\/www.exploring-umbria.com\/de\/\",\"sameAs\":[\"https:\/\/www.facebook.com\/exploringumbria\/\",\"https:\/\/www.instagram.com\/exploringumbria\/\"],\"logo\":{\"@type\":\"ImageObject\",\"@id\":\"https:\/\/www.exploring-umbria.com\/de\/#logo\",\"inLanguage\":\"de\",\"url\":\"https:\/\/www.exploring-umbria.com\/wp-content\/uploads\/2019\/08\/solo-logo-verde.jpg\",\"contentUrl\":\"https:\/\/www.exploring-umbria.com\/wp-content\/uploads\/2019\/08\/solo-logo-verde.jpg\",\"width\":952,\"height\":532,\"caption\":\"Exploring Umbria\"},\"image\":{\"@id\":\"https:\/\/www.exploring-umbria.com\/de\/#logo\"}},{\"@type\":\"WebSite\",\"@id\":\"https:\/\/www.exploring-umbria.com\/de\/#website\",\"url\":\"https:\/\/www.exploring-umbria.com\/de\/\",\"name\":\"Exploring Umbria\",\"description\":\"your dates, your mood, your trip\",\"publisher\":{\"@id\":\"https:\/\/www.exploring-umbria.com\/de\/#organization\"},\"potentialAction\":[{\"@type\":\"SearchAction\",\"target\":{\"@type\":\"EntryPoint\",\"urlTemplate\":\"https:\/\/www.exploring-umbria.com\/de\/?s={search_term_string}\"},\"query-input\":\"required name=search_term_string\"}],\"inLanguage\":\"de\"},{\"@type\":\"WebPage\",\"@id\":\"https:\/\/www.exploring-umbria.com\/de\/borghi-in-umbria-tanti-piccoli-gioielli-nascosti\/was-sie-sehen-sollen-in-spello\/oeffentliche-gemaeldegalerie\/#webpage\",\"url\":\"https:\/\/www.exploring-umbria.com\/de\/borghi-in-umbria-tanti-piccoli-gioielli-nascosti\/was-sie-sehen-sollen-in-spello\/oeffentliche-gemaeldegalerie\/\",\"name\":\"\u00d6ffentliche Gem\u00e4ldegalerie - Exploring Umbria\",\"isPartOf\":{\"@id\":\"https:\/\/www.exploring-umbria.com\/de\/#website\"},\"datePublished\":\"2019-08-09T16:21:44+00:00\",\"dateModified\":\"2020-07-15T11:31:36+00:00\",\"description\":\"Die Gem\u00e4ldegalerie Pinacoteca di Spello wurde offiziell am 6. August 1994 er\u00f6ffnet, aber die ersten Werke wurden bereits von Prior Luigi Pomponi\",\"breadcrumb\":{\"@id\":\"https:\/\/www.exploring-umbria.com\/de\/borghi-in-umbria-tanti-piccoli-gioielli-nascosti\/was-sie-sehen-sollen-in-spello\/oeffentliche-gemaeldegalerie\/#breadcrumb\"},\"inLanguage\":\"de\",\"potentialAction\":[{\"@type\":\"ReadAction\",\"target\":[\"https:\/\/www.exploring-umbria.com\/de\/borghi-in-umbria-tanti-piccoli-gioielli-nascosti\/was-sie-sehen-sollen-in-spello\/oeffentliche-gemaeldegalerie\/\"]}]},{\"@type\":\"BreadcrumbList\",\"@id\":\"https:\/\/www.exploring-umbria.com\/de\/borghi-in-umbria-tanti-piccoli-gioielli-nascosti\/was-sie-sehen-sollen-in-spello\/oeffentliche-gemaeldegalerie\/#breadcrumb\",\"itemListElement\":[{\"@type\":\"ListItem\",\"position\":1,\"name\":\"Home\",\"item\":\"https:\/\/www.exploring-umbria.com\/de\/\"},{\"@type\":\"ListItem\",\"position\":2,\"name\":\"Borghi in Umbria: tanti piccoli gioielli nascosti\",\"item\":\"https:\/\/www.exploring-umbria.com\/de\/borghi-in-umbria-tanti-piccoli-gioielli-nascosti\/\"},{\"@type\":\"ListItem\",\"position\":3,\"name\":\"Was Sie sehen sollen in Spello\",\"item\":\"https:\/\/www.exploring-umbria.com\/de\/borghi-in-umbria-tanti-piccoli-gioielli-nascosti\/was-sie-sehen-sollen-in-spello\/\"},{\"@type\":\"ListItem\",\"position\":4,\"name\":\"\u00d6ffentliche Gem\u00e4ldegalerie\"}]}]}<\/script>\n<!-- \/ Yoast SEO plugin. -->","yoast_head_json":{"title":"\u00d6ffentliche Gem\u00e4ldegalerie - Exploring Umbria","description":"Die Gem\u00e4ldegalerie Pinacoteca di Spello wurde offiziell am 6. August 1994 er\u00f6ffnet, aber die ersten Werke wurden bereits von Prior Luigi Pomponi","robots":{"index":"index","follow":"follow","max-snippet":"max-snippet:-1","max-image-preview":"max-image-preview:large","max-video-preview":"max-video-preview:-1"},"canonical":"https:\/\/www.exploring-umbria.com\/de\/borghi-in-umbria-tanti-piccoli-gioielli-nascosti\/was-sie-sehen-sollen-in-spello\/oeffentliche-gemaeldegalerie\/","og_locale":"de_DE","og_type":"article","og_title":"\u00d6ffentliche Gem\u00e4ldegalerie - Exploring Umbria","og_description":"Die Gem\u00e4ldegalerie Pinacoteca di Spello wurde offiziell am 6. August 1994 er\u00f6ffnet, aber die ersten Werke wurden bereits von Prior Luigi Pomponi","og_url":"https:\/\/www.exploring-umbria.com\/de\/borghi-in-umbria-tanti-piccoli-gioielli-nascosti\/was-sie-sehen-sollen-in-spello\/oeffentliche-gemaeldegalerie\/","og_site_name":"Exploring Umbria","article_publisher":"https:\/\/www.facebook.com\/exploringumbria\/","article_modified_time":"2020-07-15T11:31:36+00:00","twitter_card":"summary_large_image","twitter_misc":{"Gesch\u00e4tzte Lesezeit":"2\u00a0Minuten"},"schema":{"@context":"https:\/\/schema.org","@graph":[{"@type":"Organization","@id":"https:\/\/www.exploring-umbria.com\/de\/#organization","name":"Exploring Umbria","url":"https:\/\/www.exploring-umbria.com\/de\/","sameAs":["https:\/\/www.facebook.com\/exploringumbria\/","https:\/\/www.instagram.com\/exploringumbria\/"],"logo":{"@type":"ImageObject","@id":"https:\/\/www.exploring-umbria.com\/de\/#logo","inLanguage":"de","url":"https:\/\/www.exploring-umbria.com\/wp-content\/uploads\/2019\/08\/solo-logo-verde.jpg","contentUrl":"https:\/\/www.exploring-umbria.com\/wp-content\/uploads\/2019\/08\/solo-logo-verde.jpg","width":952,"height":532,"caption":"Exploring Umbria"},"image":{"@id":"https:\/\/www.exploring-umbria.com\/de\/#logo"}},{"@type":"WebSite","@id":"https:\/\/www.exploring-umbria.com\/de\/#website","url":"https:\/\/www.exploring-umbria.com\/de\/","name":"Exploring Umbria","description":"your dates, your mood, your trip","publisher":{"@id":"https:\/\/www.exploring-umbria.com\/de\/#organization"},"potentialAction":[{"@type":"SearchAction","target":{"@type":"EntryPoint","urlTemplate":"https:\/\/www.exploring-umbria.com\/de\/?s={search_term_string}"},"query-input":"required name=search_term_string"}],"inLanguage":"de"},{"@type":"WebPage","@id":"https:\/\/www.exploring-umbria.com\/de\/borghi-in-umbria-tanti-piccoli-gioielli-nascosti\/was-sie-sehen-sollen-in-spello\/oeffentliche-gemaeldegalerie\/#webpage","url":"https:\/\/www.exploring-umbria.com\/de\/borghi-in-umbria-tanti-piccoli-gioielli-nascosti\/was-sie-sehen-sollen-in-spello\/oeffentliche-gemaeldegalerie\/","name":"\u00d6ffentliche Gem\u00e4ldegalerie - Exploring Umbria","isPartOf":{"@id":"https:\/\/www.exploring-umbria.com\/de\/#website"},"datePublished":"2019-08-09T16:21:44+00:00","dateModified":"2020-07-15T11:31:36+00:00","description":"Die Gem\u00e4ldegalerie Pinacoteca di Spello wurde offiziell am 6. August 1994 er\u00f6ffnet, aber die ersten Werke wurden bereits von Prior Luigi Pomponi","breadcrumb":{"@id":"https:\/\/www.exploring-umbria.com\/de\/borghi-in-umbria-tanti-piccoli-gioielli-nascosti\/was-sie-sehen-sollen-in-spello\/oeffentliche-gemaeldegalerie\/#breadcrumb"},"inLanguage":"de","potentialAction":[{"@type":"ReadAction","target":["https:\/\/www.exploring-umbria.com\/de\/borghi-in-umbria-tanti-piccoli-gioielli-nascosti\/was-sie-sehen-sollen-in-spello\/oeffentliche-gemaeldegalerie\/"]}]},{"@type":"BreadcrumbList","@id":"https:\/\/www.exploring-umbria.com\/de\/borghi-in-umbria-tanti-piccoli-gioielli-nascosti\/was-sie-sehen-sollen-in-spello\/oeffentliche-gemaeldegalerie\/#breadcrumb","itemListElement":[{"@type":"ListItem","position":1,"name":"Home","item":"https:\/\/www.exploring-umbria.com\/de\/"},{"@type":"ListItem","position":2,"name":"Borghi in Umbria: tanti piccoli gioielli nascosti","item":"https:\/\/www.exploring-umbria.com\/de\/borghi-in-umbria-tanti-piccoli-gioielli-nascosti\/"},{"@type":"ListItem","position":3,"name":"Was Sie sehen sollen in Spello","item":"https:\/\/www.exploring-umbria.com\/de\/borghi-in-umbria-tanti-piccoli-gioielli-nascosti\/was-sie-sehen-sollen-in-spello\/"},{"@type":"ListItem","position":4,"name":"\u00d6ffentliche Gem\u00e4ldegalerie"}]}]}},"_links":{"self":[{"href":"https:\/\/www.exploring-umbria.com\/de\/wp-json\/wp\/v2\/pages\/37929"}],"collection":[{"href":"https:\/\/www.exploring-umbria.com\/de\/wp-json\/wp\/v2\/pages"}],"about":[{"href":"https:\/\/www.exploring-umbria.com\/de\/wp-json\/wp\/v2\/types\/page"}],"author":[{"embeddable":true,"href":"https:\/\/www.exploring-umbria.com\/de\/wp-json\/wp\/v2\/users\/4"}],"replies":[{"embeddable":true,"href":"https:\/\/www.exploring-umbria.com\/de\/wp-json\/wp\/v2\/comments?post=37929"}],"version-history":[{"count":1,"href":"https:\/\/www.exploring-umbria.com\/de\/wp-json\/wp\/v2\/pages\/37929\/revisions"}],"predecessor-version":[{"id":37931,"href":"https:\/\/www.exploring-umbria.com\/de\/wp-json\/wp\/v2\/pages\/37929\/revisions\/37931"}],"up":[{"embeddable":true,"href":"https:\/\/www.exploring-umbria.com\/de\/wp-json\/wp\/v2\/pages\/37791"}],"wp:attachment":[{"href":"https:\/\/www.exploring-umbria.com\/de\/wp-json\/wp\/v2\/media?parent=37929"}],"curies":[{"name":"wp","href":"https:\/\/api.w.org\/{rel}","templated":true}]}}