{"id":37920,"date":"2019-08-09T18:20:42","date_gmt":"2019-08-09T16:20:42","guid":{"rendered":"https:\/\/www.exploring-umbria.com\/borghi-in-umbria-tanti-piccoli-gioielli-nascosti\/was-sie-sehen-sollen-in-spello\/palazzo-urbani\/"},"modified":"2020-07-15T13:20:47","modified_gmt":"2020-07-15T11:20:47","slug":"palazzo-urbani","status":"publish","type":"page","link":"https:\/\/www.exploring-umbria.com\/de\/borghi-in-umbria-tanti-piccoli-gioielli-nascosti\/was-sie-sehen-sollen-in-spello\/palazzo-urbani\/","title":{"rendered":"Palazzo Urbani Spello"},"content":{"rendered":"<p>Der <strong>Palazzo Urbani-Acuti<\/strong>, auch Cruciani genannt, befindet sich auf der Via Garibaldi und war eines der bedeutendsten privaten Geb\u00e4ude in Spello. Er wurde rund um das Jahr 1602 von der adeligen Familie Acuti-Urbani aus Spello errichtet. Daf\u00fcr wurde eine dahinterliegende H\u00e4usersiedlung erweitert und der Palazzo war jahrhundertelang ein Landsitz f\u00fcr Patrizierfamilien. Im Jahr 1620 ging er in die H\u00e4nde der Monaldi \u00fcber, im Jahr 1718 der Grillo-Pamphili, um schlie\u00dflich 1769 in den Besitz der Cruciani zu gelangen. Im Jahr 1940 wurde der Palazzo an das nahegelegene Collegio vitale Rosi verkauft und anschlie\u00dfend erwarb ihn die Gemeinde.<\/p>\n<p>Der Palazzo Cruciani wurde mehrmals umgebaut, je nach dem Geschmack der Adelsfamilien, die ihn bewohnten; heute verf\u00fcgt er \u00fcber vier Stockwerke und weist einen <strong>deutlichen barocken Fingerabdruck<\/strong> auf. Das komplexe Geb\u00e4ude ist rund um einen Hof aufgebaut und im \u00f6stlichen Fl\u00fcgel wirkt es durch gro\u00dfe Scheiben viel leichter. Au\u00dferdem beherbergt der Palazzo einen alten Brunnen, der mit Fratze verziert ist, unter denen sich auch das heraldische Symbol befindet, das von den Urbani-Acuti in Auftrag gegeben wurde. Besonders raffiniert ist der Laubengang mit Holz\u00fcberdachung, der sich links vom Hof befindet und von dem ein wundersch\u00f6ner Ausblick genossen werden kann.<\/p>\n<p>Im Inneren ist das Erdgeschoss mit Allegorien aus dem 17. Jahrhundert verziert, die von einem unbekannten Maler 1602 auf dem Tonnengew\u00f6lbe aufgemalt wurden, genau gleich wie die Dekorationen an den Treppen und im Hauptgeschoss. Der Hauptraum ist die <strong>Sala delle Quattro Stagioni<\/strong> im ersten Stock, in der heute Gemeinderatssitzungen abgehalten werden. An der Decke sind die vier Jahreszeiten dargestellt, w\u00e4hrend an den W\u00e4nden Motiven mit Kerzenhalten mit den Initialen des Auftraggebers <em>Giovanni Cruciani<\/em>, der Ausf\u00fchrung der Malereien (1890) und der Unterschrift des K\u00fcnstlers <em>Gaetano Pompei di Amendola<\/em> abwechseln.<\/p>\n","protected":false},"excerpt":{"rendered":"<p>Der Palazzo Urbani-Acuti, auch Cruciani genannt, befindet sich auf der Via Garibaldi und war eines der bedeutendsten privaten Geb\u00e4ude in Spello. Er wurde rund um das Jahr 1602 von der adeligen Familie Acuti-Urbani aus Spello errichtet. Daf\u00fcr wurde eine dahinterliegende H\u00e4usersiedlung erweitert und der Palazzo war jahrhundertelang ein Landsitz f\u00fcr Patrizierfamilien. Im Jahr 1620 ging [&hellip;]<\/p>\n","protected":false},"author":4,"featured_media":0,"parent":37791,"menu_order":0,"comment_status":"closed","ping_status":"closed","template":"","meta":{"om_disable_all_campaigns":false,"_monsterinsights_skip_tracking":false,"_monsterinsights_sitenote_active":false,"_monsterinsights_sitenote_note":"","_monsterinsights_sitenote_category":0},"acf":[],"yoast_head":"<!-- This site is optimized with the Yoast SEO plugin v18.4.1 - https:\/\/yoast.com\/wordpress\/plugins\/seo\/ -->\n<title>Palazzo Urbani Spello - Exploring Umbria<\/title>\n<meta name=\"description\" content=\"Der Palazzo Urbani-Acuti, auch Cruciani genannt, befindet sich auf der Via Garibaldi und war eines der bedeutendsten privaten Geb\u00e4ude in Spello. Er wurde\" \/>\n<meta name=\"robots\" content=\"index, follow, max-snippet:-1, max-image-preview:large, max-video-preview:-1\" \/>\n<link rel=\"canonical\" href=\"https:\/\/www.exploring-umbria.com\/de\/borghi-in-umbria-tanti-piccoli-gioielli-nascosti\/was-sie-sehen-sollen-in-spello\/palazzo-urbani\/\" \/>\n<meta property=\"og:locale\" content=\"de_DE\" \/>\n<meta property=\"og:type\" content=\"article\" \/>\n<meta property=\"og:title\" content=\"Palazzo Urbani Spello - Exploring Umbria\" \/>\n<meta property=\"og:description\" content=\"Der Palazzo Urbani-Acuti, auch Cruciani genannt, befindet sich auf der Via Garibaldi und war eines der bedeutendsten privaten Geb\u00e4ude in Spello. Er wurde\" \/>\n<meta property=\"og:url\" content=\"https:\/\/www.exploring-umbria.com\/de\/borghi-in-umbria-tanti-piccoli-gioielli-nascosti\/was-sie-sehen-sollen-in-spello\/palazzo-urbani\/\" \/>\n<meta property=\"og:site_name\" content=\"Exploring Umbria\" \/>\n<meta property=\"article:publisher\" content=\"https:\/\/www.facebook.com\/exploringumbria\/\" \/>\n<meta property=\"article:modified_time\" content=\"2020-07-15T11:20:47+00:00\" \/>\n<meta name=\"twitter:card\" content=\"summary_large_image\" \/>\n<meta name=\"twitter:label1\" content=\"Gesch\u00e4tzte Lesezeit\" \/>\n\t<meta name=\"twitter:data1\" content=\"1\u00a0Minute\" \/>\n<script type=\"application\/ld+json\" class=\"yoast-schema-graph\">{\"@context\":\"https:\/\/schema.org\",\"@graph\":[{\"@type\":\"Organization\",\"@id\":\"https:\/\/www.exploring-umbria.com\/de\/#organization\",\"name\":\"Exploring Umbria\",\"url\":\"https:\/\/www.exploring-umbria.com\/de\/\",\"sameAs\":[\"https:\/\/www.facebook.com\/exploringumbria\/\",\"https:\/\/www.instagram.com\/exploringumbria\/\"],\"logo\":{\"@type\":\"ImageObject\",\"@id\":\"https:\/\/www.exploring-umbria.com\/de\/#logo\",\"inLanguage\":\"de\",\"url\":\"https:\/\/www.exploring-umbria.com\/wp-content\/uploads\/2019\/08\/solo-logo-verde.jpg\",\"contentUrl\":\"https:\/\/www.exploring-umbria.com\/wp-content\/uploads\/2019\/08\/solo-logo-verde.jpg\",\"width\":952,\"height\":532,\"caption\":\"Exploring Umbria\"},\"image\":{\"@id\":\"https:\/\/www.exploring-umbria.com\/de\/#logo\"}},{\"@type\":\"WebSite\",\"@id\":\"https:\/\/www.exploring-umbria.com\/de\/#website\",\"url\":\"https:\/\/www.exploring-umbria.com\/de\/\",\"name\":\"Exploring Umbria\",\"description\":\"your dates, your mood, your trip\",\"publisher\":{\"@id\":\"https:\/\/www.exploring-umbria.com\/de\/#organization\"},\"potentialAction\":[{\"@type\":\"SearchAction\",\"target\":{\"@type\":\"EntryPoint\",\"urlTemplate\":\"https:\/\/www.exploring-umbria.com\/de\/?s={search_term_string}\"},\"query-input\":\"required name=search_term_string\"}],\"inLanguage\":\"de\"},{\"@type\":\"WebPage\",\"@id\":\"https:\/\/www.exploring-umbria.com\/de\/borghi-in-umbria-tanti-piccoli-gioielli-nascosti\/was-sie-sehen-sollen-in-spello\/palazzo-urbani\/#webpage\",\"url\":\"https:\/\/www.exploring-umbria.com\/de\/borghi-in-umbria-tanti-piccoli-gioielli-nascosti\/was-sie-sehen-sollen-in-spello\/palazzo-urbani\/\",\"name\":\"Palazzo Urbani Spello - Exploring Umbria\",\"isPartOf\":{\"@id\":\"https:\/\/www.exploring-umbria.com\/de\/#website\"},\"datePublished\":\"2019-08-09T16:20:42+00:00\",\"dateModified\":\"2020-07-15T11:20:47+00:00\",\"description\":\"Der Palazzo Urbani-Acuti, auch Cruciani genannt, befindet sich auf der Via Garibaldi und war eines der bedeutendsten privaten Geb\u00e4ude in Spello. Er wurde\",\"breadcrumb\":{\"@id\":\"https:\/\/www.exploring-umbria.com\/de\/borghi-in-umbria-tanti-piccoli-gioielli-nascosti\/was-sie-sehen-sollen-in-spello\/palazzo-urbani\/#breadcrumb\"},\"inLanguage\":\"de\",\"potentialAction\":[{\"@type\":\"ReadAction\",\"target\":[\"https:\/\/www.exploring-umbria.com\/de\/borghi-in-umbria-tanti-piccoli-gioielli-nascosti\/was-sie-sehen-sollen-in-spello\/palazzo-urbani\/\"]}]},{\"@type\":\"BreadcrumbList\",\"@id\":\"https:\/\/www.exploring-umbria.com\/de\/borghi-in-umbria-tanti-piccoli-gioielli-nascosti\/was-sie-sehen-sollen-in-spello\/palazzo-urbani\/#breadcrumb\",\"itemListElement\":[{\"@type\":\"ListItem\",\"position\":1,\"name\":\"Home\",\"item\":\"https:\/\/www.exploring-umbria.com\/de\/\"},{\"@type\":\"ListItem\",\"position\":2,\"name\":\"Borghi in Umbria: tanti piccoli gioielli nascosti\",\"item\":\"https:\/\/www.exploring-umbria.com\/de\/borghi-in-umbria-tanti-piccoli-gioielli-nascosti\/\"},{\"@type\":\"ListItem\",\"position\":3,\"name\":\"Was Sie sehen sollen in Spello\",\"item\":\"https:\/\/www.exploring-umbria.com\/de\/borghi-in-umbria-tanti-piccoli-gioielli-nascosti\/was-sie-sehen-sollen-in-spello\/\"},{\"@type\":\"ListItem\",\"position\":4,\"name\":\"Palazzo Urbani Spello\"}]}]}<\/script>\n<!-- \/ Yoast SEO plugin. -->","yoast_head_json":{"title":"Palazzo Urbani Spello - Exploring Umbria","description":"Der Palazzo Urbani-Acuti, auch Cruciani genannt, befindet sich auf der Via Garibaldi und war eines der bedeutendsten privaten Geb\u00e4ude in Spello. Er wurde","robots":{"index":"index","follow":"follow","max-snippet":"max-snippet:-1","max-image-preview":"max-image-preview:large","max-video-preview":"max-video-preview:-1"},"canonical":"https:\/\/www.exploring-umbria.com\/de\/borghi-in-umbria-tanti-piccoli-gioielli-nascosti\/was-sie-sehen-sollen-in-spello\/palazzo-urbani\/","og_locale":"de_DE","og_type":"article","og_title":"Palazzo Urbani Spello - Exploring Umbria","og_description":"Der Palazzo Urbani-Acuti, auch Cruciani genannt, befindet sich auf der Via Garibaldi und war eines der bedeutendsten privaten Geb\u00e4ude in Spello. Er wurde","og_url":"https:\/\/www.exploring-umbria.com\/de\/borghi-in-umbria-tanti-piccoli-gioielli-nascosti\/was-sie-sehen-sollen-in-spello\/palazzo-urbani\/","og_site_name":"Exploring Umbria","article_publisher":"https:\/\/www.facebook.com\/exploringumbria\/","article_modified_time":"2020-07-15T11:20:47+00:00","twitter_card":"summary_large_image","twitter_misc":{"Gesch\u00e4tzte Lesezeit":"1\u00a0Minute"},"schema":{"@context":"https:\/\/schema.org","@graph":[{"@type":"Organization","@id":"https:\/\/www.exploring-umbria.com\/de\/#organization","name":"Exploring Umbria","url":"https:\/\/www.exploring-umbria.com\/de\/","sameAs":["https:\/\/www.facebook.com\/exploringumbria\/","https:\/\/www.instagram.com\/exploringumbria\/"],"logo":{"@type":"ImageObject","@id":"https:\/\/www.exploring-umbria.com\/de\/#logo","inLanguage":"de","url":"https:\/\/www.exploring-umbria.com\/wp-content\/uploads\/2019\/08\/solo-logo-verde.jpg","contentUrl":"https:\/\/www.exploring-umbria.com\/wp-content\/uploads\/2019\/08\/solo-logo-verde.jpg","width":952,"height":532,"caption":"Exploring Umbria"},"image":{"@id":"https:\/\/www.exploring-umbria.com\/de\/#logo"}},{"@type":"WebSite","@id":"https:\/\/www.exploring-umbria.com\/de\/#website","url":"https:\/\/www.exploring-umbria.com\/de\/","name":"Exploring Umbria","description":"your dates, your mood, your trip","publisher":{"@id":"https:\/\/www.exploring-umbria.com\/de\/#organization"},"potentialAction":[{"@type":"SearchAction","target":{"@type":"EntryPoint","urlTemplate":"https:\/\/www.exploring-umbria.com\/de\/?s={search_term_string}"},"query-input":"required name=search_term_string"}],"inLanguage":"de"},{"@type":"WebPage","@id":"https:\/\/www.exploring-umbria.com\/de\/borghi-in-umbria-tanti-piccoli-gioielli-nascosti\/was-sie-sehen-sollen-in-spello\/palazzo-urbani\/#webpage","url":"https:\/\/www.exploring-umbria.com\/de\/borghi-in-umbria-tanti-piccoli-gioielli-nascosti\/was-sie-sehen-sollen-in-spello\/palazzo-urbani\/","name":"Palazzo Urbani Spello - Exploring Umbria","isPartOf":{"@id":"https:\/\/www.exploring-umbria.com\/de\/#website"},"datePublished":"2019-08-09T16:20:42+00:00","dateModified":"2020-07-15T11:20:47+00:00","description":"Der Palazzo Urbani-Acuti, auch Cruciani genannt, befindet sich auf der Via Garibaldi und war eines der bedeutendsten privaten Geb\u00e4ude in Spello. Er wurde","breadcrumb":{"@id":"https:\/\/www.exploring-umbria.com\/de\/borghi-in-umbria-tanti-piccoli-gioielli-nascosti\/was-sie-sehen-sollen-in-spello\/palazzo-urbani\/#breadcrumb"},"inLanguage":"de","potentialAction":[{"@type":"ReadAction","target":["https:\/\/www.exploring-umbria.com\/de\/borghi-in-umbria-tanti-piccoli-gioielli-nascosti\/was-sie-sehen-sollen-in-spello\/palazzo-urbani\/"]}]},{"@type":"BreadcrumbList","@id":"https:\/\/www.exploring-umbria.com\/de\/borghi-in-umbria-tanti-piccoli-gioielli-nascosti\/was-sie-sehen-sollen-in-spello\/palazzo-urbani\/#breadcrumb","itemListElement":[{"@type":"ListItem","position":1,"name":"Home","item":"https:\/\/www.exploring-umbria.com\/de\/"},{"@type":"ListItem","position":2,"name":"Borghi in Umbria: tanti piccoli gioielli nascosti","item":"https:\/\/www.exploring-umbria.com\/de\/borghi-in-umbria-tanti-piccoli-gioielli-nascosti\/"},{"@type":"ListItem","position":3,"name":"Was Sie sehen sollen in Spello","item":"https:\/\/www.exploring-umbria.com\/de\/borghi-in-umbria-tanti-piccoli-gioielli-nascosti\/was-sie-sehen-sollen-in-spello\/"},{"@type":"ListItem","position":4,"name":"Palazzo Urbani Spello"}]}]}},"_links":{"self":[{"href":"https:\/\/www.exploring-umbria.com\/de\/wp-json\/wp\/v2\/pages\/37920"}],"collection":[{"href":"https:\/\/www.exploring-umbria.com\/de\/wp-json\/wp\/v2\/pages"}],"about":[{"href":"https:\/\/www.exploring-umbria.com\/de\/wp-json\/wp\/v2\/types\/page"}],"author":[{"embeddable":true,"href":"https:\/\/www.exploring-umbria.com\/de\/wp-json\/wp\/v2\/users\/4"}],"replies":[{"embeddable":true,"href":"https:\/\/www.exploring-umbria.com\/de\/wp-json\/wp\/v2\/comments?post=37920"}],"version-history":[{"count":2,"href":"https:\/\/www.exploring-umbria.com\/de\/wp-json\/wp\/v2\/pages\/37920\/revisions"}],"predecessor-version":[{"id":37923,"href":"https:\/\/www.exploring-umbria.com\/de\/wp-json\/wp\/v2\/pages\/37920\/revisions\/37923"}],"up":[{"embeddable":true,"href":"https:\/\/www.exploring-umbria.com\/de\/wp-json\/wp\/v2\/pages\/37791"}],"wp:attachment":[{"href":"https:\/\/www.exploring-umbria.com\/de\/wp-json\/wp\/v2\/media?parent=37920"}],"curies":[{"name":"wp","href":"https:\/\/api.w.org\/{rel}","templated":true}]}}