{"id":37808,"date":"2019-08-09T18:07:47","date_gmt":"2019-08-09T16:07:47","guid":{"rendered":"https:\/\/www.exploring-umbria.com\/borghi-in-umbria-tanti-piccoli-gioielli-nascosti\/was-sie-sehen-sollen-in-spello\/chiesa-di-san-fedele\/"},"modified":"2020-07-14T12:28:06","modified_gmt":"2020-07-14T10:28:06","slug":"kirche-san-fedele","status":"publish","type":"page","link":"https:\/\/www.exploring-umbria.com\/de\/borghi-in-umbria-tanti-piccoli-gioielli-nascosti\/was-sie-sehen-sollen-in-spello\/kirche-san-fedele\/","title":{"rendered":"Kirche San Fedele"},"content":{"rendered":"<p><strong>Die Kirche San Fedele<\/strong> geh\u00f6rt zum Besitz der Villa Fidelia und ist von der Via Centrale Umbra aus zug\u00e4nglich, wenige Schritte vom Eingang der Villa, oder \u00fcber den zweiten Zugang, der sich neben dem Besucherzentrum befindet. Die Kirche befindet sich genau auf der Achse des westlichen Heiligtums, dem Heiligtum des Jupiter, sodass sie bereits seit langer Zeit als heiliger Bereich betrachtet wird, der mit dem von Konstantin in Auftrag gegebenen und nach 326 n. Chr. errichteten Tempel von Gens Flavia gleichgesetzt werden kann.<\/p>\n<p>Laut <em>Taddeo Donnola<\/em> ereignete sich an diesem Ort das <strong>Martyrium von San Fedele<\/strong>, dem Heiligen, dem Kirche und Villa ihren Namen verdanken, w\u00e4hrend sich der \u00dcberlieferung zufolge der Leichnam von San Felice, dem Schutzheiligen von Spello und Giano dell&#8217;Umbria, hier befindet.<\/p>\n<p>Als der Ingenieur <em>Decio Costanzi<\/em> die Villa Fidelia erwarb, wurde auch die Kirche vom Architekten <em>Cesare Bazzani<\/em> umgebaut: Das Geb\u00e4ude wurde verk\u00fcrzt und eine anmutige Fassade errichtet. Sie wurde am 11. Mai 1935 wieder f\u00fcr den Gottesdienst ge\u00f6ffnet.<\/p>\n<p>Das Innere von San Fedele hat sich \u00fcber den Lauf der Jahre ver\u00e4ndert und ist heute kahl und schlecht erhalten. An der linken Wand befinden sich Anzeichen f\u00fcr die Abl\u00f6sung eines Freskos, w\u00e4hrend an der gegen\u00fcberliegenden Wand ein Fresko aus dem 16. Jahrhundert von San Felice zu sehen ist.<\/p>\n<p>Im Jahr 1911 wurde die Kirche, die damals Sante Ubaldi aus Foligno geh\u00f6rte, zun\u00e4chst restauriert und dann wieder f\u00fcr Gottesdienste zur Verf\u00fcgung gestellt; aus den Chroniken geht au\u00dferdem hervor, dass dieses Ereignis mit einer gro\u00dfen Prozession gefeiert wurde, die unter dem Klang der Glocken von der Kirche San Lorenzo aus in San Fedele ankam.<\/p>\n<p>Es war auch Brauch, dass die M\u00fctter den Schutzpatron aufsuchten, um die Heilung ihrer kranken Kinder zu erbitten: Es gab tats\u00e4chlich zahlreiche Votivgaben, die Zeugnisse f\u00fcr die Heilungen sind.<\/p>\n","protected":false},"excerpt":{"rendered":"<p>Die Kirche San Fedele geh\u00f6rt zum Besitz der Villa Fidelia und ist von der Via Centrale Umbra aus zug\u00e4nglich, wenige Schritte vom Eingang der Villa, oder \u00fcber den zweiten Zugang, der sich neben dem Besucherzentrum befindet. Die Kirche befindet sich genau auf der Achse des westlichen Heiligtums, dem Heiligtum des Jupiter, sodass sie bereits seit [&hellip;]<\/p>\n","protected":false},"author":4,"featured_media":0,"parent":37791,"menu_order":0,"comment_status":"closed","ping_status":"closed","template":"","meta":{"om_disable_all_campaigns":false,"_monsterinsights_skip_tracking":false,"_monsterinsights_sitenote_active":false,"_monsterinsights_sitenote_note":"","_monsterinsights_sitenote_category":0},"acf":[],"yoast_head":"<!-- This site is optimized with the Yoast SEO plugin v18.4.1 - https:\/\/yoast.com\/wordpress\/plugins\/seo\/ -->\n<title>Kirche San Fedele - Exploring Umbria<\/title>\n<meta name=\"description\" content=\"Die Kirche San Fedele geh\u00f6rt zum Besitz der Villa Fidelia und ist von der Via Centrale Umbra aus zug\u00e4nglich, wenige Schritte vom Eingang der Villa, oder\" \/>\n<meta name=\"robots\" content=\"index, follow, max-snippet:-1, max-image-preview:large, max-video-preview:-1\" \/>\n<link rel=\"canonical\" href=\"https:\/\/www.exploring-umbria.com\/de\/borghi-in-umbria-tanti-piccoli-gioielli-nascosti\/was-sie-sehen-sollen-in-spello\/kirche-san-fedele\/\" \/>\n<meta property=\"og:locale\" content=\"de_DE\" \/>\n<meta property=\"og:type\" content=\"article\" \/>\n<meta property=\"og:title\" content=\"Kirche San Fedele - Exploring Umbria\" \/>\n<meta property=\"og:description\" content=\"Die Kirche San Fedele geh\u00f6rt zum Besitz der Villa Fidelia und ist von der Via Centrale Umbra aus zug\u00e4nglich, wenige Schritte vom Eingang der Villa, oder\" \/>\n<meta property=\"og:url\" content=\"https:\/\/www.exploring-umbria.com\/de\/borghi-in-umbria-tanti-piccoli-gioielli-nascosti\/was-sie-sehen-sollen-in-spello\/kirche-san-fedele\/\" \/>\n<meta property=\"og:site_name\" content=\"Exploring Umbria\" \/>\n<meta property=\"article:publisher\" content=\"https:\/\/www.facebook.com\/exploringumbria\/\" \/>\n<meta property=\"article:modified_time\" content=\"2020-07-14T10:28:06+00:00\" \/>\n<meta name=\"twitter:card\" content=\"summary_large_image\" \/>\n<meta name=\"twitter:label1\" content=\"Gesch\u00e4tzte Lesezeit\" \/>\n\t<meta name=\"twitter:data1\" content=\"2\u00a0Minuten\" \/>\n<script type=\"application\/ld+json\" class=\"yoast-schema-graph\">{\"@context\":\"https:\/\/schema.org\",\"@graph\":[{\"@type\":\"Organization\",\"@id\":\"https:\/\/www.exploring-umbria.com\/de\/#organization\",\"name\":\"Exploring Umbria\",\"url\":\"https:\/\/www.exploring-umbria.com\/de\/\",\"sameAs\":[\"https:\/\/www.facebook.com\/exploringumbria\/\",\"https:\/\/www.instagram.com\/exploringumbria\/\"],\"logo\":{\"@type\":\"ImageObject\",\"@id\":\"https:\/\/www.exploring-umbria.com\/de\/#logo\",\"inLanguage\":\"de\",\"url\":\"https:\/\/www.exploring-umbria.com\/wp-content\/uploads\/2019\/08\/solo-logo-verde.jpg\",\"contentUrl\":\"https:\/\/www.exploring-umbria.com\/wp-content\/uploads\/2019\/08\/solo-logo-verde.jpg\",\"width\":952,\"height\":532,\"caption\":\"Exploring Umbria\"},\"image\":{\"@id\":\"https:\/\/www.exploring-umbria.com\/de\/#logo\"}},{\"@type\":\"WebSite\",\"@id\":\"https:\/\/www.exploring-umbria.com\/de\/#website\",\"url\":\"https:\/\/www.exploring-umbria.com\/de\/\",\"name\":\"Exploring Umbria\",\"description\":\"your dates, your mood, your trip\",\"publisher\":{\"@id\":\"https:\/\/www.exploring-umbria.com\/de\/#organization\"},\"potentialAction\":[{\"@type\":\"SearchAction\",\"target\":{\"@type\":\"EntryPoint\",\"urlTemplate\":\"https:\/\/www.exploring-umbria.com\/de\/?s={search_term_string}\"},\"query-input\":\"required name=search_term_string\"}],\"inLanguage\":\"de\"},{\"@type\":\"WebPage\",\"@id\":\"https:\/\/www.exploring-umbria.com\/de\/borghi-in-umbria-tanti-piccoli-gioielli-nascosti\/was-sie-sehen-sollen-in-spello\/kirche-san-fedele\/#webpage\",\"url\":\"https:\/\/www.exploring-umbria.com\/de\/borghi-in-umbria-tanti-piccoli-gioielli-nascosti\/was-sie-sehen-sollen-in-spello\/kirche-san-fedele\/\",\"name\":\"Kirche San Fedele - Exploring Umbria\",\"isPartOf\":{\"@id\":\"https:\/\/www.exploring-umbria.com\/de\/#website\"},\"datePublished\":\"2019-08-09T16:07:47+00:00\",\"dateModified\":\"2020-07-14T10:28:06+00:00\",\"description\":\"Die Kirche San Fedele geh\u00f6rt zum Besitz der Villa Fidelia und ist von der Via Centrale Umbra aus zug\u00e4nglich, wenige Schritte vom Eingang der Villa, oder\",\"breadcrumb\":{\"@id\":\"https:\/\/www.exploring-umbria.com\/de\/borghi-in-umbria-tanti-piccoli-gioielli-nascosti\/was-sie-sehen-sollen-in-spello\/kirche-san-fedele\/#breadcrumb\"},\"inLanguage\":\"de\",\"potentialAction\":[{\"@type\":\"ReadAction\",\"target\":[\"https:\/\/www.exploring-umbria.com\/de\/borghi-in-umbria-tanti-piccoli-gioielli-nascosti\/was-sie-sehen-sollen-in-spello\/kirche-san-fedele\/\"]}]},{\"@type\":\"BreadcrumbList\",\"@id\":\"https:\/\/www.exploring-umbria.com\/de\/borghi-in-umbria-tanti-piccoli-gioielli-nascosti\/was-sie-sehen-sollen-in-spello\/kirche-san-fedele\/#breadcrumb\",\"itemListElement\":[{\"@type\":\"ListItem\",\"position\":1,\"name\":\"Home\",\"item\":\"https:\/\/www.exploring-umbria.com\/de\/\"},{\"@type\":\"ListItem\",\"position\":2,\"name\":\"Borghi in Umbria: tanti piccoli gioielli nascosti\",\"item\":\"https:\/\/www.exploring-umbria.com\/de\/borghi-in-umbria-tanti-piccoli-gioielli-nascosti\/\"},{\"@type\":\"ListItem\",\"position\":3,\"name\":\"Was Sie sehen sollen in Spello\",\"item\":\"https:\/\/www.exploring-umbria.com\/de\/borghi-in-umbria-tanti-piccoli-gioielli-nascosti\/was-sie-sehen-sollen-in-spello\/\"},{\"@type\":\"ListItem\",\"position\":4,\"name\":\"Kirche San Fedele\"}]}]}<\/script>\n<!-- \/ Yoast SEO plugin. -->","yoast_head_json":{"title":"Kirche San Fedele - Exploring Umbria","description":"Die Kirche San Fedele geh\u00f6rt zum Besitz der Villa Fidelia und ist von der Via Centrale Umbra aus zug\u00e4nglich, wenige Schritte vom Eingang der Villa, oder","robots":{"index":"index","follow":"follow","max-snippet":"max-snippet:-1","max-image-preview":"max-image-preview:large","max-video-preview":"max-video-preview:-1"},"canonical":"https:\/\/www.exploring-umbria.com\/de\/borghi-in-umbria-tanti-piccoli-gioielli-nascosti\/was-sie-sehen-sollen-in-spello\/kirche-san-fedele\/","og_locale":"de_DE","og_type":"article","og_title":"Kirche San Fedele - Exploring Umbria","og_description":"Die Kirche San Fedele geh\u00f6rt zum Besitz der Villa Fidelia und ist von der Via Centrale Umbra aus zug\u00e4nglich, wenige Schritte vom Eingang der Villa, oder","og_url":"https:\/\/www.exploring-umbria.com\/de\/borghi-in-umbria-tanti-piccoli-gioielli-nascosti\/was-sie-sehen-sollen-in-spello\/kirche-san-fedele\/","og_site_name":"Exploring Umbria","article_publisher":"https:\/\/www.facebook.com\/exploringumbria\/","article_modified_time":"2020-07-14T10:28:06+00:00","twitter_card":"summary_large_image","twitter_misc":{"Gesch\u00e4tzte Lesezeit":"2\u00a0Minuten"},"schema":{"@context":"https:\/\/schema.org","@graph":[{"@type":"Organization","@id":"https:\/\/www.exploring-umbria.com\/de\/#organization","name":"Exploring Umbria","url":"https:\/\/www.exploring-umbria.com\/de\/","sameAs":["https:\/\/www.facebook.com\/exploringumbria\/","https:\/\/www.instagram.com\/exploringumbria\/"],"logo":{"@type":"ImageObject","@id":"https:\/\/www.exploring-umbria.com\/de\/#logo","inLanguage":"de","url":"https:\/\/www.exploring-umbria.com\/wp-content\/uploads\/2019\/08\/solo-logo-verde.jpg","contentUrl":"https:\/\/www.exploring-umbria.com\/wp-content\/uploads\/2019\/08\/solo-logo-verde.jpg","width":952,"height":532,"caption":"Exploring Umbria"},"image":{"@id":"https:\/\/www.exploring-umbria.com\/de\/#logo"}},{"@type":"WebSite","@id":"https:\/\/www.exploring-umbria.com\/de\/#website","url":"https:\/\/www.exploring-umbria.com\/de\/","name":"Exploring Umbria","description":"your dates, your mood, your trip","publisher":{"@id":"https:\/\/www.exploring-umbria.com\/de\/#organization"},"potentialAction":[{"@type":"SearchAction","target":{"@type":"EntryPoint","urlTemplate":"https:\/\/www.exploring-umbria.com\/de\/?s={search_term_string}"},"query-input":"required name=search_term_string"}],"inLanguage":"de"},{"@type":"WebPage","@id":"https:\/\/www.exploring-umbria.com\/de\/borghi-in-umbria-tanti-piccoli-gioielli-nascosti\/was-sie-sehen-sollen-in-spello\/kirche-san-fedele\/#webpage","url":"https:\/\/www.exploring-umbria.com\/de\/borghi-in-umbria-tanti-piccoli-gioielli-nascosti\/was-sie-sehen-sollen-in-spello\/kirche-san-fedele\/","name":"Kirche San Fedele - Exploring Umbria","isPartOf":{"@id":"https:\/\/www.exploring-umbria.com\/de\/#website"},"datePublished":"2019-08-09T16:07:47+00:00","dateModified":"2020-07-14T10:28:06+00:00","description":"Die Kirche San Fedele geh\u00f6rt zum Besitz der Villa Fidelia und ist von der Via Centrale Umbra aus zug\u00e4nglich, wenige Schritte vom Eingang der Villa, oder","breadcrumb":{"@id":"https:\/\/www.exploring-umbria.com\/de\/borghi-in-umbria-tanti-piccoli-gioielli-nascosti\/was-sie-sehen-sollen-in-spello\/kirche-san-fedele\/#breadcrumb"},"inLanguage":"de","potentialAction":[{"@type":"ReadAction","target":["https:\/\/www.exploring-umbria.com\/de\/borghi-in-umbria-tanti-piccoli-gioielli-nascosti\/was-sie-sehen-sollen-in-spello\/kirche-san-fedele\/"]}]},{"@type":"BreadcrumbList","@id":"https:\/\/www.exploring-umbria.com\/de\/borghi-in-umbria-tanti-piccoli-gioielli-nascosti\/was-sie-sehen-sollen-in-spello\/kirche-san-fedele\/#breadcrumb","itemListElement":[{"@type":"ListItem","position":1,"name":"Home","item":"https:\/\/www.exploring-umbria.com\/de\/"},{"@type":"ListItem","position":2,"name":"Borghi in Umbria: tanti piccoli gioielli nascosti","item":"https:\/\/www.exploring-umbria.com\/de\/borghi-in-umbria-tanti-piccoli-gioielli-nascosti\/"},{"@type":"ListItem","position":3,"name":"Was Sie sehen sollen in Spello","item":"https:\/\/www.exploring-umbria.com\/de\/borghi-in-umbria-tanti-piccoli-gioielli-nascosti\/was-sie-sehen-sollen-in-spello\/"},{"@type":"ListItem","position":4,"name":"Kirche San Fedele"}]}]}},"_links":{"self":[{"href":"https:\/\/www.exploring-umbria.com\/de\/wp-json\/wp\/v2\/pages\/37808"}],"collection":[{"href":"https:\/\/www.exploring-umbria.com\/de\/wp-json\/wp\/v2\/pages"}],"about":[{"href":"https:\/\/www.exploring-umbria.com\/de\/wp-json\/wp\/v2\/types\/page"}],"author":[{"embeddable":true,"href":"https:\/\/www.exploring-umbria.com\/de\/wp-json\/wp\/v2\/users\/4"}],"replies":[{"embeddable":true,"href":"https:\/\/www.exploring-umbria.com\/de\/wp-json\/wp\/v2\/comments?post=37808"}],"version-history":[{"count":2,"href":"https:\/\/www.exploring-umbria.com\/de\/wp-json\/wp\/v2\/pages\/37808\/revisions"}],"predecessor-version":[{"id":37811,"href":"https:\/\/www.exploring-umbria.com\/de\/wp-json\/wp\/v2\/pages\/37808\/revisions\/37811"}],"up":[{"embeddable":true,"href":"https:\/\/www.exploring-umbria.com\/de\/wp-json\/wp\/v2\/pages\/37791"}],"wp:attachment":[{"href":"https:\/\/www.exploring-umbria.com\/de\/wp-json\/wp\/v2\/media?parent=37808"}],"curies":[{"name":"wp","href":"https:\/\/api.w.org\/{rel}","templated":true}]}}