{"id":37788,"date":"2019-05-21T14:19:49","date_gmt":"2019-05-21T12:19:49","guid":{"rendered":"https:\/\/www.exploring-umbria.com\/borghi-in-umbria-tanti-piccoli-gioielli-nascosti\/scopri-spello\/"},"modified":"2020-07-14T11:59:05","modified_gmt":"2020-07-14T09:59:05","slug":"entdecken-spello","status":"publish","type":"page","link":"https:\/\/www.exploring-umbria.com\/de\/borghi-in-umbria-tanti-piccoli-gioielli-nascosti\/entdecken-spello\/","title":{"rendered":"Entdecken Spello"},"content":{"rendered":"<p><strong>Entdecken Sie Spello mit uns\u00a0<\/strong><\/p>\n<p>Als ob er das gesamte umbrische Tal \u00fcberblicken m\u00f6chte, liegt der Ort <strong>Spello <\/strong>wunderbar auf einem Ausl\u00e4ufer des Berges Monte Subasio und reicht vom Gipfel bis zur Ebene; der andere Hang des H\u00fcgels thront \u00fcber dem Tal des Flusses Chiona, ein Zufluss des Flusses Topino, dessen Verlauf jahrhundertealte Eichen s\u00e4umen.<br \/>\nSpello wird Ihre Augen mit den Farben seiner Blumen erf\u00fcllen, die in den G\u00e4sschen des Ortes zu finden sind, und der wunderbare Sonnenuntergang, der die Geb\u00e4ude Spellos aus wei\u00dfem und rosa Stein vom Berg Subasio erstrahlen l\u00e4sst, wird Sie beeindrucken.<br \/>\nDas historische Zentrum entwickelte sich \u00fcber Jahrhunderte in der urspr\u00fcnglichen r\u00f6mischen Form und darauf wurden die mittelalterliche, die Renaissance-, die p\u00e4pstliche und die moderne Stadt gebaut. Sie sind heute alle im urbanen Geflecht zu erkennen. Die <a href=\"https:\/\/www.exploring-umbria.com\/de\/aktivitaten\/guided-tour-of-spello\/\" target=\"_blank\" rel=\"noopener noreferrer\">Gassen<\/a> von Spello zweigen tats\u00e4chlich von den alten Wegen Cardo \u2013 nach Osten \u2013 und Decumano \u2013 von S\u00fcden nach Norden \u2013 ab.<br \/>\nSpello war eine r\u00f6mische Kolonie, aber Menschen waren weit fr\u00fcher in der Gegend ans\u00e4ssig. Zeugnisse, etwa zahlreiche Fundst\u00fccke von Siedlungen umbrischer V\u00f6lker, gehen auf das 7. Jahrhundert v.Chr. zur\u00fcck. Nach der Zerst\u00f6rung durch Oktavianus wurde die r\u00f6mische Kolonie <em>Iulia Hispellum<\/em> gegr\u00fcndet, die nach und nach mehr Bedeutung erlangte, insbesondere dank der nahegelegenen Via Flaminia. Auf das r\u00f6mische Zeitalter gehen auch die Stadtmauern sowie die Reste des Amphitheaters, des Theaters, eines Tempels und der Therme zur\u00fcck; in dieser Zeit erfolgte auch die Landgewinnung der S\u00fcmpfe in der Ebene, die urspr\u00fcnglich von <em>Lacus Umber<\/em> besetzt waren. Das Christentum ist sicherlich ein weiteres Element, das die Entwicklung der Gegend beg\u00fcnstigte: Kaiser Konstantin verk\u00fcndete n\u00e4mlich zwischen 326 und 333 n. Chr. ein Reskript, in dem er die Stadt zu einem treuen Heiligtum erkl\u00e4rte.<br \/>\nNach dem Zerfall des \u00f6stlichen Reiches begann eine tiefe Krise, die mit der Invasion von Attila und Totila noch schlimmer wurde. Sie reichte bis zur Zerst\u00f6rung durch die Longobarden. Spello begann im Zeitalter der Kommunen wieder aufzuleben und die Stadt wurde dicht besiedelt, sodass sie in drei Stadtteile aufgeteilt wurde: <em>Pusterola<\/em>, <em>Mezota<\/em> und <em>Porta Chiusa<\/em> (oder Borgo). Diese drei ellipsenf\u00f6rmigen Bereiche der Stadt f\u00fchren vom Stadttor Porta dell\u2019Arce, dem h\u00f6chsten Punkt, nach unten in den Ort; aufgrund der st\u00e4ndigen Weiterentwicklung erstreckt sich Spello heute bis zum Tor Porta Venere.<br \/>\nIm Lauf der Geschichte wurde Spello von verschiedenen nahegelegenen St\u00e4dten wie Perugia, Assisi und Spoleto unterdr\u00fcckt und zu einem Verwaltungsbezirk Spoletos. Im 13. Jahrhundert erfolgten mehrere Zerst\u00f6rungen und Spello wurde zudem von Friedrich II dem Erdboden gleichgemacht. Er zerst\u00f6rte selbst die Kirche San Lorenzo mit ihrem Archiv und ihrer Sakristei.<br \/>\nGegen Ende des 14. Jahrhunderts wurde die Stadt Teil des wichtigsten Adelsgeschlechts im damaligen Umbrien: der <a href=\"https:\/\/de.wikipedia.org\/wiki\/Baglionen\" target=\"_blank\" rel=\"noopener noreferrer\"><em>Baglioni<\/em><\/a>, die Spello mit wichtigen architektonischen und k\u00fcnstlerischen Werken aufwerteten, etwa die Kapelle Baglioni mit Fresken von <em>Pinturicchio<\/em>, in der Kirche Santa Maria Maggiore. Im Jahr 1583 gelangte die Stadt unter die \u00c4gide der Kirche und eine sehr lange Zeit des Zerfalls begann, der Zustand der Stadt verschlechterte sich zunehmend, bis hin zum Gnadensto\u00df: Ein schreckliches Erdbeben zerst\u00f6rte 1832 Spello vollst\u00e4ndig. Erst in den 60er-Jahren konnte sich die Stadt davon erholen und zum heutigen Steckenpferd Umbriens werden.<br \/>\nSpello ist einer der sch\u00f6nsten Orte Italiens, aber vor allem ist es eine Stadt des \u00d6ls. Dies werden Sie gleich beim Betreten bemerken. Tats\u00e4chlich befindet sich neben dem Haupttor, der Porta Consolare, ein mittelalterlicher Turm, auf dem ein uralter Olivenbaum steht. Der Olivenbaum ist seit Jahrhunderten wichtig f\u00fcr die Einwohner Spellos und er bestimmt bis heute die sozialen, \u00f6konomischen,landschaftlichen und kulturellen Dynamiken der Stadt. Hier wird die Olivensorte Moraiolo angebaut, aus der ein fruchtiges natives Oliven\u00f6l extra mit bitter-scharfer Note entsteht. Spello steht auch aus dem Blickwinkel der Weingastronomie im Einklang mit der Natur, daher sind die lokalen Speisen einfach und traditionell. Sie basieren auf unverf\u00e4lschten Lebensmitteln, die in den G\u00e4rten angebaut werden oder aus den nahegelegenen W\u00e4ldern stammen: Spargel, schwarzer Tr\u00fcffel und nat\u00fcrlich auch Bruschetta, also Brot aus dem Holzofen mit Knoblauch und \u00d6l.<br \/>\nDer Veranstaltungskalender von ist dicht gef\u00fcllt und die lebhafte Gemeinde organisiert das ganze Jahr hindurch verschiedene Initiativen. Der wichtigste Tag im Jahr der Einwohner Spellos ist Fronleichnam. Dann wird die Stadt zu einer wunderbaren Blumenwiese. Tats\u00e4chlich entstehen \u201cTeppiche\u201d und \u201cBilder\u201d aus Blumen auf einer Strecke von 2 km durch die Stra\u00dfen der Stadt und k\u00f6nnen bis zum Sonnenuntergang besichtigt werden; die Vorbereitung auf das \u201cBlumenmeer\u201d an Fronleichnam beginnt sechs Monate im Vorhinein und wird bis ins kleinste Detail geplant: etwa 1.000 Dekorateure schm\u00fccken angeleitet von einem Meister die Stadt, die von 50.000 bis 80.000 Personen besucht wird. Spello ist seit einigen Jahren f\u00fchrende Stadt der nationalen Vereinigung \u201cCitt\u00e0 delle Infiorate\u201d und viele Meister aus Spello organisieren einige Blumenschauen in ganz Italien wie auch im Ausland.<br \/>\nDie beiden anderen bedeutenden Veranstaltungen der Stadt sind <em>Hispellum<\/em>, das mit Ritualen, Umz\u00fcgen, Banketts und Gladiatorenk\u00e4mpfen w\u00e4hrend der dritten Augustwoche an das \u201cReskript von Konstantin\u201d aus dem Jahr 336 n. Chr. erinnert, und <em>Oro di Spello<\/em> in der dritten Novemberwoche, das von der b\u00e4uerlichen Tradition Spellos und vom Oliven\u00f6l, dem wertvollsten Produkt der Stadt, berichtet; Oro di Spello geh\u00f6rt au\u00dferdem zum regionalen Festival \u201cFrantoi Aperti\u201d.<br \/>\nDoch Spello hat noch viel mehr Freizeitaktivit\u00e4ten zu bieten. Neben dem Festival des \u00f6rtlichen Theaters Subasio und den zahlreichen Ausstellen und Kongressen im Palazzo Comunale erwarten Sie die sogenannten \u201cweiteren Bl\u00fctenbl\u00e4tter von Spello: das Kinofestival zwischen Februar und M\u00e4rz, \u201cFinestre, balconi e vicoli fioriti\u201d im Mai, das Festival der lokalen Rebsorte Grechetto im Juli und den ganzen Sommer hindurch \u201cIncontri per le strade\u201d, eine Veranstaltung mit Musik, Tanz, Theater und Kunst sowie Ausstellungen auf den Piazze des historischen Zentrums.<\/p>\n","protected":false},"excerpt":{"rendered":"<p>Entdecken Sie Spello mit uns\u00a0 Als ob er das gesamte umbrische Tal \u00fcberblicken m\u00f6chte, liegt der Ort Spello wunderbar auf einem Ausl\u00e4ufer des Berges Monte Subasio und reicht vom Gipfel bis zur Ebene; der andere Hang des H\u00fcgels thront \u00fcber dem Tal des Flusses Chiona, ein Zufluss des Flusses Topino, dessen Verlauf jahrhundertealte Eichen s\u00e4umen. [&hellip;]<\/p>\n","protected":false},"author":4,"featured_media":6657,"parent":3271,"menu_order":7,"comment_status":"closed","ping_status":"closed","template":"","meta":{"om_disable_all_campaigns":false,"_monsterinsights_skip_tracking":false,"_monsterinsights_sitenote_active":false,"_monsterinsights_sitenote_note":"","_monsterinsights_sitenote_category":0},"acf":[],"yoast_head":"<!-- This site is optimized with the Yoast SEO plugin v18.4.1 - https:\/\/yoast.com\/wordpress\/plugins\/seo\/ -->\n<title>Entdecken Spello - Exploring Umbria<\/title>\n<meta name=\"description\" content=\"Entdecken Sie Spello mit uns\u00a0 Als ob er das gesamte umbrische Tal \u00fcberblicken m\u00f6chte, liegt der Ort Spello wunderbar auf einem Ausl\u00e4ufer des Berges Monte\" \/>\n<meta name=\"robots\" content=\"index, follow, max-snippet:-1, max-image-preview:large, max-video-preview:-1\" \/>\n<link rel=\"canonical\" href=\"https:\/\/www.exploring-umbria.com\/de\/borghi-in-umbria-tanti-piccoli-gioielli-nascosti\/entdecken-spello\/\" \/>\n<meta property=\"og:locale\" content=\"de_DE\" \/>\n<meta property=\"og:type\" content=\"article\" \/>\n<meta property=\"og:title\" content=\"Entdecken Spello - Exploring Umbria\" \/>\n<meta property=\"og:description\" content=\"Entdecken Sie Spello mit uns\u00a0 Als ob er das gesamte umbrische Tal \u00fcberblicken m\u00f6chte, liegt der Ort Spello wunderbar auf einem Ausl\u00e4ufer des Berges Monte\" \/>\n<meta property=\"og:url\" content=\"https:\/\/www.exploring-umbria.com\/de\/borghi-in-umbria-tanti-piccoli-gioielli-nascosti\/entdecken-spello\/\" \/>\n<meta property=\"og:site_name\" content=\"Exploring Umbria\" \/>\n<meta property=\"article:publisher\" content=\"https:\/\/www.facebook.com\/exploringumbria\/\" \/>\n<meta property=\"article:modified_time\" content=\"2020-07-14T09:59:05+00:00\" \/>\n<meta property=\"og:image\" content=\"https:\/\/www.exploring-umbria.com\/wp-content\/uploads\/2019\/05\/Spello-girasoli.jpeg\" \/>\n\t<meta property=\"og:image:width\" content=\"2000\" \/>\n\t<meta property=\"og:image:height\" content=\"720\" \/>\n\t<meta property=\"og:image:type\" content=\"image\/jpeg\" \/>\n<meta name=\"twitter:card\" content=\"summary_large_image\" \/>\n<meta name=\"twitter:label1\" content=\"Gesch\u00e4tzte Lesezeit\" \/>\n\t<meta name=\"twitter:data1\" content=\"5\u00a0Minuten\" \/>\n<script type=\"application\/ld+json\" class=\"yoast-schema-graph\">{\"@context\":\"https:\/\/schema.org\",\"@graph\":[{\"@type\":\"Organization\",\"@id\":\"https:\/\/www.exploring-umbria.com\/de\/#organization\",\"name\":\"Exploring Umbria\",\"url\":\"https:\/\/www.exploring-umbria.com\/de\/\",\"sameAs\":[\"https:\/\/www.facebook.com\/exploringumbria\/\",\"https:\/\/www.instagram.com\/exploringumbria\/\"],\"logo\":{\"@type\":\"ImageObject\",\"@id\":\"https:\/\/www.exploring-umbria.com\/de\/#logo\",\"inLanguage\":\"de\",\"url\":\"https:\/\/www.exploring-umbria.com\/wp-content\/uploads\/2019\/08\/solo-logo-verde.jpg\",\"contentUrl\":\"https:\/\/www.exploring-umbria.com\/wp-content\/uploads\/2019\/08\/solo-logo-verde.jpg\",\"width\":952,\"height\":532,\"caption\":\"Exploring Umbria\"},\"image\":{\"@id\":\"https:\/\/www.exploring-umbria.com\/de\/#logo\"}},{\"@type\":\"WebSite\",\"@id\":\"https:\/\/www.exploring-umbria.com\/de\/#website\",\"url\":\"https:\/\/www.exploring-umbria.com\/de\/\",\"name\":\"Exploring Umbria\",\"description\":\"your dates, your mood, your trip\",\"publisher\":{\"@id\":\"https:\/\/www.exploring-umbria.com\/de\/#organization\"},\"potentialAction\":[{\"@type\":\"SearchAction\",\"target\":{\"@type\":\"EntryPoint\",\"urlTemplate\":\"https:\/\/www.exploring-umbria.com\/de\/?s={search_term_string}\"},\"query-input\":\"required name=search_term_string\"}],\"inLanguage\":\"de\"},{\"@type\":\"ImageObject\",\"@id\":\"https:\/\/www.exploring-umbria.com\/de\/borghi-in-umbria-tanti-piccoli-gioielli-nascosti\/entdecken-spello\/#primaryimage\",\"inLanguage\":\"de\",\"url\":\"https:\/\/www.exploring-umbria.com\/wp-content\/uploads\/2019\/05\/Spello-girasoli.jpeg\",\"contentUrl\":\"https:\/\/www.exploring-umbria.com\/wp-content\/uploads\/2019\/05\/Spello-girasoli.jpeg\",\"width\":2000,\"height\":720,\"caption\":\"Scopri Spello\"},{\"@type\":\"WebPage\",\"@id\":\"https:\/\/www.exploring-umbria.com\/de\/borghi-in-umbria-tanti-piccoli-gioielli-nascosti\/entdecken-spello\/#webpage\",\"url\":\"https:\/\/www.exploring-umbria.com\/de\/borghi-in-umbria-tanti-piccoli-gioielli-nascosti\/entdecken-spello\/\",\"name\":\"Entdecken Spello - Exploring Umbria\",\"isPartOf\":{\"@id\":\"https:\/\/www.exploring-umbria.com\/de\/#website\"},\"primaryImageOfPage\":{\"@id\":\"https:\/\/www.exploring-umbria.com\/de\/borghi-in-umbria-tanti-piccoli-gioielli-nascosti\/entdecken-spello\/#primaryimage\"},\"datePublished\":\"2019-05-21T12:19:49+00:00\",\"dateModified\":\"2020-07-14T09:59:05+00:00\",\"description\":\"Entdecken Sie Spello mit uns\u00a0 Als ob er das gesamte umbrische Tal \u00fcberblicken m\u00f6chte, liegt der Ort Spello wunderbar auf einem Ausl\u00e4ufer des Berges Monte\",\"breadcrumb\":{\"@id\":\"https:\/\/www.exploring-umbria.com\/de\/borghi-in-umbria-tanti-piccoli-gioielli-nascosti\/entdecken-spello\/#breadcrumb\"},\"inLanguage\":\"de\",\"potentialAction\":[{\"@type\":\"ReadAction\",\"target\":[\"https:\/\/www.exploring-umbria.com\/de\/borghi-in-umbria-tanti-piccoli-gioielli-nascosti\/entdecken-spello\/\"]}]},{\"@type\":\"BreadcrumbList\",\"@id\":\"https:\/\/www.exploring-umbria.com\/de\/borghi-in-umbria-tanti-piccoli-gioielli-nascosti\/entdecken-spello\/#breadcrumb\",\"itemListElement\":[{\"@type\":\"ListItem\",\"position\":1,\"name\":\"Home\",\"item\":\"https:\/\/www.exploring-umbria.com\/de\/\"},{\"@type\":\"ListItem\",\"position\":2,\"name\":\"Borghi in Umbria: tanti piccoli gioielli nascosti\",\"item\":\"https:\/\/www.exploring-umbria.com\/de\/borghi-in-umbria-tanti-piccoli-gioielli-nascosti\/\"},{\"@type\":\"ListItem\",\"position\":3,\"name\":\"Entdecken Spello\"}]}]}<\/script>\n<!-- \/ Yoast SEO plugin. -->","yoast_head_json":{"title":"Entdecken Spello - Exploring Umbria","description":"Entdecken Sie Spello mit uns\u00a0 Als ob er das gesamte umbrische Tal \u00fcberblicken m\u00f6chte, liegt der Ort Spello wunderbar auf einem Ausl\u00e4ufer des Berges Monte","robots":{"index":"index","follow":"follow","max-snippet":"max-snippet:-1","max-image-preview":"max-image-preview:large","max-video-preview":"max-video-preview:-1"},"canonical":"https:\/\/www.exploring-umbria.com\/de\/borghi-in-umbria-tanti-piccoli-gioielli-nascosti\/entdecken-spello\/","og_locale":"de_DE","og_type":"article","og_title":"Entdecken Spello - Exploring Umbria","og_description":"Entdecken Sie Spello mit uns\u00a0 Als ob er das gesamte umbrische Tal \u00fcberblicken m\u00f6chte, liegt der Ort Spello wunderbar auf einem Ausl\u00e4ufer des Berges Monte","og_url":"https:\/\/www.exploring-umbria.com\/de\/borghi-in-umbria-tanti-piccoli-gioielli-nascosti\/entdecken-spello\/","og_site_name":"Exploring Umbria","article_publisher":"https:\/\/www.facebook.com\/exploringumbria\/","article_modified_time":"2020-07-14T09:59:05+00:00","og_image":[{"width":2000,"height":720,"url":"https:\/\/www.exploring-umbria.com\/wp-content\/uploads\/2019\/05\/Spello-girasoli.jpeg","type":"image\/jpeg"}],"twitter_card":"summary_large_image","twitter_misc":{"Gesch\u00e4tzte Lesezeit":"5\u00a0Minuten"},"schema":{"@context":"https:\/\/schema.org","@graph":[{"@type":"Organization","@id":"https:\/\/www.exploring-umbria.com\/de\/#organization","name":"Exploring Umbria","url":"https:\/\/www.exploring-umbria.com\/de\/","sameAs":["https:\/\/www.facebook.com\/exploringumbria\/","https:\/\/www.instagram.com\/exploringumbria\/"],"logo":{"@type":"ImageObject","@id":"https:\/\/www.exploring-umbria.com\/de\/#logo","inLanguage":"de","url":"https:\/\/www.exploring-umbria.com\/wp-content\/uploads\/2019\/08\/solo-logo-verde.jpg","contentUrl":"https:\/\/www.exploring-umbria.com\/wp-content\/uploads\/2019\/08\/solo-logo-verde.jpg","width":952,"height":532,"caption":"Exploring Umbria"},"image":{"@id":"https:\/\/www.exploring-umbria.com\/de\/#logo"}},{"@type":"WebSite","@id":"https:\/\/www.exploring-umbria.com\/de\/#website","url":"https:\/\/www.exploring-umbria.com\/de\/","name":"Exploring Umbria","description":"your dates, your mood, your trip","publisher":{"@id":"https:\/\/www.exploring-umbria.com\/de\/#organization"},"potentialAction":[{"@type":"SearchAction","target":{"@type":"EntryPoint","urlTemplate":"https:\/\/www.exploring-umbria.com\/de\/?s={search_term_string}"},"query-input":"required name=search_term_string"}],"inLanguage":"de"},{"@type":"ImageObject","@id":"https:\/\/www.exploring-umbria.com\/de\/borghi-in-umbria-tanti-piccoli-gioielli-nascosti\/entdecken-spello\/#primaryimage","inLanguage":"de","url":"https:\/\/www.exploring-umbria.com\/wp-content\/uploads\/2019\/05\/Spello-girasoli.jpeg","contentUrl":"https:\/\/www.exploring-umbria.com\/wp-content\/uploads\/2019\/05\/Spello-girasoli.jpeg","width":2000,"height":720,"caption":"Scopri Spello"},{"@type":"WebPage","@id":"https:\/\/www.exploring-umbria.com\/de\/borghi-in-umbria-tanti-piccoli-gioielli-nascosti\/entdecken-spello\/#webpage","url":"https:\/\/www.exploring-umbria.com\/de\/borghi-in-umbria-tanti-piccoli-gioielli-nascosti\/entdecken-spello\/","name":"Entdecken Spello - Exploring Umbria","isPartOf":{"@id":"https:\/\/www.exploring-umbria.com\/de\/#website"},"primaryImageOfPage":{"@id":"https:\/\/www.exploring-umbria.com\/de\/borghi-in-umbria-tanti-piccoli-gioielli-nascosti\/entdecken-spello\/#primaryimage"},"datePublished":"2019-05-21T12:19:49+00:00","dateModified":"2020-07-14T09:59:05+00:00","description":"Entdecken Sie Spello mit uns\u00a0 Als ob er das gesamte umbrische Tal \u00fcberblicken m\u00f6chte, liegt der Ort Spello wunderbar auf einem Ausl\u00e4ufer des Berges Monte","breadcrumb":{"@id":"https:\/\/www.exploring-umbria.com\/de\/borghi-in-umbria-tanti-piccoli-gioielli-nascosti\/entdecken-spello\/#breadcrumb"},"inLanguage":"de","potentialAction":[{"@type":"ReadAction","target":["https:\/\/www.exploring-umbria.com\/de\/borghi-in-umbria-tanti-piccoli-gioielli-nascosti\/entdecken-spello\/"]}]},{"@type":"BreadcrumbList","@id":"https:\/\/www.exploring-umbria.com\/de\/borghi-in-umbria-tanti-piccoli-gioielli-nascosti\/entdecken-spello\/#breadcrumb","itemListElement":[{"@type":"ListItem","position":1,"name":"Home","item":"https:\/\/www.exploring-umbria.com\/de\/"},{"@type":"ListItem","position":2,"name":"Borghi in Umbria: tanti piccoli gioielli nascosti","item":"https:\/\/www.exploring-umbria.com\/de\/borghi-in-umbria-tanti-piccoli-gioielli-nascosti\/"},{"@type":"ListItem","position":3,"name":"Entdecken Spello"}]}]}},"_links":{"self":[{"href":"https:\/\/www.exploring-umbria.com\/de\/wp-json\/wp\/v2\/pages\/37788"}],"collection":[{"href":"https:\/\/www.exploring-umbria.com\/de\/wp-json\/wp\/v2\/pages"}],"about":[{"href":"https:\/\/www.exploring-umbria.com\/de\/wp-json\/wp\/v2\/types\/page"}],"author":[{"embeddable":true,"href":"https:\/\/www.exploring-umbria.com\/de\/wp-json\/wp\/v2\/users\/4"}],"replies":[{"embeddable":true,"href":"https:\/\/www.exploring-umbria.com\/de\/wp-json\/wp\/v2\/comments?post=37788"}],"version-history":[{"count":2,"href":"https:\/\/www.exploring-umbria.com\/de\/wp-json\/wp\/v2\/pages\/37788\/revisions"}],"predecessor-version":[{"id":37790,"href":"https:\/\/www.exploring-umbria.com\/de\/wp-json\/wp\/v2\/pages\/37788\/revisions\/37790"}],"up":[{"embeddable":true,"href":"https:\/\/www.exploring-umbria.com\/de\/wp-json\/wp\/v2\/pages\/3271"}],"wp:featuredmedia":[{"embeddable":true,"href":"https:\/\/www.exploring-umbria.com\/de\/wp-json\/wp\/v2\/media\/6657"}],"wp:attachment":[{"href":"https:\/\/www.exploring-umbria.com\/de\/wp-json\/wp\/v2\/media?parent=37788"}],"curies":[{"name":"wp","href":"https:\/\/api.w.org\/{rel}","templated":true}]}}