{"id":36135,"date":"2019-08-28T12:39:45","date_gmt":"2019-08-28T10:39:45","guid":{"rendered":"https:\/\/www.exploring-umbria.com\/our-philosophy\/"},"modified":"2020-06-15T13:00:02","modified_gmt":"2020-06-15T11:00:02","slug":"our-philosophy","status":"publish","type":"page","link":"https:\/\/www.exploring-umbria.com\/de\/our-philosophy\/","title":{"rendered":"Unsere philosophie"},"content":{"rendered":"<p><strong>INNOVATION<\/strong>\u00a0ist eines der wichtigsten professionellen Konzepte unserer Philosophie. Wir haben einen Algorithmus entwickelt, mit dem wir Ihnen stets eine Reihe an Aktivit\u00e4ten und Serviceleistungen anbieten, die Ihren Interessen und Pr\u00e4ferenzen entsprechen. All das erfolgt auf einfache, schnelle und intuitive Weise. Der Algorithmus wird kontinuierlich aktualisiert \u2013 sowohl anhand neuer Aktivit\u00e4ten, die wir hinzuf\u00fcgen, wie auch anhand der Erfahrungen unserer Kunden.<\/p>\n<p><strong>AKTUALISIERTE UND UMFASSENDE DATENBANK<\/strong>. Wir arbeiten jeden Tag daran, die Anzahl unserer Aktivit\u00e4ten und Serviceleistungen stets zu erh\u00f6hen und somit unsere bereits bestehende, gut gef\u00fcllte und abwechslungsreiche Datenbank zu erweitern.<\/p>\n<p>Wir garantieren maximale <strong>AUTHENTIZIT\u00c4T UND QUALIT\u00c4T<\/strong> der Serviceleistungen, die wir in der gesamten Region anbieten. Exploring Umbria ist kein gew\u00f6hnliches, k\u00fchles und unpers\u00f6nliches Portal, sondern wird mit der Leidenschaft der Menschen aus der Region verwaltet, wobei wir sorgf\u00e4ltig nach Qualit\u00e4t suchen. Alle T\u00e4tigkeiten, die Sie \u00fcber unser Portal buchen k\u00f6nnen, wurden von uns abh\u00e4ngig von hohen und strengen Qualit\u00e4tskriterien ausgew\u00e4hlt. In unserem Portal kann sich kein Dienstleistungsanbieter selbst\u00e4ndig anmelden und seinen Service anbieten, wie es bei allen anderen Buchungsseiten f\u00fcr verschiedene Aktivit\u00e4ten der Fall ist, sondern es kann lediglich eine Anfrage gestellt werden. Anschlie\u00dfend kontaktieren wir von Exploring Umbria den Dienstleistungsanbieter, lernen ihn kennen und \u00fcberzeugen uns pers\u00f6nlich vom angebotenen Service und von den Qualit\u00e4tsstandards. Oftmals suchen wir selbst nach weniger bekannten Abenteuern, die jedoch besonders authentisch sind und die Region gut darstellen. So garantieren wir Ihnen ein unvergessliches Erlebnis voller begeisternder und origineller Aktivit\u00e4ten. Zusammengefasst <strong>ist eine Buchung \u00fcber uns, als ob ein in der Gegend lebender Freund Ihren Urlaub organisieren w\u00fcrde.<\/strong><\/p>\n<p><strong>BETREUUNG.<\/strong>\u00a0Wir werden Sie niemals alleine lassen und Sie werden sich auch nach der Buchung nicht verlassen f\u00fchlen. Wir werden Ihnen mit Details zu Ihren Erlebnissen stets zur Seite stehen und \u00c4nderungen oder L\u00f6schungen vornehmen. Wir sind jederzeit dazu bereit, Sie w\u00e4hrend Ihres Urlaubs oder einzelner Aktivit\u00e4ten zu unterst\u00fctzen.<\/p>\n<p><u>Das Team von Exploring Umbria kommt aus Umbrien<\/u>.<\/p>\n<p><strong>DIE LUST, DIE GEGEND BEKANNTER ZU MACHEN UND TOURISTEN UNBEKANNTE SCH\u00c4TZE ZU ZEIGEN <\/strong>haben uns dazu angetrieben, Exploring Umbria ins Leben zu rufen. Unsere Region hatte und hat sehr viele authentische und unverf\u00e4lschte Erlebnisse zu bieten, sodass Urlaubsg\u00e4ste schnell den \u00dcberblick verlieren k\u00f6nnen. Zahlreich sind auch die alten Handwerke, die handwerklichen Meisterwerke, die unber\u00fchrten Orte, die vergessenen Sch\u00e4tze, die nicht erz\u00e4hlten Geschichten und Anekodten und die althergebrachten Rezepte, die sich viele Touristen beim Besuch dieser Region entgehen lassen. Unsere Mission ist sie alle zu sammeln, kennenzulernen und an Besucher weiterzugeben. Wir sp\u00fcren sie durch altmodische Methoden auf: Mundpropaganda und Erkundungen. Und wir geben sie \u00fcber moderne, dynamische Kan\u00e4le weiter, die f\u00fcr alle Netze offen sind und digitale Systeme nutzen. Schlie\u00dflich bieten wir sie anhand fortschrittlicher technischer Systeme wie etwa unser Portal und insbesondere unseren Algorithmus an. So lernen Sie unser Erlebnisse auf schnelle und intuitive Weise kennen ohne dass diese in ihrer Tradition auch nur in geringster Weise ver\u00e4ndert werden.<\/p>\n<p><strong>WIE DER SERVICE FUNKTIONIERT<\/strong><\/p>\n<p>Auf der Seite von Exploring Umbria zu navigieren und zu buchen ist ein Kinderspiel. Sie k\u00f6nnen sich von uns mit dem Instrument, das Sie auf der Homepage finden, Ihren idealen Urlaub vorschlagen lassen. F\u00fcllen Sie einfach die Felder aus und geben Sie Ihre Pr\u00e4ferenzen bekannt, indem Sie die Balken unter jedem Mood verschieben. Exploring Umbria wird Ihnen eine Timeline anzeigen, die dem von Ihnen ausgew\u00e4hlten Zeitraum entspricht und eine Reihe an Aktivit\u00e4ten, die zu Ihrem Profil passen, enth\u00e4lt. Wenn Ihnen einige Erlebnisse nicht gefallen sollten oder Sie auch ein paar freie Tage einplanen m\u00f6chten, ist dies kein Problem. Die Timeline kann nach Belieben ver\u00e4ndert werden. Sie k\u00f6nnen also Tage oder Aktivit\u00e4ten tauschen, gew\u00fcnschte Aktivit\u00e4ten ersetzen oder einfach von der Timeline l\u00f6schen. Au\u00dferdem k\u00f6nnen Sie die Option der eingeschr\u00e4nkten Mobilit\u00e4t ausw\u00e4hlen, falls Sie oder einer Ihrer Mitreisenden Probleme mit der Fortbewegung hat. Au\u00dferdem k\u00f6nnen Sie direkt \u00fcber die Webseite einen Shuttle buchen, sofern Sie Ihren Urlaub au\u00dferhalb unserer Region verbringen. Au\u00dferdem kann die L\u00e4nge der Strecke gew\u00e4hlt werden und durch Ausw\u00e4hlen des entsprechenden K\u00e4stchens k\u00f6nnen Sie uns auch dar\u00fcber informieren, dass Sie von Ihrem vierbeinigen Freund begleitet werden. So hat Exploring Umbria die M\u00f6glichkeit zahlreiche Aktivit\u00e4ten anzubieten, die sich f\u00fcr Mensch und Tier eignen. Ihnen stehen also zahlreiche M\u00f6glichkeiten zur Verf\u00fcgung, um Ihren Urlaub bestm\u00f6glich an Ihre Bed\u00fcrfnisse anzupassen, und all das auf einer einzigen Webseite mit nur wenigen Klicks. So erleben Sie Ihren ganz pers\u00f6nlichen Traumurlaub in Umbrien.<\/p>\n<p>Wenn Sie hingegen keine Vorschl\u00e4ge zu den Aktivit\u00e4ten in Umbrien w\u00fcnschen, sondern lieber selber verschiedene M\u00f6glichkeiten abw\u00e4gen, dann sollten Sie von der Homepage aus alle verschiedenen Bereiche kennenlernen. Sie werden nicht nur detailliert abgebildete und erkl\u00e4rte Aktivit\u00e4ten finden, die Sie zu Ihren Favoriten hinzuf\u00fcgen k\u00f6nnen, sondern auch vertiefende Informationen \u00fcber die Region Umbrien, einen echten Leitfaden zu Geschichte, Kultur und Landschaft, zu den St\u00e4dten, den Orten und der Natur, alles erg\u00e4nzt mit Fotos und weiterf\u00fchrenden Informationen.<\/p>\n","protected":false},"excerpt":{"rendered":"<p>INNOVATION\u00a0ist eines der wichtigsten professionellen Konzepte unserer Philosophie. Wir haben einen Algorithmus entwickelt, mit dem wir Ihnen stets eine Reihe an Aktivit\u00e4ten und Serviceleistungen anbieten, die Ihren Interessen und Pr\u00e4ferenzen entsprechen. All das erfolgt auf einfache, schnelle und intuitive Weise. Der Algorithmus wird kontinuierlich aktualisiert \u2013 sowohl anhand neuer Aktivit\u00e4ten, die wir hinzuf\u00fcgen, wie auch [&hellip;]<\/p>\n","protected":false},"author":1,"featured_media":0,"parent":0,"menu_order":0,"comment_status":"closed","ping_status":"closed","template":"","meta":{"om_disable_all_campaigns":false,"_monsterinsights_skip_tracking":false,"_monsterinsights_sitenote_active":false,"_monsterinsights_sitenote_note":"","_monsterinsights_sitenote_category":0},"acf":[],"yoast_head":"<!-- This site is optimized with the Yoast SEO plugin v18.4.1 - https:\/\/yoast.com\/wordpress\/plugins\/seo\/ -->\n<title>Unsere philosophie - Exploring Umbria<\/title>\n<meta name=\"description\" content=\"INNOVATION\u00a0ist eines der wichtigsten professionellen Konzepte unserer Philosophie. Wir haben einen Algorithmus entwickelt, mit dem wir Ihnen stets eine\" \/>\n<meta name=\"robots\" content=\"index, follow, max-snippet:-1, max-image-preview:large, max-video-preview:-1\" \/>\n<link rel=\"canonical\" href=\"https:\/\/www.exploring-umbria.com\/de\/our-philosophy\/\" \/>\n<meta property=\"og:locale\" content=\"de_DE\" \/>\n<meta property=\"og:type\" content=\"article\" \/>\n<meta property=\"og:title\" content=\"Unsere philosophie - Exploring Umbria\" \/>\n<meta property=\"og:description\" content=\"INNOVATION\u00a0ist eines der wichtigsten professionellen Konzepte unserer Philosophie. Wir haben einen Algorithmus entwickelt, mit dem wir Ihnen stets eine\" \/>\n<meta property=\"og:url\" content=\"https:\/\/www.exploring-umbria.com\/de\/our-philosophy\/\" \/>\n<meta property=\"og:site_name\" content=\"Exploring Umbria\" \/>\n<meta property=\"article:publisher\" content=\"https:\/\/www.facebook.com\/exploringumbria\/\" \/>\n<meta property=\"article:modified_time\" content=\"2020-06-15T11:00:02+00:00\" \/>\n<meta name=\"twitter:card\" content=\"summary_large_image\" \/>\n<meta name=\"twitter:label1\" content=\"Gesch\u00e4tzte Lesezeit\" \/>\n\t<meta name=\"twitter:data1\" content=\"4\u00a0Minuten\" \/>\n<script type=\"application\/ld+json\" class=\"yoast-schema-graph\">{\"@context\":\"https:\/\/schema.org\",\"@graph\":[{\"@type\":\"Organization\",\"@id\":\"https:\/\/www.exploring-umbria.com\/de\/#organization\",\"name\":\"Exploring Umbria\",\"url\":\"https:\/\/www.exploring-umbria.com\/de\/\",\"sameAs\":[\"https:\/\/www.facebook.com\/exploringumbria\/\",\"https:\/\/www.instagram.com\/exploringumbria\/\"],\"logo\":{\"@type\":\"ImageObject\",\"@id\":\"https:\/\/www.exploring-umbria.com\/de\/#logo\",\"inLanguage\":\"de\",\"url\":\"https:\/\/www.exploring-umbria.com\/wp-content\/uploads\/2019\/08\/solo-logo-verde.jpg\",\"contentUrl\":\"https:\/\/www.exploring-umbria.com\/wp-content\/uploads\/2019\/08\/solo-logo-verde.jpg\",\"width\":952,\"height\":532,\"caption\":\"Exploring Umbria\"},\"image\":{\"@id\":\"https:\/\/www.exploring-umbria.com\/de\/#logo\"}},{\"@type\":\"WebSite\",\"@id\":\"https:\/\/www.exploring-umbria.com\/de\/#website\",\"url\":\"https:\/\/www.exploring-umbria.com\/de\/\",\"name\":\"Exploring Umbria\",\"description\":\"your dates, your mood, your trip\",\"publisher\":{\"@id\":\"https:\/\/www.exploring-umbria.com\/de\/#organization\"},\"potentialAction\":[{\"@type\":\"SearchAction\",\"target\":{\"@type\":\"EntryPoint\",\"urlTemplate\":\"https:\/\/www.exploring-umbria.com\/de\/?s={search_term_string}\"},\"query-input\":\"required name=search_term_string\"}],\"inLanguage\":\"de\"},{\"@type\":\"WebPage\",\"@id\":\"https:\/\/www.exploring-umbria.com\/de\/our-philosophy\/#webpage\",\"url\":\"https:\/\/www.exploring-umbria.com\/de\/our-philosophy\/\",\"name\":\"Unsere philosophie - Exploring Umbria\",\"isPartOf\":{\"@id\":\"https:\/\/www.exploring-umbria.com\/de\/#website\"},\"datePublished\":\"2019-08-28T10:39:45+00:00\",\"dateModified\":\"2020-06-15T11:00:02+00:00\",\"description\":\"INNOVATION\u00a0ist eines der wichtigsten professionellen Konzepte unserer Philosophie. Wir haben einen Algorithmus entwickelt, mit dem wir Ihnen stets eine\",\"breadcrumb\":{\"@id\":\"https:\/\/www.exploring-umbria.com\/de\/our-philosophy\/#breadcrumb\"},\"inLanguage\":\"de\",\"potentialAction\":[{\"@type\":\"ReadAction\",\"target\":[\"https:\/\/www.exploring-umbria.com\/de\/our-philosophy\/\"]}]},{\"@type\":\"BreadcrumbList\",\"@id\":\"https:\/\/www.exploring-umbria.com\/de\/our-philosophy\/#breadcrumb\",\"itemListElement\":[{\"@type\":\"ListItem\",\"position\":1,\"name\":\"Home\",\"item\":\"https:\/\/www.exploring-umbria.com\/de\/\"},{\"@type\":\"ListItem\",\"position\":2,\"name\":\"Unsere philosophie\"}]}]}<\/script>\n<!-- \/ Yoast SEO plugin. -->","yoast_head_json":{"title":"Unsere philosophie - Exploring Umbria","description":"INNOVATION\u00a0ist eines der wichtigsten professionellen Konzepte unserer Philosophie. Wir haben einen Algorithmus entwickelt, mit dem wir Ihnen stets eine","robots":{"index":"index","follow":"follow","max-snippet":"max-snippet:-1","max-image-preview":"max-image-preview:large","max-video-preview":"max-video-preview:-1"},"canonical":"https:\/\/www.exploring-umbria.com\/de\/our-philosophy\/","og_locale":"de_DE","og_type":"article","og_title":"Unsere philosophie - Exploring Umbria","og_description":"INNOVATION\u00a0ist eines der wichtigsten professionellen Konzepte unserer Philosophie. Wir haben einen Algorithmus entwickelt, mit dem wir Ihnen stets eine","og_url":"https:\/\/www.exploring-umbria.com\/de\/our-philosophy\/","og_site_name":"Exploring Umbria","article_publisher":"https:\/\/www.facebook.com\/exploringumbria\/","article_modified_time":"2020-06-15T11:00:02+00:00","twitter_card":"summary_large_image","twitter_misc":{"Gesch\u00e4tzte Lesezeit":"4\u00a0Minuten"},"schema":{"@context":"https:\/\/schema.org","@graph":[{"@type":"Organization","@id":"https:\/\/www.exploring-umbria.com\/de\/#organization","name":"Exploring Umbria","url":"https:\/\/www.exploring-umbria.com\/de\/","sameAs":["https:\/\/www.facebook.com\/exploringumbria\/","https:\/\/www.instagram.com\/exploringumbria\/"],"logo":{"@type":"ImageObject","@id":"https:\/\/www.exploring-umbria.com\/de\/#logo","inLanguage":"de","url":"https:\/\/www.exploring-umbria.com\/wp-content\/uploads\/2019\/08\/solo-logo-verde.jpg","contentUrl":"https:\/\/www.exploring-umbria.com\/wp-content\/uploads\/2019\/08\/solo-logo-verde.jpg","width":952,"height":532,"caption":"Exploring Umbria"},"image":{"@id":"https:\/\/www.exploring-umbria.com\/de\/#logo"}},{"@type":"WebSite","@id":"https:\/\/www.exploring-umbria.com\/de\/#website","url":"https:\/\/www.exploring-umbria.com\/de\/","name":"Exploring Umbria","description":"your dates, your mood, your trip","publisher":{"@id":"https:\/\/www.exploring-umbria.com\/de\/#organization"},"potentialAction":[{"@type":"SearchAction","target":{"@type":"EntryPoint","urlTemplate":"https:\/\/www.exploring-umbria.com\/de\/?s={search_term_string}"},"query-input":"required name=search_term_string"}],"inLanguage":"de"},{"@type":"WebPage","@id":"https:\/\/www.exploring-umbria.com\/de\/our-philosophy\/#webpage","url":"https:\/\/www.exploring-umbria.com\/de\/our-philosophy\/","name":"Unsere philosophie - Exploring Umbria","isPartOf":{"@id":"https:\/\/www.exploring-umbria.com\/de\/#website"},"datePublished":"2019-08-28T10:39:45+00:00","dateModified":"2020-06-15T11:00:02+00:00","description":"INNOVATION\u00a0ist eines der wichtigsten professionellen Konzepte unserer Philosophie. Wir haben einen Algorithmus entwickelt, mit dem wir Ihnen stets eine","breadcrumb":{"@id":"https:\/\/www.exploring-umbria.com\/de\/our-philosophy\/#breadcrumb"},"inLanguage":"de","potentialAction":[{"@type":"ReadAction","target":["https:\/\/www.exploring-umbria.com\/de\/our-philosophy\/"]}]},{"@type":"BreadcrumbList","@id":"https:\/\/www.exploring-umbria.com\/de\/our-philosophy\/#breadcrumb","itemListElement":[{"@type":"ListItem","position":1,"name":"Home","item":"https:\/\/www.exploring-umbria.com\/de\/"},{"@type":"ListItem","position":2,"name":"Unsere philosophie"}]}]}},"_links":{"self":[{"href":"https:\/\/www.exploring-umbria.com\/de\/wp-json\/wp\/v2\/pages\/36135"}],"collection":[{"href":"https:\/\/www.exploring-umbria.com\/de\/wp-json\/wp\/v2\/pages"}],"about":[{"href":"https:\/\/www.exploring-umbria.com\/de\/wp-json\/wp\/v2\/types\/page"}],"author":[{"embeddable":true,"href":"https:\/\/www.exploring-umbria.com\/de\/wp-json\/wp\/v2\/users\/1"}],"replies":[{"embeddable":true,"href":"https:\/\/www.exploring-umbria.com\/de\/wp-json\/wp\/v2\/comments?post=36135"}],"version-history":[{"count":1,"href":"https:\/\/www.exploring-umbria.com\/de\/wp-json\/wp\/v2\/pages\/36135\/revisions"}],"predecessor-version":[{"id":36140,"href":"https:\/\/www.exploring-umbria.com\/de\/wp-json\/wp\/v2\/pages\/36135\/revisions\/36140"}],"wp:attachment":[{"href":"https:\/\/www.exploring-umbria.com\/de\/wp-json\/wp\/v2\/media?parent=36135"}],"curies":[{"name":"wp","href":"https:\/\/api.w.org\/{rel}","templated":true}]}}