{"id":34937,"date":"2019-05-21T15:06:05","date_gmt":"2019-05-21T13:06:05","guid":{"rendered":"https:\/\/www.exploring-umbria.com\/borghi-in-umbria-tanti-piccoli-gioielli-nascosti\/cosa-fare-a-citta-della-pieve\/"},"modified":"2020-07-29T17:01:27","modified_gmt":"2020-07-29T15:01:27","slug":"was-sie-machen-sollen-in-citta-della-pieve","status":"publish","type":"page","link":"https:\/\/www.exploring-umbria.com\/de\/borghi-in-umbria-tanti-piccoli-gioielli-nascosti\/was-sie-machen-sollen-in-citta-della-pieve\/","title":{"rendered":"Was Sie machen sollen in Citt\u00e0 della Pieve"},"content":{"rendered":"<p><strong>Entdecken Sie, was Sie in Citt\u00e0 della Pieve machen koennen\u00a0<\/strong><\/p>\n<p>Wenn Sie Kunst, Geschichte und Kultur m\u00f6gen, sollten Sie unbedingt das <strong>Museum<\/strong> <strong>Civico-Diocesano<\/strong> besuchen, das sich in der alten <em>Kirche Santa Maria dei Servi <\/em>befindet. Hier finden Sie Elemente aus der Gotik, dem Barock und dem Manierismus sowie Werke von <a href=\"https:\/\/de.wikipedia.org\/wiki\/Niccol%C3%B2_Circignani\" target=\"_blank\" rel=\"noopener noreferrer\"><strong>Pomarancio<\/strong><\/a>, <em>Salvio Savini, Alessandro Brunelli<\/em>, der <em>Gebr\u00fcder Cremoni <\/em>und von <a href=\"https:\/\/de.wikipedia.org\/wiki\/Perugino\" target=\"_blank\" rel=\"noopener noreferrer\"><strong>Perugino<\/strong><\/a>.<\/p>\n<p>Wenn Sie hingegen eine Leidenschaft f\u00fcr moderne Kunst haben, sollten Sie nicht auf einen Besuch im <strong>Spazio Kossuth <\/strong>verzichten, um die dynamischen bildhauerischen Werke von <em>Wolfgang Alexander Kossuth <\/em>zu bestaunen, der Citt\u00e0 della Pieve zu seiner Wahlheimat machte, da der Ort eine besondere Inspirationsquelle war. Besuchen Sie auch die <strong>Sammlung moderner Kunst <\/strong>im <strong>Giardino dei Lauri<\/strong>, in der Sie zahlreiche Werke ber\u00fchmter K\u00fcnstler nationaler und internationaler Bekanntheit bestaunen k\u00f6nnen. Auch das <a href=\"https:\/\/www.exploring-umbria.com\/de\/subcategories\/citta-della-pieve\/#heading38633\" target=\"_blank\" rel=\"noopener noreferrer\"><strong>Museum Antonio Verri <\/strong><\/a>erm\u00f6glicht Ihnen zahlreiche interessante Materialien zu entdecken, die den privaten Sammlungen von <em>Antonio Verri <\/em>(Geologe) und <em>Paolo De Simone <\/em>(Agronom und Naturalist) angeh\u00f6ren.<\/p>\n<p>Sie k\u00f6nnen auch die Stadt besuchen und aus zwei verschiedenen Routen w\u00e4hlen, <strong>Percorso dei Vicoli<\/strong> und <strong>Percorso del Paesaggio<\/strong>.<\/p>\n<p>Auf dem <strong>Percorso dei Vicoli <\/strong>k\u00f6nnen Sie Citt\u00e0 della Pieve mit ihren sch\u00f6nsten und geheimsten Orten erkunden, \u00fcber <strong>zauberhafte Gassen <\/strong>die voll sind von Geschichte, Vergangenheit und Leben; hier befanden sich Handwerksgesch\u00e4fte und M\u00e4rkte.<\/p>\n<p>Der <strong>Percorso del Paesaggio <\/strong>bietet Ihnen viele atemberaubenden Ausblicke, die Sie von den <strong>unz\u00e4hligen Aussichtspunkten <\/strong>von Citt\u00e0 della Pieve aus genie\u00dfen k\u00f6nnen; hier entdecken Sie auch einen der sch\u00f6nsten Ausblicke Mittelitaliens und lernen eine wunderbare Harmonie, die uns die Natur mit ihren zarten H\u00fcgeln, zauberhaften umliegenden Seen, Bergen und charakteristischen St\u00e4dten bietet, zu sch\u00e4tzen.<\/p>\n<p>Abenteurer lassen sich von der Energie der unber\u00fchrten Natur mitrei\u00dfen und erkunden die Wanderwege rund um Citt\u00e0 della Pieve, indem sie an <strong>Wanderungen <\/strong>teilnehmen und dabei atemberaubende und unvergessliche Momente erleben. Au\u00dferdem k\u00f6nnen Sie das Gebiet bei <strong>Ausfl\u00fcgen in die Gegend um Perugia <\/strong>noch besser kennenlernen und Emotionen erleben sowie die perfekte Verbindung aus Natur und charakteristischen Sehensw\u00fcrdigkeiten im Ort Citt\u00e0 della Pieve sehen.<\/p>\n","protected":false},"excerpt":{"rendered":"<p>Entdecken Sie, was Sie in Citt\u00e0 della Pieve machen koennen\u00a0 Wenn Sie Kunst, Geschichte und Kultur m\u00f6gen, sollten Sie unbedingt das Museum Civico-Diocesano besuchen, das sich in der alten Kirche Santa Maria dei Servi befindet. Hier finden Sie Elemente aus der Gotik, dem Barock und dem Manierismus sowie Werke von Pomarancio, Salvio Savini, Alessandro Brunelli, [&hellip;]<\/p>\n","protected":false},"author":4,"featured_media":17417,"parent":3271,"menu_order":0,"comment_status":"closed","ping_status":"closed","template":"","meta":{"om_disable_all_campaigns":false,"_monsterinsights_skip_tracking":false,"_monsterinsights_sitenote_active":false,"_monsterinsights_sitenote_note":"","_monsterinsights_sitenote_category":0},"acf":[],"yoast_head":"<!-- This site is optimized with the Yoast SEO plugin v18.4.1 - https:\/\/yoast.com\/wordpress\/plugins\/seo\/ -->\n<title>Was Sie machen sollen in Citt\u00e0 della Pieve - Exploring Umbria<\/title>\n<meta name=\"description\" content=\"Entdecken Sie, was Sie in Citt\u00e0 della Pieve machen koennen\u00a0 Wenn Sie Kunst, Geschichte und Kultur m\u00f6gen, sollten Sie unbedingt das Museum Civico-Diocesano\" \/>\n<meta name=\"robots\" content=\"index, follow, max-snippet:-1, max-image-preview:large, max-video-preview:-1\" \/>\n<link rel=\"canonical\" href=\"https:\/\/www.exploring-umbria.com\/de\/borghi-in-umbria-tanti-piccoli-gioielli-nascosti\/was-sie-machen-sollen-in-citta-della-pieve\/\" \/>\n<meta property=\"og:locale\" content=\"de_DE\" \/>\n<meta property=\"og:type\" content=\"article\" \/>\n<meta property=\"og:title\" content=\"Was Sie machen sollen in Citt\u00e0 della Pieve - Exploring Umbria\" \/>\n<meta property=\"og:description\" content=\"Entdecken Sie, was Sie in Citt\u00e0 della Pieve machen koennen\u00a0 Wenn Sie Kunst, Geschichte und Kultur m\u00f6gen, sollten Sie unbedingt das Museum Civico-Diocesano\" \/>\n<meta property=\"og:url\" content=\"https:\/\/www.exploring-umbria.com\/de\/borghi-in-umbria-tanti-piccoli-gioielli-nascosti\/was-sie-machen-sollen-in-citta-della-pieve\/\" \/>\n<meta property=\"og:site_name\" content=\"Exploring Umbria\" \/>\n<meta property=\"article:publisher\" content=\"https:\/\/www.facebook.com\/exploringumbria\/\" \/>\n<meta property=\"article:modified_time\" content=\"2020-07-29T15:01:27+00:00\" \/>\n<meta property=\"og:image\" content=\"https:\/\/www.exploring-umbria.com\/wp-content\/uploads\/2019\/07\/CITTA-DELLA-PIEVE-INFIORATA-1.jpg\" \/>\n\t<meta property=\"og:image:width\" content=\"720\" \/>\n\t<meta property=\"og:image:height\" content=\"960\" \/>\n\t<meta property=\"og:image:type\" content=\"image\/jpeg\" \/>\n<meta name=\"twitter:card\" content=\"summary_large_image\" \/>\n<meta name=\"twitter:label1\" content=\"Gesch\u00e4tzte Lesezeit\" \/>\n\t<meta name=\"twitter:data1\" content=\"2\u00a0Minuten\" \/>\n<script type=\"application\/ld+json\" class=\"yoast-schema-graph\">{\"@context\":\"https:\/\/schema.org\",\"@graph\":[{\"@type\":\"Organization\",\"@id\":\"https:\/\/www.exploring-umbria.com\/de\/#organization\",\"name\":\"Exploring Umbria\",\"url\":\"https:\/\/www.exploring-umbria.com\/de\/\",\"sameAs\":[\"https:\/\/www.facebook.com\/exploringumbria\/\",\"https:\/\/www.instagram.com\/exploringumbria\/\"],\"logo\":{\"@type\":\"ImageObject\",\"@id\":\"https:\/\/www.exploring-umbria.com\/de\/#logo\",\"inLanguage\":\"de\",\"url\":\"https:\/\/www.exploring-umbria.com\/wp-content\/uploads\/2019\/08\/solo-logo-verde.jpg\",\"contentUrl\":\"https:\/\/www.exploring-umbria.com\/wp-content\/uploads\/2019\/08\/solo-logo-verde.jpg\",\"width\":952,\"height\":532,\"caption\":\"Exploring Umbria\"},\"image\":{\"@id\":\"https:\/\/www.exploring-umbria.com\/de\/#logo\"}},{\"@type\":\"WebSite\",\"@id\":\"https:\/\/www.exploring-umbria.com\/de\/#website\",\"url\":\"https:\/\/www.exploring-umbria.com\/de\/\",\"name\":\"Exploring Umbria\",\"description\":\"your dates, your mood, your trip\",\"publisher\":{\"@id\":\"https:\/\/www.exploring-umbria.com\/de\/#organization\"},\"potentialAction\":[{\"@type\":\"SearchAction\",\"target\":{\"@type\":\"EntryPoint\",\"urlTemplate\":\"https:\/\/www.exploring-umbria.com\/de\/?s={search_term_string}\"},\"query-input\":\"required name=search_term_string\"}],\"inLanguage\":\"de\"},{\"@type\":\"ImageObject\",\"@id\":\"https:\/\/www.exploring-umbria.com\/de\/borghi-in-umbria-tanti-piccoli-gioielli-nascosti\/was-sie-machen-sollen-in-citta-della-pieve\/#primaryimage\",\"inLanguage\":\"de\",\"url\":\"https:\/\/www.exploring-umbria.com\/wp-content\/uploads\/2019\/07\/CITTA-DELLA-PIEVE-INFIORATA-1.jpg\",\"contentUrl\":\"https:\/\/www.exploring-umbria.com\/wp-content\/uploads\/2019\/07\/CITTA-DELLA-PIEVE-INFIORATA-1.jpg\",\"width\":720,\"height\":960,\"caption\":\"Infiorata a Citt\u00e0 della Pieve\"},{\"@type\":\"WebPage\",\"@id\":\"https:\/\/www.exploring-umbria.com\/de\/borghi-in-umbria-tanti-piccoli-gioielli-nascosti\/was-sie-machen-sollen-in-citta-della-pieve\/#webpage\",\"url\":\"https:\/\/www.exploring-umbria.com\/de\/borghi-in-umbria-tanti-piccoli-gioielli-nascosti\/was-sie-machen-sollen-in-citta-della-pieve\/\",\"name\":\"Was Sie machen sollen in Citt\u00e0 della Pieve - Exploring Umbria\",\"isPartOf\":{\"@id\":\"https:\/\/www.exploring-umbria.com\/de\/#website\"},\"primaryImageOfPage\":{\"@id\":\"https:\/\/www.exploring-umbria.com\/de\/borghi-in-umbria-tanti-piccoli-gioielli-nascosti\/was-sie-machen-sollen-in-citta-della-pieve\/#primaryimage\"},\"datePublished\":\"2019-05-21T13:06:05+00:00\",\"dateModified\":\"2020-07-29T15:01:27+00:00\",\"description\":\"Entdecken Sie, was Sie in Citt\u00e0 della Pieve machen koennen\u00a0 Wenn Sie Kunst, Geschichte und Kultur m\u00f6gen, sollten Sie unbedingt das Museum Civico-Diocesano\",\"breadcrumb\":{\"@id\":\"https:\/\/www.exploring-umbria.com\/de\/borghi-in-umbria-tanti-piccoli-gioielli-nascosti\/was-sie-machen-sollen-in-citta-della-pieve\/#breadcrumb\"},\"inLanguage\":\"de\",\"potentialAction\":[{\"@type\":\"ReadAction\",\"target\":[\"https:\/\/www.exploring-umbria.com\/de\/borghi-in-umbria-tanti-piccoli-gioielli-nascosti\/was-sie-machen-sollen-in-citta-della-pieve\/\"]}]},{\"@type\":\"BreadcrumbList\",\"@id\":\"https:\/\/www.exploring-umbria.com\/de\/borghi-in-umbria-tanti-piccoli-gioielli-nascosti\/was-sie-machen-sollen-in-citta-della-pieve\/#breadcrumb\",\"itemListElement\":[{\"@type\":\"ListItem\",\"position\":1,\"name\":\"Home\",\"item\":\"https:\/\/www.exploring-umbria.com\/de\/\"},{\"@type\":\"ListItem\",\"position\":2,\"name\":\"Borghi in Umbria: tanti piccoli gioielli nascosti\",\"item\":\"https:\/\/www.exploring-umbria.com\/de\/borghi-in-umbria-tanti-piccoli-gioielli-nascosti\/\"},{\"@type\":\"ListItem\",\"position\":3,\"name\":\"Was Sie machen sollen in Citt\u00e0 della Pieve\"}]}]}<\/script>\n<!-- \/ Yoast SEO plugin. -->","yoast_head_json":{"title":"Was Sie machen sollen in Citt\u00e0 della Pieve - Exploring Umbria","description":"Entdecken Sie, was Sie in Citt\u00e0 della Pieve machen koennen\u00a0 Wenn Sie Kunst, Geschichte und Kultur m\u00f6gen, sollten Sie unbedingt das Museum Civico-Diocesano","robots":{"index":"index","follow":"follow","max-snippet":"max-snippet:-1","max-image-preview":"max-image-preview:large","max-video-preview":"max-video-preview:-1"},"canonical":"https:\/\/www.exploring-umbria.com\/de\/borghi-in-umbria-tanti-piccoli-gioielli-nascosti\/was-sie-machen-sollen-in-citta-della-pieve\/","og_locale":"de_DE","og_type":"article","og_title":"Was Sie machen sollen in Citt\u00e0 della Pieve - Exploring Umbria","og_description":"Entdecken Sie, was Sie in Citt\u00e0 della Pieve machen koennen\u00a0 Wenn Sie Kunst, Geschichte und Kultur m\u00f6gen, sollten Sie unbedingt das Museum Civico-Diocesano","og_url":"https:\/\/www.exploring-umbria.com\/de\/borghi-in-umbria-tanti-piccoli-gioielli-nascosti\/was-sie-machen-sollen-in-citta-della-pieve\/","og_site_name":"Exploring Umbria","article_publisher":"https:\/\/www.facebook.com\/exploringumbria\/","article_modified_time":"2020-07-29T15:01:27+00:00","og_image":[{"width":720,"height":960,"url":"https:\/\/www.exploring-umbria.com\/wp-content\/uploads\/2019\/07\/CITTA-DELLA-PIEVE-INFIORATA-1.jpg","type":"image\/jpeg"}],"twitter_card":"summary_large_image","twitter_misc":{"Gesch\u00e4tzte Lesezeit":"2\u00a0Minuten"},"schema":{"@context":"https:\/\/schema.org","@graph":[{"@type":"Organization","@id":"https:\/\/www.exploring-umbria.com\/de\/#organization","name":"Exploring Umbria","url":"https:\/\/www.exploring-umbria.com\/de\/","sameAs":["https:\/\/www.facebook.com\/exploringumbria\/","https:\/\/www.instagram.com\/exploringumbria\/"],"logo":{"@type":"ImageObject","@id":"https:\/\/www.exploring-umbria.com\/de\/#logo","inLanguage":"de","url":"https:\/\/www.exploring-umbria.com\/wp-content\/uploads\/2019\/08\/solo-logo-verde.jpg","contentUrl":"https:\/\/www.exploring-umbria.com\/wp-content\/uploads\/2019\/08\/solo-logo-verde.jpg","width":952,"height":532,"caption":"Exploring Umbria"},"image":{"@id":"https:\/\/www.exploring-umbria.com\/de\/#logo"}},{"@type":"WebSite","@id":"https:\/\/www.exploring-umbria.com\/de\/#website","url":"https:\/\/www.exploring-umbria.com\/de\/","name":"Exploring Umbria","description":"your dates, your mood, your trip","publisher":{"@id":"https:\/\/www.exploring-umbria.com\/de\/#organization"},"potentialAction":[{"@type":"SearchAction","target":{"@type":"EntryPoint","urlTemplate":"https:\/\/www.exploring-umbria.com\/de\/?s={search_term_string}"},"query-input":"required name=search_term_string"}],"inLanguage":"de"},{"@type":"ImageObject","@id":"https:\/\/www.exploring-umbria.com\/de\/borghi-in-umbria-tanti-piccoli-gioielli-nascosti\/was-sie-machen-sollen-in-citta-della-pieve\/#primaryimage","inLanguage":"de","url":"https:\/\/www.exploring-umbria.com\/wp-content\/uploads\/2019\/07\/CITTA-DELLA-PIEVE-INFIORATA-1.jpg","contentUrl":"https:\/\/www.exploring-umbria.com\/wp-content\/uploads\/2019\/07\/CITTA-DELLA-PIEVE-INFIORATA-1.jpg","width":720,"height":960,"caption":"Infiorata a Citt\u00e0 della Pieve"},{"@type":"WebPage","@id":"https:\/\/www.exploring-umbria.com\/de\/borghi-in-umbria-tanti-piccoli-gioielli-nascosti\/was-sie-machen-sollen-in-citta-della-pieve\/#webpage","url":"https:\/\/www.exploring-umbria.com\/de\/borghi-in-umbria-tanti-piccoli-gioielli-nascosti\/was-sie-machen-sollen-in-citta-della-pieve\/","name":"Was Sie machen sollen in Citt\u00e0 della Pieve - Exploring Umbria","isPartOf":{"@id":"https:\/\/www.exploring-umbria.com\/de\/#website"},"primaryImageOfPage":{"@id":"https:\/\/www.exploring-umbria.com\/de\/borghi-in-umbria-tanti-piccoli-gioielli-nascosti\/was-sie-machen-sollen-in-citta-della-pieve\/#primaryimage"},"datePublished":"2019-05-21T13:06:05+00:00","dateModified":"2020-07-29T15:01:27+00:00","description":"Entdecken Sie, was Sie in Citt\u00e0 della Pieve machen koennen\u00a0 Wenn Sie Kunst, Geschichte und Kultur m\u00f6gen, sollten Sie unbedingt das Museum Civico-Diocesano","breadcrumb":{"@id":"https:\/\/www.exploring-umbria.com\/de\/borghi-in-umbria-tanti-piccoli-gioielli-nascosti\/was-sie-machen-sollen-in-citta-della-pieve\/#breadcrumb"},"inLanguage":"de","potentialAction":[{"@type":"ReadAction","target":["https:\/\/www.exploring-umbria.com\/de\/borghi-in-umbria-tanti-piccoli-gioielli-nascosti\/was-sie-machen-sollen-in-citta-della-pieve\/"]}]},{"@type":"BreadcrumbList","@id":"https:\/\/www.exploring-umbria.com\/de\/borghi-in-umbria-tanti-piccoli-gioielli-nascosti\/was-sie-machen-sollen-in-citta-della-pieve\/#breadcrumb","itemListElement":[{"@type":"ListItem","position":1,"name":"Home","item":"https:\/\/www.exploring-umbria.com\/de\/"},{"@type":"ListItem","position":2,"name":"Borghi in Umbria: tanti piccoli gioielli nascosti","item":"https:\/\/www.exploring-umbria.com\/de\/borghi-in-umbria-tanti-piccoli-gioielli-nascosti\/"},{"@type":"ListItem","position":3,"name":"Was Sie machen sollen in Citt\u00e0 della Pieve"}]}]}},"_links":{"self":[{"href":"https:\/\/www.exploring-umbria.com\/de\/wp-json\/wp\/v2\/pages\/34937"}],"collection":[{"href":"https:\/\/www.exploring-umbria.com\/de\/wp-json\/wp\/v2\/pages"}],"about":[{"href":"https:\/\/www.exploring-umbria.com\/de\/wp-json\/wp\/v2\/types\/page"}],"author":[{"embeddable":true,"href":"https:\/\/www.exploring-umbria.com\/de\/wp-json\/wp\/v2\/users\/4"}],"replies":[{"embeddable":true,"href":"https:\/\/www.exploring-umbria.com\/de\/wp-json\/wp\/v2\/comments?post=34937"}],"version-history":[{"count":4,"href":"https:\/\/www.exploring-umbria.com\/de\/wp-json\/wp\/v2\/pages\/34937\/revisions"}],"predecessor-version":[{"id":38643,"href":"https:\/\/www.exploring-umbria.com\/de\/wp-json\/wp\/v2\/pages\/34937\/revisions\/38643"}],"up":[{"embeddable":true,"href":"https:\/\/www.exploring-umbria.com\/de\/wp-json\/wp\/v2\/pages\/3271"}],"wp:featuredmedia":[{"embeddable":true,"href":"https:\/\/www.exploring-umbria.com\/de\/wp-json\/wp\/v2\/media\/17417"}],"wp:attachment":[{"href":"https:\/\/www.exploring-umbria.com\/de\/wp-json\/wp\/v2\/media?parent=34937"}],"curies":[{"name":"wp","href":"https:\/\/api.w.org\/{rel}","templated":true}]}}