{"id":3245,"date":"2018-11-22T17:17:23","date_gmt":"2018-11-22T16:17:23","guid":{"rendered":"https:\/\/www.exploring-umbria.com\/perugia-fra-storia-e-tradizione\/gli-eventi-di-perugia\/"},"modified":"2020-01-30T19:59:55","modified_gmt":"2020-01-30T18:59:55","slug":"veranstaltungen-in-perugia","status":"publish","type":"page","link":"https:\/\/www.exploring-umbria.com\/de\/entdecke-perugia\/veranstaltungen-in-perugia\/","title":{"rendered":"Veranstaltungen in Perugia"},"content":{"rendered":"<p>Perugia ist auch und vor allem eine lebhafte und dynamische Stadt, in der stets Veranstaltungen jeder Art stattfinden, insbesondere mit musikalischem oder kulinarischem Inhalt. <a href=\"https:\/\/www.umbriajazz.it\/en\/\" target=\"_blank\" rel=\"noopener noreferrer\">Umbria Jazz<\/a>, mit Sicherheit eines der wichtigsten Musikfestivals in Umbrien und Italien, das Mitte Juli in der ganzen Stadt verteilt stattfindet, ist mittlererweile weltber\u00fchmt. Im Oktober f\u00fcllt sich Perugia dann erneut. Dies ist dem k\u00f6stlichen Festival <strong>EuroChocolate<\/strong> zu verdanken, das das historische Zentrum mit Shows, St\u00e4nden und Vorf\u00fchrungen verschiedenster Art zum Thema Schokolade. Au\u00dferdem werden auf der Piazza IV Novembre zahlreiche kostenlose Konzerte organisiert. Saisonale <strong>M\u00e4rkte <\/strong>an verschiedenen Ecken der Stadt, wie etwa der zauberhafte <strong>Weihnachtsmart in der <a href=\"https:\/\/www.exploring-umbria.com\/de\/subcategories\/cosa-fare-e-cosa-vedere-a-perugia\/#heading3099\" target=\"_blank\" rel=\"noopener noreferrer\">Rocca Paolina<\/a><\/strong> geh\u00f6ren auch dazu. Zudem organisieren die zahlreichen Theater, von denen viele sehr alt sind, ein raffiniertes, jedoch stets reichhaltiges Theaterprogramm.<\/p>\n","protected":false},"excerpt":{"rendered":"<p>Perugia ist auch und vor allem eine lebhafte und dynamische Stadt, in der stets Veranstaltungen jeder Art stattfinden, insbesondere mit musikalischem oder kulinarischem Inhalt. Umbria Jazz, mit Sicherheit eines der wichtigsten Musikfestivals in Umbrien und Italien, das Mitte Juli in der ganzen Stadt verteilt stattfindet, ist mittlererweile weltber\u00fchmt. Im Oktober f\u00fcllt sich Perugia dann erneut. [&hellip;]<\/p>\n","protected":false},"author":1,"featured_media":21467,"parent":3169,"menu_order":0,"comment_status":"closed","ping_status":"closed","template":"","meta":{"om_disable_all_campaigns":false,"_monsterinsights_skip_tracking":false,"_monsterinsights_sitenote_active":false,"_monsterinsights_sitenote_note":"","_monsterinsights_sitenote_category":0},"acf":[],"yoast_head":"<!-- This site is optimized with the Yoast SEO plugin v18.4.1 - https:\/\/yoast.com\/wordpress\/plugins\/seo\/ -->\n<title>Veranstaltungen in Perugia - Exploring Umbria<\/title>\n<meta name=\"description\" content=\"Perugia ist auch und vor allem eine lebhafte und dynamische Stadt, in der stets Veranstaltungen jeder Art stattfinden, insbesondere mit musikalischem oder\" \/>\n<meta name=\"robots\" content=\"index, follow, max-snippet:-1, max-image-preview:large, max-video-preview:-1\" \/>\n<link rel=\"canonical\" href=\"https:\/\/www.exploring-umbria.com\/de\/entdecke-perugia\/veranstaltungen-in-perugia\/\" \/>\n<meta property=\"og:locale\" content=\"de_DE\" \/>\n<meta property=\"og:type\" content=\"article\" \/>\n<meta property=\"og:title\" content=\"Veranstaltungen in Perugia - Exploring Umbria\" \/>\n<meta property=\"og:description\" content=\"Perugia ist auch und vor allem eine lebhafte und dynamische Stadt, in der stets Veranstaltungen jeder Art stattfinden, insbesondere mit musikalischem oder\" \/>\n<meta property=\"og:url\" content=\"https:\/\/www.exploring-umbria.com\/de\/entdecke-perugia\/veranstaltungen-in-perugia\/\" \/>\n<meta property=\"og:site_name\" content=\"Exploring Umbria\" \/>\n<meta property=\"article:publisher\" content=\"https:\/\/www.facebook.com\/exploringumbria\/\" \/>\n<meta property=\"article:modified_time\" content=\"2020-01-30T18:59:55+00:00\" \/>\n<meta property=\"og:image\" content=\"https:\/\/www.exploring-umbria.com\/wp-content\/uploads\/2019\/09\/photo-1543044243-523bd9aa0377.jpg\" \/>\n\t<meta property=\"og:image:width\" content=\"1600\" \/>\n\t<meta property=\"og:image:height\" content=\"1067\" \/>\n\t<meta property=\"og:image:type\" content=\"image\/jpeg\" \/>\n<meta name=\"twitter:card\" content=\"summary_large_image\" \/>\n<meta name=\"twitter:label1\" content=\"Gesch\u00e4tzte Lesezeit\" \/>\n\t<meta name=\"twitter:data1\" content=\"1\u00a0Minute\" \/>\n<script type=\"application\/ld+json\" class=\"yoast-schema-graph\">{\"@context\":\"https:\/\/schema.org\",\"@graph\":[{\"@type\":\"Organization\",\"@id\":\"https:\/\/www.exploring-umbria.com\/de\/#organization\",\"name\":\"Exploring Umbria\",\"url\":\"https:\/\/www.exploring-umbria.com\/de\/\",\"sameAs\":[\"https:\/\/www.facebook.com\/exploringumbria\/\",\"https:\/\/www.instagram.com\/exploringumbria\/\"],\"logo\":{\"@type\":\"ImageObject\",\"@id\":\"https:\/\/www.exploring-umbria.com\/de\/#logo\",\"inLanguage\":\"de\",\"url\":\"https:\/\/www.exploring-umbria.com\/wp-content\/uploads\/2019\/08\/solo-logo-verde.jpg\",\"contentUrl\":\"https:\/\/www.exploring-umbria.com\/wp-content\/uploads\/2019\/08\/solo-logo-verde.jpg\",\"width\":952,\"height\":532,\"caption\":\"Exploring Umbria\"},\"image\":{\"@id\":\"https:\/\/www.exploring-umbria.com\/de\/#logo\"}},{\"@type\":\"WebSite\",\"@id\":\"https:\/\/www.exploring-umbria.com\/de\/#website\",\"url\":\"https:\/\/www.exploring-umbria.com\/de\/\",\"name\":\"Exploring Umbria\",\"description\":\"your dates, your mood, your trip\",\"publisher\":{\"@id\":\"https:\/\/www.exploring-umbria.com\/de\/#organization\"},\"potentialAction\":[{\"@type\":\"SearchAction\",\"target\":{\"@type\":\"EntryPoint\",\"urlTemplate\":\"https:\/\/www.exploring-umbria.com\/de\/?s={search_term_string}\"},\"query-input\":\"required name=search_term_string\"}],\"inLanguage\":\"de\"},{\"@type\":\"ImageObject\",\"@id\":\"https:\/\/www.exploring-umbria.com\/de\/entdecke-perugia\/veranstaltungen-in-perugia\/#primaryimage\",\"inLanguage\":\"de\",\"url\":\"https:\/\/www.exploring-umbria.com\/wp-content\/uploads\/2019\/09\/photo-1543044243-523bd9aa0377.jpg\",\"contentUrl\":\"https:\/\/www.exploring-umbria.com\/wp-content\/uploads\/2019\/09\/photo-1543044243-523bd9aa0377.jpg\",\"width\":1600,\"height\":1067,\"caption\":\"il cioccolato tra gli eventi a perugia\"},{\"@type\":\"WebPage\",\"@id\":\"https:\/\/www.exploring-umbria.com\/de\/entdecke-perugia\/veranstaltungen-in-perugia\/#webpage\",\"url\":\"https:\/\/www.exploring-umbria.com\/de\/entdecke-perugia\/veranstaltungen-in-perugia\/\",\"name\":\"Veranstaltungen in Perugia - Exploring Umbria\",\"isPartOf\":{\"@id\":\"https:\/\/www.exploring-umbria.com\/de\/#website\"},\"primaryImageOfPage\":{\"@id\":\"https:\/\/www.exploring-umbria.com\/de\/entdecke-perugia\/veranstaltungen-in-perugia\/#primaryimage\"},\"datePublished\":\"2018-11-22T16:17:23+00:00\",\"dateModified\":\"2020-01-30T18:59:55+00:00\",\"description\":\"Perugia ist auch und vor allem eine lebhafte und dynamische Stadt, in der stets Veranstaltungen jeder Art stattfinden, insbesondere mit musikalischem oder\",\"breadcrumb\":{\"@id\":\"https:\/\/www.exploring-umbria.com\/de\/entdecke-perugia\/veranstaltungen-in-perugia\/#breadcrumb\"},\"inLanguage\":\"de\",\"potentialAction\":[{\"@type\":\"ReadAction\",\"target\":[\"https:\/\/www.exploring-umbria.com\/de\/entdecke-perugia\/veranstaltungen-in-perugia\/\"]}]},{\"@type\":\"BreadcrumbList\",\"@id\":\"https:\/\/www.exploring-umbria.com\/de\/entdecke-perugia\/veranstaltungen-in-perugia\/#breadcrumb\",\"itemListElement\":[{\"@type\":\"ListItem\",\"position\":1,\"name\":\"Home\",\"item\":\"https:\/\/www.exploring-umbria.com\/de\/\"},{\"@type\":\"ListItem\",\"position\":2,\"name\":\"Entdecke Perugia\",\"item\":\"https:\/\/www.exploring-umbria.com\/de\/entdecke-perugia\/\"},{\"@type\":\"ListItem\",\"position\":3,\"name\":\"Veranstaltungen in Perugia\"}]}]}<\/script>\n<!-- \/ Yoast SEO plugin. -->","yoast_head_json":{"title":"Veranstaltungen in Perugia - Exploring Umbria","description":"Perugia ist auch und vor allem eine lebhafte und dynamische Stadt, in der stets Veranstaltungen jeder Art stattfinden, insbesondere mit musikalischem oder","robots":{"index":"index","follow":"follow","max-snippet":"max-snippet:-1","max-image-preview":"max-image-preview:large","max-video-preview":"max-video-preview:-1"},"canonical":"https:\/\/www.exploring-umbria.com\/de\/entdecke-perugia\/veranstaltungen-in-perugia\/","og_locale":"de_DE","og_type":"article","og_title":"Veranstaltungen in Perugia - Exploring Umbria","og_description":"Perugia ist auch und vor allem eine lebhafte und dynamische Stadt, in der stets Veranstaltungen jeder Art stattfinden, insbesondere mit musikalischem oder","og_url":"https:\/\/www.exploring-umbria.com\/de\/entdecke-perugia\/veranstaltungen-in-perugia\/","og_site_name":"Exploring Umbria","article_publisher":"https:\/\/www.facebook.com\/exploringumbria\/","article_modified_time":"2020-01-30T18:59:55+00:00","og_image":[{"width":1600,"height":1067,"url":"https:\/\/www.exploring-umbria.com\/wp-content\/uploads\/2019\/09\/photo-1543044243-523bd9aa0377.jpg","type":"image\/jpeg"}],"twitter_card":"summary_large_image","twitter_misc":{"Gesch\u00e4tzte Lesezeit":"1\u00a0Minute"},"schema":{"@context":"https:\/\/schema.org","@graph":[{"@type":"Organization","@id":"https:\/\/www.exploring-umbria.com\/de\/#organization","name":"Exploring Umbria","url":"https:\/\/www.exploring-umbria.com\/de\/","sameAs":["https:\/\/www.facebook.com\/exploringumbria\/","https:\/\/www.instagram.com\/exploringumbria\/"],"logo":{"@type":"ImageObject","@id":"https:\/\/www.exploring-umbria.com\/de\/#logo","inLanguage":"de","url":"https:\/\/www.exploring-umbria.com\/wp-content\/uploads\/2019\/08\/solo-logo-verde.jpg","contentUrl":"https:\/\/www.exploring-umbria.com\/wp-content\/uploads\/2019\/08\/solo-logo-verde.jpg","width":952,"height":532,"caption":"Exploring Umbria"},"image":{"@id":"https:\/\/www.exploring-umbria.com\/de\/#logo"}},{"@type":"WebSite","@id":"https:\/\/www.exploring-umbria.com\/de\/#website","url":"https:\/\/www.exploring-umbria.com\/de\/","name":"Exploring Umbria","description":"your dates, your mood, your trip","publisher":{"@id":"https:\/\/www.exploring-umbria.com\/de\/#organization"},"potentialAction":[{"@type":"SearchAction","target":{"@type":"EntryPoint","urlTemplate":"https:\/\/www.exploring-umbria.com\/de\/?s={search_term_string}"},"query-input":"required name=search_term_string"}],"inLanguage":"de"},{"@type":"ImageObject","@id":"https:\/\/www.exploring-umbria.com\/de\/entdecke-perugia\/veranstaltungen-in-perugia\/#primaryimage","inLanguage":"de","url":"https:\/\/www.exploring-umbria.com\/wp-content\/uploads\/2019\/09\/photo-1543044243-523bd9aa0377.jpg","contentUrl":"https:\/\/www.exploring-umbria.com\/wp-content\/uploads\/2019\/09\/photo-1543044243-523bd9aa0377.jpg","width":1600,"height":1067,"caption":"il cioccolato tra gli eventi a perugia"},{"@type":"WebPage","@id":"https:\/\/www.exploring-umbria.com\/de\/entdecke-perugia\/veranstaltungen-in-perugia\/#webpage","url":"https:\/\/www.exploring-umbria.com\/de\/entdecke-perugia\/veranstaltungen-in-perugia\/","name":"Veranstaltungen in Perugia - Exploring Umbria","isPartOf":{"@id":"https:\/\/www.exploring-umbria.com\/de\/#website"},"primaryImageOfPage":{"@id":"https:\/\/www.exploring-umbria.com\/de\/entdecke-perugia\/veranstaltungen-in-perugia\/#primaryimage"},"datePublished":"2018-11-22T16:17:23+00:00","dateModified":"2020-01-30T18:59:55+00:00","description":"Perugia ist auch und vor allem eine lebhafte und dynamische Stadt, in der stets Veranstaltungen jeder Art stattfinden, insbesondere mit musikalischem oder","breadcrumb":{"@id":"https:\/\/www.exploring-umbria.com\/de\/entdecke-perugia\/veranstaltungen-in-perugia\/#breadcrumb"},"inLanguage":"de","potentialAction":[{"@type":"ReadAction","target":["https:\/\/www.exploring-umbria.com\/de\/entdecke-perugia\/veranstaltungen-in-perugia\/"]}]},{"@type":"BreadcrumbList","@id":"https:\/\/www.exploring-umbria.com\/de\/entdecke-perugia\/veranstaltungen-in-perugia\/#breadcrumb","itemListElement":[{"@type":"ListItem","position":1,"name":"Home","item":"https:\/\/www.exploring-umbria.com\/de\/"},{"@type":"ListItem","position":2,"name":"Entdecke Perugia","item":"https:\/\/www.exploring-umbria.com\/de\/entdecke-perugia\/"},{"@type":"ListItem","position":3,"name":"Veranstaltungen in Perugia"}]}]}},"_links":{"self":[{"href":"https:\/\/www.exploring-umbria.com\/de\/wp-json\/wp\/v2\/pages\/3245"}],"collection":[{"href":"https:\/\/www.exploring-umbria.com\/de\/wp-json\/wp\/v2\/pages"}],"about":[{"href":"https:\/\/www.exploring-umbria.com\/de\/wp-json\/wp\/v2\/types\/page"}],"author":[{"embeddable":true,"href":"https:\/\/www.exploring-umbria.com\/de\/wp-json\/wp\/v2\/users\/1"}],"replies":[{"embeddable":true,"href":"https:\/\/www.exploring-umbria.com\/de\/wp-json\/wp\/v2\/comments?post=3245"}],"version-history":[{"count":4,"href":"https:\/\/www.exploring-umbria.com\/de\/wp-json\/wp\/v2\/pages\/3245\/revisions"}],"predecessor-version":[{"id":30352,"href":"https:\/\/www.exploring-umbria.com\/de\/wp-json\/wp\/v2\/pages\/3245\/revisions\/30352"}],"up":[{"embeddable":true,"href":"https:\/\/www.exploring-umbria.com\/de\/wp-json\/wp\/v2\/pages\/3169"}],"wp:featuredmedia":[{"embeddable":true,"href":"https:\/\/www.exploring-umbria.com\/de\/wp-json\/wp\/v2\/media\/21467"}],"wp:attachment":[{"href":"https:\/\/www.exploring-umbria.com\/de\/wp-json\/wp\/v2\/media?parent=3245"}],"curies":[{"name":"wp","href":"https:\/\/api.w.org\/{rel}","templated":true}]}}