{"id":3241,"date":"2018-11-22T17:28:35","date_gmt":"2018-11-22T16:28:35","guid":{"rendered":"https:\/\/www.exploring-umbria.com\/basilica-di-santa-chiara\/"},"modified":"2019-12-23T16:04:49","modified_gmt":"2019-12-23T15:04:49","slug":"basilica-di-santa-chiara-basilika-zur-hl-klara","status":"publish","type":"page","link":"https:\/\/www.exploring-umbria.com\/de\/entdecke-assisi\/sehenswuerdigkeiten-in-assisi\/basilica-di-santa-chiara-basilika-zur-hl-klara\/","title":{"rendered":"Basilica di Santa Chiara (Basilika zur hl. Klara)"},"content":{"rendered":"<p>Klara lag m\u00fcde und schwach, jedoch gl\u00fccklich da. Sie wusste, dass der Zeitpunkt gekommen war, um das irdische Leben hinter sich zu lassen, und war ger\u00fchrt. Ihr Herz schlug freudig, denn schon bald w\u00fcrde sie in die Ewigkeit gleiten. Doch dann kam auf einmal Traurigkeit auf und sie dachte an all jene, die ihre letzten Momente in Angst lebten, weil sie ein bewegtes und s\u00fcndhaftes Leben gef\u00fchrt haben und nicht einmal am Sterbebett ihre Ruhe finden konnten. Es machte sie traurig, dass sie nicht mit all diese Menschen sein konnte, um sie zu erl\u00f6sen und ihnen dabei zu helfen, den Glauben wieder zu finden.<\/p>\n<p>Die Schwestern, die sie ein Leben lang begleitet hatten, standen wie in Trance in der kleinen Zelle des <a href=\"https:\/\/www.exploring-umbria.com\/de\/subcategories\/cosa-fare-e-cosa-vedere-ad-assisi\/#heading2840\" target=\"_blank\" rel=\"noopener\"><strong>Konventes San Damiano<\/strong> <\/a>(zum Hl. Damian) um sie herum ohne ein Wort zu verlieren. Um diese Situation zu beschreiben gibt es keine geeigneten Worte. An diesem warmen Sommertag herrschte im Konvent San Damiano eine irreale Ruhe. Die V\u00f6gel, die Hunde, die Tiere auf den H\u00f6fen, ja sogar der Wind schien verstummt zu sein und sich auf das Warten und die Andacht zu konzentrieren. Klara durchlebte auf ihrem \u00e4rmlichen Bett alle K\u00e4mpfe, die sie angef\u00fchrt hatte, erneut \u2013 zuerst zusammen mit Franziskus zur Best\u00e4tigung des <em>Franziskanerordens<\/em>, und danach, als ihr geliebter Meister das irdische Leben hinter sich gelassen hatte, alleine zur Anerkennung des Frauenordens. Sie konnte einfach nicht vollst\u00e4ndig zufrieden sein. W\u00e4hrend jahrelanger Anstrengungen war es ihr nicht gelungen die Franziskus-Regel f\u00fcr Frauenkl\u00f6ster durchzusetzen. Der Papst, an den sie sich mehrmals wendete und den sie mehrmals anflehte, wollte ihr niemals Geh\u00f6r schenken. Ein Kummer, der ihr friedliches Hinscheiden st\u00f6rte und daf\u00fcr sorgte, dass sie sich unvollkommen f\u00fchlte.<\/p>\n<p>Pl\u00f6tzlich wurde die irreale Ruhe in der Zelle durch einen dumpfen L\u00e4rm in der Ferne unterbrochen. Sobald das Ger\u00e4usch lauter wurde war Pferdegalopp sowie das trockene und h\u00f6lzerne Gepolter einer Kutsche zu erkennen, auf den zerr\u00fctteten Wegen zum Konvent San Damiano. Als sich das Gepolter in der N\u00e4he des Konventes befand, war ein lautes Schreien zu vernehmen, das einige Minuten lang andauerte und anschlie\u00dfend schlagartig endete. Die T\u00fcr der Zelle von Klara \u00f6ffnete sich und an ihrem Bett stand <strong>Papst Innozenz IV.<\/strong> pers\u00f6nlich. In der Hand hielt er ein St\u00fcck Pergamentpapier, von dem zwei Bleisiegel herunterhingen. Das war das Schriftst\u00fcck <strong>Solet Annuere Sedet<\/strong>, mit dem der Papst ihre <strong>Regel<\/strong> f\u00fcr das Kloster vollst\u00e4ndig anerkannte und ratifizierte. Der Papst stattete dem Ort einen seelsorgerischen Besuch ab und wollte der Ordensschwester das Schriftst\u00fcck pers\u00f6nlich \u00fcbergeben. Als er ihr dieses \u00fcberreichte erkannte er ihren Gesundheitszustand und freute sich dar\u00fcber, dass er noch rechtzeitig angekommen war und nahm Abschied, indem er allen seinen Segen erteilte. Dies geschah im August 1253. Unmittelbar danach verstarb Klara. Ihr K\u00f6rper wurde zu einer Prozession getragen und unterhalb der Kirche Chiesa S. Giorgio (zum Hl. Georg) in der N\u00e4he der Stadtmauern sowie der Stadtbewohner begraben.<\/p>\n<p>Im Jahr 1893 fand die \u00c4btissin Matilde Rossi beim Betten des einige Jahrzehnten zuvor ausgegrabenen Leichnams der Heiligen zwischen den Kleidern das Schriftst\u00fcck, das anschlie\u00dfend in der Krypta der Basilika Santa Chiara als Reliquie verwahrt wurde.<\/p>\n<p>Der Bau der Basilika begann im Jahr 1257, zwei Jahre nach der Heiligsprechung von Klara. Die Pl\u00e4ne wurden so erstellt, dass die kleine Kirche San Giorgio Platz in der gro\u00dfen Basilika findet, denn in ihr wurden zuerst auch die sterblichen \u00dcberreste von Franziskus von Assisi aufbewahrt und in dieser Kirche wurde er auch heilig gesprochen. Im Jahr 1263 wurde der zweite Orden des Hl. Franziskus, der Orden der <a href=\"https:\/\/de.wikipedia.org\/wiki\/Klarissen\" target=\"_blank\" rel=\"noopener\"><strong>Klarissen<\/strong><\/a>, allgemein anerkannt und im Jahr 1265 \u00fcbersiedelten nach der feierlichen Einweihungszeremonie der Basilika, an der auch <em>Papst Clemens IV<\/em>. teilnahm, die Mitschwestern von Klara dorthin. Sie hatten zuvor vierzig Jahre im Konvent San Damiano zugebracht.<\/p>\n<p>Der architektonische Baustil ist jenem der <a href=\"https:\/\/www.exploring-umbria.com\/de\/subcategories\/cosa-fare-e-cosa-vedere-ad-assisi\/#heading3236\" target=\"_blank\" rel=\"noopener\"><strong>Basilika San Francesco<\/strong><\/a> sehr \u00e4hnlich, die im selben Zeitraum entstand. Die am deutlichsten sichtbaren Unterschiede zur \u201eSchwesterbasilika\u201d, die sich am gegen\u00fcberliegenden Ende der Altstadt erhebt, liegen in der Dekoration der Au\u00dfenfassade aus typischen wei\u00dfem und rosafarbenem Stein vom Berg Monte Subasio sowie im Vorhandensein von Strebeb\u00f6gen an der Seite. Sie wurden nachtr\u00e4glich hinzugef\u00fcgt, um dem Geb\u00e4ude Stabilit\u00e4t zu verleihen und verleihen der Kirche ihr unvergleichliches Erscheinungsbild. Der Glockenturm, der direkt hinter dem Hauptgeb\u00e4ude der Kirche hervorragt, ist das h\u00f6chste Geb\u00e4ude in Assisi.<\/p>\n<p>Beim Betreten der Kirche erblickt man an den Seiten des Schiffs die Kapelle <strong>Cappella di S. Agnese<\/strong> (zur Hl. Agnes), Bluts- und Geistesschwester von Klara, sowie die Kapelle <strong>Capella di S. Giorgio<\/strong> (zum Hl. Georg), also das, was vom kleinen Kirchlein, in dem die Leichname der beiden wichtigsten Pers\u00f6nlichkeiten Assisis untergebracht waren, \u00fcbrig geblieben ist. \u00dcber dem Altar h\u00e4ngt das <strong>Kreuz des Hl. Damian<\/strong>, dessen Geschichte die Geschichten der Heiligen unaufl\u00f6slich miteinander verbindet. Dieses Kreuz wurde vom Konvent San Damiano in die Basilica Santa Chiara gebracht, als die Ordensschwestern dorthin \u00fcbersiedelten, da es einen besonderen Wert hatte. Dieses Kreuz sprach als erstes Kreuz zum jungen Franziskus, als er den Herrn um Hilfe bat, da er nicht wusste, was er aus seinem Leben machen sollte. \u201e<em>Vade Fransisce, repara domum meam<\/em>!\u201c (\u201eFranziskus, geh hin und stelle mein Haus wieder her!\u201c) lautete die Antwort, die der junge Mann nicht vollst\u00e4ndig verstanden hatte. Erst sp\u00e4ter verstand er, dass das \u201eHaus\u201d des Herrn, das er wiederherstellen sollte, nicht dieses kleine Geb\u00e4ude war, sondern das Haus der gesamten Christenheit.<\/p>\n<p>Das Kreuz geht auf das 12. Jahrhundert zur\u00fcck, vor dem Beginn des Realismus von <em>Giotto und Cimabu<\/em>e. Das, was der Maler mit dem Blick und der Position des Christus zum Ausdruck bringen m\u00f6chte, ist weniger der Schmerz und das Leiden des menschgewordenen Gottes, als der Ruhm und die Gr\u00f6\u00dfe der Geste, die er f\u00fcr seine Kinder zeigte. Man erz\u00e4hlt sich, dass das Kreuz auf eine Tafel aufgemalt wurde, die vor der Offenbarung vollkommen flach war. Als sich das Kreuz zu Franziskus wandte, l\u00f6ste sich der Kopf des Christus von der Tafel und streckte sich in dreidimensionaler Form \u2013 so wie wir das Kreuz heute wahrnehmen \u2013 zu Franziskus aus. In Wirklichkeit wissen wir jedoch, dass das Aufmalen von Gesichtern auf ein hervorragendes Relief eine im Mittelalter sehr weit verbreitete Kunstform war.<\/p>\n<p>Im Inneren des linken Querschiffs befindet sich ein weiteres Kunstwerk, das zu den wichtigsten Kunstwerken in der Kirche geh\u00f6rt: die <strong>Pala di Santa Chiara<\/strong> (Bild\u00a0 der Hl. Klara). Diese Tafel entstand einige Jahre nach dem Tod der Heiligen. Auf ihr ist Klara im byzantinischen Stil mit acht Szenen aus ihrem geistlichen Leben inklusive jener Szenen, von denen wir am Beginn dieses Textes erz\u00e4hlen, dargestellt. K\u00f6nnen Sie diese Szene wiedererkennen? Zusammen mit der \u201eSchwestertafel\u201c der <strong>Madonna della Cortina<\/strong>, die sich im rechten Arm des Querschiffs befindet, sind die beiden Kunstwerke daf\u00fcr bekannt, dass sie von einer einzigartigen, mysteri\u00f6sen Hand eines Kunstwerkes gemalt wurden, der keine Spuren hinterlie\u00df: <strong>Maestro di S. Chiara<\/strong>.<\/p>\n<p>Im Jahr 1850 wurde infolge des Enthusiasmus, der aus dem Fund des Grabsteins vom Heiligen Franziskus von Assisi entstand, die Exhumierung des K\u00f6rpers seiner heiligen Sch\u00fclerin angeordnet. Es wurde ein Stollen \u201ein einer Tiefe von 16 Spannen unter dem Erdboden\u201c ausgegraben, und dort fand man den Grabstein, bestehend aus einem Sarkophag aus rohem Travertin, umrahmt von einem Streifen aus Eisen. Heute kann in den Stollen hinabgestiegen und die Krypta bestaunt werden, die rund um die Grabst\u00e4tte errichtet wurde. Neben dem Grabstein, der aus einer Urne aus Kristall und einem Stein vom Berg Subasio besteht, auf dem das Reliquiar ausgebreitet ist, sowie einem Kleid der originalen Kutte, das die Reste der Heiligen enth\u00e4lt, kann auch ein weiterer Bereich besichtigt werden, in dem sich viele weitere Reliquien befinden, darunter auch das ersehnte Schriftst\u00fcck, das die Hl. Klara am Sterbebett bei sich trug. Das Dokument in Papierform wurde zugunsten seiner Aufrechterhaltung k\u00fcrzlich durch eine Fotokopie ersetzt. Der originale Rahmen und die originalen Siegel sind jedoch unver\u00e4ndert.<\/p>\n<p>Wer in dieses Ambiente hinabsteigt, wird von einer mythischen und spirituellen Atmosph\u00e4re erfasst und macht eine einmalige Erfahrung, um in einem Augenblick in die Kraft einzutauchen, mit der eine einzelne Geschichte, ein einzelnes Leben,\u00a0 nach acht Jahrhunderten Einfluss auf die Geschichte aller nehmen kann.<\/p>\n","protected":false},"excerpt":{"rendered":"<p>Klara lag m\u00fcde und schwach, jedoch gl\u00fccklich da. Sie wusste, dass der Zeitpunkt gekommen war, um das irdische Leben hinter sich zu lassen, und war ger\u00fchrt. Ihr Herz schlug freudig, denn schon bald w\u00fcrde sie in die Ewigkeit gleiten. Doch dann kam auf einmal Traurigkeit auf und sie dachte an all jene, die ihre letzten [&hellip;]<\/p>\n","protected":false},"author":1,"featured_media":4833,"parent":3249,"menu_order":0,"comment_status":"closed","ping_status":"closed","template":"","meta":{"om_disable_all_campaigns":false,"_monsterinsights_skip_tracking":false,"_monsterinsights_sitenote_active":false,"_monsterinsights_sitenote_note":"","_monsterinsights_sitenote_category":0},"acf":[],"yoast_head":"<!-- This site is optimized with the Yoast SEO plugin v18.4.1 - https:\/\/yoast.com\/wordpress\/plugins\/seo\/ -->\n<title>Basilica di Santa Chiara (Basilika zur hl. Klara) - Exploring Umbria<\/title>\n<meta name=\"description\" content=\"Klara lag m\u00fcde und schwach, jedoch gl\u00fccklich da. Sie wusste, dass der Zeitpunkt gekommen war, um das irdische Leben hinter sich zu lassen, und war\" \/>\n<meta name=\"robots\" content=\"index, follow, max-snippet:-1, max-image-preview:large, max-video-preview:-1\" \/>\n<link rel=\"canonical\" href=\"https:\/\/www.exploring-umbria.com\/de\/entdecke-assisi\/sehenswuerdigkeiten-in-assisi\/basilica-di-santa-chiara-basilika-zur-hl-klara\/\" \/>\n<meta property=\"og:locale\" content=\"de_DE\" \/>\n<meta property=\"og:type\" content=\"article\" \/>\n<meta property=\"og:title\" content=\"Basilica di Santa Chiara (Basilika zur hl. Klara) - Exploring Umbria\" \/>\n<meta property=\"og:description\" content=\"Klara lag m\u00fcde und schwach, jedoch gl\u00fccklich da. Sie wusste, dass der Zeitpunkt gekommen war, um das irdische Leben hinter sich zu lassen, und war\" \/>\n<meta property=\"og:url\" content=\"https:\/\/www.exploring-umbria.com\/de\/entdecke-assisi\/sehenswuerdigkeiten-in-assisi\/basilica-di-santa-chiara-basilika-zur-hl-klara\/\" \/>\n<meta property=\"og:site_name\" content=\"Exploring Umbria\" \/>\n<meta property=\"article:publisher\" content=\"https:\/\/www.facebook.com\/exploringumbria\/\" \/>\n<meta property=\"article:modified_time\" content=\"2019-12-23T15:04:49+00:00\" \/>\n<meta property=\"og:image\" content=\"https:\/\/www.exploring-umbria.com\/wp-content\/uploads\/2019\/04\/Assisi-Chiesa-Santa-Chiara.jpeg\" \/>\n\t<meta property=\"og:image:width\" content=\"1800\" \/>\n\t<meta property=\"og:image:height\" content=\"1200\" \/>\n\t<meta property=\"og:image:type\" content=\"image\/jpeg\" \/>\n<meta name=\"twitter:card\" content=\"summary_large_image\" \/>\n<meta name=\"twitter:label1\" content=\"Gesch\u00e4tzte Lesezeit\" \/>\n\t<meta name=\"twitter:data1\" content=\"7\u00a0Minuten\" \/>\n<script type=\"application\/ld+json\" class=\"yoast-schema-graph\">{\"@context\":\"https:\/\/schema.org\",\"@graph\":[{\"@type\":\"Organization\",\"@id\":\"https:\/\/www.exploring-umbria.com\/de\/#organization\",\"name\":\"Exploring Umbria\",\"url\":\"https:\/\/www.exploring-umbria.com\/de\/\",\"sameAs\":[\"https:\/\/www.facebook.com\/exploringumbria\/\",\"https:\/\/www.instagram.com\/exploringumbria\/\"],\"logo\":{\"@type\":\"ImageObject\",\"@id\":\"https:\/\/www.exploring-umbria.com\/de\/#logo\",\"inLanguage\":\"de\",\"url\":\"https:\/\/www.exploring-umbria.com\/wp-content\/uploads\/2019\/08\/solo-logo-verde.jpg\",\"contentUrl\":\"https:\/\/www.exploring-umbria.com\/wp-content\/uploads\/2019\/08\/solo-logo-verde.jpg\",\"width\":952,\"height\":532,\"caption\":\"Exploring Umbria\"},\"image\":{\"@id\":\"https:\/\/www.exploring-umbria.com\/de\/#logo\"}},{\"@type\":\"WebSite\",\"@id\":\"https:\/\/www.exploring-umbria.com\/de\/#website\",\"url\":\"https:\/\/www.exploring-umbria.com\/de\/\",\"name\":\"Exploring Umbria\",\"description\":\"your dates, your mood, your trip\",\"publisher\":{\"@id\":\"https:\/\/www.exploring-umbria.com\/de\/#organization\"},\"potentialAction\":[{\"@type\":\"SearchAction\",\"target\":{\"@type\":\"EntryPoint\",\"urlTemplate\":\"https:\/\/www.exploring-umbria.com\/de\/?s={search_term_string}\"},\"query-input\":\"required name=search_term_string\"}],\"inLanguage\":\"de\"},{\"@type\":\"ImageObject\",\"@id\":\"https:\/\/www.exploring-umbria.com\/de\/entdecke-assisi\/sehenswuerdigkeiten-in-assisi\/basilica-di-santa-chiara-basilika-zur-hl-klara\/#primaryimage\",\"inLanguage\":\"de\",\"url\":\"https:\/\/www.exploring-umbria.com\/wp-content\/uploads\/2019\/04\/Assisi-Chiesa-Santa-Chiara.jpeg\",\"contentUrl\":\"https:\/\/www.exploring-umbria.com\/wp-content\/uploads\/2019\/04\/Assisi-Chiesa-Santa-Chiara.jpeg\",\"width\":1800,\"height\":1200,\"caption\":\"La Basilica di santa Chiara; Basilika zur hl. Klara\"},{\"@type\":\"WebPage\",\"@id\":\"https:\/\/www.exploring-umbria.com\/de\/entdecke-assisi\/sehenswuerdigkeiten-in-assisi\/basilica-di-santa-chiara-basilika-zur-hl-klara\/#webpage\",\"url\":\"https:\/\/www.exploring-umbria.com\/de\/entdecke-assisi\/sehenswuerdigkeiten-in-assisi\/basilica-di-santa-chiara-basilika-zur-hl-klara\/\",\"name\":\"Basilica di Santa Chiara (Basilika zur hl. Klara) - Exploring Umbria\",\"isPartOf\":{\"@id\":\"https:\/\/www.exploring-umbria.com\/de\/#website\"},\"primaryImageOfPage\":{\"@id\":\"https:\/\/www.exploring-umbria.com\/de\/entdecke-assisi\/sehenswuerdigkeiten-in-assisi\/basilica-di-santa-chiara-basilika-zur-hl-klara\/#primaryimage\"},\"datePublished\":\"2018-11-22T16:28:35+00:00\",\"dateModified\":\"2019-12-23T15:04:49+00:00\",\"description\":\"Klara lag m\u00fcde und schwach, jedoch gl\u00fccklich da. Sie wusste, dass der Zeitpunkt gekommen war, um das irdische Leben hinter sich zu lassen, und war\",\"breadcrumb\":{\"@id\":\"https:\/\/www.exploring-umbria.com\/de\/entdecke-assisi\/sehenswuerdigkeiten-in-assisi\/basilica-di-santa-chiara-basilika-zur-hl-klara\/#breadcrumb\"},\"inLanguage\":\"de\",\"potentialAction\":[{\"@type\":\"ReadAction\",\"target\":[\"https:\/\/www.exploring-umbria.com\/de\/entdecke-assisi\/sehenswuerdigkeiten-in-assisi\/basilica-di-santa-chiara-basilika-zur-hl-klara\/\"]}]},{\"@type\":\"BreadcrumbList\",\"@id\":\"https:\/\/www.exploring-umbria.com\/de\/entdecke-assisi\/sehenswuerdigkeiten-in-assisi\/basilica-di-santa-chiara-basilika-zur-hl-klara\/#breadcrumb\",\"itemListElement\":[{\"@type\":\"ListItem\",\"position\":1,\"name\":\"Home\",\"item\":\"https:\/\/www.exploring-umbria.com\/de\/\"},{\"@type\":\"ListItem\",\"position\":2,\"name\":\"Entdecke Assisi\",\"item\":\"https:\/\/www.exploring-umbria.com\/de\/entdecke-assisi\/\"},{\"@type\":\"ListItem\",\"position\":3,\"name\":\"Sehensw\u00fcrdigkeiten in Assisi\",\"item\":\"https:\/\/www.exploring-umbria.com\/de\/entdecke-assisi\/sehenswuerdigkeiten-in-assisi\/\"},{\"@type\":\"ListItem\",\"position\":4,\"name\":\"Basilica di Santa Chiara (Basilika zur hl. Klara)\"}]}]}<\/script>\n<!-- \/ Yoast SEO plugin. -->","yoast_head_json":{"title":"Basilica di Santa Chiara (Basilika zur hl. Klara) - Exploring Umbria","description":"Klara lag m\u00fcde und schwach, jedoch gl\u00fccklich da. Sie wusste, dass der Zeitpunkt gekommen war, um das irdische Leben hinter sich zu lassen, und war","robots":{"index":"index","follow":"follow","max-snippet":"max-snippet:-1","max-image-preview":"max-image-preview:large","max-video-preview":"max-video-preview:-1"},"canonical":"https:\/\/www.exploring-umbria.com\/de\/entdecke-assisi\/sehenswuerdigkeiten-in-assisi\/basilica-di-santa-chiara-basilika-zur-hl-klara\/","og_locale":"de_DE","og_type":"article","og_title":"Basilica di Santa Chiara (Basilika zur hl. Klara) - Exploring Umbria","og_description":"Klara lag m\u00fcde und schwach, jedoch gl\u00fccklich da. Sie wusste, dass der Zeitpunkt gekommen war, um das irdische Leben hinter sich zu lassen, und war","og_url":"https:\/\/www.exploring-umbria.com\/de\/entdecke-assisi\/sehenswuerdigkeiten-in-assisi\/basilica-di-santa-chiara-basilika-zur-hl-klara\/","og_site_name":"Exploring Umbria","article_publisher":"https:\/\/www.facebook.com\/exploringumbria\/","article_modified_time":"2019-12-23T15:04:49+00:00","og_image":[{"width":1800,"height":1200,"url":"https:\/\/www.exploring-umbria.com\/wp-content\/uploads\/2019\/04\/Assisi-Chiesa-Santa-Chiara.jpeg","type":"image\/jpeg"}],"twitter_card":"summary_large_image","twitter_misc":{"Gesch\u00e4tzte Lesezeit":"7\u00a0Minuten"},"schema":{"@context":"https:\/\/schema.org","@graph":[{"@type":"Organization","@id":"https:\/\/www.exploring-umbria.com\/de\/#organization","name":"Exploring Umbria","url":"https:\/\/www.exploring-umbria.com\/de\/","sameAs":["https:\/\/www.facebook.com\/exploringumbria\/","https:\/\/www.instagram.com\/exploringumbria\/"],"logo":{"@type":"ImageObject","@id":"https:\/\/www.exploring-umbria.com\/de\/#logo","inLanguage":"de","url":"https:\/\/www.exploring-umbria.com\/wp-content\/uploads\/2019\/08\/solo-logo-verde.jpg","contentUrl":"https:\/\/www.exploring-umbria.com\/wp-content\/uploads\/2019\/08\/solo-logo-verde.jpg","width":952,"height":532,"caption":"Exploring Umbria"},"image":{"@id":"https:\/\/www.exploring-umbria.com\/de\/#logo"}},{"@type":"WebSite","@id":"https:\/\/www.exploring-umbria.com\/de\/#website","url":"https:\/\/www.exploring-umbria.com\/de\/","name":"Exploring Umbria","description":"your dates, your mood, your trip","publisher":{"@id":"https:\/\/www.exploring-umbria.com\/de\/#organization"},"potentialAction":[{"@type":"SearchAction","target":{"@type":"EntryPoint","urlTemplate":"https:\/\/www.exploring-umbria.com\/de\/?s={search_term_string}"},"query-input":"required name=search_term_string"}],"inLanguage":"de"},{"@type":"ImageObject","@id":"https:\/\/www.exploring-umbria.com\/de\/entdecke-assisi\/sehenswuerdigkeiten-in-assisi\/basilica-di-santa-chiara-basilika-zur-hl-klara\/#primaryimage","inLanguage":"de","url":"https:\/\/www.exploring-umbria.com\/wp-content\/uploads\/2019\/04\/Assisi-Chiesa-Santa-Chiara.jpeg","contentUrl":"https:\/\/www.exploring-umbria.com\/wp-content\/uploads\/2019\/04\/Assisi-Chiesa-Santa-Chiara.jpeg","width":1800,"height":1200,"caption":"La Basilica di santa Chiara; Basilika zur hl. Klara"},{"@type":"WebPage","@id":"https:\/\/www.exploring-umbria.com\/de\/entdecke-assisi\/sehenswuerdigkeiten-in-assisi\/basilica-di-santa-chiara-basilika-zur-hl-klara\/#webpage","url":"https:\/\/www.exploring-umbria.com\/de\/entdecke-assisi\/sehenswuerdigkeiten-in-assisi\/basilica-di-santa-chiara-basilika-zur-hl-klara\/","name":"Basilica di Santa Chiara (Basilika zur hl. Klara) - Exploring Umbria","isPartOf":{"@id":"https:\/\/www.exploring-umbria.com\/de\/#website"},"primaryImageOfPage":{"@id":"https:\/\/www.exploring-umbria.com\/de\/entdecke-assisi\/sehenswuerdigkeiten-in-assisi\/basilica-di-santa-chiara-basilika-zur-hl-klara\/#primaryimage"},"datePublished":"2018-11-22T16:28:35+00:00","dateModified":"2019-12-23T15:04:49+00:00","description":"Klara lag m\u00fcde und schwach, jedoch gl\u00fccklich da. Sie wusste, dass der Zeitpunkt gekommen war, um das irdische Leben hinter sich zu lassen, und war","breadcrumb":{"@id":"https:\/\/www.exploring-umbria.com\/de\/entdecke-assisi\/sehenswuerdigkeiten-in-assisi\/basilica-di-santa-chiara-basilika-zur-hl-klara\/#breadcrumb"},"inLanguage":"de","potentialAction":[{"@type":"ReadAction","target":["https:\/\/www.exploring-umbria.com\/de\/entdecke-assisi\/sehenswuerdigkeiten-in-assisi\/basilica-di-santa-chiara-basilika-zur-hl-klara\/"]}]},{"@type":"BreadcrumbList","@id":"https:\/\/www.exploring-umbria.com\/de\/entdecke-assisi\/sehenswuerdigkeiten-in-assisi\/basilica-di-santa-chiara-basilika-zur-hl-klara\/#breadcrumb","itemListElement":[{"@type":"ListItem","position":1,"name":"Home","item":"https:\/\/www.exploring-umbria.com\/de\/"},{"@type":"ListItem","position":2,"name":"Entdecke Assisi","item":"https:\/\/www.exploring-umbria.com\/de\/entdecke-assisi\/"},{"@type":"ListItem","position":3,"name":"Sehensw\u00fcrdigkeiten in Assisi","item":"https:\/\/www.exploring-umbria.com\/de\/entdecke-assisi\/sehenswuerdigkeiten-in-assisi\/"},{"@type":"ListItem","position":4,"name":"Basilica di Santa Chiara (Basilika zur hl. Klara)"}]}]}},"_links":{"self":[{"href":"https:\/\/www.exploring-umbria.com\/de\/wp-json\/wp\/v2\/pages\/3241"}],"collection":[{"href":"https:\/\/www.exploring-umbria.com\/de\/wp-json\/wp\/v2\/pages"}],"about":[{"href":"https:\/\/www.exploring-umbria.com\/de\/wp-json\/wp\/v2\/types\/page"}],"author":[{"embeddable":true,"href":"https:\/\/www.exploring-umbria.com\/de\/wp-json\/wp\/v2\/users\/1"}],"replies":[{"embeddable":true,"href":"https:\/\/www.exploring-umbria.com\/de\/wp-json\/wp\/v2\/comments?post=3241"}],"version-history":[{"count":6,"href":"https:\/\/www.exploring-umbria.com\/de\/wp-json\/wp\/v2\/pages\/3241\/revisions"}],"predecessor-version":[{"id":26526,"href":"https:\/\/www.exploring-umbria.com\/de\/wp-json\/wp\/v2\/pages\/3241\/revisions\/26526"}],"up":[{"embeddable":true,"href":"https:\/\/www.exploring-umbria.com\/de\/wp-json\/wp\/v2\/pages\/3249"}],"wp:featuredmedia":[{"embeddable":true,"href":"https:\/\/www.exploring-umbria.com\/de\/wp-json\/wp\/v2\/media\/4833"}],"wp:attachment":[{"href":"https:\/\/www.exploring-umbria.com\/de\/wp-json\/wp\/v2\/media?parent=3241"}],"curies":[{"name":"wp","href":"https:\/\/api.w.org\/{rel}","templated":true}]}}