{"id":3231,"date":"2018-11-23T12:01:23","date_gmt":"2018-11-23T11:01:23","guid":{"rendered":"https:\/\/www.exploring-umbria.com\/chiesa-nuova\/"},"modified":"2019-12-23T13:40:49","modified_gmt":"2019-12-23T12:40:49","slug":"chiesa-nuova","status":"publish","type":"page","link":"https:\/\/www.exploring-umbria.com\/de\/entdecke-assisi\/sehenswuerdigkeiten-in-assisi\/chiesa-nuova\/","title":{"rendered":"Chiesa Nuova"},"content":{"rendered":"<p>Unmittelbar unterhalb der Piazza del Comune befand sich ein altes Haus im Besitz eines Einwohners von Assisi, genauer <em>Giambattista Bini<\/em>. Bis zum Ende des 14. Jahrhunderts war dieses Haus ein Ziel f\u00fcr Pilger, denn einige Dokumente bezeugten, dass es einem Neffen von Franziskus, <em>Piccardo D\u2019Angelo<\/em>, vererbt wurde. Diese Beweise lie\u00dfen die Annahme entstehen, dass genau in diesem Haus der Sohn des reichen Textilh\u00e4ndlers <em>Pietro di Bernardone<\/em> seine Kindheit verbrachte und die Inspiration f\u00fcr seine sp\u00e4teren heiligen Missionen erhielt. <em>Bini<\/em> schien sich jedoch nicht besonders f\u00fcr die Geschichte dieses so wichtigen Ortes zu interessieren, denn am Beginn des 17. Jahrhunderts war das Geb\u00e4ude teilweise vernachl\u00e4ssigt. Der damalige Vorsteher der Ordensbr\u00fcder, ein Spanier mit dem Namen <strong>Antonio de Trejo<\/strong>, erkannte jedoch die Bedeutung des Geb\u00e4udes, auch wenn der Orden zur damaligen Zeit nicht mehr im Glanz der vergangenen Jahrhunderte erstrahlte und nicht \u00fcber ausreichend Geld verf\u00fcgte, um Arbeiten zu veranlassen, die dem <strong>Elternhaus von Franziskus<\/strong> wieder Leben einhauchten und es w\u00fcrdig erschienen lie\u00dfen. Der Ordensbruder gab sich jedoch nicht geschlagen und es begann ein langer Zeitraum, \u00fcber den reger Schriftverkehr samt Apellen an die Wohlt\u00e4tigkeit von freiwilligen und verm\u00f6genden Wohlt\u00e4tern erfolgte. Der Kult des Hl. Franziskus war damals im besonders katholischen K\u00f6nigreich Spanien weit verbreitet, aber <em>Antonio de Trejo<\/em> konnte sich nicht einmal vorstellen, dass einer der ersten, der auf seine Schreiben antwortete kein geringerer als der K\u00f6nig, Philipp III., h\u00f6chstpers\u00f6nlich war. Am 27. November 1614 \u00fcbermittelte der spanische Botschafter des Heiligen Stuhls die Bitte des Vorstehers um eine au\u00dfergew\u00f6hnliche Zuwendung von 6.000 Dukaten an den K\u00f6nig, um das Haus kaufen und in einen Wallfahrtsort verwandeln zu k\u00f6nnen. Der K\u00f6nig unterzeichnete die Bitte, begleitet mit einem Sprichwort \u201e<em>Como os parece<\/em>\u201c, h\u00f6chstpers\u00f6nlich.<\/p>\n<p>&nbsp;<\/p>\n<p>Der auf dem ehemaligen Wohnhaus von<em> Giambattista Bini <\/em>errichete Kirche wurde der Name \u201eS. Francesco Converso\u201c gegeben, aber niemand nannte sie jemals so. Seit dem Beginn ihrer Errichtung sagten die Einwohner Assisi zu dieser Kirche \u201e<strong>Chiesa Nuova\u201c<\/strong>, und dieser Name blieb bis heute erhalten. Der Name selbst l\u00e4sst uns \u00fcber die Anzahl der im Mittelalter in der Stadt vorhandenen Kirchen nachdenken, denn es waren so viele, dass die Errichtung einer Kirche in der ersten H\u00e4lfte des 17. Jahrhundert ein derart besonderes und einzigartiges Ereignis war, dass die Kirche einfach als \u201eChiesa nuova\u201c (neue Kirche) bezeichnet werden konnte.<\/p>\n<p>&nbsp;<\/p>\n<p>Die Kirche wurde <strong>im barocken Stil<\/strong> errichtet und dekoriert, wodurch sich ihre \u201eNeuartigkeit\u201c gegen\u00fcber den anderen romanischen und gotischen Kirchen auszeichnet, die mehrheitlich in Assisi vorzufinden sind. Au\u00dfen bezeugen die Fassade aus rosaroten Ziegeln, die dekorativen Lisenen und das Tor aus wei\u00dfem Travertin-Gestein diesen Unterschied ganz deutlich. Ein weiterer Unterschied zu den bereits bestehenden Kirchen in der Stadt sind der Grundriss \u2013 er weist die Form eines griechischen und nicht eines lateinischen Kreuzes auf \u2013 sowie die verzierten und geschwungenen Dekorationen im Inneren, die fast alle bemalt sind und von den damals wichtigsten K\u00fcnstlern der Region wie <em>Cesare<\/em> <em>Sermei<\/em> und <em>Giacomo<\/em> <em>Giorgetti<\/em> geschaffen wurden. Am Eingang, in einer Ecke, erinnert etwas an die Geschichte dieses Ortes: Eine kleine Nische, die durch ein Gitter aus Eisen verschlossen ist und in deren Inneren sich eine Statue des betenden Franziskus befindet, weist auf den Ort hin, an dem Pietro di Bernardone seinen rebellischen Sohn einschloss, da er all seine Stoffe verkauft und den Erl\u00f6s f\u00fcr die Renovierung des Konventes Santuario di S. Damiano gespendet hatte.<\/p>\n<p>Au\u00dferhalb des Klosters betritt man tats\u00e4chlich das, was von den R\u00e4umen, in denen Franziskus seine Kindheit verbracht hatte und in denen das Verh\u00e4ltnis zum immer schlechter wurde, um schlie\u00dflich f\u00fcr immer zu zerbrechen, \u00fcbriggeblieben ist. Einige Stufen tiefer liegt das Erdgeschoss des alten Wohnhauses, der Bereich, in dem die Familie arbeitete und ihre Stoffe verkaufte. Wer den Blick zum Boden richtet sieht noch heute die alte Stra\u00dfe, die perfekt erhalten ist und zu der das Gesch\u00e4ft ausgerichtet war, die jedoch sp\u00e4ter in den Grundriss der Kirche integriert wurde.<\/p>\n<p>An das Kloster der Kirche ist auch eine Bibliothek angeschlossen, in der wertvolle Rarit\u00e4ten des Franziskus-Kultes aufbewahrt werden: Bilderhandschriften, Pergamente, Inkunabeln, Schriftst\u00fccke und andere, sehr alte Dokumente. Insgesamt 16.000 Ausgaben begleiten Sie auf einer Reise durch die Zeit.<\/p>\n<p>Dank der kontinuierlichen Erforschung jener Orte, die der verarmte Heilige aufsuchte, richtete <em>Piccardo D\u2019Angelo<\/em> im 14. Jahrhundert einen Raum des Hauses wieder ein und errichtete einen kleinen Gebetsraum. Er behauptete, dass ausgerechnet dieser Raum \u2013 wie es eine Inschrift aus dem 15. Jahrhundert \u00fcber dem Eingang bezeugt \u2013 \u201eder Stall eines Ochsen und eines Esels [war], in dem der Hl. Franziskus, der Spiegel der Welt\u201d geboren wurde. In Wahrheit ist die Legende um die Geburt von Franziskus in einem Stall, wie es seiner tiefgl\u00e4ubigen Mutter von einem Bettler angeraten wurde, zwar sehr alt, jedoch nicht durch historische Quellen belegt und auch nicht in den ersten Biografien \u00fcber den Heiligen wie etwa von <em>Tommaso da Celano<\/em> oder <em>Bonaventura da Bagnoregio<\/em> erw\u00e4hnt.\u00a0 Dennoch wird dem Gebetsraum <strong>Oratorio di S. Francesco Piccolo<\/strong> dadurch nicht seine mythische und spirituelle Aura genommen, die ihm als jahrelanges Pilgerziel verliehen wurden. Dies gilt \u00fcbrigens auch f\u00fcr alle anderen Orte der Stadt, die von der tats\u00e4chlichen oder \u00fcbertragenen Anwesenheit einer der revolution\u00e4rsten Pers\u00f6nlichkeiten der Geschichte ber\u00fchrt wurden.<\/p>\n","protected":false},"excerpt":{"rendered":"<p>Unmittelbar unterhalb der Piazza del Comune befand sich ein altes Haus im Besitz eines Einwohners von Assisi, genauer Giambattista Bini. Bis zum Ende des 14. Jahrhunderts war dieses Haus ein Ziel f\u00fcr Pilger, denn einige Dokumente bezeugten, dass es einem Neffen von Franziskus, Piccardo D\u2019Angelo, vererbt wurde. Diese Beweise lie\u00dfen die Annahme entstehen, dass genau [&hellip;]<\/p>\n","protected":false},"author":1,"featured_media":33622,"parent":3249,"menu_order":0,"comment_status":"closed","ping_status":"closed","template":"","meta":{"om_disable_all_campaigns":false,"_monsterinsights_skip_tracking":false,"_monsterinsights_sitenote_active":false,"_monsterinsights_sitenote_note":"","_monsterinsights_sitenote_category":0},"acf":[],"yoast_head":"<!-- This site is optimized with the Yoast SEO plugin v18.4.1 - https:\/\/yoast.com\/wordpress\/plugins\/seo\/ -->\n<title>Chiesa Nuova - Exploring Umbria<\/title>\n<meta name=\"description\" content=\"Unmittelbar unterhalb der Piazza del Comune befand sich ein altes Haus im Besitz eines Einwohners von Assisi, genauer Giambattista Bini. Bis zum Ende des\" \/>\n<meta name=\"robots\" content=\"index, follow, max-snippet:-1, max-image-preview:large, max-video-preview:-1\" \/>\n<link rel=\"canonical\" href=\"https:\/\/www.exploring-umbria.com\/de\/entdecke-assisi\/sehenswuerdigkeiten-in-assisi\/chiesa-nuova\/\" \/>\n<meta property=\"og:locale\" content=\"de_DE\" \/>\n<meta property=\"og:type\" content=\"article\" \/>\n<meta property=\"og:title\" content=\"Chiesa Nuova - Exploring Umbria\" \/>\n<meta property=\"og:description\" content=\"Unmittelbar unterhalb der Piazza del Comune befand sich ein altes Haus im Besitz eines Einwohners von Assisi, genauer Giambattista Bini. Bis zum Ende des\" \/>\n<meta property=\"og:url\" content=\"https:\/\/www.exploring-umbria.com\/de\/entdecke-assisi\/sehenswuerdigkeiten-in-assisi\/chiesa-nuova\/\" \/>\n<meta property=\"og:site_name\" content=\"Exploring Umbria\" \/>\n<meta property=\"article:publisher\" content=\"https:\/\/www.facebook.com\/exploringumbria\/\" \/>\n<meta property=\"article:modified_time\" content=\"2019-12-23T12:40:49+00:00\" \/>\n<meta property=\"og:image\" content=\"https:\/\/www.exploring-umbria.com\/wp-content\/uploads\/2020\/04\/assisi-chiesa-nuova.jpeg\" \/>\n\t<meta property=\"og:image:width\" content=\"1200\" \/>\n\t<meta property=\"og:image:height\" content=\"1600\" \/>\n\t<meta property=\"og:image:type\" content=\"image\/jpeg\" \/>\n<meta name=\"twitter:card\" content=\"summary_large_image\" \/>\n<meta name=\"twitter:label1\" content=\"Gesch\u00e4tzte Lesezeit\" \/>\n\t<meta name=\"twitter:data1\" content=\"4\u00a0Minuten\" \/>\n<script type=\"application\/ld+json\" class=\"yoast-schema-graph\">{\"@context\":\"https:\/\/schema.org\",\"@graph\":[{\"@type\":\"Organization\",\"@id\":\"https:\/\/www.exploring-umbria.com\/de\/#organization\",\"name\":\"Exploring Umbria\",\"url\":\"https:\/\/www.exploring-umbria.com\/de\/\",\"sameAs\":[\"https:\/\/www.facebook.com\/exploringumbria\/\",\"https:\/\/www.instagram.com\/exploringumbria\/\"],\"logo\":{\"@type\":\"ImageObject\",\"@id\":\"https:\/\/www.exploring-umbria.com\/de\/#logo\",\"inLanguage\":\"de\",\"url\":\"https:\/\/www.exploring-umbria.com\/wp-content\/uploads\/2019\/08\/solo-logo-verde.jpg\",\"contentUrl\":\"https:\/\/www.exploring-umbria.com\/wp-content\/uploads\/2019\/08\/solo-logo-verde.jpg\",\"width\":952,\"height\":532,\"caption\":\"Exploring Umbria\"},\"image\":{\"@id\":\"https:\/\/www.exploring-umbria.com\/de\/#logo\"}},{\"@type\":\"WebSite\",\"@id\":\"https:\/\/www.exploring-umbria.com\/de\/#website\",\"url\":\"https:\/\/www.exploring-umbria.com\/de\/\",\"name\":\"Exploring Umbria\",\"description\":\"your dates, your mood, your trip\",\"publisher\":{\"@id\":\"https:\/\/www.exploring-umbria.com\/de\/#organization\"},\"potentialAction\":[{\"@type\":\"SearchAction\",\"target\":{\"@type\":\"EntryPoint\",\"urlTemplate\":\"https:\/\/www.exploring-umbria.com\/de\/?s={search_term_string}\"},\"query-input\":\"required name=search_term_string\"}],\"inLanguage\":\"de\"},{\"@type\":\"ImageObject\",\"@id\":\"https:\/\/www.exploring-umbria.com\/de\/entdecke-assisi\/sehenswuerdigkeiten-in-assisi\/chiesa-nuova\/#primaryimage\",\"inLanguage\":\"de\",\"url\":\"https:\/\/www.exploring-umbria.com\/wp-content\/uploads\/2020\/04\/assisi-chiesa-nuova.jpeg\",\"contentUrl\":\"https:\/\/www.exploring-umbria.com\/wp-content\/uploads\/2020\/04\/assisi-chiesa-nuova.jpeg\",\"width\":1200,\"height\":1600,\"caption\":\"La Chiesa Nuova di Assisi\"},{\"@type\":\"WebPage\",\"@id\":\"https:\/\/www.exploring-umbria.com\/de\/entdecke-assisi\/sehenswuerdigkeiten-in-assisi\/chiesa-nuova\/#webpage\",\"url\":\"https:\/\/www.exploring-umbria.com\/de\/entdecke-assisi\/sehenswuerdigkeiten-in-assisi\/chiesa-nuova\/\",\"name\":\"Chiesa Nuova - Exploring Umbria\",\"isPartOf\":{\"@id\":\"https:\/\/www.exploring-umbria.com\/de\/#website\"},\"primaryImageOfPage\":{\"@id\":\"https:\/\/www.exploring-umbria.com\/de\/entdecke-assisi\/sehenswuerdigkeiten-in-assisi\/chiesa-nuova\/#primaryimage\"},\"datePublished\":\"2018-11-23T11:01:23+00:00\",\"dateModified\":\"2019-12-23T12:40:49+00:00\",\"description\":\"Unmittelbar unterhalb der Piazza del Comune befand sich ein altes Haus im Besitz eines Einwohners von Assisi, genauer Giambattista Bini. Bis zum Ende des\",\"breadcrumb\":{\"@id\":\"https:\/\/www.exploring-umbria.com\/de\/entdecke-assisi\/sehenswuerdigkeiten-in-assisi\/chiesa-nuova\/#breadcrumb\"},\"inLanguage\":\"de\",\"potentialAction\":[{\"@type\":\"ReadAction\",\"target\":[\"https:\/\/www.exploring-umbria.com\/de\/entdecke-assisi\/sehenswuerdigkeiten-in-assisi\/chiesa-nuova\/\"]}]},{\"@type\":\"BreadcrumbList\",\"@id\":\"https:\/\/www.exploring-umbria.com\/de\/entdecke-assisi\/sehenswuerdigkeiten-in-assisi\/chiesa-nuova\/#breadcrumb\",\"itemListElement\":[{\"@type\":\"ListItem\",\"position\":1,\"name\":\"Home\",\"item\":\"https:\/\/www.exploring-umbria.com\/de\/\"},{\"@type\":\"ListItem\",\"position\":2,\"name\":\"Entdecke Assisi\",\"item\":\"https:\/\/www.exploring-umbria.com\/de\/entdecke-assisi\/\"},{\"@type\":\"ListItem\",\"position\":3,\"name\":\"Sehensw\u00fcrdigkeiten in Assisi\",\"item\":\"https:\/\/www.exploring-umbria.com\/de\/entdecke-assisi\/sehenswuerdigkeiten-in-assisi\/\"},{\"@type\":\"ListItem\",\"position\":4,\"name\":\"Chiesa Nuova\"}]}]}<\/script>\n<!-- \/ Yoast SEO plugin. -->","yoast_head_json":{"title":"Chiesa Nuova - Exploring Umbria","description":"Unmittelbar unterhalb der Piazza del Comune befand sich ein altes Haus im Besitz eines Einwohners von Assisi, genauer Giambattista Bini. Bis zum Ende des","robots":{"index":"index","follow":"follow","max-snippet":"max-snippet:-1","max-image-preview":"max-image-preview:large","max-video-preview":"max-video-preview:-1"},"canonical":"https:\/\/www.exploring-umbria.com\/de\/entdecke-assisi\/sehenswuerdigkeiten-in-assisi\/chiesa-nuova\/","og_locale":"de_DE","og_type":"article","og_title":"Chiesa Nuova - Exploring Umbria","og_description":"Unmittelbar unterhalb der Piazza del Comune befand sich ein altes Haus im Besitz eines Einwohners von Assisi, genauer Giambattista Bini. Bis zum Ende des","og_url":"https:\/\/www.exploring-umbria.com\/de\/entdecke-assisi\/sehenswuerdigkeiten-in-assisi\/chiesa-nuova\/","og_site_name":"Exploring Umbria","article_publisher":"https:\/\/www.facebook.com\/exploringumbria\/","article_modified_time":"2019-12-23T12:40:49+00:00","og_image":[{"width":1200,"height":1600,"url":"https:\/\/www.exploring-umbria.com\/wp-content\/uploads\/2020\/04\/assisi-chiesa-nuova.jpeg","type":"image\/jpeg"}],"twitter_card":"summary_large_image","twitter_misc":{"Gesch\u00e4tzte Lesezeit":"4\u00a0Minuten"},"schema":{"@context":"https:\/\/schema.org","@graph":[{"@type":"Organization","@id":"https:\/\/www.exploring-umbria.com\/de\/#organization","name":"Exploring Umbria","url":"https:\/\/www.exploring-umbria.com\/de\/","sameAs":["https:\/\/www.facebook.com\/exploringumbria\/","https:\/\/www.instagram.com\/exploringumbria\/"],"logo":{"@type":"ImageObject","@id":"https:\/\/www.exploring-umbria.com\/de\/#logo","inLanguage":"de","url":"https:\/\/www.exploring-umbria.com\/wp-content\/uploads\/2019\/08\/solo-logo-verde.jpg","contentUrl":"https:\/\/www.exploring-umbria.com\/wp-content\/uploads\/2019\/08\/solo-logo-verde.jpg","width":952,"height":532,"caption":"Exploring Umbria"},"image":{"@id":"https:\/\/www.exploring-umbria.com\/de\/#logo"}},{"@type":"WebSite","@id":"https:\/\/www.exploring-umbria.com\/de\/#website","url":"https:\/\/www.exploring-umbria.com\/de\/","name":"Exploring Umbria","description":"your dates, your mood, your trip","publisher":{"@id":"https:\/\/www.exploring-umbria.com\/de\/#organization"},"potentialAction":[{"@type":"SearchAction","target":{"@type":"EntryPoint","urlTemplate":"https:\/\/www.exploring-umbria.com\/de\/?s={search_term_string}"},"query-input":"required name=search_term_string"}],"inLanguage":"de"},{"@type":"ImageObject","@id":"https:\/\/www.exploring-umbria.com\/de\/entdecke-assisi\/sehenswuerdigkeiten-in-assisi\/chiesa-nuova\/#primaryimage","inLanguage":"de","url":"https:\/\/www.exploring-umbria.com\/wp-content\/uploads\/2020\/04\/assisi-chiesa-nuova.jpeg","contentUrl":"https:\/\/www.exploring-umbria.com\/wp-content\/uploads\/2020\/04\/assisi-chiesa-nuova.jpeg","width":1200,"height":1600,"caption":"La Chiesa Nuova di Assisi"},{"@type":"WebPage","@id":"https:\/\/www.exploring-umbria.com\/de\/entdecke-assisi\/sehenswuerdigkeiten-in-assisi\/chiesa-nuova\/#webpage","url":"https:\/\/www.exploring-umbria.com\/de\/entdecke-assisi\/sehenswuerdigkeiten-in-assisi\/chiesa-nuova\/","name":"Chiesa Nuova - Exploring Umbria","isPartOf":{"@id":"https:\/\/www.exploring-umbria.com\/de\/#website"},"primaryImageOfPage":{"@id":"https:\/\/www.exploring-umbria.com\/de\/entdecke-assisi\/sehenswuerdigkeiten-in-assisi\/chiesa-nuova\/#primaryimage"},"datePublished":"2018-11-23T11:01:23+00:00","dateModified":"2019-12-23T12:40:49+00:00","description":"Unmittelbar unterhalb der Piazza del Comune befand sich ein altes Haus im Besitz eines Einwohners von Assisi, genauer Giambattista Bini. Bis zum Ende des","breadcrumb":{"@id":"https:\/\/www.exploring-umbria.com\/de\/entdecke-assisi\/sehenswuerdigkeiten-in-assisi\/chiesa-nuova\/#breadcrumb"},"inLanguage":"de","potentialAction":[{"@type":"ReadAction","target":["https:\/\/www.exploring-umbria.com\/de\/entdecke-assisi\/sehenswuerdigkeiten-in-assisi\/chiesa-nuova\/"]}]},{"@type":"BreadcrumbList","@id":"https:\/\/www.exploring-umbria.com\/de\/entdecke-assisi\/sehenswuerdigkeiten-in-assisi\/chiesa-nuova\/#breadcrumb","itemListElement":[{"@type":"ListItem","position":1,"name":"Home","item":"https:\/\/www.exploring-umbria.com\/de\/"},{"@type":"ListItem","position":2,"name":"Entdecke Assisi","item":"https:\/\/www.exploring-umbria.com\/de\/entdecke-assisi\/"},{"@type":"ListItem","position":3,"name":"Sehensw\u00fcrdigkeiten in Assisi","item":"https:\/\/www.exploring-umbria.com\/de\/entdecke-assisi\/sehenswuerdigkeiten-in-assisi\/"},{"@type":"ListItem","position":4,"name":"Chiesa Nuova"}]}]}},"_links":{"self":[{"href":"https:\/\/www.exploring-umbria.com\/de\/wp-json\/wp\/v2\/pages\/3231"}],"collection":[{"href":"https:\/\/www.exploring-umbria.com\/de\/wp-json\/wp\/v2\/pages"}],"about":[{"href":"https:\/\/www.exploring-umbria.com\/de\/wp-json\/wp\/v2\/types\/page"}],"author":[{"embeddable":true,"href":"https:\/\/www.exploring-umbria.com\/de\/wp-json\/wp\/v2\/users\/1"}],"replies":[{"embeddable":true,"href":"https:\/\/www.exploring-umbria.com\/de\/wp-json\/wp\/v2\/comments?post=3231"}],"version-history":[{"count":2,"href":"https:\/\/www.exploring-umbria.com\/de\/wp-json\/wp\/v2\/pages\/3231\/revisions"}],"predecessor-version":[{"id":26506,"href":"https:\/\/www.exploring-umbria.com\/de\/wp-json\/wp\/v2\/pages\/3231\/revisions\/26506"}],"up":[{"embeddable":true,"href":"https:\/\/www.exploring-umbria.com\/de\/wp-json\/wp\/v2\/pages\/3249"}],"wp:featuredmedia":[{"embeddable":true,"href":"https:\/\/www.exploring-umbria.com\/de\/wp-json\/wp\/v2\/media\/33622"}],"wp:attachment":[{"href":"https:\/\/www.exploring-umbria.com\/de\/wp-json\/wp\/v2\/media?parent=3231"}],"curies":[{"name":"wp","href":"https:\/\/api.w.org\/{rel}","templated":true}]}}