{"id":3207,"date":"2019-02-12T10:08:03","date_gmt":"2019-02-12T09:08:03","guid":{"rendered":"https:\/\/www.exploring-umbria.com\/citta-di-castello\/"},"modified":"2019-12-24T11:24:40","modified_gmt":"2019-12-24T10:24:40","slug":"entdecke-citta-di-castello","status":"publish","type":"page","link":"https:\/\/www.exploring-umbria.com\/de\/entdecke-citta-di-castello\/","title":{"rendered":"Entdecke Citt\u00e0 di Castello"},"content":{"rendered":"<p><!--vcv no format--><\/p>\n<div class=\"vce-row-container\">\n<div id=\"el-d8c15d3d\" class=\"vce-row vce-row--col-gap-30 vce-row-columns--top vce-row-content--top\" data-vce-do-apply=\"all el-d8c15d3d\">\n<div class=\"vce-row-content\" data-vce-element-content=\"true\">\n<div id=\"el-dc536a99\" class=\"vce-col vce-col--md-auto vce-col--xs-1 vce-col--xs-last vce-col--xs-first vce-col--sm-last vce-col--sm-first vce-col--md-last vce-col--lg-last vce-col--xl-last vce-col--md-first vce-col--lg-first vce-col--xl-first\">\n<div class=\"vce-col-inner\" data-vce-do-apply=\"border margin background el-dc536a99\">\n<div class=\"vce-col-content\" data-vce-element-content=\"true\" data-vce-do-apply=\"padding el-dc536a99\">\n<div class=\"vce-text-block\">\n<p>Zwischen den gr\u00fcnen H\u00fcgeln und der hellen, gepflegten Landschaft des Tales Alta Val Tiberina zeichnet sich <strong>Citt\u00e0 di Castello<\/strong> durch ihre Ausdehnung, ihren Reichtum und ihre Besonderheit aus. Eine kleine toskanische Perle im Herzen Umbriens war der Stolz der Familie <em>Vitelli<\/em>, die zwischen dem f\u00fcnfzehnten und sechzehnten Jahrhundert die mittelalterlichen Spuren eines kleinen Dorfes ver\u00e4nderte und es zu einem Juwel der Renaissance-Architektur machte, mit luftigen und eleganten Formen, die bis heute Touristen aus der ganzen Welt anziehen. <strong>K\u00fcnstler wie Luca Signorelli, Vasari und Raffael arbeiteten in der Stadt<\/strong>, angezogen von der lebendigen und anregenden Umgebung, die nie zu Ende ging. Seitdem sind Jahrhunderte vergangen, aber Citt\u00e0 di Castello hat auch in der Neuzeit ihre Rolle als Treffpunkt, Durchgangs- und Begegnungsort zwischen verschiedenen Kulturen und Traditionen nicht verloren. Die zahlreichen Ereignisse, die jedes Jahr die Stra\u00dfen der Altstadt f\u00fcllen, zeugen von der immensen Menge an Erbe, das es zu bewahren und zu erweitern gilt: von der Druckerei, die hier im 16. Jahrhundert geboren wurde, \u00fcber die von Baroness <em>Franchetti<\/em> zu Beginn des 20. Jahrhunderts gew\u00fcnschte Textilproduktion bis hin zur traditionellen und unverwechselbaren Produktion von &#8222;M\u00f6beln im Stil&#8220;, ganz zu schweigen von der inzwischen aufgegebenen Tabakverarbeitung, die sich neu erfinden konnte, indem sie zur ungew\u00f6hnlichen &#8222;Ausstellungshalle&#8220; eines ber\u00fchmten modernen K\u00fcnstlers, des B\u00fcrgers der Stadt Citt\u00e0 di Castello <em>Alberto Burri<\/em>, wurde. Zwischen eleganten Pal\u00e4sten aus dem 16. Jahrhundert, ber\u00fchmten Meisterwerken italienischer und ausl\u00e4ndischer K\u00fcnstler, Stadtmuseen, bis heute bestehenden Handwerksbetrieben, kulturellen Veranstaltungen von nationaler und internationaler Bedeutung, gr\u00fcnen Parks f\u00fcr Naturliebhaber und faszinierenden Kanutouren auf dem Tibergrund bietet Ihnen Citt\u00e0 di Castello einzigartige Erlebnisse und Emotionen, die Sie sich merken und von denen Sie erz\u00e4hlen k\u00f6nnen.<\/p>\n<\/div>\n<\/div>\n<\/div>\n<\/div>\n<\/div>\n<\/div>\n<\/div>\n<p><!--vcv no format--><\/p>\n","protected":false},"excerpt":{"rendered":"<p>Zwischen den gr\u00fcnen H\u00fcgeln und der hellen, gepflegten Landschaft des Tales Alta Val Tiberina zeichnet sich Citt\u00e0 di Castello durch ihre Ausdehnung, ihren Reichtum und ihre Besonderheit aus. Eine kleine toskanische Perle im Herzen Umbriens war der Stolz der Familie Vitelli, die zwischen dem f\u00fcnfzehnten und sechzehnten Jahrhundert die mittelalterlichen Spuren eines kleinen Dorfes ver\u00e4nderte [&hellip;]<\/p>\n","protected":false},"author":3,"featured_media":1220,"parent":0,"menu_order":0,"comment_status":"closed","ping_status":"closed","template":"","meta":{"om_disable_all_campaigns":false,"_monsterinsights_skip_tracking":false,"_monsterinsights_sitenote_active":false,"_monsterinsights_sitenote_note":"","_monsterinsights_sitenote_category":0},"acf":[],"yoast_head":"<!-- This site is optimized with the Yoast SEO plugin v18.4.1 - https:\/\/yoast.com\/wordpress\/plugins\/seo\/ -->\n<title>Entdecke Citt\u00e0 di Castello - Exploring Umbria<\/title>\n<meta name=\"description\" content=\"Zwischen den gr\u00fcnen H\u00fcgeln und der hellen, gepflegten Landschaft des Tales Alta Val Tiberina zeichnet sich Citt\u00e0 di Castello durch ihre Ausdehnung, ihren\" \/>\n<meta name=\"robots\" content=\"index, follow, max-snippet:-1, max-image-preview:large, max-video-preview:-1\" \/>\n<link rel=\"canonical\" href=\"https:\/\/www.exploring-umbria.com\/de\/entdecke-citta-di-castello\/\" \/>\n<meta property=\"og:locale\" content=\"de_DE\" \/>\n<meta property=\"og:type\" content=\"article\" \/>\n<meta property=\"og:title\" content=\"Entdecke Citt\u00e0 di Castello - Exploring Umbria\" \/>\n<meta property=\"og:description\" content=\"Zwischen den gr\u00fcnen H\u00fcgeln und der hellen, gepflegten Landschaft des Tales Alta Val Tiberina zeichnet sich Citt\u00e0 di Castello durch ihre Ausdehnung, ihren\" \/>\n<meta property=\"og:url\" content=\"https:\/\/www.exploring-umbria.com\/de\/entdecke-citta-di-castello\/\" \/>\n<meta property=\"og:site_name\" content=\"Exploring Umbria\" \/>\n<meta property=\"article:publisher\" content=\"https:\/\/www.facebook.com\/exploringumbria\/\" \/>\n<meta property=\"article:modified_time\" content=\"2019-12-24T10:24:40+00:00\" \/>\n<meta property=\"og:image\" content=\"https:\/\/www.exploring-umbria.com\/wp-content\/uploads\/2019\/02\/Citt\u00e0_di_Castello-ORG-2500x1666.jpg\" \/>\n\t<meta property=\"og:image:width\" content=\"2500\" \/>\n\t<meta property=\"og:image:height\" content=\"1666\" \/>\n\t<meta property=\"og:image:type\" content=\"image\/jpeg\" \/>\n<meta name=\"twitter:card\" content=\"summary_large_image\" \/>\n<meta name=\"twitter:label1\" content=\"Gesch\u00e4tzte Lesezeit\" \/>\n\t<meta name=\"twitter:data1\" content=\"1\u00a0Minute\" \/>\n<script type=\"application\/ld+json\" class=\"yoast-schema-graph\">{\"@context\":\"https:\/\/schema.org\",\"@graph\":[{\"@type\":\"Organization\",\"@id\":\"https:\/\/www.exploring-umbria.com\/de\/#organization\",\"name\":\"Exploring Umbria\",\"url\":\"https:\/\/www.exploring-umbria.com\/de\/\",\"sameAs\":[\"https:\/\/www.facebook.com\/exploringumbria\/\",\"https:\/\/www.instagram.com\/exploringumbria\/\"],\"logo\":{\"@type\":\"ImageObject\",\"@id\":\"https:\/\/www.exploring-umbria.com\/de\/#logo\",\"inLanguage\":\"de\",\"url\":\"https:\/\/www.exploring-umbria.com\/wp-content\/uploads\/2019\/08\/solo-logo-verde.jpg\",\"contentUrl\":\"https:\/\/www.exploring-umbria.com\/wp-content\/uploads\/2019\/08\/solo-logo-verde.jpg\",\"width\":952,\"height\":532,\"caption\":\"Exploring Umbria\"},\"image\":{\"@id\":\"https:\/\/www.exploring-umbria.com\/de\/#logo\"}},{\"@type\":\"WebSite\",\"@id\":\"https:\/\/www.exploring-umbria.com\/de\/#website\",\"url\":\"https:\/\/www.exploring-umbria.com\/de\/\",\"name\":\"Exploring Umbria\",\"description\":\"your dates, your mood, your trip\",\"publisher\":{\"@id\":\"https:\/\/www.exploring-umbria.com\/de\/#organization\"},\"potentialAction\":[{\"@type\":\"SearchAction\",\"target\":{\"@type\":\"EntryPoint\",\"urlTemplate\":\"https:\/\/www.exploring-umbria.com\/de\/?s={search_term_string}\"},\"query-input\":\"required name=search_term_string\"}],\"inLanguage\":\"de\"},{\"@type\":\"ImageObject\",\"@id\":\"https:\/\/www.exploring-umbria.com\/de\/entdecke-citta-di-castello\/#primaryimage\",\"inLanguage\":\"de\",\"url\":\"https:\/\/www.exploring-umbria.com\/wp-content\/uploads\/2019\/02\/Citt\u00e0_di_Castello-ORG-2500x1666.jpg\",\"contentUrl\":\"https:\/\/www.exploring-umbria.com\/wp-content\/uploads\/2019\/02\/Citt\u00e0_di_Castello-ORG-2500x1666.jpg\",\"width\":2500,\"height\":1666,\"caption\":\"citt\u00e0 di castello cosa vedere\"},{\"@type\":\"WebPage\",\"@id\":\"https:\/\/www.exploring-umbria.com\/de\/entdecke-citta-di-castello\/#webpage\",\"url\":\"https:\/\/www.exploring-umbria.com\/de\/entdecke-citta-di-castello\/\",\"name\":\"Entdecke Citt\u00e0 di Castello - Exploring Umbria\",\"isPartOf\":{\"@id\":\"https:\/\/www.exploring-umbria.com\/de\/#website\"},\"primaryImageOfPage\":{\"@id\":\"https:\/\/www.exploring-umbria.com\/de\/entdecke-citta-di-castello\/#primaryimage\"},\"datePublished\":\"2019-02-12T09:08:03+00:00\",\"dateModified\":\"2019-12-24T10:24:40+00:00\",\"description\":\"Zwischen den gr\u00fcnen H\u00fcgeln und der hellen, gepflegten Landschaft des Tales Alta Val Tiberina zeichnet sich Citt\u00e0 di Castello durch ihre Ausdehnung, ihren\",\"breadcrumb\":{\"@id\":\"https:\/\/www.exploring-umbria.com\/de\/entdecke-citta-di-castello\/#breadcrumb\"},\"inLanguage\":\"de\",\"potentialAction\":[{\"@type\":\"ReadAction\",\"target\":[\"https:\/\/www.exploring-umbria.com\/de\/entdecke-citta-di-castello\/\"]}]},{\"@type\":\"BreadcrumbList\",\"@id\":\"https:\/\/www.exploring-umbria.com\/de\/entdecke-citta-di-castello\/#breadcrumb\",\"itemListElement\":[{\"@type\":\"ListItem\",\"position\":1,\"name\":\"Home\",\"item\":\"https:\/\/www.exploring-umbria.com\/de\/\"},{\"@type\":\"ListItem\",\"position\":2,\"name\":\"Entdecke Citt\u00e0 di Castello\"}]}]}<\/script>\n<!-- \/ Yoast SEO plugin. -->","yoast_head_json":{"title":"Entdecke Citt\u00e0 di Castello - Exploring Umbria","description":"Zwischen den gr\u00fcnen H\u00fcgeln und der hellen, gepflegten Landschaft des Tales Alta Val Tiberina zeichnet sich Citt\u00e0 di Castello durch ihre Ausdehnung, ihren","robots":{"index":"index","follow":"follow","max-snippet":"max-snippet:-1","max-image-preview":"max-image-preview:large","max-video-preview":"max-video-preview:-1"},"canonical":"https:\/\/www.exploring-umbria.com\/de\/entdecke-citta-di-castello\/","og_locale":"de_DE","og_type":"article","og_title":"Entdecke Citt\u00e0 di Castello - Exploring Umbria","og_description":"Zwischen den gr\u00fcnen H\u00fcgeln und der hellen, gepflegten Landschaft des Tales Alta Val Tiberina zeichnet sich Citt\u00e0 di Castello durch ihre Ausdehnung, ihren","og_url":"https:\/\/www.exploring-umbria.com\/de\/entdecke-citta-di-castello\/","og_site_name":"Exploring Umbria","article_publisher":"https:\/\/www.facebook.com\/exploringumbria\/","article_modified_time":"2019-12-24T10:24:40+00:00","og_image":[{"width":2500,"height":1666,"url":"https:\/\/www.exploring-umbria.com\/wp-content\/uploads\/2019\/02\/Citt\u00e0_di_Castello-ORG-2500x1666.jpg","type":"image\/jpeg"}],"twitter_card":"summary_large_image","twitter_misc":{"Gesch\u00e4tzte Lesezeit":"1\u00a0Minute"},"schema":{"@context":"https:\/\/schema.org","@graph":[{"@type":"Organization","@id":"https:\/\/www.exploring-umbria.com\/de\/#organization","name":"Exploring Umbria","url":"https:\/\/www.exploring-umbria.com\/de\/","sameAs":["https:\/\/www.facebook.com\/exploringumbria\/","https:\/\/www.instagram.com\/exploringumbria\/"],"logo":{"@type":"ImageObject","@id":"https:\/\/www.exploring-umbria.com\/de\/#logo","inLanguage":"de","url":"https:\/\/www.exploring-umbria.com\/wp-content\/uploads\/2019\/08\/solo-logo-verde.jpg","contentUrl":"https:\/\/www.exploring-umbria.com\/wp-content\/uploads\/2019\/08\/solo-logo-verde.jpg","width":952,"height":532,"caption":"Exploring Umbria"},"image":{"@id":"https:\/\/www.exploring-umbria.com\/de\/#logo"}},{"@type":"WebSite","@id":"https:\/\/www.exploring-umbria.com\/de\/#website","url":"https:\/\/www.exploring-umbria.com\/de\/","name":"Exploring Umbria","description":"your dates, your mood, your trip","publisher":{"@id":"https:\/\/www.exploring-umbria.com\/de\/#organization"},"potentialAction":[{"@type":"SearchAction","target":{"@type":"EntryPoint","urlTemplate":"https:\/\/www.exploring-umbria.com\/de\/?s={search_term_string}"},"query-input":"required name=search_term_string"}],"inLanguage":"de"},{"@type":"ImageObject","@id":"https:\/\/www.exploring-umbria.com\/de\/entdecke-citta-di-castello\/#primaryimage","inLanguage":"de","url":"https:\/\/www.exploring-umbria.com\/wp-content\/uploads\/2019\/02\/Citt\u00e0_di_Castello-ORG-2500x1666.jpg","contentUrl":"https:\/\/www.exploring-umbria.com\/wp-content\/uploads\/2019\/02\/Citt\u00e0_di_Castello-ORG-2500x1666.jpg","width":2500,"height":1666,"caption":"citt\u00e0 di castello cosa vedere"},{"@type":"WebPage","@id":"https:\/\/www.exploring-umbria.com\/de\/entdecke-citta-di-castello\/#webpage","url":"https:\/\/www.exploring-umbria.com\/de\/entdecke-citta-di-castello\/","name":"Entdecke Citt\u00e0 di Castello - Exploring Umbria","isPartOf":{"@id":"https:\/\/www.exploring-umbria.com\/de\/#website"},"primaryImageOfPage":{"@id":"https:\/\/www.exploring-umbria.com\/de\/entdecke-citta-di-castello\/#primaryimage"},"datePublished":"2019-02-12T09:08:03+00:00","dateModified":"2019-12-24T10:24:40+00:00","description":"Zwischen den gr\u00fcnen H\u00fcgeln und der hellen, gepflegten Landschaft des Tales Alta Val Tiberina zeichnet sich Citt\u00e0 di Castello durch ihre Ausdehnung, ihren","breadcrumb":{"@id":"https:\/\/www.exploring-umbria.com\/de\/entdecke-citta-di-castello\/#breadcrumb"},"inLanguage":"de","potentialAction":[{"@type":"ReadAction","target":["https:\/\/www.exploring-umbria.com\/de\/entdecke-citta-di-castello\/"]}]},{"@type":"BreadcrumbList","@id":"https:\/\/www.exploring-umbria.com\/de\/entdecke-citta-di-castello\/#breadcrumb","itemListElement":[{"@type":"ListItem","position":1,"name":"Home","item":"https:\/\/www.exploring-umbria.com\/de\/"},{"@type":"ListItem","position":2,"name":"Entdecke Citt\u00e0 di Castello"}]}]}},"_links":{"self":[{"href":"https:\/\/www.exploring-umbria.com\/de\/wp-json\/wp\/v2\/pages\/3207"}],"collection":[{"href":"https:\/\/www.exploring-umbria.com\/de\/wp-json\/wp\/v2\/pages"}],"about":[{"href":"https:\/\/www.exploring-umbria.com\/de\/wp-json\/wp\/v2\/types\/page"}],"author":[{"embeddable":true,"href":"https:\/\/www.exploring-umbria.com\/de\/wp-json\/wp\/v2\/users\/3"}],"replies":[{"embeddable":true,"href":"https:\/\/www.exploring-umbria.com\/de\/wp-json\/wp\/v2\/comments?post=3207"}],"version-history":[{"count":15,"href":"https:\/\/www.exploring-umbria.com\/de\/wp-json\/wp\/v2\/pages\/3207\/revisions"}],"predecessor-version":[{"id":26624,"href":"https:\/\/www.exploring-umbria.com\/de\/wp-json\/wp\/v2\/pages\/3207\/revisions\/26624"}],"wp:featuredmedia":[{"embeddable":true,"href":"https:\/\/www.exploring-umbria.com\/de\/wp-json\/wp\/v2\/media\/1220"}],"wp:attachment":[{"href":"https:\/\/www.exploring-umbria.com\/de\/wp-json\/wp\/v2\/media?parent=3207"}],"curies":[{"name":"wp","href":"https:\/\/api.w.org\/{rel}","templated":true}]}}