{"id":3205,"date":"2019-02-12T10:09:33","date_gmt":"2019-02-12T09:09:33","guid":{"rendered":"https:\/\/www.exploring-umbria.com\/cosa-vedere-a-citta-di-castello\/"},"modified":"2019-12-24T11:26:14","modified_gmt":"2019-12-24T10:26:14","slug":"sehenswuerdigkeiten-in-citta-di-castello","status":"publish","type":"page","link":"https:\/\/www.exploring-umbria.com\/de\/entdecke-citta-di-castello\/sehenswuerdigkeiten-in-citta-di-castello\/","title":{"rendered":"Sehensw\u00fcrdigkeiten in Citt\u00e0 di Castello"},"content":{"rendered":"<p>Die Spuren der Renaissance, die die Familie <em>Vitelli<\/em> der Stadt Citt\u00e0 di Castello mit ihrem unerm\u00fcdlichen M\u00e4zenatentum hinterlassen hat, sind noch heute die Besonderheit des Stadtzentrums. Im Gegensatz zu den meisten mittelalterlichen umbrischen D\u00f6rfern, die sich an verwinkelte und schmale Gassen schmiegen, durchbricht Citt\u00e0 di Castello mit der ruhigen Sch\u00f6nheit seiner breiten und geraden Stra\u00dfen, die von den eleganten Fassaden der Geb\u00e4ude des 16. Jahrhunderts versch\u00f6nert werden, s\u00e4mtliche Schemata. Ihre Reiseroute beginnt unweigerlich im Herzen der Stadt, auf der <strong>Piazza Gabriotti<\/strong>, eingerahmt von weltlichen und religi\u00f6sen Geb\u00e4uden, Symbol f\u00fcr die im Laufe der Zeit entstandenen M\u00e4chte. Auf der einen Seite die imposante <strong>Kathedrale<\/strong>, die den Heiligen Florido und Amanzio (beide Patrone der Stadt) gewidmet ist, mit dem angrenzenden <strong>Kapitularmuseum Museo Capitolare<\/strong> (<strong>oder Museo del Duomo<\/strong>), wo Sie den ber\u00fchmten <em>Schatz von Canoscio<\/em> bewundern k\u00f6nnen, eine Sammlung von liturgischen Gegenst\u00e4nden, die weltweit einzigartig ist. Andererseits der <strong>Palazzo Comunale (oder Palazzo dei Priori)<\/strong> mit seinem charakteristischen <strong>Stadtturm<\/strong>, der einst mit einem Fresko von <em>Luca Signorelli<\/em> verziert war und heute teilweise in der Gem\u00e4ldegalerie Pinacoteca Comunale erhalten ist. Wenn Sie einige Meter weiter dem Corso Cavour folgen, werden Sie von zwei weiteren Juwelen der Renaissance-Architektur fasziniert sein: dem <strong>Palazzo del Podest\u00e0<\/strong>, der vom ber\u00fchmten Architekten <em>Angelo di Orvieto<\/em> entworfen wurde, und einem der vielen Prachtbauten der Vitelli: dem sogenannten <strong>Palazzo Vitelli in Piazza<\/strong>, dessen strenge Formen sich stark von den Raffinessen der &#8222;Geschwister-Palazzi\u201d unterscheiden. An dieser Stelle haben Sie die M\u00f6glichkeit, eine weitere Besonderheit von Citt\u00e0 di Castello zu erreichen: die <em>Tipografia<\/em> <em>Grifani<\/em> <em>Donati<\/em>, sowie das <strong>Museum<\/strong> <strong>f\u00fcr<\/strong> <strong>grafische Kunst<\/strong>. Weiter in Richtung Norden der Stadt befinden sich das <strong>Teatro Comunale<\/strong> und die <strong>Kirche Chiesa della Madonna delle Grazie<\/strong>, aber bevor Sie die Via Albizzini verlassen, k\u00f6nnen Sie zwei Meisterwerke der Bildkunst bewundern: &#8222;<strong>Die Kr\u00f6nung der Jungfrau Maria<\/strong>&#8220; von <em>Vasari<\/em> und &#8222;<strong>Die Hochzeit der Jungfrau Maria<\/strong>&#8220; (leider nur eine Kopie des Originals, das sich in Mailand befindet) des gro\u00dfen <em>Raffael<\/em>, beide innerhalb der Mauern der Kirche <strong>Chiesa di S. Francesco<\/strong> (Kirche zum Hl. Franziskus) aufbewahrt. Und beeilen Sie sich nicht voranzukommen, denn in derselben Stra\u00dfe steht der <strong>pr\u00e4chtige Palazzo Vitelli in S. Egidio<\/strong>, der mit seinem riesigen, im italienischen Stil angelegten Garten von der Gr\u00f6\u00dfe der Familie, die ihn in Auftrag gegeben hat, und dem <strong>Palazzo Albizzini<\/strong> zeugt, der nicht so sehr wegen seines \u00c4u\u00dferen, sondern wegen der Kostbarkeiten im Inneren interessant ist: einer der Pole der <strong>Burri-Sammlung<\/strong>, ein bekannter K\u00fcnstler des zwanzigsten Jahrhunderts, der aus der Stadt stammte. Nach den stimmungsvollen Kreationen des Meisters Burri k\u00f6nnen Sie den Abstieg entlang der Via Mazzini mit Zwischenstopp auf der Piazza Costa beginnen, um die <strong>Werkstatt und die Textilsammlung \u201eTela Umbra\u201c<\/strong> zu besuchen, wo noch immer alte Handwebst\u00fchle betrieben werden, um bis zum Ende des Corso Vittorio Emanuele weiterzugehen und die Kirche <strong>Chiesa di S. Maria Maggiore<\/strong> zu sehen. In unmittelbarer N\u00e4he befindet sich der <strong>Palazzo Vitelli alla Cannoniera<\/strong>, ein weiteres Beispiel f\u00fcr Renaissance-Architektur f\u00fcr moderne Zwecke. In dem Geb\u00e4ude befindet sich die <strong>St\u00e4dtische Gem\u00e4ldegalerie<\/strong> mit Werken von K\u00fcnstlern, die in der Stadt arbeiteten, wie <strong>Luca Signorelli<\/strong> und Raffael. Und zum Abschluss der wundersch\u00f6nen Besichtigung lassen Sie sich von der Erhabenheit der Kirche <strong>Chiesa di S. Domenico<\/strong>, der gr\u00f6\u00dften in Citt\u00e0 di Castello, mit dem angrenzenden Kreuzgang faszinieren, der Ihnen die Geschichte der Seligen <em>Margherita<\/em> anhand der noch gut erhaltenen Fresken aus dem 16. Jahrhundert erz\u00e4hlt.<\/p>\n","protected":false},"excerpt":{"rendered":"<p>Die Spuren der Renaissance, die die Familie Vitelli der Stadt Citt\u00e0 di Castello mit ihrem unerm\u00fcdlichen M\u00e4zenatentum hinterlassen hat, sind noch heute die Besonderheit des Stadtzentrums. Im Gegensatz zu den meisten mittelalterlichen umbrischen D\u00f6rfern, die sich an verwinkelte und schmale Gassen schmiegen, durchbricht Citt\u00e0 di Castello mit der ruhigen Sch\u00f6nheit seiner breiten und geraden Stra\u00dfen, [&hellip;]<\/p>\n","protected":false},"author":3,"featured_media":1935,"parent":3207,"menu_order":0,"comment_status":"closed","ping_status":"closed","template":"","meta":{"om_disable_all_campaigns":false,"_monsterinsights_skip_tracking":false,"_monsterinsights_sitenote_active":false,"_monsterinsights_sitenote_note":"","_monsterinsights_sitenote_category":0},"acf":[],"yoast_head":"<!-- This site is optimized with the Yoast SEO plugin v18.4.1 - https:\/\/yoast.com\/wordpress\/plugins\/seo\/ -->\n<title>Sehensw\u00fcrdigkeiten in Citt\u00e0 di Castello - Exploring Umbria<\/title>\n<meta name=\"description\" content=\"Die Spuren der Renaissance, die die Familie Vitelli der Stadt Citt\u00e0 di Castello mit ihrem unerm\u00fcdlichen M\u00e4zenatentum hinterlassen hat, sind noch heute die\" \/>\n<meta name=\"robots\" content=\"index, follow, max-snippet:-1, max-image-preview:large, max-video-preview:-1\" \/>\n<link rel=\"canonical\" href=\"https:\/\/www.exploring-umbria.com\/de\/entdecke-citta-di-castello\/sehenswuerdigkeiten-in-citta-di-castello\/\" \/>\n<meta property=\"og:locale\" content=\"de_DE\" \/>\n<meta property=\"og:type\" content=\"article\" \/>\n<meta property=\"og:title\" content=\"Sehensw\u00fcrdigkeiten in Citt\u00e0 di Castello - Exploring Umbria\" \/>\n<meta property=\"og:description\" content=\"Die Spuren der Renaissance, die die Familie Vitelli der Stadt Citt\u00e0 di Castello mit ihrem unerm\u00fcdlichen M\u00e4zenatentum hinterlassen hat, sind noch heute die\" \/>\n<meta property=\"og:url\" content=\"https:\/\/www.exploring-umbria.com\/de\/entdecke-citta-di-castello\/sehenswuerdigkeiten-in-citta-di-castello\/\" \/>\n<meta property=\"og:site_name\" content=\"Exploring Umbria\" \/>\n<meta property=\"article:publisher\" content=\"https:\/\/www.facebook.com\/exploringumbria\/\" \/>\n<meta property=\"article:modified_time\" content=\"2019-12-24T10:26:14+00:00\" \/>\n<meta property=\"og:image\" content=\"https:\/\/www.exploring-umbria.com\/wp-content\/uploads\/2019\/03\/CITTA-DI-CASTELLO-PIAZZA-MATTEOTTI-2000x1333.jpeg\" \/>\n\t<meta property=\"og:image:width\" content=\"2000\" \/>\n\t<meta property=\"og:image:height\" content=\"1333\" \/>\n\t<meta property=\"og:image:type\" content=\"image\/jpeg\" \/>\n<meta name=\"twitter:card\" content=\"summary_large_image\" \/>\n<meta name=\"twitter:label1\" content=\"Gesch\u00e4tzte Lesezeit\" \/>\n\t<meta name=\"twitter:data1\" content=\"3\u00a0Minuten\" \/>\n<script type=\"application\/ld+json\" class=\"yoast-schema-graph\">{\"@context\":\"https:\/\/schema.org\",\"@graph\":[{\"@type\":\"Organization\",\"@id\":\"https:\/\/www.exploring-umbria.com\/de\/#organization\",\"name\":\"Exploring Umbria\",\"url\":\"https:\/\/www.exploring-umbria.com\/de\/\",\"sameAs\":[\"https:\/\/www.facebook.com\/exploringumbria\/\",\"https:\/\/www.instagram.com\/exploringumbria\/\"],\"logo\":{\"@type\":\"ImageObject\",\"@id\":\"https:\/\/www.exploring-umbria.com\/de\/#logo\",\"inLanguage\":\"de\",\"url\":\"https:\/\/www.exploring-umbria.com\/wp-content\/uploads\/2019\/08\/solo-logo-verde.jpg\",\"contentUrl\":\"https:\/\/www.exploring-umbria.com\/wp-content\/uploads\/2019\/08\/solo-logo-verde.jpg\",\"width\":952,\"height\":532,\"caption\":\"Exploring Umbria\"},\"image\":{\"@id\":\"https:\/\/www.exploring-umbria.com\/de\/#logo\"}},{\"@type\":\"WebSite\",\"@id\":\"https:\/\/www.exploring-umbria.com\/de\/#website\",\"url\":\"https:\/\/www.exploring-umbria.com\/de\/\",\"name\":\"Exploring Umbria\",\"description\":\"your dates, your mood, your trip\",\"publisher\":{\"@id\":\"https:\/\/www.exploring-umbria.com\/de\/#organization\"},\"potentialAction\":[{\"@type\":\"SearchAction\",\"target\":{\"@type\":\"EntryPoint\",\"urlTemplate\":\"https:\/\/www.exploring-umbria.com\/de\/?s={search_term_string}\"},\"query-input\":\"required name=search_term_string\"}],\"inLanguage\":\"de\"},{\"@type\":\"ImageObject\",\"@id\":\"https:\/\/www.exploring-umbria.com\/de\/entdecke-citta-di-castello\/sehenswuerdigkeiten-in-citta-di-castello\/#primaryimage\",\"inLanguage\":\"de\",\"url\":\"https:\/\/www.exploring-umbria.com\/wp-content\/uploads\/2019\/03\/CITTA-DI-CASTELLO-PIAZZA-MATTEOTTI-2000x1333.jpeg\",\"contentUrl\":\"https:\/\/www.exploring-umbria.com\/wp-content\/uploads\/2019\/03\/CITTA-DI-CASTELLO-PIAZZA-MATTEOTTI-2000x1333.jpeg\",\"width\":2000,\"height\":1333,\"caption\":\"Citta di Castello (Umbria) Piazza Matteotti\"},{\"@type\":\"WebPage\",\"@id\":\"https:\/\/www.exploring-umbria.com\/de\/entdecke-citta-di-castello\/sehenswuerdigkeiten-in-citta-di-castello\/#webpage\",\"url\":\"https:\/\/www.exploring-umbria.com\/de\/entdecke-citta-di-castello\/sehenswuerdigkeiten-in-citta-di-castello\/\",\"name\":\"Sehensw\u00fcrdigkeiten in Citt\u00e0 di Castello - Exploring Umbria\",\"isPartOf\":{\"@id\":\"https:\/\/www.exploring-umbria.com\/de\/#website\"},\"primaryImageOfPage\":{\"@id\":\"https:\/\/www.exploring-umbria.com\/de\/entdecke-citta-di-castello\/sehenswuerdigkeiten-in-citta-di-castello\/#primaryimage\"},\"datePublished\":\"2019-02-12T09:09:33+00:00\",\"dateModified\":\"2019-12-24T10:26:14+00:00\",\"description\":\"Die Spuren der Renaissance, die die Familie Vitelli der Stadt Citt\u00e0 di Castello mit ihrem unerm\u00fcdlichen M\u00e4zenatentum hinterlassen hat, sind noch heute die\",\"breadcrumb\":{\"@id\":\"https:\/\/www.exploring-umbria.com\/de\/entdecke-citta-di-castello\/sehenswuerdigkeiten-in-citta-di-castello\/#breadcrumb\"},\"inLanguage\":\"de\",\"potentialAction\":[{\"@type\":\"ReadAction\",\"target\":[\"https:\/\/www.exploring-umbria.com\/de\/entdecke-citta-di-castello\/sehenswuerdigkeiten-in-citta-di-castello\/\"]}]},{\"@type\":\"BreadcrumbList\",\"@id\":\"https:\/\/www.exploring-umbria.com\/de\/entdecke-citta-di-castello\/sehenswuerdigkeiten-in-citta-di-castello\/#breadcrumb\",\"itemListElement\":[{\"@type\":\"ListItem\",\"position\":1,\"name\":\"Home\",\"item\":\"https:\/\/www.exploring-umbria.com\/de\/\"},{\"@type\":\"ListItem\",\"position\":2,\"name\":\"Entdecke Citt\u00e0 di Castello\",\"item\":\"https:\/\/www.exploring-umbria.com\/de\/entdecke-citta-di-castello\/\"},{\"@type\":\"ListItem\",\"position\":3,\"name\":\"Sehensw\u00fcrdigkeiten in Citt\u00e0 di Castello\"}]}]}<\/script>\n<!-- \/ Yoast SEO plugin. -->","yoast_head_json":{"title":"Sehensw\u00fcrdigkeiten in Citt\u00e0 di Castello - Exploring Umbria","description":"Die Spuren der Renaissance, die die Familie Vitelli der Stadt Citt\u00e0 di Castello mit ihrem unerm\u00fcdlichen M\u00e4zenatentum hinterlassen hat, sind noch heute die","robots":{"index":"index","follow":"follow","max-snippet":"max-snippet:-1","max-image-preview":"max-image-preview:large","max-video-preview":"max-video-preview:-1"},"canonical":"https:\/\/www.exploring-umbria.com\/de\/entdecke-citta-di-castello\/sehenswuerdigkeiten-in-citta-di-castello\/","og_locale":"de_DE","og_type":"article","og_title":"Sehensw\u00fcrdigkeiten in Citt\u00e0 di Castello - Exploring Umbria","og_description":"Die Spuren der Renaissance, die die Familie Vitelli der Stadt Citt\u00e0 di Castello mit ihrem unerm\u00fcdlichen M\u00e4zenatentum hinterlassen hat, sind noch heute die","og_url":"https:\/\/www.exploring-umbria.com\/de\/entdecke-citta-di-castello\/sehenswuerdigkeiten-in-citta-di-castello\/","og_site_name":"Exploring Umbria","article_publisher":"https:\/\/www.facebook.com\/exploringumbria\/","article_modified_time":"2019-12-24T10:26:14+00:00","og_image":[{"width":2000,"height":1333,"url":"https:\/\/www.exploring-umbria.com\/wp-content\/uploads\/2019\/03\/CITTA-DI-CASTELLO-PIAZZA-MATTEOTTI-2000x1333.jpeg","type":"image\/jpeg"}],"twitter_card":"summary_large_image","twitter_misc":{"Gesch\u00e4tzte Lesezeit":"3\u00a0Minuten"},"schema":{"@context":"https:\/\/schema.org","@graph":[{"@type":"Organization","@id":"https:\/\/www.exploring-umbria.com\/de\/#organization","name":"Exploring Umbria","url":"https:\/\/www.exploring-umbria.com\/de\/","sameAs":["https:\/\/www.facebook.com\/exploringumbria\/","https:\/\/www.instagram.com\/exploringumbria\/"],"logo":{"@type":"ImageObject","@id":"https:\/\/www.exploring-umbria.com\/de\/#logo","inLanguage":"de","url":"https:\/\/www.exploring-umbria.com\/wp-content\/uploads\/2019\/08\/solo-logo-verde.jpg","contentUrl":"https:\/\/www.exploring-umbria.com\/wp-content\/uploads\/2019\/08\/solo-logo-verde.jpg","width":952,"height":532,"caption":"Exploring Umbria"},"image":{"@id":"https:\/\/www.exploring-umbria.com\/de\/#logo"}},{"@type":"WebSite","@id":"https:\/\/www.exploring-umbria.com\/de\/#website","url":"https:\/\/www.exploring-umbria.com\/de\/","name":"Exploring Umbria","description":"your dates, your mood, your trip","publisher":{"@id":"https:\/\/www.exploring-umbria.com\/de\/#organization"},"potentialAction":[{"@type":"SearchAction","target":{"@type":"EntryPoint","urlTemplate":"https:\/\/www.exploring-umbria.com\/de\/?s={search_term_string}"},"query-input":"required name=search_term_string"}],"inLanguage":"de"},{"@type":"ImageObject","@id":"https:\/\/www.exploring-umbria.com\/de\/entdecke-citta-di-castello\/sehenswuerdigkeiten-in-citta-di-castello\/#primaryimage","inLanguage":"de","url":"https:\/\/www.exploring-umbria.com\/wp-content\/uploads\/2019\/03\/CITTA-DI-CASTELLO-PIAZZA-MATTEOTTI-2000x1333.jpeg","contentUrl":"https:\/\/www.exploring-umbria.com\/wp-content\/uploads\/2019\/03\/CITTA-DI-CASTELLO-PIAZZA-MATTEOTTI-2000x1333.jpeg","width":2000,"height":1333,"caption":"Citta di Castello (Umbria) Piazza Matteotti"},{"@type":"WebPage","@id":"https:\/\/www.exploring-umbria.com\/de\/entdecke-citta-di-castello\/sehenswuerdigkeiten-in-citta-di-castello\/#webpage","url":"https:\/\/www.exploring-umbria.com\/de\/entdecke-citta-di-castello\/sehenswuerdigkeiten-in-citta-di-castello\/","name":"Sehensw\u00fcrdigkeiten in Citt\u00e0 di Castello - Exploring Umbria","isPartOf":{"@id":"https:\/\/www.exploring-umbria.com\/de\/#website"},"primaryImageOfPage":{"@id":"https:\/\/www.exploring-umbria.com\/de\/entdecke-citta-di-castello\/sehenswuerdigkeiten-in-citta-di-castello\/#primaryimage"},"datePublished":"2019-02-12T09:09:33+00:00","dateModified":"2019-12-24T10:26:14+00:00","description":"Die Spuren der Renaissance, die die Familie Vitelli der Stadt Citt\u00e0 di Castello mit ihrem unerm\u00fcdlichen M\u00e4zenatentum hinterlassen hat, sind noch heute die","breadcrumb":{"@id":"https:\/\/www.exploring-umbria.com\/de\/entdecke-citta-di-castello\/sehenswuerdigkeiten-in-citta-di-castello\/#breadcrumb"},"inLanguage":"de","potentialAction":[{"@type":"ReadAction","target":["https:\/\/www.exploring-umbria.com\/de\/entdecke-citta-di-castello\/sehenswuerdigkeiten-in-citta-di-castello\/"]}]},{"@type":"BreadcrumbList","@id":"https:\/\/www.exploring-umbria.com\/de\/entdecke-citta-di-castello\/sehenswuerdigkeiten-in-citta-di-castello\/#breadcrumb","itemListElement":[{"@type":"ListItem","position":1,"name":"Home","item":"https:\/\/www.exploring-umbria.com\/de\/"},{"@type":"ListItem","position":2,"name":"Entdecke Citt\u00e0 di Castello","item":"https:\/\/www.exploring-umbria.com\/de\/entdecke-citta-di-castello\/"},{"@type":"ListItem","position":3,"name":"Sehensw\u00fcrdigkeiten in Citt\u00e0 di Castello"}]}]}},"_links":{"self":[{"href":"https:\/\/www.exploring-umbria.com\/de\/wp-json\/wp\/v2\/pages\/3205"}],"collection":[{"href":"https:\/\/www.exploring-umbria.com\/de\/wp-json\/wp\/v2\/pages"}],"about":[{"href":"https:\/\/www.exploring-umbria.com\/de\/wp-json\/wp\/v2\/types\/page"}],"author":[{"embeddable":true,"href":"https:\/\/www.exploring-umbria.com\/de\/wp-json\/wp\/v2\/users\/3"}],"replies":[{"embeddable":true,"href":"https:\/\/www.exploring-umbria.com\/de\/wp-json\/wp\/v2\/comments?post=3205"}],"version-history":[{"count":7,"href":"https:\/\/www.exploring-umbria.com\/de\/wp-json\/wp\/v2\/pages\/3205\/revisions"}],"predecessor-version":[{"id":26626,"href":"https:\/\/www.exploring-umbria.com\/de\/wp-json\/wp\/v2\/pages\/3205\/revisions\/26626"}],"up":[{"embeddable":true,"href":"https:\/\/www.exploring-umbria.com\/de\/wp-json\/wp\/v2\/pages\/3207"}],"wp:featuredmedia":[{"embeddable":true,"href":"https:\/\/www.exploring-umbria.com\/de\/wp-json\/wp\/v2\/media\/1935"}],"wp:attachment":[{"href":"https:\/\/www.exploring-umbria.com\/de\/wp-json\/wp\/v2\/media?parent=3205"}],"curies":[{"name":"wp","href":"https:\/\/api.w.org\/{rel}","templated":true}]}}