{"id":3183,"date":"2019-02-12T12:31:28","date_gmt":"2019-02-12T11:31:28","guid":{"rendered":"https:\/\/www.exploring-umbria.com\/chiesa-di-santa-maria-maggiore\/"},"modified":"2020-01-13T19:50:13","modified_gmt":"2020-01-13T18:50:13","slug":"kirche-s-maria-maggiore-citta-di-castello","status":"publish","type":"page","link":"https:\/\/www.exploring-umbria.com\/de\/entdecke-citta-di-castello\/sehenswuerdigkeiten-in-citta-di-castello\/kirche-s-maria-maggiore-citta-di-castello\/","title":{"rendered":"Kirche S. Maria Maggiore Citt\u00e0 di Castello"},"content":{"rendered":"<p>Am \u00e4u\u00dfersten S\u00fcdrand der <a href=\"https:\/\/www.exploring-umbria.com\/de\/aktivitaten\/guided-tour-of-citta-di-castello\/\" rel=\"noopener noreferrer\" target=\"_blank\">Stadt<\/a>, angrenzend an die alte Stadtmauer, steht die Kirche S. Maria Maggiore. Auf den \u00dcberresten eines fr\u00fcheren Geb\u00e4udes aus dem 13. Jahrhundert, das S. Maria della Neve gewidmet war, errichtete Niccol\u00f2 Vitelli das heutige Geb\u00e4ude.<br \/>\nNachdem Niccol\u00f2, der \u201eVater des Vaterlandes\u201c, Citt\u00e0 di Castello wiedererlangt hatte, beschloss er, die Kirche aus dem Material der nahegelegenen Festung wieder aufbauen zu lassen, die 1474 abgerissen wurde. Die Arbeiten, die zu den heutigen Formen f\u00fchrten, erfolgten von 1483 bis 1509, w\u00e4hrend zwischen 1935 und 1939 auf Gehei\u00df des Pfarrers Giuseppe Malvestiti Renovierungen und Renovierungsarbeiten durchgef\u00fchrt wurden.<br \/>\nDie Fassade ist schlicht, mit einer einfachen Ziegelverkleidung und Rahmen, und selbst die prunkvolle barocke Inneneinrichtung wurde teilweise entfernt, um die urspr\u00fcngliche Einfachheit wiederherzustellen.<br \/>\nDas Geb\u00e4ude hat einen rechteckigen Grundriss, der in drei Schiffe unterteilt ist. Das Hauptschiff verf\u00fcgt \u00fcber ein kreuzgew\u00f6lbtes Dach, das von S\u00e4ulen getragen und von Steinrippen unterstrichen wird, die an der Kreuzung mit den Wappen der Familie Vitelli verziert sind. Das Kirchenschiff wird von einer polygonalen Apsis gekr\u00f6nt, an deren Seiten sich zwei rechteckige Kapellen befinden, die mit Fresken aus dem 15. Jahrhundert und Werken moderner K\u00fcnstler verziert sind. Zu den wichtigsten geh\u00f6ren: \u201eTaufe Christi\u201c (1939) von Alessandro Bruschetti, daneben die Figur des Heiligen Emidio, Schutzpatron gegen Erdbeben (1953), von Nemo Sarteanesi, und auch die Fresken von Alvaro Sarteanesi mit \u201eMadonna di Loreto\u201c (1950) und \u201eSan Carlo Borromeo und die Pestopfer von 1943\u201c von Aldo Riguccini.<br \/>\nHinter dem Hochaltar wurde schlie\u00dflich das Chorgest\u00fchl noch neu gestaltet, das in der zweiten H\u00e4lfte des 16. Jahrhunderts im Auftrag von Beatrice Vitelli errichtet wurde, die 1536 als Erzieherin in das Augustinerkloster eintrat und dort als Nonne blieb.<\/p>\n","protected":false},"excerpt":{"rendered":"<p>Am \u00e4u\u00dfersten S\u00fcdrand der Stadt, angrenzend an die alte Stadtmauer, steht die Kirche S. Maria Maggiore. Auf den \u00dcberresten eines fr\u00fcheren Geb\u00e4udes aus dem 13. Jahrhundert, das S. Maria della Neve gewidmet war, errichtete Niccol\u00f2 Vitelli das heutige Geb\u00e4ude. Nachdem Niccol\u00f2, der \u201eVater des Vaterlandes\u201c, Citt\u00e0 di Castello wiedererlangt hatte, beschloss er, die Kirche aus [&hellip;]<\/p>\n","protected":false},"author":3,"featured_media":0,"parent":3205,"menu_order":4,"comment_status":"closed","ping_status":"closed","template":"","meta":{"om_disable_all_campaigns":false,"_monsterinsights_skip_tracking":false,"_monsterinsights_sitenote_active":false,"_monsterinsights_sitenote_note":"","_monsterinsights_sitenote_category":0},"acf":[],"yoast_head":"<!-- This site is optimized with the Yoast SEO plugin v18.4.1 - https:\/\/yoast.com\/wordpress\/plugins\/seo\/ -->\n<title>Kirche S. Maria Maggiore Citt\u00e0 di Castello - Exploring Umbria<\/title>\n<meta name=\"description\" content=\"Am \u00e4u\u00dfersten S\u00fcdrand der Stadt, angrenzend an die alte Stadtmauer, steht die Kirche S. Maria Maggiore. Auf den \u00dcberresten eines fr\u00fcheren Geb\u00e4udes aus dem\" \/>\n<meta name=\"robots\" content=\"index, follow, max-snippet:-1, max-image-preview:large, max-video-preview:-1\" \/>\n<link rel=\"canonical\" href=\"https:\/\/www.exploring-umbria.com\/de\/entdecke-citta-di-castello\/sehenswuerdigkeiten-in-citta-di-castello\/kirche-s-maria-maggiore-citta-di-castello\/\" \/>\n<meta property=\"og:locale\" content=\"de_DE\" \/>\n<meta property=\"og:type\" content=\"article\" \/>\n<meta property=\"og:title\" content=\"Kirche S. Maria Maggiore Citt\u00e0 di Castello - Exploring Umbria\" \/>\n<meta property=\"og:description\" content=\"Am \u00e4u\u00dfersten S\u00fcdrand der Stadt, angrenzend an die alte Stadtmauer, steht die Kirche S. Maria Maggiore. Auf den \u00dcberresten eines fr\u00fcheren Geb\u00e4udes aus dem\" \/>\n<meta property=\"og:url\" content=\"https:\/\/www.exploring-umbria.com\/de\/entdecke-citta-di-castello\/sehenswuerdigkeiten-in-citta-di-castello\/kirche-s-maria-maggiore-citta-di-castello\/\" \/>\n<meta property=\"og:site_name\" content=\"Exploring Umbria\" \/>\n<meta property=\"article:publisher\" content=\"https:\/\/www.facebook.com\/exploringumbria\/\" \/>\n<meta property=\"article:modified_time\" content=\"2020-01-13T18:50:13+00:00\" \/>\n<meta name=\"twitter:card\" content=\"summary_large_image\" \/>\n<meta name=\"twitter:label1\" content=\"Gesch\u00e4tzte Lesezeit\" \/>\n\t<meta name=\"twitter:data1\" content=\"1\u00a0Minute\" \/>\n<script type=\"application\/ld+json\" class=\"yoast-schema-graph\">{\"@context\":\"https:\/\/schema.org\",\"@graph\":[{\"@type\":\"Organization\",\"@id\":\"https:\/\/www.exploring-umbria.com\/de\/#organization\",\"name\":\"Exploring Umbria\",\"url\":\"https:\/\/www.exploring-umbria.com\/de\/\",\"sameAs\":[\"https:\/\/www.facebook.com\/exploringumbria\/\",\"https:\/\/www.instagram.com\/exploringumbria\/\"],\"logo\":{\"@type\":\"ImageObject\",\"@id\":\"https:\/\/www.exploring-umbria.com\/de\/#logo\",\"inLanguage\":\"de\",\"url\":\"https:\/\/www.exploring-umbria.com\/wp-content\/uploads\/2019\/08\/solo-logo-verde.jpg\",\"contentUrl\":\"https:\/\/www.exploring-umbria.com\/wp-content\/uploads\/2019\/08\/solo-logo-verde.jpg\",\"width\":952,\"height\":532,\"caption\":\"Exploring Umbria\"},\"image\":{\"@id\":\"https:\/\/www.exploring-umbria.com\/de\/#logo\"}},{\"@type\":\"WebSite\",\"@id\":\"https:\/\/www.exploring-umbria.com\/de\/#website\",\"url\":\"https:\/\/www.exploring-umbria.com\/de\/\",\"name\":\"Exploring Umbria\",\"description\":\"your dates, your mood, your trip\",\"publisher\":{\"@id\":\"https:\/\/www.exploring-umbria.com\/de\/#organization\"},\"potentialAction\":[{\"@type\":\"SearchAction\",\"target\":{\"@type\":\"EntryPoint\",\"urlTemplate\":\"https:\/\/www.exploring-umbria.com\/de\/?s={search_term_string}\"},\"query-input\":\"required name=search_term_string\"}],\"inLanguage\":\"de\"},{\"@type\":\"WebPage\",\"@id\":\"https:\/\/www.exploring-umbria.com\/de\/entdecke-citta-di-castello\/sehenswuerdigkeiten-in-citta-di-castello\/kirche-s-maria-maggiore-citta-di-castello\/#webpage\",\"url\":\"https:\/\/www.exploring-umbria.com\/de\/entdecke-citta-di-castello\/sehenswuerdigkeiten-in-citta-di-castello\/kirche-s-maria-maggiore-citta-di-castello\/\",\"name\":\"Kirche S. Maria Maggiore Citt\u00e0 di Castello - Exploring Umbria\",\"isPartOf\":{\"@id\":\"https:\/\/www.exploring-umbria.com\/de\/#website\"},\"datePublished\":\"2019-02-12T11:31:28+00:00\",\"dateModified\":\"2020-01-13T18:50:13+00:00\",\"description\":\"Am \u00e4u\u00dfersten S\u00fcdrand der Stadt, angrenzend an die alte Stadtmauer, steht die Kirche S. Maria Maggiore. Auf den \u00dcberresten eines fr\u00fcheren Geb\u00e4udes aus dem\",\"breadcrumb\":{\"@id\":\"https:\/\/www.exploring-umbria.com\/de\/entdecke-citta-di-castello\/sehenswuerdigkeiten-in-citta-di-castello\/kirche-s-maria-maggiore-citta-di-castello\/#breadcrumb\"},\"inLanguage\":\"de\",\"potentialAction\":[{\"@type\":\"ReadAction\",\"target\":[\"https:\/\/www.exploring-umbria.com\/de\/entdecke-citta-di-castello\/sehenswuerdigkeiten-in-citta-di-castello\/kirche-s-maria-maggiore-citta-di-castello\/\"]}]},{\"@type\":\"BreadcrumbList\",\"@id\":\"https:\/\/www.exploring-umbria.com\/de\/entdecke-citta-di-castello\/sehenswuerdigkeiten-in-citta-di-castello\/kirche-s-maria-maggiore-citta-di-castello\/#breadcrumb\",\"itemListElement\":[{\"@type\":\"ListItem\",\"position\":1,\"name\":\"Home\",\"item\":\"https:\/\/www.exploring-umbria.com\/de\/\"},{\"@type\":\"ListItem\",\"position\":2,\"name\":\"Entdecke Citt\u00e0 di Castello\",\"item\":\"https:\/\/www.exploring-umbria.com\/de\/entdecke-citta-di-castello\/\"},{\"@type\":\"ListItem\",\"position\":3,\"name\":\"Sehensw\u00fcrdigkeiten in Citt\u00e0 di Castello\",\"item\":\"https:\/\/www.exploring-umbria.com\/de\/entdecke-citta-di-castello\/sehenswuerdigkeiten-in-citta-di-castello\/\"},{\"@type\":\"ListItem\",\"position\":4,\"name\":\"Kirche S. Maria Maggiore Citt\u00e0 di Castello\"}]}]}<\/script>\n<!-- \/ Yoast SEO plugin. -->","yoast_head_json":{"title":"Kirche S. Maria Maggiore Citt\u00e0 di Castello - Exploring Umbria","description":"Am \u00e4u\u00dfersten S\u00fcdrand der Stadt, angrenzend an die alte Stadtmauer, steht die Kirche S. Maria Maggiore. Auf den \u00dcberresten eines fr\u00fcheren Geb\u00e4udes aus dem","robots":{"index":"index","follow":"follow","max-snippet":"max-snippet:-1","max-image-preview":"max-image-preview:large","max-video-preview":"max-video-preview:-1"},"canonical":"https:\/\/www.exploring-umbria.com\/de\/entdecke-citta-di-castello\/sehenswuerdigkeiten-in-citta-di-castello\/kirche-s-maria-maggiore-citta-di-castello\/","og_locale":"de_DE","og_type":"article","og_title":"Kirche S. Maria Maggiore Citt\u00e0 di Castello - Exploring Umbria","og_description":"Am \u00e4u\u00dfersten S\u00fcdrand der Stadt, angrenzend an die alte Stadtmauer, steht die Kirche S. Maria Maggiore. Auf den \u00dcberresten eines fr\u00fcheren Geb\u00e4udes aus dem","og_url":"https:\/\/www.exploring-umbria.com\/de\/entdecke-citta-di-castello\/sehenswuerdigkeiten-in-citta-di-castello\/kirche-s-maria-maggiore-citta-di-castello\/","og_site_name":"Exploring Umbria","article_publisher":"https:\/\/www.facebook.com\/exploringumbria\/","article_modified_time":"2020-01-13T18:50:13+00:00","twitter_card":"summary_large_image","twitter_misc":{"Gesch\u00e4tzte Lesezeit":"1\u00a0Minute"},"schema":{"@context":"https:\/\/schema.org","@graph":[{"@type":"Organization","@id":"https:\/\/www.exploring-umbria.com\/de\/#organization","name":"Exploring Umbria","url":"https:\/\/www.exploring-umbria.com\/de\/","sameAs":["https:\/\/www.facebook.com\/exploringumbria\/","https:\/\/www.instagram.com\/exploringumbria\/"],"logo":{"@type":"ImageObject","@id":"https:\/\/www.exploring-umbria.com\/de\/#logo","inLanguage":"de","url":"https:\/\/www.exploring-umbria.com\/wp-content\/uploads\/2019\/08\/solo-logo-verde.jpg","contentUrl":"https:\/\/www.exploring-umbria.com\/wp-content\/uploads\/2019\/08\/solo-logo-verde.jpg","width":952,"height":532,"caption":"Exploring Umbria"},"image":{"@id":"https:\/\/www.exploring-umbria.com\/de\/#logo"}},{"@type":"WebSite","@id":"https:\/\/www.exploring-umbria.com\/de\/#website","url":"https:\/\/www.exploring-umbria.com\/de\/","name":"Exploring Umbria","description":"your dates, your mood, your trip","publisher":{"@id":"https:\/\/www.exploring-umbria.com\/de\/#organization"},"potentialAction":[{"@type":"SearchAction","target":{"@type":"EntryPoint","urlTemplate":"https:\/\/www.exploring-umbria.com\/de\/?s={search_term_string}"},"query-input":"required name=search_term_string"}],"inLanguage":"de"},{"@type":"WebPage","@id":"https:\/\/www.exploring-umbria.com\/de\/entdecke-citta-di-castello\/sehenswuerdigkeiten-in-citta-di-castello\/kirche-s-maria-maggiore-citta-di-castello\/#webpage","url":"https:\/\/www.exploring-umbria.com\/de\/entdecke-citta-di-castello\/sehenswuerdigkeiten-in-citta-di-castello\/kirche-s-maria-maggiore-citta-di-castello\/","name":"Kirche S. Maria Maggiore Citt\u00e0 di Castello - Exploring Umbria","isPartOf":{"@id":"https:\/\/www.exploring-umbria.com\/de\/#website"},"datePublished":"2019-02-12T11:31:28+00:00","dateModified":"2020-01-13T18:50:13+00:00","description":"Am \u00e4u\u00dfersten S\u00fcdrand der Stadt, angrenzend an die alte Stadtmauer, steht die Kirche S. Maria Maggiore. Auf den \u00dcberresten eines fr\u00fcheren Geb\u00e4udes aus dem","breadcrumb":{"@id":"https:\/\/www.exploring-umbria.com\/de\/entdecke-citta-di-castello\/sehenswuerdigkeiten-in-citta-di-castello\/kirche-s-maria-maggiore-citta-di-castello\/#breadcrumb"},"inLanguage":"de","potentialAction":[{"@type":"ReadAction","target":["https:\/\/www.exploring-umbria.com\/de\/entdecke-citta-di-castello\/sehenswuerdigkeiten-in-citta-di-castello\/kirche-s-maria-maggiore-citta-di-castello\/"]}]},{"@type":"BreadcrumbList","@id":"https:\/\/www.exploring-umbria.com\/de\/entdecke-citta-di-castello\/sehenswuerdigkeiten-in-citta-di-castello\/kirche-s-maria-maggiore-citta-di-castello\/#breadcrumb","itemListElement":[{"@type":"ListItem","position":1,"name":"Home","item":"https:\/\/www.exploring-umbria.com\/de\/"},{"@type":"ListItem","position":2,"name":"Entdecke Citt\u00e0 di Castello","item":"https:\/\/www.exploring-umbria.com\/de\/entdecke-citta-di-castello\/"},{"@type":"ListItem","position":3,"name":"Sehensw\u00fcrdigkeiten in Citt\u00e0 di Castello","item":"https:\/\/www.exploring-umbria.com\/de\/entdecke-citta-di-castello\/sehenswuerdigkeiten-in-citta-di-castello\/"},{"@type":"ListItem","position":4,"name":"Kirche S. Maria Maggiore Citt\u00e0 di Castello"}]}]}},"_links":{"self":[{"href":"https:\/\/www.exploring-umbria.com\/de\/wp-json\/wp\/v2\/pages\/3183"}],"collection":[{"href":"https:\/\/www.exploring-umbria.com\/de\/wp-json\/wp\/v2\/pages"}],"about":[{"href":"https:\/\/www.exploring-umbria.com\/de\/wp-json\/wp\/v2\/types\/page"}],"author":[{"embeddable":true,"href":"https:\/\/www.exploring-umbria.com\/de\/wp-json\/wp\/v2\/users\/3"}],"replies":[{"embeddable":true,"href":"https:\/\/www.exploring-umbria.com\/de\/wp-json\/wp\/v2\/comments?post=3183"}],"version-history":[{"count":4,"href":"https:\/\/www.exploring-umbria.com\/de\/wp-json\/wp\/v2\/pages\/3183\/revisions"}],"predecessor-version":[{"id":29241,"href":"https:\/\/www.exploring-umbria.com\/de\/wp-json\/wp\/v2\/pages\/3183\/revisions\/29241"}],"up":[{"embeddable":true,"href":"https:\/\/www.exploring-umbria.com\/de\/wp-json\/wp\/v2\/pages\/3205"}],"wp:attachment":[{"href":"https:\/\/www.exploring-umbria.com\/de\/wp-json\/wp\/v2\/media?parent=3183"}],"curies":[{"name":"wp","href":"https:\/\/api.w.org\/{rel}","templated":true}]}}