{"id":3176,"date":"2019-02-12T12:32:50","date_gmt":"2019-02-12T11:32:50","guid":{"rendered":"https:\/\/www.exploring-umbria.com\/museo-degli-ex-seccatoi-del-tabacco\/"},"modified":"2020-01-13T20:23:27","modified_gmt":"2020-01-13T19:23:27","slug":"museum-der-ehemaligen-tabaktrocknungsanlage","status":"publish","type":"page","link":"https:\/\/www.exploring-umbria.com\/de\/entdecke-citta-di-castello\/sehenswuerdigkeiten-in-citta-di-castello\/museum-der-ehemaligen-tabaktrocknungsanlage\/","title":{"rendered":"Museum der Ehemaligen Tabaktrocknungsanlage"},"content":{"rendered":"<p>Der Tabakanbau scheint sich in Umbrien seit dem 16. Jahrhundert verbreitet zu haben. Sp\u00e4ter wurde die kleine Republik Kospaien, eine Freizone zwischen dem Gro\u00dfherzogtum Toskana und dem Kirchenstaat, bis in die siebziger Jahre des 20. Jahrhunderts zu einem florierenden Zentrum des Schmuggels. In der Zeit nach dem zweiten Weltkrieg war der Anbau von tropischem Tabak, der in der Region produziert wurde, nicht mehr rentabel und wurde langsam aufgegeben, was zur Folge hatte, dass die gro\u00dfen Bauten der Fattoria Autonoma Tabacchi in Citt\u00e0 di Castello, die f\u00fcr das Trocknen der Bl\u00e4tter genutzt wurden, aufgegeben wurden.<br \/>\nAb 1978 konnte der heimische K\u00fcnstler <a href=\"https:\/\/de.wikipedia.org\/wiki\/Alberto_Burri\" rel=\"noopener noreferrer\" target=\"_blank\">Alberto Burri<\/a> die Lager als Werkst\u00e4tte f\u00fcr die Umsetzung gro\u00dfer Kunstwerke nutzen. Burri, 1915 in <a href=\"https:\/\/www.exploring-umbria.com\/de\/aktivitaten\/guided-tour-of-citta-di-castello\/\" rel=\"noopener noreferrer\" target=\"_blank\">Citt\u00e0 di Castello<\/a> geboren, war von Beruf Arzt und begann sich w\u00e4hrend des Zweiten Weltkriegs der Kunst zu widmen. Seine Arbeit ist Teil der informellen Kunstgattung, die sich durch die Verwendung innovativer Materialien und kolossaler L\u00f6sungen auszeichnet (sehr ber\u00fchmt ist \u201eil Gretto\u201c von Gibellina Vecchia auf Sizilien, eine enorme Fl\u00e4che aus wei\u00dfem Beton zur Abdeckung der Ruinen des Erdbebens von 1968).<br \/>\nIn Zusammenarbeit mit der Fondazione Palazzo Albizzini, die 1989 den gesamten Komplex erwarb und ein umfassendes Projekt der Wiederherstellung und Renovierung vorantrieb, spendete der Unterst\u00fctzer im Lauf seines Lebens (er starb 1995 in Nizza) seine Werke an seine Heimatstadt. Die gro\u00dfen Pavillons, die auf Wunsch des K\u00fcnstlers vollst\u00e4ndig schwarz gestrichen wurden, beherbergen 128 gro\u00dfe Werke, von denen sich einige sogar auf der Wiese au\u00dferhalb des Geb\u00e4udes befinden. Diese Kunstwerke wurden im Ausstellungsraum nach von Burri selbst entworfenen Zyklen aufgeteilt und angeordnet: Viaggio (1979), Orsanmichele (1980), Sestante (1982), Rosso e Nero (1983-84), T Cellotex (1975-84), Annotarsi (1985-87), Non ama il Nero (1988), Grandi Neri (1988-90), Metamorfotex (1991) und Il Nero e l&#8217;Oro (1992-93).<br \/>\nDie Ausstellung in der ehemaligen Tabaktrockungsanlage wurde 1990 er\u00f6ffnet und beherbergt auf einer Fl\u00e4che von rund 7.500 Quadratmetern die Werke des K\u00fcnstlers, die zwischen 1970 und 1993 entstanden.<br \/>\nDie restlichen ca. 130 Werke, die Burri zwischen 1948 und 1989 geschaffen hat, werden an einem anderen Ort ausgestellt, dem Palazzo Albizzini, der sich in der gleichnamigen Stra\u00dfe, unweit des Palzzo Vitelli in Sant&#8217;Egidio befindet.<\/p>\n","protected":false},"excerpt":{"rendered":"<p>Der Tabakanbau scheint sich in Umbrien seit dem 16. Jahrhundert verbreitet zu haben. Sp\u00e4ter wurde die kleine Republik Kospaien, eine Freizone zwischen dem Gro\u00dfherzogtum Toskana und dem Kirchenstaat, bis in die siebziger Jahre des 20. Jahrhunderts zu einem florierenden Zentrum des Schmuggels. In der Zeit nach dem zweiten Weltkrieg war der Anbau von tropischem Tabak, [&hellip;]<\/p>\n","protected":false},"author":3,"featured_media":29002,"parent":3205,"menu_order":6,"comment_status":"closed","ping_status":"closed","template":"","meta":{"om_disable_all_campaigns":false,"_monsterinsights_skip_tracking":false,"_monsterinsights_sitenote_active":false,"_monsterinsights_sitenote_note":"","_monsterinsights_sitenote_category":0},"acf":[],"yoast_head":"<!-- This site is optimized with the Yoast SEO plugin v18.4.1 - https:\/\/yoast.com\/wordpress\/plugins\/seo\/ -->\n<title>Museum der Ehemaligen Tabaktrocknungsanlage - Exploring Umbria<\/title>\n<meta name=\"description\" content=\"Der Tabakanbau scheint sich in Umbrien seit dem 16. Jahrhundert verbreitet zu haben. Sp\u00e4ter wurde die kleine Republik Kospaien, eine Freizone zwischen dem\" \/>\n<meta name=\"robots\" content=\"index, follow, max-snippet:-1, max-image-preview:large, max-video-preview:-1\" \/>\n<link rel=\"canonical\" href=\"https:\/\/www.exploring-umbria.com\/de\/entdecke-citta-di-castello\/sehenswuerdigkeiten-in-citta-di-castello\/museum-der-ehemaligen-tabaktrocknungsanlage\/\" \/>\n<meta property=\"og:locale\" content=\"de_DE\" \/>\n<meta property=\"og:type\" content=\"article\" \/>\n<meta property=\"og:title\" content=\"Museum der Ehemaligen Tabaktrocknungsanlage - Exploring Umbria\" \/>\n<meta property=\"og:description\" content=\"Der Tabakanbau scheint sich in Umbrien seit dem 16. Jahrhundert verbreitet zu haben. Sp\u00e4ter wurde die kleine Republik Kospaien, eine Freizone zwischen dem\" \/>\n<meta property=\"og:url\" content=\"https:\/\/www.exploring-umbria.com\/de\/entdecke-citta-di-castello\/sehenswuerdigkeiten-in-citta-di-castello\/museum-der-ehemaligen-tabaktrocknungsanlage\/\" \/>\n<meta property=\"og:site_name\" content=\"Exploring Umbria\" \/>\n<meta property=\"article:publisher\" content=\"https:\/\/www.facebook.com\/exploringumbria\/\" \/>\n<meta property=\"article:modified_time\" content=\"2020-01-13T19:23:27+00:00\" \/>\n<meta property=\"og:image\" content=\"https:\/\/www.exploring-umbria.com\/wp-content\/uploads\/2020\/01\/collezione-Burri-palazzo-Albizzini-Citt\u00e0-di-Castello-rosso-plastica.jpeg\" \/>\n\t<meta property=\"og:image:width\" content=\"1200\" \/>\n\t<meta property=\"og:image:height\" content=\"1600\" \/>\n\t<meta property=\"og:image:type\" content=\"image\/jpeg\" \/>\n<meta name=\"twitter:card\" content=\"summary_large_image\" \/>\n<meta name=\"twitter:label1\" content=\"Gesch\u00e4tzte Lesezeit\" \/>\n\t<meta name=\"twitter:data1\" content=\"2\u00a0Minuten\" \/>\n<script type=\"application\/ld+json\" class=\"yoast-schema-graph\">{\"@context\":\"https:\/\/schema.org\",\"@graph\":[{\"@type\":\"Organization\",\"@id\":\"https:\/\/www.exploring-umbria.com\/de\/#organization\",\"name\":\"Exploring Umbria\",\"url\":\"https:\/\/www.exploring-umbria.com\/de\/\",\"sameAs\":[\"https:\/\/www.facebook.com\/exploringumbria\/\",\"https:\/\/www.instagram.com\/exploringumbria\/\"],\"logo\":{\"@type\":\"ImageObject\",\"@id\":\"https:\/\/www.exploring-umbria.com\/de\/#logo\",\"inLanguage\":\"de\",\"url\":\"https:\/\/www.exploring-umbria.com\/wp-content\/uploads\/2019\/08\/solo-logo-verde.jpg\",\"contentUrl\":\"https:\/\/www.exploring-umbria.com\/wp-content\/uploads\/2019\/08\/solo-logo-verde.jpg\",\"width\":952,\"height\":532,\"caption\":\"Exploring Umbria\"},\"image\":{\"@id\":\"https:\/\/www.exploring-umbria.com\/de\/#logo\"}},{\"@type\":\"WebSite\",\"@id\":\"https:\/\/www.exploring-umbria.com\/de\/#website\",\"url\":\"https:\/\/www.exploring-umbria.com\/de\/\",\"name\":\"Exploring Umbria\",\"description\":\"your dates, your mood, your trip\",\"publisher\":{\"@id\":\"https:\/\/www.exploring-umbria.com\/de\/#organization\"},\"potentialAction\":[{\"@type\":\"SearchAction\",\"target\":{\"@type\":\"EntryPoint\",\"urlTemplate\":\"https:\/\/www.exploring-umbria.com\/de\/?s={search_term_string}\"},\"query-input\":\"required name=search_term_string\"}],\"inLanguage\":\"de\"},{\"@type\":\"ImageObject\",\"@id\":\"https:\/\/www.exploring-umbria.com\/de\/entdecke-citta-di-castello\/sehenswuerdigkeiten-in-citta-di-castello\/museum-der-ehemaligen-tabaktrocknungsanlage\/#primaryimage\",\"inLanguage\":\"de\",\"url\":\"https:\/\/www.exploring-umbria.com\/wp-content\/uploads\/2020\/01\/collezione-Burri-palazzo-Albizzini-Citt\u00e0-di-Castello-rosso-plastica.jpeg\",\"contentUrl\":\"https:\/\/www.exploring-umbria.com\/wp-content\/uploads\/2020\/01\/collezione-Burri-palazzo-Albizzini-Citt\u00e0-di-Castello-rosso-plastica.jpeg\",\"width\":1200,\"height\":1600,\"caption\":\"collezione Burri di palazzo Albizzini\"},{\"@type\":\"WebPage\",\"@id\":\"https:\/\/www.exploring-umbria.com\/de\/entdecke-citta-di-castello\/sehenswuerdigkeiten-in-citta-di-castello\/museum-der-ehemaligen-tabaktrocknungsanlage\/#webpage\",\"url\":\"https:\/\/www.exploring-umbria.com\/de\/entdecke-citta-di-castello\/sehenswuerdigkeiten-in-citta-di-castello\/museum-der-ehemaligen-tabaktrocknungsanlage\/\",\"name\":\"Museum der Ehemaligen Tabaktrocknungsanlage - Exploring Umbria\",\"isPartOf\":{\"@id\":\"https:\/\/www.exploring-umbria.com\/de\/#website\"},\"primaryImageOfPage\":{\"@id\":\"https:\/\/www.exploring-umbria.com\/de\/entdecke-citta-di-castello\/sehenswuerdigkeiten-in-citta-di-castello\/museum-der-ehemaligen-tabaktrocknungsanlage\/#primaryimage\"},\"datePublished\":\"2019-02-12T11:32:50+00:00\",\"dateModified\":\"2020-01-13T19:23:27+00:00\",\"description\":\"Der Tabakanbau scheint sich in Umbrien seit dem 16. Jahrhundert verbreitet zu haben. Sp\u00e4ter wurde die kleine Republik Kospaien, eine Freizone zwischen dem\",\"breadcrumb\":{\"@id\":\"https:\/\/www.exploring-umbria.com\/de\/entdecke-citta-di-castello\/sehenswuerdigkeiten-in-citta-di-castello\/museum-der-ehemaligen-tabaktrocknungsanlage\/#breadcrumb\"},\"inLanguage\":\"de\",\"potentialAction\":[{\"@type\":\"ReadAction\",\"target\":[\"https:\/\/www.exploring-umbria.com\/de\/entdecke-citta-di-castello\/sehenswuerdigkeiten-in-citta-di-castello\/museum-der-ehemaligen-tabaktrocknungsanlage\/\"]}]},{\"@type\":\"BreadcrumbList\",\"@id\":\"https:\/\/www.exploring-umbria.com\/de\/entdecke-citta-di-castello\/sehenswuerdigkeiten-in-citta-di-castello\/museum-der-ehemaligen-tabaktrocknungsanlage\/#breadcrumb\",\"itemListElement\":[{\"@type\":\"ListItem\",\"position\":1,\"name\":\"Home\",\"item\":\"https:\/\/www.exploring-umbria.com\/de\/\"},{\"@type\":\"ListItem\",\"position\":2,\"name\":\"Entdecke Citt\u00e0 di Castello\",\"item\":\"https:\/\/www.exploring-umbria.com\/de\/entdecke-citta-di-castello\/\"},{\"@type\":\"ListItem\",\"position\":3,\"name\":\"Sehensw\u00fcrdigkeiten in Citt\u00e0 di Castello\",\"item\":\"https:\/\/www.exploring-umbria.com\/de\/entdecke-citta-di-castello\/sehenswuerdigkeiten-in-citta-di-castello\/\"},{\"@type\":\"ListItem\",\"position\":4,\"name\":\"Museum der Ehemaligen Tabaktrocknungsanlage\"}]}]}<\/script>\n<!-- \/ Yoast SEO plugin. -->","yoast_head_json":{"title":"Museum der Ehemaligen Tabaktrocknungsanlage - Exploring Umbria","description":"Der Tabakanbau scheint sich in Umbrien seit dem 16. Jahrhundert verbreitet zu haben. Sp\u00e4ter wurde die kleine Republik Kospaien, eine Freizone zwischen dem","robots":{"index":"index","follow":"follow","max-snippet":"max-snippet:-1","max-image-preview":"max-image-preview:large","max-video-preview":"max-video-preview:-1"},"canonical":"https:\/\/www.exploring-umbria.com\/de\/entdecke-citta-di-castello\/sehenswuerdigkeiten-in-citta-di-castello\/museum-der-ehemaligen-tabaktrocknungsanlage\/","og_locale":"de_DE","og_type":"article","og_title":"Museum der Ehemaligen Tabaktrocknungsanlage - Exploring Umbria","og_description":"Der Tabakanbau scheint sich in Umbrien seit dem 16. Jahrhundert verbreitet zu haben. Sp\u00e4ter wurde die kleine Republik Kospaien, eine Freizone zwischen dem","og_url":"https:\/\/www.exploring-umbria.com\/de\/entdecke-citta-di-castello\/sehenswuerdigkeiten-in-citta-di-castello\/museum-der-ehemaligen-tabaktrocknungsanlage\/","og_site_name":"Exploring Umbria","article_publisher":"https:\/\/www.facebook.com\/exploringumbria\/","article_modified_time":"2020-01-13T19:23:27+00:00","og_image":[{"width":1200,"height":1600,"url":"https:\/\/www.exploring-umbria.com\/wp-content\/uploads\/2020\/01\/collezione-Burri-palazzo-Albizzini-Citt\u00e0-di-Castello-rosso-plastica.jpeg","type":"image\/jpeg"}],"twitter_card":"summary_large_image","twitter_misc":{"Gesch\u00e4tzte Lesezeit":"2\u00a0Minuten"},"schema":{"@context":"https:\/\/schema.org","@graph":[{"@type":"Organization","@id":"https:\/\/www.exploring-umbria.com\/de\/#organization","name":"Exploring Umbria","url":"https:\/\/www.exploring-umbria.com\/de\/","sameAs":["https:\/\/www.facebook.com\/exploringumbria\/","https:\/\/www.instagram.com\/exploringumbria\/"],"logo":{"@type":"ImageObject","@id":"https:\/\/www.exploring-umbria.com\/de\/#logo","inLanguage":"de","url":"https:\/\/www.exploring-umbria.com\/wp-content\/uploads\/2019\/08\/solo-logo-verde.jpg","contentUrl":"https:\/\/www.exploring-umbria.com\/wp-content\/uploads\/2019\/08\/solo-logo-verde.jpg","width":952,"height":532,"caption":"Exploring Umbria"},"image":{"@id":"https:\/\/www.exploring-umbria.com\/de\/#logo"}},{"@type":"WebSite","@id":"https:\/\/www.exploring-umbria.com\/de\/#website","url":"https:\/\/www.exploring-umbria.com\/de\/","name":"Exploring Umbria","description":"your dates, your mood, your trip","publisher":{"@id":"https:\/\/www.exploring-umbria.com\/de\/#organization"},"potentialAction":[{"@type":"SearchAction","target":{"@type":"EntryPoint","urlTemplate":"https:\/\/www.exploring-umbria.com\/de\/?s={search_term_string}"},"query-input":"required name=search_term_string"}],"inLanguage":"de"},{"@type":"ImageObject","@id":"https:\/\/www.exploring-umbria.com\/de\/entdecke-citta-di-castello\/sehenswuerdigkeiten-in-citta-di-castello\/museum-der-ehemaligen-tabaktrocknungsanlage\/#primaryimage","inLanguage":"de","url":"https:\/\/www.exploring-umbria.com\/wp-content\/uploads\/2020\/01\/collezione-Burri-palazzo-Albizzini-Citt\u00e0-di-Castello-rosso-plastica.jpeg","contentUrl":"https:\/\/www.exploring-umbria.com\/wp-content\/uploads\/2020\/01\/collezione-Burri-palazzo-Albizzini-Citt\u00e0-di-Castello-rosso-plastica.jpeg","width":1200,"height":1600,"caption":"collezione Burri di palazzo Albizzini"},{"@type":"WebPage","@id":"https:\/\/www.exploring-umbria.com\/de\/entdecke-citta-di-castello\/sehenswuerdigkeiten-in-citta-di-castello\/museum-der-ehemaligen-tabaktrocknungsanlage\/#webpage","url":"https:\/\/www.exploring-umbria.com\/de\/entdecke-citta-di-castello\/sehenswuerdigkeiten-in-citta-di-castello\/museum-der-ehemaligen-tabaktrocknungsanlage\/","name":"Museum der Ehemaligen Tabaktrocknungsanlage - Exploring Umbria","isPartOf":{"@id":"https:\/\/www.exploring-umbria.com\/de\/#website"},"primaryImageOfPage":{"@id":"https:\/\/www.exploring-umbria.com\/de\/entdecke-citta-di-castello\/sehenswuerdigkeiten-in-citta-di-castello\/museum-der-ehemaligen-tabaktrocknungsanlage\/#primaryimage"},"datePublished":"2019-02-12T11:32:50+00:00","dateModified":"2020-01-13T19:23:27+00:00","description":"Der Tabakanbau scheint sich in Umbrien seit dem 16. Jahrhundert verbreitet zu haben. Sp\u00e4ter wurde die kleine Republik Kospaien, eine Freizone zwischen dem","breadcrumb":{"@id":"https:\/\/www.exploring-umbria.com\/de\/entdecke-citta-di-castello\/sehenswuerdigkeiten-in-citta-di-castello\/museum-der-ehemaligen-tabaktrocknungsanlage\/#breadcrumb"},"inLanguage":"de","potentialAction":[{"@type":"ReadAction","target":["https:\/\/www.exploring-umbria.com\/de\/entdecke-citta-di-castello\/sehenswuerdigkeiten-in-citta-di-castello\/museum-der-ehemaligen-tabaktrocknungsanlage\/"]}]},{"@type":"BreadcrumbList","@id":"https:\/\/www.exploring-umbria.com\/de\/entdecke-citta-di-castello\/sehenswuerdigkeiten-in-citta-di-castello\/museum-der-ehemaligen-tabaktrocknungsanlage\/#breadcrumb","itemListElement":[{"@type":"ListItem","position":1,"name":"Home","item":"https:\/\/www.exploring-umbria.com\/de\/"},{"@type":"ListItem","position":2,"name":"Entdecke Citt\u00e0 di Castello","item":"https:\/\/www.exploring-umbria.com\/de\/entdecke-citta-di-castello\/"},{"@type":"ListItem","position":3,"name":"Sehensw\u00fcrdigkeiten in Citt\u00e0 di Castello","item":"https:\/\/www.exploring-umbria.com\/de\/entdecke-citta-di-castello\/sehenswuerdigkeiten-in-citta-di-castello\/"},{"@type":"ListItem","position":4,"name":"Museum der Ehemaligen Tabaktrocknungsanlage"}]}]}},"_links":{"self":[{"href":"https:\/\/www.exploring-umbria.com\/de\/wp-json\/wp\/v2\/pages\/3176"}],"collection":[{"href":"https:\/\/www.exploring-umbria.com\/de\/wp-json\/wp\/v2\/pages"}],"about":[{"href":"https:\/\/www.exploring-umbria.com\/de\/wp-json\/wp\/v2\/types\/page"}],"author":[{"embeddable":true,"href":"https:\/\/www.exploring-umbria.com\/de\/wp-json\/wp\/v2\/users\/3"}],"replies":[{"embeddable":true,"href":"https:\/\/www.exploring-umbria.com\/de\/wp-json\/wp\/v2\/comments?post=3176"}],"version-history":[{"count":4,"href":"https:\/\/www.exploring-umbria.com\/de\/wp-json\/wp\/v2\/pages\/3176\/revisions"}],"predecessor-version":[{"id":29253,"href":"https:\/\/www.exploring-umbria.com\/de\/wp-json\/wp\/v2\/pages\/3176\/revisions\/29253"}],"up":[{"embeddable":true,"href":"https:\/\/www.exploring-umbria.com\/de\/wp-json\/wp\/v2\/pages\/3205"}],"wp:featuredmedia":[{"embeddable":true,"href":"https:\/\/www.exploring-umbria.com\/de\/wp-json\/wp\/v2\/media\/29002"}],"wp:attachment":[{"href":"https:\/\/www.exploring-umbria.com\/de\/wp-json\/wp\/v2\/media?parent=3176"}],"curies":[{"name":"wp","href":"https:\/\/api.w.org\/{rel}","templated":true}]}}